{"id":6488,"date":"2025-03-11T06:25:30","date_gmt":"2025-03-11T06:25:30","guid":{"rendered":"https:\/\/fmp-components.com\/product\/factory-provide-2-stage-small-hydraulic-cylinder-multistage-hydraulic-cylinder"},"modified":"2025-03-18T01:08:44","modified_gmt":"2025-03-18T01:08:44","slug":"factory-provide-2-stage-small-hydraulic-cylinder-multistage-hydraulic-cylinder","status":"publish","type":"product","link":"https:\/\/fmp-components.com\/pt\/product\/factory-provide-2-stage-small-hydraulic-cylinder-multistage-hydraulic-cylinder\/","title":{"rendered":"A f\u00e1brica fornece cilindro hidr\u00e1ulico pequeno de 2 est\u00e1gios e cilindro hidr\u00e1ulico multiest\u00e1gios"},"content":{"rendered":"<h2>A f\u00e1brica fornece cilindro hidr\u00e1ulico pequeno de 2 est\u00e1gios e cilindro hidr\u00e1ulico multiest\u00e1gios<\/h2>\n<p>Apresentamos nosso Cilindro Hidr\u00e1ulico Pequeno de 2 Est\u00e1gios e Cilindro Hidr\u00e1ulico Multiest\u00e1gios, um novo produto para 2025, oferecido pela FMP. Esta m\u00e1quina inovadora, projetada com material de corpo de a\u00e7o da mais alta qualidade, \u00e9 adequada para diversos setores, incluindo oficinas de reparo de m\u00e1quinas, fazendas, energia e minera\u00e7\u00e3o, fabrica\u00e7\u00e3o de m\u00e1quinas e f\u00e1bricas de m\u00e1quinas. Seu alto empuxo m\u00e1ximo de 3.000 e tra\u00e7\u00e3o m\u00e1xima de 20 toneladas garantem excelente desempenho em ambientes de alta press\u00e3o.<\/p>\n<h3>Principais recursos e especifica\u00e7\u00f5es<\/h3>\n<p>Nosso Cilindro Hidr\u00e1ulico Pequeno de 2 Est\u00e1gios (Cilindro Hidr\u00e1ulico Multiest\u00e1gio) \u00e9 um cilindro padr\u00e3o de \u00eambolo alimentado por energia hidr\u00e1ulica. Possui certifica\u00e7\u00e3o ISO9001:2000, garantindo a conformidade com os padr\u00f5es internacionais de qualidade. As principais especifica\u00e7\u00f5es s\u00e3o as seguintes:<\/p>\n<table style=\"width: 97.9314%; height: 179px;\" border=\"\">\n<tbody>\n<tr>\n<td colspan=\"\" rowspan=\"\"><i>Tamanho do furo<\/i><\/td>\n<td colspan=\"\" rowspan=\"\">2-6 polegadas<\/td>\n<\/tr>\n<tr>\n<td colspan=\"\" rowspan=\"\"><i>Tamanho da haste<\/i><\/td>\n<td colspan=\"\" rowspan=\"\">1,125-4 polegadas<\/td>\n<\/tr>\n<tr>\n<td colspan=\"\" rowspan=\"\"><i>Tamanho do tra\u00e7o<\/i><\/td>\n<td colspan=\"\" rowspan=\"\">4-100 polegadas<\/td>\n<\/tr>\n<tr>\n<td colspan=\"\" rowspan=\"\"><i>Tamanho do pino<\/i><\/td>\n<td colspan=\"\" rowspan=\"\">0,5-2 polegadas<\/td>\n<\/tr>\n<tr>\n<td colspan=\"\" rowspan=\"\"><i>Portos<\/i><\/td>\n<td colspan=\"\" rowspan=\"\">G\/SAE\/NPT\/M<\/td>\n<\/tr>\n<\/tbody>\n<\/table>\n<h3>Vantagens \u00danicas<\/h3>\n<p>Este cilindro hidr\u00e1ulico multiest\u00e1gio se destaca por sua excepcional capacidade de economia de energia, alta efici\u00eancia e robustos recursos de seguran\u00e7a. Projetado para proporcionar opera\u00e7\u00e3o confi\u00e1vel e suave em uma ampla gama de aplica\u00e7\u00f5es, ele se mostra um recurso inestim\u00e1vel para suas m\u00e1quinas. Seu design permite integra\u00e7\u00e3o perfeita em diversos sistemas, garantindo melhor desempenho e minimizando o consumo de energia. Isso n\u00e3o apenas contribui para a economia de custos operacionais, mas tamb\u00e9m apoia iniciativas de sustentabilidade, reduzindo o impacto ambiental geral. Com sua capacidade de operar em condi\u00e7\u00f5es exigentes, este cilindro hidr\u00e1ulico aumenta a confiabilidade e a efic\u00e1cia do seu equipamento, tornando-o um componente crucial em suas opera\u00e7\u00f5es.<\/p>\n<h3>Sistemas Hidr\u00e1ulicos e Princ\u00edpio de Funcionamento<\/h3>\n<p>Nosso cilindro hidr\u00e1ulico funciona com base nos princ\u00edpios fundamentais dos sistemas hidr\u00e1ulicos, onde o fluido pressurizado \u00e9 utilizado para transferir energia e gerar pot\u00eancia. Esse processo envolve o movimento do fluido hidr\u00e1ulico dentro do cilindro, criando uma press\u00e3o que se traduz em movimento mec\u00e2nico. Ao aproveitar o poder da din\u00e2mica dos fluidos, nosso cilindro hidr\u00e1ulico garante uma pot\u00eancia de sa\u00edda potente, tornando-o um componente essencial na opera\u00e7\u00e3o de m\u00e1quinas em diversos setores, incluindo constru\u00e7\u00e3o, manufatura e agricultura. A efici\u00eancia deste sistema permite controle preciso e adaptabilidade, permitindo que os operadores manuseiem cargas pesadas com seguran\u00e7a e efic\u00e1cia.<\/p>\n<p><img loading=\"lazy\" decoding=\"async\" class=\"alignnone wp-image-6662\" src=\"https:\/\/fmp-components.com\/wp-content\/uploads\/2025\/03\/telescopic-hydraulic-cylinder-4.webp\" alt=\"cilindro hidr\u00e1ulico telesc\u00f3pico\" width=\"908\" height=\"908\" title=\"\" srcset=\"https:\/\/fmp-components.com\/wp-content\/uploads\/2025\/03\/telescopic-hydraulic-cylinder-4.webp 908w, https:\/\/fmp-components.com\/wp-content\/uploads\/2025\/03\/telescopic-hydraulic-cylinder-4-480x480.webp 480w\" sizes=\"(min-width: 0px) and (max-width: 480px) 480px, (min-width: 481px) 908px, 100vw\" \/><\/p>\n<h3>Cilindros Hidr\u00e1ulicos e Unidades de Pot\u00eancia<\/h3>\n<p>Cilindros hidr\u00e1ulicos e unidades de pot\u00eancia s\u00e3o componentes essenciais de qualquer sistema hidr\u00e1ulico, trabalhando em conjunto para garantir o desempenho ideal. O cilindro hidr\u00e1ulico atua como atuador, respons\u00e1vel por converter energia hidr\u00e1ulica em movimento mec\u00e2nico, transformando efetivamente press\u00e3o em for\u00e7a. Enquanto isso, a unidade de pot\u00eancia atua como o cora\u00e7\u00e3o do sistema hidr\u00e1ulico, fornecendo a energia e os sinais de controle necess\u00e1rios para impulsionar toda a opera\u00e7\u00e3o. Essa sinergia entre o cilindro hidr\u00e1ulico e a unidade de pot\u00eancia permite a ampla aplica\u00e7\u00e3o da tecnologia hidr\u00e1ulica no setor industrial, oferecendo suporte confi\u00e1vel de energia e controle para uma variedade de equipamentos mec\u00e2nicos e de engenharia.<\/p>\n<p>A coordena\u00e7\u00e3o desses dois componentes \u00e9 vital para o funcionamento perfeito do sistema hidr\u00e1ulico, garantindo que tarefas que exigem levantamento de peso e movimentos precisos sejam executadas com efici\u00eancia. Na FMP, n\u00e3o apenas fabricamos cilindros hidr\u00e1ulicos de alta qualidade, mas tamb\u00e9m oferecemos uma gama de unidades de pot\u00eancia para venda, fornecendo solu\u00e7\u00f5es completas para suas necessidades hidr\u00e1ulicas. Nosso compromisso com a qualidade e o desempenho garante que voc\u00ea possa contar conosco para todas as suas necessidades de sistema hidr\u00e1ulico, capacitando sua empresa a atingir suas metas operacionais com confian\u00e7a.<\/p>\n<h2>Perguntas frequentes<\/h2>\n<p>P: Voc\u00ea \u00e9 uma empresa comercial ou fabricante?<br \/>\nR: Somos uma f\u00e1brica, mais especificamente um fabricante.<br \/>\nP: Quanto tempo demora a entrega?<br \/>\nR: Nosso prazo geral de entrega \u00e9 de 25 a 35 dias.<br \/>\nP: Voc\u00eas podem produzir de acordo com as amostras?<br \/>\nR: Sim, podemos produzir com base em suas amostras ou desenhos t\u00e9cnicos. Podemos construir os moldes e acess\u00f3rios.<\/p>\n<p><img loading=\"lazy\" decoding=\"async\" class=\"alignnone wp-image-6663\" src=\"https:\/\/fmp-components.com\/wp-content\/uploads\/2025\/03\/telescopic-hydraulic-cylinder-11.webp\" alt=\"cilindro hidr\u00e1ulico telesc\u00f3pico\" width=\"949\" height=\"949\" title=\"\" srcset=\"https:\/\/fmp-components.com\/wp-content\/uploads\/2025\/03\/telescopic-hydraulic-cylinder-11.webp 949w, https:\/\/fmp-components.com\/wp-content\/uploads\/2025\/03\/telescopic-hydraulic-cylinder-11-480x480.webp 480w\" sizes=\"(min-width: 0px) and (max-width: 480px) 480px, (min-width: 481px) 949px, 100vw\" \/><\/p>\n<h3>Sobre a FMP<\/h3>\n<p>A FMP \u00e9 uma fabricante italiana de renome, reconhecida por sua expertise em projeto, desenvolvimento e produ\u00e7\u00e3o de cilindros hidr\u00e1ulicos de alta qualidade. Com um rico legado constru\u00eddo ao longo de d\u00e9cadas, combinamos perfeitamente o artesanato italiano com tecnologia de ponta para fornecer solu\u00e7\u00f5es hidr\u00e1ulicas excepcionais, adaptadas \u00e0s diversas necessidades de nossos clientes globais. Localizada na It\u00e1lia, um centro de excel\u00eancia em engenharia, a FMP se consolidou como l\u00edder confi\u00e1vel no setor hidr\u00e1ulico, dedicada a fornecer produtos confi\u00e1veis, dur\u00e1veis \u200b\u200be inovadores que impulsionam empresas em todo o mundo.<\/p>\n<p>Combinamos tradi\u00e7\u00f5es avan\u00e7adas de fabrica\u00e7\u00e3o com uma vis\u00e3o progressista. Com anos de experi\u00eancia em sistemas hidr\u00e1ulicos, a FMP se transformou em uma empresa moderna, com excel\u00eancia em pesquisa, design e produ\u00e7\u00e3o. Nossa especializa\u00e7\u00e3o abrange um amplo espectro de cilindros hidr\u00e1ulicos, incluindo cilindros de dupla a\u00e7\u00e3o, cilindros de eleva\u00e7\u00e3o automotiva, cilindros para m\u00e1quinas agr\u00edcolas e solu\u00e7\u00f5es personalizadas para diversas aplica\u00e7\u00f5es industriais. Seja para constru\u00e7\u00e3o, instala\u00e7\u00f5es industriais, agricultura ou m\u00e1quinas pesadas, nossos cilindros hidr\u00e1ulicos s\u00e3o projetados para operar nas condi\u00e7\u00f5es mais exigentes, garantindo seguran\u00e7a, efici\u00eancia e durabilidade.<\/p>\n<p><img loading=\"lazy\" decoding=\"async\" class=\"alignnone size-full wp-image-6720\" src=\"https:\/\/fmp-components.com\/wp-content\/uploads\/2025\/03\/hydraulic-cylinder-8.webp\" alt=\"Cilindros Hidr\u00e1ulicos Telesc\u00f3picos\" width=\"933\" height=\"526\" title=\"\" srcset=\"https:\/\/fmp-components.com\/wp-content\/uploads\/2025\/03\/hydraulic-cylinder-8.webp 933w, https:\/\/fmp-components.com\/wp-content\/uploads\/2025\/03\/hydraulic-cylinder-8-480x271.webp 480w\" sizes=\"(min-width: 0px) and (max-width: 480px) 480px, (min-width: 481px) 933px, 100vw\" \/><\/p>\n<p>Na FMP, orgulhamo-nos de nossas instala\u00e7\u00f5es de produ\u00e7\u00e3o de ponta, equipadas com m\u00e1quinas de precis\u00e3o e sistemas de teste avan\u00e7ados. Nossos processos de fabrica\u00e7\u00e3o atendem a rigorosos padr\u00f5es nacionais e internacionais, garantindo que cada cilindro hidr\u00e1ulico produzido seja da mais alta qualidade e confiabilidade. Nossa equipe t\u00e9cnica qualificada, aliada a equipamentos avan\u00e7ados, nos permite manter um rigoroso controle de qualidade em todas as etapas da produ\u00e7\u00e3o \u2014 desde a sele\u00e7\u00e3o da mat\u00e9ria-prima at\u00e9 a inspe\u00e7\u00e3o final. Esse compromisso com a excel\u00eancia nos rendeu certifica\u00e7\u00f5es e reconhecimento de autoridades do setor, consolidando ainda mais nossa reputa\u00e7\u00e3o como um parceiro confi\u00e1vel.<\/p>\n<p>Nossa miss\u00e3o \u00e9 simples, por\u00e9m ambiciosa: fornecer cilindros hidr\u00e1ulicos que superem as expectativas em desempenho, durabilidade e valor. Seguimos os princ\u00edpios de profissionalismo, integridade e foco no cliente. Promovendo uma cultura de inova\u00e7\u00e3o e precis\u00e3o, aprimoramos continuamente nossos produtos para permanecermos competitivos no mercado. Nossa ampla gama de produtos e a capacidade de oferecer solu\u00e7\u00f5es personalizadas nos posicionam como a escolha preferida para empresas que precisam de cilindros hidr\u00e1ulicos de alto desempenho.<\/p>\n<p>A FMP \u00e9 mais do que apenas uma fabricante; somos uma parceira para o seu sucesso. Reconhecemos que nossos clientes dependem de n\u00f3s para ferramentas que aumentam a produtividade e a seguran\u00e7a. Por isso, estamos comprometidos em fornecer n\u00e3o apenas produtos de alta qualidade, mas tamb\u00e9m um servi\u00e7o excepcional. Das consultas iniciais ao suporte p\u00f3s-venda, colaboramos estreitamente com nossos clientes para garantir que suas necessidades sejam atendidas com profissionalismo e cuidado. Nossos pre\u00e7os competitivos, aliados ao nosso compromisso inabal\u00e1vel com a qualidade, fazem da FMP a escolha inteligente para empresas que buscam solu\u00e7\u00f5es hidr\u00e1ulicas confi\u00e1veis.<\/p>","protected":false},"excerpt":{"rendered":"<p>Factory provide 2 Stage Small Hydraulic Cylinder Multistage Hydraulic Cylinder Introducing our 2 Stage Small Hydraulic Cylinder Multistage Hydraulic Cylinder, a new product for 2025 brought to you by FMP. This innovative piece of machinery, designed with the highest quality steel body material, is suitable for various industries including Machinery Repair Shops, Farms, Energy &amp; [&hellip;]<\/p>","protected":false},"featured_media":6672,"comment_status":"closed","ping_status":"closed","template":"","meta":{"_et_pb_use_builder":"","_et_pb_old_content":"","_et_gb_content_width":""},"product_brand":[],"product_cat":[103],"product_tag":[34,105],"class_list":{"0":"post-6488","1":"product","2":"type-product","3":"status-publish","4":"has-post-thumbnail","6":"product_cat-telescopic-hydraulic-cylinders","7":"product_tag-hydraulic-cylinder","8":"product_tag-telescopic-hydraulic-cylinders","10":"first","11":"instock","12":"product-type-simple"},"_links":{"self":[{"href":"https:\/\/fmp-components.com\/pt\/wp-json\/wp\/v2\/product\/6488","targetHints":{"allow":["GET"]}}],"collection":[{"href":"https:\/\/fmp-components.com\/pt\/wp-json\/wp\/v2\/product"}],"about":[{"href":"https:\/\/fmp-components.com\/pt\/wp-json\/wp\/v2\/types\/product"}],"replies":[{"embeddable":true,"href":"https:\/\/fmp-components.com\/pt\/wp-json\/wp\/v2\/comments?post=6488"}],"wp:featuredmedia":[{"embeddable":true,"href":"https:\/\/fmp-components.com\/pt\/wp-json\/wp\/v2\/media\/6672"}],"wp:attachment":[{"href":"https:\/\/fmp-components.com\/pt\/wp-json\/wp\/v2\/media?parent=6488"}],"wp:term":[{"taxonomy":"product_brand","embeddable":true,"href":"https:\/\/fmp-components.com\/pt\/wp-json\/wp\/v2\/product_brand?post=6488"},{"taxonomy":"product_cat","embeddable":true,"href":"https:\/\/fmp-components.com\/pt\/wp-json\/wp\/v2\/product_cat?post=6488"},{"taxonomy":"product_tag","embeddable":true,"href":"https:\/\/fmp-components.com\/pt\/wp-json\/wp\/v2\/product_tag?post=6488"}],"curies":[{"name":"wp","href":"https:\/\/api.w.org\/{rel}","templated":true}]}}