{"id":6412,"date":"2025-03-10T06:01:59","date_gmt":"2025-03-10T06:01:59","guid":{"rendered":"https:\/\/fmp-components.com\/?post_type=product&#038;p=6412"},"modified":"2025-03-10T06:02:00","modified_gmt":"2025-03-10T06:02:00","slug":"nm-couplings","status":"publish","type":"product","link":"https:\/\/fmp-components.com\/pt\/product\/nm-couplings\/","title":{"rendered":"Acoplamentos NM"},"content":{"rendered":"<h2>Par\u00e2metros de acoplamentos NM<\/h2>\n<table class=\"has-title all magic-9\" border=\"1\">\n<tbody>\n<tr>\n<td colspan=\"1\" rowspan=\"1\">\n<div class=\"magic-10\" data-spm-anchor-id=\"a2700.details.0.i13.236d5a3715iTIC\"><strong>item<\/strong><\/div>\n<\/td>\n<td colspan=\"1\" rowspan=\"1\">\n<div class=\"magic-11\">Acoplamentos NM<\/div>\n<\/td>\n<\/tr>\n<tr>\n<td colspan=\"1\" rowspan=\"1\">\n<div class=\"magic-10\"><strong>Ind\u00fastrias aplic\u00e1veis<\/strong><\/div>\n<\/td>\n<td colspan=\"1\" rowspan=\"1\">\n<div class=\"magic-11\">Hot\u00e9is, lojas de vestu\u00e1rio, lojas de materiais de constru\u00e7\u00e3o, f\u00e1bricas, oficinas de conserto de m\u00e1quinas, f\u00e1bricas de alimentos e bebidas, fazendas, restaurantes, uso dom\u00e9stico, varejo, lojas de alimentos, gr\u00e1ficas, obras de constru\u00e7\u00e3o, energia e minera\u00e7\u00e3o, lojas de alimentos e bebidas, outros, empresa de publicidade<\/div>\n<\/td>\n<\/tr>\n<tr>\n<td colspan=\"1\" rowspan=\"1\">\n<div class=\"magic-10\"><strong>Suporte personalizado<\/strong><\/div>\n<\/td>\n<td colspan=\"1\" rowspan=\"1\">\n<div class=\"magic-11\">OEM<\/div>\n<\/td>\n<\/tr>\n<tr>\n<td colspan=\"1\" rowspan=\"1\">\n<div class=\"magic-10\"><strong>Estrutura<\/strong><\/div>\n<\/td>\n<td colspan=\"1\" rowspan=\"1\">\n<div class=\"magic-11\">Mand\u00edbula<\/div>\n<\/td>\n<\/tr>\n<tr>\n<td colspan=\"1\" rowspan=\"1\">\n<div class=\"magic-10\"><strong>Flex\u00edvel ou R\u00edgido<\/strong><\/div>\n<\/td>\n<td colspan=\"1\" rowspan=\"1\">\n<div class=\"magic-11\">Flex\u00edvel<\/div>\n<\/td>\n<\/tr>\n<tr>\n<td colspan=\"1\" rowspan=\"1\">\n<div class=\"magic-10\"><strong>Padr\u00e3o ou n\u00e3o padr\u00e3o<\/strong><\/div>\n<\/td>\n<td colspan=\"1\" rowspan=\"1\">\n<div class=\"magic-11\">Padr\u00e3o<\/div>\n<\/td>\n<\/tr>\n<tr>\n<td colspan=\"1\" rowspan=\"1\">\n<div class=\"magic-10\"><strong>Material<\/strong><\/div>\n<\/td>\n<td colspan=\"1\" rowspan=\"1\">\n<div class=\"magic-11\">Ferro<\/div>\n<\/td>\n<\/tr>\n<tr>\n<td colspan=\"1\" rowspan=\"1\">\n<div class=\"magic-10\"><strong>Lugar de origem<\/strong><\/div>\n<\/td>\n<td colspan=\"1\" rowspan=\"1\">\n<div class=\"magic-11\">It\u00e1lia<\/div>\n<\/td>\n<\/tr>\n<tr>\n<td colspan=\"1\" rowspan=\"1\">\n<div class=\"magic-10\"><strong>Cor<\/strong><\/div>\n<\/td>\n<td colspan=\"1\" rowspan=\"1\">\n<div class=\"magic-11\" data-spm-anchor-id=\"a2700.details.0.i12.236d5a3715iTIC\">verde\/azul\/vermelho\/laranja<\/div>\n<\/td>\n<\/tr>\n<\/tbody>\n<\/table>\n<p><img loading=\"lazy\" decoding=\"async\" class=\"alignnone size-full wp-image-6413\" src=\"https:\/\/fmp-components.com\/wp-content\/uploads\/2025\/03\/nm-coupling-1.webp\" alt=\"Acoplamento MH\" width=\"836\" height=\"669\" title=\"\" srcset=\"https:\/\/fmp-components.com\/wp-content\/uploads\/2025\/03\/nm-coupling-1.webp 836w, https:\/\/fmp-components.com\/wp-content\/uploads\/2025\/03\/nm-coupling-1-480x384.webp 480w\" sizes=\"(min-width: 0px) and (max-width: 480px) 480px, (min-width: 481px) 836px, 100vw\" \/><\/p>\n<h2>Caracter\u00edsticas dos acoplamentos NM<\/h2>\n<ul>\n<li>Ferro fundido de alta qualidade suporta mudan\u00e7as de torque mais repentinas.<\/li>\n<li>O material especial de borracha \u00e9 resistente ao desgaste e ao calor, al\u00e9m de ser \u00e0 prova de \u00f3leo\/g\u00e1s, garantindo uma transmiss\u00e3o suave e longa vida \u00fatil.<\/li>\n<li>Funcionamento com baixo ru\u00eddo.<\/li>\n<li>Troca r\u00e1pida, conveniente e econ\u00f4mica de componentes de borracha.<\/li>\n<li>Acomoda desalinhamento na dire\u00e7\u00e3o radial e axial<\/li>\n<li>Anel intermedi\u00e1rio de borracha sint\u00e9tica<\/li>\n<li>Reduz choques, vibra\u00e7\u00f5es e ru\u00eddos entre o sistema de acionamento e o sistema acionado<\/li>\n<li>Protege contra resson\u00e2ncia de acionamento e cargas de choque<\/li>\n<li>Dispon\u00edvel em cubo s\u00f3lido ou furo acabado<\/li>\n<\/ul>\n<p><img loading=\"lazy\" decoding=\"async\" class=\"wp-image-6415 aligncenter\" src=\"https:\/\/fmp-components.com\/wp-content\/uploads\/2025\/03\/nm-coupling.webp\" alt=\"Acoplamento MH\" width=\"884\" height=\"663\" title=\"\" srcset=\"https:\/\/fmp-components.com\/wp-content\/uploads\/2025\/03\/nm-coupling.webp 480w, https:\/\/fmp-components.com\/wp-content\/uploads\/2025\/03\/nm-coupling-300x225.webp 300w, https:\/\/fmp-components.com\/wp-content\/uploads\/2025\/03\/nm-coupling-16x12.webp 16w\" sizes=\"(max-width: 884px) 100vw, 884px\" \/><\/p>","protected":false},"excerpt":{"rendered":"<p>Par\u00e2metros do item NM Couplings NM Couplings Ind\u00fastrias aplic\u00e1veis \u200b\u200bHot\u00e9is, lojas de vestu\u00e1rio, lojas de materiais de constru\u00e7\u00e3o, f\u00e1brica, oficinas de reparo de m\u00e1quinas, f\u00e1brica de alimentos e bebidas, fazendas, restaurantes, uso dom\u00e9stico, varejo, loja de alimentos, gr\u00e1ficas, obras de constru\u00e7\u00e3o, energia e minera\u00e7\u00e3o, lojas de alimentos e bebidas, outros, empresa de publicidade Suporte personalizado Estrutura OEM Mand\u00edbula Flex\u00edvel ou r\u00edgida Flex\u00edvel Padr\u00e3o [\u2026]<\/p>","protected":false},"featured_media":6414,"comment_status":"open","ping_status":"closed","template":"","meta":{"_et_pb_use_builder":"","_et_pb_old_content":"","_et_gb_content_width":""},"product_brand":[],"product_cat":[101],"product_tag":[],"class_list":{"0":"post-6412","1":"product","2":"type-product","3":"status-publish","4":"has-post-thumbnail","6":"product_cat-coupling","8":"first","9":"instock","10":"shipping-taxable","11":"product-type-simple"},"_links":{"self":[{"href":"https:\/\/fmp-components.com\/pt\/wp-json\/wp\/v2\/product\/6412","targetHints":{"allow":["GET"]}}],"collection":[{"href":"https:\/\/fmp-components.com\/pt\/wp-json\/wp\/v2\/product"}],"about":[{"href":"https:\/\/fmp-components.com\/pt\/wp-json\/wp\/v2\/types\/product"}],"replies":[{"embeddable":true,"href":"https:\/\/fmp-components.com\/pt\/wp-json\/wp\/v2\/comments?post=6412"}],"wp:featuredmedia":[{"embeddable":true,"href":"https:\/\/fmp-components.com\/pt\/wp-json\/wp\/v2\/media\/6414"}],"wp:attachment":[{"href":"https:\/\/fmp-components.com\/pt\/wp-json\/wp\/v2\/media?parent=6412"}],"wp:term":[{"taxonomy":"product_brand","embeddable":true,"href":"https:\/\/fmp-components.com\/pt\/wp-json\/wp\/v2\/product_brand?post=6412"},{"taxonomy":"product_cat","embeddable":true,"href":"https:\/\/fmp-components.com\/pt\/wp-json\/wp\/v2\/product_cat?post=6412"},{"taxonomy":"product_tag","embeddable":true,"href":"https:\/\/fmp-components.com\/pt\/wp-json\/wp\/v2\/product_tag?post=6412"}],"curies":[{"name":"wp","href":"https:\/\/api.w.org\/{rel}","templated":true}]}}