{"id":6409,"date":"2025-03-10T05:58:14","date_gmt":"2025-03-10T05:58:14","guid":{"rendered":"https:\/\/fmp-components.com\/?post_type=product&#038;p=6409"},"modified":"2025-03-10T05:58:16","modified_gmt":"2025-03-10T05:58:16","slug":"rigid-couplings","status":"publish","type":"product","link":"https:\/\/fmp-components.com\/pt\/product\/rigid-couplings\/","title":{"rendered":"Acoplamentos r\u00edgidos"},"content":{"rendered":"<h2>Especifica\u00e7\u00f5es de Acoplamentos R\u00edgidos<\/h2>\n<p><img loading=\"lazy\" decoding=\"async\" class=\"alignnone size-full wp-image-6411\" src=\"https:\/\/fmp-components.com\/wp-content\/uploads\/2025\/03\/rigid-coupling-1.webp\" alt=\"acoplamento r\u00edgido\" width=\"879\" height=\"698\" title=\"\" srcset=\"https:\/\/fmp-components.com\/wp-content\/uploads\/2025\/03\/rigid-coupling-1.webp 879w, https:\/\/fmp-components.com\/wp-content\/uploads\/2025\/03\/rigid-coupling-1-480x381.webp 480w\" sizes=\"(min-width: 0px) and (max-width: 480px) 480px, (min-width: 481px) 879px, 100vw\" \/><\/p>\n<h2>Caracter\u00edsticas dos acoplamentos r\u00edgidos<\/h2>\n<ul>\n<li>Leve, com in\u00e9rcia ultrabaixa e alta sensibilidade.<\/li>\n<li>Sem necessidade de manuten\u00e7\u00e3o, com excelente resist\u00eancia a \u00f3leo e corros\u00e3o.<\/li>\n<li>Materiais de liga de alum\u00ednio e a\u00e7o inoxid\u00e1vel<\/li>\n<li>Indique o tipo de parafuso de fixa\u00e7\u00e3o, o tipo de clipe e o tipo de separa\u00e7\u00e3o.<\/li>\n<li>Modelos com furos de tamanhos diferentes em ambas as extremidades tamb\u00e9m est\u00e3o dispon\u00edveis em estoque.<\/li>\n<\/ul>\n<h2>Vantagens e desvantagens dos acoplamentos r\u00edgidos<\/h2>\n<p><strong>Vantagens dos acoplamentos r\u00edgidos<\/strong><br \/>\nOs acoplamentos r\u00edgidos s\u00e3o amplamente utilizados em aplica\u00e7\u00f5es de baixa velocidade e sem impacto, onde os eixos apresentam alta rigidez e alinhamento preciso devido ao seu design simples, custo-benef\u00edcio e capacidade de transmitir alto torque. Um exemplo comum \u00e9 o\u00a0<strong>acoplamento de flange<\/strong>, que consiste em dois discos flangeados conectados por parafusos. Cada disco \u00e9 montado em um eixo por meio de uma junta chavetada, permitindo a transmiss\u00e3o de torque e movimento entre os dois eixos.<\/p>\n<p>As principais vantagens dos acoplamentos flangeados incluem:<\/p>\n<ol start=\"1\">\n<li><strong>Simplicidade e pre\u00e7o acess\u00edvel<\/strong>F\u00e1cil de fabricar, instalar e manter, com baixos custos de produ\u00e7\u00e3o.<\/li>\n<li><strong>Alta capacidade de torque<\/strong>Capaz de transmitir torque substancial de forma confi\u00e1vel.<\/li>\n<li><strong>Alinhamento preciso<\/strong>Garante o alinhamento preciso do eixo, tornando-os ideais para aplica\u00e7\u00f5es de alta velocidade ou sistemas que exigem extrema precis\u00e3o de transmiss\u00e3o.<\/li>\n<li><strong>Durabilidade<\/strong>Constru\u00e7\u00e3o robusta que minimiza o desgaste sob condi\u00e7\u00f5es de carga est\u00e1veis.<\/li>\n<\/ol>\n<p>No entanto, os acoplamentos r\u00edgidos n\u00e3o possuem compensa\u00e7\u00e3o radial, axial ou angular. Se o alinhamento do eixo for imperfeito durante a opera\u00e7\u00e3o, isso pode levar \u00e0 redu\u00e7\u00e3o da efici\u00eancia, desgaste acelerado, aumento da vibra\u00e7\u00e3o e do ru\u00eddo. Para atender \u00e0s demandas de torque, os acoplamentos flangeados podem usar parafusos com furos alargados em todas ou metade das conex\u00f5es, sendo os parafusos restantes de uso padr\u00e3o.<\/p>\n<p><strong>Desvantagens dos acoplamentos r\u00edgidos<\/strong><br \/>\nA principal desvantagem dos acoplamentos r\u00edgidos, como os acoplamentos de flange, \u00e9 a sua...\u00a0<strong>exig\u00eancia rigorosa de alinhamento preciso do eixo<\/strong>Qualquer deslocamento relativo entre os eixos induz tens\u00e3o adicional nos componentes conectados, piorando as condi\u00e7\u00f5es de opera\u00e7\u00e3o. Essa limita\u00e7\u00e3o os torna inadequados para sistemas com potencial desalinhamento, cargas din\u00e2micas ou necessidade de absor\u00e7\u00e3o de impactos.<\/p>\n<p>Em resumo, embora os acoplamentos r\u00edgidos se destaquem pela simplicidade e transmiss\u00e3o de torque em eixos bem alinhados, sua incapacidade de compensar o desalinhamento restringe seu uso em sistemas mais din\u00e2micos ou flex\u00edveis.<\/p>\n<p>&nbsp;<\/p>","protected":false},"excerpt":{"rendered":"<p>Specifications of Rigid Couplings Rigid Couplings Features Lightweight, ultra-low inertia, and high sensitivity Maintenance-free, super oil and corrosion resistance Aluminum alloy and stainless steel materials Provide fastening bolt type, clip type and separation type Models with different hole sizes at both ends are also available in stock Advantages and Disadvantages of Rigid Couplings Advantages of [&hellip;]<\/p>","protected":false},"featured_media":6410,"comment_status":"open","ping_status":"closed","template":"","meta":{"_et_pb_use_builder":"","_et_pb_old_content":"","_et_gb_content_width":""},"product_brand":[],"product_cat":[101],"product_tag":[],"class_list":{"0":"post-6409","1":"product","2":"type-product","3":"status-publish","4":"has-post-thumbnail","6":"product_cat-coupling","8":"first","9":"instock","10":"shipping-taxable","11":"product-type-simple"},"_links":{"self":[{"href":"https:\/\/fmp-components.com\/pt\/wp-json\/wp\/v2\/product\/6409","targetHints":{"allow":["GET"]}}],"collection":[{"href":"https:\/\/fmp-components.com\/pt\/wp-json\/wp\/v2\/product"}],"about":[{"href":"https:\/\/fmp-components.com\/pt\/wp-json\/wp\/v2\/types\/product"}],"replies":[{"embeddable":true,"href":"https:\/\/fmp-components.com\/pt\/wp-json\/wp\/v2\/comments?post=6409"}],"wp:featuredmedia":[{"embeddable":true,"href":"https:\/\/fmp-components.com\/pt\/wp-json\/wp\/v2\/media\/6410"}],"wp:attachment":[{"href":"https:\/\/fmp-components.com\/pt\/wp-json\/wp\/v2\/media?parent=6409"}],"wp:term":[{"taxonomy":"product_brand","embeddable":true,"href":"https:\/\/fmp-components.com\/pt\/wp-json\/wp\/v2\/product_brand?post=6409"},{"taxonomy":"product_cat","embeddable":true,"href":"https:\/\/fmp-components.com\/pt\/wp-json\/wp\/v2\/product_cat?post=6409"},{"taxonomy":"product_tag","embeddable":true,"href":"https:\/\/fmp-components.com\/pt\/wp-json\/wp\/v2\/product_tag?post=6409"}],"curies":[{"name":"wp","href":"https:\/\/api.w.org\/{rel}","templated":true}]}}