{"id":6408,"date":"2025-03-10T05:49:58","date_gmt":"2025-03-10T05:49:58","guid":{"rendered":"https:\/\/fmp-components.com\/?post_type=product&#038;p=6408"},"modified":"2025-03-10T05:49:59","modified_gmt":"2025-03-10T05:49:59","slug":"flexible-couplings","status":"publish","type":"product","link":"https:\/\/fmp-components.com\/pt\/product\/flexible-couplings\/","title":{"rendered":"Acoplamentos Flex\u00edveis"},"content":{"rendered":"<p>Um acoplamento flex\u00edvel \u00e9 um dispositivo mec\u00e2nico projetado para conectar dois eixos rotativos, acomodando desalinhamentos, absorvendo choques\/vibra\u00e7\u00f5es e transmitindo torque entre eles. \u00c9 amplamente utilizado em m\u00e1quinas onde o alinhamento perfeito dos eixos \u00e9 impratic\u00e1vel ou onde for\u00e7as din\u00e2micas (como expans\u00e3o t\u00e9rmica e vibra\u00e7\u00e3o) precisam ser mitigadas. Abaixo, segue uma introdu\u00e7\u00e3o detalhada aos acoplamentos flex\u00edveis:<\/p>\n<h3>Principais caracter\u00edsticas<\/h3>\n<ol start=\"1\">\n<li><strong>Compensa\u00e7\u00e3o por desalinhamento<\/strong>:\n<ul>\n<li><strong>Desalinhamento angular, paralelo e axial<\/strong>Os acoplamentos flex\u00edveis toleram pequenos deslocamentos angulares, paralelos (offset) ou axiais entre os eixos.<\/li>\n<li><strong>Tipos de Flexibilidade<\/strong>: Obtido atrav\u00e9s de elementos elastom\u00e9ricos, componentes met\u00e1licos flex\u00edveis (ex.: foles, vigas) ou juntas mec\u00e2nicas (ex.: juntas universais).<\/li>\n<\/ul>\n<\/li>\n<li><strong>Amortecimento de vibra\u00e7\u00f5es e choques<\/strong>:\n<ul>\n<li>Reduz a transmiss\u00e3o de vibra\u00e7\u00f5es de motores, m\u00e1quinas ou cargas irregulares para os equipamentos conectados.<\/li>\n<li>Os acoplamentos elastom\u00e9ricos (borracha\/poliuretano) s\u00e3o excelentes para amortecer vibra\u00e7\u00f5es de alta frequ\u00eancia.<\/li>\n<\/ul>\n<\/li>\n<li><strong>Transmiss\u00e3o de Torque<\/strong>:\n<ul>\n<li>Transfere pot\u00eancia rotacional de forma eficiente, protegendo as m\u00e1quinas contra sobrecargas (alguns modelos incluem recursos de limita\u00e7\u00e3o de torque).<\/li>\n<\/ul>\n<\/li>\n<li><strong>Isolamento el\u00e9trico<\/strong>:\n<ul>\n<li>Certos acoplamentos (por exemplo, os tipos elastom\u00e9ricos n\u00e3o met\u00e1licos) previnem a corros\u00e3o galv\u00e2nica isolando eletricamente metais diferentes.<\/li>\n<\/ul>\n<\/li>\n<li><strong>Sem necessidade de manuten\u00e7\u00e3o ou com pouca manuten\u00e7\u00e3o<\/strong>:\n<ul>\n<li>Muitos acoplamentos flex\u00edveis modernos n\u00e3o requerem lubrifica\u00e7\u00e3o e possuem longa vida \u00fatil.<\/li>\n<\/ul>\n<\/li>\n<\/ol>\n<p><img loading=\"lazy\" decoding=\"async\" class=\"alignnone size-full wp-image-6398\" src=\"https:\/\/fmp-components.com\/wp-content\/uploads\/2025\/03\/flexible-coupling-1.webp\" alt=\"Acoplamento Flex\u00edvel\" width=\"911\" height=\"349\" title=\"\" srcset=\"https:\/\/fmp-components.com\/wp-content\/uploads\/2025\/03\/flexible-coupling-1.webp 911w, https:\/\/fmp-components.com\/wp-content\/uploads\/2025\/03\/flexible-coupling-1-480x184.webp 480w\" sizes=\"(min-width: 0px) and (max-width: 480px) 480px, (min-width: 481px) 911px, 100vw\" \/><\/p>\n<p><img loading=\"lazy\" decoding=\"async\" class=\"wp-image-6399 aligncenter\" src=\"https:\/\/fmp-components.com\/wp-content\/uploads\/2025\/03\/flexible-coupling-2.webp\" alt=\"acoplamento flex\u00edvel\" width=\"872\" height=\"938\" title=\"\" srcset=\"https:\/\/fmp-components.com\/wp-content\/uploads\/2025\/03\/flexible-coupling-2.webp 872w, https:\/\/fmp-components.com\/wp-content\/uploads\/2025\/03\/flexible-coupling-2-480x516.webp 480w\" sizes=\"(min-width: 0px) and (max-width: 480px) 480px, (min-width: 481px) 872px, 100vw\" \/><\/p>","protected":false},"excerpt":{"rendered":"<p>A\u00a0flexible coupling\u00a0is a mechanical device designed to connect two rotating shafts while accommodating misalignment, absorbing shocks\/vibrations, and transmitting torque between them. It is widely used in machinery where perfect shaft alignment is impractical or where dynamic forces (e.g., thermal expansion, vibration) must be mitigated. Below is a detailed introduction to flexible couplings: Key Features Misalignment [&hellip;]<\/p>","protected":false},"featured_media":6400,"comment_status":"open","ping_status":"closed","template":"","meta":{"_et_pb_use_builder":"","_et_pb_old_content":"","_et_gb_content_width":""},"product_brand":[],"product_cat":[101],"product_tag":[],"class_list":{"0":"post-6408","1":"product","2":"type-product","3":"status-publish","4":"has-post-thumbnail","6":"product_cat-coupling","8":"first","9":"instock","10":"shipping-taxable","11":"product-type-simple"},"_links":{"self":[{"href":"https:\/\/fmp-components.com\/pt\/wp-json\/wp\/v2\/product\/6408","targetHints":{"allow":["GET"]}}],"collection":[{"href":"https:\/\/fmp-components.com\/pt\/wp-json\/wp\/v2\/product"}],"about":[{"href":"https:\/\/fmp-components.com\/pt\/wp-json\/wp\/v2\/types\/product"}],"replies":[{"embeddable":true,"href":"https:\/\/fmp-components.com\/pt\/wp-json\/wp\/v2\/comments?post=6408"}],"wp:featuredmedia":[{"embeddable":true,"href":"https:\/\/fmp-components.com\/pt\/wp-json\/wp\/v2\/media\/6400"}],"wp:attachment":[{"href":"https:\/\/fmp-components.com\/pt\/wp-json\/wp\/v2\/media?parent=6408"}],"wp:term":[{"taxonomy":"product_brand","embeddable":true,"href":"https:\/\/fmp-components.com\/pt\/wp-json\/wp\/v2\/product_brand?post=6408"},{"taxonomy":"product_cat","embeddable":true,"href":"https:\/\/fmp-components.com\/pt\/wp-json\/wp\/v2\/product_cat?post=6408"},{"taxonomy":"product_tag","embeddable":true,"href":"https:\/\/fmp-components.com\/pt\/wp-json\/wp\/v2\/product_tag?post=6408"}],"curies":[{"name":"wp","href":"https:\/\/api.w.org\/{rel}","templated":true}]}}