{"id":6402,"date":"2025-03-10T05:41:33","date_gmt":"2025-03-10T05:41:33","guid":{"rendered":"https:\/\/fmp-components.com\/?post_type=product&#038;p=6402"},"modified":"2025-03-10T05:41:33","modified_gmt":"2025-03-10T05:41:33","slug":"mh-couplings","status":"publish","type":"product","link":"https:\/\/fmp-components.com\/pt\/product\/mh-couplings\/","title":{"rendered":"Acoplamentos MH"},"content":{"rendered":"<p>A s\u00e9rie MH \u00e9 um dispositivo de acoplamento flex\u00edvel constru\u00eddo em borracha sint\u00e9tica com dois corpos de ferro fundido semelhantes. Os flanges de ferro fundido de alta qualidade s\u00e3o utilizados principalmente para a transmiss\u00e3o de pot\u00eancia e para proteger a borracha flex\u00edvel. Sua borracha el\u00e1stica proporciona excelente durabilidade e desempenho de acoplamento de alta qualidade. O acoplamento MH consiste em dois flanges e an\u00e9is el\u00e1sticos, capazes de compensar diversos tipos de desalinhamento do eixo. O anel el\u00e1stico \u00e9 feito de borracha sint\u00e9tica e refor\u00e7ado com um n\u00facleo de a\u00e7o interno para aumentar a confiabilidade do acoplamento e a velocidade m\u00e1xima de opera\u00e7\u00e3o. As propriedades de amortecimento da borracha s\u00e3o capazes de absorver e suprimir vibra\u00e7\u00f5es de tor\u00e7\u00e3o e funcionam eficazmente em uma faixa de temperatura de -40 a +100 \u00b0C. Al\u00e9m disso, a borracha \u00e9 resistente a \u00f3leo, sujeira, graxa, umidade, oz\u00f4nio e muitos solventes qu\u00edmicos.<\/p>\n<h2>Constru\u00e7\u00e3o de acoplamentos MH<\/h2>\n<p><img loading=\"lazy\" decoding=\"async\" class=\"size-full wp-image-6405 aligncenter\" src=\"https:\/\/fmp-components.com\/wp-content\/uploads\/2025\/03\/mh-couplings-1.webp\" alt=\"Acoplamento MH\" width=\"600\" height=\"400\" title=\"\" srcset=\"https:\/\/fmp-components.com\/wp-content\/uploads\/2025\/03\/mh-couplings-1.webp 600w, https:\/\/fmp-components.com\/wp-content\/uploads\/2025\/03\/mh-couplings-1-480x320.webp 480w\" sizes=\"(min-width: 0px) and (max-width: 480px) 480px, (min-width: 481px) 600px, 100vw\" \/> \u00a0<img loading=\"lazy\" decoding=\"async\" class=\"size-full wp-image-6407 aligncenter\" src=\"https:\/\/fmp-components.com\/wp-content\/uploads\/2025\/03\/k3gaks3a-mh-coupling-2.webp\" alt=\"Acoplamento MH\" width=\"686\" height=\"429\" title=\"\" srcset=\"https:\/\/fmp-components.com\/wp-content\/uploads\/2025\/03\/k3gaks3a-mh-coupling-2.webp 686w, https:\/\/fmp-components.com\/wp-content\/uploads\/2025\/03\/k3gaks3a-mh-coupling-2-480x300.webp 480w\" sizes=\"(min-width: 0px) and (max-width: 480px) 480px, (min-width: 481px) 686px, 100vw\" \/><\/p>\n<h2>Especifica\u00e7\u00f5es de acoplamento MH<\/h2>\n<p><img loading=\"lazy\" decoding=\"async\" class=\"alignnone size-full wp-image-6395\" src=\"https:\/\/fmp-components.com\/wp-content\/uploads\/2025\/03\/mh-coupling-1.webp\" alt=\"Acoplamento MH\" width=\"867\" height=\"567\" title=\"\" srcset=\"https:\/\/fmp-components.com\/wp-content\/uploads\/2025\/03\/mh-coupling-1.webp 867w, https:\/\/fmp-components.com\/wp-content\/uploads\/2025\/03\/mh-coupling-1-480x314.webp 480w\" sizes=\"(min-width: 0px) and (max-width: 480px) 480px, (min-width: 481px) 867px, 100vw\" \/><\/p>\n<h3>Aplica\u00e7\u00f5es dos acoplamentos MH<\/h3>\n<p>Os acoplamentos MH, dependendo do seu projeto espec\u00edfico e contexto industrial, podem se referir a v\u00e1rios tipos de acoplamentos, cada um com aplica\u00e7\u00f5es distintas. Abaixo, segue uma vis\u00e3o geral estruturada das aplica\u00e7\u00f5es potenciais com base em interpreta\u00e7\u00f5es comuns:<\/p>\n<h4>M\u00e1quinas Industriais Gerais<\/h4>\n<ul>\n<li>Bombas e compressores: Conectam os motores aos eixos, acomodando o desalinhamento e reduzindo a transmiss\u00e3o de vibra\u00e7\u00f5es.<\/li>\n<li>Sistemas de esteiras transportadoras: Conectam os motores de acionamento \u00e0s esteiras, permitindo ajustes de alinhamento devido ao desgaste operacional.<\/li>\n<li>Ventiladores e sopradores: Amortecem vibra\u00e7\u00f5es e lidam com a expans\u00e3o t\u00e9rmica em sistemas de climatiza\u00e7\u00e3o.<\/li>\n<\/ul>\n<h4>Controle de movimento de precis\u00e3o<\/h4>\n<ul>\n<li>Rob\u00f3tica: Foles de alta precis\u00e3o ou acoplamentos helicoidais (por exemplo, da s\u00e9rie MH da R+W) garantem folga zero em juntas servoacionadas.<\/li>\n<li>M\u00e1quinas CNC: Transmitem movimentos precisos de motores para fusos ou eixos de esferas.<\/li>\n<li>Fabrica\u00e7\u00e3o de semicondutores: Utilizado em equipamentos de salas limpas para posicionamento preciso.<\/li>\n<\/ul>\n<h4>Sistemas hidr\u00e1ulicos e de fluidos<\/h4>\n<ul>\n<li>Acoplamentos de desconex\u00e3o r\u00e1pida: Permitem conex\u00f5es r\u00e1pidas e sem vazamentos em m\u00e1quinas hidr\u00e1ulicas (constru\u00e7\u00e3o, agricultura).<\/li>\n<li>Ind\u00fastrias Qu\u00edmicas: Conex\u00f5es met\u00e1licas para mangueiras suportam fluidos corrosivos e altas temperaturas.<\/li>\n<\/ul>\n<h4>Ambientes corrosivos\/de alta temperatura<\/h4>\n<ul>\n<li>Sistemas de escape: Aplica\u00e7\u00f5es automotivas\/n\u00e1uticas que utilizam conex\u00f5es de mangueira met\u00e1licas resistentes ao calor.<\/li>\n<li>Petr\u00f3leo e g\u00e1s: Acoplamentos flex\u00edveis em dutos para gerenciar a expans\u00e3o t\u00e9rmica e a vibra\u00e7\u00e3o.<\/li>\n<\/ul>\n<h4>Marinha e Offshore<\/h4>\n<ul>\n<li>Sistemas de propuls\u00e3o: Compensar o desalinhamento do eixo causado pela flex\u00e3o do casco.<\/li>\n<li>Equipamentos de conv\u00e9s: Conecte os acionamentos em guinchos\/guindastes expostos a cargas din\u00e2micas.<\/li>\n<\/ul>\n<h4>Energia renov\u00e1vel<\/h4>\n<ul>\n<li><strong>Turbinas E\u00f3licas<\/strong>Acoplamentos entre caixas de engrenagens e geradores, suportando cargas vari\u00e1veis \u200b\u200be desalinhamento.<\/li>\n<\/ul>\n<p><img loading=\"lazy\" decoding=\"async\" class=\"wp-image-6406 aligncenter\" src=\"https:\/\/fmp-components.com\/wp-content\/uploads\/2025\/03\/mh-couplings-2.webp\" alt=\"Acoplamento MH\" width=\"652\" height=\"652\" title=\"\" srcset=\"https:\/\/fmp-components.com\/wp-content\/uploads\/2025\/03\/mh-couplings-2.webp 652w, https:\/\/fmp-components.com\/wp-content\/uploads\/2025\/03\/mh-couplings-2-480x480.webp 480w\" sizes=\"(min-width: 0px) and (max-width: 480px) 480px, (min-width: 481px) 652px, 100vw\" \/><\/p>","protected":false},"excerpt":{"rendered":"<p>The MH series is a flexible coupling device constructed of synthetic rubber with two similar cast iron bodies. The high-quality cast iron flanges are mainly used for power transmission and protect the flexible rubber. Its elastic rubber provides excellent durability and quality coupling performance. The MH coupling consists of two flanges and elastic rings, which [&hellip;]<\/p>","protected":false},"featured_media":6404,"comment_status":"open","ping_status":"closed","template":"","meta":{"_et_pb_use_builder":"","_et_pb_old_content":"","_et_gb_content_width":""},"product_brand":[],"product_cat":[101],"product_tag":[],"class_list":{"0":"post-6402","1":"product","2":"type-product","3":"status-publish","4":"has-post-thumbnail","6":"product_cat-coupling","8":"first","9":"instock","10":"shipping-taxable","11":"product-type-simple"},"_links":{"self":[{"href":"https:\/\/fmp-components.com\/pt\/wp-json\/wp\/v2\/product\/6402","targetHints":{"allow":["GET"]}}],"collection":[{"href":"https:\/\/fmp-components.com\/pt\/wp-json\/wp\/v2\/product"}],"about":[{"href":"https:\/\/fmp-components.com\/pt\/wp-json\/wp\/v2\/types\/product"}],"replies":[{"embeddable":true,"href":"https:\/\/fmp-components.com\/pt\/wp-json\/wp\/v2\/comments?post=6402"}],"wp:featuredmedia":[{"embeddable":true,"href":"https:\/\/fmp-components.com\/pt\/wp-json\/wp\/v2\/media\/6404"}],"wp:attachment":[{"href":"https:\/\/fmp-components.com\/pt\/wp-json\/wp\/v2\/media?parent=6402"}],"wp:term":[{"taxonomy":"product_brand","embeddable":true,"href":"https:\/\/fmp-components.com\/pt\/wp-json\/wp\/v2\/product_brand?post=6402"},{"taxonomy":"product_cat","embeddable":true,"href":"https:\/\/fmp-components.com\/pt\/wp-json\/wp\/v2\/product_cat?post=6402"},{"taxonomy":"product_tag","embeddable":true,"href":"https:\/\/fmp-components.com\/pt\/wp-json\/wp\/v2\/product_tag?post=6402"}],"curies":[{"name":"wp","href":"https:\/\/api.w.org\/{rel}","templated":true}]}}