{"id":6394,"date":"2025-03-10T05:33:12","date_gmt":"2025-03-10T05:33:12","guid":{"rendered":"https:\/\/fmp-components.com\/?post_type=product&#038;p=6394"},"modified":"2025-03-10T05:57:43","modified_gmt":"2025-03-10T05:57:43","slug":"pin-couplings","status":"publish","type":"product","link":"https:\/\/fmp-components.com\/pt\/product\/pin-couplings\/","title":{"rendered":"Acoplamentos PIN"},"content":{"rendered":"<p>No acoplamento de pino de bucha, h\u00e1 um anel intermedi\u00e1rio entre os elementos el\u00e1sticos. Este anel \u00e9 flutuante e conectado ao disco final alinhado por um pino. O acoplamento \u00e9 transmitido para a outra metade do acoplamento atrav\u00e9s do elemento el\u00e1stico montado no pino, enquanto o pino e a metade do acoplamento s\u00e3o conectados de forma n\u00e3o r\u00edgida, o que permite uma carga suave e reduz significativamente as for\u00e7as laterais.<\/p>\n<p>A vantagem deste acoplamento \u00e9 que ele pode facilmente cooperar com eixos ligeiramente desalinhados e adiciona certa flexibilidade para ajudar a absorver vibra\u00e7\u00f5es e choques. Este acoplamento \u00e9 particularmente adequado para situa\u00e7\u00f5es em que h\u00e1 desalinhamento axial, radial ou angular, sendo um dispositivo de acoplamento flex\u00edvel.<\/p>\n<h2>Dimens\u00f5es dos acoplamentos de pinos<\/h2>\n<p><img loading=\"lazy\" decoding=\"async\" class=\"alignnone size-full wp-image-6401\" src=\"https:\/\/fmp-components.com\/wp-content\/uploads\/2025\/03\/pin-coupling-specification.webp\" alt=\"especifica\u00e7\u00e3o de acoplamento de pino\" width=\"873\" height=\"687\" title=\"\" srcset=\"https:\/\/fmp-components.com\/wp-content\/uploads\/2025\/03\/pin-coupling-specification.webp 873w, https:\/\/fmp-components.com\/wp-content\/uploads\/2025\/03\/pin-coupling-specification-480x378.webp 480w\" sizes=\"(min-width: 0px) and (max-width: 480px) 480px, (min-width: 481px) 873px, 100vw\" \/><\/p>\n<h3>Caracter\u00edsticas dos acoplamentos de pinos<\/h3>\n<p>1. Design econ\u00f4mico e f\u00e1cil de usar<\/p>\n<ul>\n<li>Baixo custo: Solu\u00e7\u00e3o econ\u00f4mica para transmiss\u00e3o de torque entre eixos.<\/li>\n<li>Montagem simples: o processo de instala\u00e7\u00e3o simplificado minimiza o tempo de inatividade.<\/li>\n<li>Versatilidade do material: normalmente feito de metal ou borracha, com variantes especializadas dispon\u00edveis para maior resist\u00eancia da junta.<\/li>\n<\/ul>\n<p>2. Vantagens mec\u00e2nicas<\/p>\n<ul>\n<li>Toler\u00e2ncia ao desalinhamento: capaz de acomodar desalinhamentos angulares, paralelos e axiais do eixo, reduzindo o estresse no equipamento conectado.<\/li>\n<li>Resist\u00eancia \u00e0 For\u00e7a: Aproveita o atrito nas superf\u00edcies de contato para suportar grandes for\u00e7as, amortecendo efetivamente as vibra\u00e7\u00f5es e prolongando a vida \u00fatil da m\u00e1quina.<\/li>\n<\/ul>\n<p>3. Considera\u00e7\u00f5es sobre design t\u00e9cnico<\/p>\n<ul>\n<li>Otimiza\u00e7\u00e3o de acoplamento de tr\u00eas pinos:\n<ul>\n<li>Gerenciamento de atrito: plano de interface projetado para maior atrito, enquanto as bordas dos pinos mant\u00eam baixo atrito para evitar flex\u00e3o assim\u00e9trica.<\/li>\n<li>Placas de fric\u00e7\u00e3o com covinhas: recurso opcional para melhorar as propriedades de fric\u00e7\u00e3o e a efici\u00eancia da transmiss\u00e3o de torque.<\/li>\n<\/ul>\n<\/li>\n<li>Precis\u00e3o de pr\u00e9-carga: os parafusos devem ser apertados em pelo menos 10% da carga final para garantir contato seguro entre pino e interface e desempenho ideal.<\/li>\n<\/ul>\n<p>4. Fun\u00e7\u00e3o de prote\u00e7\u00e3o e seguran\u00e7a<\/p>\n<ul>\n<li>Atua como uma prote\u00e7\u00e3o mec\u00e2nica, absorvendo cargas de choque e evitando danos a componentes cr\u00edticos em condi\u00e7\u00f5es de sobrecarga.<\/li>\n<\/ul>\n<p>5. Personaliza\u00e7\u00e3o e Adaptabilidade<\/p>\n<ul>\n<li>Configura\u00e7\u00f5es especializadas: dispon\u00edveis em designs personalizados para atender a demandas operacionais espec\u00edficas, como ambientes de alto torque ou corrosivos.<\/li>\n<\/ul>\n<p>Os acoplamentos de pino oferecem um equil\u00edbrio pr\u00e1tico de simplicidade, resili\u00eancia e adaptabilidade, tornando-os ideais para sistemas que exigem transmiss\u00e3o de torque econ\u00f4mica com gerenciamento integrado de desalinhamento e vibra\u00e7\u00e3o.<\/p>","protected":false},"excerpt":{"rendered":"<p>In the bushing pin coupling, there is an intermediate ring between the elastic elements. This ring is floating and connected to the end disc aligned by a pin. The coupling is transmitted to the other half of the coupling via the elastic element mounted on the pin, while the pin and the half of the [&hellip;]<\/p>","protected":false},"featured_media":6396,"comment_status":"open","ping_status":"closed","template":"","meta":{"_et_pb_use_builder":"","_et_pb_old_content":"","_et_gb_content_width":""},"product_brand":[],"product_cat":[101],"product_tag":[],"class_list":{"0":"post-6394","1":"product","2":"type-product","3":"status-publish","4":"has-post-thumbnail","6":"product_cat-coupling","8":"first","9":"instock","10":"shipping-taxable","11":"product-type-simple"},"_links":{"self":[{"href":"https:\/\/fmp-components.com\/pt\/wp-json\/wp\/v2\/product\/6394","targetHints":{"allow":["GET"]}}],"collection":[{"href":"https:\/\/fmp-components.com\/pt\/wp-json\/wp\/v2\/product"}],"about":[{"href":"https:\/\/fmp-components.com\/pt\/wp-json\/wp\/v2\/types\/product"}],"replies":[{"embeddable":true,"href":"https:\/\/fmp-components.com\/pt\/wp-json\/wp\/v2\/comments?post=6394"}],"wp:featuredmedia":[{"embeddable":true,"href":"https:\/\/fmp-components.com\/pt\/wp-json\/wp\/v2\/media\/6396"}],"wp:attachment":[{"href":"https:\/\/fmp-components.com\/pt\/wp-json\/wp\/v2\/media?parent=6394"}],"wp:term":[{"taxonomy":"product_brand","embeddable":true,"href":"https:\/\/fmp-components.com\/pt\/wp-json\/wp\/v2\/product_brand?post=6394"},{"taxonomy":"product_cat","embeddable":true,"href":"https:\/\/fmp-components.com\/pt\/wp-json\/wp\/v2\/product_cat?post=6394"},{"taxonomy":"product_tag","embeddable":true,"href":"https:\/\/fmp-components.com\/pt\/wp-json\/wp\/v2\/product_tag?post=6394"}],"curies":[{"name":"wp","href":"https:\/\/api.w.org\/{rel}","templated":true}]}}