{"id":6390,"date":"2025-03-10T05:14:19","date_gmt":"2025-03-10T05:14:19","guid":{"rendered":"https:\/\/fmp-components.com\/?post_type=product&#038;p=6390"},"modified":"2025-03-10T05:14:19","modified_gmt":"2025-03-10T05:14:19","slug":"spacer-couplings-replacement-of-fenaflex-spacer-couplings","status":"publish","type":"product","link":"https:\/\/fmp-components.com\/pt\/product\/spacer-couplings-replacement-of-fenaflex-spacer-couplings\/","title":{"rendered":"Acoplamentos espa\u00e7adores - Substitui\u00e7\u00e3o de acoplamentos espa\u00e7adores Fenaflex"},"content":{"rendered":"<p>Os acoplamentos espa\u00e7adores Fenaflex s\u00e3o compostos por acoplamentos de pneu Fenaflex (tamanhos F40-F140) e conjuntos de flange espa\u00e7adora. Esses acoplamentos s\u00e3o projetados para facilitar o movimento de um dos eixos para frente e para tr\u00e1s sem perturbar a m\u00e1quina ou o acionamento ao qual est\u00e1 conectado, como em um rotor de bomba centr\u00edfuga.<\/p>\n<p>S\u00e3o fabricadas para se adaptarem a dist\u00e2ncias padr\u00e3o de 80, 100, 140 e 180 mm entre as extremidades dos eixos. Essas juntas s\u00e3o muito flex\u00edveis e dur\u00e1veis, oferecendo aos engenheiros e projetistas diversas op\u00e7\u00f5es para atender a uma variedade de aplica\u00e7\u00f5es, bastando escolher os flanges de acoplamento adequados.<\/p>\n<p><img loading=\"lazy\" decoding=\"async\" class=\"alignnone  wp-image-6391\" src=\"https:\/\/fmp-components.com\/wp-content\/uploads\/2025\/03\/fenaflex-spacer-coupling-2.webp\" alt=\"Acoplamentos Espa\u00e7adores Fenaflex\" width=\"902\" height=\"666\" title=\"\" srcset=\"https:\/\/fmp-components.com\/wp-content\/uploads\/2025\/03\/fenaflex-spacer-coupling-2.webp 902w, https:\/\/fmp-components.com\/wp-content\/uploads\/2025\/03\/fenaflex-spacer-coupling-2-480x354.webp 480w\" sizes=\"(min-width: 0px) and (max-width: 480px) 480px, (min-width: 481px) 902px, 100vw\" \/> \u00a0<img loading=\"lazy\" decoding=\"async\" class=\"alignnone size-full wp-image-6393\" src=\"https:\/\/fmp-components.com\/wp-content\/uploads\/2025\/03\/Spacer-Couplings-1.webp\" alt=\"Acoplamentos espa\u00e7adores\" width=\"892\" height=\"772\" title=\"\" srcset=\"https:\/\/fmp-components.com\/wp-content\/uploads\/2025\/03\/Spacer-Couplings-1.webp 892w, https:\/\/fmp-components.com\/wp-content\/uploads\/2025\/03\/Spacer-Couplings-1-480x415.webp 480w\" sizes=\"(min-width: 0px) and (max-width: 480px) 480px, (min-width: 481px) 892px, 100vw\" \/><\/p>\n<div class=\"dad65929\">\n<div class=\"f9bf7997 d7dc56a8 c05b5566\">\n<div class=\"ds-markdown ds-markdown--block\">\n<h2>Caracter\u00edsticas da substitui\u00e7\u00e3o dos acoplamentos espa\u00e7adores Fenaflex<\/h2>\n<p><strong>1. Instala\u00e7\u00e3o simplificada e flexibilidade de alinhamento<\/strong><\/p>\n<ul>\n<li><strong>Configura\u00e7\u00e3o f\u00e1cil<\/strong>Projetado para uma instala\u00e7\u00e3o r\u00e1pida e simples, reduzindo o tempo de inatividade.<\/li>\n<li><strong>Toler\u00e2ncia superior ao desalinhamento<\/strong>Acomoda desalinhamentos angulares de at\u00e9\u00a0<strong>4 graus<\/strong>, deslocamento paralelo de\u00a0<strong>6 mm<\/strong>e deslocamento radial de\u00a0<strong>8 mm<\/strong>\u00a0em todos os planos.<\/li>\n<\/ul>\n<p><strong>2. Constru\u00e7\u00e3o robusta e design vers\u00e1til<\/strong><\/p>\n<ul>\n<li><strong>Fio bidirecional interno para condu\u00e7\u00e3o de carga<\/strong>Refor\u00e7ado com fio enrolado em ambas as dire\u00e7\u00f5es, permitindo um desempenho confi\u00e1vel em\u00a0<strong>aplica\u00e7\u00f5es de acionamento reverso<\/strong>.<\/li>\n<li><strong>Op\u00e7\u00f5es de materiais<\/strong>Os pneus est\u00e3o dispon\u00edveis em\u00a0<strong>padr\u00e3o<\/strong>\u00a0ou\u00a0<strong>FRAS (Resistente ao Fogo e Antiest\u00e1tico)<\/strong>\u00a0constru\u00e7\u00e3o, em conformidade com\u00a0<strong>Certifica\u00e7\u00e3o ATEX<\/strong>\u00a0Para ambientes perigosos.<\/li>\n<li><strong>Montagem adapt\u00e1vel<\/strong>: Suporta\u00a0<strong>espa\u00e7ador da bomba<\/strong>\u00a0e\u00a0<strong>configura\u00e7\u00f5es de volante<\/strong>, com flanges apresentando\u00a0<strong>Buchas c\u00f4nicas de anel de travamento F&amp;H<\/strong>\u00a0ou\u00a0<strong>projetos de perfura\u00e7\u00e3o piloto tipo B<\/strong>\u00a0Para compatibilidade universal.<\/li>\n<\/ul>\n<p><strong>3. Desempenho superior em compara\u00e7\u00e3o com acoplamentos tradicionais<\/strong><\/p>\n<ul>\n<li><strong>Alta elasticidade e lubrifica\u00e7\u00e3o zero<\/strong>Ao contr\u00e1rio dos acoplamentos de pneus convencionais, a substitui\u00e7\u00e3o pelos acoplamentos Fenaflex elimina a necessidade de lubrifica\u00e7\u00e3o, oferecendo ao mesmo tempo flexibilidade e elasticidade superiores.<\/li>\n<li><strong>Amortecimento de vibra\u00e7\u00f5es<\/strong>Absor\u00e7\u00e3o excepcional de choques e vibra\u00e7\u00f5es torcionais, protegendo os equipamentos conectados contra tens\u00f5es din\u00e2micas.<\/li>\n<\/ul>\n<p><strong>4. Vantagens de Manuten\u00e7\u00e3o e Assist\u00eancia T\u00e9cnica<\/strong><\/p>\n<ul>\n<li><strong>Design modular<\/strong>: Um\u00a0<strong>espa\u00e7ador intermedi\u00e1rio (DBSE)<\/strong>\u00a0Permite a manuten\u00e7\u00e3o de bombas centr\u00edfugas sem a necessidade de deslocar motores ou m\u00e1quinas durante a troca de pneus.<\/li>\n<li><strong>Adequado para inspe\u00e7\u00e3o<\/strong>O design simples permite verifica\u00e7\u00f5es visuais f\u00e1ceis e substitui\u00e7\u00e3o de pe\u00e7as sem desmontar todo o sistema de acionamento.<\/li>\n<\/ul>\n<p><strong>5. Solu\u00e7\u00f5es personaliz\u00e1veis<\/strong><\/p>\n<ul>\n<li><strong>Adaptabilidade do espa\u00e7ador<\/strong>Dispositivos intermedi\u00e1rios podem ser integrados para ajustar o espa\u00e7amento entre os di\u00e2metros dos eixos, garantindo a compatibilidade com diversos requisitos de sistema.<\/li>\n<\/ul>\n<p><strong>Resumo dos principais benef\u00edcios<\/strong><\/p>\n<ul>\n<li><strong>Durabilidade<\/strong>Projetado para aplica\u00e7\u00f5es de alta exig\u00eancia com desgaste m\u00ednimo.<\/li>\n<li><strong>Seguran\u00e7a<\/strong>As certifica\u00e7\u00f5es FRAS e ATEX garantem a conformidade em ambientes propensos a inc\u00eandios ou explos\u00e3o.<\/li>\n<li><strong>Efici\u00eancia de custos<\/strong>A redu\u00e7\u00e3o das necessidades de manuten\u00e7\u00e3o e o aumento da vida \u00fatil diminuem os custos operacionais.<\/li>\n<\/ul>\n<p>Os acoplamentos espa\u00e7adores Fenaflex, que substituem os originais, combinam flexibilidade, resili\u00eancia e um design f\u00e1cil de usar, tornando-os ideais para ind\u00fastrias que exigem confiabilidade em condi\u00e7\u00f5es de alto desalinhamento, alta vibra\u00e7\u00e3o ou ambientes perigosos.<\/p>\n<\/div>\n<\/div>\n<\/div>\n<p>&nbsp;<\/p>","protected":false},"excerpt":{"rendered":"<p>Fenaflex spacer couplings are made up of Fenaflex tire couplings (sizes F40-F140) and spacer flange assemblies. These couplings are designed to make it easier to move one of the shafts back and forth without disturbing the machine or drive it\u2019s connected to, like in a centrifugal pump rotor. They are made to fit standard distances [&hellip;]<\/p>","protected":false},"featured_media":6392,"comment_status":"open","ping_status":"closed","template":"","meta":{"_et_pb_use_builder":"","_et_pb_old_content":"","_et_gb_content_width":""},"product_brand":[],"product_cat":[101],"product_tag":[],"class_list":{"0":"post-6390","1":"product","2":"type-product","3":"status-publish","4":"has-post-thumbnail","6":"product_cat-coupling","8":"first","9":"instock","10":"shipping-taxable","11":"product-type-simple"},"_links":{"self":[{"href":"https:\/\/fmp-components.com\/pt\/wp-json\/wp\/v2\/product\/6390","targetHints":{"allow":["GET"]}}],"collection":[{"href":"https:\/\/fmp-components.com\/pt\/wp-json\/wp\/v2\/product"}],"about":[{"href":"https:\/\/fmp-components.com\/pt\/wp-json\/wp\/v2\/types\/product"}],"replies":[{"embeddable":true,"href":"https:\/\/fmp-components.com\/pt\/wp-json\/wp\/v2\/comments?post=6390"}],"wp:featuredmedia":[{"embeddable":true,"href":"https:\/\/fmp-components.com\/pt\/wp-json\/wp\/v2\/media\/6392"}],"wp:attachment":[{"href":"https:\/\/fmp-components.com\/pt\/wp-json\/wp\/v2\/media?parent=6390"}],"wp:term":[{"taxonomy":"product_brand","embeddable":true,"href":"https:\/\/fmp-components.com\/pt\/wp-json\/wp\/v2\/product_brand?post=6390"},{"taxonomy":"product_cat","embeddable":true,"href":"https:\/\/fmp-components.com\/pt\/wp-json\/wp\/v2\/product_cat?post=6390"},{"taxonomy":"product_tag","embeddable":true,"href":"https:\/\/fmp-components.com\/pt\/wp-json\/wp\/v2\/product_tag?post=6390"}],"curies":[{"name":"wp","href":"https:\/\/api.w.org\/{rel}","templated":true}]}}