{"id":6385,"date":"2025-03-10T03:41:49","date_gmt":"2025-03-10T03:41:49","guid":{"rendered":"https:\/\/fmp-components.com\/?post_type=product&#038;p=6385"},"modified":"2025-03-10T03:48:37","modified_gmt":"2025-03-10T03:48:37","slug":"hrc-couplings","status":"publish","type":"product","link":"https:\/\/fmp-components.com\/pt\/product\/hrc-couplings\/","title":{"rendered":"Acoplamentos HRC"},"content":{"rendered":"<h2>Especifica\u00e7\u00f5es de acoplamento HRC<\/h2>\n<p><img loading=\"lazy\" decoding=\"async\" class=\"alignnone size-full wp-image-6387\" src=\"https:\/\/fmp-components.com\/wp-content\/uploads\/2025\/03\/hrc-coupling-1.webp\" alt=\"Acoplamento HRC\" width=\"897\" height=\"502\" title=\"\" srcset=\"https:\/\/fmp-components.com\/wp-content\/uploads\/2025\/03\/hrc-coupling-1.webp 897w, https:\/\/fmp-components.com\/wp-content\/uploads\/2025\/03\/hrc-coupling-1-480x269.webp 480w\" sizes=\"(min-width: 0px) and (max-width: 480px) 480px, (min-width: 481px) 897px, 100vw\" \/><\/p>\n<h2>Caracter\u00edsticas dos acoplamentos HRC<\/h2>\n<ul>\n<li><strong>Design acess\u00edvel<\/strong>Os acoplamentos HRC s\u00e3o projetados para equilibrar pot\u00eancia e tamanho do eixo, utilizando um sistema de bucha Taper-Lock para mant\u00ea-los eficazes e acess\u00edveis.<\/li>\n<li><strong>Forte e flex\u00edvel<\/strong>As partes flex\u00edveis do acoplamento ajudam a absorver cargas pesadas repentinas, tornando o projeto robusto e confi\u00e1vel.<\/li>\n<li><strong>Ajusta-se ao desalinhamento<\/strong>Os acoplamentos HRC conseguem lidar com pequenos desalinhamentos, como eixos ligeiramente fora de \u00e2ngulo, posi\u00e7\u00e3o ou alinhamento, garantindo um funcionamento suave.<\/li>\n<li><strong>F\u00e1cil de instalar<\/strong>A instala\u00e7\u00e3o de um acoplamento HRC \u00e9 r\u00e1pida e simples. Voc\u00ea s\u00f3 precisa de uma chave Allen \u2014 nenhuma ferramenta especial \u00e9 necess\u00e1ria.<\/li>\n<li><strong>Quase nenhuma manuten\u00e7\u00e3o<\/strong>Os acoplamentos HRC n\u00e3o precisam de lubrifica\u00e7\u00e3o, o que significa menos manuten\u00e7\u00e3o e menos reparos ao longo do tempo.<\/li>\n<li><strong>Funciona em condi\u00e7\u00f5es dif\u00edceis.<\/strong>O material flex\u00edvel do acoplamento funciona bem em uma ampla gama de condi\u00e7\u00f5es, desde muito frio (-40\u00b0C) at\u00e9 muito calor (+100\u00b0C).<\/li>\n<li><strong>Seguro e confi\u00e1vel<\/strong>Caso a parte flex\u00edvel se rompa (o que \u00e9 muito raro), o acoplamento continuar\u00e1 acionando o sistema por meio de flanges integradas, de modo que as opera\u00e7\u00f5es n\u00e3o ser\u00e3o interrompidas.<\/li>\n<\/ul>\n<p><img loading=\"lazy\" decoding=\"async\" class=\"wp-image-6386 aligncenter\" src=\"https:\/\/fmp-components.com\/wp-content\/uploads\/2025\/03\/HRC-Coupling.webp\" alt=\"Acoplamento HRC\" width=\"660\" height=\"660\" title=\"\" srcset=\"https:\/\/fmp-components.com\/wp-content\/uploads\/2025\/03\/HRC-Coupling.webp 660w, https:\/\/fmp-components.com\/wp-content\/uploads\/2025\/03\/HRC-Coupling-480x480.webp 480w\" sizes=\"(min-width: 0px) and (max-width: 480px) 480px, (min-width: 481px) 660px, 100vw\" \/><\/p>","protected":false},"excerpt":{"rendered":"<p>HRC Coupling Specifications Features of HRC Couplings Affordable Design: HRC couplings are made to balance power and shaft size, using a Taper-Lock Bush system to keep them both effective and affordable. Strong and Flexible: The flexible parts of the coupling help absorb sudden heavy loads, making the design strong and reliable. Adjusts to Misalignment: HRC [&hellip;]<\/p>","protected":false},"featured_media":6386,"comment_status":"open","ping_status":"closed","template":"","meta":{"_et_pb_use_builder":"","_et_pb_old_content":"","_et_gb_content_width":""},"product_brand":[],"product_cat":[101],"product_tag":[],"class_list":{"0":"post-6385","1":"product","2":"type-product","3":"status-publish","4":"has-post-thumbnail","6":"product_cat-coupling","8":"first","9":"instock","10":"shipping-taxable","11":"product-type-simple"},"_links":{"self":[{"href":"https:\/\/fmp-components.com\/pt\/wp-json\/wp\/v2\/product\/6385","targetHints":{"allow":["GET"]}}],"collection":[{"href":"https:\/\/fmp-components.com\/pt\/wp-json\/wp\/v2\/product"}],"about":[{"href":"https:\/\/fmp-components.com\/pt\/wp-json\/wp\/v2\/types\/product"}],"replies":[{"embeddable":true,"href":"https:\/\/fmp-components.com\/pt\/wp-json\/wp\/v2\/comments?post=6385"}],"wp:featuredmedia":[{"embeddable":true,"href":"https:\/\/fmp-components.com\/pt\/wp-json\/wp\/v2\/media\/6386"}],"wp:attachment":[{"href":"https:\/\/fmp-components.com\/pt\/wp-json\/wp\/v2\/media?parent=6385"}],"wp:term":[{"taxonomy":"product_brand","embeddable":true,"href":"https:\/\/fmp-components.com\/pt\/wp-json\/wp\/v2\/product_brand?post=6385"},{"taxonomy":"product_cat","embeddable":true,"href":"https:\/\/fmp-components.com\/pt\/wp-json\/wp\/v2\/product_cat?post=6385"},{"taxonomy":"product_tag","embeddable":true,"href":"https:\/\/fmp-components.com\/pt\/wp-json\/wp\/v2\/product_tag?post=6385"}],"curies":[{"name":"wp","href":"https:\/\/api.w.org\/{rel}","templated":true}]}}