{"id":6375,"date":"2025-03-10T03:17:22","date_gmt":"2025-03-10T03:17:22","guid":{"rendered":"https:\/\/fmp-components.com\/?post_type=product&#038;p=6375"},"modified":"2025-04-05T07:23:10","modified_gmt":"2025-04-05T07:23:10","slug":"flange-flexible-couplings","status":"publish","type":"product","link":"https:\/\/fmp-components.com\/pt\/product\/flange-flexible-couplings\/","title":{"rendered":"Acoplamentos Flex\u00edveis de Flange"},"content":{"rendered":"<p>Os acoplamentos flex\u00edveis da FMP s\u00e3o projetados para reduzir a vibra\u00e7\u00e3o e diminuir os custos de manuten\u00e7\u00e3o dos sistemas de transmiss\u00e3o. Seu design especial ajuda a proteger a transmiss\u00e3o contra danos e reduz o ru\u00eddo durante o funcionamento, o que melhora o desempenho e aumenta a vida \u00fatil do sistema. Al\u00e9m disso, esses acoplamentos s\u00e3o f\u00e1ceis de instalar e ajustar, economizando tempo e esfor\u00e7o.<\/p>\n<p>A FMP utiliza elast\u00f4mero de poli\u00e9ster resistente na fabrica\u00e7\u00e3o de seus acoplamentos. Esse material \u00e9 robusto e n\u00e3o se deforma, mesmo em contato com fluidos lubrificantes. Isso garante a resist\u00eancia e o bom funcionamento do acoplamento, mesmo em condi\u00e7\u00f5es adversas.<\/p>\n<p>O acoplamento foi projetado para transferir torque (um tipo de for\u00e7a de rota\u00e7\u00e3o) de forma constante a cerca de um quarto de polegada por minuto. Essa for\u00e7a suave e constante ajuda o acoplamento a durar mais tempo, permitindo que funcione bem por anos com pouqu\u00edssima manuten\u00e7\u00e3o.<\/p>\n<p>Essas caracter\u00edsticas fazem dos acoplamentos flex\u00edveis da FMP uma \u00f3tima escolha se voc\u00ea deseja que seu sistema de transmiss\u00e3o funcione melhor e dure mais tempo.<\/p>\n<p><img loading=\"lazy\" decoding=\"async\" class=\"wp-image-6377 aligncenter\" src=\"https:\/\/fmp-components.com\/wp-content\/uploads\/2025\/03\/Flange-Flexible-Couplings-2.webp\" alt=\"Acoplamentos Flex\u00edveis de Flange\" width=\"836\" height=\"303\" title=\"\" srcset=\"https:\/\/fmp-components.com\/wp-content\/uploads\/2025\/03\/Flange-Flexible-Couplings-2.webp 836w, https:\/\/fmp-components.com\/wp-content\/uploads\/2025\/03\/Flange-Flexible-Couplings-2-480x174.webp 480w\" sizes=\"(min-width: 0px) and (max-width: 480px) 480px, (min-width: 481px) 836px, 100vw\" \/><\/p>\n<h2 style=\"text-align: left;\" align=\"center\">Especifica\u00e7\u00f5es de acoplamentos flex\u00edveis com flange<\/h2>\n<p><img loading=\"lazy\" decoding=\"async\" class=\"wp-image-6378 aligncenter\" src=\"https:\/\/fmp-components.com\/wp-content\/uploads\/2025\/03\/Flange-Flexible-Couplings-3.webp\" alt=\"Acoplamentos Flex\u00edveis de Flange\" width=\"200\" height=\"216\" title=\"\"><\/p>\n<table style=\"width: 102.258%; height: 601px;\" border=\"1\" cellspacing=\"1\" cellpadding=\"1\" bgcolor=\"#99ccff\">\n<tbody>\n<tr>\n<td align=\"center\" width=\"45\">TAMANHO<\/td>\n<td align=\"center\" width=\"35\">Nm<\/td>\n<td align=\"center\" width=\"29\">rpm<\/td>\n<td align=\"center\" width=\"21\">D<\/td>\n<td align=\"center\" width=\"25\">D1<\/td>\n<td align=\"center\" width=\"14\">d1<\/td>\n<td align=\"center\" width=\"25\">eu<\/td>\n<td align=\"center\" width=\"9\">C<\/td>\n<td align=\"center\" width=\"73\">nM<\/td>\n<td align=\"center\" width=\"34\">KG<\/td>\n<\/tr>\n<tr bgcolor=\"#cccccc\">\n<td align=\"center\" width=\"45\">90<\/td>\n<td align=\"center\" width=\"35\">4<\/td>\n<td align=\"center\" width=\"29\">4000<\/td>\n<td align=\"center\" width=\"21\">90<\/td>\n<td align=\"center\" width=\"25\">35.5<\/td>\n<td align=\"center\" width=\"14\">11<\/td>\n<td align=\"center\" width=\"25\">28<\/td>\n<td align=\"center\" width=\"9\">3<\/td>\n<td align=\"center\" width=\"73\">4-M8*50<\/td>\n<td align=\"center\" width=\"34\">1.7<\/td>\n<\/tr>\n<tr>\n<td align=\"center\" width=\"45\">100<\/td>\n<td align=\"center\" width=\"35\">10<\/td>\n<td align=\"center\" width=\"29\">4000<\/td>\n<td align=\"center\" width=\"21\">100<\/td>\n<td align=\"center\" width=\"25\">40<\/td>\n<td align=\"center\" width=\"14\">11<\/td>\n<td align=\"center\" width=\"25\">35.5<\/td>\n<td align=\"center\" width=\"9\">3<\/td>\n<td align=\"center\" width=\"73\">4-M10*56<\/td>\n<td align=\"center\" width=\"34\">2.3<\/td>\n<\/tr>\n<tr bgcolor=\"#cccccc\">\n<td align=\"center\" width=\"45\">112<\/td>\n<td align=\"center\" width=\"35\">16<\/td>\n<td align=\"center\" width=\"29\">4000<\/td>\n<td align=\"center\" width=\"21\">112<\/td>\n<td align=\"center\" width=\"25\">45<\/td>\n<td align=\"center\" width=\"14\">13<\/td>\n<td align=\"center\" width=\"25\">40<\/td>\n<td align=\"center\" width=\"9\">3<\/td>\n<td align=\"center\" width=\"73\">4-M10*56<\/td>\n<td align=\"center\" width=\"34\">2.8<\/td>\n<\/tr>\n<tr>\n<td align=\"center\" width=\"45\">125<\/td>\n<td align=\"center\" width=\"35\">25<\/td>\n<td align=\"center\" width=\"29\">4000<\/td>\n<td align=\"center\" width=\"21\">125<\/td>\n<td align=\"center\" width=\"25\">50<\/td>\n<td align=\"center\" width=\"14\">13<\/td>\n<td align=\"center\" width=\"25\">45<\/td>\n<td align=\"center\" width=\"9\">3<\/td>\n<td align=\"center\" width=\"73\">4-M12*64<\/td>\n<td align=\"center\" width=\"34\">4.0<\/td>\n<\/tr>\n<tr bgcolor=\"#cccccc\">\n<td align=\"center\" width=\"45\">140<\/td>\n<td align=\"center\" width=\"35\">50<\/td>\n<td align=\"center\" width=\"29\">4000<\/td>\n<td align=\"center\" width=\"21\">140<\/td>\n<td align=\"center\" width=\"25\">63<\/td>\n<td align=\"center\" width=\"14\">13<\/td>\n<td align=\"center\" width=\"25\">50<\/td>\n<td align=\"center\" width=\"9\">3<\/td>\n<td align=\"center\" width=\"73\">6-M12*64<\/td>\n<td align=\"center\" width=\"34\">5.4<\/td>\n<\/tr>\n<tr>\n<td align=\"center\" width=\"45\">160<\/td>\n<td align=\"center\" width=\"35\">110<\/td>\n<td align=\"center\" width=\"29\">4000<\/td>\n<td align=\"center\" width=\"21\">160<\/td>\n<td align=\"center\" width=\"25\">80<\/td>\n<td align=\"center\" width=\"14\">15<\/td>\n<td align=\"center\" width=\"25\">56<\/td>\n<td align=\"center\" width=\"9\">3<\/td>\n<td align=\"center\" width=\"73\">8-M12*64<\/td>\n<td align=\"center\" width=\"34\">8.0<\/td>\n<\/tr>\n<tr bgcolor=\"#cccccc\">\n<td align=\"center\" width=\"45\">180<\/td>\n<td align=\"center\" width=\"35\">157<\/td>\n<td align=\"center\" width=\"29\">3500<\/td>\n<td align=\"center\" width=\"21\">180<\/td>\n<td align=\"center\" width=\"25\">90<\/td>\n<td align=\"center\" width=\"14\">15<\/td>\n<td align=\"center\" width=\"25\">63<\/td>\n<td align=\"center\" width=\"9\">3<\/td>\n<td align=\"center\" width=\"73\">8-M12*64<\/td>\n<td align=\"center\" width=\"34\">10.5<\/td>\n<\/tr>\n<tr>\n<td align=\"center\" width=\"45\">200<\/td>\n<td align=\"center\" width=\"35\">245<\/td>\n<td align=\"center\" width=\"29\">3200<\/td>\n<td align=\"center\" width=\"21\">200<\/td>\n<td align=\"center\" width=\"25\">100<\/td>\n<td align=\"center\" width=\"14\">21<\/td>\n<td align=\"center\" width=\"25\">71<\/td>\n<td align=\"center\" width=\"9\">4<\/td>\n<td align=\"center\" width=\"73\">8-M20*85<\/td>\n<td align=\"center\" width=\"34\">16.2<\/td>\n<\/tr>\n<tr bgcolor=\"#cccccc\">\n<td align=\"center\" width=\"45\">224<\/td>\n<td align=\"center\" width=\"35\">392<\/td>\n<td align=\"center\" width=\"29\">2850<\/td>\n<td align=\"center\" width=\"21\">224<\/td>\n<td align=\"center\" width=\"25\">112<\/td>\n<td align=\"center\" width=\"14\">21<\/td>\n<td align=\"center\" width=\"25\">80<\/td>\n<td align=\"center\" width=\"9\">4<\/td>\n<td align=\"center\" width=\"73\">8-M20*85<\/td>\n<td align=\"center\" width=\"34\">21.3<\/td>\n<\/tr>\n<tr>\n<td align=\"center\" width=\"45\">250<\/td>\n<td align=\"center\" width=\"35\">618<\/td>\n<td align=\"center\" width=\"29\">2550<\/td>\n<td align=\"center\" width=\"21\">250<\/td>\n<td align=\"center\" width=\"25\">125<\/td>\n<td align=\"center\" width=\"14\">25<\/td>\n<td align=\"center\" width=\"25\">90<\/td>\n<td align=\"center\" width=\"9\">4<\/td>\n<td align=\"center\" width=\"73\">8-M24*100<\/td>\n<td align=\"center\" width=\"34\">31.6<\/td>\n<\/tr>\n<tr bgcolor=\"#cccccc\">\n<td align=\"center\" width=\"45\">280<\/td>\n<td align=\"center\" width=\"35\">980<\/td>\n<td align=\"center\" width=\"29\">2300<\/td>\n<td align=\"center\" width=\"21\">280<\/td>\n<td align=\"center\" width=\"25\">140<\/td>\n<td align=\"center\" width=\"14\">34<\/td>\n<td align=\"center\" width=\"25\">100<\/td>\n<td align=\"center\" width=\"9\">4<\/td>\n<td align=\"center\" width=\"73\">8-M24*116<\/td>\n<td align=\"center\" width=\"34\">44.0<\/td>\n<\/tr>\n<tr>\n<td align=\"center\" width=\"45\">315<\/td>\n<td align=\"center\" width=\"35\">1568<\/td>\n<td align=\"center\" width=\"29\">2050<\/td>\n<td align=\"center\" width=\"21\">315<\/td>\n<td align=\"center\" width=\"25\">160<\/td>\n<td align=\"center\" width=\"14\">41<\/td>\n<td align=\"center\" width=\"25\">112<\/td>\n<td align=\"center\" width=\"9\">4<\/td>\n<td align=\"center\" width=\"73\">10-M24*116<\/td>\n<td align=\"center\" width=\"34\">57.7<\/td>\n<\/tr>\n<tr bgcolor=\"#cccccc\">\n<td align=\"center\" width=\"45\">355<\/td>\n<td align=\"center\" width=\"35\">2450<\/td>\n<td align=\"center\" width=\"29\">1800<\/td>\n<td align=\"center\" width=\"21\">355<\/td>\n<td align=\"center\" width=\"25\">180<\/td>\n<td align=\"center\" width=\"14\">60<\/td>\n<td align=\"center\" width=\"25\">125<\/td>\n<td align=\"center\" width=\"9\">5<\/td>\n<td align=\"center\" width=\"73\">8-M30*150<\/td>\n<td align=\"center\" width=\"34\">89.5<\/td>\n<\/tr>\n<tr>\n<td align=\"center\" width=\"45\">400<\/td>\n<td align=\"center\" width=\"35\">3920<\/td>\n<td align=\"center\" width=\"29\">1600<\/td>\n<td align=\"center\" width=\"21\">400<\/td>\n<td align=\"center\" width=\"25\">200<\/td>\n<td align=\"center\" width=\"14\">60<\/td>\n<td align=\"center\" width=\"25\">125<\/td>\n<td align=\"center\" width=\"9\">5<\/td>\n<td align=\"center\" width=\"73\">10-M30*150<\/td>\n<td align=\"center\" width=\"34\">89.5<\/td>\n<\/tr>\n<tr bgcolor=\"#cccccc\">\n<td align=\"center\" width=\"45\">450<\/td>\n<td align=\"center\" width=\"35\">6174<\/td>\n<td align=\"center\" width=\"29\">1400<\/td>\n<td align=\"center\" width=\"21\">450<\/td>\n<td align=\"center\" width=\"25\">224<\/td>\n<td align=\"center\" width=\"14\">65<\/td>\n<td align=\"center\" width=\"25\">140<\/td>\n<td align=\"center\" width=\"9\">5<\/td>\n<td align=\"center\" width=\"73\">12-M30*150<\/td>\n<td align=\"center\" width=\"34\">145<\/td>\n<\/tr>\n<tr>\n<td align=\"center\" width=\"45\">560<\/td>\n<td align=\"center\" width=\"35\">9800<\/td>\n<td align=\"center\" width=\"29\">1150<\/td>\n<td align=\"center\" width=\"21\">560<\/td>\n<td align=\"center\" width=\"25\">250<\/td>\n<td align=\"center\" width=\"14\">85<\/td>\n<td align=\"center\" width=\"25\">160<\/td>\n<td align=\"center\" width=\"9\">5<\/td>\n<td align=\"center\" width=\"73\">14-M30*150<\/td>\n<td align=\"center\" width=\"34\">229<\/td>\n<\/tr>\n<tr bgcolor=\"#cccccc\">\n<td align=\"center\" width=\"45\">630<\/td>\n<td align=\"center\" width=\"35\">15680<\/td>\n<td align=\"center\" width=\"29\">1000<\/td>\n<td align=\"center\" width=\"21\">630<\/td>\n<td align=\"center\" width=\"25\">280<\/td>\n<td align=\"center\" width=\"14\">95<\/td>\n<td align=\"center\" width=\"25\">180<\/td>\n<td align=\"center\" width=\"9\">5<\/td>\n<td align=\"center\" width=\"73\">18-M30*150<\/td>\n<td align=\"center\" width=\"34\">296<\/td>\n<\/tr>\n<\/tbody>\n<\/table>\n<h3>Tipos de acoplamento flex\u00edvel<\/h3>\n<div>\n<p class=\"break-words\" dir=\"auto\">Os acoplamentos flex\u00edveis s\u00e3o dispositivos mec\u00e2nicos usados \u200b\u200bpara conectar dois eixos, permitindo a transmiss\u00e3o de torque, acomodando desalinhamentos e reduzindo a tens\u00e3o nos componentes conectados. Um tipo comum \u00e9 o acoplamento de garras, que consiste em dois cubos com garras intertravadas e um inserto elastom\u00e9rico em forma de aranha. Essa aranha absorve impactos, amortece vibra\u00e7\u00f5es e compensa pequenos desalinhamentos angulares, paralelos e axiais, tornando-a ideal para aplica\u00e7\u00f5es de uso geral, como bombas e motores.<\/p>\n<p class=\"break-words\" dir=\"auto\">Outro tipo \u00e9 o acoplamento de fole, caracterizado por um fole met\u00e1lico fino e flex\u00edvel que conecta os eixos. Esse projeto proporciona alta rigidez torsional para transmiss\u00e3o precisa de torque, ao mesmo tempo que permite flexibilidade para lidar com desalinhamentos angulares e axiais. Os acoplamentos de fole s\u00e3o frequentemente usados \u200b\u200bem sistemas de alta precis\u00e3o, como servomotores e encoders, onde a manuten\u00e7\u00e3o da precis\u00e3o em condi\u00e7\u00f5es din\u00e2micas \u00e9 fundamental.<\/p>\n<p class=\"break-words\" dir=\"auto\">Um terceiro tipo \u00e9 o acoplamento de disco, que utiliza uma s\u00e9rie de discos met\u00e1licos finos e flex\u00edveis empilhados para formar um conjunto. O conjunto de discos flexiona para acomodar desalinhamentos e absorver vibra\u00e7\u00f5es, transmitindo o torque de forma eficiente. Os acoplamentos de disco s\u00e3o altamente dur\u00e1veis \u200b\u200be adequados para aplica\u00e7\u00f5es exigentes, como turbinas e compressores, onde a confiabilidade e a manuten\u00e7\u00e3o m\u00ednima s\u00e3o essenciais.<\/p>\n<p dir=\"auto\"><img loading=\"lazy\" decoding=\"async\" class=\"wp-image-7803 aligncenter\" src=\"https:\/\/fmp-components.com\/wp-content\/uploads\/2025\/03\/flexible-coupling3.webp\" alt=\"acoplamento flex\u00edvel\" width=\"531\" height=\"476\" title=\"\" srcset=\"https:\/\/fmp-components.com\/wp-content\/uploads\/2025\/03\/flexible-coupling3.webp 173w, https:\/\/fmp-components.com\/wp-content\/uploads\/2025\/03\/flexible-coupling3-13x12.webp 13w\" sizes=\"(max-width: 531px) 100vw, 531px\" \/><\/p>\n<\/div>\n<h2>Acoplamentos Flex\u00edveis Flangeados: Engenharia de Precis\u00e3o dos Especialistas Italianos em Acoplamentos da FMP<\/h2>\n<p>A FMP \u00e9 uma fabricante italiana l\u00edder especializada em uma ampla gama de acoplamentos projetados para transferir torque entre eixos, acomodando desalinhamentos e movimentos. Seja na agitada ind\u00fastria de Mil\u00e3o ou na oficina artesanal de Floren\u00e7a, nossos acoplamentos flex\u00edveis flangeados \u2014 fabricados com materiais dur\u00e1veis \u200b\u200bcomo a\u00e7o inoxid\u00e1vel, borracha e lat\u00e3o \u2014 garantem transmiss\u00e3o de pot\u00eancia perfeita e efici\u00eancia operacional em aplica\u00e7\u00f5es que v\u00e3o desde conjuntos de bombas at\u00e9 propuls\u00e3o mar\u00edtima.<\/p>\n<p>A FMP orgulha-se de oferecer uma ampla gama de acoplamentos, incluindo modelos com flexibilidade mec\u00e2nica, com elementos met\u00e1licos e com elementos elastom\u00e9ricos, todos projetados para atender \u00e0s necessidades espec\u00edficas da ind\u00fastria. Al\u00e9m da nossa extensa linha de produtos, tamb\u00e9m oferecemos solu\u00e7\u00f5es personalizadas para clientes na It\u00e1lia e em outros pa\u00edses. Se voc\u00ea estiver em Bolonha e precisar de um acoplamento flex\u00edvel com flange exclusivo para suas m\u00e1quinas agr\u00edcolas, ou se estiver buscando um projeto personalizado para uma aplica\u00e7\u00e3o de alta velocidade em Mil\u00e3o, os engenheiros especializados da FMP est\u00e3o prontos para trabalhar com voc\u00ea. Nosso processo de personaliza\u00e7\u00e3o garante que cada acoplamento seja fabricado de acordo com suas especifica\u00e7\u00f5es exatas, oferecendo desempenho e durabilidade nos quais voc\u00ea pode confiar.<\/p>\n<p>N\u00e3o encontrou o modelo exato que precisa em nossa lista de produtos? N\u00e3o se preocupe \u2013 nosso cat\u00e1logo \u00e9 constantemente atualizado e talvez ainda n\u00e3o tenhamos inclu\u00eddo todas as op\u00e7\u00f5es. Para empresas em Floren\u00e7a, Bolonha ou qualquer outro lugar, basta nos enviar um e-mail com suas necessidades. Nossa equipe dedicada de engenheiros italianos responder\u00e1 em at\u00e9 24 horas com solu\u00e7\u00f5es e consultoria personalizadas.<\/p>","protected":false},"excerpt":{"rendered":"<p>Os acoplamentos flex\u00edveis da FMP s\u00e3o projetados para reduzir a vibra\u00e7\u00e3o e diminuir o custo de reparo dos sistemas de transmiss\u00e3o. Seu design especial ajuda a proteger a transmiss\u00e3o contra danos e reduz o ru\u00eddo durante o funcionamento, o que melhora o desempenho e aumenta a vida \u00fatil do sistema. Al\u00e9m disso, esses acoplamentos s\u00e3o f\u00e1ceis de instalar e ajustar, economizando tempo [\u2026]<\/p>","protected":false},"featured_media":6376,"comment_status":"open","ping_status":"closed","template":"","meta":{"_et_pb_use_builder":"","_et_pb_old_content":"","_et_gb_content_width":""},"product_brand":[],"product_cat":[101],"product_tag":[],"class_list":{"0":"post-6375","1":"product","2":"type-product","3":"status-publish","4":"has-post-thumbnail","6":"product_cat-coupling","8":"first","9":"instock","10":"shipping-taxable","11":"product-type-simple"},"_links":{"self":[{"href":"https:\/\/fmp-components.com\/pt\/wp-json\/wp\/v2\/product\/6375","targetHints":{"allow":["GET"]}}],"collection":[{"href":"https:\/\/fmp-components.com\/pt\/wp-json\/wp\/v2\/product"}],"about":[{"href":"https:\/\/fmp-components.com\/pt\/wp-json\/wp\/v2\/types\/product"}],"replies":[{"embeddable":true,"href":"https:\/\/fmp-components.com\/pt\/wp-json\/wp\/v2\/comments?post=6375"}],"wp:featuredmedia":[{"embeddable":true,"href":"https:\/\/fmp-components.com\/pt\/wp-json\/wp\/v2\/media\/6376"}],"wp:attachment":[{"href":"https:\/\/fmp-components.com\/pt\/wp-json\/wp\/v2\/media?parent=6375"}],"wp:term":[{"taxonomy":"product_brand","embeddable":true,"href":"https:\/\/fmp-components.com\/pt\/wp-json\/wp\/v2\/product_brand?post=6375"},{"taxonomy":"product_cat","embeddable":true,"href":"https:\/\/fmp-components.com\/pt\/wp-json\/wp\/v2\/product_cat?post=6375"},{"taxonomy":"product_tag","embeddable":true,"href":"https:\/\/fmp-components.com\/pt\/wp-json\/wp\/v2\/product_tag?post=6375"}],"curies":[{"name":"wp","href":"https:\/\/api.w.org\/{rel}","templated":true}]}}