{"id":604,"date":"2024-12-17T01:34:18","date_gmt":"2024-12-17T01:34:18","guid":{"rendered":"https:\/\/fmp-components.com\/?page_id=8"},"modified":"2024-12-17T02:06:31","modified_gmt":"2024-12-17T02:06:31","slug":"hydraulic-cylinder-for-filter-press","status":"publish","type":"product","link":"https:\/\/fmp-components.com\/pt\/product\/hydraulic-cylinder-for-filter-press\/","title":{"rendered":"Cilindro Hidr\u00e1ulico para Filtro Prensa"},"content":{"rendered":"<p style=\"text-align: center;\"><span style=\"font-size: 18pt;\">Cilindro Hidr\u00e1ulico para Filtro Prensa<\/span><\/p>\n<p>O Cilindro Hidr\u00e1ulico para Filtro Prensa \u00e9 um componente hidr\u00e1ulico especializado, projetado para fornecer a for\u00e7a necess\u00e1ria para a opera\u00e7\u00e3o de filtros prensa em diversas aplica\u00e7\u00f5es industriais, como tratamento de \u00e1guas residuais, processamento de alimentos e fabrica\u00e7\u00e3o de produtos qu\u00edmicos. Este cilindro desempenha um papel vital no processo de filtra\u00e7\u00e3o, aplicando press\u00e3o \u00e0s placas do filtro prensa, garantindo a separa\u00e7\u00e3o eficiente de s\u00f3lidos e l\u00edquidos.<\/p>\n<p><img loading=\"lazy\" decoding=\"async\" class=\"alignnone size-full wp-image-609\" src=\"https:\/\/fmp-components.com\/wp-content\/uploads\/2024\/12\/Filter-Press-Hydraulic-Cylinder-1.webp\" alt=\"Filtro-Prensa-Cilindro-Hidr\u00e1ulico\" width=\"1000\" height=\"600\" title=\"\" srcset=\"https:\/\/fmp-components.com\/wp-content\/uploads\/2024\/12\/Filter-Press-Hydraulic-Cylinder-1.webp 1000w, https:\/\/fmp-components.com\/wp-content\/uploads\/2024\/12\/Filter-Press-Hydraulic-Cylinder-1-980x588.webp 980w, https:\/\/fmp-components.com\/wp-content\/uploads\/2024\/12\/Filter-Press-Hydraulic-Cylinder-1-480x288.webp 480w\" sizes=\"(min-width: 0px) and (max-width: 480px) 480px, (min-width: 481px) and (max-width: 980px) 980px, (min-width: 981px) 1000px, 100vw\" \/><\/p>\n<h4>Principais caracter\u00edsticas:<\/h4>\n<ul>\n<li><strong>Capacidade de alta press\u00e3o:<\/strong> Projetado para suportar altas press\u00f5es operacionais, este cilindro hidr\u00e1ulico fornece a for\u00e7a necess\u00e1ria para atingir a efici\u00eancia ideal de filtragem.<\/li>\n<li><strong>Constru\u00e7\u00e3o robusta:<\/strong> Feito de materiais de alta resist\u00eancia, o cilindro hidr\u00e1ulico do filtro prensa \u00e9 constru\u00eddo para suportar as condi\u00e7\u00f5es exigentes dos processos de filtragem, garantindo durabilidade e confiabilidade duradouras.<\/li>\n<li><strong>Opera\u00e7\u00e3o suave:<\/strong> O design hidr\u00e1ulico avan\u00e7ado permite movimentos suaves e controlados, facilitando ajustes precisos durante a opera\u00e7\u00e3o do filtro prensa.<\/li>\n<li><strong>Aplica\u00e7\u00e3o vers\u00e1til:<\/strong> Ideal para uma ampla gama de ind\u00fastrias, incluindo minera\u00e7\u00e3o, farmac\u00eautica e produ\u00e7\u00e3o de alimentos, este cilindro melhora a funcionalidade de filtros-prensa em diversas aplica\u00e7\u00f5es.<\/li>\n<li><strong>Baixa necessidade de manuten\u00e7\u00e3o:<\/strong> Projetado para desgaste m\u00ednimo, o cilindro hidr\u00e1ulico requer menos manuten\u00e7\u00e3o, reduzindo o tempo de inatividade e contribuindo para o aumento da efici\u00eancia operacional.<\/li>\n<\/ul>\n<p>Em resumo, o Cilindro Hidr\u00e1ulico do Filtro Prensa \u00e9 um componente essencial que otimiza o desempenho dos filtros prensa, tornando-o indispens\u00e1vel para uma separa\u00e7\u00e3o s\u00f3lida-l\u00edquida eficaz em diversos ambientes industriais.<\/p>\n<h2>Especifica\u00e7\u00f5es do cilindro hidr\u00e1ulico do filtro prensa:<\/h2>\n<p><img loading=\"lazy\" decoding=\"async\" class=\"size-full wp-image-605 aligncenter\" src=\"https:\/\/fmp-components.com\/wp-content\/uploads\/2024\/12\/Filter-Press-Hydraulic-Cylinder1.webp\" alt=\"Cilindro Hidr\u00e1ulico de Filtro Prensa\" width=\"500\" height=\"200\" title=\"\" srcset=\"https:\/\/fmp-components.com\/wp-content\/uploads\/2024\/12\/Filter-Press-Hydraulic-Cylinder1.webp 500w, https:\/\/fmp-components.com\/wp-content\/uploads\/2024\/12\/Filter-Press-Hydraulic-Cylinder1-480x192.webp 480w\" sizes=\"(min-width: 0px) and (max-width: 480px) 480px, (min-width: 481px) 500px, 100vw\" \/><\/p>\n<table style=\"width: 102.341%; height: 208px;\" border=\"1\" cellspacing=\"0\" cellpadding=\"0\">\n<tbody>\n<tr>\n<td style=\"width: 25.9768%;\">Nome do produto<\/td>\n<td style=\"width: 73.9176%;\">Cilindro Hidr\u00e1ulico de Filtro Prensa<\/td>\n<\/tr>\n<tr>\n<td style=\"width: 25.9768%;\">Caracter\u00edsticas:<\/td>\n<td style=\"width: 73.9176%;\">Forne\u00e7a impulso\/empurre a placa de press\u00e3o para comprimir\/puxe a press\u00e3o para comprimir a placa de press\u00e3o<\/td>\n<\/tr>\n<tr>\n<td style=\"width: 25.9768%;\">Di\u00e2metro do furo:<\/td>\n<td style=\"width: 73.9176%;\">160 mm \uff5e 580 mm<\/td>\n<\/tr>\n<tr>\n<td style=\"width: 25.9768%;\">Di\u00e2metro da haste:<\/td>\n<td style=\"width: 73.9176%;\">110 mm \uff5e 410 mm<br \/>\nCurso \u22642600mm<\/td>\n<\/tr>\n<tr>\n<td style=\"width: 25.9768%;\">For\u00e7a de empuxo:<\/td>\n<td style=\"width: 73.9176%;\">M\u00e1ximo 11889KN<br \/>\n(Di\u00e2metro do cilindro 580 mm\/press\u00e3o 45 MPa)<\/td>\n<\/tr>\n<tr>\n<td style=\"width: 25.9768%;\">Aplica\u00e7\u00f5es do Cilindro de Prensa de Filtro:<\/td>\n<td style=\"width: 73.9176%;\">Filtro Prensa<\/td>\n<\/tr>\n<\/tbody>\n<\/table>\n<h2>Vantagens do Cilindro Hidr\u00e1ulico do Filtro Prensa<\/h2>\n<p>Cilindros hidr\u00e1ulicos para filtros prensa s\u00e3o componentes essenciais na opera\u00e7\u00e3o de filtros prensa, amplamente utilizados em diversos setores, como tratamento de \u00e1gua, processamento qu\u00edmico, minera\u00e7\u00e3o e produ\u00e7\u00e3o de alimentos. Esses cilindros desempenham um papel crucial nos processos de prensagem e desidrata\u00e7\u00e3o. Abaixo, algumas das principais vantagens do uso de cilindros hidr\u00e1ulicos em filtros prensa:<\/p>\n<h3>1. Capacidade de alta press\u00e3o<\/h3>\n<p>Os cilindros hidr\u00e1ulicos em filtros-prensa s\u00e3o projetados para suportar press\u00f5es muito altas, normalmente variando de 200 a 1.000 bar, dependendo do tamanho do filtro-prensa. Isso \u00e9 crucial para aplicar a for\u00e7a necess\u00e1ria para comprimir as placas do filtro, expulsando o filtrado e garantindo a desidrata\u00e7\u00e3o eficiente da polpa.<\/p>\n<h3>2. Controle preciso e ajustabilidade<\/h3>\n<p>Os sistemas hidr\u00e1ulicos proporcionam controle preciso da for\u00e7a de prensagem. A press\u00e3o pode ser ajustada e controlada para otimizar o processo de filtragem, permitindo um desempenho eficiente e consistente. Essa precis\u00e3o tamb\u00e9m garante a seguran\u00e7a do equipamento e ajuda a minimizar o desgaste.<\/p>\n<h3>3. Opera\u00e7\u00e3o automatizada<\/h3>\n<p>Cilindros hidr\u00e1ulicos permitem opera\u00e7\u00e3o automatizada, reduzindo a necessidade de interven\u00e7\u00e3o manual. O filtro prensa pode ajustar automaticamente a press\u00e3o durante o ciclo de filtra\u00e7\u00e3o, garantindo desempenho ideal e economizando tempo e custos de m\u00e3o de obra.<\/p>\n<h3>4. Durabilidade e confiabilidade<\/h3>\n<p>Os cilindros hidr\u00e1ulicos utilizados em filtros prensa s\u00e3o feitos de materiais de alta resist\u00eancia e projetados para suportar condi\u00e7\u00f5es operacionais adversas, como exposi\u00e7\u00e3o a produtos qu\u00edmicos corrosivos ou lamas abrasivas. Isso os torna altamente dur\u00e1veis \u200b\u200be confi\u00e1veis, reduzindo o tempo de inatividade e a necessidade de substitui\u00e7\u00f5es frequentes.<\/p>\n<h3>5. Compacto e com economia de espa\u00e7o<\/h3>\n<p>Os cilindros hidr\u00e1ulicos s\u00e3o compactos e fornecem alta for\u00e7a sem exigir muito espa\u00e7o. Isso \u00e9 particularmente importante em ind\u00fastrias com espa\u00e7o limitado, como esta\u00e7\u00f5es de tratamento de \u00e1guas residuais ou instala\u00e7\u00f5es de processamento qu\u00edmico.<\/p>\n<h3>6. Efici\u00eancia Energ\u00e9tica<\/h3>\n<p>Sistemas hidr\u00e1ulicos podem ser mais eficientes em termos de energia em compara\u00e7\u00e3o com outros sistemas mec\u00e2nicos, pois utilizam fluido pressurizado para transmitir for\u00e7a. Isso pode ajudar a reduzir o consumo geral de energia do sistema de filtro-prensa, contribuindo para a economia de custos a longo prazo.<\/p>\n<h3>7. Baixa manuten\u00e7\u00e3o<\/h3>\n<p>Cilindros hidr\u00e1ulicos geralmente requerem menos manuten\u00e7\u00e3o em compara\u00e7\u00e3o com sistemas mec\u00e2nicos ou pneum\u00e1ticos. Com os devidos cuidados, como verifica\u00e7\u00f5es regulares de fluidos e manuten\u00e7\u00e3o da veda\u00e7\u00e3o, os cilindros hidr\u00e1ulicos podem oferecer longa vida \u00fatil, o que \u00e9 econ\u00f4mico para ind\u00fastrias que dependem de filtragem cont\u00ednua.<\/p>\n<h3>8. Capacidade de lidar com cargas maiores<\/h3>\n<p>Os sistemas hidr\u00e1ulicos podem gerar uma for\u00e7a significativa em rela\u00e7\u00e3o ao seu tamanho, tornando-os ideais para lidar com as altas cargas exigidas pelos filtros-prensa. Essa capacidade permite que os filtros-prensa manipulem volumes maiores de polpa e produzam resultados de desidrata\u00e7\u00e3o mais eficientes.<\/p>\n<h3>9. Desgaste reduzido<\/h3>\n<p>Cilindros hidr\u00e1ulicos utilizam fluido para criar movimento, o que reduz o atrito e o desgaste mec\u00e2nico normalmente observados em sistemas com articula\u00e7\u00f5es mec\u00e2nicas. Isso prolonga a vida \u00fatil de todo o sistema de filtro-prensa.<\/p>\n<h3>10. Recursos de seguran\u00e7a<\/h3>\n<p>Muitos sistemas hidr\u00e1ulicos em filtros-prensa v\u00eam com mecanismos de seguran\u00e7a integrados, como v\u00e1lvulas de al\u00edvio de press\u00e3o e sensores, que ajudam a evitar sobrecargas do sistema e proteger o equipamento contra danos.<\/p>\n<h3>11. Designs personaliz\u00e1veis<\/h3>\n<p>Cilindros hidr\u00e1ulicos para filtros prensa podem ser adaptados para atender aos requisitos espec\u00edficos da aplica\u00e7\u00e3o. Seja em termos de press\u00e3o, curso ou sele\u00e7\u00e3o de material, os cilindros hidr\u00e1ulicos podem ser projetados para atender \u00e0s necessidades espec\u00edficas de um determinado setor ou processo de filtra\u00e7\u00e3o.<\/p>\n<p>Em resumo, as vantagens dos cilindros hidr\u00e1ulicos em filtros-prensa decorrem de sua alta capacidade de press\u00e3o, controle preciso, confiabilidade, efici\u00eancia energ\u00e9tica e durabilidade. Essas caracter\u00edsticas os tornam a escolha ideal para ind\u00fastrias que precisam de solu\u00e7\u00f5es de filtragem robustas e eficientes.<\/p>\n<p><img loading=\"lazy\" decoding=\"async\" class=\"alignnone size-full wp-image-610\" src=\"https:\/\/fmp-components.com\/wp-content\/uploads\/2024\/12\/fmwYxuKu-hydraulic-cylinder-factory-1.webp\" alt=\"f\u00e1brica de cilindros hidr\u00e1ulicos\" width=\"1049\" height=\"665\" title=\"\" srcset=\"https:\/\/fmp-components.com\/wp-content\/uploads\/2024\/12\/fmwYxuKu-hydraulic-cylinder-factory-1.webp 1049w, https:\/\/fmp-components.com\/wp-content\/uploads\/2024\/12\/fmwYxuKu-hydraulic-cylinder-factory-1-980x621.webp 980w, https:\/\/fmp-components.com\/wp-content\/uploads\/2024\/12\/fmwYxuKu-hydraulic-cylinder-factory-1-480x304.webp 480w\" sizes=\"(min-width: 0px) and (max-width: 480px) 480px, (min-width: 481px) and (max-width: 980px) 980px, (min-width: 981px) 1049px, 100vw\" \/><\/p>\n<h2>Aplica\u00e7\u00f5es do Cilindro Hidr\u00e1ulico do Filtro Prensa<\/h2>\n<h3>1. Tratamento de \u00e1guas residuais<\/h3>\n<p>Cilindros hidr\u00e1ulicos de filtro prensa s\u00e3o amplamente utilizados em esta\u00e7\u00f5es de tratamento de \u00e1guas residuais para separar s\u00f3lidos de l\u00edquidos de forma eficaz. Ao aplicar press\u00e3o significativa, esses cilindros ajudam a garantir que os efluentes atendam aos rigorosos padr\u00f5es regulat\u00f3rios antes de serem descartados no meio ambiente. Esse processo n\u00e3o apenas protege a qualidade da \u00e1gua, mas tamb\u00e9m promove pr\u00e1ticas sustent\u00e1veis \u200b\u200bde gest\u00e3o de res\u00edduos, tornando-se um componente crucial nas opera\u00e7\u00f5es de tratamento de \u00e1guas residuais municipais e industriais.<\/p>\n<h3>2. Ind\u00fastria de Alimentos e Bebidas<\/h3>\n<p>No setor de processamento de alimentos, os cilindros hidr\u00e1ulicos para filtros-prensa desempenham um papel vital em diversas aplica\u00e7\u00f5es, como clarifica\u00e7\u00e3o de sucos, extra\u00e7\u00e3o de \u00f3leos e separa\u00e7\u00e3o de s\u00f3lidos de produtos l\u00edquidos. Ao aprimorar o processo de filtra\u00e7\u00e3o, esses cilindros contribuem para a produ\u00e7\u00e3o de alimentos e bebidas de alta qualidade, garantindo que os produtos estejam livres de impurezas e atendam aos padr\u00f5es de seguran\u00e7a. Sua efici\u00eancia ajuda os fabricantes a otimizar os processos de produ\u00e7\u00e3o e manter a consist\u00eancia do produto.<\/p>\n<h3>3. Fabrica\u00e7\u00e3o de produtos qu\u00edmicos<\/h3>\n<p>Em plantas qu\u00edmicas, os cilindros hidr\u00e1ulicos de filtro-prensa s\u00e3o essenciais para a separa\u00e7\u00e3o eficiente de s\u00f3lidos de lamas. Essa capacidade auxilia na purifica\u00e7\u00e3o de produtos qu\u00edmicos e na recupera\u00e7\u00e3o de materiais valiosos, tornando o processo de fabrica\u00e7\u00e3o mais econ\u00f4mico e ecologicamente correto. Ao garantir que apenas subst\u00e2ncias puras sejam utilizadas na produ\u00e7\u00e3o, esses cilindros ajudam a manter a integridade dos produtos qu\u00edmicos e a cumprir as regulamenta\u00e7\u00f5es do setor.<\/p>\n<h3>4. Minera\u00e7\u00e3o e Processamento de Minerais<\/h3>\n<p>Na ind\u00fastria de minera\u00e7\u00e3o, esses cilindros hidr\u00e1ulicos s\u00e3o essenciais para a desidrata\u00e7\u00e3o de concentrados e rejeitos. Eles facilitam a separa\u00e7\u00e3o da \u00e1gua dos materiais extra\u00eddos, auxiliando no gerenciamento de res\u00edduos e na recupera\u00e7\u00e3o de minerais valiosos do min\u00e9rio. Isso n\u00e3o apenas aumenta a efici\u00eancia operacional, como tamb\u00e9m minimiza o impacto ambiental das atividades de minera\u00e7\u00e3o, reduzindo o consumo de \u00e1gua e promovendo a reciclagem de res\u00edduos.<\/p>\n<h3>5. Produtos Farmac\u00eauticos<\/h3>\n<p>Na ind\u00fastria farmac\u00eautica, os cilindros hidr\u00e1ulicos de filtro-prensa auxiliam nos processos de filtra\u00e7\u00e3o e purifica\u00e7\u00e3o essenciais para a produ\u00e7\u00e3o de medicamentos seguros e de alta qualidade. Ao remover impurezas com efic\u00e1cia e garantir a transpar\u00eancia das formula\u00e7\u00f5es l\u00edquidas, esses cilindros ajudam os fabricantes a cumprir rigorosos padr\u00f5es regulat\u00f3rios e a manter a efic\u00e1cia dos produtos. Seu papel \u00e9 crucial para garantir que os produtos farmac\u00eauticos sejam seguros para consumo e eficazes no tratamento de condi\u00e7\u00f5es m\u00e9dicas.<\/p>\n<h3>6. Ind\u00fastria de Celulose e Papel<\/h3>\n<p>Cilindros hidr\u00e1ulicos de filtro-prensa s\u00e3o empregados na ind\u00fastria de celulose e papel para desidratar a celulose, separando eficazmente a \u00e1gua da fibra durante a produ\u00e7\u00e3o. Esse processo n\u00e3o apenas melhora a efici\u00eancia da linha de produ\u00e7\u00e3o, como tamb\u00e9m auxilia na produ\u00e7\u00e3o de produtos de papel de maior qualidade. Ao minimizar o teor de \u00e1gua, esses cilindros contribuem para a economia de energia e aumentam a sustentabilidade geral do processo de fabrica\u00e7\u00e3o de papel.<\/p>\n<h3>7. Remedia\u00e7\u00e3o Ambiental<\/h3>\n<p>Em opera\u00e7\u00f5es de limpeza ambiental, cilindros hidr\u00e1ulicos de filtro prensa s\u00e3o utilizados para filtrar contaminantes do solo e da \u00e1gua. Ao separar eficazmente subst\u00e2ncias nocivas de materiais limpos, esses cilindros desempenham um papel significativo na restaura\u00e7\u00e3o de locais polu\u00eddos e na promo\u00e7\u00e3o da recupera\u00e7\u00e3o ambiental. Sua aplica\u00e7\u00e3o em projetos de remedia\u00e7\u00e3o ressalta sua import\u00e2ncia na prote\u00e7\u00e3o de ecossistemas e da sa\u00fade p\u00fablica.<\/p>\n<p>Os cilindros hidr\u00e1ulicos para filtros prensa s\u00e3o componentes vers\u00e1teis que aumentam a efici\u00eancia e a efic\u00e1cia da separa\u00e7\u00e3o s\u00f3lido-l\u00edquido em diversos setores. Sua capacidade de garantir a qualidade do produto e a conformidade com as normas ambientais os torna indispens\u00e1veis \u200b\u200bno tratamento de efluentes, processamento de alimentos, fabrica\u00e7\u00e3o de produtos qu\u00edmicos, minera\u00e7\u00e3o, ind\u00fastria farmac\u00eautica, produ\u00e7\u00e3o de celulose e papel e remedia\u00e7\u00e3o ambiental. Ao otimizar esses processos cr\u00edticos, os cilindros hidr\u00e1ulicos para filtros prensa contribuem significativamente para a efici\u00eancia operacional e a sustentabilidade em diversas aplica\u00e7\u00f5es.<\/p>\n<p><img loading=\"lazy\" decoding=\"async\" class=\"alignnone size-full wp-image-607\" src=\"https:\/\/fmp-components.com\/wp-content\/uploads\/2024\/12\/Filter-Press-Hydraulic-Cylinder.webp\" alt=\"Filtro-Prensa-Cilindro-Hidr\u00e1ulico\" width=\"1024\" height=\"597\" title=\"\" srcset=\"https:\/\/fmp-components.com\/wp-content\/uploads\/2024\/12\/Filter-Press-Hydraulic-Cylinder.webp 1024w, https:\/\/fmp-components.com\/wp-content\/uploads\/2024\/12\/Filter-Press-Hydraulic-Cylinder-980x571.webp 980w, https:\/\/fmp-components.com\/wp-content\/uploads\/2024\/12\/Filter-Press-Hydraulic-Cylinder-480x280.webp 480w\" sizes=\"(min-width: 0px) and (max-width: 480px) 480px, (min-width: 481px) and (max-width: 980px) 980px, (min-width: 981px) 1024px, 100vw\" \/><\/p>\n<h3>Sobre a FMP<\/h3>\n<p>A FMP \u00e9 uma empresa especializada em fabrica\u00e7\u00e3o mec\u00e2nica, dedicada \u00e0 produ\u00e7\u00e3o de cilindros hidr\u00e1ulicos. Desde a sua funda\u00e7\u00e3o, a empresa tem se concentrado na pesquisa e fabrica\u00e7\u00e3o de tecnologia hidr\u00e1ulica, transitando com sucesso de uma gama diversificada de produtos, que inclu\u00eda m\u00e1quinas para colheita e constru\u00e7\u00e3o, para a especializa\u00e7\u00e3o em componentes para tratores agr\u00edcolas. Com mais de uma d\u00e9cada de experi\u00eancia em fabrica\u00e7\u00e3o e gest\u00e3o, a FMP garante produtos de alta qualidade por meio de t\u00e9cnicas avan\u00e7adas de produ\u00e7\u00e3o.<\/p>\n<p>\u00c0 medida que a empresa evoluiu, desenvolveu uma linha de produ\u00e7\u00e3o de usinagem abrangente, uma linha de montagem e uma linha de revestimento. Nossa equipe \u00e9 composta por gestores qualificados, projetistas mec\u00e2nicos experientes e t\u00e9cnicos altamente treinados que trabalham juntos para manter a qualidade da produ\u00e7\u00e3o est\u00e1vel, controlando eficazmente a continuidade e a efici\u00eancia do processo.<\/p>\n<p>A FMP defende a filosofia de \"Inova\u00e7\u00e3o Tecnol\u00f3gica Impulsionando o Progresso, Qualidade Criando Marcas, Artesanato Garantindo a Qualidade e Construindo Relacionamentos de Longo Prazo em que Todos Ganhamos\". Nosso compromisso em fornecer produtos de alta qualidade e atendimento ao cliente superior continua sendo um objetivo fundamental, \u00e0 medida que continuamos a atender \u00e0s necessidades em constante evolu\u00e7\u00e3o do mercado.<\/p>\n<p><img loading=\"lazy\" decoding=\"async\" class=\"alignnone size-full wp-image-426\" src=\"https:\/\/fmp-components.com\/wp-content\/uploads\/2024\/12\/Sanitation-Machinery-Locking-Hydraulic-Cylinder-factory.webp\" sizes=\"(min-width: 0px) and (max-width: 480px) 480px, (min-width: 481px) and (max-width: 980px) 980px, (min-width: 981px) and (max-width: 1280px) 1280px, (min-width: 1281px) 1414px, 100vw\" srcset=\"https:\/\/fmp-components.com\/wp-content\/uploads\/2024\/12\/Sanitation-Machinery-Locking-Hydraulic-Cylinder-factory.webp 1414w, https:\/\/fmp-components.com\/wp-content\/uploads\/2024\/12\/Sanitation-Machinery-Locking-Hydraulic-Cylinder-factory-1280x529.webp 1280w, https:\/\/fmp-components.com\/wp-content\/uploads\/2024\/12\/Sanitation-Machinery-Locking-Hydraulic-Cylinder-factory-980x405.webp 980w, https:\/\/fmp-components.com\/wp-content\/uploads\/2024\/12\/Sanitation-Machinery-Locking-Hydraulic-Cylinder-factory-480x198.webp 480w\" alt=\"F\u00e1brica de Cilindros Hidr\u00e1ulicos de Bloqueio de M\u00e1quinas de Saneamento\" width=\"1414\" height=\"584\" title=\"\"><\/p>\n<p>Autor: CX<\/p>","protected":false},"excerpt":{"rendered":"<p>O Cilindro Hidr\u00e1ulico para Filtro Prensa \u00e9 um componente essencial projetado para fornecer a for\u00e7a necess\u00e1ria para a opera\u00e7\u00e3o eficiente de filtros prensa em diversas aplica\u00e7\u00f5es industriais. Este cilindro aplica press\u00e3o \u00e0s placas do filtro, garantindo a separa\u00e7\u00e3o eficaz de s\u00f3lidos e l\u00edquidos durante o processo de filtra\u00e7\u00e3o. Constru\u00eddo com materiais de alta resist\u00eancia, ele \u00e9 projetado para suportar as condi\u00e7\u00f5es exigentes t\u00edpicas de ambientes de filtra\u00e7\u00e3o, garantindo durabilidade e confiabilidade. A a\u00e7\u00e3o hidr\u00e1ulica suave permite um controle preciso, aumentando a efici\u00eancia e a efic\u00e1cia geral do processo de filtra\u00e7\u00e3o. Este cilindro hidr\u00e1ulico \u00e9 essencial para otimizar o desempenho de filtros prensa, tornando-se um elemento cr\u00edtico em ind\u00fastrias como tratamento de \u00e1guas residuais, processamento de alimentos e fabrica\u00e7\u00e3o de produtos qu\u00edmicos.<\/p>","protected":false},"featured_media":606,"comment_status":"open","ping_status":"closed","template":"","meta":{"_et_pb_use_builder":"","_et_pb_old_content":"","_et_gb_content_width":""},"product_brand":[],"product_cat":[27],"product_tag":[],"class_list":{"0":"post-604","1":"product","2":"type-product","3":"status-publish","4":"has-post-thumbnail","6":"product_cat-industrial-engineering-hydraulic-cylinders","8":"first","9":"instock","10":"shipping-taxable","11":"product-type-simple"},"_links":{"self":[{"href":"https:\/\/fmp-components.com\/pt\/wp-json\/wp\/v2\/product\/604","targetHints":{"allow":["GET"]}}],"collection":[{"href":"https:\/\/fmp-components.com\/pt\/wp-json\/wp\/v2\/product"}],"about":[{"href":"https:\/\/fmp-components.com\/pt\/wp-json\/wp\/v2\/types\/product"}],"replies":[{"embeddable":true,"href":"https:\/\/fmp-components.com\/pt\/wp-json\/wp\/v2\/comments?post=604"}],"wp:featuredmedia":[{"embeddable":true,"href":"https:\/\/fmp-components.com\/pt\/wp-json\/wp\/v2\/media\/606"}],"wp:attachment":[{"href":"https:\/\/fmp-components.com\/pt\/wp-json\/wp\/v2\/media?parent=604"}],"wp:term":[{"taxonomy":"product_brand","embeddable":true,"href":"https:\/\/fmp-components.com\/pt\/wp-json\/wp\/v2\/product_brand?post=604"},{"taxonomy":"product_cat","embeddable":true,"href":"https:\/\/fmp-components.com\/pt\/wp-json\/wp\/v2\/product_cat?post=604"},{"taxonomy":"product_tag","embeddable":true,"href":"https:\/\/fmp-components.com\/pt\/wp-json\/wp\/v2\/product_tag?post=604"}],"curies":[{"name":"wp","href":"https:\/\/api.w.org\/{rel}","templated":true}]}}