{"id":5256,"date":"2025-02-05T05:17:19","date_gmt":"2025-02-05T05:17:19","guid":{"rendered":"https:\/\/fmp-components.com\/?post_type=product&#038;p=5256"},"modified":"2025-02-05T06:13:06","modified_gmt":"2025-02-05T06:13:06","slug":"hand-or-electric-chain-hoist-sprocket-for-crane-lifting","status":"publish","type":"product","link":"https:\/\/fmp-components.com\/pt\/product\/hand-or-electric-chain-hoist-sprocket-for-crane-lifting\/","title":{"rendered":"Roda dentada para talha de corrente manual ou el\u00e9trica para eleva\u00e7\u00e3o de guindaste"},"content":{"rendered":"<h2>Vis\u00e3o geral do produto Roda dentada para talha de corrente<\/h2>\n<p>A roda dentada para talha de corrente foi projetada para facilitar a opera\u00e7\u00e3o, oferecer portabilidade e garantir seguran\u00e7a, tornando-se uma escolha popular entre os usu\u00e1rios. Com seu design inovador e funcionamento suave, esta roda dentada se destaca em aplica\u00e7\u00f5es de eleva\u00e7\u00e3o de cargas pesadas. Mas o que a diferencia?<\/p>\n<p>A roda dentada do guincho de corrente \u00e9 constru\u00edda com componentes como ganchos, correntes e outras pe\u00e7as que possuem alta capacidade de carga, excelente resist\u00eancia e robustez. Essas caracter\u00edsticas garantem que a roda dentada permane\u00e7a dur\u00e1vel e resistente a quebras durante o uso, melhorando significativamente a seguran\u00e7a operacional. A constru\u00e7\u00e3o robusta da roda dentada permite que ela levante cargas pesadas de forma consistente por longos per\u00edodos, aumentando a efici\u00eancia do trabalho e reduzindo a necessidade de m\u00e3o de obra manual.<\/p>\n<p>Amplamente utilizada em setores como energia, transporte, constru\u00e7\u00e3o de pontes e minera\u00e7\u00e3o de carv\u00e3o, a roda dentada para talhas de corrente oferece vantagens exclusivas que contribuem para opera\u00e7\u00f5es mais eficientes e seguras em diversas \u00e1reas, tornando-se uma ferramenta indispens\u00e1vel para o aumento da produtividade.<\/p>\n<h3>Design de polia fixa aprimorado<\/h3>\n<p>A roda dentada para talha de corrente \u00e9 uma vers\u00e3o avan\u00e7ada da polia fixa tradicional, combinando as melhores caracter\u00edsticas desta com funcionalidades adicionais. Ela integra um redutor, um freio de reten\u00e7\u00e3o reverso e a roda dentada para talha de corrente, tudo dentro de um sistema de engrenagens cil\u00edndricas secund\u00e1rias sim\u00e9tricas. Essa configura\u00e7\u00e3o \u00e9 simples, dur\u00e1vel e altamente eficiente.<\/p>\n<p>O funcionamento \u00e9 simples: a corrente manual e a roda dentada s\u00e3o puxadas para engatar a catraca da placa de fric\u00e7\u00e3o e o assento do freio, fazendo com que girem em conjunto. \u00c0 medida que o eixo com dentes longos gira a engrenagem da placa, o eixo com dentes curtos e a engrenagem com furos estriados acompanham o movimento. Essa a\u00e7\u00e3o aciona a roda dentada da corrente de eleva\u00e7\u00e3o, que por sua vez move a corrente de eleva\u00e7\u00e3o para levantar a carga pesada de forma constante. Al\u00e9m disso, o mecanismo de freio unidirecional, com uma placa de fric\u00e7\u00e3o com catraca, garante a frenagem autom\u00e1tica sob carga. A lingueta engata na catraca sob a tens\u00e3o da mola, permitindo que o freio funcione de forma segura e confi\u00e1vel.<\/p>\n<p>A roda dentada do guincho de corrente foi projetada para proporcionar eleva\u00e7\u00e3o confi\u00e1vel, eficiente e segura, tornando-a a escolha ideal para tarefas industriais exigentes.<\/p>\n<h3>Manuten\u00e7\u00e3o da roda dentada do guincho manual de corrente<\/h3>\n<p>A talha manual de corrente \u00e9 utilizada principalmente para levantar objetos pesados \u200b\u200be instalar equipamentos. Para garantir uma opera\u00e7\u00e3o segura e eficiente, os seguintes passos devem ser seguidos antes de iniciar qualquer tarefa de eleva\u00e7\u00e3o:<\/p>\n<ol>\n<li><strong>Verificar capacidade de carga<\/strong>Certifique-se de que o peso do objeto a ser i\u00e7ado esteja dentro da capacidade de carga nominal da talha manual de corrente para evitar sobrecarga.<\/li>\n<li><strong>Inspecione o ambiente de trabalho.<\/strong>Verifique se a \u00e1rea de trabalho atende aos requisitos de seguran\u00e7a necess\u00e1rios. Estabele\u00e7a uma zona de seguran\u00e7a designada ao redor da opera\u00e7\u00e3o de i\u00e7amento para minimizar o risco de acidentes.<\/li>\n<li><strong>Examine os componentes do guincho.<\/strong>Inspecione o guincho manual de corrente, prestando muita aten\u00e7\u00e3o a quaisquer sinais de ferrugem, desgaste ou rachaduras em suas pe\u00e7as. Se algum problema for encontrado, interrompa a opera\u00e7\u00e3o imediatamente e substitua ou repare os componentes danificados.<\/li>\n<li><strong>Fixe a carga<\/strong>Certifique-se de que a carga esteja devidamente presa antes de i\u00e7\u00e1-la para evitar que caia durante a opera\u00e7\u00e3o.<\/li>\n<\/ol>\n<p>Seguindo estas diretrizes de manuten\u00e7\u00e3o e seguran\u00e7a, voc\u00ea pode garantir a longevidade da roda dentada do seu guincho manual de corrente, mantendo tamb\u00e9m um ambiente de trabalho seguro.<\/p>\n<table style=\"width: 100%;\" border=\"1\" width=\"100%\" cellspacing=\"0\" cellpadding=\"0\">\n<tbody>\n<tr style=\"height: 14.40pt;\">\n<td style=\"height: 14.4pt; width: 26.5659%;\" width=\"166\" height=\"24\">guincho manual de corrente<\/td>\n<td style=\"width: 26.5658%;\" width=\"187\">talha el\u00e9trica de corrente<\/td>\n<td style=\"width: 23.2181%;\" width=\"123\">Guincho de alavanca<\/td>\n<td style=\"width: 23.4341%;\" width=\"80\">Carrinho de engrenagens<\/td>\n<\/tr>\n<tr style=\"height: 14.40pt;\">\n<td style=\"height: 14.4pt; width: 26.5659%;\" align=\"right\" height=\"24\"><img loading=\"lazy\" decoding=\"async\" class=\"alignnone size-full wp-image-5267\" src=\"https:\/\/fmp-components.com\/wp-content\/uploads\/2025\/02\/fmp_cast-sprocket-4.webp\" alt=\"fmp_cast-roda dentada\" width=\"300\" height=\"300\" title=\"\" srcset=\"https:\/\/fmp-components.com\/wp-content\/uploads\/2025\/02\/fmp_cast-sprocket-4.webp 300w, https:\/\/fmp-components.com\/wp-content\/uploads\/2025\/02\/fmp_cast-sprocket-4-150x150.webp 150w, https:\/\/fmp-components.com\/wp-content\/uploads\/2025\/02\/fmp_cast-sprocket-4-12x12.webp 12w, https:\/\/fmp-components.com\/wp-content\/uploads\/2025\/02\/fmp_cast-sprocket-4-100x100.webp 100w\" sizes=\"(max-width: 300px) 100vw, 300px\" \/><\/td>\n<td style=\"width: 26.5658%;\" align=\"right\"><img loading=\"lazy\" decoding=\"async\" class=\"alignnone size-full wp-image-5259\" src=\"https:\/\/fmp-components.com\/wp-content\/uploads\/2025\/02\/fmp_cast-sprocket-7.webp\" alt=\"fmp_cast-roda dentada\" width=\"300\" height=\"300\" title=\"\" srcset=\"https:\/\/fmp-components.com\/wp-content\/uploads\/2025\/02\/fmp_cast-sprocket-7.webp 300w, https:\/\/fmp-components.com\/wp-content\/uploads\/2025\/02\/fmp_cast-sprocket-7-150x150.webp 150w, https:\/\/fmp-components.com\/wp-content\/uploads\/2025\/02\/fmp_cast-sprocket-7-12x12.webp 12w, https:\/\/fmp-components.com\/wp-content\/uploads\/2025\/02\/fmp_cast-sprocket-7-100x100.webp 100w\" sizes=\"(max-width: 300px) 100vw, 300px\" \/><\/td>\n<td style=\"width: 23.2181%;\" align=\"right\"><img loading=\"lazy\" decoding=\"async\" class=\"alignnone size-full wp-image-5260\" src=\"https:\/\/fmp-components.com\/wp-content\/uploads\/2025\/02\/fmp_cast-sprocket-9.webp\" alt=\"fmp_cast-roda dentada\" width=\"300\" height=\"300\" title=\"\" srcset=\"https:\/\/fmp-components.com\/wp-content\/uploads\/2025\/02\/fmp_cast-sprocket-9.webp 300w, https:\/\/fmp-components.com\/wp-content\/uploads\/2025\/02\/fmp_cast-sprocket-9-150x150.webp 150w, https:\/\/fmp-components.com\/wp-content\/uploads\/2025\/02\/fmp_cast-sprocket-9-12x12.webp 12w, https:\/\/fmp-components.com\/wp-content\/uploads\/2025\/02\/fmp_cast-sprocket-9-100x100.webp 100w\" sizes=\"(max-width: 300px) 100vw, 300px\" \/><\/td>\n<td style=\"width: 23.4341%;\" align=\"right\"><img loading=\"lazy\" decoding=\"async\" class=\"alignnone size-full wp-image-5266\" src=\"https:\/\/fmp-components.com\/wp-content\/uploads\/2025\/02\/fmp_cast-sprocket-101.webp\" alt=\"fmp_cast-roda dentada\" width=\"225\" height=\"225\" title=\"\" srcset=\"https:\/\/fmp-components.com\/wp-content\/uploads\/2025\/02\/fmp_cast-sprocket-101.webp 225w, https:\/\/fmp-components.com\/wp-content\/uploads\/2025\/02\/fmp_cast-sprocket-101-150x150.webp 150w, https:\/\/fmp-components.com\/wp-content\/uploads\/2025\/02\/fmp_cast-sprocket-101-12x12.webp 12w, https:\/\/fmp-components.com\/wp-content\/uploads\/2025\/02\/fmp_cast-sprocket-101-100x100.webp 100w\" sizes=\"(max-width: 225px) 100vw, 225px\" \/><\/td>\n<\/tr>\n<tr style=\"height: 14.40pt;\">\n<td style=\"height: 14.4pt; width: 26.5659%;\" align=\"right\" height=\"24\"><img loading=\"lazy\" decoding=\"async\" class=\"alignnone size-full wp-image-5262\" src=\"https:\/\/fmp-components.com\/wp-content\/uploads\/2025\/02\/fmp_cast-sprocket-6.webp\" alt=\"roda dentada fundida fmp-\" width=\"300\" height=\"300\" title=\"\" srcset=\"https:\/\/fmp-components.com\/wp-content\/uploads\/2025\/02\/fmp_cast-sprocket-6.webp 300w, https:\/\/fmp-components.com\/wp-content\/uploads\/2025\/02\/fmp_cast-sprocket-6-150x150.webp 150w, https:\/\/fmp-components.com\/wp-content\/uploads\/2025\/02\/fmp_cast-sprocket-6-12x12.webp 12w, https:\/\/fmp-components.com\/wp-content\/uploads\/2025\/02\/fmp_cast-sprocket-6-100x100.webp 100w\" sizes=\"(max-width: 300px) 100vw, 300px\" \/><\/td>\n<td style=\"width: 26.5658%;\" align=\"right\"><img loading=\"lazy\" decoding=\"async\" class=\"alignnone size-full wp-image-5263\" src=\"https:\/\/fmp-components.com\/wp-content\/uploads\/2025\/02\/fmp_cast-sprocket-8.webp\" alt=\"fmp_cast-roda dentada\" width=\"300\" height=\"300\" title=\"\" srcset=\"https:\/\/fmp-components.com\/wp-content\/uploads\/2025\/02\/fmp_cast-sprocket-8.webp 300w, https:\/\/fmp-components.com\/wp-content\/uploads\/2025\/02\/fmp_cast-sprocket-8-150x150.webp 150w, https:\/\/fmp-components.com\/wp-content\/uploads\/2025\/02\/fmp_cast-sprocket-8-12x12.webp 12w, https:\/\/fmp-components.com\/wp-content\/uploads\/2025\/02\/fmp_cast-sprocket-8-100x100.webp 100w\" sizes=\"(max-width: 300px) 100vw, 300px\" \/><\/td>\n<td style=\"width: 23.2181%;\" align=\"right\"><img loading=\"lazy\" decoding=\"async\" class=\"alignnone size-full wp-image-5264\" src=\"https:\/\/fmp-components.com\/wp-content\/uploads\/2025\/02\/fmp_cast-sprocket-81.webp\" alt=\"fmp_cast-roda dentada\" width=\"347\" height=\"347\" title=\"\" srcset=\"https:\/\/fmp-components.com\/wp-content\/uploads\/2025\/02\/fmp_cast-sprocket-81.webp 347w, https:\/\/fmp-components.com\/wp-content\/uploads\/2025\/02\/fmp_cast-sprocket-81-300x300.webp 300w, https:\/\/fmp-components.com\/wp-content\/uploads\/2025\/02\/fmp_cast-sprocket-81-150x150.webp 150w, https:\/\/fmp-components.com\/wp-content\/uploads\/2025\/02\/fmp_cast-sprocket-81-12x12.webp 12w, https:\/\/fmp-components.com\/wp-content\/uploads\/2025\/02\/fmp_cast-sprocket-81-100x100.webp 100w\" sizes=\"(max-width: 347px) 100vw, 347px\" \/><\/td>\n<td style=\"width: 23.4341%;\" align=\"right\"><img loading=\"lazy\" decoding=\"async\" class=\"alignnone size-full wp-image-5265\" src=\"https:\/\/fmp-components.com\/wp-content\/uploads\/2025\/02\/fmp_cast-sprocket-11.webp\" alt=\"fmp_cast-roda dentada\" width=\"300\" height=\"300\" title=\"\" srcset=\"https:\/\/fmp-components.com\/wp-content\/uploads\/2025\/02\/fmp_cast-sprocket-11.webp 300w, https:\/\/fmp-components.com\/wp-content\/uploads\/2025\/02\/fmp_cast-sprocket-11-150x150.webp 150w, https:\/\/fmp-components.com\/wp-content\/uploads\/2025\/02\/fmp_cast-sprocket-11-12x12.webp 12w, https:\/\/fmp-components.com\/wp-content\/uploads\/2025\/02\/fmp_cast-sprocket-11-100x100.webp 100w\" sizes=\"(max-width: 300px) 100vw, 300px\" \/><\/td>\n<\/tr>\n<\/tbody>\n<\/table>\n<h3>Roda dentada para talha de corrente feita de outros materiais<\/h3>\n<table style=\"width: 100%;\" border=\"1\" width=\"100%\" cellspacing=\"0\" cellpadding=\"0\">\n<tbody>\n<tr style=\"height: 14.40pt;\">\n<td style=\"height: 14.4pt; width: 49.0281%; text-align: center;\" align=\"right\" width=\"166\" height=\"24\">Roda dentada de pl\u00e1stico para talha de corrente<\/td>\n<td style=\"width: 50.7559%; text-align: center;\" align=\"right\" width=\"187\">Roda dentada de a\u00e7o inoxid\u00e1vel para talha de corrente<\/td>\n<\/tr>\n<tr style=\"height: 14.40pt;\">\n<td class=\"et2\" style=\"height: 14.4pt; width: 49.0281%;\" height=\"24\"><img loading=\"lazy\" decoding=\"async\" class=\"alignnone wp-image-5268\" src=\"https:\/\/fmp-components.com\/wp-content\/uploads\/2025\/02\/fmp_plastic-sprocket-11.webp\" alt=\"roda dentada de pl\u00e1stico fmp\" width=\"447\" height=\"447\" title=\"\" srcset=\"https:\/\/fmp-components.com\/wp-content\/uploads\/2025\/02\/fmp_plastic-sprocket-11.webp 300w, https:\/\/fmp-components.com\/wp-content\/uploads\/2025\/02\/fmp_plastic-sprocket-11-150x150.webp 150w, https:\/\/fmp-components.com\/wp-content\/uploads\/2025\/02\/fmp_plastic-sprocket-11-12x12.webp 12w, https:\/\/fmp-components.com\/wp-content\/uploads\/2025\/02\/fmp_plastic-sprocket-11-100x100.webp 100w\" sizes=\"(max-width: 447px) 100vw, 447px\" \/><\/td>\n<td class=\"et2\" style=\"width: 50.7559%;\"><img loading=\"lazy\" decoding=\"async\" class=\"alignnone wp-image-5269\" src=\"https:\/\/fmp-components.com\/wp-content\/uploads\/2025\/02\/fmp_plastic-sprocket-12.webp\" alt=\"roda dentada de pl\u00e1stico fmp\" width=\"486\" height=\"486\" title=\"\" srcset=\"https:\/\/fmp-components.com\/wp-content\/uploads\/2025\/02\/fmp_plastic-sprocket-12.webp 300w, https:\/\/fmp-components.com\/wp-content\/uploads\/2025\/02\/fmp_plastic-sprocket-12-150x150.webp 150w, https:\/\/fmp-components.com\/wp-content\/uploads\/2025\/02\/fmp_plastic-sprocket-12-12x12.webp 12w, https:\/\/fmp-components.com\/wp-content\/uploads\/2025\/02\/fmp_plastic-sprocket-12-100x100.webp 100w\" sizes=\"(max-width: 486px) 100vw, 486px\" \/><\/td>\n<\/tr>\n<\/tbody>\n<\/table>\n<h2>Sobre a FMP<\/h2>\n<p>Na FMP, orgulhamo-nos de ser um fabricante l\u00edder de rodas dentadas de alta qualidade, produzidas em nossas instala\u00e7\u00f5es de \u00faltima gera\u00e7\u00e3o na It\u00e1lia. Oferecemos uma ampla gama de rodas dentadas projetadas para atender \u00e0s necessidades espec\u00edficas de diversos setores. Seja para rodas dentadas com furo acabado, rodas dentadas guia, rodas dentadas com bucha c\u00f4nica ou rodas dentadas para transportadores, fabricamos cada produto com precis\u00e3o e durabilidade para garantir o desempenho ideal. Nossa sele\u00e7\u00e3o inclui rodas dentadas em a\u00e7o inoxid\u00e1vel, pl\u00e1stico e a\u00e7o, al\u00e9m de modelos especializados como rodas dentadas de passo duplo e de fileira dupla, permitindo-nos fornecer a solu\u00e7\u00e3o ideal para qualquer aplica\u00e7\u00e3o.<\/p>\n<p>O que diferencia a FMP \u00e9 a nossa dedica\u00e7\u00e3o \u00e0 personaliza\u00e7\u00e3o. Reconhecemos que cada projeto tem requisitos espec\u00edficos, e \u00e9 por isso que oferecemos solu\u00e7\u00f5es de rodas dentadas sob medida para atender \u00e0s suas necessidades exatas. Seja qual for a sua necessidade, desde um design personalizado at\u00e9 exig\u00eancias t\u00e9cnicas espec\u00edficas, nossa equipe de especialistas est\u00e1 pronta para fornecer solu\u00e7\u00f5es precisas, confi\u00e1veis \u200b\u200be de alto desempenho.<\/p>\n<p>Estamos comprometidos com a excel\u00eancia tanto na engenharia quanto na fabrica\u00e7\u00e3o, garantindo que cada engrenagem que produzimos atenda aos mais altos padr\u00f5es de qualidade e seja constru\u00edda para durar. Se voc\u00ea tiver alguma d\u00favida ou precisar de uma solu\u00e7\u00e3o personalizada em engrenagens, n\u00e3o hesite em nos contatar. Nossa equipe est\u00e1 \u00e0 disposi\u00e7\u00e3o para fornecer orienta\u00e7\u00e3o especializada e respostas r\u00e1pidas para garantir sua total satisfa\u00e7\u00e3o. Basta nos enviar um e-mail e entraremos em contato o mais breve poss\u00edvel.<\/p>\n<p><img loading=\"lazy\" decoding=\"async\" class=\"alignnone size-full wp-image-5246\" src=\"https:\/\/fmp-components.com\/wp-content\/uploads\/2025\/02\/fmp-cast-sprocket-1.webp\" alt=\"engrenagem fundida fmp\" width=\"2492\" height=\"1179\" title=\"\" srcset=\"https:\/\/fmp-components.com\/wp-content\/uploads\/2025\/02\/fmp-cast-sprocket-1.webp 2492w, https:\/\/fmp-components.com\/wp-content\/uploads\/2025\/02\/fmp-cast-sprocket-1-1280x606.webp 1280w, https:\/\/fmp-components.com\/wp-content\/uploads\/2025\/02\/fmp-cast-sprocket-1-980x464.webp 980w, https:\/\/fmp-components.com\/wp-content\/uploads\/2025\/02\/fmp-cast-sprocket-1-480x227.webp 480w\" sizes=\"(min-width: 0px) and (max-width: 480px) 480px, (min-width: 481px) and (max-width: 980px) 980px, (min-width: 981px) and (max-width: 1280px) 1280px, (min-width: 1281px) 2492px, 100vw\" \/><\/p>","protected":false},"excerpt":{"rendered":"<p>Chain Hoist Sprocket Product Overview The chain hoist sprocket is designed for ease of operation, portability, and safety, making it a popular choice among users. With its innovative design and smooth functionality, this sprocket excels in heavy lifting applications. But what sets it apart? The chain hoist sprocket is built with components such as hooks, [&hellip;]<\/p>","protected":false},"featured_media":5257,"comment_status":"open","ping_status":"closed","template":"","meta":{"_et_pb_use_builder":"","_et_pb_old_content":"","_et_gb_content_width":""},"product_brand":[],"product_cat":[99],"product_tag":[],"class_list":{"0":"post-5256","1":"product","2":"type-product","3":"status-publish","4":"has-post-thumbnail","6":"product_cat-specialty-sprockets","8":"first","9":"instock","10":"shipping-taxable","11":"product-type-simple"},"_links":{"self":[{"href":"https:\/\/fmp-components.com\/pt\/wp-json\/wp\/v2\/product\/5256","targetHints":{"allow":["GET"]}}],"collection":[{"href":"https:\/\/fmp-components.com\/pt\/wp-json\/wp\/v2\/product"}],"about":[{"href":"https:\/\/fmp-components.com\/pt\/wp-json\/wp\/v2\/types\/product"}],"replies":[{"embeddable":true,"href":"https:\/\/fmp-components.com\/pt\/wp-json\/wp\/v2\/comments?post=5256"}],"wp:featuredmedia":[{"embeddable":true,"href":"https:\/\/fmp-components.com\/pt\/wp-json\/wp\/v2\/media\/5257"}],"wp:attachment":[{"href":"https:\/\/fmp-components.com\/pt\/wp-json\/wp\/v2\/media?parent=5256"}],"wp:term":[{"taxonomy":"product_brand","embeddable":true,"href":"https:\/\/fmp-components.com\/pt\/wp-json\/wp\/v2\/product_brand?post=5256"},{"taxonomy":"product_cat","embeddable":true,"href":"https:\/\/fmp-components.com\/pt\/wp-json\/wp\/v2\/product_cat?post=5256"},{"taxonomy":"product_tag","embeddable":true,"href":"https:\/\/fmp-components.com\/pt\/wp-json\/wp\/v2\/product_tag?post=5256"}],"curies":[{"name":"wp","href":"https:\/\/api.w.org\/{rel}","templated":true}]}}