{"id":5245,"date":"2025-02-05T03:47:45","date_gmt":"2025-02-05T03:47:45","guid":{"rendered":"https:\/\/fmp-components.com\/?post_type=product&#038;p=5245"},"modified":"2025-02-05T03:47:46","modified_gmt":"2025-02-05T03:47:46","slug":"bucket-elevator-sprocket","status":"publish","type":"product","link":"https:\/\/fmp-components.com\/pt\/product\/bucket-elevator-sprocket\/","title":{"rendered":"Roda dentada do elevador de ca\u00e7amba"},"content":{"rendered":"<h2>Roda dentada do elevador de ca\u00e7amba<\/h2>\n<p>O elevador de canecas foi projetado para transportar materiais de forma eficiente de n\u00edveis mais baixos para n\u00edveis mais altos. <img loading=\"lazy\" decoding=\"async\" class=\"size-full wp-image-5248 alignright\" src=\"https:\/\/fmp-components.com\/wp-content\/uploads\/2025\/02\/fmp_cast-sprocket-16.webp\" alt=\"fmp_cast-roda dentada\" width=\"538\" height=\"522\" title=\"\" srcset=\"https:\/\/fmp-components.com\/wp-content\/uploads\/2025\/02\/fmp_cast-sprocket-16.webp 538w, https:\/\/fmp-components.com\/wp-content\/uploads\/2025\/02\/fmp_cast-sprocket-16-480x466.webp 480w\" sizes=\"(min-width: 0px) and (max-width: 480px) 480px, (min-width: 481px) 538px, 100vw\" \/>Ap\u00f3s a coloca\u00e7\u00e3o dos materiais na tremonha por meio de uma mesa vibrat\u00f3ria, a m\u00e1quina opera de forma autom\u00e1tica e cont\u00ednua, elevando os materiais. A velocidade da esteira pode ser ajustada de acordo com o volume de transporte necess\u00e1rio, e a altura de eleva\u00e7\u00e3o pode ser personalizada para atender a necessidades espec\u00edficas.<\/p>\n<p>Nosso elevador de canecas possui uma tremonha de polipropileno (PP) at\u00f3xico, projetada internamente, que amplia sua aplica\u00e7\u00e3o em diversos setores. A tremonha foi cuidadosamente projetada para um desempenho ideal, garantindo durabilidade e manuseio seguro de materiais. Todas as dimens\u00f5es do sistema s\u00e3o personalizadas para atender \u00e0s necessidades espec\u00edficas da aplica\u00e7\u00e3o.<\/p>\n<p>Este elevador de canecas \u00e9 ideal para suportar m\u00e1quinas de embalagem vertical e sistemas de dosagem computadorizados. \u00c9 amplamente utilizado no transporte e alimenta\u00e7\u00e3o de produtos como alimentos, produtos farmac\u00eauticos, produtos qu\u00edmicos industriais, parafusos, porcas e outros itens. O funcionamento da m\u00e1quina pode ser controlado automaticamente por meio do reconhecimento de sinais da m\u00e1quina de embalagem conectada, permitindo partidas e paradas perfeitas.<\/p>\n<p>Com seu design flex\u00edvel e componentes de alta qualidade, nosso elevador de canecas \u00e9 uma solu\u00e7\u00e3o confi\u00e1vel para o transporte vertical eficiente em diversos setores.<\/p>\n<h2>Princ\u00edpio de funcionamento do elevador de canecas<\/h2>\n<p>O elevador de canecas funciona utilizando uma s\u00e9rie de funis para recolher materiais de uma \u00e1rea de armazenamento inferior. \u00c0 medida que a correia ou corrente transportadora \u00e9 elevada, passa sobre a roda superior e, em seguida, desce para descarregar os materiais em um tanque de recep\u00e7\u00e3o. Este processo permite que o elevador de canecas transporte materiais verticalmente em um movimento cont\u00ednuo.<\/p>\n<p><img loading=\"lazy\" decoding=\"async\" class=\"size-full wp-image-5247 alignleft\" src=\"https:\/\/fmp-components.com\/wp-content\/uploads\/2025\/02\/fmp_cast-sprocket-15.webp\" alt=\"fmp_cast-roda dentada\" width=\"526\" height=\"435\" title=\"\" srcset=\"https:\/\/fmp-components.com\/wp-content\/uploads\/2025\/02\/fmp_cast-sprocket-15.webp 526w, https:\/\/fmp-components.com\/wp-content\/uploads\/2025\/02\/fmp_cast-sprocket-15-480x397.webp 480w\" sizes=\"(min-width: 0px) and (max-width: 480px) 480px, (min-width: 481px) 526px, 100vw\" \/>Na maioria dos elevadores de canecas, o sistema de acionamento \u00e9 alimentado por uma correia de borracha, instalada nos tambores de acionamento inferior e superior, bem como nos tambores de dire\u00e7\u00e3o superior e inferior. Alternativamente, os elevadores de canecas com acionamento por corrente s\u00e3o equipados com duas correntes de transmiss\u00e3o paralelas. Essas correntes funcionam em conjunto com um par de rodas dentadas de transmiss\u00e3o na parte superior ou inferior, juntamente com rodas dentadas de dire\u00e7\u00e3o localizadas na extremidade oposta.<\/p>\n<p>Para garantir uma opera\u00e7\u00e3o eficiente e limpa, os elevadores de canecas s\u00e3o normalmente fechados em inv\u00f3lucros, que ajudam a evitar que a poeira escape durante o transporte de materiais.<\/p>\n<p>Os elevadores de canecas s\u00e3o ideais para o transporte vertical de materiais. Uma vez que os materiais s\u00e3o colocados na tremonha por meio de uma mesa vibrat\u00f3ria, o sistema funciona de forma autom\u00e1tica e cont\u00ednua para elevar os materiais at\u00e9 a altura desejada, proporcionando um manuseio de materiais confi\u00e1vel e eficiente.<\/p>\n<h2>Sobre a FMP<\/h2>\n<p>Na FMP, orgulhamo-nos de ser um fabricante l\u00edder de rodas dentadas de alta qualidade, produzidas em nossas instala\u00e7\u00f5es de \u00faltima gera\u00e7\u00e3o na It\u00e1lia. Oferecemos uma ampla gama de rodas dentadas projetadas para atender \u00e0s necessidades espec\u00edficas de diversos setores. Seja para rodas dentadas com furo acabado, rodas dentadas guia, rodas dentadas com bucha c\u00f4nica ou rodas dentadas para transportadores, fabricamos cada produto com precis\u00e3o e durabilidade para garantir o desempenho ideal. Nossa sele\u00e7\u00e3o inclui rodas dentadas em a\u00e7o inoxid\u00e1vel, pl\u00e1stico e a\u00e7o, al\u00e9m de modelos especializados como rodas dentadas de passo duplo e de fileira dupla, permitindo-nos fornecer a solu\u00e7\u00e3o ideal para qualquer aplica\u00e7\u00e3o.<\/p>\n<p>O que diferencia a FMP \u00e9 a nossa dedica\u00e7\u00e3o \u00e0 personaliza\u00e7\u00e3o. Reconhecemos que cada projeto tem requisitos espec\u00edficos, e \u00e9 por isso que oferecemos solu\u00e7\u00f5es de rodas dentadas sob medida para atender \u00e0s suas necessidades exatas. Seja qual for a sua necessidade, desde um design personalizado at\u00e9 exig\u00eancias t\u00e9cnicas espec\u00edficas, nossa equipe de especialistas est\u00e1 pronta para fornecer solu\u00e7\u00f5es precisas, confi\u00e1veis \u200b\u200be de alto desempenho.<\/p>\n<p>Estamos comprometidos com a excel\u00eancia tanto na engenharia quanto na fabrica\u00e7\u00e3o, garantindo que cada engrenagem que produzimos atenda aos mais altos padr\u00f5es de qualidade e seja constru\u00edda para durar. Se voc\u00ea tiver alguma d\u00favida ou precisar de uma solu\u00e7\u00e3o personalizada em engrenagens, n\u00e3o hesite em nos contatar. Nossa equipe est\u00e1 \u00e0 disposi\u00e7\u00e3o para fornecer orienta\u00e7\u00e3o especializada e respostas r\u00e1pidas para garantir sua total satisfa\u00e7\u00e3o. Basta nos enviar um e-mail e entraremos em contato o mais breve poss\u00edvel.<\/p>\n<p><img loading=\"lazy\" decoding=\"async\" class=\"alignnone size-full wp-image-5246\" src=\"https:\/\/fmp-components.com\/wp-content\/uploads\/2025\/02\/fmp-cast-sprocket-1.webp\" alt=\"engrenagem fundida fmp\" width=\"2492\" height=\"1179\" title=\"\" srcset=\"https:\/\/fmp-components.com\/wp-content\/uploads\/2025\/02\/fmp-cast-sprocket-1.webp 2492w, https:\/\/fmp-components.com\/wp-content\/uploads\/2025\/02\/fmp-cast-sprocket-1-1280x606.webp 1280w, https:\/\/fmp-components.com\/wp-content\/uploads\/2025\/02\/fmp-cast-sprocket-1-980x464.webp 980w, https:\/\/fmp-components.com\/wp-content\/uploads\/2025\/02\/fmp-cast-sprocket-1-480x227.webp 480w\" sizes=\"(min-width: 0px) and (max-width: 480px) 480px, (min-width: 481px) and (max-width: 980px) 980px, (min-width: 981px) and (max-width: 1280px) 1280px, (min-width: 1281px) 2492px, 100vw\" \/><\/p>","protected":false},"excerpt":{"rendered":"<p>Bucket Elevator Sprocket The bucket elevator is designed to efficiently transport materials from lower to higher elevations. After materials are placed into the hopper via a vibration table, the machine operates automatically and continuously, lifting the materials upward. The speed of the conveyor can be adjusted based on the required transport volume, and the lifting [&hellip;]<\/p>","protected":false},"featured_media":5249,"comment_status":"open","ping_status":"closed","template":"","meta":{"_et_pb_use_builder":"","_et_pb_old_content":"","_et_gb_content_width":""},"product_brand":[],"product_cat":[99],"product_tag":[],"class_list":{"0":"post-5245","1":"product","2":"type-product","3":"status-publish","4":"has-post-thumbnail","6":"product_cat-specialty-sprockets","8":"first","9":"instock","10":"shipping-taxable","11":"product-type-simple"},"_links":{"self":[{"href":"https:\/\/fmp-components.com\/pt\/wp-json\/wp\/v2\/product\/5245","targetHints":{"allow":["GET"]}}],"collection":[{"href":"https:\/\/fmp-components.com\/pt\/wp-json\/wp\/v2\/product"}],"about":[{"href":"https:\/\/fmp-components.com\/pt\/wp-json\/wp\/v2\/types\/product"}],"replies":[{"embeddable":true,"href":"https:\/\/fmp-components.com\/pt\/wp-json\/wp\/v2\/comments?post=5245"}],"wp:featuredmedia":[{"embeddable":true,"href":"https:\/\/fmp-components.com\/pt\/wp-json\/wp\/v2\/media\/5249"}],"wp:attachment":[{"href":"https:\/\/fmp-components.com\/pt\/wp-json\/wp\/v2\/media?parent=5245"}],"wp:term":[{"taxonomy":"product_brand","embeddable":true,"href":"https:\/\/fmp-components.com\/pt\/wp-json\/wp\/v2\/product_brand?post=5245"},{"taxonomy":"product_cat","embeddable":true,"href":"https:\/\/fmp-components.com\/pt\/wp-json\/wp\/v2\/product_cat?post=5245"},{"taxonomy":"product_tag","embeddable":true,"href":"https:\/\/fmp-components.com\/pt\/wp-json\/wp\/v2\/product_tag?post=5245"}],"curies":[{"name":"wp","href":"https:\/\/api.w.org\/{rel}","templated":true}]}}