{"id":5239,"date":"2025-02-05T03:00:22","date_gmt":"2025-02-05T03:00:22","guid":{"rendered":"https:\/\/fmp-components.com\/?post_type=product&#038;p=5239"},"modified":"2025-02-05T03:00:22","modified_gmt":"2025-02-05T03:00:22","slug":"fu-scraper-conveyor-cast-sprocket","status":"publish","type":"product","link":"https:\/\/fmp-components.com\/pt\/product\/fu-scraper-conveyor-cast-sprocket\/","title":{"rendered":"Roda dentada fundida do transportador raspador FU"},"content":{"rendered":"<h2>Roda dentada raspadora<\/h2>\n<p>A roda dentada fundida do transportador raspador FU \u00e9 um componente crucial no mecanismo de acionamento de diversas m\u00e1quinas raspadoras. Ela atua em conjunto com a corrente para formar o sistema de acionamento prim\u00e1rio dos transportadores raspadores. As rodas dentadas e correntes dessas m\u00e1quinas transportam materiais a granel com efici\u00eancia dentro da calha, oferecendo estabilidade e durabilidade. As m\u00e1quinas raspadoras podem ser utilizadas para transporte de materiais tanto na horizontal quanto na inclinada.<\/p>\n<p>O conjunto do eixo da roda dentada, frequentemente chamado de grupo de rodas dentadas, \u00e9 um componente essencial do cabe\u00e7ote do raspador totalmente mecanizado e da carregadeira. Em aplica\u00e7\u00f5es de minera\u00e7\u00e3o de carv\u00e3o, a roda dentada aciona a corrente por meio de um redutor, permitindo que o raspador mova materiais como carv\u00e3o dentro da ranhura central.<\/p>\n<p><img loading=\"lazy\" decoding=\"async\" class=\"wp-image-5241 alignleft\" src=\"https:\/\/fmp-components.com\/wp-content\/uploads\/2025\/02\/scraper2.webp\" alt=\"raspador\" width=\"304\" height=\"304\" title=\"\"> As rodas dentadas do raspador s\u00e3o feitas de liga de a\u00e7o estrutural de alta resist\u00eancia e passam por um processo de processamento em v\u00e1rias etapas. Essas rodas dentadas s\u00e3o conhecidas por sua excelente resist\u00eancia, resist\u00eancia ao desgaste e confiabilidade geral. Dispon\u00edveis em diversos modelos para atender a diferentes transportadores raspadores, essas rodas dentadas s\u00e3o projetadas para atender \u00e0s demandas de diversas condi\u00e7\u00f5es operacionais.<\/p>\n<h3>As principais caracter\u00edsticas das rodas dentadas do raspador incluem:<\/h3>\n<p>Alta resist\u00eancia e resist\u00eancia ao desgaste<br \/>\nCapacidade de suportar combina\u00e7\u00f5es de pulsos e cargas de impacto<br \/>\nDurabilidade e resist\u00eancia<br \/>\nTamanho preciso dos dentes e alta precis\u00e3o de processamento para compatibilidade ideal da corrente<br \/>\nNormalmente, as rodas dentadas do raspador apresentam de 6 a 8 dentes, dependendo da aplica\u00e7\u00e3o espec\u00edfica.<\/p>\n<h2>Material da roda dentada do raspador<\/h2>\n<p>A maioria das rodas de corrente de raspadores \u00e9 fabricada com a\u00e7os-liga de alta resist\u00eancia, como 42CrMo ou 45CrMnMo. Esses materiais s\u00e3o selecionados por sua excepcional resist\u00eancia, durabilidade e resist\u00eancia ao desgaste, essenciais para as condi\u00e7\u00f5es exigentes que as rodas dentadas dos raspadores enfrentam durante a opera\u00e7\u00e3o.<\/p>\n<p>Para aumentar a resist\u00eancia ao desgaste e o desempenho geral das rodas dentadas, as rodas dentadas passam por um processo de forjamento e t\u00eampera. O processo de forjamento garante que as rodas dentadas tenham uma estrutura densa e uniforme, melhorando significativamente sua tenacidade e resist\u00eancia \u00e0 fadiga. A t\u00eampera aumenta ainda mais a dureza do material, tornando as rodas dentadas mais capazes de suportar as tens\u00f5es e o desgaste encontrados em aplica\u00e7\u00f5es pesadas.<\/p>\n<p>Durante o processo de produ\u00e7\u00e3o, rigorosos controles de qualidade s\u00e3o aplicados para garantir que a superf\u00edcie de forjamento de cada roda dentada esteja livre de defeitos como rachaduras, camadas intermedi\u00e1rias, rugas, danos em desenvolvimento e inclus\u00f5es de esc\u00f3ria. Essas imperfei\u00e7\u00f5es podem comprometer a resist\u00eancia e a funcionalidade das rodas dentadas, por isso, testes e inspe\u00e7\u00f5es rigorosos s\u00e3o realizados para garantir os mais altos padr\u00f5es de qualidade.<\/p>\n<p>A produ\u00e7\u00e3o de cada roda dentada envolve mais de vinte etapas de processamento diferentes. Essas etapas incluem usinagem precisa, conforma\u00e7\u00e3o e acabamento, garantindo que cada roda dentada atenda \u00e0s especifica\u00e7\u00f5es exigidas pelas m\u00e1quinas raspadoras. Uma vez formadas, as rodas dentadas s\u00e3o instaladas na parte superior e inferior da m\u00e1quina raspadora, onde desempenham um papel crucial no acionamento da corrente e na garantia do transporte eficiente do material.<\/p>\n<p>Ao utilizar t\u00e9cnicas avan\u00e7adas de fabrica\u00e7\u00e3o e materiais de alta qualidade, as rodas dentadas do raspador proporcionam desempenho confi\u00e1vel em ambientes desafiadores, oferecendo longa vida \u00fatil e maior efici\u00eancia operacional.<\/p>\n<p><img loading=\"lazy\" decoding=\"async\" class=\"wp-image-5243 aligncenter\" src=\"https:\/\/fmp-components.com\/wp-content\/uploads\/2025\/02\/fmp_cast-sprocket-12.webp\" alt=\"fmp_cast-roda dentada\" width=\"863\" height=\"859\" title=\"\" srcset=\"https:\/\/fmp-components.com\/wp-content\/uploads\/2025\/02\/fmp_cast-sprocket-12.webp 863w, https:\/\/fmp-components.com\/wp-content\/uploads\/2025\/02\/fmp_cast-sprocket-12-480x478.webp 480w\" sizes=\"(min-width: 0px) and (max-width: 480px) 480px, (min-width: 481px) 863px, 100vw\" \/><\/p>\n<h3>Princ\u00edpio de funcionamento do transportador raspador<\/h3>\n<p>O transportador raspador opera por meio de um mecanismo simples, por\u00e9m eficaz, projetado para transportar materiais a granel, como carv\u00e3o, ganga ou outras subst\u00e2ncias. O transportador possui uma calha aberta, que serve como estrutura de guia e suporte para os materiais. O raspador, fixado ao longo da corrente (formando a corrente raspadora), atua como o componente de tra\u00e7\u00e3o que movimenta os materiais pela calha.<\/p>\n<p>Quando o sistema de acionamento da cabe\u00e7a, incluindo a caixa de engrenagens do transportador, \u00e9 acionado, ele aciona a roda dentada da corrente no eixo da cabe\u00e7a do transportador. Essa rota\u00e7\u00e3o aciona a corrente do raspador, fazendo com que ela circule continuamente. \u00c0 medida que a corrente do raspador se move, ela puxa o material ao longo da calha, transportando-o com efici\u00eancia da extremidade traseira em dire\u00e7\u00e3o \u00e0 cabe\u00e7a do transportador.<\/p>\n<p><img loading=\"lazy\" decoding=\"async\" class=\"wp-image-5242 aligncenter\" src=\"https:\/\/fmp-components.com\/wp-content\/uploads\/2025\/02\/fmp-scraper.webp\" alt=\"raspador de fmp\" width=\"880\" height=\"660\" title=\"\" srcset=\"https:\/\/fmp-components.com\/wp-content\/uploads\/2025\/02\/fmp-scraper.webp 880w, https:\/\/fmp-components.com\/wp-content\/uploads\/2025\/02\/fmp-scraper-480x360.webp 480w\" sizes=\"(min-width: 0px) and (max-width: 480px) 480px, (min-width: 481px) 880px, 100vw\" \/><\/p>\n<p>Na cabe\u00e7a do transportador, o material \u00e9 descarregado, completando o ciclo de transporte. A corrente raspadora ent\u00e3o desvia da roda da corrente, retornando pelo sistema em uma opera\u00e7\u00e3o cont\u00ednua e em circuito fechado, garantindo um fluxo constante de materiais durante todo o processo. Essa opera\u00e7\u00e3o cont\u00ednua permite um manuseio de materiais eficiente e confi\u00e1vel, tornando os transportadores raspadores ideais para uma variedade de setores, como minera\u00e7\u00e3o, manuseio de carv\u00e3o e transporte de materiais a granel.<\/p>\n<p>Em resumo, o princ\u00edpio de funcionamento do sistema transportador raspador depende do movimento coordenado da corrente e das rodas dentadas do raspador, acionadas pelo sistema de acionamento do cabe\u00e7ote, para transportar materiais continuamente ao longo da rampa em um ciclo fechado, garantindo uma opera\u00e7\u00e3o consistente e suave.<\/p>\n<h2>Sobre a FMP<\/h2>\n<p>Em nossa moderna f\u00e1brica na It\u00e1lia, especializamo-nos na produ\u00e7\u00e3o de uma ampla variedade de rodas dentadas de alta qualidade para atender \u00e0s diversas necessidades de nossos clientes. De rodas dentadas com furos acabados a rodas dentadas intermedi\u00e1rias, rodas dentadas com trava c\u00f4nica e rodas dentadas para transportadores, oferecemos produtos fabricados com precis\u00e3o e durabilidade em mente. Nossa ampla linha inclui rodas dentadas de a\u00e7o inoxid\u00e1vel, pl\u00e1stico e a\u00e7o, bem como designs especializados, como rodas dentadas de passo duplo e duas carreiras, garantindo que possamos fornecer a solu\u00e7\u00e3o perfeita para qualquer aplica\u00e7\u00e3o.<img loading=\"lazy\" decoding=\"async\" class=\"wp-image-5244 alignleft\" src=\"https:\/\/fmp-components.com\/wp-content\/uploads\/2025\/02\/fmp_cast-sprocket-13.webp\" alt=\"fmp_cast-roda dentada\" width=\"235\" height=\"295\" title=\"\"><\/p>\n<p>O nosso diferencial \u00e9 o nosso compromisso com a personaliza\u00e7\u00e3o. Entendemos que cada projeto \u00e9 \u00fanico, por isso oferecemos solu\u00e7\u00f5es de rodas dentadas sob medida para atender \u00e0s suas necessidades espec\u00edficas. Seja para um projeto personalizado ou para demandas t\u00e9cnicas espec\u00edficas, nossa equipe de especialistas est\u00e1 \u00e0 disposi\u00e7\u00e3o para fornecer solu\u00e7\u00f5es precisas e confi\u00e1veis.<\/p>\n<p>Temos orgulho da nossa expertise em engenharia e da qualidade do nosso processo de fabrica\u00e7\u00e3o, garantindo que cada roda dentada que produzimos seja constru\u00edda para durar. Se voc\u00ea tiver alguma d\u00favida ou precisar de uma roda dentada personalizada, n\u00e3o hesite em entrar em contato. Nossa equipe est\u00e1 pronta para atend\u00ea-lo e fornecer consultoria especializada e pontual para garantir sua total satisfa\u00e7\u00e3o. Basta nos enviar um e-mail e entraremos em contato o mais breve poss\u00edvel.<\/p>","protected":false},"excerpt":{"rendered":"<p>Scraper Sprocket The FU Scraper Conveyor Cast Sprocket is a crucial component in the drive mechanism of various scraper machines. It works together with the chain to form the primary drive system for scraper conveyors. The chain sprockets and chains of these machines efficiently transport bulk materials within the trough, offering stability and durability. Scraper [&hellip;]<\/p>","protected":false},"featured_media":5240,"comment_status":"open","ping_status":"closed","template":"","meta":{"_et_pb_use_builder":"","_et_pb_old_content":"","_et_gb_content_width":""},"product_brand":[],"product_cat":[99],"product_tag":[],"class_list":{"0":"post-5239","1":"product","2":"type-product","3":"status-publish","4":"has-post-thumbnail","6":"product_cat-specialty-sprockets","8":"first","9":"instock","10":"shipping-taxable","11":"product-type-simple"},"_links":{"self":[{"href":"https:\/\/fmp-components.com\/pt\/wp-json\/wp\/v2\/product\/5239","targetHints":{"allow":["GET"]}}],"collection":[{"href":"https:\/\/fmp-components.com\/pt\/wp-json\/wp\/v2\/product"}],"about":[{"href":"https:\/\/fmp-components.com\/pt\/wp-json\/wp\/v2\/types\/product"}],"replies":[{"embeddable":true,"href":"https:\/\/fmp-components.com\/pt\/wp-json\/wp\/v2\/comments?post=5239"}],"wp:featuredmedia":[{"embeddable":true,"href":"https:\/\/fmp-components.com\/pt\/wp-json\/wp\/v2\/media\/5240"}],"wp:attachment":[{"href":"https:\/\/fmp-components.com\/pt\/wp-json\/wp\/v2\/media?parent=5239"}],"wp:term":[{"taxonomy":"product_brand","embeddable":true,"href":"https:\/\/fmp-components.com\/pt\/wp-json\/wp\/v2\/product_brand?post=5239"},{"taxonomy":"product_cat","embeddable":true,"href":"https:\/\/fmp-components.com\/pt\/wp-json\/wp\/v2\/product_cat?post=5239"},{"taxonomy":"product_tag","embeddable":true,"href":"https:\/\/fmp-components.com\/pt\/wp-json\/wp\/v2\/product_tag?post=5239"}],"curies":[{"name":"wp","href":"https:\/\/api.w.org\/{rel}","templated":true}]}}