{"id":482,"date":"2024-12-10T08:55:43","date_gmt":"2024-12-10T08:55:43","guid":{"rendered":"https:\/\/fmp-components.com\/?page_id=8"},"modified":"2024-12-16T06:45:22","modified_gmt":"2024-12-16T06:45:22","slug":"large-excavator-cylinder","status":"publish","type":"product","link":"https:\/\/fmp-components.com\/pt\/product\/large-excavator-cylinder\/","title":{"rendered":"Cilindro de escavadeira grande"},"content":{"rendered":"<h2><img loading=\"lazy\" decoding=\"async\" class=\"size-full wp-image-484 aligncenter\" src=\"https:\/\/fmp-components.com\/wp-content\/uploads\/2024\/12\/Large-Excavator-Cylinder.webp\" alt=\"Cilindro de Escavadeira Grande\" width=\"760\" height=\"533\" title=\"\" srcset=\"https:\/\/fmp-components.com\/wp-content\/uploads\/2024\/12\/Large-Excavator-Cylinder.webp 760w, https:\/\/fmp-components.com\/wp-content\/uploads\/2024\/12\/Large-Excavator-Cylinder-480x337.webp 480w\" sizes=\"(min-width: 0px) and (max-width: 480px) 480px, (min-width: 481px) 760px, 100vw\" \/>Especifica\u00e7\u00f5es do cilindro da ca\u00e7amba da escavadeira grande:<\/h2>\n<p>O cilindro da ca\u00e7amba opera a ca\u00e7amba da escavadeira, permitindo que ela levante, incline e despeje materiais. Este cilindro \u00e9 essencial para escavar, recolher e carregar, fornecendo a for\u00e7a necess\u00e1ria para manipular a ca\u00e7amba com efic\u00e1cia durante diversas tarefas.<\/p>\n<p><img loading=\"lazy\" decoding=\"async\" class=\"size-full wp-image-494 aligncenter\" src=\"https:\/\/fmp-components.com\/wp-content\/uploads\/2024\/12\/Large-Excavator-Bucket-Cylinder-1.webp\" alt=\"Cilindro de ca\u00e7amba de escavadeira grande\" width=\"500\" height=\"200\" title=\"\" srcset=\"https:\/\/fmp-components.com\/wp-content\/uploads\/2024\/12\/Large-Excavator-Bucket-Cylinder-1.webp 500w, https:\/\/fmp-components.com\/wp-content\/uploads\/2024\/12\/Large-Excavator-Bucket-Cylinder-1-480x192.webp 480w\" sizes=\"(min-width: 0px) and (max-width: 480px) 480px, (min-width: 481px) 500px, 100vw\" \/><\/p>\n<table style=\"width: 100%;\" border=\"1\" width=\"100%\" cellspacing=\"0\" cellpadding=\"0\">\n<tbody>\n<tr>\n<td>Nome do produto<\/td>\n<td>Cilindro de ca\u00e7amba de escavadeira grande<\/td>\n<\/tr>\n<tr>\n<td>Caracter\u00edsticas:<\/td>\n<td>Controlar a a\u00e7\u00e3o do balde<\/td>\n<\/tr>\n<tr>\n<td>Di\u00e2metro do furo:<\/td>\n<td>200 mm \uff5e 360 mm<\/td>\n<\/tr>\n<tr>\n<td>Di\u00e2metro da haste:<\/td>\n<td>140 mm \uff5e 260 mm<br \/>\nCurso\u22642500 mm<\/td>\n<\/tr>\n<tr>\n<td>For\u00e7a de empuxo:<\/td>\n<td>M\u00e1ximo 3560,8 KN<\/td>\n<\/tr>\n<tr>\n<td>Di\u00e2metro do furo:<\/td>\n<td>420 mm\/press\u00e3o 35 MPa<\/td>\n<\/tr>\n<\/tbody>\n<\/table>\n<h2><\/h2>\n<h2><img loading=\"lazy\" decoding=\"async\" class=\"alignnone wp-image-502\" src=\"https:\/\/fmp-components.com\/wp-content\/uploads\/2024\/12\/Large-Excavator-Bucket-Cylinder-1-1.webp\" alt=\"Cilindro de ca\u00e7amba de escavadeira grande\" width=\"929\" height=\"471\" title=\"\" srcset=\"https:\/\/fmp-components.com\/wp-content\/uploads\/2024\/12\/Large-Excavator-Bucket-Cylinder-1-1.webp 929w, https:\/\/fmp-components.com\/wp-content\/uploads\/2024\/12\/Large-Excavator-Bucket-Cylinder-1-1-480x243.webp 480w\" sizes=\"(min-width: 0px) and (max-width: 480px) 480px, (min-width: 481px) 929px, 100vw\" \/><\/h2>\n<h2><img loading=\"lazy\" decoding=\"async\" class=\"alignnone wp-image-503\" src=\"https:\/\/fmp-components.com\/wp-content\/uploads\/2024\/12\/Large-Excavator-Bucket-Cylinder-2.webp\" alt=\"Cilindro de ca\u00e7amba de escavadeira grande\" width=\"960\" height=\"318\" title=\"\" srcset=\"https:\/\/fmp-components.com\/wp-content\/uploads\/2024\/12\/Large-Excavator-Bucket-Cylinder-2.webp 960w, https:\/\/fmp-components.com\/wp-content\/uploads\/2024\/12\/Large-Excavator-Bucket-Cylinder-2-480x159.webp 480w\" sizes=\"(min-width: 0px) and (max-width: 480px) 480px, (min-width: 481px) 960px, 100vw\" \/><\/h2>\n<h2>Especifica\u00e7\u00f5es do cilindro da lan\u00e7a da escavadeira grande:<\/h2>\n<p>O cilindro da lan\u00e7a controla o movimento da lan\u00e7a da escavadeira, permitindo sua extens\u00e3o e retra\u00e7\u00e3o. Este cilindro \u00e9 crucial para atingir diferentes alturas e profundidades, permitindo que a escavadeira execute uma variedade de tarefas com precis\u00e3o, como escava\u00e7\u00e3o e eleva\u00e7\u00e3o.<\/p>\n<p><img loading=\"lazy\" decoding=\"async\" class=\"size-full wp-image-493 aligncenter\" src=\"https:\/\/fmp-components.com\/wp-content\/uploads\/2024\/12\/Large-Excavator-Boom-Cylinder2.webp\" alt=\"Cilindro de lan\u00e7a de escavadeira grande\" width=\"500\" height=\"200\" title=\"\" srcset=\"https:\/\/fmp-components.com\/wp-content\/uploads\/2024\/12\/Large-Excavator-Boom-Cylinder2.webp 500w, https:\/\/fmp-components.com\/wp-content\/uploads\/2024\/12\/Large-Excavator-Boom-Cylinder2-480x192.webp 480w\" sizes=\"(min-width: 0px) and (max-width: 480px) 480px, (min-width: 481px) 500px, 100vw\" \/><\/p>\n<table style=\"width: 100%;\" border=\"1\" width=\"100%\" cellspacing=\"0\" cellpadding=\"0\">\n<tbody>\n<tr>\n<td>Nome do produto<\/td>\n<td>Cilindro de lan\u00e7a de escavadeira grande<\/td>\n<\/tr>\n<tr>\n<td>Caracter\u00edsticas:<\/td>\n<td>Controle o movimento de eleva\u00e7\u00e3o do bra\u00e7o grande<\/td>\n<\/tr>\n<tr>\n<td>Di\u00e2metro do furo:<\/td>\n<td>200 mm \uff5e 420 mm<\/td>\n<\/tr>\n<tr>\n<td>Di\u00e2metro da haste:<\/td>\n<td>140 mm \uff5e 300 mm<br \/>\nCurso \u22643500mm<\/td>\n<\/tr>\n<tr>\n<td>For\u00e7a de empuxo:<\/td>\n<td>M\u00e1ximo 4846,6 KN<\/td>\n<\/tr>\n<tr>\n<td>Di\u00e2metro do furo:<\/td>\n<td>420 mm\/press\u00e3o 35 MPa<\/td>\n<\/tr>\n<\/tbody>\n<\/table>\n<p><img loading=\"lazy\" decoding=\"async\" class=\"alignnone size-full wp-image-504\" src=\"https:\/\/fmp-components.com\/wp-content\/uploads\/2024\/12\/Large-Excavator-Boom-Cylinder-1.webp\" alt=\"Cilindro de lan\u00e7a de escavadeira grande\" width=\"980\" height=\"553\" title=\"\" srcset=\"https:\/\/fmp-components.com\/wp-content\/uploads\/2024\/12\/Large-Excavator-Boom-Cylinder-1.webp 980w, https:\/\/fmp-components.com\/wp-content\/uploads\/2024\/12\/Large-Excavator-Boom-Cylinder-1-480x271.webp 480w\" sizes=\"(min-width: 0px) and (max-width: 480px) 480px, (min-width: 481px) 980px, 100vw\" \/><\/p>\n<h2>Especifica\u00e7\u00f5es do cilindro de bra\u00e7o de escavadeira grande:<\/h2>\n<p>O cilindro do bra\u00e7o, tamb\u00e9m conhecido como cilindro do bra\u00e7o, \u00e9 respons\u00e1vel por estender e retrair o bra\u00e7o da escavadeira. Esse movimento permite o controle preciso da posi\u00e7\u00e3o da ca\u00e7amba, sendo essencial para uma escava\u00e7\u00e3o e movimenta\u00e7\u00e3o de materiais eficazes.<\/p>\n<p><img loading=\"lazy\" decoding=\"async\" class=\"size-full wp-image-496 aligncenter\" src=\"https:\/\/fmp-components.com\/wp-content\/uploads\/2024\/12\/Large-Excavator-Stick-Cylinder3.webp\" alt=\"Cilindro de bra\u00e7o de escavadeira grande\" width=\"500\" height=\"200\" title=\"\" srcset=\"https:\/\/fmp-components.com\/wp-content\/uploads\/2024\/12\/Large-Excavator-Stick-Cylinder3.webp 500w, https:\/\/fmp-components.com\/wp-content\/uploads\/2024\/12\/Large-Excavator-Stick-Cylinder3-480x192.webp 480w\" sizes=\"(min-width: 0px) and (max-width: 480px) 480px, (min-width: 481px) 500px, 100vw\" \/><\/p>\n<table style=\"width: 100%;\" border=\"1\" width=\"100%\" cellspacing=\"0\" cellpadding=\"0\">\n<tbody>\n<tr>\n<td>Nome do produto<\/td>\n<td>Cilindro de bra\u00e7o de escavadeira grande<\/td>\n<\/tr>\n<tr>\n<td>Caracter\u00edsticas:<\/td>\n<td>Controle o movimento do antebra\u00e7o<\/td>\n<\/tr>\n<tr>\n<td>Di\u00e2metro do furo:<\/td>\n<td>210 mm \uff5e 360 mm<\/td>\n<\/tr>\n<tr>\n<td>Di\u00e2metro da haste:<\/td>\n<td>145 mm \uff5e 260 mm<br \/>\nCurso\u22642600mm<\/td>\n<\/tr>\n<tr>\n<td>For\u00e7a de empuxo:<\/td>\n<td>M\u00e1ximo 3560,8 KN<\/td>\n<\/tr>\n<tr>\n<td>Di\u00e2metro do furo:<\/td>\n<td>360 mm\/press\u00e3o 35 MPa<\/td>\n<\/tr>\n<\/tbody>\n<\/table>\n<p><img loading=\"lazy\" decoding=\"async\" class=\"alignnone size-full wp-image-500\" src=\"https:\/\/fmp-components.com\/wp-content\/uploads\/2024\/12\/Large-Excavator-Stick-Cylinder-1.webp\" alt=\"Cilindro de bra\u00e7o de escavadeira grande\" width=\"1024\" height=\"538\" title=\"\" srcset=\"https:\/\/fmp-components.com\/wp-content\/uploads\/2024\/12\/Large-Excavator-Stick-Cylinder-1.webp 1024w, https:\/\/fmp-components.com\/wp-content\/uploads\/2024\/12\/Large-Excavator-Stick-Cylinder-1-980x515.webp 980w, https:\/\/fmp-components.com\/wp-content\/uploads\/2024\/12\/Large-Excavator-Stick-Cylinder-1-480x252.webp 480w\" sizes=\"(min-width: 0px) and (max-width: 480px) 480px, (min-width: 481px) and (max-width: 980px) 980px, (min-width: 981px) 1024px, 100vw\" \/><\/p>\n<h2>Especifica\u00e7\u00f5es do cilindro de aperto para escavadeira grande:<\/h2>\n<p>O cilindro de aperto \u00e9 usado para manter a tens\u00e3o em v\u00e1rias partes da escavadeira, como esteiras ou acess\u00f3rios. Este cilindro garante que os componentes fiquem firmemente presos no lugar, aumentando a estabilidade geral e o desempenho da escavadeira durante a opera\u00e7\u00e3o.<\/p>\n<h2><img loading=\"lazy\" decoding=\"async\" class=\"size-full wp-image-497 aligncenter\" src=\"https:\/\/fmp-components.com\/wp-content\/uploads\/2024\/12\/Large-Excavator-Tightening-Cylinder4.webp\" alt=\"Cilindro de aperto para escavadeira grande\" width=\"500\" height=\"200\" title=\"\" srcset=\"https:\/\/fmp-components.com\/wp-content\/uploads\/2024\/12\/Large-Excavator-Tightening-Cylinder4.webp 500w, https:\/\/fmp-components.com\/wp-content\/uploads\/2024\/12\/Large-Excavator-Tightening-Cylinder4-480x192.webp 480w\" sizes=\"(min-width: 0px) and (max-width: 480px) 480px, (min-width: 481px) 500px, 100vw\" \/><\/h2>\n<p>&nbsp;<\/p>\n<table style=\"width: 100%;\" border=\"1\" width=\"100%\" cellspacing=\"0\" cellpadding=\"0\">\n<tbody>\n<tr>\n<td>Nome do produto<\/td>\n<td>Cilindro de aperto para escavadeira grande<\/td>\n<\/tr>\n<tr>\n<td>Caracter\u00edsticas:<\/td>\n<td>Controlar a a\u00e7\u00e3o da tens\u00e3o da pista<\/td>\n<\/tr>\n<tr>\n<td>Di\u00e2metro do furo:<\/td>\n<td>280 mm \uff5e 380 mm<\/td>\n<\/tr>\n<tr>\n<td>Di\u00e2metro da haste:<\/td>\n<td>170 mm \uff5e 300 mm<br \/>\nCurso \u2264700mm<\/td>\n<\/tr>\n<tr>\n<td>For\u00e7a de empuxo:<\/td>\n<td>M\u00e1ximo 3967,4 KN<\/td>\n<\/tr>\n<tr>\n<td>Di\u00e2metro do furo:<\/td>\n<td>380 mm\/press\u00e3o 35 MPa<\/td>\n<\/tr>\n<\/tbody>\n<\/table>\n<h3><img loading=\"lazy\" decoding=\"async\" class=\"alignnone size-full wp-image-501\" src=\"https:\/\/fmp-components.com\/wp-content\/uploads\/2024\/12\/Large-Excavator-Tightening-Cylinder.webp\" alt=\"Cilindro de aperto para escavadeira grande\" width=\"1024\" height=\"576\" title=\"\" srcset=\"https:\/\/fmp-components.com\/wp-content\/uploads\/2024\/12\/Large-Excavator-Tightening-Cylinder.webp 1024w, https:\/\/fmp-components.com\/wp-content\/uploads\/2024\/12\/Large-Excavator-Tightening-Cylinder-980x551.webp 980w, https:\/\/fmp-components.com\/wp-content\/uploads\/2024\/12\/Large-Excavator-Tightening-Cylinder-480x270.webp 480w\" sizes=\"(min-width: 0px) and (max-width: 480px) 480px, (min-width: 481px) and (max-width: 980px) 980px, (min-width: 981px) 1024px, 100vw\" \/>Sobre a FMP<\/h3>\n<p>A FMP \u00e9 uma empresa especializada em fabrica\u00e7\u00e3o mec\u00e2nica, dedicada \u00e0 produ\u00e7\u00e3o de cilindros hidr\u00e1ulicos. Desde a sua funda\u00e7\u00e3o, a empresa tem se concentrado na pesquisa e fabrica\u00e7\u00e3o de tecnologia hidr\u00e1ulica, transitando com sucesso de uma gama diversificada de produtos, que inclu\u00eda m\u00e1quinas para colheita e constru\u00e7\u00e3o, para a especializa\u00e7\u00e3o em componentes para tratores agr\u00edcolas. Com mais de uma d\u00e9cada de experi\u00eancia em fabrica\u00e7\u00e3o e gest\u00e3o, a FMP garante produtos de alta qualidade por meio de t\u00e9cnicas avan\u00e7adas de produ\u00e7\u00e3o.<\/p>\n<p>\u00c0 medida que a empresa evoluiu, desenvolveu uma linha de produ\u00e7\u00e3o de usinagem abrangente, uma linha de montagem e uma linha de revestimento. Nossa equipe \u00e9 composta por gestores qualificados, projetistas mec\u00e2nicos experientes e t\u00e9cnicos altamente treinados que trabalham juntos para manter a qualidade da produ\u00e7\u00e3o est\u00e1vel, controlando eficazmente a continuidade e a efici\u00eancia do processo.<\/p>\n<p>A FMP defende a filosofia de \"Inova\u00e7\u00e3o Tecnol\u00f3gica Impulsionando o Progresso, Qualidade Criando Marcas, Artesanato Garantindo a Qualidade e Construindo Relacionamentos de Longo Prazo em que Todos Ganhamos\". Nosso compromisso em fornecer produtos de alta qualidade e atendimento ao cliente superior continua sendo um objetivo fundamental, \u00e0 medida que continuamos a atender \u00e0s necessidades em constante evolu\u00e7\u00e3o do mercado.<\/p>\n<p><img loading=\"lazy\" decoding=\"async\" class=\"alignnone size-full wp-image-426\" src=\"https:\/\/fmp-components.com\/wp-content\/uploads\/2024\/12\/Sanitation-Machinery-Locking-Hydraulic-Cylinder-factory.webp\" sizes=\"(min-width: 0px) and (max-width: 480px) 480px, (min-width: 481px) and (max-width: 980px) 980px, (min-width: 981px) and (max-width: 1280px) 1280px, (min-width: 1281px) 1414px, 100vw\" srcset=\"https:\/\/fmp-components.com\/wp-content\/uploads\/2024\/12\/Sanitation-Machinery-Locking-Hydraulic-Cylinder-factory.webp 1414w, https:\/\/fmp-components.com\/wp-content\/uploads\/2024\/12\/Sanitation-Machinery-Locking-Hydraulic-Cylinder-factory-1280x529.webp 1280w, https:\/\/fmp-components.com\/wp-content\/uploads\/2024\/12\/Sanitation-Machinery-Locking-Hydraulic-Cylinder-factory-980x405.webp 980w, https:\/\/fmp-components.com\/wp-content\/uploads\/2024\/12\/Sanitation-Machinery-Locking-Hydraulic-Cylinder-factory-480x198.webp 480w\" alt=\"F\u00e1brica de Cilindros Hidr\u00e1ulicos de Bloqueio de M\u00e1quinas de Saneamento\" width=\"1414\" height=\"584\" title=\"\"><\/p>\n<p>Autor: CX<\/p>","protected":false},"excerpt":{"rendered":"<p>Large Excavator Bucket Cylinder Specifications: The bucket cylinder operates the excavator&#8217;s bucket, enabling it to lift, tilt, and dump materials. This cylinder is essential for excavating, scooping, and loading, providing the necessary force to manipulate the bucket effectively during various tasks. Product Name Large Excavator Bucket Cylinder Features: Control the action of the bucket Bore [&hellip;]<\/p>","protected":false},"featured_media":495,"comment_status":"open","ping_status":"closed","template":"","meta":{"_et_pb_use_builder":"","_et_pb_old_content":"","_et_gb_content_width":""},"product_brand":[],"product_cat":[25],"product_tag":[],"class_list":{"0":"post-482","1":"product","2":"type-product","3":"status-publish","4":"has-post-thumbnail","6":"product_cat-mobile-machinery-hydraulic-cylinder","8":"first","9":"instock","10":"shipping-taxable","11":"product-type-simple"},"_links":{"self":[{"href":"https:\/\/fmp-components.com\/pt\/wp-json\/wp\/v2\/product\/482","targetHints":{"allow":["GET"]}}],"collection":[{"href":"https:\/\/fmp-components.com\/pt\/wp-json\/wp\/v2\/product"}],"about":[{"href":"https:\/\/fmp-components.com\/pt\/wp-json\/wp\/v2\/types\/product"}],"replies":[{"embeddable":true,"href":"https:\/\/fmp-components.com\/pt\/wp-json\/wp\/v2\/comments?post=482"}],"wp:featuredmedia":[{"embeddable":true,"href":"https:\/\/fmp-components.com\/pt\/wp-json\/wp\/v2\/media\/495"}],"wp:attachment":[{"href":"https:\/\/fmp-components.com\/pt\/wp-json\/wp\/v2\/media?parent=482"}],"wp:term":[{"taxonomy":"product_brand","embeddable":true,"href":"https:\/\/fmp-components.com\/pt\/wp-json\/wp\/v2\/product_brand?post=482"},{"taxonomy":"product_cat","embeddable":true,"href":"https:\/\/fmp-components.com\/pt\/wp-json\/wp\/v2\/product_cat?post=482"},{"taxonomy":"product_tag","embeddable":true,"href":"https:\/\/fmp-components.com\/pt\/wp-json\/wp\/v2\/product_tag?post=482"}],"curies":[{"name":"wp","href":"https:\/\/api.w.org\/{rel}","templated":true}]}}