{"id":4777,"date":"2025-01-20T08:49:32","date_gmt":"2025-01-20T08:49:32","guid":{"rendered":"https:\/\/fmp-components.com\/?page_id=8"},"modified":"2025-01-20T08:53:40","modified_gmt":"2025-01-20T08:53:40","slug":"curved-rack-and-pinion-gear","status":"publish","type":"product","link":"https:\/\/fmp-components.com\/pt\/product\/curved-rack-and-pinion-gear\/","title":{"rendered":"Engrenagem de cremalheira e pinh\u00e3o curva"},"content":{"rendered":"<h2>Especifica\u00e7\u00e3o de engrenagens de cremalheira e pinh\u00e3o curvas<\/h2>\n<p>Engrenagem de cremalheira e pinh\u00e3o curvado de a\u00e7o inoxid\u00e1vel para usinagem de precis\u00e3o para rob\u00f4<\/p>\n<table class=\"table\" border=\"1\" width=\"100%\" cellspacing=\"0\" cellpadding=\"0\">\n<tbody>\n<tr class=\"firstRow\">\n<td><strong>N\u00famero do modelo<\/strong><\/td>\n<td>M1, M1.5, M2, M2.5, M3, M4, M5, M8, M12 etc.<\/td>\n<\/tr>\n<tr>\n<td><strong>Material<\/strong><\/td>\n<td>Lat\u00e3o, a\u00e7o C45, a\u00e7o inoxid\u00e1vel, cobre, POM, alum\u00ednio, liga e assim por diante<\/td>\n<\/tr>\n<tr>\n<td><strong>Tratamento de superf\u00edcie<\/strong><\/td>\n<td>Zincagem, Niquelamento, Passiva\u00e7\u00e3o, Oxida\u00e7\u00e3o, Anodiza\u00e7\u00e3o, Geomet, Dacromet, \u00d3xido Preto, Fosfatiza\u00e7\u00e3o, Revestimento em P\u00f3 e Eletroforese.<\/td>\n<\/tr>\n<tr>\n<td><strong>Padr\u00e3o<\/strong><\/td>\n<td>ISO, DIN, ANSI, JIS, BS e n\u00e3o padronizado.<\/td>\n<\/tr>\n<tr>\n<td><strong>Precis\u00e3o<\/strong><\/td>\n<td>DIN6, DIN7, DIN8, DIN9.<\/td>\n<\/tr>\n<tr>\n<td><strong>Tratamento dent\u00e1rio<\/strong><\/td>\n<td>Endurecido, fresado ou mo\u00eddo<\/td>\n<\/tr>\n<tr>\n<td><strong>Toler\u00e2ncia<\/strong><\/td>\n<td>0,001 mm-0,01 mm-0,1 mm<\/td>\n<\/tr>\n<tr>\n<td><strong>Terminar<\/strong><\/td>\n<td>jateamento de areia, tratamento t\u00e9rmico, recozimento, t\u00eampera, polimento, anodiza\u00e7\u00e3o, zincagem<\/td>\n<\/tr>\n<tr>\n<td><strong>Embalagem de itens<\/strong><\/td>\n<td>Saco pl\u00e1stico + caixas ou embalagem de madeira<\/td>\n<\/tr>\n<tr>\n<td><strong>Condi\u00e7\u00f5es de pagamento<\/strong><\/td>\n<td>T\/T, L\/C<\/td>\n<\/tr>\n<tr>\n<td><strong>Amostras<\/strong><\/td>\n<td>Faixa de pre\u00e7o de amostra de $2 a $100. Solicita\u00e7\u00e3o expressa de amostra paga pelos clientes<\/td>\n<\/tr>\n<tr>\n<td><strong>Aplicativo<\/strong><\/td>\n<td>1. M\u00e1quina de controle autom\u00e1tico 2. Ind\u00fastria de semicondutores 3. M\u00e1quinas da ind\u00fastria em geral 4. Equipamentos m\u00e9dicos 5. Equipamentos de energia solar 6. M\u00e1quinas-ferramentas 7. Sistema de estacionamento 8. Equipamentos de transporte ferrovi\u00e1rio e a\u00e9reo de alta velocidade, etc.<\/td>\n<\/tr>\n<\/tbody>\n<\/table>\n<p>A sele\u00e7\u00e3o do material da cremalheira e pinh\u00e3o em arco ou curva \u00e9 cient\u00edfica e racional. Ela considera totalmente o ambiente de uso real do projeto e apresenta boa resist\u00eancia \u00e0 abras\u00e3o. A cremalheira e o pinh\u00e3o em curva consideram o ambiente de uso espec\u00edfico e as caracter\u00edsticas de fluxo do material, processando-os ap\u00f3s a sele\u00e7\u00e3o. A cremalheira e o pinh\u00e3o em curva apresentam resist\u00eancia \u00e0 abras\u00e3o e estabilidade ap\u00f3s o tratamento de t\u00eampera.<\/p>","protected":false},"excerpt":{"rendered":"<p>Specification of Curved Rack and Pinion Gears Precision Machining Stainless Steel Curved Rack and Pinion Gear for Robot Model Number M1,M1.5,M2,M2.5,M3,M4,M5,M8,M12 etc. Material Brass, \u00a0 C45 steel, Stainless steel, Copper, POM, Aluminum, Alloy, and so on Surface treatment Zinc-plated, Nickel plated, Passivation, Oxidation, Anodization,\u00a0 \u00a0 Geomet, Dacromet, Black Oxide, Phosphatizing, Powder Coating, and \u00a0 Electrophoresis. [&hellip;]<\/p>","protected":false},"featured_media":4778,"comment_status":"open","ping_status":"closed","template":"","meta":{"_et_pb_use_builder":"","_et_pb_old_content":"","_et_gb_content_width":""},"product_brand":[],"product_cat":[91],"product_tag":[],"class_list":{"0":"post-4777","1":"product","2":"type-product","3":"status-publish","4":"has-post-thumbnail","6":"product_cat-gear-racks","8":"first","9":"instock","10":"shipping-taxable","11":"product-type-simple"},"_links":{"self":[{"href":"https:\/\/fmp-components.com\/pt\/wp-json\/wp\/v2\/product\/4777","targetHints":{"allow":["GET"]}}],"collection":[{"href":"https:\/\/fmp-components.com\/pt\/wp-json\/wp\/v2\/product"}],"about":[{"href":"https:\/\/fmp-components.com\/pt\/wp-json\/wp\/v2\/types\/product"}],"replies":[{"embeddable":true,"href":"https:\/\/fmp-components.com\/pt\/wp-json\/wp\/v2\/comments?post=4777"}],"wp:featuredmedia":[{"embeddable":true,"href":"https:\/\/fmp-components.com\/pt\/wp-json\/wp\/v2\/media\/4778"}],"wp:attachment":[{"href":"https:\/\/fmp-components.com\/pt\/wp-json\/wp\/v2\/media?parent=4777"}],"wp:term":[{"taxonomy":"product_brand","embeddable":true,"href":"https:\/\/fmp-components.com\/pt\/wp-json\/wp\/v2\/product_brand?post=4777"},{"taxonomy":"product_cat","embeddable":true,"href":"https:\/\/fmp-components.com\/pt\/wp-json\/wp\/v2\/product_cat?post=4777"},{"taxonomy":"product_tag","embeddable":true,"href":"https:\/\/fmp-components.com\/pt\/wp-json\/wp\/v2\/product_tag?post=4777"}],"curies":[{"name":"wp","href":"https:\/\/api.w.org\/{rel}","templated":true}]}}