{"id":469,"date":"2024-12-10T08:34:34","date_gmt":"2024-12-10T08:34:34","guid":{"rendered":"https:\/\/fmp-components.com\/?page_id=8"},"modified":"2024-12-10T08:53:20","modified_gmt":"2024-12-10T08:53:20","slug":"small-excavator-cylinder","status":"publish","type":"product","link":"https:\/\/fmp-components.com\/pt\/product\/small-excavator-cylinder\/","title":{"rendered":"Cilindro de escavadeira pequena"},"content":{"rendered":"<p style=\"text-align: center;\"><span style=\"font-size: 18pt;\">Cilindro de escavadeira pequena<\/span><\/p>\n<p>O cilindro hidr\u00e1ulico para escavadeiras de pequeno porte \u00e9 um componente essencial projetado para otimizar o desempenho dessas m\u00e1quinas em diversas tarefas de constru\u00e7\u00e3o e escava\u00e7\u00e3o. Projetado para durabilidade e efici\u00eancia, este cilindro facilita movimentos fundamentais, como levantar, escavar e manobrar, garantindo uma opera\u00e7\u00e3o precisa.<\/p>\n<p><img loading=\"lazy\" decoding=\"async\" class=\"size-full wp-image-483 aligncenter\" src=\"https:\/\/fmp-components.com\/wp-content\/uploads\/2024\/12\/Small-Excavator-Cylinder.webp\" alt=\"Cilindro de Escavadeira Pequena\" width=\"760\" height=\"533\" title=\"\" srcset=\"https:\/\/fmp-components.com\/wp-content\/uploads\/2024\/12\/Small-Excavator-Cylinder.webp 760w, https:\/\/fmp-components.com\/wp-content\/uploads\/2024\/12\/Small-Excavator-Cylinder-480x337.webp 480w\" sizes=\"(min-width: 0px) and (max-width: 480px) 480px, (min-width: 481px) 760px, 100vw\" \/><\/p>\n<h4>Principais caracter\u00edsticas:<\/h4>\n<ul>\n<li>Constru\u00e7\u00e3o robusta: Fabricado com materiais de alta resist\u00eancia, o cilindro da pequena escavadeira foi projetado para suportar as condi\u00e7\u00f5es exigentes dos canteiros de obras, proporcionando confiabilidade e desempenho duradouros.<\/li>\n<li>Funcionalidade vers\u00e1til: Este cilindro suporta diversas fun\u00e7\u00f5es, incluindo a opera\u00e7\u00e3o da lan\u00e7a, bra\u00e7o, ca\u00e7amba e acess\u00f3rios, tornando-o parte integrante da opera\u00e7\u00e3o geral da escavadeira.<\/li>\n<li>Desempenho hidr\u00e1ulico eficiente: Projetado para uma opera\u00e7\u00e3o suave e responsiva, o sistema hidr\u00e1ulico permite que os operadores executem tarefas com precis\u00e3o, aumentando a produtividade em escava\u00e7\u00f5es, nivelamento e movimenta\u00e7\u00e3o de materiais.<\/li>\n<li>Design compacto: O design compacto do cilindro permite f\u00e1cil integra\u00e7\u00e3o em escavadeiras de pequeno porte, melhorando sua manobrabilidade em espa\u00e7os reduzidos e, ao mesmo tempo, mantendo um desempenho robusto.<\/li>\n<li>Baixa necessidade de manuten\u00e7\u00e3o: Projetado para durabilidade, o cilindro da escavadeira de pequeno porte requer manuten\u00e7\u00e3o m\u00ednima, reduzindo o tempo de inatividade e contribuindo para a efici\u00eancia geral das opera\u00e7\u00f5es.<\/li>\n<\/ul>\n<p>O cilindro para escavadeira de pequeno porte \u00e9 um componente essencial que aumenta a funcionalidade e a versatilidade dessas m\u00e1quinas, tornando-as ferramentas eficazes para uma ampla gama de aplica\u00e7\u00f5es na constru\u00e7\u00e3o civil, paisagismo e escava\u00e7\u00e3o.<\/p>\n<h2>Especifica\u00e7\u00f5es do cilindro da lan\u00e7a (cilindro do bra\u00e7o) de escavadeira de pequeno porte:<\/h2>\n<p>O cilindro da lan\u00e7a, tamb\u00e9m conhecido como cilindro do bra\u00e7o, \u00e9 respons\u00e1vel por estender e retrair o bra\u00e7o da escavadeira. Este cilindro fornece a for\u00e7a necess\u00e1ria para levantar e abaixar a lan\u00e7a, permitindo movimentos precisos durante a escava\u00e7\u00e3o e o manuseio de materiais.<\/p>\n<h2><img loading=\"lazy\" decoding=\"async\" class=\"size-full wp-image-471 aligncenter\" src=\"https:\/\/fmp-components.com\/wp-content\/uploads\/2024\/12\/Small-Excavator-Cylinder1.webp\" alt=\"Cilindro de escavadeira pequena\" width=\"500\" height=\"200\" title=\"\" srcset=\"https:\/\/fmp-components.com\/wp-content\/uploads\/2024\/12\/Small-Excavator-Cylinder1.webp 500w, https:\/\/fmp-components.com\/wp-content\/uploads\/2024\/12\/Small-Excavator-Cylinder1-480x192.webp 480w\" sizes=\"(min-width: 0px) and (max-width: 480px) 480px, (min-width: 481px) 500px, 100vw\" \/><\/h2>\n<table style=\"width: 100%;\" border=\"1\" width=\"100%\" cellspacing=\"0\" cellpadding=\"0\">\n<tbody>\n<tr>\n<td>Nome do produto<\/td>\n<td>Cilindro de bra\u00e7o de escavadeira pequena<\/td>\n<\/tr>\n<tr>\n<td>Caracter\u00edsticas:<\/td>\n<td>Controle o movimento do antebra\u00e7o<\/td>\n<\/tr>\n<tr>\n<td>Di\u00e2metro do furo:<\/td>\n<td>50 mm a 115 mm<\/td>\n<\/tr>\n<tr>\n<td>Di\u00e2metro da haste:<\/td>\n<td>25 mm a 70 mm<br \/>\nCurso\u22641000mm<\/td>\n<\/tr>\n<tr>\n<td>For\u00e7a de empuxo:<\/td>\n<td>M\u00e1ximo 305 kN<\/td>\n<\/tr>\n<tr>\n<td>Di\u00e2metro do furo:<\/td>\n<td>115 mm\/press\u00e3o 29,4 MPa)<\/td>\n<\/tr>\n<\/tbody>\n<\/table>\n<h2><\/h2>\n<h2><img loading=\"lazy\" decoding=\"async\" class=\"alignnone size-full wp-image-472\" src=\"https:\/\/fmp-components.com\/wp-content\/uploads\/2024\/12\/Small-Excavator-Cylinder1-1.webp\" alt=\"Cilindro de escavadeira pequena\" width=\"828\" height=\"416\" title=\"\" srcset=\"https:\/\/fmp-components.com\/wp-content\/uploads\/2024\/12\/Small-Excavator-Cylinder1-1.webp 828w, https:\/\/fmp-components.com\/wp-content\/uploads\/2024\/12\/Small-Excavator-Cylinder1-1-480x241.webp 480w\" sizes=\"(min-width: 0px) and (max-width: 480px) 480px, (min-width: 481px) 828px, 100vw\" \/><\/h2>\n<h2>Especifica\u00e7\u00f5es do cilindro da ca\u00e7amba da escavadeira de pequeno porte:<\/h2>\n<p>O cilindro da ca\u00e7amba aciona a ca\u00e7amba da escavadeira, permitindo que ela incline e despeje materiais. Este cilindro \u00e9 crucial para escavar, recolher e carregar, fornecendo a pot\u00eancia necess\u00e1ria para manipular a ca\u00e7amba de forma eficaz.<\/p>\n<h2><img loading=\"lazy\" decoding=\"async\" class=\"size-full wp-image-473 aligncenter\" src=\"https:\/\/fmp-components.com\/wp-content\/uploads\/2024\/12\/Small-Excavator-Cylinder2.webp\" alt=\"Cilindro de escavadeira pequena\" width=\"500\" height=\"200\" title=\"\" srcset=\"https:\/\/fmp-components.com\/wp-content\/uploads\/2024\/12\/Small-Excavator-Cylinder2.webp 500w, https:\/\/fmp-components.com\/wp-content\/uploads\/2024\/12\/Small-Excavator-Cylinder2-480x192.webp 480w\" sizes=\"(min-width: 0px) and (max-width: 480px) 480px, (min-width: 481px) 500px, 100vw\" \/><\/h2>\n<table style=\"width: 100%;\" border=\"1\" width=\"100%\" cellspacing=\"0\" cellpadding=\"0\">\n<tbody>\n<tr>\n<td>Nome do produto<\/td>\n<td>Cilindro da ca\u00e7amba da escavadeira pequena<\/td>\n<\/tr>\n<tr>\n<td>Caracter\u00edsticas:<\/td>\n<td>Controlar a a\u00e7\u00e3o do balde<\/td>\n<\/tr>\n<tr>\n<td>Di\u00e2metro do furo:<\/td>\n<td>50 mm a 105 mm<\/td>\n<\/tr>\n<tr>\n<td>Di\u00e2metro da haste:<\/td>\n<td>25 mm a 70 mm<br \/>\nCurso \u2264 1000 mm<\/td>\n<\/tr>\n<tr>\n<td>For\u00e7a de empuxo:<\/td>\n<td>M\u00e1ximo 255 kN<\/td>\n<\/tr>\n<tr>\n<td>Di\u00e2metro do furo:<\/td>\n<td>105 mm\/press\u00e3o 29,4 MPa<\/td>\n<\/tr>\n<\/tbody>\n<\/table>\n<h2><\/h2>\n<h2><img loading=\"lazy\" decoding=\"async\" class=\"alignnone size-full wp-image-474\" src=\"https:\/\/fmp-components.com\/wp-content\/uploads\/2024\/12\/Small-Excavator-Cylinder2-1.webp\" alt=\"Cilindro de escavadeira pequena\" width=\"847\" height=\"410\" title=\"\" srcset=\"https:\/\/fmp-components.com\/wp-content\/uploads\/2024\/12\/Small-Excavator-Cylinder2-1.webp 847w, https:\/\/fmp-components.com\/wp-content\/uploads\/2024\/12\/Small-Excavator-Cylinder2-1-480x232.webp 480w\" sizes=\"(min-width: 0px) and (max-width: 480px) 480px, (min-width: 481px) 847px, 100vw\" \/><\/h2>\n<h2>Especifica\u00e7\u00f5es do cilindro da lan\u00e7a de escavadeira de pequeno porte:<\/h2>\n<p>O cilindro da lan\u00e7a controla o movimento da lan\u00e7a da escavadeira, permitindo que ela suba e des\u00e7a. Esse cilindro \u00e9 essencial para alcan\u00e7ar diferentes alturas e profundidades, possibilitando que a escavadeira execute uma variedade de tarefas com precis\u00e3o.<\/p>\n<h2><img loading=\"lazy\" decoding=\"async\" class=\"size-full wp-image-475 aligncenter\" src=\"https:\/\/fmp-components.com\/wp-content\/uploads\/2024\/12\/Small-Excavator-Cylinder3.webp\" alt=\"Cilindro de escavadeira pequena\" width=\"500\" height=\"200\" title=\"\" srcset=\"https:\/\/fmp-components.com\/wp-content\/uploads\/2024\/12\/Small-Excavator-Cylinder3.webp 500w, https:\/\/fmp-components.com\/wp-content\/uploads\/2024\/12\/Small-Excavator-Cylinder3-480x192.webp 480w\" sizes=\"(min-width: 0px) and (max-width: 480px) 480px, (min-width: 481px) 500px, 100vw\" \/><\/h2>\n<table style=\"width: 100%;\" border=\"1\" width=\"100%\" cellspacing=\"0\" cellpadding=\"0\">\n<tbody>\n<tr>\n<td>Nome do produto<\/td>\n<td>Cilindro da lan\u00e7a da escavadeira pequena<\/td>\n<\/tr>\n<tr>\n<td>Caracter\u00edsticas:<\/td>\n<td>Controle o movimento de eleva\u00e7\u00e3o do bra\u00e7o grande<\/td>\n<\/tr>\n<tr>\n<td>Di\u00e2metro do furo:<\/td>\n<td>50 mm \uff5e 125 mm<\/td>\n<\/tr>\n<tr>\n<td>Di\u00e2metro da haste:<\/td>\n<td>25 mm \uff5e 75 mm<br \/>\nCurso\u22641000mm<\/td>\n<\/tr>\n<tr>\n<td>For\u00e7a de empuxo:<\/td>\n<td>M\u00e1ximo 361KN<\/td>\n<\/tr>\n<tr>\n<td>Di\u00e2metro do furo:<\/td>\n<td>125 mm\/press\u00e3o 29,4 MPa<\/td>\n<\/tr>\n<\/tbody>\n<\/table>\n<h2><\/h2>\n<h2><img loading=\"lazy\" decoding=\"async\" class=\"alignnone size-full wp-image-476\" src=\"https:\/\/fmp-components.com\/wp-content\/uploads\/2024\/12\/Small-Excavator-Cylinder3-1.webp\" alt=\"Cilindro de escavadeira pequena\" width=\"874\" height=\"394\" title=\"\" srcset=\"https:\/\/fmp-components.com\/wp-content\/uploads\/2024\/12\/Small-Excavator-Cylinder3-1.webp 874w, https:\/\/fmp-components.com\/wp-content\/uploads\/2024\/12\/Small-Excavator-Cylinder3-1-480x216.webp 480w\" sizes=\"(min-width: 0px) and (max-width: 480px) 480px, (min-width: 481px) 874px, 100vw\" \/><\/h2>\n<h2>Especifica\u00e7\u00f5es do cilindro de nivelamento para escavadeiras de pequeno porte:<\/h2>\n<p>O cilindro de nivelamento \u00e9 usado para controlar a l\u00e2mina da escavadeira, permitindo o nivelamento e a terraplanagem precisos do terreno. Esse cilindro aumenta a versatilidade da escavadeira, tornando-a adequada para tarefas como prepara\u00e7\u00e3o do terreno e movimenta\u00e7\u00e3o de terra.<\/p>\n<h2><img loading=\"lazy\" decoding=\"async\" class=\"size-full wp-image-477 aligncenter\" src=\"https:\/\/fmp-components.com\/wp-content\/uploads\/2024\/12\/Small-Excavator-Cylinder4.webp\" alt=\"Cilindro de escavadeira pequena\" width=\"500\" height=\"200\" title=\"\" srcset=\"https:\/\/fmp-components.com\/wp-content\/uploads\/2024\/12\/Small-Excavator-Cylinder4.webp 500w, https:\/\/fmp-components.com\/wp-content\/uploads\/2024\/12\/Small-Excavator-Cylinder4-480x192.webp 480w\" sizes=\"(min-width: 0px) and (max-width: 480px) 480px, (min-width: 481px) 500px, 100vw\" \/><\/h2>\n<table style=\"width: 100%;\" border=\"1\" width=\"100%\" cellspacing=\"0\" cellpadding=\"0\">\n<tbody>\n<tr>\n<td>Nome do produto<\/td>\n<td>Cilindro de escava\u00e7\u00e3o de pequeno porte<\/td>\n<\/tr>\n<tr>\n<td>Caracter\u00edsticas:<\/td>\n<td>Controle a a\u00e7\u00e3o da escavadeira.<\/td>\n<\/tr>\n<tr>\n<td>Di\u00e2metro do furo:<\/td>\n<td>50 mm \uff5e 140 mm<\/td>\n<\/tr>\n<tr>\n<td>Di\u00e2metro da haste:<\/td>\n<td>25 mm a 80 mm<br \/>\nCurso \u2264 250 mm<\/td>\n<\/tr>\n<tr>\n<td>For\u00e7a de empuxo:<\/td>\n<td>M\u00e1ximo 453 kN<\/td>\n<\/tr>\n<tr>\n<td>Di\u00e2metro do furo:<\/td>\n<td>140 mm\/press\u00e3o 29,4 MPa<\/td>\n<\/tr>\n<\/tbody>\n<\/table>\n<h2><\/h2>\n<h2><img loading=\"lazy\" decoding=\"async\" class=\"alignnone size-full wp-image-478\" src=\"https:\/\/fmp-components.com\/wp-content\/uploads\/2024\/12\/Small-Excavator-Cylinder4-1.webp\" alt=\"Cilindro de escavadeira pequena\" width=\"847\" height=\"401\" title=\"\" srcset=\"https:\/\/fmp-components.com\/wp-content\/uploads\/2024\/12\/Small-Excavator-Cylinder4-1.webp 847w, https:\/\/fmp-components.com\/wp-content\/uploads\/2024\/12\/Small-Excavator-Cylinder4-1-480x227.webp 480w\" sizes=\"(min-width: 0px) and (max-width: 480px) 480px, (min-width: 481px) 847px, 100vw\" \/><\/h2>\n<h2>Especifica\u00e7\u00f5es do atuador rotativo para escavadeira de pequeno porte:<\/h2>\n<p>O atuador rotativo proporciona movimento de rota\u00e7\u00e3o para implementos como brocas ou garras. Este componente permite que a escavadeira execute tarefas que exigem movimentos de piv\u00f4 ou rota\u00e7\u00e3o, aumentando sua flexibilidade operacional.<\/p>\n<h2><img loading=\"lazy\" decoding=\"async\" class=\"size-full wp-image-479 aligncenter\" src=\"https:\/\/fmp-components.com\/wp-content\/uploads\/2024\/12\/Small-Excavator-Cylinder5.webp\" alt=\"Cilindro de escavadeira pequena\" width=\"500\" height=\"200\" title=\"\" srcset=\"https:\/\/fmp-components.com\/wp-content\/uploads\/2024\/12\/Small-Excavator-Cylinder5.webp 500w, https:\/\/fmp-components.com\/wp-content\/uploads\/2024\/12\/Small-Excavator-Cylinder5-480x192.webp 480w\" sizes=\"(min-width: 0px) and (max-width: 480px) 480px, (min-width: 481px) 500px, 100vw\" \/><\/h2>\n<table style=\"width: 100%;\" border=\"1\" width=\"100%\" cellspacing=\"0\" cellpadding=\"0\">\n<tbody>\n<tr style=\"height: 23px;\">\n<td style=\"height: 23px;\">Nome do produto<\/td>\n<td style=\"height: 23px;\">Atuador rotativo para escavadeira de pequeno porte<\/td>\n<\/tr>\n<tr style=\"height: 23px;\">\n<td style=\"height: 23px;\">Caracter\u00edsticas:<\/td>\n<td style=\"height: 23px;\">Desvio do bra\u00e7o grande<\/td>\n<\/tr>\n<tr style=\"height: 23px;\">\n<td style=\"height: 23px;\">Di\u00e2metro do furo:<\/td>\n<td style=\"height: 23px;\">50 mm a 120 mm<\/td>\n<\/tr>\n<tr style=\"height: 47px;\">\n<td style=\"height: 47px;\">Di\u00e2metro da haste:<\/td>\n<td style=\"height: 47px;\">25 mm \uff5e 75 mm<br \/>\nCurso\u22641000mm<\/td>\n<\/tr>\n<tr style=\"height: 23px;\">\n<td style=\"height: 23px;\">For\u00e7a de empuxo:<\/td>\n<td style=\"height: 23px;\">M\u00e1ximo 333 kN<\/td>\n<\/tr>\n<tr style=\"height: 23px;\">\n<td style=\"height: 23px;\">Di\u00e2metro do furo:<\/td>\n<td style=\"height: 23px;\">120 mm\/press\u00e3o 29,4 MPa<\/td>\n<\/tr>\n<\/tbody>\n<\/table>\n<h2><\/h2>\n<h2><img loading=\"lazy\" decoding=\"async\" class=\"alignnone size-full wp-image-480\" src=\"https:\/\/fmp-components.com\/wp-content\/uploads\/2024\/12\/Small-Excavator-Cylinder5-1.webp\" alt=\"Cilindro de escavadeira pequena\" width=\"849\" height=\"392\" title=\"\" srcset=\"https:\/\/fmp-components.com\/wp-content\/uploads\/2024\/12\/Small-Excavator-Cylinder5-1.webp 849w, https:\/\/fmp-components.com\/wp-content\/uploads\/2024\/12\/Small-Excavator-Cylinder5-1-480x222.webp 480w\" sizes=\"(min-width: 0px) and (max-width: 480px) 480px, (min-width: 481px) 849px, 100vw\" \/><\/h2>\n<h2>Sobre a FMP<\/h2>\n<p>A FMP \u00e9 uma empresa especializada em fabrica\u00e7\u00e3o mec\u00e2nica, dedicada \u00e0 produ\u00e7\u00e3o de cilindros hidr\u00e1ulicos. Desde a sua funda\u00e7\u00e3o, a empresa tem se concentrado na pesquisa e fabrica\u00e7\u00e3o de tecnologia hidr\u00e1ulica, transitando com sucesso de uma gama diversificada de produtos, que inclu\u00eda m\u00e1quinas para colheita e constru\u00e7\u00e3o, para a especializa\u00e7\u00e3o em componentes para tratores agr\u00edcolas. Com mais de uma d\u00e9cada de experi\u00eancia em fabrica\u00e7\u00e3o e gest\u00e3o, a FMP garante produtos de alta qualidade por meio de t\u00e9cnicas avan\u00e7adas de produ\u00e7\u00e3o.<\/p>\n<p>\u00c0 medida que a empresa evoluiu, desenvolveu uma linha de produ\u00e7\u00e3o de usinagem abrangente, uma linha de montagem e uma linha de revestimento. Nossa equipe \u00e9 composta por gestores qualificados, projetistas mec\u00e2nicos experientes e t\u00e9cnicos altamente treinados que trabalham juntos para manter a qualidade da produ\u00e7\u00e3o est\u00e1vel, controlando eficazmente a continuidade e a efici\u00eancia do processo.<\/p>\n<p>A FMP defende a filosofia de \"Inova\u00e7\u00e3o Tecnol\u00f3gica Impulsionando o Progresso, Qualidade Criando Marcas, Artesanato Garantindo a Qualidade e Construindo Relacionamentos de Longo Prazo em que Todos Ganhamos\". Nosso compromisso em fornecer produtos de alta qualidade e atendimento ao cliente superior continua sendo um objetivo fundamental, \u00e0 medida que continuamos a atender \u00e0s necessidades em constante evolu\u00e7\u00e3o do mercado.<\/p>\n<p><img loading=\"lazy\" decoding=\"async\" class=\"alignnone size-full wp-image-426\" src=\"https:\/\/fmp-components.com\/wp-content\/uploads\/2024\/12\/Sanitation-Machinery-Locking-Hydraulic-Cylinder-factory.webp\" sizes=\"(min-width: 0px) and (max-width: 480px) 480px, (min-width: 481px) and (max-width: 980px) 980px, (min-width: 981px) and (max-width: 1280px) 1280px, (min-width: 1281px) 1414px, 100vw\" srcset=\"https:\/\/fmp-components.com\/wp-content\/uploads\/2024\/12\/Sanitation-Machinery-Locking-Hydraulic-Cylinder-factory.webp 1414w, https:\/\/fmp-components.com\/wp-content\/uploads\/2024\/12\/Sanitation-Machinery-Locking-Hydraulic-Cylinder-factory-1280x529.webp 1280w, https:\/\/fmp-components.com\/wp-content\/uploads\/2024\/12\/Sanitation-Machinery-Locking-Hydraulic-Cylinder-factory-980x405.webp 980w, https:\/\/fmp-components.com\/wp-content\/uploads\/2024\/12\/Sanitation-Machinery-Locking-Hydraulic-Cylinder-factory-480x198.webp 480w\" alt=\"F\u00e1brica de Cilindros Hidr\u00e1ulicos de Bloqueio de M\u00e1quinas de Saneamento\" width=\"1414\" height=\"584\" title=\"\"><\/p>\n<p>Autor: CX<\/p>","protected":false},"excerpt":{"rendered":"<p>O cilindro hidr\u00e1ulico para escavadeiras de pequeno porte \u00e9 um componente crucial, projetado para proporcionar movimentos potentes e precisos. Este cilindro foi desenvolvido para facilitar diversas fun\u00e7\u00f5es, como eleva\u00e7\u00e3o, escava\u00e7\u00e3o e inclina\u00e7\u00e3o, garantindo a opera\u00e7\u00e3o eficiente da m\u00e1quina. Constru\u00eddo com materiais de alta resist\u00eancia, ele foi projetado para suportar as condi\u00e7\u00f5es exigentes de canteiros de obras e escava\u00e7\u00f5es, oferecendo durabilidade e confiabilidade. Seu design compacto permite f\u00e1cil integra\u00e7\u00e3o em escavadeiras de pequeno porte, possibilitando maior manobrabilidade em espa\u00e7os reduzidos. Com seu desempenho hidr\u00e1ulico eficiente, o cilindro hidr\u00e1ulico para escavadeiras de pequeno porte desempenha um papel vital na otimiza\u00e7\u00e3o das capacidades da m\u00e1quina para uma ampla gama de aplica\u00e7\u00f5es.<\/p>","protected":false},"featured_media":470,"comment_status":"open","ping_status":"closed","template":"","meta":{"_et_pb_use_builder":"","_et_pb_old_content":"","_et_gb_content_width":""},"product_brand":[],"product_cat":[25],"product_tag":[],"class_list":{"0":"post-469","1":"product","2":"type-product","3":"status-publish","4":"has-post-thumbnail","6":"product_cat-mobile-machinery-hydraulic-cylinder","8":"first","9":"instock","10":"shipping-taxable","11":"product-type-simple"},"_links":{"self":[{"href":"https:\/\/fmp-components.com\/pt\/wp-json\/wp\/v2\/product\/469","targetHints":{"allow":["GET"]}}],"collection":[{"href":"https:\/\/fmp-components.com\/pt\/wp-json\/wp\/v2\/product"}],"about":[{"href":"https:\/\/fmp-components.com\/pt\/wp-json\/wp\/v2\/types\/product"}],"replies":[{"embeddable":true,"href":"https:\/\/fmp-components.com\/pt\/wp-json\/wp\/v2\/comments?post=469"}],"wp:featuredmedia":[{"embeddable":true,"href":"https:\/\/fmp-components.com\/pt\/wp-json\/wp\/v2\/media\/470"}],"wp:attachment":[{"href":"https:\/\/fmp-components.com\/pt\/wp-json\/wp\/v2\/media?parent=469"}],"wp:term":[{"taxonomy":"product_brand","embeddable":true,"href":"https:\/\/fmp-components.com\/pt\/wp-json\/wp\/v2\/product_brand?post=469"},{"taxonomy":"product_cat","embeddable":true,"href":"https:\/\/fmp-components.com\/pt\/wp-json\/wp\/v2\/product_cat?post=469"},{"taxonomy":"product_tag","embeddable":true,"href":"https:\/\/fmp-components.com\/pt\/wp-json\/wp\/v2\/product_tag?post=469"}],"curies":[{"name":"wp","href":"https:\/\/api.w.org\/{rel}","templated":true}]}}