{"id":461,"date":"2024-12-10T07:39:51","date_gmt":"2024-12-10T07:39:51","guid":{"rendered":"https:\/\/fmp-components.com\/?page_id=8"},"modified":"2024-12-10T07:43:11","modified_gmt":"2024-12-10T07:43:11","slug":"crane-spring-hydraulic-cylinder","status":"publish","type":"product","link":"https:\/\/fmp-components.com\/pt\/product\/crane-spring-hydraulic-cylinder\/","title":{"rendered":"Cilindro hidr\u00e1ulico de mola de guindaste"},"content":{"rendered":"<p style=\"text-align: center;\"><span style=\"font-size: 18pt;\">Cilindro hidr\u00e1ulico de mola de guindaste<\/span><\/p>\n<p>O Cilindro Hidr\u00e1ulico com Mola para Guindaste \u00e9 um componente essencial projetado para fornecer suporte din\u00e2mico e estabilidade para guindastes durante opera\u00e7\u00f5es de eleva\u00e7\u00e3o. Este cilindro hidr\u00e1ulico combina um mecanismo de mola com press\u00e3o hidr\u00e1ulica para permitir movimentos suaves e controlados, facilitando o manuseio eficiente da carga.<\/p>\n<p><img loading=\"lazy\" decoding=\"async\" class=\"size-full wp-image-465 aligncenter\" src=\"https:\/\/fmp-components.com\/wp-content\/uploads\/2024\/12\/Crane-Spring-Hydraulic-Cylinder.jpg\" alt=\"Cilindro hidr\u00e1ulico de mola de guindaste\" width=\"500\" height=\"500\" title=\"\" srcset=\"https:\/\/fmp-components.com\/wp-content\/uploads\/2024\/12\/Crane-Spring-Hydraulic-Cylinder.jpg 500w, https:\/\/fmp-components.com\/wp-content\/uploads\/2024\/12\/Crane-Spring-Hydraulic-Cylinder-480x480.jpg 480w\" sizes=\"(min-width: 0px) and (max-width: 480px) 480px, (min-width: 481px) 500px, 100vw\" \/><\/p>\n<h4>Principais caracter\u00edsticas:<\/h4>\n<ul>\n<li>Constru\u00e7\u00e3o dur\u00e1vel: Feito de materiais de alta resist\u00eancia, o cilindro hidr\u00e1ulico da mola do guindaste \u00e9 projetado para suportar as condi\u00e7\u00f5es exigentes de ambientes de constru\u00e7\u00e3o e industriais, garantindo durabilidade e confiabilidade duradouras.<\/li>\n<li>Suporte din\u00e2mico: O mecanismo de mola integrado auxilia na manuten\u00e7\u00e3o do equil\u00edbrio e da estabilidade durante as opera\u00e7\u00f5es de eleva\u00e7\u00e3o, aumentando a seguran\u00e7a e reduzindo o risco de tombamento.<\/li>\n<li>Opera\u00e7\u00e3o suave: O sistema hidr\u00e1ulico avan\u00e7ado permite movimentos fluidos e responsivos, permitindo que os operadores fa\u00e7am ajustes r\u00e1pidos na posi\u00e7\u00e3o do guindaste enquanto manuseiam cargas.<\/li>\n<li>Aplica\u00e7\u00e3o vers\u00e1til: adequado para v\u00e1rios tipos de guindastes, incluindo guindastes m\u00f3veis e de torre, este cilindro hidr\u00e1ulico pode ser facilmente integrado a diferentes sistemas de eleva\u00e7\u00e3o, tornando-o uma solu\u00e7\u00e3o vers\u00e1til para uma variedade de aplica\u00e7\u00f5es.<\/li>\n<li>Baixa necessidade de manuten\u00e7\u00e3o: Projetado para efici\u00eancia e durabilidade, o cilindro hidr\u00e1ulico de mola de guindaste requer manuten\u00e7\u00e3o m\u00ednima, contribuindo para reduzir o tempo de inatividade e aumentar a produtividade.<\/li>\n<\/ul>\n<p>O Cilindro Hidr\u00e1ulico de Mola para Guindaste \u00e9 um componente vital que melhora o desempenho e a seguran\u00e7a dos guindastes ao fornecer suporte din\u00e2mico e facilitar opera\u00e7\u00f5es de eleva\u00e7\u00e3o suaves, tornando-o indispens\u00e1vel para o manuseio eficaz de cargas em diversas aplica\u00e7\u00f5es.<\/p>\n<h2>Dimens\u00f5es do cilindro hidr\u00e1ulico da mola do guindaste:<\/h2>\n<table>\n<tbody>\n<tr>\n<td>\n<h2><img loading=\"lazy\" decoding=\"async\" class=\"alignnone size-full wp-image-462\" src=\"https:\/\/fmp-components.com\/wp-content\/uploads\/2024\/12\/Crane-Spring-Hydraulic-Cylinder-Dimensions-1.webp\" alt=\"Dimens\u00f5es do cilindro hidr\u00e1ulico da mola do guindaste\" width=\"980\" height=\"517\" title=\"\" srcset=\"https:\/\/fmp-components.com\/wp-content\/uploads\/2024\/12\/Crane-Spring-Hydraulic-Cylinder-Dimensions-1.webp 980w, https:\/\/fmp-components.com\/wp-content\/uploads\/2024\/12\/Crane-Spring-Hydraulic-Cylinder-Dimensions-1-480x253.webp 480w\" sizes=\"(min-width: 0px) and (max-width: 480px) 480px, (min-width: 481px) 980px, 100vw\" \/><\/h2>\n<\/td>\n<td>\n<h2><img loading=\"lazy\" decoding=\"async\" class=\"alignnone size-full wp-image-463\" src=\"https:\/\/fmp-components.com\/wp-content\/uploads\/2024\/12\/Crane-Spring-Hydraulic-Cylinder-Dimensions-2.webp\" alt=\"Dimens\u00f5es do cilindro hidr\u00e1ulico da mola do guindaste\" width=\"980\" height=\"517\" title=\"\" srcset=\"https:\/\/fmp-components.com\/wp-content\/uploads\/2024\/12\/Crane-Spring-Hydraulic-Cylinder-Dimensions-2.webp 980w, https:\/\/fmp-components.com\/wp-content\/uploads\/2024\/12\/Crane-Spring-Hydraulic-Cylinder-Dimensions-2-480x253.webp 480w\" sizes=\"(min-width: 0px) and (max-width: 480px) 480px, (min-width: 481px) 980px, 100vw\" \/><\/h2>\n<\/td>\n<\/tr>\n<\/tbody>\n<\/table>\n<table style=\"width: 100%; height: 118px;\" border=\"1\" cellspacing=\"0\" cellpadding=\"0\">\n<tbody>\n<tr style=\"height: 71px;\">\n<td style=\"height: 71px;\" width=\"246\">Nome do Cilindro<\/td>\n<td style=\"height: 71px;\" width=\"336\">N\u00famero do desenho<\/td>\n<td style=\"height: 71px;\" width=\"126\">Di\u00e2metro do furo (D)<\/td>\n<td style=\"height: 71px;\" width=\"123\">Di\u00e2metro da haste (d)<\/td>\n<td style=\"height: 71px;\" width=\"114\">Acidente Vascular Cerebral (S)<\/td>\n<td style=\"height: 71px;\" width=\"170\">Dist\u00e2ncia de instala\u00e7\u00e3o (L)<\/td>\n<td style=\"height: 71px;\" width=\"172\">Press\u00e3o de trabalho<\/td>\n<td style=\"height: 71px;\" width=\"366\">Dimens\u00f5es da interface (M)<\/td>\n<td style=\"height: 71px;\" width=\"96\">Peso<\/td>\n<\/tr>\n<tr style=\"height: 47px;\">\n<td class=\"et3\" style=\"height: 47px;\" width=\"246\" height=\"360\">Cilindro de mola<\/td>\n<td class=\"et4\" style=\"height: 47px;\" width=\"336\">ZXYG24.01-00<\/td>\n<td class=\"et4\" style=\"height: 47px;\" width=\"126\">\u03a663<\/td>\n<td class=\"et4\" style=\"height: 47px;\" width=\"123\">\u03a632<\/td>\n<td class=\"et4\" style=\"height: 47px;\" width=\"114\">25<\/td>\n<td class=\"et4\" style=\"height: 47px;\" width=\"170\">267<\/td>\n<td class=\"et4\" style=\"height: 47px;\" width=\"172\">4 MPa<\/td>\n<td class=\"et4\" style=\"height: 47px;\" width=\"366\">G1\/4<\/td>\n<td class=\"et4\" style=\"height: 47px;\" width=\"96\">6,5 kg<\/td>\n<\/tr>\n<\/tbody>\n<\/table>\n<h2>Marcas e modelos dispon\u00edveis de cilindros hidr\u00e1ulicos:<\/h2>\n<table border=\"1\" cellspacing=\"0\" cellpadding=\"0\">\n<tbody>\n<tr>\n<td><span data-spm-anchor-id=\"a2700.details.0.i43.45d84a73e99C9z\">KOMATSU (PC)<\/span><\/td>\n<td>PC30, PC40, PC50, PC56, PC60, PC78, PC100, PC110, PC120, PC130, PC160, PC200-3\/5\/6\/7\/8\/8MO, PC210, PC220-5\/6\/7\/8\/8MO, PC240, PC300\/350\/360-5\/6\/7\/8\/8MO, PC400\/450-5\/6\/7\/8\/8MO, PC800, PC850<\/td>\n<\/tr>\n<tr>\n<td>LAGARTA (E)<\/td>\n<td>E301.5,E302,E305.5,E306,E307V1\/V2\/B\/C\/D\/E\/F,E308B\/C,E120B,E312V1\/V2\/B\/C\/D,E313D2,E312D2,E315D,<br \/>\nE200B,E320V1\/V2\/A\/B\/C\/D,E324D,E325C\/D,E329D,E330\/336C\/D,E345C,E349D,E365C,E374,E390<\/td>\n<\/tr>\n<tr>\n<td>KOBELCO (SK)<\/td>\n<td>SK60-3\/5\/8, SK75-8\/SR, SK100 ,SK120-3\/5, SK135-8\/SR, SK140-8, SK200-3\/5\/6\/6E, SK210-3\/5\/6\/6E,<br \/>\nSK230\/250-6E,SK250-8,SK260-8,SK350-8\/S8,SK460\/480-8<\/td>\n<\/tr>\n<tr>\n<td>HYUNDAI (R)<\/td>\n<td>R55-5\/7, R60-5\/7, R80, R110, R130, R200-5, R210-5, R215-5\/7, R220-5\/7\/9, R225-5\/7\/9, R250, R260, R265, R290, R305, R445, R485, R505<\/td>\n<\/tr>\n<tr>\n<td><span data-spm-anchor-id=\"a2700.details.0.i53.45d84a73e99C9z\">HITACHI (EX.ZX)<\/span><\/td>\n<td>EX60,EX100-1\/2\/3,EX120-1\/3\/5\/6,EX200-1\/3\/5,EX230-5,EX300-1,EX400<br \/>\nZAX60,ZAX70,ZA120-6,ZAX200\/210-1\/3\/5\/5K,ZAX240,ZAX250,ZAX260,ZAX330-3\/5\/6,ZAX450\/470,ZAX650\/670,ZAX850\/870<\/td>\n<\/tr>\n<tr>\n<td>\n<div class=\"magic-32\"><span data-spm-anchor-id=\"a2700.details.0.i55.45d84a73e99C9z\">DOOSAN (DH\/DX)<\/span><\/div>\n<\/td>\n<td>\n<div class=\"magic-33\"><span class=\"magic-34\">DH55, DH60, DH80, DH150, DH215-5\/7, DH220-5, DH225-5\/7, DH258, DH300-5\/7, DH370, DH420, DH500<br \/>\nDX55, DX60, DX75, DX130, DX225-9, DX300, DX380, DX420, DX500<\/span><\/div>\n<\/td>\n<\/tr>\n<tr>\n<td>\n<div class=\"magic-32\">VOLVO (CE)<\/div>\n<\/td>\n<td>\n<div class=\"magic-33\"><span class=\"magic-34\">EC55, EC60, EC75, EC80, EC140, EC210B\/D, EC220D, EC240, EC250, EC290, EC300, EC360 EC380, EC460, EC480, EC700, EC750, EC950<\/span><\/div>\n<\/td>\n<\/tr>\n<tr>\n<td>\n<div class=\"magic-32\">KATO (HD)<\/div>\n<\/td>\n<td>\n<div class=\"magic-33\"><span class=\"magic-34\">HD307\/308,HD450,HD512,HD700-5\/7,HD820-1\/2\/3\/5\/R,HD1023-1\/3,HD1430-1\/3<\/span><\/div>\n<\/td>\n<\/tr>\n<tr>\n<td>\n<div class=\"magic-32\">OUTRAS MARCAS<\/div>\n<\/td>\n<td>\n<div class=\"magic-33\"><span class=\"magic-34\">XCMG, LIUGONG, KUBOTA, CASO, YANMAR, SUNWARD, ZOOMLION, LISHIDE, LIEHERR<\/span><\/div>\n<\/td>\n<\/tr>\n<\/tbody>\n<\/table>\n<p><img loading=\"lazy\" decoding=\"async\" class=\"alignnone size-full wp-image-447\" src=\"https:\/\/fmp-components.com\/wp-content\/uploads\/2024\/12\/Crane.webp\" alt=\"Guindaste\" width=\"1234\" height=\"822\" title=\"\" srcset=\"https:\/\/fmp-components.com\/wp-content\/uploads\/2024\/12\/Crane.webp 1234w, https:\/\/fmp-components.com\/wp-content\/uploads\/2024\/12\/Crane-980x653.webp 980w, https:\/\/fmp-components.com\/wp-content\/uploads\/2024\/12\/Crane-480x320.webp 480w\" sizes=\"(min-width: 0px) and (max-width: 480px) 480px, (min-width: 481px) and (max-width: 980px) 980px, (min-width: 981px) 1234px, 100vw\" \/><\/p>\n<h2>Sobre a FMP<\/h2>\n<p>A FMP \u00e9 uma empresa especializada em fabrica\u00e7\u00e3o mec\u00e2nica, dedicada \u00e0 produ\u00e7\u00e3o de cilindros hidr\u00e1ulicos. Desde a sua funda\u00e7\u00e3o, a empresa tem se concentrado na pesquisa e fabrica\u00e7\u00e3o de tecnologia hidr\u00e1ulica, transitando com sucesso de uma gama diversificada de produtos, que inclu\u00eda m\u00e1quinas para colheita e constru\u00e7\u00e3o, para a especializa\u00e7\u00e3o em componentes para tratores agr\u00edcolas. Com mais de uma d\u00e9cada de experi\u00eancia em fabrica\u00e7\u00e3o e gest\u00e3o, a FMP garante produtos de alta qualidade por meio de t\u00e9cnicas avan\u00e7adas de produ\u00e7\u00e3o.<\/p>\n<p>\u00c0 medida que a empresa evoluiu, desenvolveu uma linha de produ\u00e7\u00e3o de usinagem abrangente, uma linha de montagem e uma linha de revestimento. Nossa equipe \u00e9 composta por gestores qualificados, projetistas mec\u00e2nicos experientes e t\u00e9cnicos altamente treinados que trabalham juntos para manter a qualidade da produ\u00e7\u00e3o est\u00e1vel, controlando eficazmente a continuidade e a efici\u00eancia do processo.<\/p>\n<p>A FMP defende a filosofia de \"Inova\u00e7\u00e3o Tecnol\u00f3gica Impulsionando o Progresso, Qualidade Criando Marcas, Artesanato Garantindo a Qualidade e Construindo Relacionamentos de Longo Prazo em que Todos Ganhamos\". Nosso compromisso em fornecer produtos de alta qualidade e atendimento ao cliente superior continua sendo um objetivo fundamental, \u00e0 medida que continuamos a atender \u00e0s necessidades em constante evolu\u00e7\u00e3o do mercado.<\/p>\n<p><img loading=\"lazy\" decoding=\"async\" class=\"alignnone size-full wp-image-426\" src=\"https:\/\/fmp-components.com\/wp-content\/uploads\/2024\/12\/Sanitation-Machinery-Locking-Hydraulic-Cylinder-factory.webp\" sizes=\"(min-width: 0px) and (max-width: 480px) 480px, (min-width: 481px) and (max-width: 980px) 980px, (min-width: 981px) and (max-width: 1280px) 1280px, (min-width: 1281px) 1414px, 100vw\" srcset=\"https:\/\/fmp-components.com\/wp-content\/uploads\/2024\/12\/Sanitation-Machinery-Locking-Hydraulic-Cylinder-factory.webp 1414w, https:\/\/fmp-components.com\/wp-content\/uploads\/2024\/12\/Sanitation-Machinery-Locking-Hydraulic-Cylinder-factory-1280x529.webp 1280w, https:\/\/fmp-components.com\/wp-content\/uploads\/2024\/12\/Sanitation-Machinery-Locking-Hydraulic-Cylinder-factory-980x405.webp 980w, https:\/\/fmp-components.com\/wp-content\/uploads\/2024\/12\/Sanitation-Machinery-Locking-Hydraulic-Cylinder-factory-480x198.webp 480w\" alt=\"F\u00e1brica de Cilindros Hidr\u00e1ulicos de Bloqueio de M\u00e1quinas de Saneamento\" width=\"1414\" height=\"584\" title=\"\"><\/p>\n<p>Autor: CX<\/p>","protected":false},"excerpt":{"rendered":"<p>O Cilindro Hidr\u00e1ulico com Mola para Guindaste \u00e9 um componente vital projetado para fornecer suporte din\u00e2mico e estabilidade para guindastes durante opera\u00e7\u00f5es de i\u00e7amento. Este cilindro hidr\u00e1ulico utiliza um mecanismo de mola em conjunto com a press\u00e3o hidr\u00e1ulica para permitir movimentos suaves e controlados, permitindo um manuseio eficiente da carga. Projetado com materiais de alta resist\u00eancia, ele \u00e9 constru\u00eddo para suportar as condi\u00e7\u00f5es exigentes de ambientes de constru\u00e7\u00e3o e industriais, garantindo durabilidade e confiabilidade duradouras. A a\u00e7\u00e3o da mola auxilia na manuten\u00e7\u00e3o do equil\u00edbrio, aumentando a seguran\u00e7a durante as opera\u00e7\u00f5es, enquanto o eficiente sistema hidr\u00e1ulico facilita ajustes r\u00e1pidos. Este cilindro essencial desempenha um papel crucial na otimiza\u00e7\u00e3o do desempenho e da versatilidade do guindaste, tornando-o indispens\u00e1vel para diversas aplica\u00e7\u00f5es de i\u00e7amento.<\/p>","protected":false},"featured_media":465,"comment_status":"open","ping_status":"closed","template":"","meta":{"_et_pb_use_builder":"","_et_pb_old_content":"","_et_gb_content_width":""},"product_brand":[],"product_cat":[24],"product_tag":[],"class_list":{"0":"post-461","1":"product","2":"type-product","3":"status-publish","4":"has-post-thumbnail","6":"product_cat-construction-machinery-hydraulic-cylinders","8":"first","9":"instock","10":"shipping-taxable","11":"product-type-simple"},"_links":{"self":[{"href":"https:\/\/fmp-components.com\/pt\/wp-json\/wp\/v2\/product\/461","targetHints":{"allow":["GET"]}}],"collection":[{"href":"https:\/\/fmp-components.com\/pt\/wp-json\/wp\/v2\/product"}],"about":[{"href":"https:\/\/fmp-components.com\/pt\/wp-json\/wp\/v2\/types\/product"}],"replies":[{"embeddable":true,"href":"https:\/\/fmp-components.com\/pt\/wp-json\/wp\/v2\/comments?post=461"}],"wp:featuredmedia":[{"embeddable":true,"href":"https:\/\/fmp-components.com\/pt\/wp-json\/wp\/v2\/media\/465"}],"wp:attachment":[{"href":"https:\/\/fmp-components.com\/pt\/wp-json\/wp\/v2\/media?parent=461"}],"wp:term":[{"taxonomy":"product_brand","embeddable":true,"href":"https:\/\/fmp-components.com\/pt\/wp-json\/wp\/v2\/product_brand?post=461"},{"taxonomy":"product_cat","embeddable":true,"href":"https:\/\/fmp-components.com\/pt\/wp-json\/wp\/v2\/product_cat?post=461"},{"taxonomy":"product_tag","embeddable":true,"href":"https:\/\/fmp-components.com\/pt\/wp-json\/wp\/v2\/product_tag?post=461"}],"curies":[{"name":"wp","href":"https:\/\/api.w.org\/{rel}","templated":true}]}}