{"id":452,"date":"2024-12-10T07:23:50","date_gmt":"2024-12-10T07:23:50","guid":{"rendered":"https:\/\/fmp-components.com\/?page_id=8"},"modified":"2024-12-10T07:26:39","modified_gmt":"2024-12-10T07:26:39","slug":"crane-pin-hydraulic-cylinder","status":"publish","type":"product","link":"https:\/\/fmp-components.com\/pt\/product\/crane-pin-hydraulic-cylinder\/","title":{"rendered":"Cilindro Hidr\u00e1ulico de Pino de Guindaste"},"content":{"rendered":"<p style=\"text-align: center;\"><span style=\"font-size: 18pt;\">Cilindro Hidr\u00e1ulico de Pino de Guindaste<\/span><\/p>\n<p>O cilindro hidr\u00e1ulico para pinos de guindaste \u00e9 um componente essencial projetado para facilitar o movimento preciso e o travamento seguro de pinos em diversas aplica\u00e7\u00f5es de guindastes. Este cilindro hidr\u00e1ulico fornece for\u00e7a confi\u00e1vel para engatar e desengatar pinos que conectam diferentes componentes do guindaste, garantindo estabilidade e seguran\u00e7a durante as opera\u00e7\u00f5es de i\u00e7amento.<\/p>\n<p><img loading=\"lazy\" decoding=\"async\" class=\"size-full wp-image-453 aligncenter\" src=\"https:\/\/fmp-components.com\/wp-content\/uploads\/2024\/12\/Crane-Pin-Hydraulic-Cylinder.jpg\" alt=\"Cilindro Hidr\u00e1ulico de Pino de Guindaste\" width=\"500\" height=\"500\" title=\"\" srcset=\"https:\/\/fmp-components.com\/wp-content\/uploads\/2024\/12\/Crane-Pin-Hydraulic-Cylinder.jpg 500w, https:\/\/fmp-components.com\/wp-content\/uploads\/2024\/12\/Crane-Pin-Hydraulic-Cylinder-480x480.jpg 480w\" sizes=\"(min-width: 0px) and (max-width: 480px) 480px, (min-width: 481px) 500px, 100vw\" \/><\/p>\n<h4>Principais caracter\u00edsticas:<\/h4>\n<ul>\n<li>Constru\u00e7\u00e3o dur\u00e1vel: Fabricado com materiais de alta resist\u00eancia, o cilindro hidr\u00e1ulico do pino do guindaste foi projetado para suportar as condi\u00e7\u00f5es exigentes de ambientes de constru\u00e7\u00e3o e i\u00e7amento de cargas pesadas, garantindo durabilidade e confiabilidade de longa dura\u00e7\u00e3o.<\/li>\n<li>Opera\u00e7\u00e3o suave: O sistema hidr\u00e1ulico avan\u00e7ado permite movimentos fluidos e controlados, possibilitando o engate e desengate r\u00e1pidos e eficientes dos pinos, o que melhora a funcionalidade geral do guindaste.<\/li>\n<li>Seguran\u00e7a aprimorada: Ao garantir o encaixe seguro do pino, este cilindro hidr\u00e1ulico ajuda a manter a estabilidade dos componentes do guindaste durante a opera\u00e7\u00e3o, reduzindo o risco de acidentes e melhorando a seguran\u00e7a dos operadores e da equipe no local.<\/li>\n<li>Aplica\u00e7\u00e3o vers\u00e1til: Adequado para uma ampla gama de guindastes e equipamentos de eleva\u00e7\u00e3o, o cilindro hidr\u00e1ulico de pino pode ser facilmente integrado a sistemas existentes, tornando-se uma solu\u00e7\u00e3o vers\u00e1til para diversas tarefas de eleva\u00e7\u00e3o e constru\u00e7\u00e3o.<\/li>\n<li>Baixa necessidade de manuten\u00e7\u00e3o: Projetado para efici\u00eancia e durabilidade, este cilindro hidr\u00e1ulico requer manuten\u00e7\u00e3o m\u00ednima, contribuindo para reduzir o tempo de inatividade e aumentar a produtividade.<\/li>\n<\/ul>\n<p>O cilindro hidr\u00e1ulico do pino da ponte rolante \u00e9 um componente crucial que melhora o desempenho, a seguran\u00e7a e a confiabilidade das pontes rolantes, tornando-o indispens\u00e1vel para opera\u00e7\u00f5es de eleva\u00e7\u00e3o eficazes em diversas aplica\u00e7\u00f5es.<\/p>\n<h2>Dimens\u00f5es do cilindro hidr\u00e1ulico do pino do guindaste:<\/h2>\n<table style=\"width: 100%;\">\n<tbody>\n<tr>\n<td style=\"width: 45.9228%;\"><img loading=\"lazy\" decoding=\"async\" class=\"size-full wp-image-453 aligncenter\" src=\"https:\/\/fmp-components.com\/wp-content\/uploads\/2024\/12\/Crane-Pin-Hydraulic-Cylinder.jpg\" alt=\"Cilindro Hidr\u00e1ulico de Pino de Guindaste\" width=\"500\" height=\"500\" title=\"\" srcset=\"https:\/\/fmp-components.com\/wp-content\/uploads\/2024\/12\/Crane-Pin-Hydraulic-Cylinder.jpg 500w, https:\/\/fmp-components.com\/wp-content\/uploads\/2024\/12\/Crane-Pin-Hydraulic-Cylinder-480x480.jpg 480w\" sizes=\"(min-width: 0px) and (max-width: 480px) 480px, (min-width: 481px) 500px, 100vw\" \/><\/td>\n<td style=\"width: 53.4335%;\"><img loading=\"lazy\" decoding=\"async\" class=\"alignnone size-full wp-image-454\" src=\"https:\/\/fmp-components.com\/wp-content\/uploads\/2024\/12\/Crane-Pin-Hydraulic-Cylinder-Dimensions-2.webp\" alt=\"Cilindro Hidr\u00e1ulico de Pino de Guindaste\" width=\"1024\" height=\"690\" title=\"\" srcset=\"https:\/\/fmp-components.com\/wp-content\/uploads\/2024\/12\/Crane-Pin-Hydraulic-Cylinder-Dimensions-2.webp 1024w, https:\/\/fmp-components.com\/wp-content\/uploads\/2024\/12\/Crane-Pin-Hydraulic-Cylinder-Dimensions-2-980x660.webp 980w, https:\/\/fmp-components.com\/wp-content\/uploads\/2024\/12\/Crane-Pin-Hydraulic-Cylinder-Dimensions-2-480x323.webp 480w\" sizes=\"(min-width: 0px) and (max-width: 480px) 480px, (min-width: 481px) and (max-width: 980px) 980px, (min-width: 981px) 1024px, 100vw\" \/><\/td>\n<\/tr>\n<\/tbody>\n<\/table>\n<table style=\"width: 100%; height: 133px;\" border=\"1\" cellspacing=\"0\" cellpadding=\"0\">\n<tbody>\n<tr style=\"height: 71px;\">\n<td style=\"height: 71px;\" width=\"246\">Nome do Cilindro<\/td>\n<td style=\"height: 71px;\" width=\"336\">N\u00famero do desenho<\/td>\n<td style=\"height: 71px;\" width=\"126\">Di\u00e2metro do furo (D)<\/td>\n<td style=\"height: 71px;\" width=\"123\">Di\u00e2metro da haste (d)<\/td>\n<td style=\"height: 71px;\" width=\"114\">Acidente Vascular Cerebral (S)<\/td>\n<td style=\"height: 71px;\" width=\"170\">Dist\u00e2ncia de instala\u00e7\u00e3o (L)<\/td>\n<td style=\"height: 71px;\" width=\"172\">Press\u00e3o de trabalho<\/td>\n<td style=\"height: 71px;\" width=\"366\">Dimens\u00f5es da interface (M)<\/td>\n<td style=\"height: 71px;\" width=\"96\">Peso<\/td>\n<\/tr>\n<tr style=\"height: 62px;\">\n<td class=\"et3\" style=\"height: 62px;\" width=\"246\" height=\"370\">Cilindro hidr\u00e1ulico de pino<\/td>\n<td class=\"et4\" style=\"height: 62px;\" width=\"336\">ZXYG14.01-00<\/td>\n<td class=\"et4\" style=\"height: 62px;\" width=\"126\">\u03a680<\/td>\n<td class=\"et4\" style=\"height: 62px;\" width=\"123\">\u03a640<\/td>\n<td class=\"et4\" style=\"height: 62px;\" width=\"114\">225<\/td>\n<td class=\"et4\" style=\"height: 62px;\" width=\"170\">440<\/td>\n<td class=\"et4\" style=\"height: 62px;\" width=\"172\">25 MPa<\/td>\n<td class=\"et4\" style=\"height: 62px;\" width=\"366\">G1\/4<\/td>\n<td class=\"et4\" style=\"height: 62px;\" width=\"96\">97,8 kg<\/td>\n<\/tr>\n<\/tbody>\n<\/table>\n<h2>Par\u00e2metros do cilindro hidr\u00e1ulico do pino do guindaste:<\/h2>\n<table border=\"1\" width=\"100%\" cellspacing=\"0\" cellpadding=\"0\">\n<tbody>\n<tr>\n<td width=\"70\">Item<\/td>\n<td width=\"70\">Descri\u00e7\u00e3o<\/td>\n<\/tr>\n<tr>\n<td width=\"70\">Nome do produto<\/td>\n<td width=\"70\">Cilindro hidr\u00e1ulico feito sob medida<\/td>\n<\/tr>\n<tr>\n<td width=\"70\">Certificado:<\/td>\n<td width=\"70\">ISO 9001, ISO 4001, ISO 45003<\/td>\n<\/tr>\n<tr>\n<td width=\"70\">Capacidade de produ\u00e7\u00e3o:<\/td>\n<td width=\"70\">1200.000 pe\u00e7as por ano<\/td>\n<\/tr>\n<tr>\n<td width=\"70\">Tempo de amostra<\/td>\n<td width=\"70\">Baseado no tipo real<\/td>\n<\/tr>\n<tr>\n<td width=\"70\">Marca<\/td>\n<td width=\"70\">FMP ou logotipo do cliente<\/td>\n<\/tr>\n<tr>\n<td width=\"70\">Servi\u00e7o<\/td>\n<td width=\"70\">OEM e ODM<\/td>\n<\/tr>\n<tr>\n<td width=\"70\">Marca de selo<\/td>\n<td width=\"70\">Parker, NOK, BUSAK SHAMBAN<\/td>\n<\/tr>\n<tr>\n<td width=\"70\">Prazo de entrega<\/td>\n<td width=\"70\">Com base na quantidade do pedido.<\/td>\n<\/tr>\n<tr>\n<td width=\"70\">Tipo de neg\u00f3cio<\/td>\n<td width=\"70\">Fabricante e Exportador<\/td>\n<\/tr>\n<\/tbody>\n<\/table>\n<h2>Marcas e modelos dispon\u00edveis de cilindros hidr\u00e1ulicos:<\/h2>\n<table border=\"1\" cellspacing=\"0\" cellpadding=\"0\">\n<tbody>\n<tr>\n<td><span data-spm-anchor-id=\"a2700.details.0.i43.45d84a73e99C9z\">KOMATSU (PC)<\/span><\/td>\n<td>PC30, PC40, PC50, PC56, PC60, PC78, PC100, PC110, PC120, PC130, PC160, PC200-3\/5\/6\/7\/8\/8MO, PC210, PC220-5\/6\/7\/8\/8MO, PC240, PC300\/350\/360-5\/6\/7\/8\/8MO, PC400\/450-5\/6\/7\/8\/8MO, PC800, PC850<\/td>\n<\/tr>\n<tr>\n<td>LAGARTA (E)<\/td>\n<td>E301.5,E302,E305.5,E306,E307V1\/V2\/B\/C\/D\/E\/F,E308B\/C,E120B,E312V1\/V2\/B\/C\/D,E313D2,E312D2,E315D,<br \/>\nE200B,E320V1\/V2\/A\/B\/C\/D,E324D,E325C\/D,E329D,E330\/336C\/D,E345C,E349D,E365C,E374,E390<\/td>\n<\/tr>\n<tr>\n<td>KOBELCO (SK)<\/td>\n<td>SK60-3\/5\/8, SK75-8\/SR, SK100 ,SK120-3\/5, SK135-8\/SR, SK140-8, SK200-3\/5\/6\/6E, SK210-3\/5\/6\/6E,<br \/>\nSK230\/250-6E,SK250-8,SK260-8,SK350-8\/S8,SK460\/480-8<\/td>\n<\/tr>\n<tr>\n<td>HYUNDAI (R)<\/td>\n<td>R55-5\/7, R60-5\/7, R80, R110, R130, R200-5, R210-5, R215-5\/7, R220-5\/7\/9, R225-5\/7\/9, R250, R260, R265, R290, R305, R445, R485, R505<\/td>\n<\/tr>\n<tr>\n<td><span data-spm-anchor-id=\"a2700.details.0.i53.45d84a73e99C9z\">HITACHI (EX.ZX)<\/span><\/td>\n<td>EX60,EX100-1\/2\/3,EX120-1\/3\/5\/6,EX200-1\/3\/5,EX230-5,EX300-1,EX400<br \/>\nZAX60,ZAX70,ZA120-6,ZAX200\/210-1\/3\/5\/5K,ZAX240,ZAX250,ZAX260,ZAX330-3\/5\/6,ZAX450\/470,ZAX650\/670,ZAX850\/870<\/td>\n<\/tr>\n<tr>\n<td>\n<div class=\"magic-32\"><span data-spm-anchor-id=\"a2700.details.0.i55.45d84a73e99C9z\">DOOSAN (DH\/DX)<\/span><\/div>\n<\/td>\n<td>\n<div class=\"magic-33\"><span class=\"magic-34\">DH55, DH60, DH80, DH150, DH215-5\/7, DH220-5, DH225-5\/7, DH258, DH300-5\/7, DH370, DH420, DH500<br \/>\nDX55, DX60, DX75, DX130, DX225-9, DX300, DX380, DX420, DX500<\/span><\/div>\n<\/td>\n<\/tr>\n<tr>\n<td>\n<div class=\"magic-32\">VOLVO (CE)<\/div>\n<\/td>\n<td>\n<div class=\"magic-33\"><span class=\"magic-34\">EC55, EC60, EC75, EC80, EC140, EC210B\/D, EC220D, EC240, EC250, EC290, EC300, EC360 EC380, EC460, EC480, EC700, EC750, EC950<\/span><\/div>\n<\/td>\n<\/tr>\n<tr>\n<td>\n<div class=\"magic-32\">KATO (HD)<\/div>\n<\/td>\n<td>\n<div class=\"magic-33\"><span class=\"magic-34\">HD307\/308,HD450,HD512,HD700-5\/7,HD820-1\/2\/3\/5\/R,HD1023-1\/3,HD1430-1\/3<\/span><\/div>\n<\/td>\n<\/tr>\n<tr>\n<td>\n<div class=\"magic-32\">OUTRAS MARCAS<\/div>\n<\/td>\n<td>\n<div class=\"magic-33\"><span class=\"magic-34\">XCMG, LIUGONG, KUBOTA, CASO, YANMAR, SUNWARD, ZOOMLION, LISHIDE, LIEHERR<\/span><\/div>\n<\/td>\n<\/tr>\n<\/tbody>\n<\/table>\n<h3>Vantagens do cilindro hidr\u00e1ulico de pino de guindaste<\/h3>\n<h4>1. Engajamento e desengajamento precisos<\/h4>\n<p>O cilindro hidr\u00e1ulico para pinos de guindaste permite um controle preciso do engate e desengate dos pinos, garantindo que os componentes do guindaste estejam travados com seguran\u00e7a durante a opera\u00e7\u00e3o. Essa precis\u00e3o aumenta a seguran\u00e7a e a efici\u00eancia operacional.<\/p>\n<h4>2. Estabilidade Aprimorada<\/h4>\n<p>Ao fornecer mecanismos de travamento confi\u00e1veis, este cilindro hidr\u00e1ulico garante que os componentes do guindaste permane\u00e7am est\u00e1veis \u200b\u200bdurante as opera\u00e7\u00f5es de eleva\u00e7\u00e3o. Essa estabilidade reduz o risco de acidentes e melhora a seguran\u00e7a geral dos operadores e do pessoal ao redor.<\/p>\n<h4>3. Constru\u00e7\u00e3o Dur\u00e1vel<\/h4>\n<p>Fabricado com materiais de alta resist\u00eancia, o cilindro hidr\u00e1ulico do pino do guindaste foi projetado para suportar as condi\u00e7\u00f5es exigentes da constru\u00e7\u00e3o civil e do i\u00e7amento de cargas pesadas. Seu design robusto garante durabilidade e confiabilidade de longa dura\u00e7\u00e3o em ambientes adversos.<\/p>\n<h4>4. Funcionamento suave<\/h4>\n<p>O sistema hidr\u00e1ulico avan\u00e7ado facilita movimentos suaves e controlados, permitindo ajustes r\u00e1pidos. Essa efici\u00eancia aprimora o desempenho do guindaste e possibilita ciclos de opera\u00e7\u00e3o mais r\u00e1pidos.<\/p>\n<h4>5. Aplica\u00e7\u00e3o vers\u00e1til<\/h4>\n<p>Este cilindro hidr\u00e1ulico \u00e9 adequado para uma ampla gama de tipos de guindastes e equipamentos de eleva\u00e7\u00e3o, tornando-se uma solu\u00e7\u00e3o vers\u00e1til para diversas aplica\u00e7\u00f5es em constru\u00e7\u00e3o, manuten\u00e7\u00e3o e ambientes industriais.<\/p>\n<h4>6. Baixa necessidade de manuten\u00e7\u00e3o<\/h4>\n<p>O design minimiza o desgaste, reduzindo as necessidades de manuten\u00e7\u00e3o. Isso resulta em custos operacionais mais baixos e menos tempo de inatividade, contribuindo para o aumento da produtividade geral.<\/p>\n<h4>7. Efici\u00eancia Energ\u00e9tica<\/h4>\n<p>O sistema hidr\u00e1ulico \u00e9 otimizado para o uso de energia, reduzindo o consumo de energia durante a opera\u00e7\u00e3o. Essa efici\u00eancia n\u00e3o s\u00f3 diminui os custos operacionais, como tamb\u00e9m promove pr\u00e1ticas ecologicamente corretas nas opera\u00e7\u00f5es de eleva\u00e7\u00e3o.<\/p>\n<p>O cilindro hidr\u00e1ulico para pino de guindaste oferece in\u00fameras vantagens, incluindo controle preciso, maior estabilidade e durabilidade, tornando-se um componente indispens\u00e1vel para opera\u00e7\u00f5es de guindaste eficazes e confi\u00e1veis \u200b\u200bem diversas aplica\u00e7\u00f5es.<\/p>\n<p><img loading=\"lazy\" decoding=\"async\" class=\"alignnone size-full wp-image-447\" src=\"https:\/\/fmp-components.com\/wp-content\/uploads\/2024\/12\/Crane.webp\" alt=\"Guindaste\" width=\"1234\" height=\"822\" title=\"\" srcset=\"https:\/\/fmp-components.com\/wp-content\/uploads\/2024\/12\/Crane.webp 1234w, https:\/\/fmp-components.com\/wp-content\/uploads\/2024\/12\/Crane-980x653.webp 980w, https:\/\/fmp-components.com\/wp-content\/uploads\/2024\/12\/Crane-480x320.webp 480w\" sizes=\"(min-width: 0px) and (max-width: 480px) 480px, (min-width: 481px) and (max-width: 980px) 980px, (min-width: 981px) 1234px, 100vw\" \/><\/p>\n<h2>Sobre a FMP<\/h2>\n<p>A FMP \u00e9 uma empresa especializada em fabrica\u00e7\u00e3o mec\u00e2nica, dedicada \u00e0 produ\u00e7\u00e3o de cilindros hidr\u00e1ulicos. Desde a sua funda\u00e7\u00e3o, a empresa tem se concentrado na pesquisa e fabrica\u00e7\u00e3o de tecnologia hidr\u00e1ulica, transitando com sucesso de uma gama diversificada de produtos, que inclu\u00eda m\u00e1quinas para colheita e constru\u00e7\u00e3o, para a especializa\u00e7\u00e3o em componentes para tratores agr\u00edcolas. Com mais de uma d\u00e9cada de experi\u00eancia em fabrica\u00e7\u00e3o e gest\u00e3o, a FMP garante produtos de alta qualidade por meio de t\u00e9cnicas avan\u00e7adas de produ\u00e7\u00e3o.<\/p>\n<p>\u00c0 medida que a empresa evoluiu, desenvolveu uma linha de produ\u00e7\u00e3o de usinagem abrangente, uma linha de montagem e uma linha de revestimento. Nossa equipe \u00e9 composta por gestores qualificados, projetistas mec\u00e2nicos experientes e t\u00e9cnicos altamente treinados que trabalham juntos para manter a qualidade da produ\u00e7\u00e3o est\u00e1vel, controlando eficazmente a continuidade e a efici\u00eancia do processo.<\/p>\n<p>A FMP defende a filosofia de \"Inova\u00e7\u00e3o Tecnol\u00f3gica Impulsionando o Progresso, Qualidade Criando Marcas, Artesanato Garantindo a Qualidade e Construindo Relacionamentos de Longo Prazo em que Todos Ganhamos\". Nosso compromisso em fornecer produtos de alta qualidade e atendimento ao cliente superior continua sendo um objetivo fundamental, \u00e0 medida que continuamos a atender \u00e0s necessidades em constante evolu\u00e7\u00e3o do mercado.<\/p>\n<p><img loading=\"lazy\" decoding=\"async\" class=\"alignnone size-full wp-image-426\" src=\"https:\/\/fmp-components.com\/wp-content\/uploads\/2024\/12\/Sanitation-Machinery-Locking-Hydraulic-Cylinder-factory.webp\" sizes=\"(min-width: 0px) and (max-width: 480px) 480px, (min-width: 481px) and (max-width: 980px) 980px, (min-width: 981px) and (max-width: 1280px) 1280px, (min-width: 1281px) 1414px, 100vw\" srcset=\"https:\/\/fmp-components.com\/wp-content\/uploads\/2024\/12\/Sanitation-Machinery-Locking-Hydraulic-Cylinder-factory.webp 1414w, https:\/\/fmp-components.com\/wp-content\/uploads\/2024\/12\/Sanitation-Machinery-Locking-Hydraulic-Cylinder-factory-1280x529.webp 1280w, https:\/\/fmp-components.com\/wp-content\/uploads\/2024\/12\/Sanitation-Machinery-Locking-Hydraulic-Cylinder-factory-980x405.webp 980w, https:\/\/fmp-components.com\/wp-content\/uploads\/2024\/12\/Sanitation-Machinery-Locking-Hydraulic-Cylinder-factory-480x198.webp 480w\" alt=\"F\u00e1brica de Cilindros Hidr\u00e1ulicos de Bloqueio de M\u00e1quinas de Saneamento\" width=\"1414\" height=\"584\" title=\"\"><\/p>\n<p>Autor: CX<\/p>","protected":false},"excerpt":{"rendered":"<p>O cilindro hidr\u00e1ulico do pino da ponte rolante \u00e9 um componente vital projetado para facilitar o movimento preciso e o travamento dos pinos em aplica\u00e7\u00f5es de ponte rolante. Este cilindro hidr\u00e1ulico fornece for\u00e7a confi\u00e1vel para engatar e desengatar os pinos que fixam v\u00e1rios componentes da ponte rolante, garantindo estabilidade e seguran\u00e7a durante as opera\u00e7\u00f5es de i\u00e7amento. Projetado para durabilidade, \u00e9 constru\u00eddo com materiais de alta resist\u00eancia para suportar as exig\u00eancias rigorosas dos ambientes de constru\u00e7\u00e3o. O sistema hidr\u00e1ulico eficiente permite uma opera\u00e7\u00e3o suave e controlada, possibilitando ajustes r\u00e1pidos e aprimorando a funcionalidade geral da ponte rolante. Este cilindro essencial desempenha um papel crucial na otimiza\u00e7\u00e3o do desempenho da ponte rolante e na garantia do manuseio seguro de cargas pesadas.<\/p>","protected":false},"featured_media":453,"comment_status":"open","ping_status":"closed","template":"","meta":{"_et_pb_use_builder":"","_et_pb_old_content":"","_et_gb_content_width":""},"product_brand":[],"product_cat":[24],"product_tag":[],"class_list":{"0":"post-452","1":"product","2":"type-product","3":"status-publish","4":"has-post-thumbnail","6":"product_cat-construction-machinery-hydraulic-cylinders","8":"first","9":"instock","10":"shipping-taxable","11":"product-type-simple"},"_links":{"self":[{"href":"https:\/\/fmp-components.com\/pt\/wp-json\/wp\/v2\/product\/452","targetHints":{"allow":["GET"]}}],"collection":[{"href":"https:\/\/fmp-components.com\/pt\/wp-json\/wp\/v2\/product"}],"about":[{"href":"https:\/\/fmp-components.com\/pt\/wp-json\/wp\/v2\/types\/product"}],"replies":[{"embeddable":true,"href":"https:\/\/fmp-components.com\/pt\/wp-json\/wp\/v2\/comments?post=452"}],"wp:featuredmedia":[{"embeddable":true,"href":"https:\/\/fmp-components.com\/pt\/wp-json\/wp\/v2\/media\/453"}],"wp:attachment":[{"href":"https:\/\/fmp-components.com\/pt\/wp-json\/wp\/v2\/media?parent=452"}],"wp:term":[{"taxonomy":"product_brand","embeddable":true,"href":"https:\/\/fmp-components.com\/pt\/wp-json\/wp\/v2\/product_brand?post=452"},{"taxonomy":"product_cat","embeddable":true,"href":"https:\/\/fmp-components.com\/pt\/wp-json\/wp\/v2\/product_cat?post=452"},{"taxonomy":"product_tag","embeddable":true,"href":"https:\/\/fmp-components.com\/pt\/wp-json\/wp\/v2\/product_tag?post=452"}],"curies":[{"name":"wp","href":"https:\/\/api.w.org\/{rel}","templated":true}]}}