{"id":444,"date":"2024-12-10T06:46:45","date_gmt":"2024-12-10T06:46:45","guid":{"rendered":"https:\/\/fmp-components.com\/?page_id=8"},"modified":"2024-12-10T07:23:36","modified_gmt":"2024-12-10T07:23:36","slug":"crane-counterweight-hydraulic-cylinder","status":"publish","type":"product","link":"https:\/\/fmp-components.com\/pt\/product\/crane-counterweight-hydraulic-cylinder\/","title":{"rendered":"Cilindro hidr\u00e1ulico de contrapeso de guindaste"},"content":{"rendered":"<p style=\"text-align: center;\"><span style=\"font-size: 18pt;\">Cilindro hidr\u00e1ulico de contrapeso de guindaste<\/span><\/p>\n<p>O cilindro hidr\u00e1ulico do contrapeso da grua \u00e9 um componente essencial projetado para fornecer um contrapeso preciso durante as opera\u00e7\u00f5es de eleva\u00e7\u00e3o. Este cilindro hidr\u00e1ulico desempenha um papel crucial no ajuste da posi\u00e7\u00e3o dos contrapesos, garantindo estabilidade e seguran\u00e7a ideais no manuseio de cargas pesadas.<\/p>\n<h4>Principais caracter\u00edsticas:<\/h4>\n<ul>\n<li>Constru\u00e7\u00e3o robusta: Fabricado com materiais de alta resist\u00eancia, o cilindro hidr\u00e1ulico de contrapeso foi projetado para suportar as condi\u00e7\u00f5es exigentes de ambientes de constru\u00e7\u00e3o e eleva\u00e7\u00e3o de cargas pesadas, garantindo durabilidade e confiabilidade de longa dura\u00e7\u00e3o.<\/li>\n<li>Opera\u00e7\u00e3o hidr\u00e1ulica suave: O sistema hidr\u00e1ulico avan\u00e7ado permite movimentos suaves e controlados, possibilitando ajustes precisos dos contrapesos e melhorando o desempenho geral do guindaste.<\/li>\n<li>Estabilidade aprimorada: Ao fornecer um contrapeso preciso, este cilindro hidr\u00e1ulico ajuda a manter a estabilidade do guindaste durante a opera\u00e7\u00e3o, reduzindo o risco de tombamento ou acidentes ao levantar cargas pesadas.<\/li>\n<li>Aplica\u00e7\u00e3o vers\u00e1til: Adequado para diversos tipos de guindastes, incluindo guindastes m\u00f3veis e guindastes de torre, este cilindro hidr\u00e1ulico pode ser facilmente integrado a sistemas de guindastes existentes, tornando-se uma solu\u00e7\u00e3o vers\u00e1til para opera\u00e7\u00f5es de eleva\u00e7\u00e3o.<\/li>\n<li>Baixa necessidade de manuten\u00e7\u00e3o: Projetado para efici\u00eancia e durabilidade, o cilindro hidr\u00e1ulico de contrapeso requer manuten\u00e7\u00e3o m\u00ednima, resultando em menor tempo de inatividade e maior produtividade.<\/li>\n<\/ul>\n<p>Em resumo, o cilindro hidr\u00e1ulico do contrapeso da grua \u00e9 um componente vital que melhora a funcionalidade e a seguran\u00e7a da grua, garantindo opera\u00e7\u00f5es de eleva\u00e7\u00e3o eficazes, mantendo a estabilidade e o controle.<\/p>\n<h2>Dimens\u00f5es do cilindro hidr\u00e1ulico do contrapeso do guindaste:<\/h2>\n<table style=\"width: 100%;\">\n<tbody>\n<tr>\n<td style=\"width: 46.1373%;\"><img loading=\"lazy\" decoding=\"async\" class=\"alignnone size-full wp-image-445\" src=\"https:\/\/fmp-components.com\/wp-content\/uploads\/2024\/12\/Crane-Counterweight-Hydraulic-Cylinder.webp\" alt=\"Cilindro hidr\u00e1ulico de contrapeso de guindaste\" width=\"500\" height=\"500\" title=\"\" srcset=\"https:\/\/fmp-components.com\/wp-content\/uploads\/2024\/12\/Crane-Counterweight-Hydraulic-Cylinder.webp 500w, https:\/\/fmp-components.com\/wp-content\/uploads\/2024\/12\/Crane-Counterweight-Hydraulic-Cylinder-480x480.webp 480w\" sizes=\"(min-width: 0px) and (max-width: 480px) 480px, (min-width: 481px) 500px, 100vw\" \/><\/td>\n<td style=\"width: 53.2189%;\"><img loading=\"lazy\" decoding=\"async\" class=\"alignnone size-full wp-image-446\" src=\"https:\/\/fmp-components.com\/wp-content\/uploads\/2024\/12\/YWMPMnZi-Crane-Counterweight-Hydraulic-Cylinder-Dimensions-2.webp\" alt=\"Cilindro hidr\u00e1ulico de contrapeso de guindaste\" width=\"1024\" height=\"698\" title=\"\" srcset=\"https:\/\/fmp-components.com\/wp-content\/uploads\/2024\/12\/YWMPMnZi-Crane-Counterweight-Hydraulic-Cylinder-Dimensions-2.webp 1024w, https:\/\/fmp-components.com\/wp-content\/uploads\/2024\/12\/YWMPMnZi-Crane-Counterweight-Hydraulic-Cylinder-Dimensions-2-980x668.webp 980w, https:\/\/fmp-components.com\/wp-content\/uploads\/2024\/12\/YWMPMnZi-Crane-Counterweight-Hydraulic-Cylinder-Dimensions-2-480x327.webp 480w\" sizes=\"(min-width: 0px) and (max-width: 480px) 480px, (min-width: 481px) and (max-width: 980px) 980px, (min-width: 981px) 1024px, 100vw\" \/><\/td>\n<\/tr>\n<\/tbody>\n<\/table>\n<table style=\"width: 100%; height: 134px;\" border=\"1\" cellspacing=\"0\" cellpadding=\"0\">\n<tbody>\n<tr style=\"height: 71px;\">\n<td style=\"height: 71px;\" width=\"246\">Nome do Cilindro<\/td>\n<td style=\"height: 71px;\" width=\"336\">N\u00famero do desenho<\/td>\n<td style=\"height: 71px;\" width=\"126\">Di\u00e2metro do furo (D)<\/td>\n<td style=\"height: 71px;\" width=\"123\">Di\u00e2metro da haste (d)<\/td>\n<td style=\"height: 71px;\" width=\"114\">Acidente Vascular Cerebral (S)<\/td>\n<td style=\"height: 71px;\" width=\"170\">Dist\u00e2ncia de instala\u00e7\u00e3o (L)<\/td>\n<td style=\"height: 71px;\" width=\"172\">Press\u00e3o de trabalho<\/td>\n<td style=\"height: 71px;\" width=\"366\">Dimens\u00f5es da interface (M)<\/td>\n<td style=\"height: 71px;\" width=\"96\">Peso<\/td>\n<\/tr>\n<tr style=\"height: 63px;\">\n<td class=\"et3\" style=\"height: 63px;\" width=\"246\" height=\"356\">Cilindro hidr\u00e1ulico de contrapeso<\/td>\n<td class=\"et4\" style=\"height: 63px;\" width=\"336\">QAY220.12\/13A-00<\/td>\n<td class=\"et4\" style=\"height: 63px;\" width=\"126\">\u03a6200<\/td>\n<td class=\"et4\" style=\"height: 63px;\" width=\"123\">\u03a6100<\/td>\n<td class=\"et4\" style=\"height: 63px;\" width=\"114\">180<\/td>\n<td class=\"et4\" style=\"height: 63px;\" width=\"170\">530<\/td>\n<td class=\"et4\" style=\"height: 63px;\" width=\"172\">25MPa; 40MPa<\/td>\n<td class=\"et4\" style=\"height: 63px;\" width=\"366\">3-G1\/4;M20*1,5;2-M14*1,5<\/td>\n<td class=\"et4\" style=\"height: 63px;\" width=\"96\">124 kg<\/td>\n<\/tr>\n<\/tbody>\n<\/table>\n<h2>Par\u00e2metros do cilindro hidr\u00e1ulico do contrapeso da grua:<\/h2>\n<table border=\"1\" width=\"100%\" cellspacing=\"0\" cellpadding=\"0\">\n<tbody>\n<tr>\n<td width=\"70\">Item<\/td>\n<td width=\"70\">Descri\u00e7\u00e3o<\/td>\n<\/tr>\n<tr>\n<td width=\"70\">Nome do produto<\/td>\n<td width=\"70\">Cilindro hidr\u00e1ulico feito sob medida<\/td>\n<\/tr>\n<tr>\n<td width=\"70\">Certificado:<\/td>\n<td width=\"70\">ISO 9001, ISO 4001, ISO 45003<\/td>\n<\/tr>\n<tr>\n<td width=\"70\">Capacidade de produ\u00e7\u00e3o:<\/td>\n<td width=\"70\">1200.000 pe\u00e7as por ano<\/td>\n<\/tr>\n<tr>\n<td width=\"70\">Tempo de amostra<\/td>\n<td width=\"70\">Baseado no tipo real<\/td>\n<\/tr>\n<tr>\n<td width=\"70\">Marca<\/td>\n<td width=\"70\">FMP ou logotipo do cliente<\/td>\n<\/tr>\n<tr>\n<td width=\"70\">Servi\u00e7o<\/td>\n<td width=\"70\">OEM e ODM<\/td>\n<\/tr>\n<tr>\n<td width=\"70\">Marca de selo<\/td>\n<td width=\"70\">Parker, NOK, BUSAK SHAMBAN<\/td>\n<\/tr>\n<tr>\n<td width=\"70\">Prazo de entrega<\/td>\n<td width=\"70\">Com base na quantidade do pedido.<\/td>\n<\/tr>\n<tr>\n<td width=\"70\">Tipo de neg\u00f3cio<\/td>\n<td width=\"70\">Fabricante e Exportador<\/td>\n<\/tr>\n<\/tbody>\n<\/table>\n<h2>Marcas e modelos dispon\u00edveis de cilindros hidr\u00e1ulicos:<\/h2>\n<table border=\"1\" cellspacing=\"0\" cellpadding=\"0\">\n<tbody>\n<tr>\n<td><span data-spm-anchor-id=\"a2700.details.0.i43.45d84a73e99C9z\">KOMATSU (PC)<\/span><\/td>\n<td>PC30, PC40, PC50, PC56, PC60, PC78, PC100, PC110, PC120, PC130, PC160, PC200-3\/5\/6\/7\/8\/8MO, PC210, PC220-5\/6\/7\/8\/8MO, PC240, PC300\/350\/360-5\/6\/7\/8\/8MO, PC400\/450-5\/6\/7\/8\/8MO, PC800, PC850<\/td>\n<\/tr>\n<tr>\n<td>LAGARTA (E)<\/td>\n<td>E301.5,E302,E305.5,E306,E307V1\/V2\/B\/C\/D\/E\/F,E308B\/C,E120B,E312V1\/V2\/B\/C\/D,E313D2,E312D2,E315D,<br \/>\nE200B,E320V1\/V2\/A\/B\/C\/D,E324D,E325C\/D,E329D,E330\/336C\/D,E345C,E349D,E365C,E374,E390<\/td>\n<\/tr>\n<tr>\n<td>KOBELCO (SK)<\/td>\n<td>SK60-3\/5\/8, SK75-8\/SR, SK100 ,SK120-3\/5, SK135-8\/SR, SK140-8, SK200-3\/5\/6\/6E, SK210-3\/5\/6\/6E,<br \/>\nSK230\/250-6E,SK250-8,SK260-8,SK350-8\/S8,SK460\/480-8<\/td>\n<\/tr>\n<tr>\n<td>HYUNDAI (R)<\/td>\n<td>R55-5\/7, R60-5\/7, R80, R110, R130, R200-5, R210-5, R215-5\/7, R220-5\/7\/9, R225-5\/7\/9, R250, R260, R265, R290, R305, R445, R485, R505<\/td>\n<\/tr>\n<tr>\n<td><span data-spm-anchor-id=\"a2700.details.0.i53.45d84a73e99C9z\">HITACHI (EX.ZX)<\/span><\/td>\n<td>EX60,EX100-1\/2\/3,EX120-1\/3\/5\/6,EX200-1\/3\/5,EX230-5,EX300-1,EX400<br \/>\nZAX60,ZAX70,ZA120-6,ZAX200\/210-1\/3\/5\/5K,ZAX240,ZAX250,ZAX260,ZAX330-3\/5\/6,ZAX450\/470,ZAX650\/670,ZAX850\/870<\/td>\n<\/tr>\n<tr>\n<td>\n<div class=\"magic-32\"><span data-spm-anchor-id=\"a2700.details.0.i55.45d84a73e99C9z\">DOOSAN (DH\/DX)<\/span><\/div>\n<\/td>\n<td>\n<div class=\"magic-33\"><span class=\"magic-34\">DH55, DH60, DH80, DH150, DH215-5\/7, DH220-5, DH225-5\/7, DH258, DH300-5\/7, DH370, DH420, DH500<br \/>\nDX55, DX60, DX75, DX130, DX225-9, DX300, DX380, DX420, DX500<\/span><\/div>\n<\/td>\n<\/tr>\n<tr>\n<td>\n<div class=\"magic-32\">VOLVO (CE)<\/div>\n<\/td>\n<td>\n<div class=\"magic-33\"><span class=\"magic-34\">EC55, EC60, EC75, EC80, EC140, EC210B\/D, EC220D, EC240, EC250, EC290, EC300, EC360 EC380, EC460, EC480, EC700, EC750, EC950<\/span><\/div>\n<\/td>\n<\/tr>\n<tr>\n<td>\n<div class=\"magic-32\">KATO (HD)<\/div>\n<\/td>\n<td>\n<div class=\"magic-33\"><span class=\"magic-34\">HD307\/308,HD450,HD512,HD700-5\/7,HD820-1\/2\/3\/5\/R,HD1023-1\/3,HD1430-1\/3<\/span><\/div>\n<\/td>\n<\/tr>\n<tr>\n<td>\n<div class=\"magic-32\">OUTRAS MARCAS<\/div>\n<\/td>\n<td>\n<div class=\"magic-33\"><span class=\"magic-34\">XCMG, LIUGONG, KUBOTA, CASO, YANMAR, SUNWARD, ZOOMLION, LISHIDE, LIEHERR<\/span><\/div>\n<\/td>\n<\/tr>\n<\/tbody>\n<\/table>\n<h2>Como funciona o cilindro hidr\u00e1ulico do contrapeso do guindaste<\/h2>\n<p>O cilindro hidr\u00e1ulico do contrapeso da grua funciona com base em princ\u00edpios hidr\u00e1ulicos, utilizando a press\u00e3o do fluido para ajustar e controlar a posi\u00e7\u00e3o dos contrapesos nas gruas. Segue abaixo uma descri\u00e7\u00e3o detalhada do seu funcionamento:<\/p>\n<h3>1. Din\u00e2mica de Fluidos Hidr\u00e1ulicos<\/h3>\n<p>O cilindro cont\u00e9m fluido hidr\u00e1ulico, normalmente \u00f3leo, que \u00e9 bombeado para dentro do cilindro para criar press\u00e3o. Esse fluido serve como meio de transmiss\u00e3o de energia dentro do sistema hidr\u00e1ulico.<\/p>\n<h3>2. Movimento de pist\u00e3o<\/h3>\n<p>Dentro do cilindro hidr\u00e1ulico, um pist\u00e3o se move em resposta \u00e0 press\u00e3o do fluido hidr\u00e1ulico. Quando o operador aciona o sistema hidr\u00e1ulico, o fluido \u00e9 direcionado para um lado do cilindro, empurrando o pist\u00e3o e fazendo com que ele se estenda ou se retraia.<\/p>\n<h3>3. Ajuste do contrapeso<\/h3>\n<p>Conforme o pist\u00e3o se move, ele ajusta a posi\u00e7\u00e3o dos contrapesos fixados ao guindaste. A extens\u00e3o do pist\u00e3o desloca os contrapesos para fora, aumentando a estabilidade do guindaste ao levantar cargas pesadas. Por outro lado, a retra\u00e7\u00e3o do pist\u00e3o aproxima os contrapesos do guindaste, o que \u00e9 necess\u00e1rio para manobrar ou transportar o equipamento.<\/p>\n<h3>4. Regula\u00e7\u00e3o da press\u00e3o<\/h3>\n<p>O sistema hidr\u00e1ulico est\u00e1 equipado com v\u00e1lvulas de regula\u00e7\u00e3o de press\u00e3o que controlam o fluxo e a press\u00e3o do fluido hidr\u00e1ulico. Isso garante que os ajustes nos contrapesos sejam suaves e controlados, evitando movimentos bruscos que poderiam desestabilizar o guindaste.<\/p>\n<h3>5. Mecanismos de seguran\u00e7a<\/h3>\n<p>Muitos cilindros hidr\u00e1ulicos de contrapeso incluem recursos de seguran\u00e7a, como prote\u00e7\u00e3o contra sobrecarga e v\u00e1lvulas de al\u00edvio de press\u00e3o. Esses mecanismos ajudam a evitar o ac\u00famulo excessivo de press\u00e3o e garantem uma opera\u00e7\u00e3o segura, aumentando ainda mais a estabilidade e a seguran\u00e7a do guindaste durante as opera\u00e7\u00f5es de eleva\u00e7\u00e3o.<\/p>\n<p>O cilindro hidr\u00e1ulico do contrapeso da ponte rolante \u00e9 essencial para manter o equil\u00edbrio e a estabilidade das pontes rolantes durante o i\u00e7amento de cargas pesadas. Utilizando a din\u00e2mica dos fluidos hidr\u00e1ulicos e movimentos precisos do pist\u00e3o, ele permite o ajuste eficaz dos contrapesos, garantindo opera\u00e7\u00f5es seguras e eficientes da ponte rolante em diversas aplica\u00e7\u00f5es.<\/p>\n<p><img loading=\"lazy\" decoding=\"async\" class=\"alignnone size-full wp-image-447\" src=\"https:\/\/fmp-components.com\/wp-content\/uploads\/2024\/12\/Crane.webp\" alt=\"Guindaste\" width=\"1234\" height=\"822\" title=\"\" srcset=\"https:\/\/fmp-components.com\/wp-content\/uploads\/2024\/12\/Crane.webp 1234w, https:\/\/fmp-components.com\/wp-content\/uploads\/2024\/12\/Crane-980x653.webp 980w, https:\/\/fmp-components.com\/wp-content\/uploads\/2024\/12\/Crane-480x320.webp 480w\" sizes=\"(min-width: 0px) and (max-width: 480px) 480px, (min-width: 481px) and (max-width: 980px) 980px, (min-width: 981px) 1234px, 100vw\" \/><\/p>\n<h2>Sobre a FMP<\/h2>\n<p>A FMP \u00e9 uma empresa especializada em fabrica\u00e7\u00e3o mec\u00e2nica, dedicada \u00e0 produ\u00e7\u00e3o de cilindros hidr\u00e1ulicos. Desde a sua funda\u00e7\u00e3o, a empresa tem se concentrado na pesquisa e fabrica\u00e7\u00e3o de tecnologia hidr\u00e1ulica, transitando com sucesso de uma gama diversificada de produtos, que inclu\u00eda m\u00e1quinas para colheita e constru\u00e7\u00e3o, para a especializa\u00e7\u00e3o em componentes para tratores agr\u00edcolas. Com mais de uma d\u00e9cada de experi\u00eancia em fabrica\u00e7\u00e3o e gest\u00e3o, a FMP garante produtos de alta qualidade por meio de t\u00e9cnicas avan\u00e7adas de produ\u00e7\u00e3o.<\/p>\n<p>\u00c0 medida que a empresa evoluiu, desenvolveu uma linha de produ\u00e7\u00e3o de usinagem abrangente, uma linha de montagem e uma linha de revestimento. Nossa equipe \u00e9 composta por gestores qualificados, projetistas mec\u00e2nicos experientes e t\u00e9cnicos altamente treinados que trabalham juntos para manter a qualidade da produ\u00e7\u00e3o est\u00e1vel, controlando eficazmente a continuidade e a efici\u00eancia do processo.<\/p>\n<p>A FMP defende a filosofia de \"Inova\u00e7\u00e3o Tecnol\u00f3gica Impulsionando o Progresso, Qualidade Criando Marcas, Artesanato Garantindo a Qualidade e Construindo Relacionamentos de Longo Prazo em que Todos Ganhamos\". Nosso compromisso em fornecer produtos de alta qualidade e atendimento ao cliente superior continua sendo um objetivo fundamental, \u00e0 medida que continuamos a atender \u00e0s necessidades em constante evolu\u00e7\u00e3o do mercado.<\/p>\n<p><img loading=\"lazy\" decoding=\"async\" class=\"alignnone size-full wp-image-426\" src=\"https:\/\/fmp-components.com\/wp-content\/uploads\/2024\/12\/Sanitation-Machinery-Locking-Hydraulic-Cylinder-factory.webp\" sizes=\"(min-width: 0px) and (max-width: 480px) 480px, (min-width: 481px) and (max-width: 980px) 980px, (min-width: 981px) and (max-width: 1280px) 1280px, (min-width: 1281px) 1414px, 100vw\" srcset=\"https:\/\/fmp-components.com\/wp-content\/uploads\/2024\/12\/Sanitation-Machinery-Locking-Hydraulic-Cylinder-factory.webp 1414w, https:\/\/fmp-components.com\/wp-content\/uploads\/2024\/12\/Sanitation-Machinery-Locking-Hydraulic-Cylinder-factory-1280x529.webp 1280w, https:\/\/fmp-components.com\/wp-content\/uploads\/2024\/12\/Sanitation-Machinery-Locking-Hydraulic-Cylinder-factory-980x405.webp 980w, https:\/\/fmp-components.com\/wp-content\/uploads\/2024\/12\/Sanitation-Machinery-Locking-Hydraulic-Cylinder-factory-480x198.webp 480w\" alt=\"F\u00e1brica de Cilindros Hidr\u00e1ulicos de Bloqueio de M\u00e1quinas de Saneamento\" width=\"1414\" height=\"584\" title=\"\"><\/p>\n<p>Autor: CX<\/p>","protected":false},"excerpt":{"rendered":"<p data-id=\"a11392d4-7524-4709-8e84-2ea1d23339d0\" data-pm-slice=\"1 1 []\">O cilindro hidr\u00e1ulico de contrapeso para guindastes tem como fun\u00e7\u00e3o fornecer o contrapeso necess\u00e1rio durante as opera\u00e7\u00f5es de i\u00e7amento. Utilize este cilindro hidr\u00e1ulico para posicionar o contrapeso com precis\u00e3o e remotamente, garantindo estabilidade e seguran\u00e7a em aplica\u00e7\u00f5es com cargas pesadas. Projetado especificamente para durabilidade, este equipamento robusto \u00e9 constru\u00eddo com materiais de alta qualidade para suportar as condi\u00e7\u00f5es adversas dos setores de constru\u00e7\u00e3o e i\u00e7amento de cargas pesadas. O sistema hidr\u00e1ulico foi projetado para proporcionar controle eficiente e responsivo, assegurando movimentos suaves e equilibrados, o que permite aos operadores otimizar o desempenho do guindaste, mantendo a estabilidade. Sendo parte integrante do funcionamento geral dos guindastes, \u00e9 vital para sua opera\u00e7\u00e3o segura, contribuindo para solu\u00e7\u00f5es de i\u00e7amento eficazes.<\/p>","protected":false},"featured_media":445,"comment_status":"open","ping_status":"closed","template":"","meta":{"_et_pb_use_builder":"","_et_pb_old_content":"","_et_gb_content_width":""},"product_brand":[],"product_cat":[24],"product_tag":[],"class_list":{"0":"post-444","1":"product","2":"type-product","3":"status-publish","4":"has-post-thumbnail","6":"product_cat-construction-machinery-hydraulic-cylinders","8":"first","9":"instock","10":"shipping-taxable","11":"product-type-simple"},"_links":{"self":[{"href":"https:\/\/fmp-components.com\/pt\/wp-json\/wp\/v2\/product\/444","targetHints":{"allow":["GET"]}}],"collection":[{"href":"https:\/\/fmp-components.com\/pt\/wp-json\/wp\/v2\/product"}],"about":[{"href":"https:\/\/fmp-components.com\/pt\/wp-json\/wp\/v2\/types\/product"}],"replies":[{"embeddable":true,"href":"https:\/\/fmp-components.com\/pt\/wp-json\/wp\/v2\/comments?post=444"}],"wp:featuredmedia":[{"embeddable":true,"href":"https:\/\/fmp-components.com\/pt\/wp-json\/wp\/v2\/media\/445"}],"wp:attachment":[{"href":"https:\/\/fmp-components.com\/pt\/wp-json\/wp\/v2\/media?parent=444"}],"wp:term":[{"taxonomy":"product_brand","embeddable":true,"href":"https:\/\/fmp-components.com\/pt\/wp-json\/wp\/v2\/product_brand?post=444"},{"taxonomy":"product_cat","embeddable":true,"href":"https:\/\/fmp-components.com\/pt\/wp-json\/wp\/v2\/product_cat?post=444"},{"taxonomy":"product_tag","embeddable":true,"href":"https:\/\/fmp-components.com\/pt\/wp-json\/wp\/v2\/product_tag?post=444"}],"curies":[{"name":"wp","href":"https:\/\/api.w.org\/{rel}","templated":true}]}}