{"id":432,"date":"2024-12-10T06:13:58","date_gmt":"2024-12-10T06:13:58","guid":{"rendered":"https:\/\/fmp-components.com\/?page_id=8"},"modified":"2024-12-10T06:13:58","modified_gmt":"2024-12-10T06:13:58","slug":"sanitation-machinery-forward-thrust-hydraulic-cylinder","status":"publish","type":"product","link":"https:\/\/fmp-components.com\/pt\/product\/sanitation-machinery-forward-thrust-hydraulic-cylinder\/","title":{"rendered":"Cilindro Hidr\u00e1ulico de Empuxo para Frente para M\u00e1quinas de Saneamento"},"content":{"rendered":"<p style=\"text-align: center;\"><span style=\"font-size: 18pt;\">Cilindro Hidr\u00e1ulico de Empuxo para Frente para M\u00e1quinas de Saneamento<\/span><\/p>\n<p>\u00a0O Cilindro Hidr\u00e1ulico de Empuxo Frontal da Sanitation Machinery \u00e9 um componente essencial projetado para fornecer empuxo frontal potente e confi\u00e1vel para diversos equipamentos de saneamento, incluindo caminh\u00f5es de lixo e varredoras de rua. Este cilindro hidr\u00e1ulico foi projetado para facilitar movimentos suaves e controlados, aumentando a efici\u00eancia das opera\u00e7\u00f5es durante a coleta de lixo e a limpeza de ruas.<\/p>\n<p><img loading=\"lazy\" decoding=\"async\" class=\"size-full wp-image-439 aligncenter\" src=\"https:\/\/fmp-components.com\/wp-content\/uploads\/2024\/12\/Sanitation-Machinery-Forward-Thrust-Hydraulic-Cylinder.webp\" alt=\"Saneamento-M\u00e1quinas-Empuxo-Avan\u00e7ado-Cilindro-Hidr\u00e1ulico\" width=\"500\" height=\"500\" title=\"\" srcset=\"https:\/\/fmp-components.com\/wp-content\/uploads\/2024\/12\/Sanitation-Machinery-Forward-Thrust-Hydraulic-Cylinder.webp 500w, https:\/\/fmp-components.com\/wp-content\/uploads\/2024\/12\/Sanitation-Machinery-Forward-Thrust-Hydraulic-Cylinder-480x480.webp 480w\" sizes=\"(min-width: 0px) and (max-width: 480px) 480px, (min-width: 481px) 500px, 100vw\" \/><\/p>\n<h4>Principais caracter\u00edsticas:<\/h4>\n<ul>\n<li>Constru\u00e7\u00e3o robusta: feito de materiais de alta resist\u00eancia, este cilindro hidr\u00e1ulico \u00e9 constru\u00eddo para suportar as condi\u00e7\u00f5es exigentes do setor de saneamento, garantindo durabilidade e desempenho duradouro.<\/li>\n<li>Opera\u00e7\u00e3o hidr\u00e1ulica suave: o sistema hidr\u00e1ulico avan\u00e7ado permite movimentos fluidos e responsivos, minimizando o desgaste das m\u00e1quinas e otimizando a efici\u00eancia operacional.<\/li>\n<li>Controle preciso: projetado para controle preciso, o cilindro hidr\u00e1ulico de impulso para frente permite que os operadores manobrem o equipamento de saneamento de forma eficaz, melhorando a seguran\u00e7a e o desempenho durante diversas tarefas.<\/li>\n<li>Aplica\u00e7\u00e3o vers\u00e1til: adequado para uma ampla gama de m\u00e1quinas de saneamento, este cilindro hidr\u00e1ulico pode ser facilmente integrado aos sistemas existentes, tornando-o uma solu\u00e7\u00e3o vers\u00e1til para opera\u00e7\u00f5es de gerenciamento de res\u00edduos.<\/li>\n<li>Efici\u00eancia Energ\u00e9tica: Seu design otimiza o consumo de energia, reduzindo perdas de pot\u00eancia e contribuindo para menores custos operacionais, tornando-se uma op\u00e7\u00e3o ecologicamente correta para servi\u00e7os de saneamento.<\/li>\n<\/ul>\n<p>O Cilindro Hidr\u00e1ulico de Empuxo Avan\u00e7ado da Sanitation Machinery melhora a funcionalidade e a efici\u00eancia dos equipamentos de saneamento, garantindo um desempenho eficaz nas opera\u00e7\u00f5es de gerenciamento de res\u00edduos, mantendo altos n\u00edveis de durabilidade e controle.<\/p>\n<h2>Dimens\u00f5es do cilindro hidr\u00e1ulico de empuxo frontal para m\u00e1quinas de saneamento:<\/h2>\n<table>\n<tbody>\n<tr>\n<td><img loading=\"lazy\" decoding=\"async\" class=\"alignnone size-full wp-image-435\" src=\"https:\/\/fmp-components.com\/wp-content\/uploads\/2024\/12\/Sanitation-Machinery-Forward-Thrust-Hydraulic-Cylinder-Dimensions-1.webp\" alt=\"Saneamento-M\u00e1quinas-Empuxo-Avan\u00e7ado-Cilindro-Hidr\u00e1ulico-Vantagens-1\" width=\"980\" height=\"416\" title=\"\" srcset=\"https:\/\/fmp-components.com\/wp-content\/uploads\/2024\/12\/Sanitation-Machinery-Forward-Thrust-Hydraulic-Cylinder-Dimensions-1.webp 980w, https:\/\/fmp-components.com\/wp-content\/uploads\/2024\/12\/Sanitation-Machinery-Forward-Thrust-Hydraulic-Cylinder-Dimensions-1-480x204.webp 480w\" sizes=\"(min-width: 0px) and (max-width: 480px) 480px, (min-width: 481px) 980px, 100vw\" \/><\/td>\n<td><img loading=\"lazy\" decoding=\"async\" class=\"alignnone size-full wp-image-436\" src=\"https:\/\/fmp-components.com\/wp-content\/uploads\/2024\/12\/Sanitation-Machinery-Forward-Thrust-Hydraulic-Cylinder-Dimensions-2.webp\" alt=\"Saneamento-M\u00e1quinas-Empuxo-Avan\u00e7ado-Cilindro-Hidr\u00e1ulico-Vantagens-1\" width=\"980\" height=\"416\" title=\"\" srcset=\"https:\/\/fmp-components.com\/wp-content\/uploads\/2024\/12\/Sanitation-Machinery-Forward-Thrust-Hydraulic-Cylinder-Dimensions-2.webp 980w, https:\/\/fmp-components.com\/wp-content\/uploads\/2024\/12\/Sanitation-Machinery-Forward-Thrust-Hydraulic-Cylinder-Dimensions-2-480x204.webp 480w\" sizes=\"(min-width: 0px) and (max-width: 480px) 480px, (min-width: 481px) 980px, 100vw\" \/><\/td>\n<\/tr>\n<\/tbody>\n<\/table>\n<table style=\"width: 100%; height: 133px;\" border=\"1\" cellspacing=\"0\" cellpadding=\"0\">\n<tbody>\n<tr style=\"height: 71px;\">\n<td style=\"height: 71px;\" width=\"246\">Nome do Cilindro<\/td>\n<td style=\"height: 71px;\" width=\"336\">N\u00famero do desenho<\/td>\n<td style=\"height: 71px;\" width=\"126\">Di\u00e2metro do furo (D)<\/td>\n<td style=\"height: 71px;\" width=\"123\">Di\u00e2metro da haste (d)<\/td>\n<td style=\"height: 71px;\" width=\"114\">Acidente Vascular Cerebral (S)<\/td>\n<td style=\"height: 71px;\" width=\"170\">Dist\u00e2ncia de instala\u00e7\u00e3o (L)<\/td>\n<td style=\"height: 71px;\" width=\"172\">Press\u00e3o de trabalho<\/td>\n<td style=\"height: 71px;\" width=\"366\">Dimens\u00f5es da interface (M)<\/td>\n<td style=\"height: 71px;\" width=\"96\">Peso<\/td>\n<\/tr>\n<tr style=\"height: 62px;\">\n<td class=\"et3\" style=\"height: 62px;\" width=\"246\" height=\"298\">Cilindro de impulso para a frente<\/td>\n<td class=\"et4\" style=\"height: 62px;\" width=\"336\">LPE416B.4.4-2-00<\/td>\n<td class=\"et4\" style=\"height: 62px;\" width=\"126\">\u03a690<\/td>\n<td class=\"et4\" style=\"height: 62px;\" width=\"123\">\u03a663<\/td>\n<td class=\"et4\" style=\"height: 62px;\" width=\"114\">320<\/td>\n<td class=\"et4\" style=\"height: 62px;\" width=\"170\">878<\/td>\n<td class=\"et4\" style=\"height: 62px;\" width=\"172\">16 MPa<\/td>\n<td class=\"et4\" style=\"height: 62px;\" width=\"366\">2-M22*1,5<\/td>\n<td class=\"et4\" style=\"height: 62px;\" width=\"96\">47 kg<\/td>\n<\/tr>\n<\/tbody>\n<\/table>\n<table>\n<tbody>\n<tr>\n<td><img loading=\"lazy\" decoding=\"async\" class=\"alignnone size-full wp-image-437\" src=\"https:\/\/fmp-components.com\/wp-content\/uploads\/2024\/12\/Sanitation-Machinery-Forward-Thrust-Hydraulic-Cylinder-Dimensions-3.webp\" alt=\"Saneamento-M\u00e1quinas-Empuxo-Avan\u00e7ado-Cilindro-Hidr\u00e1ulico-Vantagens-1\" width=\"980\" height=\"375\" title=\"\" srcset=\"https:\/\/fmp-components.com\/wp-content\/uploads\/2024\/12\/Sanitation-Machinery-Forward-Thrust-Hydraulic-Cylinder-Dimensions-3.webp 980w, https:\/\/fmp-components.com\/wp-content\/uploads\/2024\/12\/Sanitation-Machinery-Forward-Thrust-Hydraulic-Cylinder-Dimensions-3-480x184.webp 480w\" sizes=\"(min-width: 0px) and (max-width: 480px) 480px, (min-width: 481px) 980px, 100vw\" \/><\/td>\n<td><img loading=\"lazy\" decoding=\"async\" class=\"alignnone size-full wp-image-438\" src=\"https:\/\/fmp-components.com\/wp-content\/uploads\/2024\/12\/Sanitation-Machinery-Forward-Thrust-Hydraulic-Cylinder-Dimensions-4.webp\" alt=\"Saneamento-M\u00e1quinas-Empuxo-Avan\u00e7ado-Cilindro-Hidr\u00e1ulico-Vantagens-1\" width=\"980\" height=\"375\" title=\"\" srcset=\"https:\/\/fmp-components.com\/wp-content\/uploads\/2024\/12\/Sanitation-Machinery-Forward-Thrust-Hydraulic-Cylinder-Dimensions-4.webp 980w, https:\/\/fmp-components.com\/wp-content\/uploads\/2024\/12\/Sanitation-Machinery-Forward-Thrust-Hydraulic-Cylinder-Dimensions-4-480x184.webp 480w\" sizes=\"(min-width: 0px) and (max-width: 480px) 480px, (min-width: 481px) 980px, 100vw\" \/><\/td>\n<\/tr>\n<\/tbody>\n<\/table>\n<table style=\"width: 100%; height: 119px;\" border=\"1\" cellspacing=\"0\" cellpadding=\"0\">\n<tbody>\n<tr style=\"height: 71px;\">\n<td style=\"height: 71px;\" width=\"246\">Nome do Cilindro<\/td>\n<td style=\"height: 71px;\" width=\"336\">N\u00famero do desenho<\/td>\n<td style=\"height: 71px;\" width=\"126\">Di\u00e2metro do furo (D)<\/td>\n<td style=\"height: 71px;\" width=\"123\">Di\u00e2metro da haste (d)<\/td>\n<td style=\"height: 71px;\" width=\"114\">Acidente Vascular Cerebral (S)<\/td>\n<td style=\"height: 71px;\" width=\"170\">Dist\u00e2ncia de instala\u00e7\u00e3o (L)<\/td>\n<td style=\"height: 71px;\" width=\"172\">Press\u00e3o de trabalho<\/td>\n<td style=\"height: 71px;\" width=\"366\">Dimens\u00f5es da interface (M)<\/td>\n<td style=\"height: 71px;\" width=\"96\">Peso<\/td>\n<\/tr>\n<tr style=\"height: 48px;\">\n<td class=\"et3\" style=\"height: 48px;\" width=\"246\" height=\"290\">Cilindro de impulso para a frente<\/td>\n<td class=\"et4\" style=\"height: 48px;\" width=\"336\">LPG418.4.4-2-00<\/td>\n<td class=\"et4\" style=\"height: 48px;\" width=\"126\">\u03a6100<\/td>\n<td class=\"et4\" style=\"height: 48px;\" width=\"123\">\u03a655<\/td>\n<td class=\"et4\" style=\"height: 48px;\" width=\"114\">320<\/td>\n<td class=\"et4\" style=\"height: 48px;\" width=\"170\">700<\/td>\n<td class=\"et4\" style=\"height: 48px;\" width=\"172\">16 MPa<\/td>\n<td class=\"et4\" style=\"height: 48px;\" width=\"366\">2-M22*1,5<\/td>\n<td class=\"et4\" style=\"height: 48px;\" width=\"96\">41 kg<\/td>\n<\/tr>\n<\/tbody>\n<\/table>\n<h2>Marcas e modelos dispon\u00edveis de cilindros hidr\u00e1ulicos:<\/h2>\n<table border=\"1\" cellspacing=\"0\" cellpadding=\"0\">\n<tbody>\n<tr>\n<td><span data-spm-anchor-id=\"a2700.details.0.i43.45d84a73e99C9z\">KOMATSU (PC)<\/span><\/td>\n<td>PC30, PC40, PC50, PC56, PC60, PC78, PC100, PC110, PC120, PC130, PC160, PC200-3\/5\/6\/7\/8\/8MO, PC210, PC220-5\/6\/7\/8\/8MO, PC240, PC300\/350\/360-5\/6\/7\/8\/8MO, PC400\/450-5\/6\/7\/8\/8MO, PC800, PC850<\/td>\n<\/tr>\n<tr>\n<td>LAGARTA (E)<\/td>\n<td>E301.5,E302,E305.5,E306,E307V1\/V2\/B\/C\/D\/E\/F,E308B\/C,E120B,E312V1\/V2\/B\/C\/D,E313D2,E312D2,E315D,<br \/>\nE200B,E320V1\/V2\/A\/B\/C\/D,E324D,E325C\/D,E329D,E330\/336C\/D,E345C,E349D,E365C,E374,E390<\/td>\n<\/tr>\n<tr>\n<td>KOBELCO (SK)<\/td>\n<td>SK60-3\/5\/8, SK75-8\/SR, SK100 ,SK120-3\/5, SK135-8\/SR, SK140-8, SK200-3\/5\/6\/6E, SK210-3\/5\/6\/6E,<br \/>\nSK230\/250-6E,SK250-8,SK260-8,SK350-8\/S8,SK460\/480-8<\/td>\n<\/tr>\n<tr>\n<td>HYUNDAI (R)<\/td>\n<td>R55-5\/7, R60-5\/7, R80, R110, R130, R200-5, R210-5, R215-5\/7, R220-5\/7\/9, R225-5\/7\/9, R250, R260, R265, R290, R305, R445, R485, R505<\/td>\n<\/tr>\n<tr>\n<td><span data-spm-anchor-id=\"a2700.details.0.i53.45d84a73e99C9z\">HITACHI (EX.ZX)<\/span><\/td>\n<td>EX60,EX100-1\/2\/3,EX120-1\/3\/5\/6,EX200-1\/3\/5,EX230-5,EX300-1,EX400<br \/>\nZAX60,ZAX70,ZA120-6,ZAX200\/210-1\/3\/5\/5K,ZAX240,ZAX250,ZAX260,ZAX330-3\/5\/6,ZAX450\/470,ZAX650\/670,ZAX850\/870<\/td>\n<\/tr>\n<tr>\n<td>\n<div class=\"magic-32\"><span data-spm-anchor-id=\"a2700.details.0.i55.45d84a73e99C9z\">DOOSAN (DH\/DX)<\/span><\/div>\n<\/td>\n<td>\n<div class=\"magic-33\"><span class=\"magic-34\">DH55, DH60, DH80, DH150, DH215-5\/7, DH220-5, DH225-5\/7, DH258, DH300-5\/7, DH370, DH420, DH500<br \/>\nDX55, DX60, DX75, DX130, DX225-9, DX300, DX380, DX420, DX500<\/span><\/div>\n<\/td>\n<\/tr>\n<tr>\n<td>\n<div class=\"magic-32\">VOLVO (CE)<\/div>\n<\/td>\n<td>\n<div class=\"magic-33\"><span class=\"magic-34\">EC55, EC60, EC75, EC80, EC140, EC210B\/D, EC220D, EC240, EC250, EC290, EC300, EC360 EC380, EC460, EC480, EC700, EC750, EC950<\/span><\/div>\n<\/td>\n<\/tr>\n<tr>\n<td>\n<div class=\"magic-32\">KATO (HD)<\/div>\n<\/td>\n<td>\n<div class=\"magic-33\"><span class=\"magic-34\">HD307\/308,HD450,HD512,HD700-5\/7,HD820-1\/2\/3\/5\/R,HD1023-1\/3,HD1430-1\/3<\/span><\/div>\n<\/td>\n<\/tr>\n<tr>\n<td>\n<div class=\"magic-32\">OUTRAS MARCAS<\/div>\n<\/td>\n<td>\n<div class=\"magic-33\"><span class=\"magic-34\">XCMG, LIUGONG, KUBOTA, CASO, YANMAR, SUNWARD, ZOOMLION, LISHIDE, LIEHERR<\/span><\/div>\n<\/td>\n<\/tr>\n<\/tbody>\n<\/table>\n<h3>Caracter\u00edsticas do Cilindro Hidr\u00e1ulico de Empuxo para Frente de M\u00e1quinas de Saneamento<\/h3>\n<h4>1. Constru\u00e7\u00e3o dur\u00e1vel<\/h4>\n<p>O Cilindro Hidr\u00e1ulico de Empuxo Frontal da Sanitation Machinery \u00e9 fabricado com materiais de alta resist\u00eancia, garantindo sua resist\u00eancia \u00e0s condi\u00e7\u00f5es adversas comumente encontradas em opera\u00e7\u00f5es de saneamento. Este design robusto garante durabilidade e confiabilidade duradouras.<\/p>\n<h4>2. Opera\u00e7\u00e3o hidr\u00e1ulica suave<\/h4>\n<p>Projetado com um sistema hidr\u00e1ulico avan\u00e7ado, este cilindro proporciona movimentos suaves e fluidos. Esse recurso minimiza o desgaste do maquin\u00e1rio e aumenta a efici\u00eancia operacional geral, permitindo um desempenho perfeito durante a coleta de res\u00edduos.<\/p>\n<h4>3. Controle preciso<\/h4>\n<p>O cilindro hidr\u00e1ulico foi projetado para proporcionar controle preciso, permitindo que os operadores manobrem os equipamentos de saneamento com precis\u00e3o. Essa capacidade aumenta a seguran\u00e7a e a efic\u00e1cia durante diversas tarefas, como limpeza de ruas e transporte de res\u00edduos.<\/p>\n<h4>4. Aplica\u00e7\u00e3o vers\u00e1til<\/h4>\n<p>Adequado para uma ampla gama de m\u00e1quinas de saneamento, incluindo caminh\u00f5es de lixo e varredoras de rua, este cilindro hidr\u00e1ulico de impulso para frente pode ser facilmente integrado a sistemas existentes, tornando-o uma escolha vers\u00e1til para gerenciamento de res\u00edduos.<\/p>\n<h4>5. Efici\u00eancia Energ\u00e9tica<\/h4>\n<p>O design do cilindro otimiza o uso de energia, reduzindo a perda de pot\u00eancia durante a opera\u00e7\u00e3o. Essa efici\u00eancia energ\u00e9tica se traduz em custos operacionais mais baixos, contribuindo para pr\u00e1ticas mais sustent\u00e1veis \u200b\u200bno setor de saneamento.<\/p>\n<h4>6. Baixa necessidade de manuten\u00e7\u00e3o<\/h4>\n<p>Devido \u00e0 sua constru\u00e7\u00e3o robusta e materiais de alta qualidade, o cilindro hidr\u00e1ulico de impulso para a frente requer manuten\u00e7\u00e3o m\u00ednima, resultando em menor tempo de inatividade e maior produtividade nos servi\u00e7os de saneamento.<\/p>\n<h4>7. Recursos de seguran\u00e7a<\/h4>\n<p>Incorporando mecanismos de seguran\u00e7a, como v\u00e1lvulas de al\u00edvio de press\u00e3o, o cilindro hidr\u00e1ulico ajuda a evitar sobrecargas e garante uma opera\u00e7\u00e3o est\u00e1vel, aumentando assim a seguran\u00e7a dos operadores e do ambiente ao redor.<\/p>\n<p>Em resumo, o Cilindro Hidr\u00e1ulico de Empuxo Avan\u00e7ado da Sanitation Machinery oferece uma combina\u00e7\u00e3o de durabilidade, efici\u00eancia e seguran\u00e7a, tornando-o um componente essencial para opera\u00e7\u00f5es de saneamento eficazes e confi\u00e1veis.<\/p>\n<p><img loading=\"lazy\" decoding=\"async\" class=\"alignnone size-full wp-image-440\" src=\"https:\/\/fmp-components.com\/wp-content\/uploads\/2024\/12\/Sanitation-Machinery-Forward-Thrust-Hydraulic-Cylinder-1.webp\" alt=\"Saneamento-M\u00e1quinas-Empuxo-Avan\u00e7ado-Cilindro-Hidr\u00e1ulico\" width=\"1000\" height=\"667\" title=\"\" srcset=\"https:\/\/fmp-components.com\/wp-content\/uploads\/2024\/12\/Sanitation-Machinery-Forward-Thrust-Hydraulic-Cylinder-1.webp 1000w, https:\/\/fmp-components.com\/wp-content\/uploads\/2024\/12\/Sanitation-Machinery-Forward-Thrust-Hydraulic-Cylinder-1-980x654.webp 980w, https:\/\/fmp-components.com\/wp-content\/uploads\/2024\/12\/Sanitation-Machinery-Forward-Thrust-Hydraulic-Cylinder-1-480x320.webp 480w\" sizes=\"(min-width: 0px) and (max-width: 480px) 480px, (min-width: 481px) and (max-width: 980px) 980px, (min-width: 981px) 1000px, 100vw\" \/><\/p>\n<h2>Sobre a FMP<\/h2>\n<p>A FMP \u00e9 uma empresa especializada em fabrica\u00e7\u00e3o mec\u00e2nica, dedicada \u00e0 produ\u00e7\u00e3o de cilindros hidr\u00e1ulicos. Desde a sua funda\u00e7\u00e3o, a empresa tem se concentrado na pesquisa e fabrica\u00e7\u00e3o de tecnologia hidr\u00e1ulica, transitando com sucesso de uma gama diversificada de produtos, que inclu\u00eda m\u00e1quinas para colheita e constru\u00e7\u00e3o, para a especializa\u00e7\u00e3o em componentes para tratores agr\u00edcolas. Com mais de uma d\u00e9cada de experi\u00eancia em fabrica\u00e7\u00e3o e gest\u00e3o, a FMP garante produtos de alta qualidade por meio de t\u00e9cnicas avan\u00e7adas de produ\u00e7\u00e3o.<\/p>\n<p>\u00c0 medida que a empresa evoluiu, desenvolveu uma linha de produ\u00e7\u00e3o de usinagem abrangente, uma linha de montagem e uma linha de revestimento. Nossa equipe \u00e9 composta por gestores qualificados, projetistas mec\u00e2nicos experientes e t\u00e9cnicos altamente treinados que trabalham juntos para manter a qualidade da produ\u00e7\u00e3o est\u00e1vel, controlando eficazmente a continuidade e a efici\u00eancia do processo.<\/p>\n<p>A FMP mant\u00e9m a filosofia de \"Inova\u00e7\u00e3o Tecnol\u00f3gica Impulsionando o Progresso, Qualidade Criando Marcas, Artesanato Garantindo Qualidade e Construindo Relacionamentos Ganha-Ganha de Longo Prazo\". Nosso compromisso em fornecer produtos de alta qualidade e atendimento superior ao cliente continua sendo um objetivo central \u00e0 medida que continuamos a atender \u00e0s necessidades em evolu\u00e7\u00e3o do mercado.<\/p>\n<p><img loading=\"lazy\" decoding=\"async\" class=\"alignnone size-full wp-image-426\" src=\"https:\/\/fmp-components.com\/wp-content\/uploads\/2024\/12\/Sanitation-Machinery-Locking-Hydraulic-Cylinder-factory.webp\" alt=\"F\u00e1brica de Cilindros Hidr\u00e1ulicos de Bloqueio de M\u00e1quinas de Saneamento\" width=\"1414\" height=\"584\" title=\"\" srcset=\"https:\/\/fmp-components.com\/wp-content\/uploads\/2024\/12\/Sanitation-Machinery-Locking-Hydraulic-Cylinder-factory.webp 1414w, https:\/\/fmp-components.com\/wp-content\/uploads\/2024\/12\/Sanitation-Machinery-Locking-Hydraulic-Cylinder-factory-1280x529.webp 1280w, https:\/\/fmp-components.com\/wp-content\/uploads\/2024\/12\/Sanitation-Machinery-Locking-Hydraulic-Cylinder-factory-980x405.webp 980w, https:\/\/fmp-components.com\/wp-content\/uploads\/2024\/12\/Sanitation-Machinery-Locking-Hydraulic-Cylinder-factory-480x198.webp 480w\" sizes=\"(min-width: 0px) and (max-width: 480px) 480px, (min-width: 481px) and (max-width: 980px) 980px, (min-width: 981px) and (max-width: 1280px) 1280px, (min-width: 1281px) 1414px, 100vw\" \/><\/p>\n<p>Autor: CX<\/p>","protected":false},"excerpt":{"rendered":"<p>O Cilindro Hidr\u00e1ulico de Empuxo Frontal da Sanitation Machinery \u00e9 um componente vital projetado para fornecer um potente empuxo frontal para equipamentos de saneamento, como caminh\u00f5es de lixo e varredoras de rua. Projetado para confiabilidade e efici\u00eancia, este cilindro hidr\u00e1ulico permite movimentos suaves e controlados, facilitando opera\u00e7\u00f5es eficazes durante a coleta de lixo e a limpeza de ruas. Constru\u00eddo com materiais de alta resist\u00eancia, ele \u00e9 projetado para suportar as duras condi\u00e7\u00f5es t\u00edpicas do trabalho de saneamento, garantindo longa durabilidade. Seu design hidr\u00e1ulico avan\u00e7ado permite controle preciso e capacidade de resposta, tornando-o essencial para otimizar o desempenho e a seguran\u00e7a de m\u00e1quinas de saneamento em diversas aplica\u00e7\u00f5es.<\/p>","protected":false},"featured_media":439,"comment_status":"open","ping_status":"closed","template":"","meta":{"_et_pb_use_builder":"","_et_pb_old_content":"","_et_gb_content_width":""},"product_brand":[],"product_cat":[23],"product_tag":[],"class_list":{"0":"post-432","1":"product","2":"type-product","3":"status-publish","4":"has-post-thumbnail","6":"product_cat-sanitation-machinery-hydraulic-cylinders","8":"first","9":"instock","10":"shipping-taxable","11":"product-type-simple"},"_links":{"self":[{"href":"https:\/\/fmp-components.com\/pt\/wp-json\/wp\/v2\/product\/432","targetHints":{"allow":["GET"]}}],"collection":[{"href":"https:\/\/fmp-components.com\/pt\/wp-json\/wp\/v2\/product"}],"about":[{"href":"https:\/\/fmp-components.com\/pt\/wp-json\/wp\/v2\/types\/product"}],"replies":[{"embeddable":true,"href":"https:\/\/fmp-components.com\/pt\/wp-json\/wp\/v2\/comments?post=432"}],"wp:featuredmedia":[{"embeddable":true,"href":"https:\/\/fmp-components.com\/pt\/wp-json\/wp\/v2\/media\/439"}],"wp:attachment":[{"href":"https:\/\/fmp-components.com\/pt\/wp-json\/wp\/v2\/media?parent=432"}],"wp:term":[{"taxonomy":"product_brand","embeddable":true,"href":"https:\/\/fmp-components.com\/pt\/wp-json\/wp\/v2\/product_brand?post=432"},{"taxonomy":"product_cat","embeddable":true,"href":"https:\/\/fmp-components.com\/pt\/wp-json\/wp\/v2\/product_cat?post=432"},{"taxonomy":"product_tag","embeddable":true,"href":"https:\/\/fmp-components.com\/pt\/wp-json\/wp\/v2\/product_tag?post=432"}],"curies":[{"name":"wp","href":"https:\/\/api.w.org\/{rel}","templated":true}]}}