{"id":420,"date":"2024-12-10T05:29:31","date_gmt":"2024-12-10T05:29:31","guid":{"rendered":"https:\/\/fmp-components.com\/?page_id=8"},"modified":"2024-12-10T05:45:25","modified_gmt":"2024-12-10T05:45:25","slug":"sanitation-machinery-locking-hydraulic-cylinder","status":"publish","type":"product","link":"https:\/\/fmp-components.com\/pt\/product\/sanitation-machinery-locking-hydraulic-cylinder\/","title":{"rendered":"Cilindro Hidr\u00e1ulico de Bloqueio de M\u00e1quinas de Saneamento"},"content":{"rendered":"<p style=\"text-align: center;\"><span style=\"font-size: 18pt;\">Cilindro Hidr\u00e1ulico de Bloqueio de M\u00e1quinas de Saneamento<\/span><\/p>\n<p>O cilindro hidr\u00e1ulico de travamento para m\u00e1quinas de saneamento \u00e9 um componente essencial projetado para fornecer mecanismos de travamento seguros e confi\u00e1veis \u200b\u200bpara equipamentos de saneamento, incluindo caminh\u00f5es de lixo, varredoras de rua e compactadores de res\u00edduos. Este cilindro hidr\u00e1ulico garante que v\u00e1rias partes da m\u00e1quina permane\u00e7am est\u00e1veis \u200b\u200be seguras durante a opera\u00e7\u00e3o e o transporte, aumentando a seguran\u00e7a e a efici\u00eancia em geral.<\/p>\n<p><img loading=\"lazy\" decoding=\"async\" class=\"size-full wp-image-421 aligncenter\" src=\"https:\/\/fmp-components.com\/wp-content\/uploads\/2024\/12\/Sanitation-Machinery-Locking-Hydraulic-Cylinder.webp\" alt=\"Cilindro Hidr\u00e1ulico de Bloqueio de M\u00e1quinas de Saneamento\" width=\"500\" height=\"500\" title=\"\" srcset=\"https:\/\/fmp-components.com\/wp-content\/uploads\/2024\/12\/Sanitation-Machinery-Locking-Hydraulic-Cylinder.webp 500w, https:\/\/fmp-components.com\/wp-content\/uploads\/2024\/12\/Sanitation-Machinery-Locking-Hydraulic-Cylinder-480x480.webp 480w\" sizes=\"(min-width: 0px) and (max-width: 480px) 480px, (min-width: 481px) 500px, 100vw\" \/><\/p>\n<h4>Principais caracter\u00edsticas:<\/h4>\n<ul>\n<li>Constru\u00e7\u00e3o robusta: Fabricado com materiais de alta resist\u00eancia, este cilindro hidr\u00e1ulico com trava foi projetado para suportar as condi\u00e7\u00f5es exigentes do trabalho de saneamento, garantindo durabilidade e confiabilidade de longa dura\u00e7\u00e3o.<\/li>\n<li>Design hidr\u00e1ulico eficiente: O cilindro utiliza tecnologia hidr\u00e1ulica avan\u00e7ada para permitir uma opera\u00e7\u00e3o suave e responsiva. O engate e desengate r\u00e1pidos do mecanismo de travamento facilitam um fluxo de trabalho eficiente.<\/li>\n<li>Seguran\u00e7a aprimorada: Ao travar com seguran\u00e7a os componentes cr\u00edticos das m\u00e1quinas de saneamento, o cilindro hidr\u00e1ulico ajuda a evitar movimentos acidentais ou desprendimento durante a opera\u00e7\u00e3o, reduzindo assim o risco de acidentes.<\/li>\n<li>Aplica\u00e7\u00f5es vers\u00e1teis: Adequado para uma ampla gama de equipamentos de saneamento, este cilindro hidr\u00e1ulico com trava \u00e9 essencial para o funcionamento eficaz de diversos ve\u00edculos e m\u00e1quinas utilizados na gest\u00e3o de res\u00edduos e limpeza urbana.<\/li>\n<li>F\u00e1cil integra\u00e7\u00e3o: Projetado para uma instala\u00e7\u00e3o descomplicada, o cilindro hidr\u00e1ulico com trava pode ser perfeitamente integrado aos sistemas de m\u00e1quinas sanit\u00e1rias existentes, minimizando o tempo de inatividade e garantindo uma implanta\u00e7\u00e3o r\u00e1pida.<\/li>\n<\/ul>\n<p>O cilindro hidr\u00e1ulico de travamento para m\u00e1quinas de saneamento \u00e9 um componente crucial que aumenta a seguran\u00e7a, a efici\u00eancia e a confiabilidade dos equipamentos de saneamento, tornando-se uma ferramenta indispens\u00e1vel para opera\u00e7\u00f5es eficazes de gerenciamento de res\u00edduos.<\/p>\n<h2>Dimens\u00f5es do cilindro hidr\u00e1ulico de travamento para m\u00e1quinas de saneamento:<\/h2>\n<table>\n<tbody>\n<tr>\n<td><img loading=\"lazy\" decoding=\"async\" class=\"alignnone size-full wp-image-423\" src=\"https:\/\/fmp-components.com\/wp-content\/uploads\/2024\/12\/Sanitation-Machinery-Locking-Hydraulic-Cylinder-Dimensions-1.webp\" alt=\"Cilindro Hidr\u00e1ulico de Bloqueio de M\u00e1quinas de Saneamento\" width=\"980\" height=\"427\" title=\"\" srcset=\"https:\/\/fmp-components.com\/wp-content\/uploads\/2024\/12\/Sanitation-Machinery-Locking-Hydraulic-Cylinder-Dimensions-1.webp 980w, https:\/\/fmp-components.com\/wp-content\/uploads\/2024\/12\/Sanitation-Machinery-Locking-Hydraulic-Cylinder-Dimensions-1-480x209.webp 480w\" sizes=\"(min-width: 0px) and (max-width: 480px) 480px, (min-width: 481px) 980px, 100vw\" \/><\/td>\n<td><img loading=\"lazy\" decoding=\"async\" class=\"alignnone size-full wp-image-424\" src=\"https:\/\/fmp-components.com\/wp-content\/uploads\/2024\/12\/Sanitation-Machinery-Locking-Hydraulic-Cylinder-Dimensions-2.webp\" alt=\"Cilindro Hidr\u00e1ulico de Bloqueio de M\u00e1quinas de Saneamento\" width=\"980\" height=\"427\" title=\"\" srcset=\"https:\/\/fmp-components.com\/wp-content\/uploads\/2024\/12\/Sanitation-Machinery-Locking-Hydraulic-Cylinder-Dimensions-2.webp 980w, https:\/\/fmp-components.com\/wp-content\/uploads\/2024\/12\/Sanitation-Machinery-Locking-Hydraulic-Cylinder-Dimensions-2-480x209.webp 480w\" sizes=\"(min-width: 0px) and (max-width: 480px) 480px, (min-width: 481px) 980px, 100vw\" \/><\/td>\n<\/tr>\n<\/tbody>\n<\/table>\n<table style=\"width: 100%; height: 124px;\" border=\"1\" cellspacing=\"0\" cellpadding=\"0\">\n<tbody>\n<tr style=\"height: 47px;\">\n<td style=\"height: 47px;\" width=\"246\">Nome do Cilindro<\/td>\n<td style=\"height: 47px;\" width=\"336\">N\u00famero do desenho<\/td>\n<td style=\"height: 47px;\" width=\"126\">Di\u00e2metro do furo (D)<\/td>\n<td style=\"height: 47px;\" width=\"123\">Di\u00e2metro da haste (d)<\/td>\n<td style=\"height: 47px;\" width=\"114\">Acidente Vascular Cerebral (S)<\/td>\n<td style=\"height: 47px;\" width=\"170\">Dist\u00e2ncia de instala\u00e7\u00e3o (L)<\/td>\n<td style=\"height: 47px;\" width=\"172\">Press\u00e3o de trabalho<\/td>\n<td style=\"height: 47px;\" width=\"366\">Dimens\u00f5es da interface (M)<\/td>\n<td style=\"height: 47px;\" width=\"96\">Peso<\/td>\n<\/tr>\n<tr style=\"height: 33px;\">\n<td class=\"et3\" style=\"height: 33px;\" width=\"246\" height=\"286\">Cilindro de travamento<\/td>\n<td class=\"et4\" style=\"height: 33px;\" width=\"336\">107504-00<\/td>\n<td class=\"et4\" style=\"height: 33px;\" width=\"126\">\u03a640<\/td>\n<td class=\"et4\" style=\"height: 33px;\" width=\"123\">\u03a620<\/td>\n<td class=\"et4\" style=\"height: 33px;\" width=\"114\">53<\/td>\n<td class=\"et4\" style=\"height: 33px;\" width=\"170\">245<\/td>\n<td class=\"et4\" style=\"height: 33px;\" width=\"172\">25 MPa<\/td>\n<td class=\"et4\" style=\"height: 33px;\" width=\"366\">2-G3\/8<\/td>\n<td class=\"et4\" style=\"height: 33px;\" width=\"96\">2,6 kg<\/td>\n<\/tr>\n<tr style=\"height: 44px;\">\n<td class=\"et3\" style=\"height: 44px;\" width=\"246\" height=\"316\">Cilindro de travamento<\/td>\n<td class=\"et4\" style=\"height: 44px;\">103631-00<\/td>\n<td class=\"et4\" style=\"height: 44px;\">\u03a663<\/td>\n<td class=\"et4\" style=\"height: 44px;\">\u03a640<\/td>\n<td class=\"et4\" style=\"height: 44px;\">160<\/td>\n<td class=\"et4\" style=\"height: 44px;\">385<\/td>\n<td class=\"et4\" style=\"height: 44px;\">30MPa<\/td>\n<td class=\"et4\" style=\"height: 44px;\">2-G3\/8<\/td>\n<td class=\"et4\" style=\"height: 44px;\">15 kg<\/td>\n<\/tr>\n<\/tbody>\n<\/table>\n<h3>Caracter\u00edsticas do cilindro hidr\u00e1ulico de travamento para m\u00e1quinas de saneamento<\/h3>\n<h4>1. Constru\u00e7\u00e3o Robusta<\/h4>\n<p>O cilindro hidr\u00e1ulico com trava para m\u00e1quinas de saneamento \u00e9 fabricado com materiais de alta resist\u00eancia que garantem durabilidade e resist\u00eancia ao desgaste, tornando-o adequado para as condi\u00e7\u00f5es exigentes do trabalho de saneamento.<\/p>\n<h4>2. Mecanismo de travamento eficiente<\/h4>\n<p>Este cilindro hidr\u00e1ulico foi projetado com um mecanismo de travamento avan\u00e7ado que permite engate e desengate r\u00e1pidos e seguros. Essa efici\u00eancia aprimora o fluxo de trabalho operacional e a seguran\u00e7a durante o uso.<\/p>\n<h4>3. Opera\u00e7\u00e3o hidr\u00e1ulica suave<\/h4>\n<p>O cilindro utiliza um sistema hidr\u00e1ulico de engenharia avan\u00e7ada que proporciona uma opera\u00e7\u00e3o suave e responsiva. Essa caracter\u00edstica permite um controle preciso das a\u00e7\u00f5es de travamento e destravamento, garantindo um desempenho confi\u00e1vel.<\/p>\n<h4>4. Melhorias de seguran\u00e7a<\/h4>\n<p>Incorporando recursos de seguran\u00e7a, como v\u00e1lvulas de al\u00edvio de press\u00e3o, o cilindro hidr\u00e1ulico com travamento impede a libera\u00e7\u00e3o ou movimenta\u00e7\u00e3o acidental. Isso garante que os componentes permane\u00e7am travados com seguran\u00e7a durante a opera\u00e7\u00e3o, reduzindo o risco de acidentes.<\/p>\n<h4>5. Compatibilidade vers\u00e1til<\/h4>\n<p>Projetado para ser compat\u00edvel com uma ampla gama de equipamentos de saneamento, incluindo caminh\u00f5es de lixo e varredoras de rua, este cilindro hidr\u00e1ulico pode ser facilmente integrado a diversos sistemas de m\u00e1quinas, tornando-se uma op\u00e7\u00e3o vers\u00e1til para opera\u00e7\u00f5es de gerenciamento de res\u00edduos.<\/p>\n<h4>6. Baixa necessidade de manuten\u00e7\u00e3o<\/h4>\n<p>Gra\u00e7as ao seu design robusto e materiais dur\u00e1veis, o cilindro hidr\u00e1ulico com travamento requer manuten\u00e7\u00e3o m\u00ednima, resultando em redu\u00e7\u00e3o do tempo de inatividade e dos custos operacionais para os servi\u00e7os de saneamento.<\/p>\n<h4>7. Design compacto<\/h4>\n<p>O design compacto do cilindro permite o uso eficiente do espa\u00e7o dentro dos equipamentos de saneamento, possibilitando um desempenho ideal sem comprometer o layout geral do equipamento.<\/p>\n<h4>8. Resist\u00eancia \u00e0 corros\u00e3o<\/h4>\n<p>Muitos modelos possuem revestimentos que protegem contra a corros\u00e3o, garantindo que o cilindro hidr\u00e1ulico mantenha sua funcionalidade e apar\u00eancia mesmo quando exposto \u00e0s condi\u00e7\u00f5es ambientais adversas comuns em trabalhos de saneamento.<\/p>\n<p>Em resumo, o cilindro hidr\u00e1ulico com trava para m\u00e1quinas de saneamento combina durabilidade, efici\u00eancia e seguran\u00e7a, tornando-se um componente essencial para uma opera\u00e7\u00e3o eficaz e confi\u00e1vel no setor de saneamento.<\/p>\n<h2><img loading=\"lazy\" decoding=\"async\" class=\"alignnone size-full wp-image-422\" src=\"https:\/\/fmp-components.com\/wp-content\/uploads\/2024\/12\/Sanitation-Machinery.webp\" alt=\"Cilindro Hidr\u00e1ulico de Bloqueio de M\u00e1quinas de Saneamento\" width=\"1000\" height=\"667\" title=\"\" srcset=\"https:\/\/fmp-components.com\/wp-content\/uploads\/2024\/12\/Sanitation-Machinery.webp 1000w, https:\/\/fmp-components.com\/wp-content\/uploads\/2024\/12\/Sanitation-Machinery-980x654.webp 980w, https:\/\/fmp-components.com\/wp-content\/uploads\/2024\/12\/Sanitation-Machinery-480x320.webp 480w\" sizes=\"(min-width: 0px) and (max-width: 480px) 480px, (min-width: 481px) and (max-width: 980px) 980px, (min-width: 981px) 1000px, 100vw\" \/><\/h2>\n<h2>Sobre a FMP<\/h2>\n<p>A FMP \u00e9 uma empresa especializada em fabrica\u00e7\u00e3o mec\u00e2nica, dedicada \u00e0 produ\u00e7\u00e3o de cilindros hidr\u00e1ulicos. Desde a sua funda\u00e7\u00e3o, a empresa tem se concentrado na pesquisa e fabrica\u00e7\u00e3o de tecnologia hidr\u00e1ulica, transitando com sucesso de uma gama diversificada de produtos, que inclu\u00eda m\u00e1quinas para colheita e constru\u00e7\u00e3o, para a especializa\u00e7\u00e3o em componentes para tratores agr\u00edcolas. Com mais de uma d\u00e9cada de experi\u00eancia em fabrica\u00e7\u00e3o e gest\u00e3o, a FMP garante produtos de alta qualidade por meio de t\u00e9cnicas avan\u00e7adas de produ\u00e7\u00e3o.<\/p>\n<p>\u00c0 medida que a empresa evoluiu, desenvolveu uma linha de produ\u00e7\u00e3o de usinagem abrangente, uma linha de montagem e uma linha de revestimento. Nossa equipe \u00e9 composta por gestores qualificados, projetistas mec\u00e2nicos experientes e t\u00e9cnicos altamente treinados que trabalham juntos para manter a qualidade da produ\u00e7\u00e3o est\u00e1vel, controlando eficazmente a continuidade e a efici\u00eancia do processo.<\/p>\n<p>A FMP mant\u00e9m a filosofia de \"Inova\u00e7\u00e3o Tecnol\u00f3gica Impulsionando o Progresso, Qualidade Criando Marcas, Artesanato Garantindo Qualidade e Construindo Relacionamentos Ganha-Ganha de Longo Prazo\". Nosso compromisso em fornecer produtos de alta qualidade e atendimento superior ao cliente continua sendo um objetivo central \u00e0 medida que continuamos a atender \u00e0s necessidades em evolu\u00e7\u00e3o do mercado.<\/p>\n<p><img loading=\"lazy\" decoding=\"async\" class=\"alignnone size-full wp-image-426\" src=\"https:\/\/fmp-components.com\/wp-content\/uploads\/2024\/12\/Sanitation-Machinery-Locking-Hydraulic-Cylinder-factory.webp\" alt=\"F\u00e1brica de Cilindros Hidr\u00e1ulicos de Bloqueio de M\u00e1quinas de Saneamento\" width=\"1414\" height=\"584\" title=\"\" srcset=\"https:\/\/fmp-components.com\/wp-content\/uploads\/2024\/12\/Sanitation-Machinery-Locking-Hydraulic-Cylinder-factory.webp 1414w, https:\/\/fmp-components.com\/wp-content\/uploads\/2024\/12\/Sanitation-Machinery-Locking-Hydraulic-Cylinder-factory-1280x529.webp 1280w, https:\/\/fmp-components.com\/wp-content\/uploads\/2024\/12\/Sanitation-Machinery-Locking-Hydraulic-Cylinder-factory-980x405.webp 980w, https:\/\/fmp-components.com\/wp-content\/uploads\/2024\/12\/Sanitation-Machinery-Locking-Hydraulic-Cylinder-factory-480x198.webp 480w\" sizes=\"(min-width: 0px) and (max-width: 480px) 480px, (min-width: 481px) and (max-width: 980px) 980px, (min-width: 981px) and (max-width: 1280px) 1280px, (min-width: 1281px) 1414px, 100vw\" \/><\/p>\n<p>Autor: CX<\/p>","protected":false},"excerpt":{"rendered":"<p>O cilindro hidr\u00e1ulico de travamento para m\u00e1quinas de saneamento \u00e9 um componente vital projetado para garantir a opera\u00e7\u00e3o segura de equipamentos de saneamento, como caminh\u00f5es de lixo e varredoras de rua. Este cilindro hidr\u00e1ulico proporciona mecanismos de travamento confi\u00e1veis \u200b\u200bque mant\u00eam a estabilidade e a seguran\u00e7a da m\u00e1quina durante a opera\u00e7\u00e3o e o transporte. Constru\u00eddo com materiais de alta resist\u00eancia, ele \u00e9 projetado para suportar as exig\u00eancias de ambientes de trabalho severos, garantindo durabilidade e longa vida \u00fatil. O design hidr\u00e1ulico eficiente permite uma opera\u00e7\u00e3o suave, possibilitando o engate e desengate r\u00e1pidos do sistema de travamento. Essencial para aumentar a seguran\u00e7a e a efici\u00eancia, este cilindro hidr\u00e1ulico de travamento \u00e9 crucial para o funcionamento eficaz das m\u00e1quinas de saneamento.<\/p>","protected":false},"featured_media":421,"comment_status":"open","ping_status":"closed","template":"","meta":{"_et_pb_use_builder":"","_et_pb_old_content":"","_et_gb_content_width":""},"product_brand":[],"product_cat":[23],"product_tag":[],"class_list":{"0":"post-420","1":"product","2":"type-product","3":"status-publish","4":"has-post-thumbnail","6":"product_cat-sanitation-machinery-hydraulic-cylinders","8":"first","9":"instock","10":"shipping-taxable","11":"product-type-simple"},"_links":{"self":[{"href":"https:\/\/fmp-components.com\/pt\/wp-json\/wp\/v2\/product\/420","targetHints":{"allow":["GET"]}}],"collection":[{"href":"https:\/\/fmp-components.com\/pt\/wp-json\/wp\/v2\/product"}],"about":[{"href":"https:\/\/fmp-components.com\/pt\/wp-json\/wp\/v2\/types\/product"}],"replies":[{"embeddable":true,"href":"https:\/\/fmp-components.com\/pt\/wp-json\/wp\/v2\/comments?post=420"}],"wp:featuredmedia":[{"embeddable":true,"href":"https:\/\/fmp-components.com\/pt\/wp-json\/wp\/v2\/media\/421"}],"wp:attachment":[{"href":"https:\/\/fmp-components.com\/pt\/wp-json\/wp\/v2\/media?parent=420"}],"wp:term":[{"taxonomy":"product_brand","embeddable":true,"href":"https:\/\/fmp-components.com\/pt\/wp-json\/wp\/v2\/product_brand?post=420"},{"taxonomy":"product_cat","embeddable":true,"href":"https:\/\/fmp-components.com\/pt\/wp-json\/wp\/v2\/product_cat?post=420"},{"taxonomy":"product_tag","embeddable":true,"href":"https:\/\/fmp-components.com\/pt\/wp-json\/wp\/v2\/product_tag?post=420"}],"curies":[{"name":"wp","href":"https:\/\/api.w.org\/{rel}","templated":true}]}}