{"id":397,"date":"2024-12-10T02:38:22","date_gmt":"2024-12-10T02:38:22","guid":{"rendered":"https:\/\/fmp-components.com\/?page_id=8"},"modified":"2024-12-10T02:54:39","modified_gmt":"2024-12-10T02:54:39","slug":"scissor-fork-aerial-work-vehicle-lifting-hydraulic-cylinder","status":"publish","type":"product","link":"https:\/\/fmp-components.com\/pt\/product\/scissor-fork-aerial-work-vehicle-lifting-hydraulic-cylinder\/","title":{"rendered":"Cilindro hidr\u00e1ulico de eleva\u00e7\u00e3o de ve\u00edculos a\u00e9reos com garfo tipo tesoura"},"content":{"rendered":"<p style=\"text-align: center;\"><span style=\"font-size: 18pt;\">Cilindro hidr\u00e1ulico de eleva\u00e7\u00e3o de ve\u00edculos a\u00e9reos com garfo tipo tesoura<\/span><\/p>\n<p>O Cilindro Hidr\u00e1ulico para Eleva\u00e7\u00e3o de Ve\u00edculos de Trabalho A\u00e9reo com Garfo Tesoura \u00e9 um componente essencial projetado para fornecer pot\u00eancia de eleva\u00e7\u00e3o confi\u00e1vel para plataformas elevat\u00f3rias tipo tesoura. Este cilindro hidr\u00e1ulico foi projetado para desempenho ideal, permitindo uma eleva\u00e7\u00e3o suave e controlada do elevador, crucial para acessar \u00e1reas de trabalho elevadas com seguran\u00e7a e efici\u00eancia.<\/p>\n<p><img loading=\"lazy\" decoding=\"async\" class=\"size-full wp-image-407 aligncenter\" src=\"https:\/\/fmp-components.com\/wp-content\/uploads\/2024\/12\/Scissor-Fork-Aerial-Work-Vehicle-Lifting-Hydraulic-Cylinder.webp\" alt=\"Cilindro hidr\u00e1ulico de eleva\u00e7\u00e3o de ve\u00edculos a\u00e9reos com garfo tipo tesoura\" width=\"500\" height=\"500\" title=\"\" srcset=\"https:\/\/fmp-components.com\/wp-content\/uploads\/2024\/12\/Scissor-Fork-Aerial-Work-Vehicle-Lifting-Hydraulic-Cylinder.webp 500w, https:\/\/fmp-components.com\/wp-content\/uploads\/2024\/12\/Scissor-Fork-Aerial-Work-Vehicle-Lifting-Hydraulic-Cylinder-480x480.webp 480w\" sizes=\"(min-width: 0px) and (max-width: 480px) 480px, (min-width: 481px) 500px, 100vw\" \/><\/p>\n<h4>Principais caracter\u00edsticas:<\/h4>\n<ul>\n<li>Constru\u00e7\u00e3o robusta: feito de materiais de alta resist\u00eancia, este cilindro hidr\u00e1ulico de eleva\u00e7\u00e3o \u00e9 constru\u00eddo para suportar cargas pesadas e suportar condi\u00e7\u00f5es de trabalho adversas, garantindo durabilidade e desempenho duradouro.<\/li>\n<li>Opera\u00e7\u00e3o hidr\u00e1ulica suave: o sistema hidr\u00e1ulico avan\u00e7ado permite a\u00e7\u00f5es de eleva\u00e7\u00e3o e abaixamento cont\u00ednuas, proporcionando aos operadores controle preciso sobre a altura da plataforma durante diversas tarefas.<\/li>\n<li>Seguran\u00e7a aprimorada: projetado com a seguran\u00e7a em mente, o cilindro incorpora recursos que evitam movimentos bruscos e garantem uma opera\u00e7\u00e3o est\u00e1vel, reduzindo o risco de acidentes ao trabalhar em alturas.<\/li>\n<li>Aplica\u00e7\u00f5es vers\u00e1teis: ideal para uma ampla gama de aplica\u00e7\u00f5es, incluindo constru\u00e7\u00e3o, manuten\u00e7\u00e3o e ambientes industriais, este cilindro hidr\u00e1ulico de eleva\u00e7\u00e3o melhora a funcionalidade de ve\u00edculos a\u00e9reos de trabalho com garfo de tesoura.<\/li>\n<li>F\u00e1cil integra\u00e7\u00e3o: o cilindro foi projetado para instala\u00e7\u00e3o direta em sistemas de eleva\u00e7\u00e3o existentes, minimizando o tempo de inatividade e permitindo r\u00e1pida implanta\u00e7\u00e3o em campo.<\/li>\n<\/ul>\n<p>Em resumo, o Cilindro Hidr\u00e1ulico de Eleva\u00e7\u00e3o de Ve\u00edculos de Trabalho A\u00e9reo com Garfo Tesoura \u00e9 um componente vital que melhora a seguran\u00e7a, efici\u00eancia e produtividade das plataformas de trabalho a\u00e9reo, tornando-o uma ferramenta indispens\u00e1vel para operadores de v\u00e1rios setores que exigem solu\u00e7\u00f5es de acesso elevado.<\/p>\n<h2>Pe\u00e7as do cilindro hidr\u00e1ulico de eleva\u00e7\u00e3o de ve\u00edculos a\u00e9reos com garfo tipo tesoura:<\/h2>\n<p><img loading=\"lazy\" decoding=\"async\" class=\"alignnone size-full wp-image-404\" src=\"https:\/\/fmp-components.com\/wp-content\/uploads\/2024\/12\/Scissor-Fork-Aerial-Work-Vehicle-Lifting-Hydraulic-Cylinder-Parts.webp\" alt=\"\" width=\"1024\" height=\"634\" title=\"\" srcset=\"https:\/\/fmp-components.com\/wp-content\/uploads\/2024\/12\/Scissor-Fork-Aerial-Work-Vehicle-Lifting-Hydraulic-Cylinder-Parts.webp 1024w, https:\/\/fmp-components.com\/wp-content\/uploads\/2024\/12\/Scissor-Fork-Aerial-Work-Vehicle-Lifting-Hydraulic-Cylinder-Parts-980x607.webp 980w, https:\/\/fmp-components.com\/wp-content\/uploads\/2024\/12\/Scissor-Fork-Aerial-Work-Vehicle-Lifting-Hydraulic-Cylinder-Parts-480x297.webp 480w\" sizes=\"(min-width: 0px) and (max-width: 480px) 480px, (min-width: 481px) and (max-width: 980px) 980px, (min-width: 981px) 1024px, 100vw\" \/><\/p>\n<table class=\"has-title all magic-26\" style=\"width: 97.5988%; height: 214px;\" border=\"1\" cellspacing=\"0\" cellpadding=\"0\">\n<tbody>\n<tr>\n<td style=\"width: 6.0665%;\" colspan=\"1\" rowspan=\"1\">\n<div class=\"magic-27\" data-spm-anchor-id=\"a2700.details.0.i26.201d6d46acEaSr\">1<\/div>\n<\/td>\n<td style=\"width: 52.9018%;\" colspan=\"1\" rowspan=\"1\">\n<div class=\"magic-28\">Conjunto da carca\u00e7a do cilindro<\/div>\n<\/td>\n<td style=\"width: 6.16271%;\" colspan=\"1\" rowspan=\"1\">\n<div class=\"magic-27\">9<\/div>\n<\/td>\n<td style=\"width: 34.6345%;\" colspan=\"1\" rowspan=\"1\">\n<div class=\"magic-29\">Du Bush<\/div>\n<\/td>\n<\/tr>\n<tr>\n<td style=\"width: 6.0665%;\" colspan=\"1\" rowspan=\"1\">\n<div class=\"magic-27\">2<\/div>\n<\/td>\n<td style=\"width: 52.9018%;\" colspan=\"1\" rowspan=\"1\">\n<div class=\"magic-28\">Arbusto guia<\/div>\n<\/td>\n<td style=\"width: 6.16271%;\" colspan=\"1\" rowspan=\"1\">\n<div class=\"magic-27\">10<\/div>\n<\/td>\n<td style=\"width: 34.6345%;\" colspan=\"1\" rowspan=\"1\">\n<div class=\"magic-29\">Anel de veda\u00e7\u00e3o<\/div>\n<\/td>\n<\/tr>\n<tr>\n<td style=\"width: 6.0665%;\" colspan=\"1\" rowspan=\"1\">\n<div class=\"magic-27\">3<\/div>\n<\/td>\n<td style=\"width: 52.9018%;\" colspan=\"1\" rowspan=\"1\">\n<div class=\"magic-28\">Pist\u00e3o<\/div>\n<\/td>\n<td style=\"width: 6.16271%;\" colspan=\"1\" rowspan=\"1\">\n<div class=\"magic-27\">11<\/div>\n<\/td>\n<td style=\"width: 34.6345%;\" colspan=\"1\" rowspan=\"1\">\n<div class=\"magic-29\">Anel de veda\u00e7\u00e3o<\/div>\n<\/td>\n<\/tr>\n<tr>\n<td style=\"width: 6.0665%;\" colspan=\"1\" rowspan=\"1\">\n<div class=\"magic-27\">4<\/div>\n<\/td>\n<td style=\"width: 52.9018%;\" colspan=\"1\" rowspan=\"1\">\n<div class=\"magic-28\">Biela do pist\u00e3o<\/div>\n<\/td>\n<td style=\"width: 6.16271%;\" colspan=\"1\" rowspan=\"1\">\n<div class=\"magic-27\">12<\/div>\n<\/td>\n<td style=\"width: 34.6345%;\" colspan=\"1\" rowspan=\"1\">\n<div class=\"magic-29\">Selo de furo<\/div>\n<\/td>\n<\/tr>\n<tr>\n<td style=\"width: 6.0665%;\" colspan=\"1\" rowspan=\"1\">\n<div class=\"magic-27\">5<\/div>\n<\/td>\n<td style=\"width: 52.9018%;\" colspan=\"1\" rowspan=\"1\">\n<div class=\"magic-28\">Rolamento composto<\/div>\n<\/td>\n<td style=\"width: 6.16271%;\" colspan=\"1\" rowspan=\"1\">\n<div class=\"magic-27\">13<\/div>\n<\/td>\n<td style=\"width: 34.6345%;\" colspan=\"1\" rowspan=\"1\">\n<div class=\"magic-29\">Anel de desgaste<\/div>\n<\/td>\n<\/tr>\n<tr>\n<td style=\"width: 6.0665%;\" colspan=\"1\" rowspan=\"1\">\n<div class=\"magic-27\">6<\/div>\n<\/td>\n<td style=\"width: 52.9018%;\" colspan=\"1\" rowspan=\"1\">\n<div class=\"magic-28\">Limpador de p\u00f3<\/div>\n<\/td>\n<td style=\"width: 6.16271%;\" colspan=\"1\" rowspan=\"1\">\n<div class=\"magic-27\">14<\/div>\n<\/td>\n<td style=\"width: 34.6345%;\" colspan=\"1\" rowspan=\"1\">\n<div class=\"magic-29\">Parafusos de fixa\u00e7\u00e3o<\/div>\n<\/td>\n<\/tr>\n<tr>\n<td style=\"width: 6.0665%;\" colspan=\"1\" rowspan=\"1\">\n<div class=\"magic-27\">7<\/div>\n<\/td>\n<td style=\"width: 52.9018%;\" colspan=\"1\" rowspan=\"1\">\n<div class=\"magic-28\">Anel em U<\/div>\n<\/td>\n<td style=\"width: 6.16271%;\" colspan=\"1\" rowspan=\"1\">\n<div class=\"magic-27\">15<\/div>\n<\/td>\n<td style=\"width: 34.6345%;\" colspan=\"1\" rowspan=\"1\">\n<div class=\"magic-29\">Capa de poeira<\/div>\n<\/td>\n<\/tr>\n<tr>\n<td style=\"width: 6.0665%;\" colspan=\"1\" rowspan=\"1\">\n<div class=\"magic-27\">8<\/div>\n<\/td>\n<td style=\"width: 52.9018%;\" colspan=\"1\" rowspan=\"1\">\n<div class=\"magic-28\">Anel de veda\u00e7\u00e3o<\/div>\n<\/td>\n<td style=\"width: 6.16271%;\" colspan=\"1\" rowspan=\"1\">\n<div class=\"magic-27\"><\/div>\n<\/td>\n<td style=\"width: 34.6345%;\" colspan=\"1\" rowspan=\"1\"><\/td>\n<\/tr>\n<\/tbody>\n<\/table>\n<h2>Dimens\u00f5es do cilindro hidr\u00e1ulico de eleva\u00e7\u00e3o de ve\u00edculos a\u00e9reos com garfo tipo tesoura:<\/h2>\n<table>\n<tbody>\n<tr>\n<td><img loading=\"lazy\" decoding=\"async\" class=\"alignnone size-full wp-image-400\" src=\"https:\/\/fmp-components.com\/wp-content\/uploads\/2024\/12\/Scissor-Fork-Aerial-Work-Vehicle-Lifting-Hydraulic-Cylinder-Dimensions-1.webp\" alt=\"\" width=\"680\" height=\"210\" title=\"\" srcset=\"https:\/\/fmp-components.com\/wp-content\/uploads\/2024\/12\/Scissor-Fork-Aerial-Work-Vehicle-Lifting-Hydraulic-Cylinder-Dimensions-1.webp 680w, https:\/\/fmp-components.com\/wp-content\/uploads\/2024\/12\/Scissor-Fork-Aerial-Work-Vehicle-Lifting-Hydraulic-Cylinder-Dimensions-1-480x148.webp 480w\" sizes=\"(min-width: 0px) and (max-width: 480px) 480px, (min-width: 481px) 680px, 100vw\" \/><\/td>\n<td><img loading=\"lazy\" decoding=\"async\" class=\"alignnone size-full wp-image-401\" src=\"https:\/\/fmp-components.com\/wp-content\/uploads\/2024\/12\/Scissor-Fork-Aerial-Work-Vehicle-Lifting-Hydraulic-Cylinder-Dimensions-2.webp\" alt=\"\" width=\"680\" height=\"210\" title=\"\" srcset=\"https:\/\/fmp-components.com\/wp-content\/uploads\/2024\/12\/Scissor-Fork-Aerial-Work-Vehicle-Lifting-Hydraulic-Cylinder-Dimensions-2.webp 680w, https:\/\/fmp-components.com\/wp-content\/uploads\/2024\/12\/Scissor-Fork-Aerial-Work-Vehicle-Lifting-Hydraulic-Cylinder-Dimensions-2-480x148.webp 480w\" sizes=\"(min-width: 0px) and (max-width: 480px) 480px, (min-width: 481px) 680px, 100vw\" \/><\/td>\n<\/tr>\n<\/tbody>\n<\/table>\n<table border=\"1\" cellspacing=\"0\" cellpadding=\"0\">\n<tbody>\n<tr>\n<td width=\"246\">Nome do Cilindro<\/td>\n<td width=\"336\">N\u00famero do desenho<\/td>\n<td width=\"126\">Di\u00e2metro do furo (D)<\/td>\n<td width=\"123\">Di\u00e2metro da haste (d)<\/td>\n<td width=\"114\">Acidente Vascular Cerebral (S)<\/td>\n<td width=\"170\">Dist\u00e2ncia de instala\u00e7\u00e3o (L)<\/td>\n<td width=\"172\">Press\u00e3o de trabalho<\/td>\n<td width=\"366\">Dimens\u00f5es da interface (M)<\/td>\n<td width=\"96\">Peso<\/td>\n<\/tr>\n<tr>\n<td class=\"et3\" width=\"246\" height=\"173\">Cilindro de eleva\u00e7\u00e3o<\/td>\n<td class=\"et4\" width=\"336\">78XEN-620100-001<\/td>\n<td class=\"et4\" width=\"126\">\u03a665<\/td>\n<td class=\"et4\" width=\"123\">\u03a645<\/td>\n<td class=\"et4\" width=\"114\">840<\/td>\n<td class=\"et4\" width=\"170\">1075<\/td>\n<td class=\"et4\" width=\"172\">18 MPa<\/td>\n<td class=\"et4\" width=\"366\">G1\/4;\u03a66;M14*1,5<\/td>\n<td class=\"et4\" width=\"96\">27 kg<\/td>\n<\/tr>\n<\/tbody>\n<\/table>\n<table>\n<tbody>\n<tr>\n<td><img loading=\"lazy\" decoding=\"async\" class=\"alignnone size-full wp-image-402\" src=\"https:\/\/fmp-components.com\/wp-content\/uploads\/2024\/12\/Scissor-Fork-Aerial-Work-Vehicle-Lifting-Hydraulic-Cylinder-Dimensions-3.webp\" alt=\"\" width=\"680\" height=\"300\" title=\"\" srcset=\"https:\/\/fmp-components.com\/wp-content\/uploads\/2024\/12\/Scissor-Fork-Aerial-Work-Vehicle-Lifting-Hydraulic-Cylinder-Dimensions-3.webp 680w, https:\/\/fmp-components.com\/wp-content\/uploads\/2024\/12\/Scissor-Fork-Aerial-Work-Vehicle-Lifting-Hydraulic-Cylinder-Dimensions-3-480x212.webp 480w\" sizes=\"(min-width: 0px) and (max-width: 480px) 480px, (min-width: 481px) 680px, 100vw\" \/><\/td>\n<td><img loading=\"lazy\" decoding=\"async\" class=\"alignnone size-full wp-image-403\" src=\"https:\/\/fmp-components.com\/wp-content\/uploads\/2024\/12\/Scissor-Fork-Aerial-Work-Vehicle-Lifting-Hydraulic-Cylinder-Dimensions-4.webp\" alt=\"\" width=\"680\" height=\"300\" title=\"\" srcset=\"https:\/\/fmp-components.com\/wp-content\/uploads\/2024\/12\/Scissor-Fork-Aerial-Work-Vehicle-Lifting-Hydraulic-Cylinder-Dimensions-4.webp 680w, https:\/\/fmp-components.com\/wp-content\/uploads\/2024\/12\/Scissor-Fork-Aerial-Work-Vehicle-Lifting-Hydraulic-Cylinder-Dimensions-4-480x212.webp 480w\" sizes=\"(min-width: 0px) and (max-width: 480px) 480px, (min-width: 481px) 680px, 100vw\" \/><\/td>\n<\/tr>\n<\/tbody>\n<\/table>\n<table style=\"width: 100%; height: 168px;\" border=\"1\" cellspacing=\"0\" cellpadding=\"0\">\n<tbody>\n<tr style=\"height: 71px;\">\n<td style=\"height: 71px;\" width=\"246\">Nome do Cilindro<\/td>\n<td style=\"height: 71px;\" width=\"336\">N\u00famero do desenho<\/td>\n<td style=\"height: 71px;\" width=\"126\">Di\u00e2metro do furo (D)<\/td>\n<td style=\"height: 71px;\" width=\"123\">Di\u00e2metro da haste (d)<\/td>\n<td style=\"height: 71px;\" width=\"114\">Acidente Vascular Cerebral (S)<\/td>\n<td style=\"height: 71px;\" width=\"170\">Dist\u00e2ncia de instala\u00e7\u00e3o (L)<\/td>\n<td style=\"height: 71px;\" width=\"172\">Press\u00e3o de trabalho<\/td>\n<td style=\"height: 71px;\" width=\"366\">Dimens\u00f5es da interface (M)<\/td>\n<td style=\"height: 71px;\" width=\"96\">Peso<\/td>\n<\/tr>\n<tr style=\"height: 53px;\">\n<td class=\"et3\" style=\"height: 53px;\" width=\"246\" height=\"222\">Cilindro de eleva\u00e7\u00e3o<\/td>\n<td class=\"et4\" style=\"height: 53px;\" width=\"336\">JCPT1212HD-531000-00A<\/td>\n<td class=\"et4\" style=\"height: 53px;\" width=\"126\">\u03a675<\/td>\n<td class=\"et4\" style=\"height: 53px;\" width=\"123\">\u03a663<\/td>\n<td class=\"et4\" style=\"height: 53px;\" width=\"114\">1269<\/td>\n<td class=\"et4\" style=\"height: 53px;\" width=\"170\">1530<\/td>\n<td class=\"et4\" style=\"height: 53px;\" width=\"172\">25 MPa<\/td>\n<td class=\"et4\" style=\"height: 53px;\" width=\"366\">G1\/4;M18*1,5<\/td>\n<td class=\"et4\" style=\"height: 53px;\" width=\"96\">60 kg<\/td>\n<\/tr>\n<tr style=\"height: 44px;\">\n<td class=\"et3\" style=\"height: 44px;\" width=\"246\" height=\"222\">Cilindro de eleva\u00e7\u00e3o<\/td>\n<td class=\"et4\" style=\"height: 44px;\">JCPT0607DCS-531000-00A<\/td>\n<td class=\"et4\" style=\"height: 44px;\">\u03a663<\/td>\n<td class=\"et4\" style=\"height: 44px;\">\u03a640<\/td>\n<td class=\"et4\" style=\"height: 44px;\">563<\/td>\n<td class=\"et4\" style=\"height: 44px;\">812<\/td>\n<td class=\"et4\" style=\"height: 44px;\">20 MPa<\/td>\n<td class=\"et4\" style=\"height: 44px;\">G1\/4;M18*1,5<\/td>\n<td class=\"et4\" style=\"height: 44px;\">17 kg<\/td>\n<\/tr>\n<\/tbody>\n<\/table>\n<h2>Marcas e modelos dispon\u00edveis de cilindros hidr\u00e1ulicos:<\/h2>\n<table border=\"1\" cellspacing=\"0\" cellpadding=\"0\">\n<tbody>\n<tr>\n<td><b data-spm-anchor-id=\"a2700.details.0.i43.45d84a73e99C9z\">KOMATSU (PC)<\/b><\/td>\n<td>PC30, PC40, PC50, PC56, PC60, PC78, PC100, PC110, PC120, PC130, PC160, PC200-3\/5\/6\/7\/8\/8MO, PC210, PC220-5\/6\/7\/8\/8MO, PC240, PC300\/350\/360-5\/6\/7\/8\/8MO, PC400\/450-5\/6\/7\/8\/8MO, PC800, PC850<\/td>\n<\/tr>\n<tr>\n<td><b>LAGARTA (E)<\/b><\/td>\n<td>E301.5,E302,E305.5,E306,E307V1\/V2\/B\/C\/D\/E\/F,E308B\/C,E120B,E312V1\/V2\/B\/C\/D,E313D2,E312D2,E315D,<br \/>\nE200B,E320V1\/V2\/A\/B\/C\/D,E324D,E325C\/D,E329D,E330\/336C\/D,E345C,E349D,E365C,E374,E390<\/td>\n<\/tr>\n<tr>\n<td><b>KOBELCO (SK)<\/b><\/td>\n<td>SK60-3\/5\/8, SK75-8\/SR, SK100 ,SK120-3\/5, SK135-8\/SR, SK140-8, SK200-3\/5\/6\/6E, SK210-3\/5\/6\/6E,<br \/>\nSK230\/250-6E,SK250-8,SK260-8,SK350-8\/S8,SK460\/480-8<\/td>\n<\/tr>\n<tr>\n<td><b>HYUNDAI (R)<\/b><\/td>\n<td>R55-5\/7, R60-5\/7, R80, R110, R130, R200-5, R210-5, R215-5\/7, R220-5\/7\/9, R225-5\/7\/9, R250, R260, R265, R290, R305, R445, R485, R505<\/td>\n<\/tr>\n<tr>\n<td><b data-spm-anchor-id=\"a2700.details.0.i53.45d84a73e99C9z\">HITACHI (EX.ZX)<\/b><\/td>\n<td>EX60,EX100-1\/2\/3,EX120-1\/3\/5\/6,EX200-1\/3\/5,EX230-5,EX300-1,EX400<br \/>\nZAX60,ZAX70,ZA120-6,ZAX200\/210-1\/3\/5\/5K,ZAX240,ZAX250,ZAX260,ZAX330-3\/5\/6,ZAX450\/470,ZAX650\/670,ZAX850\/870<\/td>\n<\/tr>\n<tr>\n<td>\n<div class=\"magic-32\"><b data-spm-anchor-id=\"a2700.details.0.i55.45d84a73e99C9z\">DOOSAN (DH\/DX)<\/b><\/div>\n<\/td>\n<td>\n<div class=\"magic-33\"><span class=\"magic-34\">DH55, DH60, DH80, DH150, DH215-5\/7, DH220-5, DH225-5\/7, DH258, DH300-5\/7, DH370, DH420, DH500<br \/>\nDX55, DX60, DX75, DX130, DX225-9, DX300, DX380, DX420, DX500<\/span><\/div>\n<\/td>\n<\/tr>\n<tr>\n<td>\n<div class=\"magic-32\"><b>VOLVO (CE)<\/b><\/div>\n<\/td>\n<td>\n<div class=\"magic-33\"><span class=\"magic-34\">EC55, EC60, EC75, EC80, EC140, EC210B\/D, EC220D, EC240, EC250, EC290, EC300, EC360 EC380, EC460, EC480, EC700, EC750, EC950<\/span><\/div>\n<\/td>\n<\/tr>\n<tr>\n<td>\n<div class=\"magic-32\"><b>KATO (HD)<\/b><\/div>\n<\/td>\n<td>\n<div class=\"magic-33\"><span class=\"magic-34\">HD307\/308,HD450,HD512,HD700-5\/7,HD820-1\/2\/3\/5\/R,HD1023-1\/3,HD1430-1\/3<\/span><\/div>\n<\/td>\n<\/tr>\n<tr>\n<td>\n<div class=\"magic-32\"><b>OUTRAS MARCAS<\/b><\/div>\n<\/td>\n<td>\n<div class=\"magic-33\"><span class=\"magic-34\">XCMG, LIUGONG, KUBOTA, CASO, YANMAR, SUNWARD, ZOOMLION, LISHIDE, LIEHERR<\/span><\/div>\n<\/td>\n<\/tr>\n<\/tbody>\n<\/table>\n<h3>Vantagens do cilindro hidr\u00e1ulico de eleva\u00e7\u00e3o de ve\u00edculos a\u00e9reos com garfo de tesoura<\/h3>\n<h4>1. Capacidade de eleva\u00e7\u00e3o aprimorada<\/h4>\n<p>O Cilindro Hidr\u00e1ulico para Eleva\u00e7\u00e3o de Ve\u00edculos A\u00e9reos com Garfo Tesoura foi projetado para fornecer pot\u00eancia de eleva\u00e7\u00e3o substancial, permitindo a eleva\u00e7\u00e3o segura de cargas pesadas. Essa capacidade permite que os operadores realizem com efici\u00eancia uma variedade de tarefas, da constru\u00e7\u00e3o \u00e0 manuten\u00e7\u00e3o, sem comprometer a seguran\u00e7a ou o desempenho.<\/p>\n<h4>2. Opera\u00e7\u00e3o suave e precisa<\/h4>\n<p>Equipado com um sistema hidr\u00e1ulico avan\u00e7ado, este cilindro de eleva\u00e7\u00e3o garante movimentos suaves e controlados. Os operadores podem ajustar facilmente a altura da plataforma com precis\u00e3o, facilitando o posicionamento preciso para diversas aplica\u00e7\u00f5es e melhorando a efici\u00eancia geral do fluxo de trabalho.<\/p>\n<h4>3. Durabilidade robusta<\/h4>\n<p>Constru\u00eddo com materiais de alta resist\u00eancia, o cilindro hidr\u00e1ulico de eleva\u00e7\u00e3o foi projetado para suportar ambientes exigentes e uso intenso. Essa durabilidade resulta em uma vida \u00fatil mais longa e na redu\u00e7\u00e3o da necessidade de manuten\u00e7\u00e3o, reduzindo, assim, os custos operacionais para as empresas.<\/p>\n<h4>4. Recursos de seguran\u00e7a<\/h4>\n<p>A seguran\u00e7a \u00e9 primordial ao trabalhar em altura, e este cilindro hidr\u00e1ulico inclui recursos projetados para evitar movimentos bruscos e aumentar a estabilidade. Esses mecanismos de seguran\u00e7a proporcionam tranquilidade aos operadores, permitindo que se concentrem em suas tarefas e reduzindo o risco de acidentes.<\/p>\n<h4>5. Versatilidade em diversas aplica\u00e7\u00f5es<\/h4>\n<p>O Cilindro Hidr\u00e1ulico para Eleva\u00e7\u00e3o de Ve\u00edculos de Trabalho A\u00e9reo com Garfo Tesoura \u00e9 vers\u00e1til e adequado para uma ampla gama de setores, incluindo constru\u00e7\u00e3o, manuten\u00e7\u00e3o e aplica\u00e7\u00f5es industriais. Sua adaptabilidade o torna uma ferramenta essencial para qualquer organiza\u00e7\u00e3o que dependa de plataformas de trabalho a\u00e9reo, garantindo o manuseio eficaz de diversas tarefas elevadas.<\/p>\n<table style=\"width: 100.251%; height: 397px;\" width=\"290\">\n<tbody>\n<tr style=\"height: 397px;\">\n<td style=\"width: 52.0342%; height: 397px;\" width=\"226\"><img loading=\"lazy\" decoding=\"async\" class=\"wp-image-399 aligncenter\" src=\"https:\/\/fmp-components.com\/wp-content\/uploads\/2024\/12\/Scissor-Fork-Aerial-Work-Vehicle-Lifting-Hydraulic-Cylinder-Applications-2.webp\" alt=\"\" width=\"399\" height=\"399\" title=\"\"><\/td>\n<td style=\"width: 47.3234%; height: 397px;\" width=\"64\"><img loading=\"lazy\" decoding=\"async\" class=\"alignnone wp-image-398\" src=\"https:\/\/fmp-components.com\/wp-content\/uploads\/2024\/12\/Scissor-Fork-Aerial-Work-Vehicle-Lifting-Hydraulic-Cylinder-Applications-1.webp\" alt=\"\" width=\"401\" height=\"401\" title=\"\"><\/td>\n<\/tr>\n<\/tbody>\n<\/table>\n<h2>Sobre a FMP<\/h2>\n<p>A FMP \u00e9 uma fabricante especializada em cilindros hidr\u00e1ulicos, reconhecida por sua forte \u00eanfase em pesquisa e excel\u00eancia em produ\u00e7\u00e3o. Desde a sua cria\u00e7\u00e3o, a empresa se dedica ao desenvolvimento cont\u00ednuo da tecnologia de cilindros hidr\u00e1ulicos. Inicialmente, a FMP produzia uma gama diversificada de produtos para m\u00e1quinas de colheita e constru\u00e7\u00e3o; entretanto, desde ent\u00e3o, concentrou seu foco especificamente em componentes para tratores agr\u00edcolas.<\/p>\n<p>Com mais de uma d\u00e9cada de experi\u00eancia em fabrica\u00e7\u00e3o, a FMP combina ampla experi\u00eancia em gest\u00e3o com tecnologias de produ\u00e7\u00e3o avan\u00e7adas para garantir os mais altos padr\u00f5es de qualidade em seus produtos. A empresa conta com uma linha de produ\u00e7\u00e3o de usinagem, linha de montagem e linha de revestimento abrangentes, o que lhe permite oferecer processos de fabrica\u00e7\u00e3o confi\u00e1veis e eficientes.<\/p>\n<p>O crescimento da FMP conta com o apoio de uma equipe dedicada, composta por gestores experientes, projetistas mec\u00e2nicos qualificados e t\u00e9cnicos altamente treinados. Essa abordagem colaborativa garante a consist\u00eancia da qualidade do produto e gerencia com efic\u00e1cia a continuidade do processo, aprimorando a efici\u00eancia geral da produ\u00e7\u00e3o.<\/p>\n<p>No cerne da filosofia da FMP est\u00e3o os valores de &quot;Inova\u00e7\u00e3o Tecnol\u00f3gica Impulsionando o Progresso&quot;, &quot;Qualidade Criando Marcas&quot;, &quot;Artesanato Garantindo a Qualidade&quot; e &quot;Construindo Relacionamentos Ganha-Ganha de Longo Prazo&quot;. A empresa est\u00e1 comprometida em fornecer produtos de alta qualidade e, ao mesmo tempo, oferecer um atendimento excepcional ao cliente. A FMP se esfor\u00e7a continuamente para se adaptar \u00e0s necessidades em constante evolu\u00e7\u00e3o do mercado, posicionando-se como uma parceira confi\u00e1vel no setor de m\u00e1quinas agr\u00edcolas. Por meio de sua dedica\u00e7\u00e3o \u00e0 inova\u00e7\u00e3o e \u00e0 qualidade, a FMP visa contribuir significativamente para o avan\u00e7o da tecnologia hidr\u00e1ulica no setor agr\u00edcola.<\/p>\n<p><img loading=\"lazy\" decoding=\"async\" class=\"alignnone wp-image-359\" src=\"https:\/\/fmp-components.com\/wp-content\/uploads\/2024\/12\/fmp-factory-3.webp\" sizes=\"(min-width: 0px) and (max-width: 480px) 480px, (min-width: 481px) 914px, 100vw\" srcset=\"https:\/\/fmp-components.com\/wp-content\/uploads\/2024\/12\/fmp-factory-3.webp 914w, https:\/\/fmp-components.com\/wp-content\/uploads\/2024\/12\/fmp-factory-3-480x321.webp 480w\" alt=\"f\u00e1brica de fmp\" width=\"914\" height=\"612\" title=\"\"><\/p>\n<p>Autor: CX<\/p>","protected":false},"excerpt":{"rendered":"<p>O Cilindro Hidr\u00e1ulico para Eleva\u00e7\u00e3o de Ve\u00edculos de Trabalho A\u00e9reo com Garfo Tesoura \u00e9 um componente crucial projetado para fornecer a pot\u00eancia de eleva\u00e7\u00e3o necess\u00e1ria para plataformas elevat\u00f3rias tipo tesoura. Projetado para efici\u00eancia e confiabilidade, este cilindro hidr\u00e1ulico permite a eleva\u00e7\u00e3o suave e controlada da plataforma, permitindo que os operadores acessem \u00e1reas de trabalho elevadas com seguran\u00e7a. Constru\u00eddo com materiais de alta resist\u00eancia, ele suporta cargas pesadas e condi\u00e7\u00f5es adversas, garantindo um desempenho duradouro. Seu sistema hidr\u00e1ulico avan\u00e7ado facilita opera\u00e7\u00f5es precisas de eleva\u00e7\u00e3o e abaixamento, tornando-o ideal para uma variedade de aplica\u00e7\u00f5es em constru\u00e7\u00e3o, manuten\u00e7\u00e3o e ind\u00fastria. Com este cilindro hidr\u00e1ulico de eleva\u00e7\u00e3o, os operadores podem aumentar a produtividade e, ao mesmo tempo, garantir a seguran\u00e7a em altura.<\/p>","protected":false},"featured_media":407,"comment_status":"open","ping_status":"closed","template":"","meta":{"_et_pb_use_builder":"","_et_pb_old_content":"","_et_gb_content_width":""},"product_brand":[],"product_cat":[22],"product_tag":[],"class_list":{"0":"post-397","1":"product","2":"type-product","3":"status-publish","4":"has-post-thumbnail","6":"product_cat-aerial-work-vehicle-hydraulic-cylinders","8":"first","9":"instock","10":"shipping-taxable","11":"product-type-simple"},"_links":{"self":[{"href":"https:\/\/fmp-components.com\/pt\/wp-json\/wp\/v2\/product\/397","targetHints":{"allow":["GET"]}}],"collection":[{"href":"https:\/\/fmp-components.com\/pt\/wp-json\/wp\/v2\/product"}],"about":[{"href":"https:\/\/fmp-components.com\/pt\/wp-json\/wp\/v2\/types\/product"}],"replies":[{"embeddable":true,"href":"https:\/\/fmp-components.com\/pt\/wp-json\/wp\/v2\/comments?post=397"}],"wp:featuredmedia":[{"embeddable":true,"href":"https:\/\/fmp-components.com\/pt\/wp-json\/wp\/v2\/media\/407"}],"wp:attachment":[{"href":"https:\/\/fmp-components.com\/pt\/wp-json\/wp\/v2\/media?parent=397"}],"wp:term":[{"taxonomy":"product_brand","embeddable":true,"href":"https:\/\/fmp-components.com\/pt\/wp-json\/wp\/v2\/product_brand?post=397"},{"taxonomy":"product_cat","embeddable":true,"href":"https:\/\/fmp-components.com\/pt\/wp-json\/wp\/v2\/product_cat?post=397"},{"taxonomy":"product_tag","embeddable":true,"href":"https:\/\/fmp-components.com\/pt\/wp-json\/wp\/v2\/product_tag?post=397"}],"curies":[{"name":"wp","href":"https:\/\/api.w.org\/{rel}","templated":true}]}}