{"id":3697,"date":"2025-01-09T07:44:24","date_gmt":"2025-01-09T07:44:24","guid":{"rendered":"https:\/\/fmp-components.com\/?page_id=8"},"modified":"2025-01-09T07:44:24","modified_gmt":"2025-01-09T07:44:24","slug":"wheel-drive-planetary-gearbox-reducer-for-cranes","status":"publish","type":"product","link":"https:\/\/fmp-components.com\/pt\/product\/wheel-drive-planetary-gearbox-reducer-for-cranes\/","title":{"rendered":"Redutor de caixa de engrenagens planet\u00e1rias com tra\u00e7\u00e3o nas rodas para guindastes"},"content":{"rendered":"<p style=\"text-align: center;\"><span style=\"font-size: 18pt;\">Redutor de caixa de engrenagens planet\u00e1rias com tra\u00e7\u00e3o nas rodas para guindastes<\/span><\/p>\n<p>O redutor planet\u00e1rio com acionamento por rodas para guindastes \u00e9 um componente essencial para proporcionar mobilidade e estabilidade aos guindastes. Ele \u00e9 respons\u00e1vel por transmitir a pot\u00eancia do motor do guindaste para as rodas, garantindo um movimento suave e controlado. Dependendo da configura\u00e7\u00e3o das rodas do guindaste, m\u00faltiplas caixas de engrenagens planet\u00e1rias podem ser usadas para acionar cada roda, permitindo que o guindaste manobre com efici\u00eancia em diversos ambientes de trabalho.<\/p>\n<p><img loading=\"lazy\" decoding=\"async\" class=\"wp-image-3698 aligncenter\" src=\"https:\/\/fmp-components.com\/wp-content\/uploads\/2025\/01\/0_wheel-drive-application-2-11.webp\" alt=\"aplica\u00e7\u00e3o de tra\u00e7\u00e3o nas rodas\" width=\"537\" height=\"453\" title=\"\" srcset=\"https:\/\/fmp-components.com\/wp-content\/uploads\/2025\/01\/0_wheel-drive-application-2-11.webp 344w, https:\/\/fmp-components.com\/wp-content\/uploads\/2025\/01\/0_wheel-drive-application-2-11-300x253.webp 300w, https:\/\/fmp-components.com\/wp-content\/uploads\/2025\/01\/0_wheel-drive-application-2-11-14x12.webp 14w\" sizes=\"(max-width: 537px) 100vw, 537px\" \/><\/p>\n<p><strong>Requisitos de desempenho para tra\u00e7\u00e3o nas rodas em guindastes<\/strong><\/p>\n<ul>\n<li><strong>Alta capacidade de torque:<\/strong> A caixa de engrenagens deve ser capaz de lidar com as cargas pesadas do guindaste, garantindo transmiss\u00e3o confi\u00e1vel de pot\u00eancia para as rodas em condi\u00e7\u00f5es exigentes.<\/li>\n<li><strong>Opera\u00e7\u00e3o de baixo ru\u00eddo:<\/strong> Para minimizar a polui\u00e7\u00e3o sonora nos locais de trabalho, a caixa de engrenagens foi projetada para opera\u00e7\u00e3o silenciosa, mantendo um ambiente de trabalho tranquilo.<\/li>\n<li><strong>Alta efici\u00eancia:<\/strong> A caixa de engrenagens deve proporcionar transfer\u00eancia de pot\u00eancia eficiente, reduzindo a perda de energia e otimizando o desempenho do guindaste para m\u00e1xima produtividade.<\/li>\n<li><strong>Durabilidade:<\/strong> Projetada para suportar ambientes de trabalho dif\u00edceis, a caixa de engrenagens deve suportar condi\u00e7\u00f5es adversas, incluindo condi\u00e7\u00f5es clim\u00e1ticas extremas e uso pesado, garantindo uma longa vida \u00fatil.<\/li>\n<li><strong>Estabilidade:<\/strong> A caixa de engrenagens desempenha um papel crucial para garantir que o guindaste opere em uma plataforma est\u00e1vel, mantendo o equil\u00edbrio e o controle durante o levantamento e a movimenta\u00e7\u00e3o de cargas pesadas.<\/li>\n<\/ul>\n<h2>Como funciona a tra\u00e7\u00e3o nas rodas com guindastes<\/h2>\n<p>A tra\u00e7\u00e3o em guindastes refere-se ao mecanismo que impulsiona as rodas do guindaste, permitindo que ele se mova ao longo de um trilho ou sobre uma superf\u00edcie. Esse sistema normalmente utiliza motores el\u00e9tricos ou hidr\u00e1ulicos conectados \u00e0s rodas, que geram o torque necess\u00e1rio para mover o guindaste. O tipo de tra\u00e7\u00e3o utilizado (hidr\u00e1ulico ou el\u00e9trico) depende do projeto do guindaste e dos requisitos de aplica\u00e7\u00e3o.<\/p>\n<p>Em sistemas de tra\u00e7\u00e3o el\u00e9trica, motores el\u00e9tricos fornecem energia \u00e0s rodas por meio de uma s\u00e9rie de redu\u00e7\u00f5es de marcha ou acionamentos diretos. Os motores geralmente s\u00e3o alimentados pela fonte de alimenta\u00e7\u00e3o principal do guindaste ou por uma fonte externa. Esses motores podem ser controlados por sistemas sofisticados para ajustar a velocidade, a dire\u00e7\u00e3o e a acelera\u00e7\u00e3o do guindaste, proporcionando precis\u00e3o e efici\u00eancia.<\/p>\n<p>Os sistemas de acionamento hidr\u00e1ulico das rodas, por outro lado, utilizam motores hidr\u00e1ulicos para acionar as rodas. Esses motores s\u00e3o acionados por bombas hidr\u00e1ulicas, normalmente acionadas por um motor a diesel ou el\u00e9trico. O acionamento hidr\u00e1ulico oferece alto torque e \u00e9 frequentemente preferido em guindastes que precisam movimentar cargas pesadas ou operar em ambientes desafiadores, onde alta pot\u00eancia e desempenho robusto s\u00e3o exigidos.<\/p>\n<p><img loading=\"lazy\" decoding=\"async\" class=\"wp-image-3699 aligncenter\" src=\"https:\/\/fmp-components.com\/wp-content\/uploads\/2025\/01\/0_Reggiana-Riduttori-71.webp\" alt=\"Reggiana-Riduttori\" width=\"726\" height=\"620\" title=\"\" srcset=\"https:\/\/fmp-components.com\/wp-content\/uploads\/2025\/01\/0_Reggiana-Riduttori-71.webp 726w, https:\/\/fmp-components.com\/wp-content\/uploads\/2025\/01\/0_Reggiana-Riduttori-71-480x410.webp 480w\" sizes=\"(min-width: 0px) and (max-width: 480px) 480px, (min-width: 481px) 726px, 100vw\" \/><\/p>\n<h2>Marcas populares e compatibilidade<\/h2>\n<p><span style=\"color: #ff0000;\"><em><strong>Observa\u00e7\u00e3o: as marcas mencionadas no artigo s\u00e3o apenas para nossa conveni\u00eancia, para que os clientes escolham e substituam os acess\u00f3rios da marca de m\u00e1quinas agr\u00edcolas correspondente, e n\u00e3o estamos vendendo os produtos dessa marca.<\/strong><\/em><\/span><\/p>\n<table style=\"width: 96.3288%; height: 140px;\">\n<tbody>\n<tr>\n<th>Marca<\/th>\n<th>Modelo<\/th>\n<th>Compatibilidade<\/th>\n<\/tr>\n<tr>\n<td>Zoomlion<\/td>\n<td>QUY260<\/td>\n<td>Compat\u00edvel<\/td>\n<\/tr>\n<tr>\n<td>XCMG<\/td>\n<td>QY50K<\/td>\n<td>Compat\u00edvel<\/td>\n<\/tr>\n<tr>\n<td>Sany<\/td>\n<td>STC250<\/td>\n<td>Compat\u00edvel<\/td>\n<\/tr>\n<tr>\n<td>Terex<\/td>\n<td>RT555-1<\/td>\n<td>Compat\u00edvel<\/td>\n<\/tr>\n<\/tbody>\n<\/table>\n<h2>Sobre a FMP<\/h2>\n<p>A FMP \u00e9 uma fabricante l\u00edder especializada na produ\u00e7\u00e3o de uma ampla variedade de produtos de transmiss\u00e3o mec\u00e2nica e hidr\u00e1ulica. Nossa linha de produtos inclui redutores planet\u00e1rios, redutores de rosca sem-fim, redutores de engrenagens helicoidais em linha, redutores de engrenagens helicoidais de eixo paralelo, redutores de engrenagens c\u00f4nicas helicoidais, redutores de engrenagens helicoidais sem-fim, redutores agr\u00edcolas, redutores de tratores, redutores de autom\u00f3veis, eixos de sa\u00edda de pot\u00eancia e redutores especializados. Al\u00e9m disso, oferecemos uma sele\u00e7\u00e3o abrangente de componentes complementares, como rodas dentadas, sistemas hidr\u00e1ulicos, bombas de v\u00e1cuo, acoplamentos hidr\u00e1ulicos, cremalheiras, correntes, polias sincronizadoras, transmiss\u00f5es UDL, polias para correias em V, cilindros hidr\u00e1ulicos, bombas de engrenagens, compressores de ar de parafuso e redutores de rosca sem-fim de baixa folga, entre outros.<\/p>\n<p><strong>Solu\u00e7\u00f5es personalizadas para cada necessidade<\/strong><\/p>\n<p>Na FMP, entendemos que cada aplica\u00e7\u00e3o \u00e9 \u00fanica. \u00c9 por isso que oferecemos solu\u00e7\u00f5es totalmente personaliz\u00e1veis, incluindo transmiss\u00f5es sob medida, motoredutores, sistemas hidr\u00e1ulicos e motores projetados para atender \u00e0s necessidades espec\u00edficas de nossos clientes. Nossas capacidades flex\u00edveis de fabrica\u00e7\u00e3o nos permitem criar produtos projetados com precis\u00e3o, sob medida para garantir a m\u00e1xima efici\u00eancia e o desempenho ideal para qualquer aplica\u00e7\u00e3o.<\/p>\n<p><strong>Compromisso com a Qualidade e Inova\u00e7\u00e3o<\/strong><\/p>\n<p>Estamos profundamente comprometidos em manter os mais altos padr\u00f5es de qualidade e confiabilidade em todos os produtos que produzimos. Nossos avan\u00e7ados equipamentos de teste e inspe\u00e7\u00e3o, juntamente com uma equipe t\u00e9cnica altamente qualificada, garantem que cada produto atenda aos rigorosos padr\u00f5es da ind\u00fastria. Seja fornecendo solu\u00e7\u00f5es padr\u00e3o ou criando produtos personalizados, a FMP se dedica a entregar resultados de alta qualidade com desempenho excepcional, mesmo nos ambientes mais exigentes.<\/p>\n<p>Nos \u00faltimos anos, a FMP tem apresentado r\u00e1pido crescimento, impulsionado por nossa vasta experi\u00eancia em produ\u00e7\u00e3o, sistemas de gest\u00e3o robustos e s\u00f3lida expertise t\u00e9cnica. Nossa filosofia de \"qualidade para a sobreviv\u00eancia e inova\u00e7\u00e3o para o desenvolvimento\" tem sido a base do nosso sucesso, impulsionando a melhoria e o crescimento cont\u00ednuos.<\/p>\n<p><strong>Parceria para o Sucesso<\/strong><\/p>\n<p>Na FMP, priorizamos a colabora\u00e7\u00e3o e parcerias de longo prazo com nossos clientes. Trabalhamos em estreita colabora\u00e7\u00e3o com eles para oferecer solu\u00e7\u00f5es inovadoras e confi\u00e1veis \u200b\u200bque superem as expectativas. Nosso objetivo n\u00e3o \u00e9 apenas atender \u00e0s necessidades dos nossos clientes, mas tamb\u00e9m construir relacionamentos duradouros baseados em confian\u00e7a, qualidade e sucesso m\u00fatuo.<\/p>\n<p>Com foco em engenharia de precis\u00e3o, confiabilidade e servi\u00e7os personalizados, a FMP \u00e9 a parceira de confian\u00e7a para todas as suas necessidades de transmiss\u00e3o mec\u00e2nica e hidr\u00e1ulica. Aguardamos ansiosamente a sua colabora\u00e7\u00e3o para impulsionar o sucesso e alcan\u00e7ar a excel\u00eancia juntos.<\/p>\n<p><img loading=\"lazy\" decoding=\"async\" class=\"alignnone size-full wp-image-3678\" src=\"https:\/\/fmp-components.com\/wp-content\/uploads\/2025\/01\/worm-gearbox-factory1.webp\" alt=\"f\u00e1brica de caixas de engrenagens sem-fim\" width=\"1024\" height=\"888\" title=\"\" srcset=\"https:\/\/fmp-components.com\/wp-content\/uploads\/2025\/01\/worm-gearbox-factory1.webp 1024w, https:\/\/fmp-components.com\/wp-content\/uploads\/2025\/01\/worm-gearbox-factory1-980x850.webp 980w, https:\/\/fmp-components.com\/wp-content\/uploads\/2025\/01\/worm-gearbox-factory1-480x416.webp 480w\" sizes=\"(min-width: 0px) and (max-width: 480px) 480px, (min-width: 481px) and (max-width: 980px) 980px, (min-width: 981px) 1024px, 100vw\" \/><\/p>\n<p>Autor: CX<\/p>","protected":false},"excerpt":{"rendered":"<p>Wheel Drive Planetary Gearbox Reducer for Cranes The wheel drive planetary gearbox reducer for cranes is a key component in providing mobility and stability to cranes. It is responsible for transmitting power from the crane\u2019s engine to the wheels, ensuring smooth and controlled movement. Depending on the crane&#8217;s wheel configuration, multiple planetary gearboxes may be [&hellip;]<\/p>","protected":false},"featured_media":3700,"comment_status":"open","ping_status":"closed","template":"","meta":{"_et_pb_use_builder":"","_et_pb_old_content":"","_et_gb_content_width":""},"product_brand":[],"product_cat":[90],"product_tag":[],"class_list":{"0":"post-3697","1":"product","2":"type-product","3":"status-publish","4":"has-post-thumbnail","6":"product_cat-planetary-gearbox","8":"first","9":"instock","10":"shipping-taxable","11":"product-type-simple"},"_links":{"self":[{"href":"https:\/\/fmp-components.com\/pt\/wp-json\/wp\/v2\/product\/3697","targetHints":{"allow":["GET"]}}],"collection":[{"href":"https:\/\/fmp-components.com\/pt\/wp-json\/wp\/v2\/product"}],"about":[{"href":"https:\/\/fmp-components.com\/pt\/wp-json\/wp\/v2\/types\/product"}],"replies":[{"embeddable":true,"href":"https:\/\/fmp-components.com\/pt\/wp-json\/wp\/v2\/comments?post=3697"}],"wp:featuredmedia":[{"embeddable":true,"href":"https:\/\/fmp-components.com\/pt\/wp-json\/wp\/v2\/media\/3700"}],"wp:attachment":[{"href":"https:\/\/fmp-components.com\/pt\/wp-json\/wp\/v2\/media?parent=3697"}],"wp:term":[{"taxonomy":"product_brand","embeddable":true,"href":"https:\/\/fmp-components.com\/pt\/wp-json\/wp\/v2\/product_brand?post=3697"},{"taxonomy":"product_cat","embeddable":true,"href":"https:\/\/fmp-components.com\/pt\/wp-json\/wp\/v2\/product_cat?post=3697"},{"taxonomy":"product_tag","embeddable":true,"href":"https:\/\/fmp-components.com\/pt\/wp-json\/wp\/v2\/product_tag?post=3697"}],"curies":[{"name":"wp","href":"https:\/\/api.w.org\/{rel}","templated":true}]}}