{"id":3679,"date":"2025-01-09T06:12:10","date_gmt":"2025-01-09T06:12:10","guid":{"rendered":"https:\/\/fmp-components.com\/?page_id=8"},"modified":"2025-01-09T06:22:24","modified_gmt":"2025-01-09T06:22:24","slug":"wheel-drive-planetary-gearbox-reducer-for-rough-terrain-scissor-lift3679","status":"publish","type":"product","link":"https:\/\/fmp-components.com\/pt\/product\/wheel-drive-planetary-gearbox-reducer-for-rough-terrain-scissor-lift3679\/","title":{"rendered":"Redutor de caixa de engrenagens planet\u00e1rias com tra\u00e7\u00e3o nas rodas para elevador de tesoura em terrenos acidentados"},"content":{"rendered":"<h2>Localiza\u00e7\u00e3o da tra\u00e7\u00e3o nas rodas em uma plataforma elevat\u00f3ria tesoura para terrenos acidentados<\/h2>\n<p>O sistema de tra\u00e7\u00e3o das rodas em uma plataforma elevat\u00f3ria tesoura para terrenos acidentados geralmente est\u00e1 localizado na parte inferior do chassi da plataforma, integrado \u00e0s rodas motrizes. Esses sistemas s\u00e3o essenciais para acionar as rodas que permitem que a plataforma se desloque em superf\u00edcies irregulares e acidentadas, comuns em canteiros de obras ou terrenos externos. O sistema de tra\u00e7\u00e3o das rodas \u00e9 posicionado para garantir a distribui\u00e7\u00e3o ideal de pot\u00eancia \u00e0s rodas, fornecendo o torque necess\u00e1rio para movimento e tra\u00e7\u00e3o confi\u00e1veis.<\/p>\n<p>Na maioria dos projetos, a tra\u00e7\u00e3o nas rodas \u00e9 conectada a elas por meio de um conjunto de eixos, caixas de engrenagens e sistemas hidr\u00e1ulicos. Geralmente, ela \u00e9 montada diretamente no cubo da roda ou dentro do conjunto da roda, onde funciona em conjunto com outros componentes mec\u00e2nicos e hidr\u00e1ulicos. Esse posicionamento estrat\u00e9gico garante que o sistema de tra\u00e7\u00e3o opere com efici\u00eancia, mesmo quando o elevador est\u00e1 totalmente estendido ou posicionado em uma inclina\u00e7\u00e3o.<\/p>\n<p>Para plataformas elevat\u00f3rias tesoura para terrenos acidentados, a tra\u00e7\u00e3o nas rodas desempenha um papel fundamental, permitindo a mobilidade em superf\u00edcies desafiadoras como cascalho, terra e declives. Seu design \u00e9 otimizado para fornecer alto torque e estabilidade, garantindo que a plataforma possa manobrar com seguran\u00e7a e efici\u00eancia, mantendo o equil\u00edbrio e a pot\u00eancia em condi\u00e7\u00f5es exigentes.<\/p>\n<p><img loading=\"lazy\" decoding=\"async\" class=\"alignnone wp-image-3684\" src=\"https:\/\/fmp-components.com\/wp-content\/uploads\/2025\/01\/0_wheel-drive-for-Scissor-Lift-21.webp\" alt=\"tra\u00e7\u00e3o nas rodas para plataforma elevat\u00f3ria tipo tesoura\" width=\"921\" height=\"532\" title=\"\" srcset=\"https:\/\/fmp-components.com\/wp-content\/uploads\/2025\/01\/0_wheel-drive-for-Scissor-Lift-21.webp 921w, https:\/\/fmp-components.com\/wp-content\/uploads\/2025\/01\/0_wheel-drive-for-Scissor-Lift-21-480x277.webp 480w\" sizes=\"(min-width: 0px) and (max-width: 480px) 480px, (min-width: 481px) 921px, 100vw\" \/><\/p>\n<h2>O papel da tra\u00e7\u00e3o nas rodas em uma plataforma elevat\u00f3ria tesoura para terrenos acidentados<\/h2>\n<p>O sistema de tra\u00e7\u00e3o nas rodas desempenha um papel fundamental para permitir que a plataforma elevat\u00f3ria tesoura para terrenos acidentados se desloque de forma eficiente e segura em superf\u00edcies irregulares e acidentadas. Ele \u00e9 respons\u00e1vel por transferir a pot\u00eancia do motor ou sistema hidr\u00e1ulico para as rodas, fornecendo o torque necess\u00e1rio para o movimento. Isso garante que a plataforma elevat\u00f3ria possa superar obst\u00e1culos, inclina\u00e7\u00f5es e terrenos acidentados comuns em canteiros de obras ou ambientes de trabalho externos.<\/p>\n<p>Ao acionar as rodas, o sistema de tra\u00e7\u00e3o permite um controle preciso do movimento da plataforma elevat\u00f3ria, incluindo fun\u00e7\u00f5es de avan\u00e7o, r\u00e9 e dire\u00e7\u00e3o. Isso possibilita que os operadores manobrem a plataforma com precis\u00e3o, mesmo quando ela est\u00e1 totalmente estendida ou posicionada em uma superf\u00edcie irregular. Contribui para a estabilidade geral da m\u00e1quina, ajudando a distribuir o peso uniformemente e a manter a tra\u00e7\u00e3o, evitando derrapagens e instabilidade.<\/p>\n<p>Al\u00e9m da mobilidade, o sistema de tra\u00e7\u00e3o nas rodas tamb\u00e9m desempenha um papel importante na melhoria do desempenho do elevador em termos de velocidade e pot\u00eancia. Ele garante que o elevador possa lidar com cargas pesadas, mantendo a efici\u00eancia, tornando-se um componente vital para aplica\u00e7\u00f5es que exigem tanto eleva\u00e7\u00e3o vertical quanto mobilidade horizontal em terrenos desafiadores.<\/p>\n<p><img loading=\"lazy\" decoding=\"async\" class=\"wp-image-3685 aligncenter\" src=\"https:\/\/fmp-components.com\/wp-content\/uploads\/2025\/01\/0_Snorkel-S9070RT-HC_2.webp\" alt=\"\" width=\"579\" height=\"603\" title=\"\" srcset=\"https:\/\/fmp-components.com\/wp-content\/uploads\/2025\/01\/0_Snorkel-S9070RT-HC_2.webp 579w, https:\/\/fmp-components.com\/wp-content\/uploads\/2025\/01\/0_Snorkel-S9070RT-HC_2-480x500.webp 480w\" sizes=\"(min-width: 0px) and (max-width: 480px) 480px, (min-width: 481px) 579px, 100vw\" \/><\/p>\n<h2>Compatibilidade com modelos populares de plataformas elevat\u00f3rias<\/h2>\n<p>Nosso redutor de acionamento por roda \u00e9 compat\u00edvel com uma ampla gama de modelos de plataformas elevat\u00f3rias, incluindo:<\/p>\n<ol data-spm-anchor-id=\"5176.28103460.0.i129.297c3f99PFUZxp\">\n<li>JLG Industries: S\u00e9rie JLG RT (RT340, RT40, RT60, RT90, RT100, RT110)<\/li>\n<li>Genie: S\u00e9rie GS-RT (Genie GS-4069 RT, GS-5390 RT)<\/li>\n<li>Skyjack: S\u00e9rie SJ-R (SJ63 AJ terreno acidentado, SJ8841 RTE)<\/li>\n<li>Haulotte: Plataformas elevat\u00f3rias tesoura para terrenos acidentados HAULOTTE (HA20PX, HT23 RTJ PRO, HT40 RTJ PRO)<\/li>\n<li>Snorkel: S\u00e9rie SR (SR5719, SR626E, SR9244)<\/li>\n<li>Aichi: S\u00e9rie SC (SC50, SC60, SC80)<\/li>\n<li>Plataformas de Trabalho A\u00e9reo MEC: S\u00e9rie R (RS26J, RS40, RS52)<\/li>\n<\/ol>\n<p>Se voc\u00ea utiliza algum desses modelos, nosso redutor de tra\u00e7\u00e3o nas rodas ser\u00e1 a solu\u00e7\u00e3o perfeita para sua m\u00e1quina.<br \/>\n<span style=\"color: #ff0000;\"><em><strong>Observa\u00e7\u00e3o: as marcas mencionadas no artigo s\u00e3o apenas para nossa conveni\u00eancia, para que os clientes escolham e substituam os acess\u00f3rios da marca de m\u00e1quinas agr\u00edcolas correspondente, e n\u00e3o estamos vendendo os produtos dessa marca.<\/strong><\/em><\/span><\/p>\n<h2>Sobre a FMP<\/h2>\n<p>A FMP \u00e9 uma fabricante l\u00edder especializada na produ\u00e7\u00e3o de uma ampla variedade de produtos de transmiss\u00e3o mec\u00e2nica e hidr\u00e1ulica. Nossa linha de produtos inclui redutores planet\u00e1rios, redutores de rosca sem-fim, redutores de engrenagens helicoidais em linha, redutores de engrenagens helicoidais de eixo paralelo, redutores de engrenagens c\u00f4nicas helicoidais, redutores de engrenagens helicoidais sem-fim, redutores agr\u00edcolas, redutores de tratores, redutores de autom\u00f3veis, eixos de sa\u00edda de pot\u00eancia e redutores especializados. Al\u00e9m disso, oferecemos uma sele\u00e7\u00e3o abrangente de componentes complementares, como rodas dentadas, sistemas hidr\u00e1ulicos, bombas de v\u00e1cuo, acoplamentos hidr\u00e1ulicos, cremalheiras, correntes, polias sincronizadoras, transmiss\u00f5es UDL, polias para correias em V, cilindros hidr\u00e1ulicos, bombas de engrenagens, compressores de ar de parafuso e redutores de rosca sem-fim de baixa folga, entre outros.<\/p>\n<p><strong>Solu\u00e7\u00f5es personalizadas para cada necessidade<\/strong><\/p>\n<p>Na FMP, entendemos que cada aplica\u00e7\u00e3o \u00e9 \u00fanica. \u00c9 por isso que oferecemos solu\u00e7\u00f5es totalmente personaliz\u00e1veis, incluindo transmiss\u00f5es sob medida, motoredutores, sistemas hidr\u00e1ulicos e motores projetados para atender \u00e0s necessidades espec\u00edficas de nossos clientes. Nossas capacidades flex\u00edveis de fabrica\u00e7\u00e3o nos permitem criar produtos projetados com precis\u00e3o, sob medida para garantir a m\u00e1xima efici\u00eancia e o desempenho ideal para qualquer aplica\u00e7\u00e3o.<\/p>\n<p><strong>Compromisso com a Qualidade e Inova\u00e7\u00e3o<\/strong><\/p>\n<p>Estamos profundamente comprometidos em manter os mais altos padr\u00f5es de qualidade e confiabilidade em todos os produtos que produzimos. Nossos avan\u00e7ados equipamentos de teste e inspe\u00e7\u00e3o, juntamente com uma equipe t\u00e9cnica altamente qualificada, garantem que cada produto atenda aos rigorosos padr\u00f5es da ind\u00fastria. Seja fornecendo solu\u00e7\u00f5es padr\u00e3o ou criando produtos personalizados, a FMP se dedica a entregar resultados de alta qualidade com desempenho excepcional, mesmo nos ambientes mais exigentes.<\/p>\n<p>Nos \u00faltimos anos, a FMP tem apresentado r\u00e1pido crescimento, impulsionado por nossa vasta experi\u00eancia em produ\u00e7\u00e3o, sistemas de gest\u00e3o robustos e s\u00f3lida expertise t\u00e9cnica. Nossa filosofia de \"qualidade para a sobreviv\u00eancia e inova\u00e7\u00e3o para o desenvolvimento\" tem sido a base do nosso sucesso, impulsionando a melhoria e o crescimento cont\u00ednuos.<\/p>\n<p><strong>Parceria para o Sucesso<\/strong><\/p>\n<p>Na FMP, priorizamos a colabora\u00e7\u00e3o e parcerias de longo prazo com nossos clientes. Trabalhamos em estreita colabora\u00e7\u00e3o com eles para oferecer solu\u00e7\u00f5es inovadoras e confi\u00e1veis \u200b\u200bque superem as expectativas. Nosso objetivo n\u00e3o \u00e9 apenas atender \u00e0s necessidades dos nossos clientes, mas tamb\u00e9m construir relacionamentos duradouros baseados em confian\u00e7a, qualidade e sucesso m\u00fatuo.<\/p>\n<p>Com foco em engenharia de precis\u00e3o, confiabilidade e servi\u00e7os personalizados, a FMP \u00e9 a parceira de confian\u00e7a para todas as suas necessidades de transmiss\u00e3o mec\u00e2nica e hidr\u00e1ulica. Aguardamos ansiosamente a sua colabora\u00e7\u00e3o para impulsionar o sucesso e alcan\u00e7ar a excel\u00eancia juntos.<\/p>\n<p><img loading=\"lazy\" decoding=\"async\" class=\"alignnone size-full wp-image-3678\" src=\"https:\/\/fmp-components.com\/wp-content\/uploads\/2025\/01\/worm-gearbox-factory1.webp\" alt=\"f\u00e1brica de caixas de engrenagens sem-fim\" width=\"1024\" height=\"888\" title=\"\" srcset=\"https:\/\/fmp-components.com\/wp-content\/uploads\/2025\/01\/worm-gearbox-factory1.webp 1024w, https:\/\/fmp-components.com\/wp-content\/uploads\/2025\/01\/worm-gearbox-factory1-980x850.webp 980w, https:\/\/fmp-components.com\/wp-content\/uploads\/2025\/01\/worm-gearbox-factory1-480x416.webp 480w\" sizes=\"(min-width: 0px) and (max-width: 480px) 480px, (min-width: 481px) and (max-width: 980px) 980px, (min-width: 981px) 1024px, 100vw\" \/><\/p>\n<p>Autor: CX<\/p>","protected":false},"excerpt":{"rendered":"<p>Location of the Wheel Drive on a Rough Terrain Scissor Lift The wheel drive on a rough terrain scissor lift is typically located at the lower portion of the lift&#8217;s chassis, integrated into the drive wheels. These drives are essential for powering the wheels that allow the lift to move across uneven, rugged surfaces often [&hellip;]<\/p>","protected":false},"featured_media":3682,"comment_status":"open","ping_status":"closed","template":"","meta":{"_et_pb_use_builder":"","_et_pb_old_content":"","_et_gb_content_width":""},"product_brand":[],"product_cat":[90],"product_tag":[],"class_list":{"0":"post-3679","1":"product","2":"type-product","3":"status-publish","4":"has-post-thumbnail","6":"product_cat-planetary-gearbox","8":"first","9":"instock","10":"shipping-taxable","11":"product-type-simple"},"_links":{"self":[{"href":"https:\/\/fmp-components.com\/pt\/wp-json\/wp\/v2\/product\/3679","targetHints":{"allow":["GET"]}}],"collection":[{"href":"https:\/\/fmp-components.com\/pt\/wp-json\/wp\/v2\/product"}],"about":[{"href":"https:\/\/fmp-components.com\/pt\/wp-json\/wp\/v2\/types\/product"}],"replies":[{"embeddable":true,"href":"https:\/\/fmp-components.com\/pt\/wp-json\/wp\/v2\/comments?post=3679"}],"wp:featuredmedia":[{"embeddable":true,"href":"https:\/\/fmp-components.com\/pt\/wp-json\/wp\/v2\/media\/3682"}],"wp:attachment":[{"href":"https:\/\/fmp-components.com\/pt\/wp-json\/wp\/v2\/media?parent=3679"}],"wp:term":[{"taxonomy":"product_brand","embeddable":true,"href":"https:\/\/fmp-components.com\/pt\/wp-json\/wp\/v2\/product_brand?post=3679"},{"taxonomy":"product_cat","embeddable":true,"href":"https:\/\/fmp-components.com\/pt\/wp-json\/wp\/v2\/product_cat?post=3679"},{"taxonomy":"product_tag","embeddable":true,"href":"https:\/\/fmp-components.com\/pt\/wp-json\/wp\/v2\/product_tag?post=3679"}],"curies":[{"name":"wp","href":"https:\/\/api.w.org\/{rel}","templated":true}]}}