{"id":3674,"date":"2025-01-09T05:49:40","date_gmt":"2025-01-09T05:49:40","guid":{"rendered":"https:\/\/fmp-components.com\/?page_id=8"},"modified":"2025-01-09T06:11:10","modified_gmt":"2025-01-09T06:11:10","slug":"wheel-drive-planetary-gearbox-reducer-for-access-plateform","status":"publish","type":"product","link":"https:\/\/fmp-components.com\/pt\/product\/wheel-drive-planetary-gearbox-reducer-for-access-plateform\/","title":{"rendered":"Redutor de caixa de engrenagens planet\u00e1rias com tra\u00e7\u00e3o nas rodas para plataforma de acesso"},"content":{"rendered":"<p style=\"text-align: center;\"><span style=\"font-size: 18pt;\">Redutor de caixa de engrenagens planet\u00e1rias com tra\u00e7\u00e3o nas rodas para plataforma de acesso<\/span><\/p>\n<p>O Redutor Planet\u00e1rio com Tra\u00e7\u00e3o nas Rodas para Plataformas de Acesso \u00e9 um sistema de redu\u00e7\u00e3o de engrenagens de alto desempenho projetado especificamente para uso em plataformas de trabalho a\u00e9reo (AWP), plataformas elevat\u00f3rias tipo tesoura, plataformas elevat\u00f3rias de lan\u00e7a e outras plataformas de acesso. Projetada para oferecer confiabilidade, efici\u00eancia e durabilidade, esta caixa de engrenagens \u00e9 um componente essencial para garantir um movimento suave e controlado da plataforma.<\/p>\n<p><strong>Principais caracter\u00edsticas:<\/strong><\/p>\n<ol>\n<li><strong>Sa\u00edda de alto torque<\/strong><br \/>\nProjetada para fornecer alto torque de sa\u00edda, a caixa de engrenagens planet\u00e1rias garante transmiss\u00e3o de pot\u00eancia eficiente para as rodas da plataforma de acesso, permitindo movimento suave e confi\u00e1vel mesmo sob cargas pesadas.<\/li>\n<li><strong>Design compacto e robusto<\/strong><br \/>\nCom um design compacto e compacto, a caixa de engrenagens foi projetada para caber no espa\u00e7o confinado das plataformas de acesso, mantendo resist\u00eancia e durabilidade. Sua constru\u00e7\u00e3o robusta garante desempenho duradouro em ambientes exigentes.<\/li>\n<li><strong>Mecanismo de engrenagem planet\u00e1ria<\/strong><br \/>\nO uso de um sistema de engrenagens planet\u00e1rias proporciona excelente distribui\u00e7\u00e3o de carga, desgaste reduzido e maior efici\u00eancia. Este projeto tamb\u00e9m melhora a rela\u00e7\u00e3o torque-peso, contribuindo para a efici\u00eancia geral da plataforma.<\/li>\n<li><strong>Durabilidade aprimorada<\/strong><br \/>\nFabricada com materiais de alta qualidade, a caixa de engrenagens foi projetada para suportar condi\u00e7\u00f5es adversas, incluindo opera\u00e7\u00e3o frequente, ciclos de trabalho intensos e fatores ambientais desafiadores. Ela oferece durabilidade a longo prazo e requisitos de manuten\u00e7\u00e3o reduzidos.<\/li>\n<li><strong>Opera\u00e7\u00e3o suave e silenciosa<\/strong><br \/>\nA engenharia de precis\u00e3o das engrenagens planet\u00e1rias garante uma opera\u00e7\u00e3o suave e silenciosa, reduzindo os n\u00edveis de ru\u00eddo durante a opera\u00e7\u00e3o e proporcionando uma experi\u00eancia mais confort\u00e1vel para os usu\u00e1rios.<\/li>\n<\/ol>\n<p><img loading=\"lazy\" decoding=\"async\" class=\"alignnone size-full wp-image-3676\" src=\"https:\/\/fmp-components.com\/wp-content\/uploads\/2025\/01\/0_wheel-drive-for-Access-Plateform-21.webp\" alt=\"0_tra\u00e7\u00e3o-de-roda-para-Plataforma-de-Acesso-2(1)\" width=\"980\" height=\"354\" title=\"\" srcset=\"https:\/\/fmp-components.com\/wp-content\/uploads\/2025\/01\/0_wheel-drive-for-Access-Plateform-21.webp 980w, https:\/\/fmp-components.com\/wp-content\/uploads\/2025\/01\/0_wheel-drive-for-Access-Plateform-21-480x173.webp 480w\" sizes=\"(min-width: 0px) and (max-width: 480px) 480px, (min-width: 481px) 980px, 100vw\" \/><\/p>\n<p>O Redutor Planet\u00e1rio com Tra\u00e7\u00e3o nas Rodas para Plataformas de Acesso \u00e9 um componente essencial de alto desempenho que proporciona efici\u00eancia, durabilidade e opera\u00e7\u00e3o suave superiores para uma variedade de aplica\u00e7\u00f5es em plataformas de acesso. Com seu design robusto, op\u00e7\u00f5es personaliz\u00e1veis \u200b\u200be longa vida \u00fatil, este redutor garante que sua plataforma de acesso funcione de forma confi\u00e1vel e eficiente em ambientes exigentes.<\/p>\n<div class=\"group\/conversation-turn relative flex w-full min-w-0 flex-col agent-turn\">\n<div class=\"flex-col gap-1 md:gap-3\">\n<div class=\"flex max-w-full flex-col flex-grow\">\n<div class=\"min-h-8 text-message flex w-full flex-col items-end gap-2 whitespace-normal break-words text-start [.text-message+&amp;]:mt-5\" dir=\"auto\" data-message-author-role=\"assistant\" data-message-id=\"2334fcc5-ad49-42a5-89f5-7a90448f8b99\" data-message-model-slug=\"gpt-4o\">\n<div class=\"flex w-full flex-col gap-1 empty:hidden first:pt-[3px]\">\n<div class=\"markdown prose w-full break-words dark:prose-invert light\">\n<h2>Redutor de tra\u00e7\u00e3o de roda para m\u00e1quinas de plataforma de acesso<\/h2>\n<p>O Redutor de Tra\u00e7\u00e3o nas Rodas para M\u00e1quinas de Plataformas de Acesso \u00e9 um sistema de redu\u00e7\u00e3o de engrenagens de engenharia de precis\u00e3o, projetado para otimizar o desempenho de plataformas de trabalho a\u00e9reo, plataformas elevat\u00f3rias tipo tesoura e outras m\u00e1quinas de plataformas de acesso. Com foco na efici\u00eancia e durabilidade da transmiss\u00e3o de pot\u00eancia, este redutor garante movimentos suaves, confi\u00e1veis \u200b\u200be controlados, mesmo em ambientes industriais exigentes.<\/p>\n<p><strong>Principais caracter\u00edsticas:<\/strong> O redutor utiliza um design robusto e compacto, integrando tecnologia avan\u00e7ada de engrenagens para fornecer alto torque e minimizar a perda de energia. Seu mecanismo de engrenagens planet\u00e1rias garante uma distribui\u00e7\u00e3o eficiente da carga, reduzindo o desgaste e aumentando a vida \u00fatil do sistema. Projetado para facilitar a integra\u00e7\u00e3o, o redutor \u00e9 compat\u00edvel com diversos modelos de plataformas de acesso, oferecendo flexibilidade e instala\u00e7\u00e3o perfeita.<\/p>\n<p><strong>Durabilidade e desempenho:<\/strong> Projetado com materiais de alta qualidade, o Redutor de Tra\u00e7\u00e3o das Rodas foi desenvolvido para suportar os rigores do uso intenso. Ele opera de forma suave e eficiente sob uso constante, oferecendo durabilidade superior e reduzindo a necessidade de manuten\u00e7\u00e3o frequente. O design da caixa de engrenagens tamb\u00e9m garante uma opera\u00e7\u00e3o silenciosa, tornando-a ideal para ambientes sens\u00edveis a ru\u00eddos.<\/p>\n<p><strong>Aplica\u00e7\u00f5es vers\u00e1teis:<\/strong> Este redutor \u00e9 perfeito para uma ampla gama de m\u00e1quinas de plataforma de acesso, incluindo plataformas elevat\u00f3rias tipo tesoura, plataformas elevat\u00f3rias de lan\u00e7a e outras plataformas a\u00e9reas m\u00f3veis. Seu alto torque e efici\u00eancia o tornam adequado para uso em aplica\u00e7\u00f5es industriais, de constru\u00e7\u00e3o e manuten\u00e7\u00e3o, onde precis\u00e3o, seguran\u00e7a e desempenho s\u00e3o primordiais.<\/p>\n<p>O Redutor de Tra\u00e7\u00e3o de Rodas para Plataformas de Acesso \u00e9 uma solu\u00e7\u00e3o confi\u00e1vel e de alto desempenho que aprimora a funcionalidade das plataformas de acesso. Oferecendo excelente efici\u00eancia, durabilidade e facilidade de integra\u00e7\u00e3o, ele garante que suas m\u00e1quinas operem com n\u00edveis de desempenho ideais, ajudando a melhorar a efici\u00eancia operacional e reduzir os custos de manuten\u00e7\u00e3o.<\/p>\n<p><img loading=\"lazy\" decoding=\"async\" class=\"wp-image-3677 alignnone\" src=\"https:\/\/fmp-components.com\/wp-content\/uploads\/2025\/01\/0_wheel-drive-for-Access-Plateform-4.webp\" alt=\"0_tra\u00e7\u00e3o-de-roda-para-Plataforma-de-Acesso-4\" width=\"897\" height=\"601\" title=\"\" srcset=\"https:\/\/fmp-components.com\/wp-content\/uploads\/2025\/01\/0_wheel-drive-for-Access-Plateform-4.webp 897w, https:\/\/fmp-components.com\/wp-content\/uploads\/2025\/01\/0_wheel-drive-for-Access-Plateform-4-480x321.webp 480w\" sizes=\"(min-width: 0px) and (max-width: 480px) 480px, (min-width: 481px) 897px, 100vw\" \/><\/p>\n<h2>Compatibilidade com modelos populares de plataforma de acesso<\/h2>\n<p>Em aplica\u00e7\u00f5es pr\u00e1ticas, nossa caixa de engrenagens planet\u00e1rias com tra\u00e7\u00e3o nas rodas pode ser amplamente compat\u00edvel com diversas marcas e modelos conhecidos de Plataformas de Acesso. A seguir, alguns exemplos comuns:<\/p>\n<ul>\n<li>JLG Industries: Por exemplo, plataformas de trabalho de alta altitude JLG s\u00e9ries 600S e 800AJ.<\/li>\n<li>Genie: como Genie S-65, SX-180 e outras s\u00e9ries de elevadores tipo tesoura e ve\u00edculos de trabalho de alta altitude com bra\u00e7o reto.<\/li>\n<li>Haulotte: incluindo elevadores de bra\u00e7o reto autopropelidos da s\u00e9rie HAULOTTE Star, HA15IP ou HA20PX.<\/li>\n<li>Skyjack: como Skyjack SJIII 3219, SJII 4632, elevador el\u00e9trico de tesoura, etc.<\/li>\n<li>Plataformas de trabalho a\u00e9reo Terex (AWP): inclui plataformas de trabalho de alta altitude com lan\u00e7a telesc\u00f3pica off-road, como a Genie TZ-50 ou o novo modelo SX-135XC Pro.<\/li>\n<\/ul>\n<p><span style=\"color: #ff0000;\"><em><strong>Observa\u00e7\u00e3o: as marcas mencionadas no artigo s\u00e3o apenas para nossa conveni\u00eancia, para que os clientes escolham e substituam os acess\u00f3rios da marca de m\u00e1quinas agr\u00edcolas correspondente, e n\u00e3o estamos vendendo os produtos dessa marca.<\/strong><\/em><\/span><\/p>\n<h2>Sobre a FMP<\/h2>\n<p>A FMP \u00e9 uma fabricante l\u00edder especializada na produ\u00e7\u00e3o de uma ampla gama de produtos para transmiss\u00f5es mec\u00e2nicas e hidr\u00e1ulicas. Nossa expertise abrange diversas categorias de produtos, incluindo redutores planet\u00e1rios, redutores de rosca sem-fim, redutores de engrenagens helicoidais em linha, redutores de engrenagens helicoidais de eixo paralelo, redutores de engrenagens c\u00f4nicas helicoidais, redutores de engrenagens helicoidais sem-fim, redutores agr\u00edcolas, redutores de tratores, redutores de autom\u00f3veis, eixos de sa\u00edda de pot\u00eancia e redutores especializados. Al\u00e9m disso, oferecemos uma sele\u00e7\u00e3o abrangente de pe\u00e7as de engrenagens, rodas dentadas, sistemas hidr\u00e1ulicos, bombas de v\u00e1cuo, acoplamentos hidr\u00e1ulicos, cremalheiras, correntes, polias sincronizadoras, transmiss\u00f5es UDL, polias para correias em V, cilindros hidr\u00e1ulicos, bombas de engrenagens, compressores de ar de parafuso e redutores de rosca sem-fim de baixa folga, entre outros.<\/p>\n<p>Na FMP, entendemos a import\u00e2ncia da personaliza\u00e7\u00e3o para atender \u00e0s necessidades \u00fanicas de nossos clientes. Oferecemos solu\u00e7\u00f5es personalizadas, incluindo transmiss\u00f5es, motoredutores, produtos hidr\u00e1ulicos e motores customizados, com base nos desenhos e requisitos espec\u00edficos dos clientes. Nossas capacidades flex\u00edveis de fabrica\u00e7\u00e3o nos permitem entregar produtos precisamente adequados a cada aplica\u00e7\u00e3o, garantindo desempenho e efici\u00eancia ideais.<\/p>\n<p><strong>Compromisso com a Qualidade e Inova\u00e7\u00e3o<\/strong><\/p>\n<p>Priorizamos a qualidade e a confiabilidade dos nossos produtos, apoiados por equipamentos avan\u00e7ados de inspe\u00e7\u00e3o e testes. Nossa equipe t\u00e9cnica profissional, aliada \u00e0 tecnologia de processamento de \u00faltima gera\u00e7\u00e3o e a um rigoroso sistema de controle, garante que cada produto atenda aos mais altos padr\u00f5es da ind\u00fastria. Sejam equipamentos padr\u00e3o ou solu\u00e7\u00f5es personalizadas, a FMP se dedica a fornecer produtos excepcionais que proporcionam desempenho excepcional em aplica\u00e7\u00f5es exigentes.<\/p>\n<p>Nos \u00faltimos anos, a FMP tem experimentado um r\u00e1pido crescimento, impulsionado por uma rica experi\u00eancia em produ\u00e7\u00e3o, um sistema de gest\u00e3o avan\u00e7ado e s\u00f3lidas capacidades t\u00e9cnicas. Aderimos \u00e0 filosofia de \"sobreviv\u00eancia pela qualidade e desenvolvimento por meio da inova\u00e7\u00e3o cient\u00edfica e tecnol\u00f3gica\", que tem sido um pilar do nosso sucesso.<\/p>\n<p><strong>Uma abordagem colaborativa<\/strong><\/p>\n<p>A FMP est\u00e1 comprometida em trabalhar em estreita colabora\u00e7\u00e3o com nossos clientes para desenvolver solu\u00e7\u00f5es inovadoras e criar parcerias duradouras. Nosso objetivo \u00e9 fornecer produtos e servi\u00e7os de qualidade superior que n\u00e3o apenas atendam, mas superem as expectativas dos clientes. Estamos ansiosos para colaborar com voc\u00ea para alcan\u00e7ar o sucesso e criarmos juntos o brilhantismo.<\/p>\n<p>Com foco em precis\u00e3o, confiabilidade e servi\u00e7o personalizado, a FMP \u00e9 a parceira confi\u00e1vel em que voc\u00ea pode confiar para suas necessidades de transmiss\u00e3o mec\u00e2nica e hidr\u00e1ulica.<\/p>\n<p><img loading=\"lazy\" decoding=\"async\" class=\"alignnone size-full wp-image-3678\" src=\"https:\/\/fmp-components.com\/wp-content\/uploads\/2025\/01\/worm-gearbox-factory1.webp\" alt=\"f\u00e1brica de caixas de engrenagens sem-fim\" width=\"1024\" height=\"888\" title=\"\" srcset=\"https:\/\/fmp-components.com\/wp-content\/uploads\/2025\/01\/worm-gearbox-factory1.webp 1024w, https:\/\/fmp-components.com\/wp-content\/uploads\/2025\/01\/worm-gearbox-factory1-980x850.webp 980w, https:\/\/fmp-components.com\/wp-content\/uploads\/2025\/01\/worm-gearbox-factory1-480x416.webp 480w\" sizes=\"(min-width: 0px) and (max-width: 480px) 480px, (min-width: 481px) and (max-width: 980px) 980px, (min-width: 981px) 1024px, 100vw\" \/><\/p>\n<p>Autor: CX<\/p>\n<\/div>\n<\/div>\n<\/div>\n<\/div>\n<\/div>\n<\/div>","protected":false},"excerpt":{"rendered":"<p>Wheel Drive Planetary Gearbox Reducer for Access Platform The Wheel Drive Planetary Gearbox Reducer for Access Platforms is a high-performance gear reduction system specifically designed for use in aerial work platforms (AWP), scissor lifts, boom lifts, and other access platforms. Engineered for reliability, efficiency, and durability, this gearbox is an essential component for ensuring smooth [&hellip;]<\/p>","protected":false},"featured_media":3680,"comment_status":"open","ping_status":"closed","template":"","meta":{"_et_pb_use_builder":"","_et_pb_old_content":"","_et_gb_content_width":""},"product_brand":[],"product_cat":[90],"product_tag":[],"class_list":{"0":"post-3674","1":"product","2":"type-product","3":"status-publish","4":"has-post-thumbnail","6":"product_cat-planetary-gearbox","8":"first","9":"instock","10":"shipping-taxable","11":"product-type-simple"},"_links":{"self":[{"href":"https:\/\/fmp-components.com\/pt\/wp-json\/wp\/v2\/product\/3674","targetHints":{"allow":["GET"]}}],"collection":[{"href":"https:\/\/fmp-components.com\/pt\/wp-json\/wp\/v2\/product"}],"about":[{"href":"https:\/\/fmp-components.com\/pt\/wp-json\/wp\/v2\/types\/product"}],"replies":[{"embeddable":true,"href":"https:\/\/fmp-components.com\/pt\/wp-json\/wp\/v2\/comments?post=3674"}],"wp:featuredmedia":[{"embeddable":true,"href":"https:\/\/fmp-components.com\/pt\/wp-json\/wp\/v2\/media\/3680"}],"wp:attachment":[{"href":"https:\/\/fmp-components.com\/pt\/wp-json\/wp\/v2\/media?parent=3674"}],"wp:term":[{"taxonomy":"product_brand","embeddable":true,"href":"https:\/\/fmp-components.com\/pt\/wp-json\/wp\/v2\/product_brand?post=3674"},{"taxonomy":"product_cat","embeddable":true,"href":"https:\/\/fmp-components.com\/pt\/wp-json\/wp\/v2\/product_cat?post=3674"},{"taxonomy":"product_tag","embeddable":true,"href":"https:\/\/fmp-components.com\/pt\/wp-json\/wp\/v2\/product_tag?post=3674"}],"curies":[{"name":"wp","href":"https:\/\/api.w.org\/{rel}","templated":true}]}}