{"id":3668,"date":"2025-01-09T03:46:28","date_gmt":"2025-01-09T03:46:28","guid":{"rendered":"https:\/\/fmp-components.com\/?page_id=8"},"modified":"2025-01-09T03:46:29","modified_gmt":"2025-01-09T03:46:29","slug":"spindle-motor-used-for-cnc-spindle-jszd202-2","status":"publish","type":"product","link":"https:\/\/fmp-components.com\/pt\/product\/spindle-motor-used-for-cnc-spindle-jszd202-2\/","title":{"rendered":"Motor de fuso usado para fuso CNC JSZD202"},"content":{"rendered":"<p><img loading=\"lazy\" decoding=\"async\" class=\"alignnone size-full wp-image-3671\" src=\"https:\/\/fmp-components.com\/wp-content\/uploads\/2025\/01\/spindle-motor-for-cnc-spindle-jszd202-2-1.webp\" alt=\"motor-do-eixo-para-eixo-cnc-jszd202-2 (1)\" width=\"1104\" height=\"642\" title=\"\" srcset=\"https:\/\/fmp-components.com\/wp-content\/uploads\/2025\/01\/spindle-motor-for-cnc-spindle-jszd202-2-1.webp 1104w, https:\/\/fmp-components.com\/wp-content\/uploads\/2025\/01\/spindle-motor-for-cnc-spindle-jszd202-2-1-980x570.webp 980w, https:\/\/fmp-components.com\/wp-content\/uploads\/2025\/01\/spindle-motor-for-cnc-spindle-jszd202-2-1-480x279.webp 480w\" sizes=\"(min-width: 0px) and (max-width: 480px) 480px, (min-width: 481px) and (max-width: 980px) 980px, (min-width: 981px) 1104px, 100vw\" \/><\/p>\n<p><img loading=\"lazy\" decoding=\"async\" class=\"alignnone size-full wp-image-3672\" src=\"https:\/\/fmp-components.com\/wp-content\/uploads\/2025\/01\/spindle-motor-for-cnc-spindle-jszd202-3-1.webp\" alt=\"motor-do-eixo-para-eixo-cnc-jszd202-3 (1)\" width=\"1115\" height=\"450\" title=\"\" srcset=\"https:\/\/fmp-components.com\/wp-content\/uploads\/2025\/01\/spindle-motor-for-cnc-spindle-jszd202-3-1.webp 1115w, https:\/\/fmp-components.com\/wp-content\/uploads\/2025\/01\/spindle-motor-for-cnc-spindle-jszd202-3-1-980x396.webp 980w, https:\/\/fmp-components.com\/wp-content\/uploads\/2025\/01\/spindle-motor-for-cnc-spindle-jszd202-3-1-480x194.webp 480w\" sizes=\"(min-width: 0px) and (max-width: 480px) 480px, (min-width: 481px) and (max-width: 980px) 980px, (min-width: 981px) 1115px, 100vw\" \/><\/p>\n<h2>Existem duas maneiras para a sa\u00edda: uma \u00e9 torque constante e outra \u00e9 pot\u00eancia constante, conforme abaixo:<\/h2>\n<p><img loading=\"lazy\" decoding=\"async\" class=\"alignnone size-full wp-image-3573\" src=\"https:\/\/fmp-components.com\/wp-content\/uploads\/2025\/01\/spindle-motor-1.webp\" alt=\"motor de fuso-1\" width=\"973\" height=\"551\" title=\"\" srcset=\"https:\/\/fmp-components.com\/wp-content\/uploads\/2025\/01\/spindle-motor-1.webp 973w, https:\/\/fmp-components.com\/wp-content\/uploads\/2025\/01\/spindle-motor-1-480x272.webp 480w\" sizes=\"(min-width: 0px) and (max-width: 480px) 480px, (min-width: 481px) 973px, 100vw\" \/><\/p>\n<h2>Explica\u00e7\u00e3o da nomenclatura do fuso do motor<\/h2>\n<p><img loading=\"lazy\" decoding=\"async\" class=\"alignnone size-full wp-image-3574\" src=\"https:\/\/fmp-components.com\/wp-content\/uploads\/2025\/01\/spindle-motor-2.webp\" alt=\"motor de fuso-2\" width=\"666\" height=\"351\" title=\"\" srcset=\"https:\/\/fmp-components.com\/wp-content\/uploads\/2025\/01\/spindle-motor-2.webp 666w, https:\/\/fmp-components.com\/wp-content\/uploads\/2025\/01\/spindle-motor-2-480x253.webp 480w\" sizes=\"(min-width: 0px) and (max-width: 480px) 480px, (min-width: 481px) 666px, 100vw\" \/><\/p>\n<h2>O Fim da Conex\u00e3o do Fuso<\/h2>\n<p>Ele tem muitos tipos diferentes de conex\u00e3o, dependendo do modelo de eixo, consulte a tabela abaixo.<\/p>\n<p><img loading=\"lazy\" decoding=\"async\" class=\"alignnone wp-image-3575\" src=\"https:\/\/fmp-components.com\/wp-content\/uploads\/2025\/01\/spindle-motor-3.webp\" alt=\"motor de fuso\" width=\"885\" height=\"231\" title=\"\" srcset=\"https:\/\/fmp-components.com\/wp-content\/uploads\/2025\/01\/spindle-motor-3.webp 885w, https:\/\/fmp-components.com\/wp-content\/uploads\/2025\/01\/spindle-motor-3-480x125.webp 480w\" sizes=\"(min-width: 0px) and (max-width: 480px) 480px, (min-width: 481px) 885px, 100vw\" \/><\/p>\n<h2>Instru\u00e7\u00e3o do fuso<\/h2>\n<div><span id=\"spin1\">1<\/span>. O conversor de frequ\u00eancia\u00a0<span id=\"spin2\">tem que<\/span>\u00a0combinar com o\u00a0<span id=\"spin3\">el\u00e9trico<\/span>\u00a0unidade de fuso. A\u00a0<span id=\"spin4\">b\u00e1sico<\/span>\u00a0freq\u00fc\u00eancia\u00a0<span id=\"spin5\">ou mesmo o<\/span>\u00a0frequ\u00eancia nominal\u00a0<span id=\"spin6\">assim como<\/span>\u00a0tens\u00e3o\u00a0<span id=\"spin7\">ter\u00e1 que<\/span>\u00a0atender aos par\u00e2metros t\u00e9cnicos\u00a0<span id=\"spin8\">do<\/span>\u00a0<span id=\"spin9\">el\u00e9trico<\/span>\u00a0fuso.<br \/>\n<span id=\"spin10\">2<\/span>.\u00a0<span id=\"spin11\">El\u00e9trico<\/span>\u00a0fuso\u00a0<span id=\"spin12\">\u00e9 geralmente<\/span>\u00a0resfriado por \u00e1gua circulante. \u00c1gua de resfriamento\u00a0<span id=\"spin13\">precisa ser<\/span>\u00a0\u00e0 prova de ferrugem e filtrado limpo. Quando\u00a0<span id=\"spin14\">adquirindo<\/span>\u00a0\u00e1gua, a entrada\u00a0<span id=\"spin15\">deve ser<\/span>\u00a0<span id=\"spin16\">sob<\/span>\u00a0o\u00a0<span id=\"spin17\">el\u00e9trico<\/span>\u00a0fuso.<br \/>\n<span id=\"spin18\">tr\u00eas<\/span>. Quando\u00a0<span id=\"spin19\">trabalhando com<\/span>\u00a0um fuso lubrificado com n\u00e9voa de \u00f3leo, o\u00a0<span id=\"spin20\">estresse<\/span>\u00a0v\u00e1lvula reguladora\u00a0<span id=\"spin21\">no<\/span>\u00a0n\u00e9voa de \u00f3leo\u00a0<span id=\"spin22\">gadget<\/span>\u00a0<span id=\"spin23\">deveria ser<\/span>\u00a0ajustado para 0,25~0,3 MPA a n\u00e9voa\u00a0<span id=\"spin25\">press\u00e3o<\/span>\u00a0<span id=\"spin26\">deveria ser<\/span>\u00a00,1~0,2 MPA\u00a0<span id=\"spin28\">e o<\/span>\u00a0<span id=\"spin29\">variedade de<\/span>\u00a0gotas de \u00f3leo\u00a0<span id=\"spin30\">deve ser<\/span>\u00a060-70 gotas\/min.\u00a0<span id=\"spin31\">e tamb\u00e9m o<\/span>\u00a0\u00f3leo lubrificante\u00a0<span id=\"spin32\">deveria ser<\/span>\u00a0\u00f3leo de sino ou \u00f3leo de turbina No.\u00a0<span id=\"spin33\">20<\/span>.<br \/>\n<span id=\"spin34\">quatro<\/span>. O\u00a0<span id=\"spin35\">velocidade<\/span>\u00a0<span id=\"spin36\">ao redor do<\/span>\u00a0fuso motorizado\u00a0<span id=\"spin37\">guia<\/span>\u00a0<span id=\"spin38\">\u00e9 definitivamente o<\/span>\u00a0mais alto\u00a0<span id=\"spin39\">velocidade<\/span>, e\u00a0<span id=\"spin40\">pode<\/span>\u00a0n\u00e3o ser\u00a0<span id=\"spin41\">elevado<\/span>,\u00a0<span id=\"spin42\">no entanto, isso<\/span>\u00a0<span id=\"spin43\">talvez<\/span>\u00a0<span id=\"spin44\">empregado<\/span>\u00a0<span id=\"spin45\">para reduzir<\/span><br \/>\no\u00a0<span id=\"spin46\">ritmo,<\/span>\u00a0tens\u00e3o e frequ\u00eancia s\u00e3o\u00a0<span id=\"spin47\">reduzido<\/span>\u00a0<span id=\"spin48\">uma vez que o<\/span>\u00a0<span id=\"spin49\">velocidade<\/span>\u00a0\u00e9 abaixado.<br \/>\n<span id=\"spin50\">5<\/span>. A rota\u00e7\u00e3o\u00a0<span id=\"spin51\">curso<\/span>\u00a0<span id=\"spin52\">com o<\/span>\u00a0fuso motorizado\u00a0<span id=\"spin53\">\u00e9 geralmente<\/span>\u00a0sentido anti-hor\u00e1rio (visto\u00a0<span id=\"spin54\">no<\/span>\u00a0eixo). exceto para\u00a0<span id=\"spin55\">exclusivo<\/span><br \/>\n<span id=\"spin56\">demandas<\/span>.<br \/>\n<span id=\"spin57\">6<\/span>. O fuso motorizado lubrificado por n\u00e9voa de \u00f3leo\u00a0<span id=\"spin58\">tem que ser<\/span>\u00a0<span id=\"spin59\">vinculado<\/span>\u00a0com \u00e1gua e\u00a0<span id=\"spin60\">Gasolina<\/span>\u00a0<span id=\"spin61\">antes de<\/span>\u00a0<span id=\"spin62\">poderia possivelmente<\/span>\u00a0<span id=\"spin63\">come\u00e7ar<\/span>\u00a0e\u00a0<span id=\"spin64\">cessar<\/span>\u00a0\u00e1gua e\u00a0<span id=\"spin65\">combust\u00edvel\u00a0<\/span><span id=\"spin66\">fornecer<\/span>\u00a0<span id=\"spin67\">depois<\/span>\u00a0desligar.<br \/>\nExplica\u00e7\u00e3o:\u00a0<span id=\"spin68\">exclusivo<\/span>\u00a0opera\u00e7\u00e3o\u00a0<span id=\"spin69\">\u00e9 necess\u00e1rio<\/span>\u00a0<span id=\"spin70\">de acordo com<\/span>\u00a0<span id=\"spin71\">para o<\/span>\u00a0<span id=\"spin72\">el\u00e9trico<\/span>\u00a0fuso\u00a0<span id=\"spin73\">diretrizes<\/span>.<\/div>\n<div>\n<div class=\"flex max-w-full flex-col flex-grow\">\n<div class=\"min-h-8 text-message flex w-full flex-col items-end gap-2 whitespace-normal break-words text-start [.text-message+&amp;]:mt-5\" dir=\"auto\" data-message-author-role=\"assistant\" data-message-id=\"fbdee532-4424-41b2-a093-d85f55f880e4\" data-message-model-slug=\"gpt-4o-mini\">\n<div class=\"flex w-full flex-col gap-1 empty:hidden first:pt-[3px]\">\n<div class=\"markdown prose w-full break-words dark:prose-invert light\">\n<h2>Sobre a FMP<\/h2>\n<p>A FMP \u00e9 uma fabricante l\u00edder especializada em componentes mec\u00e2nicos, incluindo redutores de engrenagens helicoidais c\u00f4nicas, rodas dentadas, buchas c\u00f4nicas, cremalheiras, acoplamentos e outras pe\u00e7as de transmiss\u00e3o. Com forte foco na exporta\u00e7\u00e3o, mais de 651 TP4T de nossos produtos s\u00e3o enviados para mercados europeus como Alemanha, Reino Unido e Fran\u00e7a, gerando um valor anual de exporta\u00e7\u00e3o de 1 TP5T18 milh\u00f5es. Nosso valor total de produ\u00e7\u00e3o anual atinge 200 milh\u00f5es de RMB.<\/p>\n<p>Todos os produtos FMP s\u00e3o projetados e produzidos de acordo com padr\u00f5es industriais internacionais, europeus e americanos. Utilizamos equipamentos avan\u00e7ados de usinagem de precis\u00e3o, seguimos processos de produ\u00e7\u00e3o otimizados e mantemos um sistema de gest\u00e3o flex\u00edvel e eficiente. Nosso robusto sistema de gest\u00e3o da qualidade garante altos padr\u00f5es de qualidade dos produtos, mantendo nossos pre\u00e7os competitivos.<\/p>\n<p>Na FMP, defendemos os valores fundamentais de \u201cQualidade: a pedra angular da sustentabilidade empresarial; Integridade: o motor do crescimento empresarial; Servi\u00e7o: a base do desenvolvimento; e Acessibilidade: a chave para o sucesso\u201d. Aceitamos a colabora\u00e7\u00e3o com clientes nacionais e internacionais e estamos comprometidos em promover o crescimento e o sucesso m\u00fatuos.<\/p>\n<\/div>\n<\/div>\n<\/div>\n<\/div>\n<p><img loading=\"lazy\" decoding=\"async\" class=\"alignnone wp-image-3563\" src=\"https:\/\/fmp-components.com\/wp-content\/uploads\/2025\/01\/company-2.webp\" alt=\"empresa\" width=\"873\" height=\"790\" title=\"\" srcset=\"https:\/\/fmp-components.com\/wp-content\/uploads\/2025\/01\/company-2.webp 873w, https:\/\/fmp-components.com\/wp-content\/uploads\/2025\/01\/company-2-480x435.webp 480w\" sizes=\"(min-width: 0px) and (max-width: 480px) 480px, (min-width: 481px) 873px, 100vw\" \/> <img loading=\"lazy\" decoding=\"async\" class=\"alignnone wp-image-3564\" src=\"https:\/\/fmp-components.com\/wp-content\/uploads\/2025\/01\/company-3.webp\" alt=\"empresa\" width=\"873\" height=\"776\" title=\"\" srcset=\"https:\/\/fmp-components.com\/wp-content\/uploads\/2025\/01\/company-3.webp 873w, https:\/\/fmp-components.com\/wp-content\/uploads\/2025\/01\/company-3-480x427.webp 480w\" sizes=\"(min-width: 0px) and (max-width: 480px) 480px, (min-width: 481px) 873px, 100vw\" \/> <img loading=\"lazy\" decoding=\"async\" class=\"alignnone wp-image-3565\" src=\"https:\/\/fmp-components.com\/wp-content\/uploads\/2025\/01\/company-1.webp\" alt=\"empresa\" width=\"877\" height=\"225\" title=\"\" srcset=\"https:\/\/fmp-components.com\/wp-content\/uploads\/2025\/01\/company-1.webp 877w, https:\/\/fmp-components.com\/wp-content\/uploads\/2025\/01\/company-1-480x123.webp 480w\" sizes=\"(min-width: 0px) and (max-width: 480px) 480px, (min-width: 481px) 877px, 100vw\" \/><\/p>\n<p>Autor: CX<\/p>\n<\/div>","protected":false},"excerpt":{"rendered":"<p>Existem duas formas de sa\u00edda: uma com torque constante e outra com pot\u00eancia constante, conforme abaixo: Explica\u00e7\u00e3o da nomenclatura do eixo do motor Conex\u00e3o da extremidade do eixo: H\u00e1 muitos tipos diferentes de conex\u00e3o, dependendo do modelo de eixo; consulte a tabela abaixo. Instru\u00e7\u00f5es do eixo: 1. O conversor de frequ\u00eancia deve corresponder [\u2026]<\/p>","protected":false},"featured_media":3673,"comment_status":"open","ping_status":"closed","template":"","meta":{"_et_pb_use_builder":"","_et_pb_old_content":"","_et_gb_content_width":""},"product_brand":[],"product_cat":[89],"product_tag":[],"class_list":{"0":"post-3668","1":"product","2":"type-product","3":"status-publish","4":"has-post-thumbnail","6":"product_cat-spindle-motor","8":"first","9":"instock","10":"shipping-taxable","11":"product-type-simple"},"_links":{"self":[{"href":"https:\/\/fmp-components.com\/pt\/wp-json\/wp\/v2\/product\/3668","targetHints":{"allow":["GET"]}}],"collection":[{"href":"https:\/\/fmp-components.com\/pt\/wp-json\/wp\/v2\/product"}],"about":[{"href":"https:\/\/fmp-components.com\/pt\/wp-json\/wp\/v2\/types\/product"}],"replies":[{"embeddable":true,"href":"https:\/\/fmp-components.com\/pt\/wp-json\/wp\/v2\/comments?post=3668"}],"wp:featuredmedia":[{"embeddable":true,"href":"https:\/\/fmp-components.com\/pt\/wp-json\/wp\/v2\/media\/3673"}],"wp:attachment":[{"href":"https:\/\/fmp-components.com\/pt\/wp-json\/wp\/v2\/media?parent=3668"}],"wp:term":[{"taxonomy":"product_brand","embeddable":true,"href":"https:\/\/fmp-components.com\/pt\/wp-json\/wp\/v2\/product_brand?post=3668"},{"taxonomy":"product_cat","embeddable":true,"href":"https:\/\/fmp-components.com\/pt\/wp-json\/wp\/v2\/product_cat?post=3668"},{"taxonomy":"product_tag","embeddable":true,"href":"https:\/\/fmp-components.com\/pt\/wp-json\/wp\/v2\/product_tag?post=3668"}],"curies":[{"name":"wp","href":"https:\/\/api.w.org\/{rel}","templated":true}]}}