{"id":3561,"date":"2025-01-08T06:10:35","date_gmt":"2025-01-08T06:10:35","guid":{"rendered":"https:\/\/fmp-components.com\/?page_id=8"},"modified":"2025-01-08T07:48:44","modified_gmt":"2025-01-08T07:48:44","slug":"pneumatic-unclamp-cylinder","status":"publish","type":"product","link":"https:\/\/fmp-components.com\/pt\/product\/pneumatic-unclamp-cylinder\/","title":{"rendered":"Cilindro de desbloqueio pneum\u00e1tico"},"content":{"rendered":"<h3 style=\"text-align: center;\">Cilindro de desbloqueio pneum\u00e1tico \u2013 Introdu\u00e7\u00e3o ao produto<\/h3>\n<p>O Cilindro Pneum\u00e1tico de Desbloqueio \u00e9 um componente especializado, projetado para uso em diversas aplica\u00e7\u00f5es industriais que exigem desbloqueio automatizado. Este tipo de cilindro utiliza ar comprimido para fornecer a for\u00e7a necess\u00e1ria para liberar os mecanismos de fixa\u00e7\u00e3o, garantindo opera\u00e7\u00e3o suave e alta efici\u00eancia em sistemas mec\u00e2nicos.<\/p>\n<h4>Principais caracter\u00edsticas:<\/h4>\n<ul>\n<li><strong>Atua\u00e7\u00e3o Pneum\u00e1tica<\/strong>:O cilindro opera usando ar comprimido, oferecendo uma solu\u00e7\u00e3o limpa, eficiente e econ\u00f4mica em compara\u00e7\u00e3o aos sistemas hidr\u00e1ulicos ou manuais.<\/li>\n<li><strong>Alta sa\u00edda de for\u00e7a<\/strong>: Projetado para gerar for\u00e7a significativa para a\u00e7\u00f5es de desbloqueio, adequado para aplica\u00e7\u00f5es industriais pesadas.<\/li>\n<li><strong>Durabilidade<\/strong>: Constru\u00eddo com materiais de alta qualidade para maior vida \u00fatil, mesmo sob condi\u00e7\u00f5es de trabalho exigentes.<\/li>\n<li><strong>Controle de Precis\u00e3o<\/strong>: Oferece controle preciso das a\u00e7\u00f5es de fixa\u00e7\u00e3o e desfixa\u00e7\u00e3o, aumentando a precis\u00e3o e a confiabilidade dos seus processos de automa\u00e7\u00e3o.<\/li>\n<li><strong>Design compacto<\/strong>: Otimizado para efici\u00eancia de espa\u00e7o, tornando-o ideal para uso em ambientes com espa\u00e7o de instala\u00e7\u00e3o limitado.<\/li>\n<li><strong>F\u00e1cil integra\u00e7\u00e3o<\/strong>: Compat\u00edvel com uma ampla gama de m\u00e1quinas, oferecendo integra\u00e7\u00e3o perfeita em sistemas existentes para atualiza\u00e7\u00f5es e substitui\u00e7\u00f5es f\u00e1ceis.<\/li>\n<li><strong>Resist\u00eancia \u00e0 corros\u00e3o<\/strong>: Constru\u00eddo para suportar ambientes adversos, com tratamentos anticorrosivos que garantem confiabilidade em condi\u00e7\u00f5es industriais desafiadoras.<\/li>\n<\/ul>\n<h4>Vantagens:<\/h4>\n<ul>\n<li><strong>Efici\u00eancia aumentada<\/strong>: Ao automatizar o processo de desfixa\u00e7\u00e3o, os ciclos operacionais s\u00e3o encurtados, resultando em maior produtividade e menor tempo de inatividade.<\/li>\n<li><strong>Trabalho Reduzido<\/strong>: Menos interven\u00e7\u00e3o manual \u00e9 necess\u00e1ria, minimizando o risco de erros e melhorando a seguran\u00e7a no local de trabalho.<\/li>\n<li><strong>Economia de energia<\/strong>: Os cilindros pneum\u00e1ticos normalmente consomem menos energia do que os sistemas hidr\u00e1ulicos, oferecendo uma opera\u00e7\u00e3o econ\u00f4mica ao longo do tempo.<\/li>\n<li><strong>Personaliz\u00e1vel<\/strong>: Dispon\u00edvel em v\u00e1rios tamanhos, comprimentos de curso e classifica\u00e7\u00f5es de press\u00e3o para atender a diferentes necessidades e aplica\u00e7\u00f5es industriais.<\/li>\n<\/ul>\n<p>O <strong>Cilindro de desbloqueio pneum\u00e1tico<\/strong> \u00e9 um componente essencial para empresas que buscam aumentar sua efici\u00eancia operacional, reduzir o trabalho manual e garantir um alto n\u00edvel de precis\u00e3o em processos automatizados.<\/p>\n<p><img loading=\"lazy\" decoding=\"async\" class=\"alignnone size-full wp-image-3566\" src=\"https:\/\/fmp-components.com\/wp-content\/uploads\/2025\/01\/pneumatic-unclamp-cylinder-2.webp\" alt=\"cilindro-pneum\u00e1tico-desbloqueador-2\" width=\"1371\" height=\"652\" title=\"\" srcset=\"https:\/\/fmp-components.com\/wp-content\/uploads\/2025\/01\/pneumatic-unclamp-cylinder-2.webp 1371w, https:\/\/fmp-components.com\/wp-content\/uploads\/2025\/01\/pneumatic-unclamp-cylinder-2-1280x609.webp 1280w, https:\/\/fmp-components.com\/wp-content\/uploads\/2025\/01\/pneumatic-unclamp-cylinder-2-980x466.webp 980w, https:\/\/fmp-components.com\/wp-content\/uploads\/2025\/01\/pneumatic-unclamp-cylinder-2-480x228.webp 480w\" sizes=\"(min-width: 0px) and (max-width: 480px) 480px, (min-width: 481px) and (max-width: 980px) 980px, (min-width: 981px) and (max-width: 1280px) 1280px, (min-width: 1281px) 1371px, 100vw\" \/><\/p>\n<h2>Lista de modelos<\/h2>\n<p><img loading=\"lazy\" decoding=\"async\" class=\"alignnone size-full wp-image-3568\" src=\"https:\/\/fmp-components.com\/wp-content\/uploads\/2025\/01\/pneumatic-unclamp-cylinder-3.webp\" alt=\"cilindro-pneum\u00e1tico-desbloqueador-2\" width=\"906\" height=\"158\" title=\"\" srcset=\"https:\/\/fmp-components.com\/wp-content\/uploads\/2025\/01\/pneumatic-unclamp-cylinder-3.webp 906w, https:\/\/fmp-components.com\/wp-content\/uploads\/2025\/01\/pneumatic-unclamp-cylinder-3-480x84.webp 480w\" sizes=\"(min-width: 0px) and (max-width: 480px) 480px, (min-width: 481px) 906px, 100vw\" \/><\/p>\n<p>OBSERVA\u00c7\u00c3O:<br \/>\n1. O cilindro de desbloqueio pneum\u00e1tico pode ser instalado na vertical e na horizontal, o copo de \u00f3leo deve estar voltado para cima.<br \/>\n2. A fonte de g\u00e1s de entrada deve ser tratada pelo tripleto de fonte de g\u00e1s. Para ar seco e limpo, a press\u00e3o m\u00ednima \u00e9 de 6 kgf\/cm\u00b2.<br \/>\n3. O teor m\u00ednimo de \u00f3leo seguro no copo de \u00f3leo \u00e9 1\/5, e o teor m\u00e1ximo de \u00f3leo \u00e9 4\/5.<\/p>\n<div class=\"flex max-w-full flex-col flex-grow\">\n<div class=\"min-h-8 text-message flex w-full flex-col items-end gap-2 whitespace-normal break-words text-start [.text-message+&amp;]:mt-5\" dir=\"auto\" data-message-author-role=\"assistant\" data-message-id=\"fbdee532-4424-41b2-a093-d85f55f880e4\" data-message-model-slug=\"gpt-4o-mini\">\n<div class=\"flex w-full flex-col gap-1 empty:hidden first:pt-[3px]\">\n<div class=\"markdown prose w-full break-words dark:prose-invert light\">\n<h2>Tipos de cilindros de desbloqueio pneum\u00e1ticos<\/h2>\n<p>Os cilindros de desbloqueio pneum\u00e1ticos est\u00e3o dispon\u00edveis em diversos tipos, cada um projetado para aplica\u00e7\u00f5es e requisitos operacionais espec\u00edficos. Aqui est\u00e3o os tipos mais comuns:<\/p>\n<h4>1. <strong>Cilindro de desbloqueio pneum\u00e1tico de a\u00e7\u00e3o simples<\/strong><\/h4>\n<ul>\n<li><strong>Descri\u00e7\u00e3o<\/strong>: Um cilindro de libera\u00e7\u00e3o pneum\u00e1tico de a\u00e7\u00e3o simples opera com press\u00e3o de ar aplicada apenas em um lado do pist\u00e3o. O curso de retorno geralmente \u00e9 obtido por meio de uma mola ou for\u00e7a externa.<\/li>\n<li><strong>Aplicativo<\/strong>: Comum em sistemas mais simples, onde a for\u00e7a de desprendimento \u00e9 necess\u00e1ria em uma dire\u00e7\u00e3o, e o curso de retorno pode ser auxiliado por uma mola.<\/li>\n<li><strong>Vantagens<\/strong>:\n<ul>\n<li>Custo-benef\u00edcio<\/li>\n<li>Design simples e f\u00e1cil de manter<\/li>\n<li>Requer menor consumo de ar<\/li>\n<\/ul>\n<\/li>\n<\/ul>\n<h4>2. <strong>Cilindro de desbloqueio pneum\u00e1tico de dupla a\u00e7\u00e3o<\/strong><\/h4>\n<ul>\n<li><strong>Descri\u00e7\u00e3o<\/strong>:Em um cilindro pneum\u00e1tico de desbloqueio de dupla a\u00e7\u00e3o, a press\u00e3o de ar \u00e9 aplicada em ambos os lados do pist\u00e3o para a\u00e7\u00f5es de fixa\u00e7\u00e3o e desbloqueio, permitindo maior controle sobre o movimento do cilindro.<\/li>\n<li><strong>Aplicativo<\/strong>: Ideal para aplica\u00e7\u00f5es que exigem maior for\u00e7a e controle mais preciso sobre o processo de desfixa\u00e7\u00e3o, como em linhas de produ\u00e7\u00e3o automatizadas ou sistemas rob\u00f3ticos.<\/li>\n<li><strong>Vantagens<\/strong>:\n<ul>\n<li>Maior for\u00e7a e tempo de resposta mais r\u00e1pido<\/li>\n<li>Controle preciso sobre as a\u00e7\u00f5es de fixa\u00e7\u00e3o e desfixa\u00e7\u00e3o<\/li>\n<li>Pode ser usado para aplica\u00e7\u00f5es mais complexas<\/li>\n<\/ul>\n<\/li>\n<\/ul>\n<h4>3. <strong>Cilindro de desbloqueio pneum\u00e1tico rotativo<\/strong><\/h4>\n<ul>\n<li><strong>Descri\u00e7\u00e3o<\/strong>: Este tipo de cilindro \u00e9 projetado para aplica\u00e7\u00f5es que exigem movimento rotacional, al\u00e9m do movimento linear. Possui um atuador rotativo combinado com um mecanismo de desbloqueio pneum\u00e1tico.<\/li>\n<li><strong>Aplicativo<\/strong>: Frequentemente usado em dispositivos ou m\u00e1quinas automatizados onde o sistema de fixa\u00e7\u00e3o precisa girar antes ou depois da libera\u00e7\u00e3o.<\/li>\n<li><strong>Vantagens<\/strong>:\n<ul>\n<li>Oferece movimento rotacional e linear<\/li>\n<li>Pode executar tarefas complexas, como girar pe\u00e7as ou acess\u00f3rios ap\u00f3s a desfixa\u00e7\u00e3o<\/li>\n<\/ul>\n<\/li>\n<\/ul>\n<h4>4. <strong>Cilindro de desbloqueio pneum\u00e1tico compacto<\/strong><\/h4>\n<ul>\n<li><strong>Descri\u00e7\u00e3o<\/strong>: Esses cilindros t\u00eam um design menor e mais compacto, mas mant\u00eam alta pot\u00eancia. S\u00e3o adequados para espa\u00e7os apertados onde os cilindros tradicionais podem n\u00e3o caber.<\/li>\n<li><strong>Aplicativo<\/strong>: Usado em aplica\u00e7\u00f5es onde o espa\u00e7o \u00e9 limitado, mas ainda \u00e9 necess\u00e1ria uma forte for\u00e7a de desengate, como em sistemas de automa\u00e7\u00e3o de pequena escala ou m\u00e1quinas com espa\u00e7os de instala\u00e7\u00e3o restritos.<\/li>\n<li><strong>Vantagens<\/strong>:\n<ul>\n<li>Design que economiza espa\u00e7o<\/li>\n<li>Alto desempenho em embalagens compactas<\/li>\n<\/ul>\n<\/li>\n<\/ul>\n<h4>5. <strong>Cilindro de desbloqueio pneum\u00e1tico de haste dupla<\/strong><\/h4>\n<ul>\n<li><strong>Descri\u00e7\u00e3o<\/strong>: Este tipo de cilindro possui hastes em ambos os lados do pist\u00e3o, permitindo uma distribui\u00e7\u00e3o de for\u00e7a mais equilibrada e um movimento mais uniforme durante o desaperto e o aperto.<\/li>\n<li><strong>Aplicativo<\/strong>: Ideal para aplica\u00e7\u00f5es que exigem alta estabilidade, precis\u00e3o e movimento equilibrado, como em m\u00e1quinas de alta precis\u00e3o e rob\u00f3tica.<\/li>\n<li><strong>Vantagens<\/strong>:\n<ul>\n<li>Maior estabilidade e distribui\u00e7\u00e3o de carga<\/li>\n<li>Adequado para aplica\u00e7\u00f5es de alta precis\u00e3o<\/li>\n<\/ul>\n<\/li>\n<\/ul>\n<ul>\n<li style=\"list-style-type: none;\"><\/li>\n<\/ul>\n<p>Cada tipo de Cilindro Pneum\u00e1tico de Desbloqueio atende a uma necessidade espec\u00edfica, dependendo dos requisitos da aplica\u00e7\u00e3o, restri\u00e7\u00f5es de espa\u00e7o, demandas de for\u00e7a e precis\u00e3o necess\u00e1ria. Selecionar o tipo certo de cilindro pneum\u00e1tico de desbloqueio garante desempenho e efici\u00eancia ideais em sistemas automatizados e mec\u00e2nicos.<\/p>\n<h2>Sobre a FMP<\/h2>\n<p>A FMP \u00e9 uma fabricante profissional especializada na produ\u00e7\u00e3o de componentes mec\u00e2nicos. Nossos principais produtos incluem redutores de engrenagem helicoidal c\u00f4nica, rodas dentadas, buchas c\u00f4nicas, cremalheiras, acoplamentos e outras pe\u00e7as de transmiss\u00e3o. Com forte foco na exporta\u00e7\u00e3o, mais de 65% de nossos produtos s\u00e3o enviados para os mercados europeus, incluindo Alemanha, Reino Unido e Fran\u00e7a, atingindo um volume anual de exporta\u00e7\u00e3o de $18 milh\u00f5es. Nosso valor total de produ\u00e7\u00e3o anual atinge 200 milh\u00f5es de RMB.<\/p>\n<p>Todos os produtos FMP s\u00e3o fabricados em conformidade com as normas industriais internacionais, europeias e americanas. Utilizamos equipamentos de usinagem de precis\u00e3o e alta qualidade, implementamos processos de produ\u00e7\u00e3o bem planejados e aderimos a um sistema de gest\u00e3o eficiente e flex\u00edvel. Nosso abrangente sistema de gest\u00e3o da qualidade garante excelente qualidade dos produtos e pre\u00e7os competitivos.<\/p>\n<p>A FMP opera com base nos princ\u00edpios fundamentais de \u201cQualidade: a base da sobreviv\u00eancia empresarial, Integridade: a for\u00e7a motriz por tr\u00e1s do desenvolvimento empresarial, Servi\u00e7o: a fonte do crescimento empresarial e Acessibilidade: a chave para o sucesso empresarial\u201d. Damos boas-vindas a clientes nacionais e internacionais e estamos ansiosos para colaborar para o crescimento e sucesso m\u00fatuos.<\/p>\n<\/div>\n<\/div>\n<\/div>\n<\/div>\n<p><img loading=\"lazy\" decoding=\"async\" class=\"alignnone  wp-image-3563\" src=\"https:\/\/fmp-components.com\/wp-content\/uploads\/2025\/01\/company-2.webp\" alt=\"empresa\" width=\"873\" height=\"790\" title=\"\" srcset=\"https:\/\/fmp-components.com\/wp-content\/uploads\/2025\/01\/company-2.webp 873w, https:\/\/fmp-components.com\/wp-content\/uploads\/2025\/01\/company-2-480x435.webp 480w\" sizes=\"(min-width: 0px) and (max-width: 480px) 480px, (min-width: 481px) 873px, 100vw\" \/> <img loading=\"lazy\" decoding=\"async\" class=\"alignnone  wp-image-3564\" src=\"https:\/\/fmp-components.com\/wp-content\/uploads\/2025\/01\/company-3.webp\" alt=\"empresa\" width=\"873\" height=\"776\" title=\"\" srcset=\"https:\/\/fmp-components.com\/wp-content\/uploads\/2025\/01\/company-3.webp 873w, https:\/\/fmp-components.com\/wp-content\/uploads\/2025\/01\/company-3-480x427.webp 480w\" sizes=\"(min-width: 0px) and (max-width: 480px) 480px, (min-width: 481px) 873px, 100vw\" \/> <img loading=\"lazy\" decoding=\"async\" class=\"alignnone  wp-image-3565\" src=\"https:\/\/fmp-components.com\/wp-content\/uploads\/2025\/01\/company-1.webp\" alt=\"empresa\" width=\"877\" height=\"225\" title=\"\" srcset=\"https:\/\/fmp-components.com\/wp-content\/uploads\/2025\/01\/company-1.webp 877w, https:\/\/fmp-components.com\/wp-content\/uploads\/2025\/01\/company-1-480x123.webp 480w\" sizes=\"(min-width: 0px) and (max-width: 480px) 480px, (min-width: 481px) 877px, 100vw\" \/><\/p>\n<p>Autor: CX<\/p>","protected":false},"excerpt":{"rendered":"<p>Cilindro de Desbloqueio Pneum\u00e1tico \u2013 Introdu\u00e7\u00e3o ao Produto O Cilindro de Desbloqueio Pneum\u00e1tico \u00e9 um componente especializado, projetado para uso em diversas aplica\u00e7\u00f5es industriais que exigem desbloqueio automatizado. Este tipo de cilindro utiliza ar comprimido para fornecer a for\u00e7a necess\u00e1ria para liberar os mecanismos de fixa\u00e7\u00e3o, garantindo uma opera\u00e7\u00e3o suave e alta efici\u00eancia em sistemas mec\u00e2nicos. Principais Caracter\u00edsticas: Acionamento Pneum\u00e1tico: [\u2026]<\/p>","protected":false},"featured_media":3567,"comment_status":"open","ping_status":"closed","template":"","meta":{"_et_pb_use_builder":"","_et_pb_old_content":"","_et_gb_content_width":""},"product_brand":[],"product_cat":[89],"product_tag":[],"class_list":{"0":"post-3561","1":"product","2":"type-product","3":"status-publish","4":"has-post-thumbnail","6":"product_cat-spindle-motor","8":"first","9":"instock","10":"shipping-taxable","11":"product-type-simple"},"_links":{"self":[{"href":"https:\/\/fmp-components.com\/pt\/wp-json\/wp\/v2\/product\/3561","targetHints":{"allow":["GET"]}}],"collection":[{"href":"https:\/\/fmp-components.com\/pt\/wp-json\/wp\/v2\/product"}],"about":[{"href":"https:\/\/fmp-components.com\/pt\/wp-json\/wp\/v2\/types\/product"}],"replies":[{"embeddable":true,"href":"https:\/\/fmp-components.com\/pt\/wp-json\/wp\/v2\/comments?post=3561"}],"wp:featuredmedia":[{"embeddable":true,"href":"https:\/\/fmp-components.com\/pt\/wp-json\/wp\/v2\/media\/3567"}],"wp:attachment":[{"href":"https:\/\/fmp-components.com\/pt\/wp-json\/wp\/v2\/media?parent=3561"}],"wp:term":[{"taxonomy":"product_brand","embeddable":true,"href":"https:\/\/fmp-components.com\/pt\/wp-json\/wp\/v2\/product_brand?post=3561"},{"taxonomy":"product_cat","embeddable":true,"href":"https:\/\/fmp-components.com\/pt\/wp-json\/wp\/v2\/product_cat?post=3561"},{"taxonomy":"product_tag","embeddable":true,"href":"https:\/\/fmp-components.com\/pt\/wp-json\/wp\/v2\/product_tag?post=3561"}],"curies":[{"name":"wp","href":"https:\/\/api.w.org\/{rel}","templated":true}]}}