{"id":3551,"date":"2025-01-08T05:36:18","date_gmt":"2025-01-08T05:36:18","guid":{"rendered":"https:\/\/fmp-components.com\/?page_id=8"},"modified":"2025-01-08T05:36:18","modified_gmt":"2025-01-08T05:36:18","slug":"iec-b5-flange-mounted-stainless-steel-motor-tenv","status":"publish","type":"product","link":"https:\/\/fmp-components.com\/pt\/product\/iec-b5-flange-mounted-stainless-steel-motor-tenv\/","title":{"rendered":"Motor de a\u00e7o inoxid\u00e1vel montado em flange IEC B5 -TENV"},"content":{"rendered":"<p><img loading=\"lazy\" decoding=\"async\" class=\"alignnone size-full wp-image-3539\" src=\"https:\/\/fmp-components.com\/wp-content\/uploads\/2025\/01\/fmp_0.stainless-steel-motor-2.webp\" alt=\"fmp_0.motor-de-a\u00e7o-inoxid\u00e1vel-2\" width=\"1579\" height=\"608\" title=\"\" srcset=\"https:\/\/fmp-components.com\/wp-content\/uploads\/2025\/01\/fmp_0.stainless-steel-motor-2.webp 1579w, https:\/\/fmp-components.com\/wp-content\/uploads\/2025\/01\/fmp_0.stainless-steel-motor-2-1280x493.webp 1280w, https:\/\/fmp-components.com\/wp-content\/uploads\/2025\/01\/fmp_0.stainless-steel-motor-2-980x377.webp 980w, https:\/\/fmp-components.com\/wp-content\/uploads\/2025\/01\/fmp_0.stainless-steel-motor-2-480x185.webp 480w\" sizes=\"(min-width: 0px) and (max-width: 480px) 480px, (min-width: 481px) and (max-width: 980px) 980px, (min-width: 981px) and (max-width: 1280px) 1280px, (min-width: 1281px) 1579px, 100vw\" \/><\/p>\n<p><img loading=\"lazy\" decoding=\"async\" class=\"alignnone  wp-image-3553\" src=\"https:\/\/fmp-components.com\/wp-content\/uploads\/2025\/01\/fmp_3.stainless-steel-motor-2.webp\" alt=\"fmp_3.motor-de-a\u00e7o-inoxid\u00e1vel-2\" width=\"927\" height=\"488\" title=\"\" srcset=\"https:\/\/fmp-components.com\/wp-content\/uploads\/2025\/01\/fmp_3.stainless-steel-motor-2.webp 927w, https:\/\/fmp-components.com\/wp-content\/uploads\/2025\/01\/fmp_3.stainless-steel-motor-2-480x253.webp 480w\" sizes=\"(min-width: 0px) and (max-width: 480px) 480px, (min-width: 481px) 927px, 100vw\" \/><\/p>\n<table style=\"width: 97.9188%;\" border=\"1\">\n<tbody>\n<tr>\n<td style=\"width: 12.1914%;\">Tipo de quadro<\/td>\n<td style=\"width: 11.8827%;\">Tipo de flange<\/td>\n<td style=\"width: 6.01852%;\">Poloneses<\/td>\n<td style=\"width: 2.9321%;\">D<\/td>\n<td style=\"width: 2.9321%;\">E<\/td>\n<td style=\"width: 1.85185%;\">F<\/td>\n<td style=\"width: 4.78395%;\">G<\/td>\n<td style=\"width: 4.16667%;\">M<\/td>\n<td style=\"width: 4.16667%;\">N<\/td>\n<td style=\"width: 4.16667%;\">P<\/td>\n<td style=\"width: 2.16049%;\">R<\/td>\n<td style=\"width: 2.9321%;\">S<\/td>\n<td style=\"width: 3.54938%;\">T<\/td>\n<td style=\"width: 12.3457%;\">Furo de flange<\/td>\n<td style=\"width: 10.6481%;\">Furo do eixo<\/td>\n<td style=\"width: 4.16667%;\">CA<\/td>\n<td style=\"width: 43.2099%;\">AN\u00daNCIO<\/td>\n<\/tr>\n<tr>\n<td style=\"width: 12.1914%;\">63<\/td>\n<td style=\"width: 11.8827%;\">FT115<\/td>\n<td style=\"width: 6.01852%;\">2,4<\/td>\n<td style=\"width: 2.9321%;\">11<\/td>\n<td style=\"width: 2.9321%;\">23<\/td>\n<td style=\"width: 1.85185%;\">4<\/td>\n<td style=\"width: 4.78395%;\">8.5<\/td>\n<td style=\"width: 4.16667%;\">115<\/td>\n<td style=\"width: 4.16667%;\">95<\/td>\n<td style=\"width: 4.16667%;\">140<\/td>\n<td style=\"width: 2.16049%;\">0<\/td>\n<td style=\"width: 2.9321%;\">10<\/td>\n<td style=\"width: 3.54938%;\">2.5<\/td>\n<td style=\"width: 12.3457%;\">4<\/td>\n<td style=\"width: 10.6481%;\">M4<\/td>\n<td style=\"width: 4.16667%;\">114<\/td>\n<td style=\"width: 43.2099%;\">117<\/td>\n<\/tr>\n<tr>\n<td style=\"width: 12.1914%;\">71<\/td>\n<td style=\"width: 11.8827%;\">FT130<\/td>\n<td style=\"width: 6.01852%;\">2.4.6<\/td>\n<td style=\"width: 2.9321%;\">14<\/td>\n<td style=\"width: 2.9321%;\">30<\/td>\n<td style=\"width: 1.85185%;\">5<\/td>\n<td style=\"width: 4.78395%;\">11<\/td>\n<td style=\"width: 4.16667%;\">130<\/td>\n<td style=\"width: 4.16667%;\">110<\/td>\n<td style=\"width: 4.16667%;\">160<\/td>\n<td style=\"width: 2.16049%;\">0<\/td>\n<td style=\"width: 2.9321%;\">10<\/td>\n<td style=\"width: 3.54938%;\">2.5<\/td>\n<td style=\"width: 12.3457%;\">4<\/td>\n<td style=\"width: 10.6481%;\">M5<\/td>\n<td style=\"width: 4.16667%;\">134<\/td>\n<td style=\"width: 43.2099%;\">129<\/td>\n<\/tr>\n<tr>\n<td style=\"width: 12.1914%;\">80<\/td>\n<td style=\"width: 11.8827%;\">FT165<\/td>\n<td style=\"width: 6.01852%;\">2.4.6<\/td>\n<td style=\"width: 2.9321%;\">19<\/td>\n<td style=\"width: 2.9321%;\">40<\/td>\n<td style=\"width: 1.85185%;\">6<\/td>\n<td style=\"width: 4.78395%;\">15.5<\/td>\n<td style=\"width: 4.16667%;\">165<\/td>\n<td style=\"width: 4.16667%;\">130<\/td>\n<td style=\"width: 4.16667%;\">200<\/td>\n<td style=\"width: 2.16049%;\">0<\/td>\n<td style=\"width: 2.9321%;\">12<\/td>\n<td style=\"width: 3.54938%;\">3.5<\/td>\n<td style=\"width: 12.3457%;\">4<\/td>\n<td style=\"width: 10.6481%;\">M6<\/td>\n<td style=\"width: 4.16667%;\">144<\/td>\n<td style=\"width: 43.2099%;\">135<\/td>\n<\/tr>\n<tr>\n<td style=\"width: 12.1914%;\">90<\/td>\n<td style=\"width: 11.8827%;\">FT165<\/td>\n<td style=\"width: 6.01852%;\">2.4.6<\/td>\n<td style=\"width: 2.9321%;\">24<\/td>\n<td style=\"width: 2.9321%;\">50<\/td>\n<td style=\"width: 1.85185%;\">8<\/td>\n<td style=\"width: 4.78395%;\">20<\/td>\n<td style=\"width: 4.16667%;\">165<\/td>\n<td style=\"width: 4.16667%;\">130<\/td>\n<td style=\"width: 4.16667%;\">200<\/td>\n<td style=\"width: 2.16049%;\">0<\/td>\n<td style=\"width: 2.9321%;\">12<\/td>\n<td style=\"width: 3.54938%;\">3.5<\/td>\n<td style=\"width: 12.3457%;\">4<\/td>\n<td style=\"width: 10.6481%;\">M8<\/td>\n<td style=\"width: 4.16667%;\">164<\/td>\n<td style=\"width: 43.2099%;\">147<\/td>\n<\/tr>\n<\/tbody>\n<\/table>\n<h2>Especifica\u00e7\u00f5es do motor de a\u00e7o inoxid\u00e1vel montado em flange<\/h2>\n<table style=\"width: 97.9328%;\" border=\"1\">\n<tbody>\n<tr>\n<td style=\"width: 14.4262%;\">Quadro<\/td>\n<td style=\"width: 24.918%;\">KW<\/td>\n<td style=\"width: 46.8852%;\">Montagem<\/td>\n<td style=\"width: 207.541%;\">IP<\/td>\n<\/tr>\n<tr>\n<td style=\"width: 14.4262%;\">63<\/td>\n<td style=\"width: 24.918%;\">0.18<\/td>\n<td style=\"width: 46.8852%;\" rowspan=\"7\">B3, B5, B14, B34, B35<\/td>\n<td style=\"width: 207.541%;\" rowspan=\"7\">IP55<\/td>\n<\/tr>\n<tr>\n<td style=\"width: 14.4262%;\">71<\/td>\n<td style=\"width: 24.918%;\">0,25, 0,37<\/td>\n<\/tr>\n<tr>\n<td style=\"width: 14.4262%;\">80<\/td>\n<td style=\"width: 24.918%;\">0,55, 0,75<\/td>\n<\/tr>\n<tr>\n<td style=\"width: 14.4262%;\">90<\/td>\n<td style=\"width: 24.918%;\">1.1, 1.5<\/td>\n<\/tr>\n<tr>\n<td style=\"width: 14.4262%;\">100<\/td>\n<td style=\"width: 24.918%;\">2.2, 3.0<\/td>\n<\/tr>\n<tr>\n<td style=\"width: 14.4262%;\">112<\/td>\n<td style=\"width: 24.918%;\">4.0<\/td>\n<\/tr>\n<tr>\n<td style=\"width: 14.4262%;\">1332<\/td>\n<td style=\"width: 24.918%;\">5,5, 7,5<\/td>\n<\/tr>\n<\/tbody>\n<\/table>\n<h2>Motor de a\u00e7o inoxid\u00e1vel relacionado<\/h2>\n<table style=\"width: 100%;\" border=\"1\" width=\"100%\" cellspacing=\"0\" cellpadding=\"0\">\n<tbody>\n<tr>\n<td style=\"width: 25.8099%;\" align=\"right\" width=\"64\" height=\"18\"><img loading=\"lazy\" decoding=\"async\" class=\"alignnone size-full wp-image-3507\" src=\"https:\/\/fmp-components.com\/wp-content\/uploads\/2025\/01\/ep_stainless-steel-motor-1.webp\" sizes=\"(max-width: 379px) 100vw, 379px\" srcset=\"https:\/\/fmp-components.com\/wp-content\/uploads\/2025\/01\/ep_stainless-steel-motor-1.webp 379w, https:\/\/fmp-components.com\/wp-content\/uploads\/2025\/01\/ep_stainless-steel-motor-1-300x200.webp 300w, https:\/\/fmp-components.com\/wp-content\/uploads\/2025\/01\/ep_stainless-steel-motor-1-18x12.webp 18w\" alt=\"motor de a\u00e7o inoxid\u00e1vel\" width=\"379\" height=\"253\" title=\"\"><\/td>\n<td style=\"width: 26.134%;\" align=\"right\" width=\"64\"><img loading=\"lazy\" decoding=\"async\" class=\"alignnone size-full wp-image-3508\" src=\"https:\/\/fmp-components.com\/wp-content\/uploads\/2025\/01\/ep_stainless-steel-motor-2-2.webp\" sizes=\"(max-width: 379px) 100vw, 379px\" srcset=\"https:\/\/fmp-components.com\/wp-content\/uploads\/2025\/01\/ep_stainless-steel-motor-2-2.webp 379w, https:\/\/fmp-components.com\/wp-content\/uploads\/2025\/01\/ep_stainless-steel-motor-2-2-300x200.webp 300w, https:\/\/fmp-components.com\/wp-content\/uploads\/2025\/01\/ep_stainless-steel-motor-2-2-18x12.webp 18w\" alt=\"motor de a\u00e7o inoxid\u00e1vel\" width=\"379\" height=\"253\" title=\"\"><\/td>\n<td style=\"width: 25.162%;\" align=\"right\" width=\"64\"><img loading=\"lazy\" decoding=\"async\" class=\"alignnone size-full wp-image-3509\" src=\"https:\/\/fmp-components.com\/wp-content\/uploads\/2025\/01\/ep_stainless-steel-motor-6.webp\" sizes=\"(max-width: 379px) 100vw, 379px\" srcset=\"https:\/\/fmp-components.com\/wp-content\/uploads\/2025\/01\/ep_stainless-steel-motor-6.webp 379w, https:\/\/fmp-components.com\/wp-content\/uploads\/2025\/01\/ep_stainless-steel-motor-6-300x200.webp 300w, https:\/\/fmp-components.com\/wp-content\/uploads\/2025\/01\/ep_stainless-steel-motor-6-18x12.webp 18w\" alt=\"motor de a\u00e7o inoxid\u00e1vel\" width=\"379\" height=\"253\" title=\"\"><\/td>\n<td style=\"width: 22.6782%;\" align=\"right\" width=\"64\"><img loading=\"lazy\" decoding=\"async\" class=\"alignnone size-full wp-image-3510\" src=\"https:\/\/fmp-components.com\/wp-content\/uploads\/2025\/01\/ep_stainless-steel-motor-300x200-1.webp\" sizes=\"(max-width: 300px) 100vw, 300px\" srcset=\"https:\/\/fmp-components.com\/wp-content\/uploads\/2025\/01\/ep_stainless-steel-motor-300x200-1.webp 300w, https:\/\/fmp-components.com\/wp-content\/uploads\/2025\/01\/ep_stainless-steel-motor-300x200-1-18x12.webp 18w\" alt=\"motor de a\u00e7o inoxid\u00e1vel\" width=\"300\" height=\"200\" title=\"\"><\/td>\n<\/tr>\n<tr>\n<td style=\"width: 25.8099%;\" align=\"right\" height=\"18\">Motor de \u00edm\u00e3 permanente de a\u00e7o inoxid\u00e1vel<\/td>\n<td style=\"width: 26.134%;\" align=\"right\">Motor de a\u00e7o inoxid\u00e1vel refrigerado a \u00e1gua<\/td>\n<td style=\"width: 25.162%;\" align=\"right\">Motor el\u00e9trico para ind\u00fastria aliment\u00edcia<\/td>\n<td style=\"width: 22.6782%;\" align=\"right\">Motor de a\u00e7o inoxid\u00e1vel<\/td>\n<\/tr>\n<tr>\n<td style=\"width: 25.8099%;\" align=\"right\" height=\"18\"><img loading=\"lazy\" decoding=\"async\" class=\"alignnone size-full wp-image-3511\" src=\"https:\/\/fmp-components.com\/wp-content\/uploads\/2025\/01\/ep_stainless-steel-motor-4.webp\" sizes=\"(max-width: 379px) 100vw, 379px\" srcset=\"https:\/\/fmp-components.com\/wp-content\/uploads\/2025\/01\/ep_stainless-steel-motor-4.webp 379w, https:\/\/fmp-components.com\/wp-content\/uploads\/2025\/01\/ep_stainless-steel-motor-4-300x200.webp 300w, https:\/\/fmp-components.com\/wp-content\/uploads\/2025\/01\/ep_stainless-steel-motor-4-18x12.webp 18w\" alt=\"motor de a\u00e7o inoxid\u00e1vel\" width=\"379\" height=\"253\" title=\"\"><\/td>\n<td style=\"width: 26.134%;\" align=\"right\"><img loading=\"lazy\" decoding=\"async\" class=\"alignnone size-full wp-image-3512\" src=\"https:\/\/fmp-components.com\/wp-content\/uploads\/2025\/01\/ep_stainless-steel-motor-3.webp\" sizes=\"(max-width: 379px) 100vw, 379px\" srcset=\"https:\/\/fmp-components.com\/wp-content\/uploads\/2025\/01\/ep_stainless-steel-motor-3.webp 379w, https:\/\/fmp-components.com\/wp-content\/uploads\/2025\/01\/ep_stainless-steel-motor-3-300x200.webp 300w, https:\/\/fmp-components.com\/wp-content\/uploads\/2025\/01\/ep_stainless-steel-motor-3-18x12.webp 18w\" alt=\"motor de a\u00e7o inoxid\u00e1vel\" width=\"379\" height=\"253\" title=\"\"><\/td>\n<td style=\"width: 25.162%;\" align=\"right\"><img loading=\"lazy\" decoding=\"async\" class=\"alignnone size-full wp-image-3513\" src=\"https:\/\/fmp-components.com\/wp-content\/uploads\/2025\/01\/ep_stainless-steel-motor-5.webp\" sizes=\"(max-width: 379px) 100vw, 379px\" srcset=\"https:\/\/fmp-components.com\/wp-content\/uploads\/2025\/01\/ep_stainless-steel-motor-5.webp 379w, https:\/\/fmp-components.com\/wp-content\/uploads\/2025\/01\/ep_stainless-steel-motor-5-300x200.webp 300w, https:\/\/fmp-components.com\/wp-content\/uploads\/2025\/01\/ep_stainless-steel-motor-5-18x12.webp 18w\" alt=\"motor de a\u00e7o inoxid\u00e1vel\" width=\"379\" height=\"253\" title=\"\"><\/td>\n<td style=\"width: 22.6782%;\" align=\"right\"><img loading=\"lazy\" decoding=\"async\" class=\"alignnone wp-image-3514\" src=\"https:\/\/fmp-components.com\/wp-content\/uploads\/2025\/01\/ep_stainless-steel-motor-6-1.webp\" sizes=\"(max-width: 379px) 100vw, 379px\" srcset=\"https:\/\/fmp-components.com\/wp-content\/uploads\/2025\/01\/ep_stainless-steel-motor-6-1.webp 379w, https:\/\/fmp-components.com\/wp-content\/uploads\/2025\/01\/ep_stainless-steel-motor-6-1-300x200.webp 300w, https:\/\/fmp-components.com\/wp-content\/uploads\/2025\/01\/ep_stainless-steel-motor-6-1-18x12.webp 18w\" alt=\"motor de a\u00e7o inoxid\u00e1vel\" width=\"220\" height=\"147\" title=\"\"><\/td>\n<\/tr>\n<tr>\n<td style=\"width: 25.8099%;\" align=\"right\" height=\"18\">Motor CA para m\u00e1quinas de alimentos emulsionados IEC<\/td>\n<td style=\"width: 26.134%;\" align=\"right\">Motor ass\u00edncrono NEMA 56C<\/td>\n<td style=\"width: 25.162%;\" align=\"right\">Motor CA de a\u00e7o inoxid\u00e1vel IEC<\/td>\n<td style=\"width: 22.6782%;\">Motor IEC de alta efici\u00eancia totalmente em a\u00e7o inoxid\u00e1vel<\/td>\n<\/tr>\n<tr>\n<td style=\"width: 25.8099%;\" align=\"right\" width=\"64\" height=\"18\"><img loading=\"lazy\" decoding=\"async\" class=\"alignnone size-full wp-image-3515\" src=\"https:\/\/fmp-components.com\/wp-content\/uploads\/2025\/01\/ep_stainless-steel-motor-2.webp\" sizes=\"(max-width: 379px) 100vw, 379px\" srcset=\"https:\/\/fmp-components.com\/wp-content\/uploads\/2025\/01\/ep_stainless-steel-motor-2.webp 379w, https:\/\/fmp-components.com\/wp-content\/uploads\/2025\/01\/ep_stainless-steel-motor-2-300x200.webp 300w, https:\/\/fmp-components.com\/wp-content\/uploads\/2025\/01\/ep_stainless-steel-motor-2-18x12.webp 18w\" alt=\"motor de a\u00e7o inoxid\u00e1vel\" width=\"379\" height=\"253\" title=\"\"><\/td>\n<td style=\"width: 26.134%;\" align=\"right\" width=\"64\"><img loading=\"lazy\" decoding=\"async\" class=\"alignnone size-full wp-image-3516\" src=\"https:\/\/fmp-components.com\/wp-content\/uploads\/2025\/01\/ep_stainless-steel-motor-8.webp\" sizes=\"(max-width: 379px) 100vw, 379px\" srcset=\"https:\/\/fmp-components.com\/wp-content\/uploads\/2025\/01\/ep_stainless-steel-motor-8.webp 379w, https:\/\/fmp-components.com\/wp-content\/uploads\/2025\/01\/ep_stainless-steel-motor-8-300x200.webp 300w, https:\/\/fmp-components.com\/wp-content\/uploads\/2025\/01\/ep_stainless-steel-motor-8-18x12.webp 18w\" alt=\"motor de a\u00e7o inoxid\u00e1vel\" width=\"379\" height=\"253\" title=\"\"><\/td>\n<td style=\"width: 25.162%;\" align=\"right\" width=\"64\"><img loading=\"lazy\" decoding=\"async\" class=\"alignnone size-full wp-image-3517\" src=\"https:\/\/fmp-components.com\/wp-content\/uploads\/2025\/01\/ep_stainless-steel-motor-7.webp\" sizes=\"(max-width: 379px) 100vw, 379px\" srcset=\"https:\/\/fmp-components.com\/wp-content\/uploads\/2025\/01\/ep_stainless-steel-motor-7.webp 379w, https:\/\/fmp-components.com\/wp-content\/uploads\/2025\/01\/ep_stainless-steel-motor-7-300x200.webp 300w, https:\/\/fmp-components.com\/wp-content\/uploads\/2025\/01\/ep_stainless-steel-motor-7-18x12.webp 18w\" alt=\"motor de a\u00e7o inoxid\u00e1vel\" width=\"379\" height=\"253\" title=\"\"><\/td>\n<td style=\"width: 22.6782%;\" align=\"right\" width=\"64\"><\/td>\n<\/tr>\n<tr>\n<td style=\"width: 25.8099%;\" align=\"right\" height=\"18\">Motor para equipamento de depila\u00e7\u00e3o de frangos e patos<\/td>\n<td style=\"width: 26.134%;\" align=\"right\">Motor de a\u00e7o inoxid\u00e1vel de qualidade alimentar NEMA<\/td>\n<td style=\"width: 25.162%;\" align=\"right\">Motor de a\u00e7o inoxid\u00e1vel IEC de grau aliment\u00edcio<\/td>\n<td style=\"width: 22.6782%;\" align=\"right\"><\/td>\n<\/tr>\n<\/tbody>\n<\/table>\n<h2>Sobre a FMP<\/h2>\n<p>A FMP \u00e9 uma empresa l\u00edder em alta tecnologia, especializada em projeto, desenvolvimento e fabrica\u00e7\u00e3o de motores avan\u00e7ados e solu\u00e7\u00f5es eletromec\u00e2nicas. Nosso portf\u00f3lio de produtos inclui os motores das s\u00e9ries YE2, YE3 e YE4, al\u00e9m de uma ampla gama de produtos derivados. Tamb\u00e9m oferecemos motores especializados para bombas hidr\u00e1ulicas, incluindo op\u00e7\u00f5es trif\u00e1sicas e monof\u00e1sicas, motores com carca\u00e7a de alum\u00ednio, motores n\u00e3o padronizados, redutores de turbina com integra\u00e7\u00e3o eletromec\u00e2nica e outras solu\u00e7\u00f5es de motores sob medida.<\/p>\n<p>Nossos produtos s\u00e3o amplamente utilizados em diversos setores, incluindo automa\u00e7\u00e3o industrial, usinagem CNC, cal\u00e7ados, marcenaria, metalurgia, pl\u00e1sticos e m\u00e1quinas para constru\u00e7\u00e3o. O compromisso da FMP com a inova\u00e7\u00e3o e a qualidade garante que todos os produtos atendam aos mais altos padr\u00f5es de desempenho e confiabilidade.<\/p>\n<p>Al\u00e9m de nossos produtos padr\u00e3o, temos orgulho de fornecer solu\u00e7\u00f5es de engenharia personalizadas, adaptadas \u00e0s necessidades \u00fanicas de nossos clientes. Sejam motores especializados, produtos n\u00e3o padronizados ou sistemas totalmente integrados, a FMP trabalha em estreita colabora\u00e7\u00e3o com os clientes para fornecer solu\u00e7\u00f5es precisas e de alta qualidade. Nossa \u00eanfase em engenharia de precis\u00e3o e satisfa\u00e7\u00e3o do cliente impulsiona nosso crescimento e sucesso cont\u00ednuos em mercados globais.<\/p>\n<p>Na FMP, nos concentramos em cultivar parcerias de longo prazo e mutuamente ben\u00e9ficas. Estamos dedicados a apoiar o sucesso dos nossos clientes, garantindo que cada projeto gere resultados excepcionais e fortale\u00e7a a nossa presen\u00e7a global.<\/p>\n<table style=\"width: 100.629%;\" border=\"0\" width=\"128\" cellspacing=\"0\" cellpadding=\"0\">\n<tbody>\n<tr>\n<td style=\"width: 49.2308%;\" align=\"right\" width=\"64\" height=\"18\"><img loading=\"lazy\" decoding=\"async\" class=\"alignnone size-full wp-image-3398\" src=\"https:\/\/fmp-components.com\/wp-content\/uploads\/2025\/01\/Three-Phase-Motor-Factory.webp\" sizes=\"(min-width: 0px) and (max-width: 480px) 480px, (min-width: 481px) 900px, 100vw\" srcset=\"https:\/\/fmp-components.com\/wp-content\/uploads\/2025\/01\/Three-Phase-Motor-Factory.webp 900w, https:\/\/fmp-components.com\/wp-content\/uploads\/2025\/01\/Three-Phase-Motor-Factory-480x320.webp 480w\" alt=\"F\u00e1brica de motores trif\u00e1sicos\" width=\"900\" height=\"600\" title=\"\"><\/td>\n<td style=\"width: 659.231%;\" align=\"right\" width=\"64\"><img loading=\"lazy\" decoding=\"async\" class=\"alignnone size-full wp-image-3399\" src=\"https:\/\/fmp-components.com\/wp-content\/uploads\/2025\/01\/Three-Phase-Motor-Factory-2.webp\" sizes=\"(min-width: 0px) and (max-width: 480px) 480px, (min-width: 481px) 900px, 100vw\" srcset=\"https:\/\/fmp-components.com\/wp-content\/uploads\/2025\/01\/Three-Phase-Motor-Factory-2.webp 900w, https:\/\/fmp-components.com\/wp-content\/uploads\/2025\/01\/Three-Phase-Motor-Factory-2-480x320.webp 480w\" alt=\"F\u00e1brica de Motores Trif\u00e1sicos 2\" width=\"900\" height=\"600\" title=\"\"><\/td>\n<\/tr>\n<tr>\n<td style=\"width: 49.2308%;\" align=\"right\" height=\"18\"><img loading=\"lazy\" decoding=\"async\" class=\"alignnone size-full wp-image-3400\" src=\"https:\/\/fmp-components.com\/wp-content\/uploads\/2025\/01\/China-Three-Phase-Motor-Factory-1.webp\" sizes=\"(min-width: 0px) and (max-width: 480px) 480px, (min-width: 481px) 900px, 100vw\" srcset=\"https:\/\/fmp-components.com\/wp-content\/uploads\/2025\/01\/China-Three-Phase-Motor-Factory-1.webp 900w, https:\/\/fmp-components.com\/wp-content\/uploads\/2025\/01\/China-Three-Phase-Motor-Factory-1-480x320.webp 480w\" alt=\"F\u00e1brica de Motores Trif\u00e1sicos 1\" width=\"900\" height=\"600\" title=\"\"><\/td>\n<td style=\"width: 659.231%;\" align=\"right\"><img loading=\"lazy\" decoding=\"async\" class=\"alignnone size-full wp-image-3401\" src=\"https:\/\/fmp-components.com\/wp-content\/uploads\/2025\/01\/Three-Phase-Motor-Factory-3.webp\" sizes=\"(min-width: 0px) and (max-width: 480px) 480px, (min-width: 481px) 900px, 100vw\" srcset=\"https:\/\/fmp-components.com\/wp-content\/uploads\/2025\/01\/Three-Phase-Motor-Factory-3.webp 900w, https:\/\/fmp-components.com\/wp-content\/uploads\/2025\/01\/Three-Phase-Motor-Factory-3-480x320.webp 480w\" alt=\"F\u00e1brica de Motores Trif\u00e1sicos 3\" width=\"900\" height=\"600\" title=\"\"><\/td>\n<\/tr>\n<tr>\n<td style=\"width: 49.2308%;\"><img loading=\"lazy\" decoding=\"async\" class=\"alignnone size-full wp-image-3471\" src=\"https:\/\/fmp-components.com\/wp-content\/uploads\/2025\/01\/Single-Phase-Induction-Motor-Suppliers.webp\" sizes=\"(min-width: 0px) and (max-width: 480px) 480px, (min-width: 481px) 900px, 100vw\" srcset=\"https:\/\/fmp-components.com\/wp-content\/uploads\/2025\/01\/Single-Phase-Induction-Motor-Suppliers.webp 900w, https:\/\/fmp-components.com\/wp-content\/uploads\/2025\/01\/Single-Phase-Induction-Motor-Suppliers-480x320.webp 480w\" alt=\"Fornecedores de motores de indu\u00e7\u00e3o monof\u00e1sicos\" width=\"900\" height=\"600\" title=\"\"><\/td>\n<td style=\"width: 659.231%;\"><img loading=\"lazy\" decoding=\"async\" class=\"alignnone size-full wp-image-3470\" src=\"https:\/\/fmp-components.com\/wp-content\/uploads\/2025\/01\/Single-Phase-Induction-Motor-Manufacturers-1.webp\" sizes=\"(min-width: 0px) and (max-width: 480px) 480px, (min-width: 481px) 900px, 100vw\" srcset=\"https:\/\/fmp-components.com\/wp-content\/uploads\/2025\/01\/Single-Phase-Induction-Motor-Manufacturers-1.webp 900w, https:\/\/fmp-components.com\/wp-content\/uploads\/2025\/01\/Single-Phase-Induction-Motor-Manufacturers-1-480x320.webp 480w\" alt=\"Fabricantes de motores de indu\u00e7\u00e3o monof\u00e1sicos 1\" width=\"900\" height=\"600\" title=\"\"><\/td>\n<\/tr>\n<tr>\n<td style=\"width: 49.2308%;\"><img loading=\"lazy\" decoding=\"async\" class=\"alignnone size-full wp-image-3472\" src=\"https:\/\/fmp-components.com\/wp-content\/uploads\/2025\/01\/Single-Phase-Induction-Motor-Manufacturers.webp\" sizes=\"(min-width: 0px) and (max-width: 480px) 480px, (min-width: 481px) 900px, 100vw\" srcset=\"https:\/\/fmp-components.com\/wp-content\/uploads\/2025\/01\/Single-Phase-Induction-Motor-Manufacturers.webp 900w, https:\/\/fmp-components.com\/wp-content\/uploads\/2025\/01\/Single-Phase-Induction-Motor-Manufacturers-480x320.webp 480w\" alt=\"Fabricantes de motores de indu\u00e7\u00e3o monof\u00e1sicos\" width=\"900\" height=\"600\" title=\"\"><\/td>\n<td style=\"width: 659.231%;\"><img loading=\"lazy\" decoding=\"async\" class=\"alignnone size-full wp-image-3473\" src=\"https:\/\/fmp-components.com\/wp-content\/uploads\/2025\/01\/Single-Phase-Induction-Motor-for-Sale.webp\" sizes=\"(min-width: 0px) and (max-width: 480px) 480px, (min-width: 481px) 900px, 100vw\" srcset=\"https:\/\/fmp-components.com\/wp-content\/uploads\/2025\/01\/Single-Phase-Induction-Motor-for-Sale.webp 900w, https:\/\/fmp-components.com\/wp-content\/uploads\/2025\/01\/Single-Phase-Induction-Motor-for-Sale-480x320.webp 480w\" alt=\"Motor de indu\u00e7\u00e3o monof\u00e1sico \u00e0 venda\" width=\"900\" height=\"600\" title=\"\"><\/td>\n<\/tr>\n<\/tbody>\n<\/table>\n<p>Autor: CX<\/p>","protected":false},"excerpt":{"rendered":"<p>Frame Type Flange type Poles D E F G M N P R S T Flange Hole Shaft Hole AC AD 63 FT115 2,4 11 23 4 8.5 115 95 140 0 10 2.5 4 M4 114 117 71 FT130 2.4.6 14 30 5 11 130 110 160 0 10 2.5 4 M5 134 129 [&hellip;]<\/p>","protected":false},"featured_media":3552,"comment_status":"open","ping_status":"closed","template":"","meta":{"_et_pb_use_builder":"","_et_pb_old_content":"","_et_gb_content_width":""},"product_brand":[],"product_cat":[88],"product_tag":[],"class_list":{"0":"post-3551","1":"product","2":"type-product","3":"status-publish","4":"has-post-thumbnail","6":"product_cat-stainless-steel-motors","8":"first","9":"instock","10":"shipping-taxable","11":"product-type-simple"},"_links":{"self":[{"href":"https:\/\/fmp-components.com\/pt\/wp-json\/wp\/v2\/product\/3551","targetHints":{"allow":["GET"]}}],"collection":[{"href":"https:\/\/fmp-components.com\/pt\/wp-json\/wp\/v2\/product"}],"about":[{"href":"https:\/\/fmp-components.com\/pt\/wp-json\/wp\/v2\/types\/product"}],"replies":[{"embeddable":true,"href":"https:\/\/fmp-components.com\/pt\/wp-json\/wp\/v2\/comments?post=3551"}],"wp:featuredmedia":[{"embeddable":true,"href":"https:\/\/fmp-components.com\/pt\/wp-json\/wp\/v2\/media\/3552"}],"wp:attachment":[{"href":"https:\/\/fmp-components.com\/pt\/wp-json\/wp\/v2\/media?parent=3551"}],"wp:term":[{"taxonomy":"product_brand","embeddable":true,"href":"https:\/\/fmp-components.com\/pt\/wp-json\/wp\/v2\/product_brand?post=3551"},{"taxonomy":"product_cat","embeddable":true,"href":"https:\/\/fmp-components.com\/pt\/wp-json\/wp\/v2\/product_cat?post=3551"},{"taxonomy":"product_tag","embeddable":true,"href":"https:\/\/fmp-components.com\/pt\/wp-json\/wp\/v2\/product_tag?post=3551"}],"curies":[{"name":"wp","href":"https:\/\/api.w.org\/{rel}","templated":true}]}}