{"id":3532,"date":"2025-01-08T03:11:19","date_gmt":"2025-01-08T03:11:19","guid":{"rendered":"https:\/\/fmp-components.com\/?page_id=8"},"modified":"2025-01-08T03:22:57","modified_gmt":"2025-01-08T03:22:57","slug":"ip67-waterproof-nema-stainless-steel-motor-tenv","status":"publish","type":"product","link":"https:\/\/fmp-components.com\/pt\/product\/ip67-waterproof-nema-stainless-steel-motor-tenv\/","title":{"rendered":"Motor de a\u00e7o inoxid\u00e1vel NEMA \u00e0 prova d'\u00e1gua IP67 TENV"},"content":{"rendered":"<p style=\"text-align: center;\"><span style=\"font-size: 18pt;\">Motor de a\u00e7o inoxid\u00e1vel NEMA \u00e0 prova d'\u00e1gua IP67 TENV<\/span><\/p>\n<p>Os motores de a\u00e7o inoxid\u00e1vel NEMA possuem duas formas estruturais: auto-resfriamento totalmente fechado e resfriamento por ventilador totalmente fechado. Eles atendem aos padr\u00f5es NEMA e apresentam caracter\u00edsticas de alta efici\u00eancia. A efici\u00eancia de motores acima de 1 HP atende ao padr\u00e3o especial de efici\u00eancia. A carca\u00e7a do motor, a tampa da extremidade, o cap\u00f4, a sa\u00edda do eixo, os p\u00e9s da m\u00e1quina e a caixa de terminais s\u00e3o todos feitos de a\u00e7o inoxid\u00e1vel, e a superf\u00edcie externa n\u00e3o \u00e9 pintada. Este motor \u00e9 amplamente utilizado nas ind\u00fastrias de m\u00e1quinas aliment\u00edcias e farmac\u00eauticas.<\/p>\n<p>Inversor de frequ\u00eancia nominal - 6-60 Hz CT, vt\/PWM VFD 1,0 SF<br \/>\nSelo \u00e0 prova d'\u00e1gua no eixo estendido<br \/>\nA tampa final \u00e9 equipada com orif\u00edcios de drenagem, adequados para drenagem em qualquer m\u00e9todo de instala\u00e7\u00e3o<br \/>\nA porta de drenagem tipo T \u00e9 instalada na base da tampa da extremidade sem eixo e pode ser reposicionada<br \/>\nA segunda porta de drenagem tipo T \u00e9 usada para a extremidade do eixo, que pode ser instalada pelo cliente em um ponto de drenagem adequado<\/p>\n<h2>Par\u00e2metros do motor de a\u00e7o inoxid\u00e1vel<\/h2>\n<p><img loading=\"lazy\" decoding=\"async\" class=\"alignnone wp-image-3533\" src=\"https:\/\/fmp-components.com\/wp-content\/uploads\/2025\/01\/ep_8.stainless-steel-motor-1.webp\" alt=\"fmp_8.motor-de-a\u00e7o-inoxid\u00e1vel-1\" width=\"915\" height=\"375\" title=\"\" srcset=\"https:\/\/fmp-components.com\/wp-content\/uploads\/2025\/01\/ep_8.stainless-steel-motor-1.webp 915w, https:\/\/fmp-components.com\/wp-content\/uploads\/2025\/01\/ep_8.stainless-steel-motor-1-480x197.webp 480w\" sizes=\"(min-width: 0px) and (max-width: 480px) 480px, (min-width: 481px) 915px, 100vw\" \/><\/p>\n<table style=\"width: 99.8454%;\" border=\"1\">\n<tbody>\n<tr>\n<td style=\"width: 7.20461%;\"><strong>Quadro\u00a0<\/strong><\/td>\n<td style=\"width: 3.31412%;\"><strong>UM<\/strong><\/td>\n<td style=\"width: 4.46686%;\"><strong>BB<\/strong><\/td>\n<td style=\"width: 4.46686%;\"><strong>BA<\/strong><\/td>\n<td style=\"width: 4.46686%;\"><strong>NO<\/strong><\/td>\n<td style=\"width: 5.6196%;\"><strong>Voc\u00ea<\/strong><\/td>\n<td style=\"width: 5.6196%;\"><strong>R<\/strong><\/td>\n<td style=\"width: 5.6196%;\"><strong>S<\/strong><\/td>\n<td style=\"width: 4.46686%;\"><strong>ES<\/strong><\/td>\n<td style=\"width: 4.46686%;\"><strong>E<\/strong><\/td>\n<td style=\"width: 2.88184%;\"><strong>2F<\/strong><\/td>\n<td style=\"width: 4.46686%;\"><strong>B<\/strong><\/td>\n<td style=\"width: 4.46686%;\"><strong>H<\/strong><\/td>\n<td style=\"width: 5.76369%;\"><strong>BF<\/strong><\/td>\n<td style=\"width: 5.6196%;\"><strong>AJ<\/strong><\/td>\n<td style=\"width: 3.45821%;\"><strong>AK<\/strong><\/td>\n<td style=\"width: 4.46686%;\"><strong>P<\/strong><\/td>\n<td style=\"width: 4.46686%;\"><strong>AB<\/strong><\/td>\n<td style=\"width: 5.6196%;\"><strong>D<\/strong><\/td>\n<td style=\"width: 38.1844%;\"><strong>O<\/strong><\/td>\n<\/tr>\n<tr>\n<td style=\"width: 7.20461%;\">56C<\/td>\n<td style=\"width: 3.31412%;\">6.5<\/td>\n<td style=\"width: 4.46686%;\">0.16<\/td>\n<td style=\"width: 4.46686%;\">2.75<\/td>\n<td style=\"width: 4.46686%;\">1.88<\/td>\n<td style=\"width: 5.6196%;\">0.625<\/td>\n<td style=\"width: 5.6196%;\">0.517<\/td>\n<td style=\"width: 5.6196%;\">0.188<\/td>\n<td style=\"width: 4.46686%;\">1.41<\/td>\n<td style=\"width: 4.46686%;\">2.44<\/td>\n<td style=\"width: 2.88184%;\">3<\/td>\n<td style=\"width: 4.46686%;\">3.87<\/td>\n<td style=\"width: 4.46686%;\">0.34<\/td>\n<td style=\"width: 5.76369%;\">3\/8-16<\/td>\n<td style=\"width: 5.6196%;\">5.875<\/td>\n<td style=\"width: 3.45821%;\">4.5<\/td>\n<td style=\"width: 4.46686%;\">6.46<\/td>\n<td style=\"width: 4.46686%;\">5.79<\/td>\n<td style=\"width: 5.6196%;\">3.504<\/td>\n<td style=\"width: 38.1844%;\">6.73<\/td>\n<\/tr>\n<tr>\n<td style=\"width: 7.20461%;\">143TC<\/td>\n<td style=\"width: 3.31412%;\">6.5<\/td>\n<td style=\"width: 4.46686%;\">0.16<\/td>\n<td style=\"width: 4.46686%;\">2.75<\/td>\n<td style=\"width: 4.46686%;\">2.25<\/td>\n<td style=\"width: 5.6196%;\">0.771<\/td>\n<td style=\"width: 5.6196%;\">0.771<\/td>\n<td style=\"width: 5.6196%;\">0.188<\/td>\n<td style=\"width: 4.46686%;\">1.41<\/td>\n<td style=\"width: 4.46686%;\">2.44<\/td>\n<td style=\"width: 2.88184%;\">4<\/td>\n<td style=\"width: 4.46686%;\">4.87<\/td>\n<td style=\"width: 4.46686%;\">4.87<\/td>\n<td style=\"width: 5.76369%;\">3\/8-16<\/td>\n<td style=\"width: 5.6196%;\">5.875<\/td>\n<td style=\"width: 3.45821%;\">4.5<\/td>\n<td style=\"width: 4.46686%;\">6.46<\/td>\n<td style=\"width: 4.46686%;\">5.79<\/td>\n<td style=\"width: 5.6196%;\">3.504<\/td>\n<td style=\"width: 38.1844%;\">6.73<\/td>\n<\/tr>\n<tr>\n<td style=\"width: 7.20461%;\">145TC<\/td>\n<td style=\"width: 3.31412%;\">6.5<\/td>\n<td style=\"width: 4.46686%;\">0.16<\/td>\n<td style=\"width: 4.46686%;\">2.75<\/td>\n<td style=\"width: 4.46686%;\">2.25<\/td>\n<td style=\"width: 5.6196%;\">0.771<\/td>\n<td style=\"width: 5.6196%;\">0.771<\/td>\n<td style=\"width: 5.6196%;\">0.188<\/td>\n<td style=\"width: 4.46686%;\">1.41<\/td>\n<td style=\"width: 4.46686%;\">2.44<\/td>\n<td style=\"width: 2.88184%;\">5<\/td>\n<td style=\"width: 4.46686%;\">4.87<\/td>\n<td style=\"width: 4.46686%;\">5.87<\/td>\n<td style=\"width: 5.76369%;\">3\/8-16<\/td>\n<td style=\"width: 5.6196%;\">5.875<\/td>\n<td style=\"width: 3.45821%;\">4.5<\/td>\n<td style=\"width: 4.46686%;\">6.46<\/td>\n<td style=\"width: 4.46686%;\">5.79<\/td>\n<td style=\"width: 5.6196%;\">3.504<\/td>\n<td style=\"width: 38.1844%;\">6.73<\/td>\n<\/tr>\n<\/tbody>\n<\/table>\n<h2>Motor de a\u00e7o inoxid\u00e1vel relacionado<\/h2>\n<table style=\"width: 100%;\" border=\"1\" width=\"100%\" cellspacing=\"0\" cellpadding=\"0\">\n<tbody>\n<tr>\n<td style=\"width: 25.378%;\" align=\"right\" width=\"64\" height=\"18\"><img loading=\"lazy\" decoding=\"async\" class=\"alignnone size-full wp-image-3507\" src=\"https:\/\/fmp-components.com\/wp-content\/uploads\/2025\/01\/ep_stainless-steel-motor-1.webp\" sizes=\"(max-width: 379px) 100vw, 379px\" srcset=\"https:\/\/fmp-components.com\/wp-content\/uploads\/2025\/01\/ep_stainless-steel-motor-1.webp 379w, https:\/\/fmp-components.com\/wp-content\/uploads\/2025\/01\/ep_stainless-steel-motor-1-300x200.webp 300w, https:\/\/fmp-components.com\/wp-content\/uploads\/2025\/01\/ep_stainless-steel-motor-1-18x12.webp 18w\" alt=\"motor de a\u00e7o inoxid\u00e1vel\" width=\"379\" height=\"253\" title=\"\"><\/td>\n<td style=\"width: 26.3499%;\" align=\"right\" width=\"64\"><img loading=\"lazy\" decoding=\"async\" class=\"alignnone size-full wp-image-3508\" src=\"https:\/\/fmp-components.com\/wp-content\/uploads\/2025\/01\/ep_stainless-steel-motor-2-2.webp\" sizes=\"(max-width: 379px) 100vw, 379px\" srcset=\"https:\/\/fmp-components.com\/wp-content\/uploads\/2025\/01\/ep_stainless-steel-motor-2-2.webp 379w, https:\/\/fmp-components.com\/wp-content\/uploads\/2025\/01\/ep_stainless-steel-motor-2-2-300x200.webp 300w, https:\/\/fmp-components.com\/wp-content\/uploads\/2025\/01\/ep_stainless-steel-motor-2-2-18x12.webp 18w\" alt=\"motor de a\u00e7o inoxid\u00e1vel\" width=\"379\" height=\"253\" title=\"\"><\/td>\n<td style=\"width: 25.486%;\" align=\"right\" width=\"64\"><img loading=\"lazy\" decoding=\"async\" class=\"alignnone size-full wp-image-3509\" src=\"https:\/\/fmp-components.com\/wp-content\/uploads\/2025\/01\/ep_stainless-steel-motor-6.webp\" sizes=\"(max-width: 379px) 100vw, 379px\" srcset=\"https:\/\/fmp-components.com\/wp-content\/uploads\/2025\/01\/ep_stainless-steel-motor-6.webp 379w, https:\/\/fmp-components.com\/wp-content\/uploads\/2025\/01\/ep_stainless-steel-motor-6-300x200.webp 300w, https:\/\/fmp-components.com\/wp-content\/uploads\/2025\/01\/ep_stainless-steel-motor-6-18x12.webp 18w\" alt=\"motor de a\u00e7o inoxid\u00e1vel\" width=\"379\" height=\"253\" title=\"\"><\/td>\n<td style=\"width: 22.5702%;\" align=\"right\" width=\"64\"><img loading=\"lazy\" decoding=\"async\" class=\"alignnone size-full wp-image-3510\" src=\"https:\/\/fmp-components.com\/wp-content\/uploads\/2025\/01\/ep_stainless-steel-motor-300x200-1.webp\" sizes=\"(max-width: 300px) 100vw, 300px\" srcset=\"https:\/\/fmp-components.com\/wp-content\/uploads\/2025\/01\/ep_stainless-steel-motor-300x200-1.webp 300w, https:\/\/fmp-components.com\/wp-content\/uploads\/2025\/01\/ep_stainless-steel-motor-300x200-1-18x12.webp 18w\" alt=\"motor de a\u00e7o inoxid\u00e1vel\" width=\"300\" height=\"200\" title=\"\"><\/td>\n<\/tr>\n<tr>\n<td style=\"width: 25.378%;\" align=\"right\" height=\"18\">Motor de \u00edm\u00e3 permanente de a\u00e7o inoxid\u00e1vel<\/td>\n<td style=\"width: 26.3499%;\" align=\"right\">Motor de a\u00e7o inoxid\u00e1vel refrigerado a \u00e1gua<\/td>\n<td style=\"width: 25.486%;\" align=\"right\">Motor el\u00e9trico para ind\u00fastria aliment\u00edcia<\/td>\n<td style=\"width: 22.5702%;\" align=\"right\">Motor de a\u00e7o inoxid\u00e1vel<\/td>\n<\/tr>\n<tr>\n<td style=\"width: 25.378%;\" align=\"right\" height=\"18\"><img loading=\"lazy\" decoding=\"async\" class=\"alignnone size-full wp-image-3511\" src=\"https:\/\/fmp-components.com\/wp-content\/uploads\/2025\/01\/ep_stainless-steel-motor-4.webp\" sizes=\"(max-width: 379px) 100vw, 379px\" srcset=\"https:\/\/fmp-components.com\/wp-content\/uploads\/2025\/01\/ep_stainless-steel-motor-4.webp 379w, https:\/\/fmp-components.com\/wp-content\/uploads\/2025\/01\/ep_stainless-steel-motor-4-300x200.webp 300w, https:\/\/fmp-components.com\/wp-content\/uploads\/2025\/01\/ep_stainless-steel-motor-4-18x12.webp 18w\" alt=\"motor de a\u00e7o inoxid\u00e1vel\" width=\"379\" height=\"253\" title=\"\"><\/td>\n<td style=\"width: 26.3499%;\" align=\"right\"><img loading=\"lazy\" decoding=\"async\" class=\"alignnone size-full wp-image-3512\" src=\"https:\/\/fmp-components.com\/wp-content\/uploads\/2025\/01\/ep_stainless-steel-motor-3.webp\" sizes=\"(max-width: 379px) 100vw, 379px\" srcset=\"https:\/\/fmp-components.com\/wp-content\/uploads\/2025\/01\/ep_stainless-steel-motor-3.webp 379w, https:\/\/fmp-components.com\/wp-content\/uploads\/2025\/01\/ep_stainless-steel-motor-3-300x200.webp 300w, https:\/\/fmp-components.com\/wp-content\/uploads\/2025\/01\/ep_stainless-steel-motor-3-18x12.webp 18w\" alt=\"motor de a\u00e7o inoxid\u00e1vel\" width=\"379\" height=\"253\" title=\"\"><\/td>\n<td style=\"width: 25.486%;\" align=\"right\"><img loading=\"lazy\" decoding=\"async\" class=\"alignnone size-full wp-image-3513\" src=\"https:\/\/fmp-components.com\/wp-content\/uploads\/2025\/01\/ep_stainless-steel-motor-5.webp\" sizes=\"(max-width: 379px) 100vw, 379px\" srcset=\"https:\/\/fmp-components.com\/wp-content\/uploads\/2025\/01\/ep_stainless-steel-motor-5.webp 379w, https:\/\/fmp-components.com\/wp-content\/uploads\/2025\/01\/ep_stainless-steel-motor-5-300x200.webp 300w, https:\/\/fmp-components.com\/wp-content\/uploads\/2025\/01\/ep_stainless-steel-motor-5-18x12.webp 18w\" alt=\"motor de a\u00e7o inoxid\u00e1vel\" width=\"379\" height=\"253\" title=\"\"><\/td>\n<td style=\"width: 22.5702%;\" align=\"right\"><img loading=\"lazy\" decoding=\"async\" class=\"alignnone size-full wp-image-3514\" src=\"https:\/\/fmp-components.com\/wp-content\/uploads\/2025\/01\/ep_stainless-steel-motor-6-1.webp\" sizes=\"(max-width: 379px) 100vw, 379px\" srcset=\"https:\/\/fmp-components.com\/wp-content\/uploads\/2025\/01\/ep_stainless-steel-motor-6-1.webp 379w, https:\/\/fmp-components.com\/wp-content\/uploads\/2025\/01\/ep_stainless-steel-motor-6-1-300x200.webp 300w, https:\/\/fmp-components.com\/wp-content\/uploads\/2025\/01\/ep_stainless-steel-motor-6-1-18x12.webp 18w\" alt=\"motor de a\u00e7o inoxid\u00e1vel\" width=\"379\" height=\"253\" title=\"\"><\/td>\n<\/tr>\n<tr>\n<td style=\"width: 25.378%;\" align=\"right\" height=\"18\">Motor CA para m\u00e1quinas de alimentos emulsionados IEC<\/td>\n<td style=\"width: 26.3499%;\" align=\"right\">Motor ass\u00edncrono NEMA 56C<\/td>\n<td style=\"width: 25.486%;\" align=\"right\">Motor CA de a\u00e7o inoxid\u00e1vel IEC<\/td>\n<td style=\"width: 22.5702%;\">Motor IEC de alta efici\u00eancia totalmente em a\u00e7o inoxid\u00e1vel<\/td>\n<\/tr>\n<tr>\n<td style=\"width: 25.378%;\" align=\"right\" width=\"64\" height=\"18\"><img loading=\"lazy\" decoding=\"async\" class=\"alignnone size-full wp-image-3515\" src=\"https:\/\/fmp-components.com\/wp-content\/uploads\/2025\/01\/ep_stainless-steel-motor-2.webp\" sizes=\"(max-width: 379px) 100vw, 379px\" srcset=\"https:\/\/fmp-components.com\/wp-content\/uploads\/2025\/01\/ep_stainless-steel-motor-2.webp 379w, https:\/\/fmp-components.com\/wp-content\/uploads\/2025\/01\/ep_stainless-steel-motor-2-300x200.webp 300w, https:\/\/fmp-components.com\/wp-content\/uploads\/2025\/01\/ep_stainless-steel-motor-2-18x12.webp 18w\" alt=\"motor de a\u00e7o inoxid\u00e1vel\" width=\"379\" height=\"253\" title=\"\"><\/td>\n<td style=\"width: 26.3499%;\" align=\"right\" width=\"64\"><img loading=\"lazy\" decoding=\"async\" class=\"alignnone size-full wp-image-3516\" src=\"https:\/\/fmp-components.com\/wp-content\/uploads\/2025\/01\/ep_stainless-steel-motor-8.webp\" sizes=\"(max-width: 379px) 100vw, 379px\" srcset=\"https:\/\/fmp-components.com\/wp-content\/uploads\/2025\/01\/ep_stainless-steel-motor-8.webp 379w, https:\/\/fmp-components.com\/wp-content\/uploads\/2025\/01\/ep_stainless-steel-motor-8-300x200.webp 300w, https:\/\/fmp-components.com\/wp-content\/uploads\/2025\/01\/ep_stainless-steel-motor-8-18x12.webp 18w\" alt=\"motor de a\u00e7o inoxid\u00e1vel\" width=\"379\" height=\"253\" title=\"\"><\/td>\n<td style=\"width: 25.486%;\" align=\"right\" width=\"64\"><img loading=\"lazy\" decoding=\"async\" class=\"alignnone size-full wp-image-3517\" src=\"https:\/\/fmp-components.com\/wp-content\/uploads\/2025\/01\/ep_stainless-steel-motor-7.webp\" sizes=\"(max-width: 379px) 100vw, 379px\" srcset=\"https:\/\/fmp-components.com\/wp-content\/uploads\/2025\/01\/ep_stainless-steel-motor-7.webp 379w, https:\/\/fmp-components.com\/wp-content\/uploads\/2025\/01\/ep_stainless-steel-motor-7-300x200.webp 300w, https:\/\/fmp-components.com\/wp-content\/uploads\/2025\/01\/ep_stainless-steel-motor-7-18x12.webp 18w\" alt=\"motor de a\u00e7o inoxid\u00e1vel\" width=\"379\" height=\"253\" title=\"\"><\/td>\n<td style=\"width: 22.5702%;\" align=\"right\" width=\"64\"><\/td>\n<\/tr>\n<tr>\n<td style=\"width: 25.378%;\" align=\"right\" height=\"18\">Motor para equipamento de depila\u00e7\u00e3o de frangos e patos<\/td>\n<td style=\"width: 26.3499%;\" align=\"right\">Motor de a\u00e7o inoxid\u00e1vel de qualidade alimentar NEMA<\/td>\n<td style=\"width: 25.486%;\" align=\"right\">Motor de a\u00e7o inoxid\u00e1vel IEC de grau aliment\u00edcio<\/td>\n<td style=\"width: 22.5702%;\" align=\"right\"><\/td>\n<\/tr>\n<\/tbody>\n<\/table>\n<h2>Sobre a FMP<\/h2>\n<p>A FMP \u00e9 uma empresa nacional de alta tecnologia especializada em projeto, desenvolvimento e produ\u00e7\u00e3o de motores avan\u00e7ados e solu\u00e7\u00f5es eletromec\u00e2nicas. Nosso foco \u00e9 a produ\u00e7\u00e3o de motores das s\u00e9ries YE2, YE3 e YE4, al\u00e9m de uma gama de produtos derivados. Nossa linha de produtos tamb\u00e9m inclui motores trif\u00e1sicos e monof\u00e1sicos para bombas hidr\u00e1ulicas, motores com carca\u00e7a de alum\u00ednio, motores n\u00e3o padronizados para bombas hidr\u00e1ulicas, redutores de turbina com integra\u00e7\u00e3o eletromec\u00e2nica e outros motores especializados.<\/p>\n<p>Os produtos da FMP s\u00e3o amplamente utilizados em automa\u00e7\u00e3o industrial, atendendo setores-chave como tornos CNC, m\u00e1quinas para fabrica\u00e7\u00e3o de cal\u00e7ados, m\u00e1quinas para marcenaria, m\u00e1quinas para metalurgia, m\u00e1quinas para pl\u00e1sticos e m\u00e1quinas para constru\u00e7\u00e3o. Com um forte compromisso com a inova\u00e7\u00e3o e a qualidade, a FMP garante que todos os produtos atendam aos mais altos padr\u00f5es de desempenho.<\/p>\n<p>Al\u00e9m da nossa abrangente linha de produtos, temos orgulho de oferecer solu\u00e7\u00f5es personalizadas, adaptadas \u00e0s necessidades espec\u00edficas dos nossos clientes. Sejam motores especializados, produtos n\u00e3o padronizados ou sistemas integrados, a FMP trabalha em estreita colabora\u00e7\u00e3o com os clientes para fornecer solu\u00e7\u00f5es personalizadas e de alta qualidade. Nosso foco em engenharia de precis\u00e3o e na satisfa\u00e7\u00e3o do cliente impulsiona nosso sucesso cont\u00ednuo em mercados globais.<\/p>\n<p>Na FMP, nos dedicamos a construir parcerias de longo prazo e mutuamente ben\u00e9ficas, apoiando o sucesso de nossos clientes em cada projeto.<\/p>\n<table style=\"width: 100.629%;\" border=\"0\" width=\"128\" cellspacing=\"0\" cellpadding=\"0\">\n<tbody>\n<tr>\n<td style=\"width: 49.2308%;\" align=\"right\" width=\"64\" height=\"18\"><img loading=\"lazy\" decoding=\"async\" class=\"alignnone size-full wp-image-3398\" src=\"https:\/\/fmp-components.com\/wp-content\/uploads\/2025\/01\/Three-Phase-Motor-Factory.webp\" sizes=\"(min-width: 0px) and (max-width: 480px) 480px, (min-width: 481px) 900px, 100vw\" srcset=\"https:\/\/fmp-components.com\/wp-content\/uploads\/2025\/01\/Three-Phase-Motor-Factory.webp 900w, https:\/\/fmp-components.com\/wp-content\/uploads\/2025\/01\/Three-Phase-Motor-Factory-480x320.webp 480w\" alt=\"F\u00e1brica de motores trif\u00e1sicos\" width=\"900\" height=\"600\" title=\"\"><\/td>\n<td style=\"width: 659.231%;\" align=\"right\" width=\"64\"><img loading=\"lazy\" decoding=\"async\" class=\"alignnone size-full wp-image-3399\" src=\"https:\/\/fmp-components.com\/wp-content\/uploads\/2025\/01\/Three-Phase-Motor-Factory-2.webp\" sizes=\"(min-width: 0px) and (max-width: 480px) 480px, (min-width: 481px) 900px, 100vw\" srcset=\"https:\/\/fmp-components.com\/wp-content\/uploads\/2025\/01\/Three-Phase-Motor-Factory-2.webp 900w, https:\/\/fmp-components.com\/wp-content\/uploads\/2025\/01\/Three-Phase-Motor-Factory-2-480x320.webp 480w\" alt=\"F\u00e1brica de Motores Trif\u00e1sicos 2\" width=\"900\" height=\"600\" title=\"\"><\/td>\n<\/tr>\n<tr>\n<td style=\"width: 49.2308%;\" align=\"right\" height=\"18\"><img loading=\"lazy\" decoding=\"async\" class=\"alignnone size-full wp-image-3400\" src=\"https:\/\/fmp-components.com\/wp-content\/uploads\/2025\/01\/China-Three-Phase-Motor-Factory-1.webp\" sizes=\"(min-width: 0px) and (max-width: 480px) 480px, (min-width: 481px) 900px, 100vw\" srcset=\"https:\/\/fmp-components.com\/wp-content\/uploads\/2025\/01\/China-Three-Phase-Motor-Factory-1.webp 900w, https:\/\/fmp-components.com\/wp-content\/uploads\/2025\/01\/China-Three-Phase-Motor-Factory-1-480x320.webp 480w\" alt=\"F\u00e1brica de Motores Trif\u00e1sicos 1\" width=\"900\" height=\"600\" title=\"\"><\/td>\n<td style=\"width: 659.231%;\" align=\"right\"><img loading=\"lazy\" decoding=\"async\" class=\"alignnone size-full wp-image-3401\" src=\"https:\/\/fmp-components.com\/wp-content\/uploads\/2025\/01\/Three-Phase-Motor-Factory-3.webp\" sizes=\"(min-width: 0px) and (max-width: 480px) 480px, (min-width: 481px) 900px, 100vw\" srcset=\"https:\/\/fmp-components.com\/wp-content\/uploads\/2025\/01\/Three-Phase-Motor-Factory-3.webp 900w, https:\/\/fmp-components.com\/wp-content\/uploads\/2025\/01\/Three-Phase-Motor-Factory-3-480x320.webp 480w\" alt=\"F\u00e1brica de Motores Trif\u00e1sicos 3\" width=\"900\" height=\"600\" title=\"\"><\/td>\n<\/tr>\n<tr>\n<td style=\"width: 49.2308%;\"><img loading=\"lazy\" decoding=\"async\" class=\"alignnone size-full wp-image-3471\" src=\"https:\/\/fmp-components.com\/wp-content\/uploads\/2025\/01\/Single-Phase-Induction-Motor-Suppliers.webp\" sizes=\"(min-width: 0px) and (max-width: 480px) 480px, (min-width: 481px) 900px, 100vw\" srcset=\"https:\/\/fmp-components.com\/wp-content\/uploads\/2025\/01\/Single-Phase-Induction-Motor-Suppliers.webp 900w, https:\/\/fmp-components.com\/wp-content\/uploads\/2025\/01\/Single-Phase-Induction-Motor-Suppliers-480x320.webp 480w\" alt=\"Fornecedores de motores de indu\u00e7\u00e3o monof\u00e1sicos\" width=\"900\" height=\"600\" title=\"\"><\/td>\n<td style=\"width: 659.231%;\"><img loading=\"lazy\" decoding=\"async\" class=\"alignnone size-full wp-image-3470\" src=\"https:\/\/fmp-components.com\/wp-content\/uploads\/2025\/01\/Single-Phase-Induction-Motor-Manufacturers-1.webp\" sizes=\"(min-width: 0px) and (max-width: 480px) 480px, (min-width: 481px) 900px, 100vw\" srcset=\"https:\/\/fmp-components.com\/wp-content\/uploads\/2025\/01\/Single-Phase-Induction-Motor-Manufacturers-1.webp 900w, https:\/\/fmp-components.com\/wp-content\/uploads\/2025\/01\/Single-Phase-Induction-Motor-Manufacturers-1-480x320.webp 480w\" alt=\"Fabricantes de motores de indu\u00e7\u00e3o monof\u00e1sicos 1\" width=\"900\" height=\"600\" title=\"\"><\/td>\n<\/tr>\n<tr>\n<td style=\"width: 49.2308%;\"><img loading=\"lazy\" decoding=\"async\" class=\"alignnone size-full wp-image-3472\" src=\"https:\/\/fmp-components.com\/wp-content\/uploads\/2025\/01\/Single-Phase-Induction-Motor-Manufacturers.webp\" sizes=\"(min-width: 0px) and (max-width: 480px) 480px, (min-width: 481px) 900px, 100vw\" srcset=\"https:\/\/fmp-components.com\/wp-content\/uploads\/2025\/01\/Single-Phase-Induction-Motor-Manufacturers.webp 900w, https:\/\/fmp-components.com\/wp-content\/uploads\/2025\/01\/Single-Phase-Induction-Motor-Manufacturers-480x320.webp 480w\" alt=\"Fabricantes de motores de indu\u00e7\u00e3o monof\u00e1sicos\" width=\"900\" height=\"600\" title=\"\"><\/td>\n<td style=\"width: 659.231%;\"><img loading=\"lazy\" decoding=\"async\" class=\"alignnone size-full wp-image-3473\" src=\"https:\/\/fmp-components.com\/wp-content\/uploads\/2025\/01\/Single-Phase-Induction-Motor-for-Sale.webp\" sizes=\"(min-width: 0px) and (max-width: 480px) 480px, (min-width: 481px) 900px, 100vw\" srcset=\"https:\/\/fmp-components.com\/wp-content\/uploads\/2025\/01\/Single-Phase-Induction-Motor-for-Sale.webp 900w, https:\/\/fmp-components.com\/wp-content\/uploads\/2025\/01\/Single-Phase-Induction-Motor-for-Sale-480x320.webp 480w\" alt=\"Motor de indu\u00e7\u00e3o monof\u00e1sico \u00e0 venda\" width=\"900\" height=\"600\" title=\"\"><\/td>\n<\/tr>\n<\/tbody>\n<\/table>\n<p>Autor: CX<\/p>","protected":false},"excerpt":{"rendered":"<p>IP67 Waterproof NEMA Stainless Steel Motor TENV NEMA stainless steel motors have two structural forms: fully enclosed self-cooling and fully enclosed fan cooling. They meet NEMA standards and have high efficiency characteristics. The efficiency of motors above 1HP meets the special efficiency standard. The motor housing, end cover, hood, shaft outlet, machine feet, and terminal [&hellip;]<\/p>","protected":false},"featured_media":3534,"comment_status":"open","ping_status":"closed","template":"","meta":{"_et_pb_use_builder":"","_et_pb_old_content":"","_et_gb_content_width":""},"product_brand":[],"product_cat":[88],"product_tag":[],"class_list":{"0":"post-3532","1":"product","2":"type-product","3":"status-publish","4":"has-post-thumbnail","6":"product_cat-stainless-steel-motors","8":"first","9":"instock","10":"shipping-taxable","11":"product-type-simple"},"_links":{"self":[{"href":"https:\/\/fmp-components.com\/pt\/wp-json\/wp\/v2\/product\/3532","targetHints":{"allow":["GET"]}}],"collection":[{"href":"https:\/\/fmp-components.com\/pt\/wp-json\/wp\/v2\/product"}],"about":[{"href":"https:\/\/fmp-components.com\/pt\/wp-json\/wp\/v2\/types\/product"}],"replies":[{"embeddable":true,"href":"https:\/\/fmp-components.com\/pt\/wp-json\/wp\/v2\/comments?post=3532"}],"wp:featuredmedia":[{"embeddable":true,"href":"https:\/\/fmp-components.com\/pt\/wp-json\/wp\/v2\/media\/3534"}],"wp:attachment":[{"href":"https:\/\/fmp-components.com\/pt\/wp-json\/wp\/v2\/media?parent=3532"}],"wp:term":[{"taxonomy":"product_brand","embeddable":true,"href":"https:\/\/fmp-components.com\/pt\/wp-json\/wp\/v2\/product_brand?post=3532"},{"taxonomy":"product_cat","embeddable":true,"href":"https:\/\/fmp-components.com\/pt\/wp-json\/wp\/v2\/product_cat?post=3532"},{"taxonomy":"product_tag","embeddable":true,"href":"https:\/\/fmp-components.com\/pt\/wp-json\/wp\/v2\/product_tag?post=3532"}],"curies":[{"name":"wp","href":"https:\/\/api.w.org\/{rel}","templated":true}]}}