{"id":3527,"date":"2025-01-08T02:57:07","date_gmt":"2025-01-08T02:57:07","guid":{"rendered":"https:\/\/fmp-components.com\/?page_id=8"},"modified":"2025-01-08T02:57:07","modified_gmt":"2025-01-08T02:57:07","slug":"tefc-nema-stainless-steel-motor","status":"publish","type":"product","link":"https:\/\/fmp-components.com\/pt\/product\/tefc-nema-stainless-steel-motor\/","title":{"rendered":"Motor de a\u00e7o inoxid\u00e1vel TEFC NEMA"},"content":{"rendered":"<p style=\"text-align: center;\"><span style=\"font-size: 18pt;\">Motor de a\u00e7o inoxid\u00e1vel TEFC NEMA<\/span><\/p>\n<p>A ind\u00fastria aliment\u00edcia tem uma ampla gama de aplica\u00e7\u00f5es, abrangendo uma variedade de processos e uma combina\u00e7\u00e3o de diferentes tipos de produtos.<br \/>\nO ambiente da ind\u00fastria aliment\u00edcia costuma ser hostil, com equipamentos expostos a temperaturas extremamente altas ou baixas, umidade e at\u00e9 mesmo a necessidade de limpeza frequente com produtos qu\u00edmicos corrosivos. Al\u00e9m disso, a ind\u00fastria aliment\u00edcia precisa manter altos padr\u00f5es de higiene, o que representa um grande desafio para os equipamentos utilizados nesse setor.<\/p>\n<p><img loading=\"lazy\" decoding=\"async\" class=\"alignnone  wp-image-3528\" src=\"https:\/\/fmp-components.com\/wp-content\/uploads\/2025\/01\/fmp_9.stainless-steel-motor-2.webp\" alt=\"fmp_9.motor-de-a\u00e7o-inoxid\u00e1vel-2\" width=\"864\" height=\"321\" title=\"\" srcset=\"https:\/\/fmp-components.com\/wp-content\/uploads\/2025\/01\/fmp_9.stainless-steel-motor-2.webp 864w, https:\/\/fmp-components.com\/wp-content\/uploads\/2025\/01\/fmp_9.stainless-steel-motor-2-480x178.webp 480w\" sizes=\"(min-width: 0px) and (max-width: 480px) 480px, (min-width: 481px) 864px, 100vw\" \/> <img loading=\"lazy\" decoding=\"async\" class=\"alignnone  wp-image-3529\" src=\"https:\/\/fmp-components.com\/wp-content\/uploads\/2025\/01\/fmp_9.stainless-steel-motor-3.webp\" alt=\"fmp_9.motor-de-a\u00e7o-inoxid\u00e1vel-3\" width=\"917\" height=\"310\" title=\"\" srcset=\"https:\/\/fmp-components.com\/wp-content\/uploads\/2025\/01\/fmp_9.stainless-steel-motor-3.webp 917w, https:\/\/fmp-components.com\/wp-content\/uploads\/2025\/01\/fmp_9.stainless-steel-motor-3-480x162.webp 480w\" sizes=\"(min-width: 0px) and (max-width: 480px) 480px, (min-width: 481px) 917px, 100vw\" \/><\/p>\n<div class=\"group\/conversation-turn relative flex w-full min-w-0 flex-col agent-turn\">\n<div class=\"flex-col gap-1 md:gap-3\">\n<div class=\"flex max-w-full flex-col flex-grow\">\n<div class=\"min-h-8 text-message flex w-full flex-col items-end gap-2 whitespace-normal break-words text-start [.text-message+&amp;]:mt-5\" dir=\"auto\" data-message-author-role=\"assistant\" data-message-id=\"282966a6-9bd4-4bc9-bd61-6ed87a105881\" data-message-model-slug=\"gpt-4o\">\n<div class=\"flex w-full flex-col gap-1 empty:hidden first:pt-[3px]\">\n<div class=\"markdown prose w-full break-words dark:prose-invert light\">\n<h2>Motor de a\u00e7o inoxid\u00e1vel NEMA para preven\u00e7\u00e3o de res\u00edduos de alimentos<\/h2>\n<p>\u00c0 medida que os padr\u00f5es sociais de higiene e seguran\u00e7a alimentar evoluem, a import\u00e2ncia de manter a limpeza no processamento de alimentos nunca foi t\u00e3o crucial. Res\u00edduos de alimentos deixados nos equipamentos, se n\u00e3o forem completamente limpos, podem se deteriorar e representar riscos significativos \u00e0 sa\u00fade.<\/p>\n<p>Motores tradicionais de ferro fundido e alum\u00ednio fundido, que normalmente utilizam uma superf\u00edcie pintada, frequentemente apresentam lascas de tinta devido \u00e0 exposi\u00e7\u00e3o prolongada \u00e0 corros\u00e3o. Isso pode levar \u00e0 contamina\u00e7\u00e3o dos alimentos e do ambiente de trabalho.<\/p>\n<p>Em contraste, nosso motor de a\u00e7o inoxid\u00e1vel especialmente projetado \u00e9 altamente resistente \u00e0 corros\u00e3o e apresenta uma superf\u00edcie lisa e sem emendas, sem cantos dif\u00edceis de limpar. Este design facilita a lavagem e a limpeza com \u00e1gua, garantindo um alto n\u00edvel de higiene. Ao prevenir a contamina\u00e7\u00e3o, o motor de a\u00e7o inoxid\u00e1vel desempenha um papel vital na manuten\u00e7\u00e3o da seguran\u00e7a, limpeza e efici\u00eancia geral dos sistemas de processamento de alimentos.<\/p>\n<p><img loading=\"lazy\" decoding=\"async\" class=\"alignnone  wp-image-3531\" src=\"https:\/\/fmp-components.com\/wp-content\/uploads\/2025\/01\/ep_steel-motor-application-3.webp\" alt=\"aplica\u00e7\u00e3o-motor-de-a\u00e7o-fmp-3\" width=\"923\" height=\"568\" title=\"\" srcset=\"https:\/\/fmp-components.com\/wp-content\/uploads\/2025\/01\/ep_steel-motor-application-3.webp 408w, https:\/\/fmp-components.com\/wp-content\/uploads\/2025\/01\/ep_steel-motor-application-3-300x185.webp 300w, https:\/\/fmp-components.com\/wp-content\/uploads\/2025\/01\/ep_steel-motor-application-3-18x12.webp 18w\" sizes=\"(max-width: 923px) 100vw, 923px\" \/><\/p>\n<\/div>\n<\/div>\n<\/div>\n<\/div>\n<\/div>\n<\/div>\n<h2>Motor de a\u00e7o inoxid\u00e1vel relacionado<\/h2>\n<table border=\"1\" width=\"100%\" cellspacing=\"0\" cellpadding=\"0\">\n<tbody>\n<tr>\n<td align=\"right\" width=\"64\" height=\"18\"><img loading=\"lazy\" decoding=\"async\" class=\"alignnone size-full wp-image-3507\" src=\"https:\/\/fmp-components.com\/wp-content\/uploads\/2025\/01\/ep_stainless-steel-motor-1.webp\" sizes=\"(max-width: 379px) 100vw, 379px\" srcset=\"https:\/\/fmp-components.com\/wp-content\/uploads\/2025\/01\/ep_stainless-steel-motor-1.webp 379w, https:\/\/fmp-components.com\/wp-content\/uploads\/2025\/01\/ep_stainless-steel-motor-1-300x200.webp 300w, https:\/\/fmp-components.com\/wp-content\/uploads\/2025\/01\/ep_stainless-steel-motor-1-18x12.webp 18w\" alt=\"motor de a\u00e7o inoxid\u00e1vel\" width=\"379\" height=\"253\" title=\"\"><\/td>\n<td align=\"right\" width=\"64\"><img loading=\"lazy\" decoding=\"async\" class=\"alignnone size-full wp-image-3508\" src=\"https:\/\/fmp-components.com\/wp-content\/uploads\/2025\/01\/ep_stainless-steel-motor-2-2.webp\" sizes=\"(max-width: 379px) 100vw, 379px\" srcset=\"https:\/\/fmp-components.com\/wp-content\/uploads\/2025\/01\/ep_stainless-steel-motor-2-2.webp 379w, https:\/\/fmp-components.com\/wp-content\/uploads\/2025\/01\/ep_stainless-steel-motor-2-2-300x200.webp 300w, https:\/\/fmp-components.com\/wp-content\/uploads\/2025\/01\/ep_stainless-steel-motor-2-2-18x12.webp 18w\" alt=\"motor de a\u00e7o inoxid\u00e1vel\" width=\"379\" height=\"253\" title=\"\"><\/td>\n<td align=\"right\" width=\"64\"><img loading=\"lazy\" decoding=\"async\" class=\"alignnone size-full wp-image-3509\" src=\"https:\/\/fmp-components.com\/wp-content\/uploads\/2025\/01\/ep_stainless-steel-motor-6.webp\" sizes=\"(max-width: 379px) 100vw, 379px\" srcset=\"https:\/\/fmp-components.com\/wp-content\/uploads\/2025\/01\/ep_stainless-steel-motor-6.webp 379w, https:\/\/fmp-components.com\/wp-content\/uploads\/2025\/01\/ep_stainless-steel-motor-6-300x200.webp 300w, https:\/\/fmp-components.com\/wp-content\/uploads\/2025\/01\/ep_stainless-steel-motor-6-18x12.webp 18w\" alt=\"motor de a\u00e7o inoxid\u00e1vel\" width=\"379\" height=\"253\" title=\"\"><\/td>\n<td align=\"right\" width=\"64\"><img loading=\"lazy\" decoding=\"async\" class=\"alignnone size-full wp-image-3510\" src=\"https:\/\/fmp-components.com\/wp-content\/uploads\/2025\/01\/ep_stainless-steel-motor-300x200-1.webp\" sizes=\"(max-width: 300px) 100vw, 300px\" srcset=\"https:\/\/fmp-components.com\/wp-content\/uploads\/2025\/01\/ep_stainless-steel-motor-300x200-1.webp 300w, https:\/\/fmp-components.com\/wp-content\/uploads\/2025\/01\/ep_stainless-steel-motor-300x200-1-18x12.webp 18w\" alt=\"motor de a\u00e7o inoxid\u00e1vel\" width=\"300\" height=\"200\" title=\"\"><\/td>\n<\/tr>\n<tr>\n<td align=\"right\" height=\"18\">Motor de \u00edm\u00e3 permanente de a\u00e7o inoxid\u00e1vel<\/td>\n<td align=\"right\">Motor de a\u00e7o inoxid\u00e1vel refrigerado a \u00e1gua<\/td>\n<td align=\"right\">Motor el\u00e9trico para ind\u00fastria aliment\u00edcia<\/td>\n<td align=\"right\">Motor de a\u00e7o inoxid\u00e1vel<\/td>\n<\/tr>\n<tr>\n<td align=\"right\" height=\"18\"><img loading=\"lazy\" decoding=\"async\" class=\"alignnone size-full wp-image-3511\" src=\"https:\/\/fmp-components.com\/wp-content\/uploads\/2025\/01\/ep_stainless-steel-motor-4.webp\" sizes=\"(max-width: 379px) 100vw, 379px\" srcset=\"https:\/\/fmp-components.com\/wp-content\/uploads\/2025\/01\/ep_stainless-steel-motor-4.webp 379w, https:\/\/fmp-components.com\/wp-content\/uploads\/2025\/01\/ep_stainless-steel-motor-4-300x200.webp 300w, https:\/\/fmp-components.com\/wp-content\/uploads\/2025\/01\/ep_stainless-steel-motor-4-18x12.webp 18w\" alt=\"motor de a\u00e7o inoxid\u00e1vel\" width=\"379\" height=\"253\" title=\"\"><\/td>\n<td align=\"right\"><img loading=\"lazy\" decoding=\"async\" class=\"alignnone size-full wp-image-3512\" src=\"https:\/\/fmp-components.com\/wp-content\/uploads\/2025\/01\/ep_stainless-steel-motor-3.webp\" sizes=\"(max-width: 379px) 100vw, 379px\" srcset=\"https:\/\/fmp-components.com\/wp-content\/uploads\/2025\/01\/ep_stainless-steel-motor-3.webp 379w, https:\/\/fmp-components.com\/wp-content\/uploads\/2025\/01\/ep_stainless-steel-motor-3-300x200.webp 300w, https:\/\/fmp-components.com\/wp-content\/uploads\/2025\/01\/ep_stainless-steel-motor-3-18x12.webp 18w\" alt=\"motor de a\u00e7o inoxid\u00e1vel\" width=\"379\" height=\"253\" title=\"\"><\/td>\n<td align=\"right\"><img loading=\"lazy\" decoding=\"async\" class=\"alignnone size-full wp-image-3513\" src=\"https:\/\/fmp-components.com\/wp-content\/uploads\/2025\/01\/ep_stainless-steel-motor-5.webp\" sizes=\"(max-width: 379px) 100vw, 379px\" srcset=\"https:\/\/fmp-components.com\/wp-content\/uploads\/2025\/01\/ep_stainless-steel-motor-5.webp 379w, https:\/\/fmp-components.com\/wp-content\/uploads\/2025\/01\/ep_stainless-steel-motor-5-300x200.webp 300w, https:\/\/fmp-components.com\/wp-content\/uploads\/2025\/01\/ep_stainless-steel-motor-5-18x12.webp 18w\" alt=\"motor de a\u00e7o inoxid\u00e1vel\" width=\"379\" height=\"253\" title=\"\"><\/td>\n<td align=\"right\"><img loading=\"lazy\" decoding=\"async\" class=\"alignnone size-full wp-image-3514\" src=\"https:\/\/fmp-components.com\/wp-content\/uploads\/2025\/01\/ep_stainless-steel-motor-6-1.webp\" sizes=\"(max-width: 379px) 100vw, 379px\" srcset=\"https:\/\/fmp-components.com\/wp-content\/uploads\/2025\/01\/ep_stainless-steel-motor-6-1.webp 379w, https:\/\/fmp-components.com\/wp-content\/uploads\/2025\/01\/ep_stainless-steel-motor-6-1-300x200.webp 300w, https:\/\/fmp-components.com\/wp-content\/uploads\/2025\/01\/ep_stainless-steel-motor-6-1-18x12.webp 18w\" alt=\"motor de a\u00e7o inoxid\u00e1vel\" width=\"379\" height=\"253\" title=\"\"><\/td>\n<\/tr>\n<tr>\n<td align=\"right\" height=\"18\">Motor CA para m\u00e1quinas de alimentos emulsionados IEC<\/td>\n<td align=\"right\">Motor ass\u00edncrono NEMA 56C<\/td>\n<td align=\"right\">Motor CA de a\u00e7o inoxid\u00e1vel IEC<\/td>\n<td>Motor IEC de alta efici\u00eancia totalmente em a\u00e7o inoxid\u00e1vel<\/td>\n<\/tr>\n<tr>\n<td align=\"right\" width=\"64\" height=\"18\"><img loading=\"lazy\" decoding=\"async\" class=\"alignnone size-full wp-image-3515\" src=\"https:\/\/fmp-components.com\/wp-content\/uploads\/2025\/01\/ep_stainless-steel-motor-2.webp\" sizes=\"(max-width: 379px) 100vw, 379px\" srcset=\"https:\/\/fmp-components.com\/wp-content\/uploads\/2025\/01\/ep_stainless-steel-motor-2.webp 379w, https:\/\/fmp-components.com\/wp-content\/uploads\/2025\/01\/ep_stainless-steel-motor-2-300x200.webp 300w, https:\/\/fmp-components.com\/wp-content\/uploads\/2025\/01\/ep_stainless-steel-motor-2-18x12.webp 18w\" alt=\"motor de a\u00e7o inoxid\u00e1vel\" width=\"379\" height=\"253\" title=\"\"><\/td>\n<td align=\"right\" width=\"64\"><img loading=\"lazy\" decoding=\"async\" class=\"alignnone size-full wp-image-3516\" src=\"https:\/\/fmp-components.com\/wp-content\/uploads\/2025\/01\/ep_stainless-steel-motor-8.webp\" sizes=\"(max-width: 379px) 100vw, 379px\" srcset=\"https:\/\/fmp-components.com\/wp-content\/uploads\/2025\/01\/ep_stainless-steel-motor-8.webp 379w, https:\/\/fmp-components.com\/wp-content\/uploads\/2025\/01\/ep_stainless-steel-motor-8-300x200.webp 300w, https:\/\/fmp-components.com\/wp-content\/uploads\/2025\/01\/ep_stainless-steel-motor-8-18x12.webp 18w\" alt=\"motor de a\u00e7o inoxid\u00e1vel\" width=\"379\" height=\"253\" title=\"\"><\/td>\n<td align=\"right\" width=\"64\"><img loading=\"lazy\" decoding=\"async\" class=\"alignnone size-full wp-image-3517\" src=\"https:\/\/fmp-components.com\/wp-content\/uploads\/2025\/01\/ep_stainless-steel-motor-7.webp\" sizes=\"(max-width: 379px) 100vw, 379px\" srcset=\"https:\/\/fmp-components.com\/wp-content\/uploads\/2025\/01\/ep_stainless-steel-motor-7.webp 379w, https:\/\/fmp-components.com\/wp-content\/uploads\/2025\/01\/ep_stainless-steel-motor-7-300x200.webp 300w, https:\/\/fmp-components.com\/wp-content\/uploads\/2025\/01\/ep_stainless-steel-motor-7-18x12.webp 18w\" alt=\"motor de a\u00e7o inoxid\u00e1vel\" width=\"379\" height=\"253\" title=\"\"><\/td>\n<td align=\"right\" width=\"64\"><\/td>\n<\/tr>\n<tr>\n<td align=\"right\" height=\"18\">Motor para equipamento de depila\u00e7\u00e3o de frangos e patos<\/td>\n<td align=\"right\">Motor de a\u00e7o inoxid\u00e1vel de qualidade alimentar NEMA<\/td>\n<td align=\"right\">Motor de a\u00e7o inoxid\u00e1vel IEC de grau aliment\u00edcio<\/td>\n<td align=\"right\"><\/td>\n<\/tr>\n<\/tbody>\n<\/table>\n<h2>Sobre a FMP<\/h2>\n<p>A FMP \u00e9 uma empresa nacional de alta tecnologia especializada em projeto, desenvolvimento e produ\u00e7\u00e3o de motores avan\u00e7ados e solu\u00e7\u00f5es eletromec\u00e2nicas. Nosso foco \u00e9 a produ\u00e7\u00e3o de motores das s\u00e9ries YE2, YE3 e YE4, al\u00e9m de uma gama de produtos derivados. Nossa linha de produtos tamb\u00e9m inclui motores trif\u00e1sicos e monof\u00e1sicos para bombas hidr\u00e1ulicas, motores com carca\u00e7a de alum\u00ednio, motores n\u00e3o padronizados para bombas hidr\u00e1ulicas, redutores de turbina com integra\u00e7\u00e3o eletromec\u00e2nica e outros motores especializados.<\/p>\n<p>Os produtos da FMP s\u00e3o amplamente utilizados em automa\u00e7\u00e3o industrial, atendendo setores-chave como tornos CNC, m\u00e1quinas para fabrica\u00e7\u00e3o de cal\u00e7ados, m\u00e1quinas para marcenaria, m\u00e1quinas para metalurgia, m\u00e1quinas para pl\u00e1sticos e m\u00e1quinas para constru\u00e7\u00e3o. Com um forte compromisso com a inova\u00e7\u00e3o e a qualidade, a FMP garante que todos os produtos atendam aos mais altos padr\u00f5es de desempenho.<\/p>\n<p>Al\u00e9m da nossa abrangente linha de produtos, temos orgulho de oferecer solu\u00e7\u00f5es personalizadas, adaptadas \u00e0s necessidades espec\u00edficas dos nossos clientes. Sejam motores especializados, produtos n\u00e3o padronizados ou sistemas integrados, a FMP trabalha em estreita colabora\u00e7\u00e3o com os clientes para fornecer solu\u00e7\u00f5es personalizadas e de alta qualidade. Nosso foco em engenharia de precis\u00e3o e na satisfa\u00e7\u00e3o do cliente impulsiona nosso sucesso cont\u00ednuo em mercados globais.<\/p>\n<p>Na FMP, nos dedicamos a construir parcerias de longo prazo e mutuamente ben\u00e9ficas, apoiando o sucesso de nossos clientes em cada projeto.<\/p>\n<table style=\"width: 100.629%;\" border=\"0\" width=\"128\" cellspacing=\"0\" cellpadding=\"0\">\n<tbody>\n<tr>\n<td style=\"width: 49.2308%;\" align=\"right\" width=\"64\" height=\"18\"><img loading=\"lazy\" decoding=\"async\" class=\"alignnone size-full wp-image-3398\" src=\"https:\/\/fmp-components.com\/wp-content\/uploads\/2025\/01\/Three-Phase-Motor-Factory.webp\" sizes=\"(min-width: 0px) and (max-width: 480px) 480px, (min-width: 481px) 900px, 100vw\" srcset=\"https:\/\/fmp-components.com\/wp-content\/uploads\/2025\/01\/Three-Phase-Motor-Factory.webp 900w, https:\/\/fmp-components.com\/wp-content\/uploads\/2025\/01\/Three-Phase-Motor-Factory-480x320.webp 480w\" alt=\"F\u00e1brica de motores trif\u00e1sicos\" width=\"900\" height=\"600\" title=\"\"><\/td>\n<td style=\"width: 659.231%;\" align=\"right\" width=\"64\"><img loading=\"lazy\" decoding=\"async\" class=\"alignnone size-full wp-image-3399\" src=\"https:\/\/fmp-components.com\/wp-content\/uploads\/2025\/01\/Three-Phase-Motor-Factory-2.webp\" sizes=\"(min-width: 0px) and (max-width: 480px) 480px, (min-width: 481px) 900px, 100vw\" srcset=\"https:\/\/fmp-components.com\/wp-content\/uploads\/2025\/01\/Three-Phase-Motor-Factory-2.webp 900w, https:\/\/fmp-components.com\/wp-content\/uploads\/2025\/01\/Three-Phase-Motor-Factory-2-480x320.webp 480w\" alt=\"F\u00e1brica de Motores Trif\u00e1sicos 2\" width=\"900\" height=\"600\" title=\"\"><\/td>\n<\/tr>\n<tr>\n<td style=\"width: 49.2308%;\" align=\"right\" height=\"18\"><img loading=\"lazy\" decoding=\"async\" class=\"alignnone size-full wp-image-3400\" src=\"https:\/\/fmp-components.com\/wp-content\/uploads\/2025\/01\/China-Three-Phase-Motor-Factory-1.webp\" sizes=\"(min-width: 0px) and (max-width: 480px) 480px, (min-width: 481px) 900px, 100vw\" srcset=\"https:\/\/fmp-components.com\/wp-content\/uploads\/2025\/01\/China-Three-Phase-Motor-Factory-1.webp 900w, https:\/\/fmp-components.com\/wp-content\/uploads\/2025\/01\/China-Three-Phase-Motor-Factory-1-480x320.webp 480w\" alt=\"F\u00e1brica de Motores Trif\u00e1sicos 1\" width=\"900\" height=\"600\" title=\"\"><\/td>\n<td style=\"width: 659.231%;\" align=\"right\"><img loading=\"lazy\" decoding=\"async\" class=\"alignnone size-full wp-image-3401\" src=\"https:\/\/fmp-components.com\/wp-content\/uploads\/2025\/01\/Three-Phase-Motor-Factory-3.webp\" sizes=\"(min-width: 0px) and (max-width: 480px) 480px, (min-width: 481px) 900px, 100vw\" srcset=\"https:\/\/fmp-components.com\/wp-content\/uploads\/2025\/01\/Three-Phase-Motor-Factory-3.webp 900w, https:\/\/fmp-components.com\/wp-content\/uploads\/2025\/01\/Three-Phase-Motor-Factory-3-480x320.webp 480w\" alt=\"F\u00e1brica de Motores Trif\u00e1sicos 3\" width=\"900\" height=\"600\" title=\"\"><\/td>\n<\/tr>\n<tr>\n<td style=\"width: 49.2308%;\"><img loading=\"lazy\" decoding=\"async\" class=\"alignnone size-full wp-image-3471\" src=\"https:\/\/fmp-components.com\/wp-content\/uploads\/2025\/01\/Single-Phase-Induction-Motor-Suppliers.webp\" sizes=\"(min-width: 0px) and (max-width: 480px) 480px, (min-width: 481px) 900px, 100vw\" srcset=\"https:\/\/fmp-components.com\/wp-content\/uploads\/2025\/01\/Single-Phase-Induction-Motor-Suppliers.webp 900w, https:\/\/fmp-components.com\/wp-content\/uploads\/2025\/01\/Single-Phase-Induction-Motor-Suppliers-480x320.webp 480w\" alt=\"Fornecedores de motores de indu\u00e7\u00e3o monof\u00e1sicos\" width=\"900\" height=\"600\" title=\"\"><\/td>\n<td style=\"width: 659.231%;\"><img loading=\"lazy\" decoding=\"async\" class=\"alignnone size-full wp-image-3470\" src=\"https:\/\/fmp-components.com\/wp-content\/uploads\/2025\/01\/Single-Phase-Induction-Motor-Manufacturers-1.webp\" sizes=\"(min-width: 0px) and (max-width: 480px) 480px, (min-width: 481px) 900px, 100vw\" srcset=\"https:\/\/fmp-components.com\/wp-content\/uploads\/2025\/01\/Single-Phase-Induction-Motor-Manufacturers-1.webp 900w, https:\/\/fmp-components.com\/wp-content\/uploads\/2025\/01\/Single-Phase-Induction-Motor-Manufacturers-1-480x320.webp 480w\" alt=\"Fabricantes de motores de indu\u00e7\u00e3o monof\u00e1sicos 1\" width=\"900\" height=\"600\" title=\"\"><\/td>\n<\/tr>\n<tr>\n<td style=\"width: 49.2308%;\"><img loading=\"lazy\" decoding=\"async\" class=\"alignnone size-full wp-image-3472\" src=\"https:\/\/fmp-components.com\/wp-content\/uploads\/2025\/01\/Single-Phase-Induction-Motor-Manufacturers.webp\" sizes=\"(min-width: 0px) and (max-width: 480px) 480px, (min-width: 481px) 900px, 100vw\" srcset=\"https:\/\/fmp-components.com\/wp-content\/uploads\/2025\/01\/Single-Phase-Induction-Motor-Manufacturers.webp 900w, https:\/\/fmp-components.com\/wp-content\/uploads\/2025\/01\/Single-Phase-Induction-Motor-Manufacturers-480x320.webp 480w\" alt=\"Fabricantes de motores de indu\u00e7\u00e3o monof\u00e1sicos\" width=\"900\" height=\"600\" title=\"\"><\/td>\n<td style=\"width: 659.231%;\"><img loading=\"lazy\" decoding=\"async\" class=\"alignnone size-full wp-image-3473\" src=\"https:\/\/fmp-components.com\/wp-content\/uploads\/2025\/01\/Single-Phase-Induction-Motor-for-Sale.webp\" sizes=\"(min-width: 0px) and (max-width: 480px) 480px, (min-width: 481px) 900px, 100vw\" srcset=\"https:\/\/fmp-components.com\/wp-content\/uploads\/2025\/01\/Single-Phase-Induction-Motor-for-Sale.webp 900w, https:\/\/fmp-components.com\/wp-content\/uploads\/2025\/01\/Single-Phase-Induction-Motor-for-Sale-480x320.webp 480w\" alt=\"Motor de indu\u00e7\u00e3o monof\u00e1sico \u00e0 venda\" width=\"900\" height=\"600\" title=\"\"><\/td>\n<\/tr>\n<\/tbody>\n<\/table>\n<p>Autor: CX<\/p>","protected":false},"excerpt":{"rendered":"<p>TEFC NEMA Stainless Steel Motor The food industry has a wide range of applications, covering a variety of processes and a combination of different types of products. The environment of the food industry is usually harsh, with equipment in extremely high or low temperatures, humidity, and even the need for frequent cleaning with corrosive chemical [&hellip;]<\/p>","protected":false},"featured_media":3530,"comment_status":"open","ping_status":"closed","template":"","meta":{"_et_pb_use_builder":"","_et_pb_old_content":"","_et_gb_content_width":""},"product_brand":[],"product_cat":[88],"product_tag":[],"class_list":{"0":"post-3527","1":"product","2":"type-product","3":"status-publish","4":"has-post-thumbnail","6":"product_cat-stainless-steel-motors","8":"first","9":"instock","10":"shipping-taxable","11":"product-type-simple"},"_links":{"self":[{"href":"https:\/\/fmp-components.com\/pt\/wp-json\/wp\/v2\/product\/3527","targetHints":{"allow":["GET"]}}],"collection":[{"href":"https:\/\/fmp-components.com\/pt\/wp-json\/wp\/v2\/product"}],"about":[{"href":"https:\/\/fmp-components.com\/pt\/wp-json\/wp\/v2\/types\/product"}],"replies":[{"embeddable":true,"href":"https:\/\/fmp-components.com\/pt\/wp-json\/wp\/v2\/comments?post=3527"}],"wp:featuredmedia":[{"embeddable":true,"href":"https:\/\/fmp-components.com\/pt\/wp-json\/wp\/v2\/media\/3530"}],"wp:attachment":[{"href":"https:\/\/fmp-components.com\/pt\/wp-json\/wp\/v2\/media?parent=3527"}],"wp:term":[{"taxonomy":"product_brand","embeddable":true,"href":"https:\/\/fmp-components.com\/pt\/wp-json\/wp\/v2\/product_brand?post=3527"},{"taxonomy":"product_cat","embeddable":true,"href":"https:\/\/fmp-components.com\/pt\/wp-json\/wp\/v2\/product_cat?post=3527"},{"taxonomy":"product_tag","embeddable":true,"href":"https:\/\/fmp-components.com\/pt\/wp-json\/wp\/v2\/product_tag?post=3527"}],"curies":[{"name":"wp","href":"https:\/\/api.w.org\/{rel}","templated":true}]}}