{"id":3477,"date":"2025-01-07T08:54:52","date_gmt":"2025-01-07T08:54:52","guid":{"rendered":"https:\/\/fmp-components.com\/?page_id=8"},"modified":"2025-01-08T01:12:44","modified_gmt":"2025-01-08T01:12:44","slug":"yvf2-series-frequency-variable-speed-regulation-three-phase-asynchronous-motor","status":"publish","type":"product","link":"https:\/\/fmp-components.com\/pt\/product\/yvf2-series-frequency-variable-speed-regulation-three-phase-asynchronous-motor\/","title":{"rendered":"Motor ass\u00edncrono trif\u00e1sico com regula\u00e7\u00e3o de velocidade vari\u00e1vel de frequ\u00eancia s\u00e9rie YVF2"},"content":{"rendered":"<h2>Condi\u00e7\u00f5es de aplica\u00e7\u00e3o dos motores ass\u00edncronos trif\u00e1sicos da s\u00e9rie YVF2 (IP54)<\/h2>\n<table style=\"width: 100%;\" border=\"1\" width=\"100%\" cellspacing=\"0\" cellpadding=\"0\">\n<tbody>\n<tr>\n<th>Eleva\u00e7\u00e3o<\/th>\n<td>Estar abaixo de 1000 metros<\/td>\n<\/tr>\n<tr>\n<th>Temperatura ambiente<\/th>\n<td>-15\u2103 \u2264 0 \u2264 40\u2103<\/td>\n<\/tr>\n<tr>\n<th>Umidade relativa<\/th>\n<td>N\u00e3o superior a 90%<\/td>\n<\/tr>\n<tr>\n<th>Modo de opera\u00e7\u00e3o<\/th>\n<td>S1<\/td>\n<\/tr>\n<tr>\n<th>Grau de isolamento<\/th>\n<td>F<\/td>\n<\/tr>\n<tr>\n<th>Tens\u00e3o nominal<\/th>\n<td>380 V<\/td>\n<\/tr>\n<tr>\n<th>Freq\u00fc\u00eancia<\/th>\n<td>50 Hz<\/td>\n<\/tr>\n<tr>\n<th>M\u00e9todo de resfriamento<\/th>\n<td>IC416<\/td>\n<\/tr>\n<\/tbody>\n<\/table>\n<h2>Dados t\u00e9cnicos dos motores ass\u00edncronos da s\u00e9rie YVF2<\/h2>\n<p>As vibra\u00e7\u00f5es e o ru\u00eddo, quando a m\u00e1quina est\u00e1 sem carga e com a pot\u00eancia fornecida por uma m\u00e1quina de frequ\u00eancia vari\u00e1vel, devem ser \u2264 aos dados da lista:<\/p>\n<p><img loading=\"lazy\" decoding=\"async\" class=\"alignnone size-full wp-image-3490\" src=\"https:\/\/fmp-components.com\/wp-content\/uploads\/2025\/01\/yvf2-technical-data.webp\" alt=\"dados t\u00e9cnicos yvf2\" width=\"911\" height=\"110\" title=\"\" srcset=\"https:\/\/fmp-components.com\/wp-content\/uploads\/2025\/01\/yvf2-technical-data.webp 911w, https:\/\/fmp-components.com\/wp-content\/uploads\/2025\/01\/yvf2-technical-data-480x58.webp 480w\" sizes=\"(min-width: 0px) and (max-width: 480px) 480px, (min-width: 481px) 911px, 100vw\" \/><\/p>\n<p>A rela\u00e7\u00e3o entre o torque de rotor bloqueado, o torque m\u00e1ximo e o torque m\u00ednimo em rela\u00e7\u00e3o ao torque nominal durante a partida do motor inversor, na tens\u00e3o e frequ\u00eancia nominais (frequ\u00eancia fundamental), deve ser \u2265 ao valor da tabela a seguir:<\/p>\n<p><img loading=\"lazy\" decoding=\"async\" class=\"alignnone size-full wp-image-3489\" src=\"https:\/\/fmp-components.com\/wp-content\/uploads\/2025\/01\/yvf2-technical-data-2.webp\" alt=\"dados t\u00e9cnicos yvf2\" width=\"911\" height=\"240\" title=\"\" srcset=\"https:\/\/fmp-components.com\/wp-content\/uploads\/2025\/01\/yvf2-technical-data-2.webp 911w, https:\/\/fmp-components.com\/wp-content\/uploads\/2025\/01\/yvf2-technical-data-2-480x126.webp 480w\" sizes=\"(min-width: 0px) and (max-width: 480px) 480px, (min-width: 481px) 911px, 100vw\" \/><\/p>\n<p>A seguir, est\u00e3o listados os par\u00e2metros da carca\u00e7a do motor com varia\u00e7\u00e3o de frequ\u00eancia, a pot\u00eancia nominal de sa\u00edda, o torque de plena carga e os limites de varia\u00e7\u00e3o de frequ\u00eancia.<\/p>\n<p><img loading=\"lazy\" decoding=\"async\" class=\"alignnone size-full wp-image-3488\" src=\"https:\/\/fmp-components.com\/wp-content\/uploads\/2025\/01\/yvf2-technical-data-3.webp\" alt=\"dados t\u00e9cnicos yvf2\" width=\"911\" height=\"650\" title=\"\" srcset=\"https:\/\/fmp-components.com\/wp-content\/uploads\/2025\/01\/yvf2-technical-data-3.webp 911w, https:\/\/fmp-components.com\/wp-content\/uploads\/2025\/01\/yvf2-technical-data-3-480x342.webp 480w\" sizes=\"(min-width: 0px) and (max-width: 480px) 480px, (min-width: 481px) 911px, 100vw\" \/><\/p>\n<p>Motor com frequ\u00eancia vari\u00e1vel compat\u00edvel com dispositivo de frequ\u00eancia vari\u00e1vel e capacidade do ventilador com rolamento.<\/p>\n<p><img loading=\"lazy\" decoding=\"async\" class=\"alignnone size-full wp-image-3487\" src=\"https:\/\/fmp-components.com\/wp-content\/uploads\/2025\/01\/yvf2-technical-data-4.webp\" alt=\"dados t\u00e9cnicos yvf2\" width=\"911\" height=\"648\" title=\"\" srcset=\"https:\/\/fmp-components.com\/wp-content\/uploads\/2025\/01\/yvf2-technical-data-4.webp 911w, https:\/\/fmp-components.com\/wp-content\/uploads\/2025\/01\/yvf2-technical-data-4-480x341.webp 480w\" sizes=\"(min-width: 0px) and (max-width: 480px) 480px, (min-width: 481px) 911px, 100vw\" \/><\/p>\n<p>Estrutura com p\u00e9s e prote\u00e7\u00e3o final sem flange -IMB3<\/p>\n<p><img loading=\"lazy\" decoding=\"async\" class=\"alignnone size-full wp-image-3486\" src=\"https:\/\/fmp-components.com\/wp-content\/uploads\/2025\/01\/yvf2-technical-data-5.webp\" alt=\"dados t\u00e9cnicos yvf2\" width=\"911\" height=\"586\" title=\"\" srcset=\"https:\/\/fmp-components.com\/wp-content\/uploads\/2025\/01\/yvf2-technical-data-5.webp 911w, https:\/\/fmp-components.com\/wp-content\/uploads\/2025\/01\/yvf2-technical-data-5-480x309.webp 480w\" sizes=\"(min-width: 0px) and (max-width: 480px) 480px, (min-width: 481px) 911px, 100vw\" \/><\/p>\n<p><img loading=\"lazy\" decoding=\"async\" class=\"alignnone size-full wp-image-3485\" src=\"https:\/\/fmp-components.com\/wp-content\/uploads\/2025\/01\/yvf2-technical-data-6.webp\" alt=\"dados t\u00e9cnicos yvf2\" width=\"911\" height=\"564\" title=\"\" srcset=\"https:\/\/fmp-components.com\/wp-content\/uploads\/2025\/01\/yvf2-technical-data-6.webp 911w, https:\/\/fmp-components.com\/wp-content\/uploads\/2025\/01\/yvf2-technical-data-6-480x297.webp 480w\" sizes=\"(min-width: 0px) and (max-width: 480px) 480px, (min-width: 481px) 911px, 100vw\" \/><\/p>\n<p>Estrutura com p\u00e9s e prote\u00e7\u00e3o lateral com flange (com furos simples) -IMB35<\/p>\n<p><img loading=\"lazy\" decoding=\"async\" class=\"alignnone size-full wp-image-3484\" src=\"https:\/\/fmp-components.com\/wp-content\/uploads\/2025\/01\/yvf2-technical-data-7.webp\" alt=\"dados t\u00e9cnicos yvf2\" width=\"911\" height=\"577\" title=\"\" srcset=\"https:\/\/fmp-components.com\/wp-content\/uploads\/2025\/01\/yvf2-technical-data-7.webp 911w, https:\/\/fmp-components.com\/wp-content\/uploads\/2025\/01\/yvf2-technical-data-7-480x304.webp 480w\" sizes=\"(min-width: 0px) and (max-width: 480px) 480px, (min-width: 481px) 911px, 100vw\" \/><\/p>\n<p><img loading=\"lazy\" decoding=\"async\" class=\"alignnone size-full wp-image-3483\" src=\"https:\/\/fmp-components.com\/wp-content\/uploads\/2025\/01\/yvf2-technical-data-8.webp\" alt=\"dados t\u00e9cnicos yvf2\" width=\"911\" height=\"566\" title=\"\" srcset=\"https:\/\/fmp-components.com\/wp-content\/uploads\/2025\/01\/yvf2-technical-data-8.webp 911w, https:\/\/fmp-components.com\/wp-content\/uploads\/2025\/01\/yvf2-technical-data-8-480x298.webp 480w\" sizes=\"(min-width: 0px) and (max-width: 480px) 480px, (min-width: 481px) 911px, 100vw\" \/><\/p>\n<p>Estrutura sem p\u00e9s e prote\u00e7\u00e3o lateral com flange (com furos simples) -IMB5<\/p>\n<p><img loading=\"lazy\" decoding=\"async\" class=\"alignnone size-full wp-image-3482\" src=\"https:\/\/fmp-components.com\/wp-content\/uploads\/2025\/01\/yvf2-technical-data-9.webp\" alt=\"yvf2-dados-t\u00e9cnicos-9\" width=\"911\" height=\"150\" title=\"\" srcset=\"https:\/\/fmp-components.com\/wp-content\/uploads\/2025\/01\/yvf2-technical-data-9.webp 911w, https:\/\/fmp-components.com\/wp-content\/uploads\/2025\/01\/yvf2-technical-data-9-480x79.webp 480w\" sizes=\"(min-width: 0px) and (max-width: 480px) 480px, (min-width: 481px) 911px, 100vw\" \/><\/p>\n<p><img loading=\"lazy\" decoding=\"async\" class=\"alignnone size-full wp-image-3481\" src=\"https:\/\/fmp-components.com\/wp-content\/uploads\/2025\/01\/yvf2-technical-data-10.webp\" alt=\"dados t\u00e9cnicos yvf2\" width=\"911\" height=\"549\" title=\"\" srcset=\"https:\/\/fmp-components.com\/wp-content\/uploads\/2025\/01\/yvf2-technical-data-10.webp 911w, https:\/\/fmp-components.com\/wp-content\/uploads\/2025\/01\/yvf2-technical-data-10-480x289.webp 480w\" sizes=\"(min-width: 0px) and (max-width: 480px) 480px, (min-width: 481px) 911px, 100vw\" \/><\/p>\n<h2>Sobre a FMP<\/h2>\n<p>A FMP \u00e9 uma empresa nacional de alta tecnologia especializada em projeto, desenvolvimento e produ\u00e7\u00e3o de motores avan\u00e7ados e solu\u00e7\u00f5es eletromec\u00e2nicas. Nosso foco \u00e9 a produ\u00e7\u00e3o de motores das s\u00e9ries YE2, YE3 e YE4, al\u00e9m de uma gama de produtos derivados. Nossa linha de produtos tamb\u00e9m inclui motores trif\u00e1sicos e monof\u00e1sicos para bombas hidr\u00e1ulicas, motores com carca\u00e7a de alum\u00ednio, motores n\u00e3o padronizados para bombas hidr\u00e1ulicas, redutores de turbina com integra\u00e7\u00e3o eletromec\u00e2nica e outros motores especializados.<\/p>\n<p>Os produtos da FMP s\u00e3o amplamente utilizados em automa\u00e7\u00e3o industrial, atendendo setores-chave como tornos CNC, m\u00e1quinas para fabrica\u00e7\u00e3o de cal\u00e7ados, m\u00e1quinas para marcenaria, m\u00e1quinas para metalurgia, m\u00e1quinas para pl\u00e1sticos e m\u00e1quinas para constru\u00e7\u00e3o. Com um forte compromisso com a inova\u00e7\u00e3o e a qualidade, a FMP garante que todos os produtos atendam aos mais altos padr\u00f5es de desempenho.<\/p>\n<p>Al\u00e9m da nossa abrangente linha de produtos, temos orgulho de oferecer solu\u00e7\u00f5es personalizadas, adaptadas \u00e0s necessidades espec\u00edficas dos nossos clientes. Sejam motores especializados, produtos n\u00e3o padronizados ou sistemas integrados, a FMP trabalha em estreita colabora\u00e7\u00e3o com os clientes para fornecer solu\u00e7\u00f5es personalizadas e de alta qualidade. Nosso foco em engenharia de precis\u00e3o e na satisfa\u00e7\u00e3o do cliente impulsiona nosso sucesso cont\u00ednuo em mercados globais.<\/p>\n<p>Na FMP, nos dedicamos a construir parcerias de longo prazo e mutuamente ben\u00e9ficas, apoiando o sucesso de nossos clientes em cada projeto.<\/p>\n<table style=\"border-collapse: collapse; width: 100.882%; height: 23px;\" border=\"0\" width=\"128\" cellspacing=\"0\" cellpadding=\"0\">\n<tbody>\n<tr style=\"height: 13.8pt;\">\n<td style=\"height: 10px; width: 50.3922%;\" align=\"right\" width=\"64\" height=\"18\"><img loading=\"lazy\" decoding=\"async\" class=\"alignnone size-full wp-image-3398\" src=\"https:\/\/fmp-components.com\/wp-content\/uploads\/2025\/01\/Three-Phase-Motor-Factory.webp\" alt=\"F\u00e1brica de motores trif\u00e1sicos\" width=\"900\" height=\"600\" title=\"\" srcset=\"https:\/\/fmp-components.com\/wp-content\/uploads\/2025\/01\/Three-Phase-Motor-Factory.webp 900w, https:\/\/fmp-components.com\/wp-content\/uploads\/2025\/01\/Three-Phase-Motor-Factory-480x320.webp 480w\" sizes=\"(min-width: 0px) and (max-width: 480px) 480px, (min-width: 481px) 900px, 100vw\" \/><\/td>\n<td style=\"width: 604.224%; height: 10px;\" align=\"right\" width=\"64\"><img loading=\"lazy\" decoding=\"async\" class=\"alignnone size-full wp-image-3399\" src=\"https:\/\/fmp-components.com\/wp-content\/uploads\/2025\/01\/Three-Phase-Motor-Factory-2.webp\" alt=\"F\u00e1brica de Motores Trif\u00e1sicos 2\" width=\"900\" height=\"600\" title=\"\" srcset=\"https:\/\/fmp-components.com\/wp-content\/uploads\/2025\/01\/Three-Phase-Motor-Factory-2.webp 900w, https:\/\/fmp-components.com\/wp-content\/uploads\/2025\/01\/Three-Phase-Motor-Factory-2-480x320.webp 480w\" sizes=\"(min-width: 0px) and (max-width: 480px) 480px, (min-width: 481px) 900px, 100vw\" \/><\/td>\n<\/tr>\n<tr style=\"height: 13.8pt;\">\n<td style=\"height: 13px; width: 50.3922%;\" align=\"right\" height=\"18\"><img loading=\"lazy\" decoding=\"async\" class=\"alignnone size-full wp-image-3400\" src=\"https:\/\/fmp-components.com\/wp-content\/uploads\/2025\/01\/China-Three-Phase-Motor-Factory-1.webp\" alt=\"F\u00e1brica de Motores Trif\u00e1sicos 1\" width=\"900\" height=\"600\" title=\"\" srcset=\"https:\/\/fmp-components.com\/wp-content\/uploads\/2025\/01\/China-Three-Phase-Motor-Factory-1.webp 900w, https:\/\/fmp-components.com\/wp-content\/uploads\/2025\/01\/China-Three-Phase-Motor-Factory-1-480x320.webp 480w\" sizes=\"(min-width: 0px) and (max-width: 480px) 480px, (min-width: 481px) 900px, 100vw\" \/><\/td>\n<td style=\"width: 604.224%; height: 13px;\" align=\"right\"><img loading=\"lazy\" decoding=\"async\" class=\"alignnone size-full wp-image-3401\" src=\"https:\/\/fmp-components.com\/wp-content\/uploads\/2025\/01\/Three-Phase-Motor-Factory-3.webp\" alt=\"F\u00e1brica de Motores Trif\u00e1sicos 3\" width=\"900\" height=\"600\" title=\"\" srcset=\"https:\/\/fmp-components.com\/wp-content\/uploads\/2025\/01\/Three-Phase-Motor-Factory-3.webp 900w, https:\/\/fmp-components.com\/wp-content\/uploads\/2025\/01\/Three-Phase-Motor-Factory-3-480x320.webp 480w\" sizes=\"(min-width: 0px) and (max-width: 480px) 480px, (min-width: 481px) 900px, 100vw\" \/><\/td>\n<\/tr>\n<tr>\n<td><img loading=\"lazy\" decoding=\"async\" class=\"alignnone size-full wp-image-3471\" src=\"https:\/\/fmp-components.com\/wp-content\/uploads\/2025\/01\/Single-Phase-Induction-Motor-Suppliers.webp\" alt=\"Fornecedores de motores de indu\u00e7\u00e3o monof\u00e1sicos\" width=\"900\" height=\"600\" title=\"\" srcset=\"https:\/\/fmp-components.com\/wp-content\/uploads\/2025\/01\/Single-Phase-Induction-Motor-Suppliers.webp 900w, https:\/\/fmp-components.com\/wp-content\/uploads\/2025\/01\/Single-Phase-Induction-Motor-Suppliers-480x320.webp 480w\" sizes=\"(min-width: 0px) and (max-width: 480px) 480px, (min-width: 481px) 900px, 100vw\" \/><\/td>\n<td><img loading=\"lazy\" decoding=\"async\" class=\"alignnone size-full wp-image-3470\" src=\"https:\/\/fmp-components.com\/wp-content\/uploads\/2025\/01\/Single-Phase-Induction-Motor-Manufacturers-1.webp\" alt=\"Fabricantes de motores de indu\u00e7\u00e3o monof\u00e1sicos 1\" width=\"900\" height=\"600\" title=\"\" srcset=\"https:\/\/fmp-components.com\/wp-content\/uploads\/2025\/01\/Single-Phase-Induction-Motor-Manufacturers-1.webp 900w, https:\/\/fmp-components.com\/wp-content\/uploads\/2025\/01\/Single-Phase-Induction-Motor-Manufacturers-1-480x320.webp 480w\" sizes=\"(min-width: 0px) and (max-width: 480px) 480px, (min-width: 481px) 900px, 100vw\" \/><\/td>\n<\/tr>\n<tr>\n<td><img loading=\"lazy\" decoding=\"async\" class=\"alignnone size-full wp-image-3472\" src=\"https:\/\/fmp-components.com\/wp-content\/uploads\/2025\/01\/Single-Phase-Induction-Motor-Manufacturers.webp\" alt=\"Fabricantes de motores de indu\u00e7\u00e3o monof\u00e1sicos\" width=\"900\" height=\"600\" title=\"\" srcset=\"https:\/\/fmp-components.com\/wp-content\/uploads\/2025\/01\/Single-Phase-Induction-Motor-Manufacturers.webp 900w, https:\/\/fmp-components.com\/wp-content\/uploads\/2025\/01\/Single-Phase-Induction-Motor-Manufacturers-480x320.webp 480w\" sizes=\"(min-width: 0px) and (max-width: 480px) 480px, (min-width: 481px) 900px, 100vw\" \/><\/td>\n<td><img loading=\"lazy\" decoding=\"async\" class=\"alignnone size-full wp-image-3473\" src=\"https:\/\/fmp-components.com\/wp-content\/uploads\/2025\/01\/Single-Phase-Induction-Motor-for-Sale.webp\" alt=\"Motor de indu\u00e7\u00e3o monof\u00e1sico \u00e0 venda\" width=\"900\" height=\"600\" title=\"\" srcset=\"https:\/\/fmp-components.com\/wp-content\/uploads\/2025\/01\/Single-Phase-Induction-Motor-for-Sale.webp 900w, https:\/\/fmp-components.com\/wp-content\/uploads\/2025\/01\/Single-Phase-Induction-Motor-for-Sale-480x320.webp 480w\" sizes=\"(min-width: 0px) and (max-width: 480px) 480px, (min-width: 481px) 900px, 100vw\" \/><\/td>\n<\/tr>\n<\/tbody>\n<\/table>\n<p>Autor: CX<\/p>","protected":false},"excerpt":{"rendered":"<p>YVF2 Series(ip54) Three-phase Asynchronous Motors Application Conditions Elevation Be lower than 1000 meters Ambient Temperature -15\u2103 \u2264 0 \u2264 40\u2103 Relative Humidity Not higher than 90% Operating Mode S1 Insulation Degree F Rated Voltage 380 V Frequency 50 Hz Cooling Method IC416 Technical Data of YVF2 Series Asynchronous Motors Vibrations and noise while unloaded and [&hellip;]<\/p>","protected":false},"featured_media":3478,"comment_status":"open","ping_status":"closed","template":"","meta":{"_et_pb_use_builder":"","_et_pb_old_content":"","_et_gb_content_width":""},"product_brand":[],"product_cat":[86],"product_tag":[],"class_list":{"0":"post-3477","1":"product","2":"type-product","3":"status-publish","4":"has-post-thumbnail","6":"product_cat-ac-motors","8":"first","9":"instock","10":"shipping-taxable","11":"product-type-simple"},"_links":{"self":[{"href":"https:\/\/fmp-components.com\/pt\/wp-json\/wp\/v2\/product\/3477","targetHints":{"allow":["GET"]}}],"collection":[{"href":"https:\/\/fmp-components.com\/pt\/wp-json\/wp\/v2\/product"}],"about":[{"href":"https:\/\/fmp-components.com\/pt\/wp-json\/wp\/v2\/types\/product"}],"replies":[{"embeddable":true,"href":"https:\/\/fmp-components.com\/pt\/wp-json\/wp\/v2\/comments?post=3477"}],"wp:featuredmedia":[{"embeddable":true,"href":"https:\/\/fmp-components.com\/pt\/wp-json\/wp\/v2\/media\/3478"}],"wp:attachment":[{"href":"https:\/\/fmp-components.com\/pt\/wp-json\/wp\/v2\/media?parent=3477"}],"wp:term":[{"taxonomy":"product_brand","embeddable":true,"href":"https:\/\/fmp-components.com\/pt\/wp-json\/wp\/v2\/product_brand?post=3477"},{"taxonomy":"product_cat","embeddable":true,"href":"https:\/\/fmp-components.com\/pt\/wp-json\/wp\/v2\/product_cat?post=3477"},{"taxonomy":"product_tag","embeddable":true,"href":"https:\/\/fmp-components.com\/pt\/wp-json\/wp\/v2\/product_tag?post=3477"}],"curies":[{"name":"wp","href":"https:\/\/api.w.org\/{rel}","templated":true}]}}