{"id":344,"date":"2024-12-09T07:30:47","date_gmt":"2024-12-09T07:30:47","guid":{"rendered":"https:\/\/fmp-components.com\/?page_id=8"},"modified":"2024-12-09T07:30:47","modified_gmt":"2024-12-09T07:30:47","slug":"lift-hydraulic-cylinder-for-cart","status":"publish","type":"product","link":"https:\/\/fmp-components.com\/pt\/product\/lift-hydraulic-cylinder-for-cart\/","title":{"rendered":"Cilindro Hidr\u00e1ulico de Eleva\u00e7\u00e3o para Carrinho"},"content":{"rendered":"<p style=\"text-align: center;\"><span style=\"font-size: 18pt;\">Pe\u00e7as do cilindro hidr\u00e1ulico do elevador de carrinho:<\/span><\/p>\n<p><img loading=\"lazy\" decoding=\"async\" class=\"alignnone size-full wp-image-347\" src=\"https:\/\/fmp-components.com\/wp-content\/uploads\/2024\/12\/Cart-Lift-Hydraulic-Cylinder-Parts.webp\" alt=\"Carrinho-Elevador-Cilindro Hidr\u00e1ulico-Pe\u00e7as\" width=\"1024\" height=\"467\" title=\"\" srcset=\"https:\/\/fmp-components.com\/wp-content\/uploads\/2024\/12\/Cart-Lift-Hydraulic-Cylinder-Parts.webp 1024w, https:\/\/fmp-components.com\/wp-content\/uploads\/2024\/12\/Cart-Lift-Hydraulic-Cylinder-Parts-980x447.webp 980w, https:\/\/fmp-components.com\/wp-content\/uploads\/2024\/12\/Cart-Lift-Hydraulic-Cylinder-Parts-480x219.webp 480w\" sizes=\"(min-width: 0px) and (max-width: 480px) 480px, (min-width: 481px) and (max-width: 980px) 980px, (min-width: 981px) 1024px, 100vw\" \/><\/p>\n<h2>Dimens\u00f5es do cilindro hidr\u00e1ulico do elevador de carrinho:<\/h2>\n<table>\n<tbody>\n<tr>\n<td>\n<h2><img loading=\"lazy\" decoding=\"async\" class=\"alignnone size-full wp-image-345\" src=\"https:\/\/fmp-components.com\/wp-content\/uploads\/2024\/12\/Cart-Lift-Hydraulic-Cylinder-Dimensions-1.webp\" alt=\"Dimens\u00f5es do cilindro hidr\u00e1ulico do elevador de carrinho\" width=\"600\" height=\"710\" title=\"\" srcset=\"https:\/\/fmp-components.com\/wp-content\/uploads\/2024\/12\/Cart-Lift-Hydraulic-Cylinder-Dimensions-1.webp 600w, https:\/\/fmp-components.com\/wp-content\/uploads\/2024\/12\/Cart-Lift-Hydraulic-Cylinder-Dimensions-1-480x568.webp 480w\" sizes=\"(min-width: 0px) and (max-width: 480px) 480px, (min-width: 481px) 600px, 100vw\" \/><\/h2>\n<\/td>\n<td>\n<h2><img loading=\"lazy\" decoding=\"async\" class=\"alignnone size-full wp-image-346\" src=\"https:\/\/fmp-components.com\/wp-content\/uploads\/2024\/12\/Cart-Lift-Hydraulic-Cylinder-Dimensions-2.webp\" alt=\"Dimens\u00f5es do cilindro hidr\u00e1ulico do elevador de carrinho\" width=\"600\" height=\"710\" title=\"\" srcset=\"https:\/\/fmp-components.com\/wp-content\/uploads\/2024\/12\/Cart-Lift-Hydraulic-Cylinder-Dimensions-2.webp 600w, https:\/\/fmp-components.com\/wp-content\/uploads\/2024\/12\/Cart-Lift-Hydraulic-Cylinder-Dimensions-2-480x568.webp 480w\" sizes=\"(min-width: 0px) and (max-width: 480px) 480px, (min-width: 481px) 600px, 100vw\" \/><\/h2>\n<\/td>\n<\/tr>\n<\/tbody>\n<\/table>\n<table border=\"1\" cellspacing=\"0\" cellpadding=\"0\">\n<tbody>\n<tr>\n<td width=\"246\">Nome do Cilindro<\/td>\n<td width=\"336\">N\u00famero do desenho<\/td>\n<td width=\"126\">Di\u00e2metro do furo (D)<\/td>\n<td width=\"123\">Di\u00e2metro da haste (d)<\/td>\n<td width=\"114\">Acidente Vascular Cerebral (S)<\/td>\n<td width=\"170\">Dist\u00e2ncia de instala\u00e7\u00e3o (L)<\/td>\n<td width=\"172\">Press\u00e3o de trabalho<\/td>\n<td width=\"366\">Dimens\u00f5es da interface (M)<\/td>\n<td width=\"96\">Peso<\/td>\n<\/tr>\n<tr>\n<td width=\"246\">Cilindro de eleva\u00e7\u00e3o para carrinho<\/td>\n<td width=\"336\">AIMBN156-620000-001<\/td>\n<td width=\"126\">\u03a645<\/td>\n<td width=\"123\">\u03a640<\/td>\n<td width=\"114\">125<\/td>\n<td width=\"170\">313<\/td>\n<td width=\"172\">18 MPa<\/td>\n<td width=\"366\">M12*1,5<\/td>\n<td width=\"96\">6,5 kg<\/td>\n<\/tr>\n<tr>\n<td width=\"246\">Cilindro de eleva\u00e7\u00e3o para carrinho<\/td>\n<td>AIMBJ150-620000-000<\/td>\n<td>\u03a640<\/td>\n<td>\u03a635<\/td>\n<td>155<\/td>\n<td>354.7<\/td>\n<td>22 MPa<\/td>\n<td>\u03a66<\/td>\n<td>6,5 kg<\/td>\n<\/tr>\n<tr>\n<td width=\"246\">Cilindro de eleva\u00e7\u00e3o para carrinho<\/td>\n<td width=\"336\">AIMBA200-620000-000<\/td>\n<td>\u03a645<\/td>\n<td>\u03a640<\/td>\n<td>155<\/td>\n<td>355<\/td>\n<td>20 MPa<\/td>\n<td>\u03a66<\/td>\n<td>6,5 kg<\/td>\n<\/tr>\n<tr>\n<td width=\"246\">Cilindro de eleva\u00e7\u00e3o para carrinho<\/td>\n<td>EPT18H-301-00<\/td>\n<td>\u03a640<\/td>\n<td>\u03a635<\/td>\n<td>120<\/td>\n<td>233<\/td>\n<td>25 MPa<\/td>\n<td>M12*1,5<\/td>\n<td>3,6 kg<\/td>\n<\/tr>\n<\/tbody>\n<\/table>\n<h2 style=\"box-sizing: border-box; user-select: initial !important; margin: 0px; padding: 0px 0px 10px; border: 0px; outline: 0px; font-size: 26px; text-size-adjust: 100%; vertical-align: baseline; background: #ffffff; color: #333333; line-height: 1em; font-weight: 500; font-family: Nunito, Helvetica, Arial, Lucida, sans-serif; font-style: normal; font-variant-ligatures: normal; font-variant-caps: normal; letter-spacing: normal; orphans: 2; text-align: start; text-indent: 0px; text-transform: none; widows: 2; word-spacing: 0px; -webkit-text-stroke-width: 0px; white-space: normal; text-decoration-thickness: initial; text-decoration-style: initial; text-decoration-color: initial;\">Marcas e modelos dispon\u00edveis de cilindros hidr\u00e1ulicos:<\/h2>\n<table style=\"box-sizing: border-box; border-collapse: collapse; border-spacing: 0px; word-break: break-all; color: #666666; font-family: Nunito, Helvetica, Arial, Lucida, sans-serif; font-size: 16px; font-style: normal; font-variant-ligatures: normal; font-variant-caps: normal; font-weight: 500; letter-spacing: normal; orphans: 2; text-align: start; text-transform: none; widows: 2; word-spacing: 0px; -webkit-text-stroke-width: 0px; white-space: normal; background-color: #ffffff; text-decoration-thickness: initial; text-decoration-style: initial; text-decoration-color: initial; width: 100.174%; user-select: initial !important; height: 597px;\" border=\"1\" cellspacing=\"0\" cellpadding=\"0\">\n<tbody style=\"box-sizing: border-box; user-select: initial !important;\">\n<tr style=\"box-sizing: border-box; user-select: initial !important;\">\n<td style=\"box-sizing: border-box; user-select: initial !important;\"><b style=\"box-sizing: border-box; user-select: initial !important; margin: 0px; padding: 0px; border: 0px; outline: 0px; font-size: 16px; text-size-adjust: 100%; vertical-align: baseline; background: transparent;\" data-spm-anchor-id=\"a2700.details.0.i43.45d84a73e99C9z\">KOMATSU (PC)<\/b><\/td>\n<td style=\"box-sizing: border-box; user-select: initial !important;\">PC30, PC40, PC50, PC56, PC60, PC78, PC100, PC110, PC120, PC130, PC160, PC200-3\/5\/6\/7\/8\/8MO, PC210, PC220-5\/6\/7\/8\/8MO, PC240, PC300\/350\/360-5\/6\/7\/8\/8MO, PC400\/450-5\/6\/7\/8\/8MO, PC800, PC850<\/td>\n<\/tr>\n<tr style=\"box-sizing: border-box; user-select: initial !important;\">\n<td style=\"box-sizing: border-box; user-select: initial !important;\"><b style=\"box-sizing: border-box; user-select: initial !important; margin: 0px; padding: 0px; border: 0px; outline: 0px; font-size: 16px; text-size-adjust: 100%; vertical-align: baseline; background: transparent;\">LAGARTA (E)<\/b><\/td>\n<td style=\"box-sizing: border-box; user-select: initial !important;\">E301.5,E302,E305.5,E306,E307V1\/V2\/B\/C\/D\/E\/F,E308B\/C,E120B,E312V1\/V2\/B\/C\/D,E313D2,E312D2,E315D,<br style=\"box-sizing: border-box; user-select: initial !important;\" \/>E200B,E320V1\/V2\/A\/B\/C\/D,E324D,E325C\/D,E329D,E330\/336C\/D,E345C,E349D,E365C,E374,E390<\/td>\n<\/tr>\n<tr style=\"box-sizing: border-box; user-select: initial !important;\">\n<td style=\"box-sizing: border-box; user-select: initial !important;\"><b style=\"box-sizing: border-box; user-select: initial !important; margin: 0px; padding: 0px; border: 0px; outline: 0px; font-size: 16px; text-size-adjust: 100%; vertical-align: baseline; background: transparent;\">KOBELCO (SK)<\/b><\/td>\n<td style=\"box-sizing: border-box; user-select: initial !important;\">SK60-3\/5\/8, SK75-8\/SR, SK100 ,SK120-3\/5, SK135-8\/SR, SK140-8, SK200-3\/5\/6\/6E, SK210-3\/5\/6\/6E,<br style=\"box-sizing: border-box; user-select: initial !important;\" \/>SK230\/250-6E,SK250-8,SK260-8,SK350-8\/S8,SK460\/480-8<\/td>\n<\/tr>\n<tr style=\"box-sizing: border-box; user-select: initial !important;\">\n<td style=\"box-sizing: border-box; user-select: initial !important;\"><b style=\"box-sizing: border-box; user-select: initial !important; margin: 0px; padding: 0px; border: 0px; outline: 0px; font-size: 16px; text-size-adjust: 100%; vertical-align: baseline; background: transparent;\">HYUNDAI (R)<\/b><\/td>\n<td style=\"box-sizing: border-box; user-select: initial !important;\">R55-5\/7, R60-5\/7, R80, R110, R130, R200-5, R210-5, R215-5\/7, R220-5\/7\/9, R225-5\/7\/9, R250, R260, R265, R290, R305, R445, R485, R505<\/td>\n<\/tr>\n<tr style=\"box-sizing: border-box; user-select: initial !important;\">\n<td style=\"box-sizing: border-box; user-select: initial !important;\"><b style=\"box-sizing: border-box; user-select: initial !important; margin: 0px; padding: 0px; border: 0px; outline: 0px; font-size: 16px; text-size-adjust: 100%; vertical-align: baseline; background: transparent;\" data-spm-anchor-id=\"a2700.details.0.i53.45d84a73e99C9z\">HITACHI (EX.ZX)<\/b><\/td>\n<td style=\"box-sizing: border-box; user-select: initial !important;\">EX60,EX100-1\/2\/3,EX120-1\/3\/5\/6,EX200-1\/3\/5,EX230-5,EX300-1,EX400<br style=\"box-sizing: border-box; user-select: initial !important;\" \/>ZAX60,ZAX70,ZA120-6,ZAX200\/210-1\/3\/5\/5K,ZAX240,ZAX250,ZAX260,ZAX330-3\/5\/6,ZAX450\/470,ZAX650\/670,ZAX850\/870<\/td>\n<\/tr>\n<tr style=\"box-sizing: border-box; user-select: initial !important;\">\n<td style=\"box-sizing: border-box; user-select: initial !important;\">\n<div class=\"magic-32\" style=\"box-sizing: border-box; user-select: initial !important; margin: 0px; padding: 0px; border: 0px; outline: 0px; font-size: 16px; text-size-adjust: 100%; vertical-align: baseline; background: transparent;\"><b style=\"box-sizing: border-box; user-select: initial !important; margin: 0px; padding: 0px; border: 0px; outline: 0px; font-size: 16px; text-size-adjust: 100%; vertical-align: baseline; background: transparent;\" data-spm-anchor-id=\"a2700.details.0.i55.45d84a73e99C9z\">DOOSAN (DH\/DX)<\/b><\/div>\n<\/td>\n<td style=\"box-sizing: border-box; user-select: initial !important;\">\n<div class=\"magic-33\" style=\"box-sizing: border-box; user-select: initial !important; margin: 0px; padding: 0px; border: 0px; outline: 0px; font-size: 16px; text-size-adjust: 100%; vertical-align: baseline; background: transparent;\"><span class=\"magic-34\" style=\"box-sizing: border-box; user-select: initial !important; margin: 0px; padding: 0px; border: 0px; outline: 0px; font-size: 16px; text-size-adjust: 100%; vertical-align: baseline; background: transparent;\">DH55, DH60, DH80, DH150, DH215-5\/7, DH220-5, DH225-5\/7, DH258, DH300-5\/7, DH370, DH420, DH500<br style=\"box-sizing: border-box; user-select: initial !important;\" \/>DX55, DX60, DX75, DX130, DX225-9, DX300, DX380, DX420, DX500<\/span><\/div>\n<\/td>\n<\/tr>\n<tr style=\"box-sizing: border-box; user-select: initial !important;\">\n<td style=\"box-sizing: border-box; user-select: initial !important;\">\n<div class=\"magic-32\" style=\"box-sizing: border-box; user-select: initial !important; margin: 0px; padding: 0px; border: 0px; outline: 0px; font-size: 16px; text-size-adjust: 100%; vertical-align: baseline; background: transparent;\"><b style=\"box-sizing: border-box; user-select: initial !important; margin: 0px; padding: 0px; border: 0px; outline: 0px; font-size: 16px; text-size-adjust: 100%; vertical-align: baseline; background: transparent;\">VOLVO (CE)<\/b><\/div>\n<\/td>\n<td style=\"box-sizing: border-box; user-select: initial !important;\">\n<div class=\"magic-33\" style=\"box-sizing: border-box; user-select: initial !important; margin: 0px; padding: 0px; border: 0px; outline: 0px; font-size: 16px; text-size-adjust: 100%; vertical-align: baseline; background: transparent;\"><span class=\"magic-34\" style=\"box-sizing: border-box; user-select: initial !important; margin: 0px; padding: 0px; border: 0px; outline: 0px; font-size: 16px; text-size-adjust: 100%; vertical-align: baseline; background: transparent;\">EC55, EC60, EC75, EC80, EC140, EC210B\/D, EC220D, EC240, EC250, EC290, EC300, EC360 EC380, EC460, EC480, EC700, EC750, EC950<\/span><\/div>\n<\/td>\n<\/tr>\n<tr style=\"box-sizing: border-box; user-select: initial !important;\">\n<td style=\"box-sizing: border-box; user-select: initial !important;\">\n<div class=\"magic-32\" style=\"box-sizing: border-box; user-select: initial !important; margin: 0px; padding: 0px; border: 0px; outline: 0px; font-size: 16px; text-size-adjust: 100%; vertical-align: baseline; background: transparent;\"><b style=\"box-sizing: border-box; user-select: initial !important; margin: 0px; padding: 0px; border: 0px; outline: 0px; font-size: 16px; text-size-adjust: 100%; vertical-align: baseline; background: transparent;\">KATO (HD)<\/b><\/div>\n<\/td>\n<td style=\"box-sizing: border-box; user-select: initial !important;\">\n<div class=\"magic-33\" style=\"box-sizing: border-box; user-select: initial !important; margin: 0px; padding: 0px; border: 0px; outline: 0px; font-size: 16px; text-size-adjust: 100%; vertical-align: baseline; background: transparent;\"><span class=\"magic-34\" style=\"box-sizing: border-box; user-select: initial !important; margin: 0px; padding: 0px; border: 0px; outline: 0px; font-size: 16px; text-size-adjust: 100%; vertical-align: baseline; background: transparent;\">HD307\/308,HD450,HD512,HD700-5\/7,HD820-1\/2\/3\/5\/R,HD1023-1\/3,HD1430-1\/3<\/span><\/div>\n<\/td>\n<\/tr>\n<tr style=\"box-sizing: border-box; user-select: initial !important;\">\n<td style=\"box-sizing: border-box; user-select: initial !important;\">\n<div class=\"magic-32\" style=\"box-sizing: border-box; user-select: initial !important; margin: 0px; padding: 0px; border: 0px; outline: 0px; font-size: 16px; text-size-adjust: 100%; vertical-align: baseline; background: transparent;\"><b style=\"box-sizing: border-box; user-select: initial !important; margin: 0px; padding: 0px; border: 0px; outline: 0px; font-size: 16px; text-size-adjust: 100%; vertical-align: baseline; background: transparent;\">OUTRAS MARCAS<\/b><\/div>\n<\/td>\n<td style=\"box-sizing: border-box; user-select: initial !important;\">\n<div class=\"magic-33\" style=\"box-sizing: border-box; user-select: initial !important; margin: 0px; padding: 0px; border: 0px; outline: 0px; font-size: 16px; text-size-adjust: 100%; vertical-align: baseline; background: transparent;\"><span class=\"magic-34\" style=\"box-sizing: border-box; user-select: initial !important; margin: 0px; padding: 0px; border: 0px; outline: 0px; font-size: 16px; text-size-adjust: 100%; vertical-align: baseline; background: transparent;\">XCMG, LIUGONG, KUBOTA, CASO, YANMAR, SUNWARD, ZOOMLION, LISHIDE, LIEHERR<\/span><\/div>\n<\/td>\n<\/tr>\n<\/tbody>\n<\/table>\n<h3>Sobre a FMP<\/h3>\n<p>A FMP \u00e9 uma fabricante especializada em cilindros hidr\u00e1ulicos, com forte foco em pesquisa e produ\u00e7\u00e3o. Desde a sua funda\u00e7\u00e3o, a empresa tem se concentrado consistentemente no desenvolvimento de cilindros hidr\u00e1ulicos, evoluindo da produ\u00e7\u00e3o de uma variedade de produtos, como m\u00e1quinas para colheita e constru\u00e7\u00e3o, para a especializa\u00e7\u00e3o em componentes para tratores agr\u00edcolas. Com mais de uma d\u00e9cada de experi\u00eancia em fabrica\u00e7\u00e3o, experi\u00eancia em gest\u00e3o e tecnologia de produ\u00e7\u00e3o avan\u00e7ada, a FMP garante a mais alta qualidade em seus produtos.<\/p>\n<p>\u00c0 medida que a empresa se profissionalizou, estabeleceu uma linha de produ\u00e7\u00e3o de usinagem abrangente, uma linha de montagem e uma linha de revestimento. A FMP conta com o apoio de uma equipe dedicada de gestores experientes, projetistas mec\u00e2nicos qualificados e t\u00e9cnicos altamente treinados. Isso garante a estabilidade da qualidade do produto, ao mesmo tempo em que controla com efici\u00eancia a continuidade do processo e a efic\u00e1cia geral da produ\u00e7\u00e3o.<\/p>\n<p>A FMP segue os valores fundamentais de &quot;Inova\u00e7\u00e3o tecnol\u00f3gica impulsionando o progresso, qualidade criando marcas, artesanato garantindo a qualidade e construindo relacionamentos de longo prazo e mutuamente ben\u00e9ficos&quot;. A empresa mant\u00e9m o compromisso de fornecer produtos de alta qualidade, al\u00e9m de oferecer um atendimento superior ao cliente, sempre se esfor\u00e7ando para atender \u00e0s necessidades em constante evolu\u00e7\u00e3o do mercado.<\/p>\n<p><img loading=\"lazy\" decoding=\"async\" class=\"alignnone wp-image-303\" src=\"https:\/\/fmp-components.com\/wp-content\/uploads\/2024\/12\/hydraulic-cylinder-factory-11_1.webp\" alt=\"f\u00e1brica de cilindros hidr\u00e1ulicos\" width=\"917\" height=\"1003\" title=\"\" srcset=\"https:\/\/fmp-components.com\/wp-content\/uploads\/2024\/12\/hydraulic-cylinder-factory-11_1.webp 917w, https:\/\/fmp-components.com\/wp-content\/uploads\/2024\/12\/hydraulic-cylinder-factory-11_1-480x525.webp 480w\" sizes=\"(min-width: 0px) and (max-width: 480px) 480px, (min-width: 481px) 917px, 100vw\" \/><\/p>\n<table style=\"width: 100%;\" border=\"1\" width=\"100%\" cellspacing=\"0\" cellpadding=\"0\">\n<tbody>\n<tr>\n<td style=\"width: 41.9294%;\" width=\"226\"><img loading=\"lazy\" decoding=\"async\" class=\"alignnone size-full wp-image-309\" src=\"https:\/\/fmp-components.com\/wp-content\/uploads\/2024\/12\/Forklift-Tilt-Hydraulic-Cylinder.webp\" alt=\"Cilindro hidr\u00e1ulico de inclina\u00e7\u00e3o de empilhadeira\" width=\"1000\" height=\"750\" title=\"\" srcset=\"https:\/\/fmp-components.com\/wp-content\/uploads\/2024\/12\/Forklift-Tilt-Hydraulic-Cylinder.webp 1000w, https:\/\/fmp-components.com\/wp-content\/uploads\/2024\/12\/Forklift-Tilt-Hydraulic-Cylinder-980x735.webp 980w, https:\/\/fmp-components.com\/wp-content\/uploads\/2024\/12\/Forklift-Tilt-Hydraulic-Cylinder-480x360.webp 480w\" sizes=\"(min-width: 0px) and (max-width: 480px) 480px, (min-width: 481px) and (max-width: 980px) 980px, (min-width: 981px) 1000px, 100vw\" \/><\/td>\n<td style=\"width: 55.6484%;\" width=\"64\"><img loading=\"lazy\" decoding=\"async\" class=\"alignnone wp-image-283\" src=\"https:\/\/fmp-components.com\/wp-content\/uploads\/2024\/12\/hydraulic-cylinder-factory-5.webp\" alt=\"f\u00e1brica de cilindros hidr\u00e1ulicos\" width=\"542\" height=\"312\" title=\"\"><\/td>\n<\/tr>\n<\/tbody>\n<\/table>\n<p>Autor: CX<\/p>","protected":false},"excerpt":{"rendered":"<p>O Cilindro Hidr\u00e1ulico de Eleva\u00e7\u00e3o para Carrinhos \u00e9 um componente vital projetado para facilitar a eleva\u00e7\u00e3o e a descida de carrinhos com facilidade e efici\u00eancia. Projetado com materiais de alta resist\u00eancia, este cilindro hidr\u00e1ulico oferece desempenho confi\u00e1vel sob cargas pesadas, tornando-o ideal para aplica\u00e7\u00f5es industriais, comerciais e agr\u00edcolas. Seu mecanismo de opera\u00e7\u00e3o suave garante a\u00e7\u00f5es consistentes de eleva\u00e7\u00e3o e descida, permitindo controle preciso ao manusear diversos materiais. O cilindro foi projetado para ser compacto e leve, garantindo f\u00e1cil integra\u00e7\u00e3o em sistemas de carrinhos sem adicionar volume desnecess\u00e1rio. Com sua constru\u00e7\u00e3o robusta e funcionalidade confi\u00e1vel, o Cilindro Hidr\u00e1ulico de Eleva\u00e7\u00e3o aumenta a produtividade e a seguran\u00e7a em qualquer ambiente de movimenta\u00e7\u00e3o de materiais.<\/p>","protected":false},"featured_media":349,"comment_status":"open","ping_status":"closed","template":"","meta":{"_et_pb_use_builder":"","_et_pb_old_content":"","_et_gb_content_width":""},"product_brand":[],"product_cat":[20],"product_tag":[],"class_list":{"0":"post-344","1":"product","2":"type-product","3":"status-publish","4":"has-post-thumbnail","6":"product_cat-forklift-hydraulic-cylinders","8":"first","9":"instock","10":"shipping-taxable","11":"product-type-simple"},"_links":{"self":[{"href":"https:\/\/fmp-components.com\/pt\/wp-json\/wp\/v2\/product\/344","targetHints":{"allow":["GET"]}}],"collection":[{"href":"https:\/\/fmp-components.com\/pt\/wp-json\/wp\/v2\/product"}],"about":[{"href":"https:\/\/fmp-components.com\/pt\/wp-json\/wp\/v2\/types\/product"}],"replies":[{"embeddable":true,"href":"https:\/\/fmp-components.com\/pt\/wp-json\/wp\/v2\/comments?post=344"}],"wp:featuredmedia":[{"embeddable":true,"href":"https:\/\/fmp-components.com\/pt\/wp-json\/wp\/v2\/media\/349"}],"wp:attachment":[{"href":"https:\/\/fmp-components.com\/pt\/wp-json\/wp\/v2\/media?parent=344"}],"wp:term":[{"taxonomy":"product_brand","embeddable":true,"href":"https:\/\/fmp-components.com\/pt\/wp-json\/wp\/v2\/product_brand?post=344"},{"taxonomy":"product_cat","embeddable":true,"href":"https:\/\/fmp-components.com\/pt\/wp-json\/wp\/v2\/product_cat?post=344"},{"taxonomy":"product_tag","embeddable":true,"href":"https:\/\/fmp-components.com\/pt\/wp-json\/wp\/v2\/product_tag?post=344"}],"curies":[{"name":"wp","href":"https:\/\/api.w.org\/{rel}","templated":true}]}}