{"id":3348,"date":"2025-01-07T01:30:15","date_gmt":"2025-01-07T01:30:15","guid":{"rendered":"https:\/\/fmp-components.com\/?page_id=8"},"modified":"2025-01-07T01:30:15","modified_gmt":"2025-01-07T01:30:15","slug":"low-noise-basic-dc-toy-motor-for-toy-car-tgp02s-a130","status":"publish","type":"product","link":"https:\/\/fmp-components.com\/pt\/product\/low-noise-basic-dc-toy-motor-for-toy-car-tgp02s-a130\/","title":{"rendered":"Motor de brinquedo DC b\u00e1sico de baixo ru\u00eddo para carrinho de brinquedo TGP02S-A130"},"content":{"rendered":"<h2>Caracter\u00edsticas do motor de brinquedo DC b\u00e1sico<\/h2>\n<p>1. Eixo \u00fanico. Tamanho pequeno: 42,2 mm * 45,5 mm * 23 mm<br \/>\n2. Motor de engrenagem de pl\u00e1stico DC com baixa velocidade e grande torque<br \/>\n3. Adequado para aplica\u00e7\u00f5es de pequeno di\u00e2metro, baixo ru\u00eddo e grande torque<br \/>\n4. Taxa de redu\u00e7\u00e3o: 48, 120, 180, 220, 288<\/p>\n<p><img loading=\"lazy\" decoding=\"async\" class=\"alignnone  wp-image-3352\" src=\"https:\/\/fmp-components.com\/wp-content\/uploads\/2025\/01\/fmp_4.TGP010-A130-2.webp\" alt=\"fmp_4.TGP010-A130-2\" width=\"918\" height=\"421\" title=\"\" srcset=\"https:\/\/fmp-components.com\/wp-content\/uploads\/2025\/01\/fmp_4.TGP010-A130-2.webp 918w, https:\/\/fmp-components.com\/wp-content\/uploads\/2025\/01\/fmp_4.TGP010-A130-2-480x220.webp 480w\" sizes=\"(min-width: 0px) and (max-width: 480px) 480px, (min-width: 481px) 918px, 100vw\" \/><\/p>\n<h2>Dados t\u00e9cnicos do mini motor DC<\/h2>\n<table style=\"width: 98.042%; height: 144px;\" border=\"1\">\n<tbody>\n<tr>\n<td style=\"width: 21.3647%;\">Modelo do motor n\u00ba<\/td>\n<td style=\"width: 15.8837%;\">Tens\u00e3o nominal<br \/>\nVDC<\/td>\n<td style=\"width: 16.6667%;\">Velocidade sem carga<br \/>\nrpm<\/td>\n<td style=\"width: 17.6734%;\">Corrente sem carga<br \/>\nmA<\/td>\n<td style=\"width: 13.0872%;\">Torque de parada<br \/>\ng.cm<\/td>\n<td style=\"width: 15.3244%;\">Corrente de parada<br \/>\nUM<\/td>\n<\/tr>\n<tr>\n<td style=\"width: 21.3647%;\">TFE-130RA-12215<\/td>\n<td style=\"width: 15.8837%;\">6.0<\/td>\n<td style=\"width: 16.6667%;\">11500<\/td>\n<td style=\"width: 17.6734%;\">120<\/td>\n<td style=\"width: 13.0872%;\">20<\/td>\n<td style=\"width: 15.3244%;\">0.85<\/td>\n<\/tr>\n<tr>\n<td style=\"width: 21.3647%;\">TFE-130RA-14175<\/td>\n<td style=\"width: 15.8837%;\">3.0<\/td>\n<td style=\"width: 16.6667%;\">8000<\/td>\n<td style=\"width: 17.6734%;\">120<\/td>\n<td style=\"width: 13.0872%;\">13<\/td>\n<td style=\"width: 15.3244%;\">0.70<\/td>\n<\/tr>\n<tr>\n<td style=\"width: 21.3647%;\">TFE-130RA-18100<\/td>\n<td style=\"width: 15.8837%;\">3.0<\/td>\n<td style=\"width: 16.6667%;\">11500<\/td>\n<td style=\"width: 17.6734%;\">250<\/td>\n<td style=\"width: 13.0872%;\">20<\/td>\n<td style=\"width: 15.3244%;\">1.80<\/td>\n<\/tr>\n<\/tbody>\n<\/table>\n<h2>Dados t\u00e9cnicos do motor de engrenagem<\/h2>\n<table style=\"width: 98.042%; height: 120px;\" border=\"1\">\n<tbody>\n<tr style=\"height: 30px;\">\n<th style=\"height: 30px; width: 32.774%; text-align: left;\">Modelo de caixa de engrenagens<\/th>\n<td style=\"height: 30px; width: 68.0089%;\">TGP01D-A130-12215-XXX<\/td>\n<\/tr>\n<tr style=\"height: 30px;\">\n<th style=\"height: 30px; width: 32.774%; text-align: left;\">Taxas de Redu\u00e7\u00e3o<\/th>\n<td style=\"height: 30px; width: 68.0089%;\">48, 120, 180, 220, 288<\/td>\n<\/tr>\n<tr style=\"height: 30px;\">\n<th style=\"height: 30px; width: 32.774%; text-align: left;\">Velocidades sem carga (rpm)<\/th>\n<td style=\"height: 30px; width: 68.0089%;\">230, 90, 60, 50, 38<\/td>\n<\/tr>\n<tr style=\"height: 30px;\">\n<th style=\"height: 30px; width: 32.774%; text-align: left;\">Torque de toler\u00e2ncia moment\u00e2nea m\u00e1xima (kg.cm)<\/th>\n<td style=\"height: 30px; width: 68.0089%;\">0.7, 1.4, 2.0, 2.2, 2.8<\/td>\n<\/tr>\n<\/tbody>\n<\/table>\n<h2>Caixa de engrenagens com motor<\/h2>\n<table style=\"width: 98.7983%; height: 96px;\" border=\"1\">\n<tbody>\n<tr style=\"height: 24px;\">\n<th style=\"height: 24px; text-align: left; width: 38.4787%;\">Modelo de caixa de engrenagens<\/th>\n<td style=\"height: 24px; width: 63.0872%;\">TGP01D-A130-14175-XXX<\/td>\n<\/tr>\n<tr style=\"height: 24px;\">\n<th style=\"height: 24px; text-align: left; width: 38.4787%;\">Taxas de Redu\u00e7\u00e3o<\/th>\n<td style=\"height: 24px; width: 63.0872%;\">48, 120, 180, 220, 288<\/td>\n<\/tr>\n<tr style=\"height: 24px;\">\n<th style=\"height: 24px; text-align: left; width: 38.4787%;\">Velocidades sem carga (rpm)<\/th>\n<td style=\"height: 24px; width: 63.0872%;\">150, 60, 40, 33, 25<\/td>\n<\/tr>\n<tr style=\"height: 24px;\">\n<th style=\"height: 24px; text-align: left; width: 38.4787%;\">Torque de toler\u00e2ncia moment\u00e2nea m\u00e1xima (kg.cm)<\/th>\n<td style=\"height: 24px; width: 63.0872%;\">0.5, 0.9, 1.2, 1.4, 1.8<\/td>\n<\/tr>\n<\/tbody>\n<\/table>\n<table style=\"color: #666666; font-size: 14px; width: 98.9666%; height: 142px;\" border=\"1\">\n<tbody>\n<tr style=\"height: 24px;\">\n<th style=\"text-align: left; width: 38.5906%; height: 24px;\">Modelo de caixa de engrenagens<\/th>\n<td style=\"width: 61.8421%; height: 24px;\">TGP01D-A130-18100-XXX<\/td>\n<\/tr>\n<tr style=\"height: 24px;\">\n<th style=\"text-align: left; width: 38.5906%; height: 24px;\">Taxas de Redu\u00e7\u00e3o<\/th>\n<td style=\"width: 61.8421%; height: 24px;\">48, 120, 180, 220, 288<\/td>\n<\/tr>\n<tr style=\"height: 24px;\">\n<th style=\"text-align: left; width: 38.5906%; height: 24px;\">Velocidades sem carga (rpm)<\/th>\n<td style=\"width: 61.8421%; height: 24px;\">230, 90, 60, 50, 38<\/td>\n<\/tr>\n<tr style=\"height: 24px;\">\n<th style=\"text-align: left; width: 38.5906%; height: 24px;\">Torque de toler\u00e2ncia moment\u00e2nea m\u00e1xima (kg.cm)<\/th>\n<td style=\"width: 61.8421%; height: 24px;\">0.7, 1.4, 2.0, 2.2, 2.8<\/td>\n<\/tr>\n<\/tbody>\n<\/table>\n<h2>Outra caixa de engrenagens pl\u00e1stica mais motor DC A130<\/h2>\n<table style=\"width: 100%; height: 71px;\" border=\"1\" width=\"100%\" cellspacing=\"0\" cellpadding=\"0\">\n<tbody>\n<tr style=\"height: 13.8pt;\">\n<td style=\"height: 13px; width: 49.892%;\" align=\"right\" width=\"64\" height=\"18\"><img loading=\"lazy\" decoding=\"async\" class=\"alignnone size-full wp-image-3344\" src=\"https:\/\/fmp-components.com\/wp-content\/uploads\/2025\/01\/fmp_1.TGP010-A130-1-1.webp\" alt=\"fmp_1.TGP010-A130-1-1\" width=\"600\" height=\"600\" title=\"\" srcset=\"https:\/\/fmp-components.com\/wp-content\/uploads\/2025\/01\/fmp_1.TGP010-A130-1-1.webp 600w, https:\/\/fmp-components.com\/wp-content\/uploads\/2025\/01\/fmp_1.TGP010-A130-1-1-480x480.webp 480w\" sizes=\"(min-width: 0px) and (max-width: 480px) 480px, (min-width: 481px) 600px, 100vw\" \/><\/td>\n<td style=\"width: 49.892%; height: 13px;\" align=\"right\" width=\"64\"><img loading=\"lazy\" decoding=\"async\" class=\"alignnone size-full wp-image-3345\" src=\"https:\/\/fmp-components.com\/wp-content\/uploads\/2025\/01\/fmp_2.TGP010-A130-1-1.webp\" alt=\"fmp_2.TGP010-A130-1-1\" width=\"600\" height=\"600\" title=\"\" srcset=\"https:\/\/fmp-components.com\/wp-content\/uploads\/2025\/01\/fmp_2.TGP010-A130-1-1.webp 600w, https:\/\/fmp-components.com\/wp-content\/uploads\/2025\/01\/fmp_2.TGP010-A130-1-1-480x480.webp 480w\" sizes=\"(min-width: 0px) and (max-width: 480px) 480px, (min-width: 481px) 600px, 100vw\" \/><\/td>\n<\/tr>\n<tr style=\"height: 22px;\">\n<td style=\"height: 22px; text-align: center;\"><strong>TGP01D-A130<\/strong><\/td>\n<td style=\"height: 22px; text-align: center;\"><strong>TGP01S-A130<\/strong><\/td>\n<\/tr>\n<tr style=\"height: 13.8pt;\">\n<td style=\"height: 13px; width: 49.892%;\" align=\"right\" height=\"18\"><img loading=\"lazy\" decoding=\"async\" class=\"alignnone size-full wp-image-3346\" src=\"https:\/\/fmp-components.com\/wp-content\/uploads\/2025\/01\/fmp_3.TGP010-A130-1.webp\" alt=\"fmp_3.TGP010-A130-1\" width=\"600\" height=\"600\" title=\"\" srcset=\"https:\/\/fmp-components.com\/wp-content\/uploads\/2025\/01\/fmp_3.TGP010-A130-1.webp 600w, https:\/\/fmp-components.com\/wp-content\/uploads\/2025\/01\/fmp_3.TGP010-A130-1-480x480.webp 480w\" sizes=\"(min-width: 0px) and (max-width: 480px) 480px, (min-width: 481px) 600px, 100vw\" \/><\/td>\n<td style=\"width: 49.892%; height: 13px;\" align=\"right\"><img loading=\"lazy\" decoding=\"async\" class=\"alignnone size-full wp-image-3347\" src=\"https:\/\/fmp-components.com\/wp-content\/uploads\/2025\/01\/fmp_4.TGP010-A130-1.webp\" alt=\"fmp_4.TGP010-A130-1\" width=\"600\" height=\"600\" title=\"\" srcset=\"https:\/\/fmp-components.com\/wp-content\/uploads\/2025\/01\/fmp_4.TGP010-A130-1.webp 600w, https:\/\/fmp-components.com\/wp-content\/uploads\/2025\/01\/fmp_4.TGP010-A130-1-480x480.webp 480w\" sizes=\"(min-width: 0px) and (max-width: 480px) 480px, (min-width: 481px) 600px, 100vw\" \/><\/td>\n<\/tr>\n<tr style=\"height: 23px;\">\n<td style=\"height: 23px; text-align: center;\"><strong>TGP02D-A130<\/strong><\/td>\n<td style=\"height: 23px; text-align: center;\"><strong>TGP02S-A130<\/strong><\/td>\n<\/tr>\n<\/tbody>\n<\/table>\n<h2 data-pm-slice=\"0 0 []\">Caracter\u00edsticas do motor CC b\u00e1sico de baixo ru\u00eddo para brinquedos<\/h2>\n<p>O motor CC b\u00e1sico de baixo ru\u00eddo para brinquedos foi projetado para oferecer desempenho confi\u00e1vel com o m\u00ednimo de ru\u00eddo operacional, sendo ideal para uso em diversas aplica\u00e7\u00f5es de brinquedos e dispositivos de baixa pot\u00eancia. Abaixo est\u00e3o as principais caracter\u00edsticas deste motor:<\/p>\n<p>1. <strong>Opera\u00e7\u00e3o de baixo ru\u00eddo<\/strong><\/p>\n<ul>\n<li>O motor foi projetado especificamente para operar silenciosamente, garantindo que o ru\u00eddo produzido durante o funcionamento seja m\u00ednimo. Essa caracter\u00edstica \u00e9 especialmente ben\u00e9fica para brinquedos e dispositivos onde se deseja uma experi\u00eancia silenciosa.<\/li>\n<\/ul>\n<p>2. <strong>Design compacto<\/strong><\/p>\n<ul>\n<li>Projetado com foco na economia de espa\u00e7o, o motor apresenta um formato pequeno e leve, f\u00e1cil de integrar em diversos designs de brinquedos sem adicionar volume desnecess\u00e1rio.<\/li>\n<\/ul>\n<p>3. <strong>Efici\u00eancia Energ\u00e9tica<\/strong><\/p>\n<ul>\n<li>O motor proporciona um consumo de energia eficiente em rela\u00e7\u00e3o ao seu tamanho e pot\u00eancia, tornando-o uma escolha ideal para brinquedos a bateria ou outros pequenos dispositivos que exigem baixo consumo de energia.<\/li>\n<\/ul>\n<p>4. <strong>Durabilidade<\/strong><\/p>\n<ul>\n<li>Projetado para durar, o motor \u00e9 constru\u00eddo com materiais de alta qualidade, garantindo confiabilidade a longo prazo e desempenho consistente em condi\u00e7\u00f5es normais de opera\u00e7\u00e3o.<\/li>\n<\/ul>\n<p><strong>5. Baixo consumo de energia<\/strong><\/p>\n<ul>\n<li>Projetado para funcionar de forma eficaz com fontes de alimenta\u00e7\u00e3o pequenas (como pilhas AA ou pequenas fontes de corrente cont\u00ednua), o motor consome pouca energia, ajudando a prolongar a vida \u00fatil da bateria em brinquedos ou outras aplica\u00e7\u00f5es.<\/li>\n<\/ul>\n<p>Este motor \u00e9 ideal para uso em carrinhos de brinquedo, pequenos rob\u00f4s, kits educativos e outros dispositivos que exigem um motor silencioso, eficiente em termos de energia e confi\u00e1vel para aplica\u00e7\u00f5es de pequena escala.<\/p>\n<h2>Sobre a FMP<\/h2>\n<p>A FMP \u00e9 uma fabricante l\u00edder especializada no projeto, desenvolvimento e produ\u00e7\u00e3o de caixas de engrenagens de alta precis\u00e3o, cilindros hidr\u00e1ulicos, motores, eixos de tomada de for\u00e7a (PTO), micromotores e uma ampla gama de outros componentes cr\u00edticos. Gra\u00e7as \u00e0 dedica\u00e7\u00e3o e ao trabalho \u00e1rduo de nossa equipe qualificada, nos posicionamos como l\u00edderes do setor. Nossos produtos s\u00e3o amplamente distribu\u00eddos na Europa, Am\u00e9rica do Norte, Sudeste Asi\u00e1tico e outros mercados-chave, conquistando uma s\u00f3lida reputa\u00e7\u00e3o de qualidade e excel\u00eancia. Nossos clientes elogiam constantemente o desempenho e a confiabilidade de nossos produtos.<\/p>\n<p>Na FMP, contamos com instala\u00e7\u00f5es de produ\u00e7\u00e3o de \u00faltima gera\u00e7\u00e3o, incluindo amplas oficinas de fabrica\u00e7\u00e3o, escrit\u00f3rios e alojamentos para funcion\u00e1rios. Tamb\u00e9m possu\u00edmos equipamentos de ponta para P&amp;D, produ\u00e7\u00e3o e testes. Nossos departamentos dedicados de engenharia, fabrica\u00e7\u00e3o de moldes e montagem est\u00e3o bem equipados para fornecer solu\u00e7\u00f5es totalmente personalizadas que atendem \u00e0s necessidades espec\u00edficas de cada cliente. Com uma s\u00f3lida base t\u00e9cnica, processos de produ\u00e7\u00e3o otimizados e um sistema de gest\u00e3o eficiente, a FMP garante que todos os produtos atendam aos mais altos padr\u00f5es da ind\u00fastria.<\/p>\n<p>A qualidade est\u00e1 no centro das nossas opera\u00e7\u00f5es. Desde a sele\u00e7\u00e3o de materiais e o design at\u00e9 a produ\u00e7\u00e3o, a entrega e o feedback do cliente, prestamos muita aten\u00e7\u00e3o a cada detalhe. A satisfa\u00e7\u00e3o do cliente \u00e9 a nossa principal prioridade e estamos comprometidos em oferecer um servi\u00e7o excepcional em todas as etapas do processo. A FMP n\u00e3o se concentra no lucro excessivo, mas sim na constru\u00e7\u00e3o de parcerias de longo prazo e mutuamente ben\u00e9ficas com os nossos clientes, garantindo crescimento e sucesso sustent\u00e1veis.<\/p>\n<p>Acolhemos com entusiasmo as oportunidades de colabora\u00e7\u00e3o e ansiamos por construir um futuro mais promissor com os nossos parceiros. As nossas solu\u00e7\u00f5es personalizadas s\u00e3o concebidas para responder \u00e0s necessidades em constante evolu\u00e7\u00e3o dos nossos clientes, garantindo que cada projeto receba toda a aten\u00e7\u00e3o e experi\u00eancia que merece. Quer procure produtos padr\u00e3o ou solu\u00e7\u00f5es \u00e0 medida, a FMP dedica-se a apoiar o seu sucesso em todas as etapas do processo.<\/p>\n<p><img loading=\"lazy\" decoding=\"async\" class=\"alignnone size-full wp-image-3335\" src=\"https:\/\/fmp-components.com\/wp-content\/uploads\/2025\/01\/DC-motor-tgp01d-a130-product-1.webp\" alt=\"Motor DC-tgp01d-a130\" width=\"883\" height=\"574\" title=\"\" srcset=\"https:\/\/fmp-components.com\/wp-content\/uploads\/2025\/01\/DC-motor-tgp01d-a130-product-1.webp 883w, https:\/\/fmp-components.com\/wp-content\/uploads\/2025\/01\/DC-motor-tgp01d-a130-product-1-480x312.webp 480w\" sizes=\"(min-width: 0px) and (max-width: 480px) 480px, (min-width: 481px) 883px, 100vw\" \/><\/p>\n<p>Autor: CX<\/p>","protected":false},"excerpt":{"rendered":"<p>Characters Of Basic DC Toy Motor 1. Single shaft.Small size 42.2mm*45.5mm*23mm 2. DC plastic gear motor with low speed and big torque 3. Suitable for small diameter, low noise, and big toque application 4. Reduction Ratio: 48\u3001120\u3001180\u3001220\u3001288 Mini DC Motor Technical Data Motor model No Rated voltage VDC No-load speed r\/min No-load current mA Stall [&hellip;]<\/p>","protected":false},"featured_media":3353,"comment_status":"open","ping_status":"closed","template":"","meta":{"_et_pb_use_builder":"","_et_pb_old_content":"","_et_gb_content_width":""},"product_brand":[],"product_cat":[85],"product_tag":[],"class_list":{"0":"post-3348","1":"product","2":"type-product","3":"status-publish","4":"has-post-thumbnail","6":"product_cat-dc-motors","8":"first","9":"instock","10":"shipping-taxable","11":"product-type-simple"},"_links":{"self":[{"href":"https:\/\/fmp-components.com\/pt\/wp-json\/wp\/v2\/product\/3348","targetHints":{"allow":["GET"]}}],"collection":[{"href":"https:\/\/fmp-components.com\/pt\/wp-json\/wp\/v2\/product"}],"about":[{"href":"https:\/\/fmp-components.com\/pt\/wp-json\/wp\/v2\/types\/product"}],"replies":[{"embeddable":true,"href":"https:\/\/fmp-components.com\/pt\/wp-json\/wp\/v2\/comments?post=3348"}],"wp:featuredmedia":[{"embeddable":true,"href":"https:\/\/fmp-components.com\/pt\/wp-json\/wp\/v2\/media\/3353"}],"wp:attachment":[{"href":"https:\/\/fmp-components.com\/pt\/wp-json\/wp\/v2\/media?parent=3348"}],"wp:term":[{"taxonomy":"product_brand","embeddable":true,"href":"https:\/\/fmp-components.com\/pt\/wp-json\/wp\/v2\/product_brand?post=3348"},{"taxonomy":"product_cat","embeddable":true,"href":"https:\/\/fmp-components.com\/pt\/wp-json\/wp\/v2\/product_cat?post=3348"},{"taxonomy":"product_tag","embeddable":true,"href":"https:\/\/fmp-components.com\/pt\/wp-json\/wp\/v2\/product_tag?post=3348"}],"curies":[{"name":"wp","href":"https:\/\/api.w.org\/{rel}","templated":true}]}}