{"id":3341,"date":"2025-01-07T01:06:38","date_gmt":"2025-01-07T01:06:38","guid":{"rendered":"https:\/\/fmp-components.com\/?page_id=8"},"modified":"2025-01-07T01:16:32","modified_gmt":"2025-01-07T01:16:32","slug":"plastic-gearbox-motor-tgp02d-a130-for-toy-robot-remote-control-toy-cars","status":"publish","type":"product","link":"https:\/\/fmp-components.com\/pt\/product\/plastic-gearbox-motor-tgp02d-a130-for-toy-robot-remote-control-toy-cars\/","title":{"rendered":"Motor de caixa de engrenagens de pl\u00e1stico TGP02D-A130 para rob\u00f4s de brinquedo e carros de brinquedo com controle remoto"},"content":{"rendered":"<h2>Personagens:<\/h2>\n<p>1. Eixo duplo. Tamanho pequeno 42,2 mm * 45,5 mm * 23 mm<br \/>\n2. Motor de engrenagem de pl\u00e1stico DC com baixa velocidade e grande torque<br \/>\n3. Adequado para aplica\u00e7\u00f5es de pequeno di\u00e2metro, baixo ru\u00eddo e grande torque<br \/>\n4. Taxa de redu\u00e7\u00e3o: 48, 120, 180, 220, 288<\/p>\n<p><img loading=\"lazy\" decoding=\"async\" class=\"alignnone wp-image-3349\" src=\"https:\/\/fmp-components.com\/wp-content\/uploads\/2025\/01\/fmp_3.TGP010-A130-2.webp\" alt=\"fmp_3.TGP010-A130-2\" width=\"909\" height=\"423\" title=\"\" srcset=\"https:\/\/fmp-components.com\/wp-content\/uploads\/2025\/01\/fmp_3.TGP010-A130-2.webp 909w, https:\/\/fmp-components.com\/wp-content\/uploads\/2025\/01\/fmp_3.TGP010-A130-2-480x223.webp 480w\" sizes=\"(min-width: 0px) and (max-width: 480px) 480px, (min-width: 481px) 909px, 100vw\" \/><\/p>\n<h2>Dados t\u00e9cnicos do mini motor DC<\/h2>\n<table style=\"width: 98.042%; height: 144px;\" border=\"1\">\n<tbody>\n<tr>\n<td style=\"width: 21.3647%;\">Modelo do motor n\u00ba<\/td>\n<td style=\"width: 15.8837%;\">Tens\u00e3o nominal<br \/>\nVDC<\/td>\n<td style=\"width: 16.6667%;\">Velocidade sem carga<br \/>\nrpm<\/td>\n<td style=\"width: 17.6734%;\">Corrente sem carga<br \/>\nmA<\/td>\n<td style=\"width: 13.0872%;\">Torque de parada<br \/>\ng.cm<\/td>\n<td style=\"width: 15.3244%;\">Corrente de parada<br \/>\nUM<\/td>\n<\/tr>\n<tr>\n<td style=\"width: 21.3647%;\">TFE-130RA-12215<\/td>\n<td style=\"width: 15.8837%;\">6.0<\/td>\n<td style=\"width: 16.6667%;\">11500<\/td>\n<td style=\"width: 17.6734%;\">120<\/td>\n<td style=\"width: 13.0872%;\">20<\/td>\n<td style=\"width: 15.3244%;\">0.85<\/td>\n<\/tr>\n<tr>\n<td style=\"width: 21.3647%;\">TFE-130RA-14175<\/td>\n<td style=\"width: 15.8837%;\">3.0<\/td>\n<td style=\"width: 16.6667%;\">8000<\/td>\n<td style=\"width: 17.6734%;\">120<\/td>\n<td style=\"width: 13.0872%;\">13<\/td>\n<td style=\"width: 15.3244%;\">0.70<\/td>\n<\/tr>\n<tr>\n<td style=\"width: 21.3647%;\">TFE-130RA-18100<\/td>\n<td style=\"width: 15.8837%;\">3.0<\/td>\n<td style=\"width: 16.6667%;\">11500<\/td>\n<td style=\"width: 17.6734%;\">250<\/td>\n<td style=\"width: 13.0872%;\">20<\/td>\n<td style=\"width: 15.3244%;\">1.80<\/td>\n<\/tr>\n<\/tbody>\n<\/table>\n<h2>Dados t\u00e9cnicos do motor de engrenagem<\/h2>\n<table style=\"width: 98.042%; height: 120px;\" border=\"1\">\n<tbody>\n<tr style=\"height: 30px;\">\n<th style=\"height: 30px; width: 32.774%; text-align: left;\">Modelo de caixa de engrenagens<\/th>\n<td style=\"height: 30px; width: 68.0089%;\">TGP01D-A130-12215-XXX<\/td>\n<\/tr>\n<tr style=\"height: 30px;\">\n<th style=\"height: 30px; width: 32.774%; text-align: left;\">Taxas de Redu\u00e7\u00e3o<\/th>\n<td style=\"height: 30px; width: 68.0089%;\">48, 120, 180, 220, 288<\/td>\n<\/tr>\n<tr style=\"height: 30px;\">\n<th style=\"height: 30px; width: 32.774%; text-align: left;\">Velocidades sem carga (rpm)<\/th>\n<td style=\"height: 30px; width: 68.0089%;\">230, 90, 60, 50, 38<\/td>\n<\/tr>\n<tr style=\"height: 30px;\">\n<th style=\"height: 30px; width: 32.774%; text-align: left;\">Torque de toler\u00e2ncia moment\u00e2nea m\u00e1xima (kg.cm)<\/th>\n<td style=\"height: 30px; width: 68.0089%;\">0.7, 1.4, 2.0, 2.2, 2.8<\/td>\n<\/tr>\n<\/tbody>\n<\/table>\n<h2>Caixa de engrenagens com motor<\/h2>\n<table style=\"width: 98.7983%; height: 96px;\" border=\"1\">\n<tbody>\n<tr style=\"height: 24px;\">\n<th style=\"height: 24px; text-align: left; width: 38.4787%;\">Modelo de caixa de engrenagens<\/th>\n<td style=\"height: 24px; width: 63.0872%;\">TGP01D-A130-14175-XXX<\/td>\n<\/tr>\n<tr style=\"height: 24px;\">\n<th style=\"height: 24px; text-align: left; width: 38.4787%;\">Taxas de Redu\u00e7\u00e3o<\/th>\n<td style=\"height: 24px; width: 63.0872%;\">48, 120, 180, 220, 288<\/td>\n<\/tr>\n<tr style=\"height: 24px;\">\n<th style=\"height: 24px; text-align: left; width: 38.4787%;\">Velocidades sem carga (rpm)<\/th>\n<td style=\"height: 24px; width: 63.0872%;\">150, 60, 40, 33, 25<\/td>\n<\/tr>\n<tr style=\"height: 24px;\">\n<th style=\"height: 24px; text-align: left; width: 38.4787%;\">Torque de toler\u00e2ncia moment\u00e2nea m\u00e1xima (kg.cm)<\/th>\n<td style=\"height: 24px; width: 63.0872%;\">0.5, 0.9, 1.2, 1.4, 1.8<\/td>\n<\/tr>\n<\/tbody>\n<\/table>\n<table style=\"color: #666666; font-size: 14px; width: 98.9666%; height: 142px;\" border=\"1\">\n<tbody>\n<tr style=\"height: 24px;\">\n<th style=\"text-align: left; width: 38.5906%; height: 24px;\">Modelo de caixa de engrenagens<\/th>\n<td style=\"width: 61.8421%; height: 24px;\">TGP01D-A130-18100-XXX<\/td>\n<\/tr>\n<tr style=\"height: 24px;\">\n<th style=\"text-align: left; width: 38.5906%; height: 24px;\">Taxas de Redu\u00e7\u00e3o<\/th>\n<td style=\"width: 61.8421%; height: 24px;\">48, 120, 180, 220, 288<\/td>\n<\/tr>\n<tr style=\"height: 24px;\">\n<th style=\"text-align: left; width: 38.5906%; height: 24px;\">Velocidades sem carga (rpm)<\/th>\n<td style=\"width: 61.8421%; height: 24px;\">230, 90, 60, 50, 38<\/td>\n<\/tr>\n<tr style=\"height: 24px;\">\n<th style=\"text-align: left; width: 38.5906%; height: 24px;\">Torque de toler\u00e2ncia moment\u00e2nea m\u00e1xima (kg.cm)<\/th>\n<td style=\"width: 61.8421%; height: 24px;\">0.7, 1.4, 2.0, 2.2, 2.8<\/td>\n<\/tr>\n<\/tbody>\n<\/table>\n<p>&nbsp;<\/p>\n<table border=\"1\" width=\"100%\" cellspacing=\"0\" cellpadding=\"0\">\n<tbody>\n<tr>\n<td colspan=\"2\" rowspan=\"3\" width=\"131\" height=\"65\" data-spm-anchor-id=\"a2700.details.0.i21.659d3e61kGVPBR\">MODELO<\/td>\n<td rowspan=\"3\" width=\"75\">RELA\u00c7\u00c3O DE REDU\u00c7\u00c3O<\/td>\n<td colspan=\"2\" width=\"133\">TENS\u00c3O<\/td>\n<td colspan=\"2\" width=\"117\">SEM CARGA<\/td>\n<td colspan=\"4\" width=\"228\">COM M\u00c1XIMA EFICI\u00caNCIA<\/td>\n<td colspan=\"2\" width=\"118\">PARAR<\/td>\n<\/tr>\n<tr>\n<td rowspan=\"2\" width=\"75\">ALCANCE DE OPERA\u00c7\u00c3O<\/td>\n<td width=\"58\">NOMINAL<\/td>\n<td width=\"55\">VELOCIDADE<\/td>\n<td width=\"62\">ATUAL<\/td>\n<td width=\"55\">VELOCIDADE<\/td>\n<td width=\"62\">ATUAL<\/td>\n<td width=\"56\">TORQUE<\/td>\n<td width=\"55\">SA\u00cdDA<\/td>\n<td width=\"56\">TORQUE<\/td>\n<td width=\"62\">ATUAL<\/td>\n<\/tr>\n<tr>\n<td width=\"58\">V<\/td>\n<td width=\"55\">rpm<\/td>\n<td width=\"62\">UM<\/td>\n<td width=\"55\">rpm<\/td>\n<td width=\"62\">UM<\/td>\n<td width=\"56\">kg.cm<\/td>\n<td width=\"55\">C<\/td>\n<td width=\"56\">kg.cm<\/td>\n<td width=\"62\">UM<\/td>\n<\/tr>\n<tr>\n<td colspan=\"2\" width=\"131\" height=\"24\">T130-02-06500<\/td>\n<td width=\"75\">48\/1<\/td>\n<td width=\"75\">3.0~7.0<\/td>\n<td width=\"58\">6.0<\/td>\n<td width=\"55\">500<\/td>\n<td width=\"62\">0.21<\/td>\n<td width=\"55\">416<\/td>\n<td width=\"62\">1.04<\/td>\n<td width=\"56\">0.4<\/td>\n<td width=\"55\">1.71<\/td>\n<td width=\"56\">2.4<\/td>\n<td width=\"62\">5.2<\/td>\n<\/tr>\n<tr>\n<td colspan=\"2\" width=\"131\" height=\"24\">T130-02-06200<\/td>\n<td width=\"75\">120\/1<\/td>\n<td width=\"75\">3.0~7.0<\/td>\n<td width=\"58\">6.0<\/td>\n<td width=\"55\">200<\/td>\n<td width=\"62\">0.21<\/td>\n<td width=\"55\">415<\/td>\n<td width=\"62\">1.06<\/td>\n<td width=\"56\">1.0<\/td>\n<td width=\"55\">4.26<\/td>\n<td width=\"56\">5.9<\/td>\n<td width=\"62\">5.2<\/td>\n<\/tr>\n<tr>\n<td colspan=\"2\" width=\"131\" height=\"24\">T130-02-09175<\/td>\n<td width=\"75\">48\/1<\/td>\n<td width=\"75\">3.0~10.0<\/td>\n<td width=\"58\">9.0<\/td>\n<td width=\"55\">175<\/td>\n<td width=\"62\">0.09<\/td>\n<td width=\"55\">133<\/td>\n<td width=\"62\">0.17<\/td>\n<td width=\"56\">0.3<\/td>\n<td width=\"55\">0.41<\/td>\n<td width=\"56\">1.3<\/td>\n<td width=\"62\">0.55<\/td>\n<\/tr>\n<tr>\n<td colspan=\"2\" width=\"131\" height=\"24\">T130-02-0938<\/td>\n<td width=\"75\">220\/1<\/td>\n<td width=\"75\">3.0~10.0<\/td>\n<td width=\"58\">9.0<\/td>\n<td width=\"55\">38<\/td>\n<td width=\"62\">0.09<\/td>\n<td width=\"55\">31<\/td>\n<td width=\"62\">0.14<\/td>\n<td width=\"56\">1.0<\/td>\n<td width=\"55\">0.32<\/td>\n<td width=\"56\">5.8<\/td>\n<td width=\"62\">0.55<\/td>\n<\/tr>\n<tr>\n<td colspan=\"2\" width=\"131\" height=\"24\">T130-02-1260<\/td>\n<td width=\"75\">220\/1<\/td>\n<td width=\"75\">3.0~13.0<\/td>\n<td width=\"58\">12.0<\/td>\n<td width=\"55\">60<\/td>\n<td width=\"62\">0.05<\/td>\n<td width=\"55\">48<\/td>\n<td width=\"62\">0.2<\/td>\n<td width=\"56\">1.5<\/td>\n<td width=\"55\">0.74<\/td>\n<td width=\"56\">5.8<\/td>\n<td width=\"62\">0.85<\/td>\n<\/tr>\n<\/tbody>\n<\/table>\n<h2>Outra caixa de engrenagens pl\u00e1stica mais motor DC A130<\/h2>\n<table style=\"width: 100%; height: 71px;\" border=\"1\" width=\"100%\" cellspacing=\"0\" cellpadding=\"0\">\n<tbody>\n<tr style=\"height: 13.8pt;\">\n<td style=\"height: 13px; width: 49.892%;\" align=\"right\" width=\"64\" height=\"18\"><img loading=\"lazy\" decoding=\"async\" class=\"alignnone size-full wp-image-3344\" src=\"https:\/\/fmp-components.com\/wp-content\/uploads\/2025\/01\/fmp_1.TGP010-A130-1-1.webp\" alt=\"fmp_1.TGP010-A130-1-1\" width=\"600\" height=\"600\" title=\"\" srcset=\"https:\/\/fmp-components.com\/wp-content\/uploads\/2025\/01\/fmp_1.TGP010-A130-1-1.webp 600w, https:\/\/fmp-components.com\/wp-content\/uploads\/2025\/01\/fmp_1.TGP010-A130-1-1-480x480.webp 480w\" sizes=\"(min-width: 0px) and (max-width: 480px) 480px, (min-width: 481px) 600px, 100vw\" \/><\/td>\n<td style=\"width: 49.892%; height: 13px;\" align=\"right\" width=\"64\"><img loading=\"lazy\" decoding=\"async\" class=\"alignnone size-full wp-image-3345\" src=\"https:\/\/fmp-components.com\/wp-content\/uploads\/2025\/01\/fmp_2.TGP010-A130-1-1.webp\" alt=\"fmp_2.TGP010-A130-1-1\" width=\"600\" height=\"600\" title=\"\" srcset=\"https:\/\/fmp-components.com\/wp-content\/uploads\/2025\/01\/fmp_2.TGP010-A130-1-1.webp 600w, https:\/\/fmp-components.com\/wp-content\/uploads\/2025\/01\/fmp_2.TGP010-A130-1-1-480x480.webp 480w\" sizes=\"(min-width: 0px) and (max-width: 480px) 480px, (min-width: 481px) 600px, 100vw\" \/><\/td>\n<\/tr>\n<tr style=\"height: 22px;\">\n<td style=\"height: 22px; text-align: center;\"><strong>TGP01D-A130<\/strong><\/td>\n<td style=\"height: 22px; text-align: center;\"><strong>TGP01S-A130<\/strong><\/td>\n<\/tr>\n<tr style=\"height: 13.8pt;\">\n<td style=\"height: 13px; width: 49.892%;\" align=\"right\" height=\"18\"><img loading=\"lazy\" decoding=\"async\" class=\"alignnone size-full wp-image-3346\" src=\"https:\/\/fmp-components.com\/wp-content\/uploads\/2025\/01\/fmp_3.TGP010-A130-1.webp\" alt=\"fmp_3.TGP010-A130-1\" width=\"600\" height=\"600\" title=\"\" srcset=\"https:\/\/fmp-components.com\/wp-content\/uploads\/2025\/01\/fmp_3.TGP010-A130-1.webp 600w, https:\/\/fmp-components.com\/wp-content\/uploads\/2025\/01\/fmp_3.TGP010-A130-1-480x480.webp 480w\" sizes=\"(min-width: 0px) and (max-width: 480px) 480px, (min-width: 481px) 600px, 100vw\" \/><\/td>\n<td style=\"width: 49.892%; height: 13px;\" align=\"right\"><img loading=\"lazy\" decoding=\"async\" class=\"alignnone size-full wp-image-3347\" src=\"https:\/\/fmp-components.com\/wp-content\/uploads\/2025\/01\/fmp_4.TGP010-A130-1.webp\" alt=\"fmp_4.TGP010-A130-1\" width=\"600\" height=\"600\" title=\"\" srcset=\"https:\/\/fmp-components.com\/wp-content\/uploads\/2025\/01\/fmp_4.TGP010-A130-1.webp 600w, https:\/\/fmp-components.com\/wp-content\/uploads\/2025\/01\/fmp_4.TGP010-A130-1-480x480.webp 480w\" sizes=\"(min-width: 0px) and (max-width: 480px) 480px, (min-width: 481px) 600px, 100vw\" \/><\/td>\n<\/tr>\n<tr style=\"height: 23px;\">\n<td style=\"height: 23px; text-align: center;\"><strong>TGP02D-A130<\/strong><\/td>\n<td style=\"height: 23px; text-align: center;\"><strong>TGP02S-A130<\/strong><\/td>\n<\/tr>\n<\/tbody>\n<\/table>\n<h2>Aplicativo:<\/h2>\n<table style=\"width: 100%;\" border=\"1\" width=\"100%\" cellspacing=\"0\" cellpadding=\"0\">\n<tbody>\n<tr>\n<th>\u00c1reas de aplica\u00e7\u00e3o<\/th>\n<td><strong>M\u00e1quinas de Neg\u00f3cios:<\/strong> Caixa eletr\u00f4nico, copiadoras e scanners, manuseio de moeda, ponto de venda, impressoras, m\u00e1quinas de venda autom\u00e1tica.<br \/>\n<strong>Alimentos e bebidas:<\/strong> Distribuidores de bebidas, liquidificadores manuais, liquidificadores, batedeiras, m\u00e1quinas de caf\u00e9, processadores de alimentos, espremedores de frutas, fritadeiras, m\u00e1quinas de gelo, m\u00e1quinas de leite de soja.<br \/>\n<strong>C\u00e2mera e \u00d3ptica:<\/strong> V\u00eddeo, c\u00e2meras, projetores.<br \/>\n<strong>Ferramentas el\u00e9tricas:<\/strong> Furadeiras e parafusadeiras, lixadeiras, esmerilhadeiras, polidoras, serras.<br \/>\n<strong>Gramado e Jardim:<\/strong> Cortadores de grama, sopradores de neve, aparadores, sopradores de folhas.<\/td>\n<\/tr>\n<\/tbody>\n<\/table>\n<h2 data-pm-slice=\"0 0 []\">Caracter\u00edsticas do motor de caixa de engrenagens de pl\u00e1stico TGP02D-A130<\/h2>\n<p>O TGP02D-A130 \u00e9 um motor com caixa de engrenagens de pl\u00e1stico de alto desempenho que oferece uma solu\u00e7\u00e3o vers\u00e1til e confi\u00e1vel para uma ampla gama de aplica\u00e7\u00f5es. Este motor combina uma caixa de engrenagens de pl\u00e1stico dur\u00e1vel com um motor CC eficiente, tornando-o ideal para diversas necessidades de torque baixo a m\u00e9dio. Abaixo est\u00e3o as principais caracter\u00edsticas do TGP02D-A130:<\/p>\n<ol>\n<li><strong>Design compacto<\/strong>:O motor da caixa de engrenagens de pl\u00e1stico apresenta um tamanho compacto, permitindo f\u00e1cil integra\u00e7\u00e3o em aplica\u00e7\u00f5es com espa\u00e7o limitado sem comprometer a pot\u00eancia de sa\u00edda.<\/li>\n<li><strong>Desempenho Eficiente<\/strong>: Equipado com um potente motor DC, o TGP02D-A130 oferece desempenho suave e eficiente, fornecendo torque e velocidade consistentes, adequados para uma variedade de usos.<\/li>\n<li><strong>Caixa de engrenagens de pl\u00e1stico dur\u00e1vel<\/strong>: O motor \u00e9 acoplado a uma caixa de engrenagens de pl\u00e1stico dur\u00e1vel, garantindo um desempenho duradouro e reduzindo o peso geral do conjunto, o que \u00e9 especialmente ben\u00e9fico para aplica\u00e7\u00f5es leves.<\/li>\n<li><strong>Opera\u00e7\u00e3o de baixo ru\u00eddo<\/strong>: Projetado para operar silenciosamente, o TGP02D-A130 \u00e9 ideal para aplica\u00e7\u00f5es onde a redu\u00e7\u00e3o de ru\u00eddo \u00e9 cr\u00edtica, como em eletrodom\u00e9sticos e brinquedos.<\/li>\n<li><strong>Versatilidade<\/strong>: Este motor \u00e9 altamente vers\u00e1til e pode ser usado em uma ampla gama de dispositivos, incluindo sistemas rob\u00f3ticos, modelos, pequenas m\u00e1quinas e outros equipamentos que exigem controle de movimento preciso.<\/li>\n<\/ol>\n<p>Em resumo, o motor de caixa de engrenagens de pl\u00e1stico TGP02D-A130 \u00e9 uma solu\u00e7\u00e3o confi\u00e1vel, econ\u00f4mica e eficiente para uma variedade de aplica\u00e7\u00f5es de baixa a m\u00e9dia pot\u00eancia. Ele combina a resist\u00eancia de uma caixa de engrenagens de pl\u00e1stico com a precis\u00e3o de um motor CC, oferecendo alto desempenho em um design compacto e vers\u00e1til.<\/p>\n<h2>Sobre a FMP<\/h2>\n<p>A FMP \u00e9 uma fabricante l\u00edder, reconhecida por sua expertise em projeto, desenvolvimento e produ\u00e7\u00e3o de caixas de engrenagens de alta precis\u00e3o, cilindros hidr\u00e1ulicos, motores, eixos de tomada de for\u00e7a, micromotores e uma ampla gama de outros componentes essenciais. Gra\u00e7as \u00e0 dedica\u00e7\u00e3o e \u00e0 expertise de nossa equipe qualificada, nos consolidamos como uma empresa de destaque no setor. Nossos produtos s\u00e3o distribu\u00eddos pela Europa, Am\u00e9rica do Norte, Sudeste Asi\u00e1tico e outros mercados globais importantes, onde conquistaram uma excelente reputa\u00e7\u00e3o em qualidade, confiabilidade e desempenho.<\/p>\n<p>Na FMP, contamos com instala\u00e7\u00f5es de produ\u00e7\u00e3o avan\u00e7adas, incluindo amplas oficinas de fabrica\u00e7\u00e3o, modernos escrit\u00f3rios e acomoda\u00e7\u00f5es para funcion\u00e1rios. Nossos equipamentos de \u00faltima gera\u00e7\u00e3o para P&amp;D, produ\u00e7\u00e3o e testes nos permitem fornecer solu\u00e7\u00f5es altamente especializadas e personalizadas para nossos clientes. Com s\u00f3lidas capacidades t\u00e9cnicas, processos de produ\u00e7\u00e3o eficientes e um sistema de gest\u00e3o s\u00f3lido, garantimos que cada produto atenda ou supere os mais altos padr\u00f5es da ind\u00fastria.<\/p>\n<p>A qualidade \u00e9 fundamental em tudo o que fazemos. Da sele\u00e7\u00e3o e design dos materiais \u00e0 produ\u00e7\u00e3o, entrega e feedback dos clientes, mantemos uma aten\u00e7\u00e3o meticulosa aos detalhes. A satisfa\u00e7\u00e3o do cliente \u00e9 o nosso principal objetivo e nos dedicamos a oferecer um servi\u00e7o excepcional durante todo o processo. A FMP prioriza relacionamentos de longo prazo e mutuamente ben\u00e9ficos com nossos clientes, fomentando o crescimento e o sucesso em detrimento dos lucros de curto prazo.<\/p>\n<p>Estamos sempre abertos \u00e0 colabora\u00e7\u00e3o e ansiosos para construir um futuro melhor ao lado de nossos parceiros. Nossas solu\u00e7\u00f5es personalizadas s\u00e3o projetadas para se adaptar \u00e0s necessidades em constante evolu\u00e7\u00e3o de nossos clientes, garantindo que cada projeto receba toda a aten\u00e7\u00e3o e expertise que merece. Sejam produtos padr\u00e3o ou solu\u00e7\u00f5es sob medida, a FMP est\u00e1 comprometida em apoiar seu sucesso em cada etapa da jornada.<\/p>\n<p><img loading=\"lazy\" decoding=\"async\" class=\"alignnone size-full wp-image-3335\" src=\"https:\/\/fmp-components.com\/wp-content\/uploads\/2025\/01\/DC-motor-tgp01d-a130-product-1.webp\" alt=\"Motor DC-tgp01d-a130\" width=\"883\" height=\"574\" title=\"\" srcset=\"https:\/\/fmp-components.com\/wp-content\/uploads\/2025\/01\/DC-motor-tgp01d-a130-product-1.webp 883w, https:\/\/fmp-components.com\/wp-content\/uploads\/2025\/01\/DC-motor-tgp01d-a130-product-1-480x312.webp 480w\" sizes=\"(min-width: 0px) and (max-width: 480px) 480px, (min-width: 481px) 883px, 100vw\" \/><\/p>\n<p>Autor: CX<\/p>","protected":false},"excerpt":{"rendered":"<p>Caracteres: 1. Eixo duplo. Tamanho pequeno 42,2 mm * 45,5 mm * 23 mm 2. Motor de engrenagem de pl\u00e1stico CC com baixa velocidade e grande torque 3. Adequado para aplica\u00e7\u00f5es de pequeno di\u00e2metro, baixo ru\u00eddo e grande torque 4. Taxa de redu\u00e7\u00e3o: 48, 120, 180, 220, 288 Dados t\u00e9cnicos do mini motor CC Modelo do motor N\u00e3o Tens\u00e3o nominal VCC Velocidade sem carga r\/min Corrente sem carga mA Torque de parada g.cm Corrente de parada A [\u2026]<\/p>","protected":false},"featured_media":3351,"comment_status":"open","ping_status":"closed","template":"","meta":{"_et_pb_use_builder":"","_et_pb_old_content":"","_et_gb_content_width":""},"product_brand":[],"product_cat":[85],"product_tag":[],"class_list":{"0":"post-3341","1":"product","2":"type-product","3":"status-publish","4":"has-post-thumbnail","6":"product_cat-dc-motors","8":"first","9":"instock","10":"shipping-taxable","11":"product-type-simple"},"_links":{"self":[{"href":"https:\/\/fmp-components.com\/pt\/wp-json\/wp\/v2\/product\/3341","targetHints":{"allow":["GET"]}}],"collection":[{"href":"https:\/\/fmp-components.com\/pt\/wp-json\/wp\/v2\/product"}],"about":[{"href":"https:\/\/fmp-components.com\/pt\/wp-json\/wp\/v2\/types\/product"}],"replies":[{"embeddable":true,"href":"https:\/\/fmp-components.com\/pt\/wp-json\/wp\/v2\/comments?post=3341"}],"wp:featuredmedia":[{"embeddable":true,"href":"https:\/\/fmp-components.com\/pt\/wp-json\/wp\/v2\/media\/3351"}],"wp:attachment":[{"href":"https:\/\/fmp-components.com\/pt\/wp-json\/wp\/v2\/media?parent=3341"}],"wp:term":[{"taxonomy":"product_brand","embeddable":true,"href":"https:\/\/fmp-components.com\/pt\/wp-json\/wp\/v2\/product_brand?post=3341"},{"taxonomy":"product_cat","embeddable":true,"href":"https:\/\/fmp-components.com\/pt\/wp-json\/wp\/v2\/product_cat?post=3341"},{"taxonomy":"product_tag","embeddable":true,"href":"https:\/\/fmp-components.com\/pt\/wp-json\/wp\/v2\/product_tag?post=3341"}],"curies":[{"name":"wp","href":"https:\/\/api.w.org\/{rel}","templated":true}]}}