{"id":3339,"date":"2025-01-06T08:44:00","date_gmt":"2025-01-06T08:44:00","guid":{"rendered":"https:\/\/fmp-components.com\/?page_id=8"},"modified":"2025-01-07T01:03:57","modified_gmt":"2025-01-07T01:03:57","slug":"plastic-gearbox-mini-geared-motor-tgp01s-a130","status":"publish","type":"product","link":"https:\/\/fmp-components.com\/pt\/product\/plastic-gearbox-mini-geared-motor-tgp01s-a130\/","title":{"rendered":"Mini motorredutor de caixa de engrenagens de pl\u00e1stico TGP01S-A130"},"content":{"rendered":"<h2>Mini motorredutor de caixa de engrenagens de pl\u00e1stico TGP01S-A130<\/h2>\n<ul class=\"a-unordered-list a-vertical a-spacing-mini\">\n<li><span class=\"a-list-item\">Caixa de engrenagens de pl\u00e1stico TGP mais motor CC de \u00edm\u00e3 permanente A130<\/span><\/li>\n<li><span class=\"a-list-item\">Motorredutor CC de tamanho reduzido com baixa velocidade e alto torque.<\/span><\/li>\n<li><span class=\"a-list-item\">Adequado para aplica\u00e7\u00f5es de pequeno di\u00e2metro, baixo ru\u00eddo e alto torque.<\/span><\/li>\n<li><span class=\"a-list-item\">Taxa de redu\u00e7\u00e3o: 48.120.180.220.288<\/span><\/li>\n<\/ul>\n<h2 align=\"left\" data-spm-anchor-id=\"a2700.details.0.i21.36dd6237ZBajCj\">Caracter\u00edsticas do Mini Motor com Engrenagens<\/h2>\n<ul>\n<li>Motorredutor CC de tamanho reduzido, com baixa velocidade e alto torque.<\/li>\n<li>Adequado para di\u00e2metros pequenos. Baixo ru\u00eddo e alto torque.<\/li>\n<li>Propor\u00e7\u00e3o de redu\u00e7\u00e3o: 48, 120, 180, 220, 288<\/li>\n<li>Eixo \u00fanico. Tamanho pequeno: 18,7 mm * 22,3 mm * 64,5 mm<\/li>\n<li>Motor de engrenagem CC de pl\u00e1stico com baixa velocidade e alto torque.<\/li>\n<\/ul>\n<p><img loading=\"lazy\" decoding=\"async\" class=\"alignnone size-full wp-image-3342\" src=\"https:\/\/fmp-components.com\/wp-content\/uploads\/2025\/01\/fmp_2.TGP010-A130-2.webp\" alt=\"fmp_2.TGP010-A130-2\" width=\"837\" height=\"522\" title=\"\" srcset=\"https:\/\/fmp-components.com\/wp-content\/uploads\/2025\/01\/fmp_2.TGP010-A130-2.webp 837w, https:\/\/fmp-components.com\/wp-content\/uploads\/2025\/01\/fmp_2.TGP010-A130-2-480x299.webp 480w\" sizes=\"(min-width: 0px) and (max-width: 480px) 480px, (min-width: 481px) 837px, 100vw\" \/><\/p>\n<h2>Dados t\u00e9cnicos do mini motor DC<\/h2>\n<table style=\"width: 96.6375%; height: 144px;\" border=\"1\">\n<tbody>\n<tr>\n<td>Modelo do motor n\u00ba<\/td>\n<td>Tens\u00e3o nominal<br \/>\nVDC<\/td>\n<td>Velocidade sem carga<br \/>\nrpm<\/td>\n<td>Corrente sem carga<br \/>\nmA<\/td>\n<td>Torque de parada<br \/>\ng.cm<\/td>\n<td>Corrente de parada<br \/>\nUM<\/td>\n<\/tr>\n<tr>\n<td>TFE-130RA-12215<\/td>\n<td>6.0<\/td>\n<td>11500<\/td>\n<td>120<\/td>\n<td>20<\/td>\n<td>0.85<\/td>\n<\/tr>\n<tr>\n<td>TFE-130RA-14175<\/td>\n<td>3.0<\/td>\n<td>8000<\/td>\n<td>120<\/td>\n<td>13<\/td>\n<td>0.70<\/td>\n<\/tr>\n<tr>\n<td>TFE-130RA-18100<\/td>\n<td>3.0<\/td>\n<td>11500<\/td>\n<td>250<\/td>\n<td>20<\/td>\n<td>1.80<\/td>\n<\/tr>\n<\/tbody>\n<\/table>\n<h2>Dados t\u00e9cnicos do motor de engrenagem<\/h2>\n<table style=\"width: 96.6375%; height: 120px;\" border=\"1\">\n<tbody>\n<tr style=\"height: 30px;\">\n<th style=\"height: 30px; width: 32.774%; text-align: left;\">Modelo de caixa de engrenagens<\/th>\n<td style=\"height: 30px; width: 66.5548%;\">TGP01D-A130-12215-XXX<\/td>\n<\/tr>\n<tr style=\"height: 30px;\">\n<th style=\"height: 30px; width: 32.774%; text-align: left;\">Taxas de Redu\u00e7\u00e3o<\/th>\n<td style=\"height: 30px; width: 66.5548%;\">48, 120, 180, 220, 288<\/td>\n<\/tr>\n<tr style=\"height: 30px;\">\n<th style=\"height: 30px; width: 32.774%; text-align: left;\">Velocidades sem carga (rpm)<\/th>\n<td style=\"height: 30px; width: 66.5548%;\">230, 90, 60, 50, 38<\/td>\n<\/tr>\n<tr style=\"height: 30px;\">\n<th style=\"height: 30px; width: 32.774%; text-align: left;\">Torque de toler\u00e2ncia moment\u00e2nea m\u00e1xima (kg.cm)<\/th>\n<td style=\"height: 30px; width: 66.5548%;\">0.7, 1.4, 2.0, 2.2, 2.8<\/td>\n<\/tr>\n<\/tbody>\n<\/table>\n<h2>Caixa de engrenagens com motor<\/h2>\n<table style=\"width: 96.6375%; height: 96px;\" border=\"1\">\n<tbody>\n<tr style=\"height: 24px;\">\n<th style=\"height: 24px; text-align: left; width: 38.4787%;\">Modelo de caixa de engrenagens<\/th>\n<td style=\"height: 24px; width: 60.8501%;\">TGP01D-A130-14175-XXX<\/td>\n<\/tr>\n<tr style=\"height: 24px;\">\n<th style=\"height: 24px; text-align: left; width: 38.4787%;\">Taxas de Redu\u00e7\u00e3o<\/th>\n<td style=\"height: 24px; width: 60.8501%;\">48, 120, 180, 220, 288<\/td>\n<\/tr>\n<tr style=\"height: 24px;\">\n<th style=\"height: 24px; text-align: left; width: 38.4787%;\">Velocidades sem carga (rpm)<\/th>\n<td style=\"height: 24px; width: 60.8501%;\">150, 60, 40, 33, 25<\/td>\n<\/tr>\n<tr style=\"height: 24px;\">\n<th style=\"height: 24px; text-align: left; width: 38.4787%;\">Torque de toler\u00e2ncia moment\u00e2nea m\u00e1xima (kg.cm)<\/th>\n<td style=\"height: 24px; width: 60.8501%;\">0.5, 0.9, 1.2, 1.4, 1.8<\/td>\n<\/tr>\n<\/tbody>\n<\/table>\n<table style=\"width: 96.6375%; height: 120px;\" border=\"1\">\n<tbody>\n<tr>\n<th style=\"text-align: left; width: 38.5906%;\">Modelo de caixa de engrenagens<\/th>\n<td style=\"width: 60.7383%;\">TGP01D-A130-18100-XXX<\/td>\n<\/tr>\n<tr>\n<th style=\"text-align: left; width: 38.5906%;\">Taxas de Redu\u00e7\u00e3o<\/th>\n<td style=\"width: 60.7383%;\">48, 120, 180, 220, 288<\/td>\n<\/tr>\n<tr>\n<th style=\"text-align: left; width: 38.5906%;\">Velocidades sem carga (rpm)<\/th>\n<td style=\"width: 60.7383%;\">230, 90, 60, 50, 38<\/td>\n<\/tr>\n<tr>\n<th style=\"text-align: left; width: 38.5906%;\">Torque de toler\u00e2ncia moment\u00e2nea m\u00e1xima (kg.cm)<\/th>\n<td style=\"width: 60.7383%;\">0.7, 1.4, 2.0, 2.2, 2.8<\/td>\n<\/tr>\n<\/tbody>\n<\/table>\n<h2>Outra caixa de engrenagens pl\u00e1stica mais motor DC A130<\/h2>\n<table style=\"width: 100%; height: 71px;\" border=\"1\" width=\"100%\" cellspacing=\"0\" cellpadding=\"0\">\n<tbody>\n<tr style=\"height: 13.8pt;\">\n<td style=\"height: 13px; width: 49.892%;\" align=\"right\" width=\"64\" height=\"18\"><img loading=\"lazy\" decoding=\"async\" class=\"alignnone size-full wp-image-3344\" src=\"https:\/\/fmp-components.com\/wp-content\/uploads\/2025\/01\/fmp_1.TGP010-A130-1-1.webp\" alt=\"fmp_1.TGP010-A130-1-1\" width=\"600\" height=\"600\" title=\"\" srcset=\"https:\/\/fmp-components.com\/wp-content\/uploads\/2025\/01\/fmp_1.TGP010-A130-1-1.webp 600w, https:\/\/fmp-components.com\/wp-content\/uploads\/2025\/01\/fmp_1.TGP010-A130-1-1-480x480.webp 480w\" sizes=\"(min-width: 0px) and (max-width: 480px) 480px, (min-width: 481px) 600px, 100vw\" \/><\/td>\n<td style=\"width: 49.892%; height: 13px;\" align=\"right\" width=\"64\"><img loading=\"lazy\" decoding=\"async\" class=\"alignnone size-full wp-image-3345\" src=\"https:\/\/fmp-components.com\/wp-content\/uploads\/2025\/01\/fmp_2.TGP010-A130-1-1.webp\" alt=\"fmp_2.TGP010-A130-1-1\" width=\"600\" height=\"600\" title=\"\" srcset=\"https:\/\/fmp-components.com\/wp-content\/uploads\/2025\/01\/fmp_2.TGP010-A130-1-1.webp 600w, https:\/\/fmp-components.com\/wp-content\/uploads\/2025\/01\/fmp_2.TGP010-A130-1-1-480x480.webp 480w\" sizes=\"(min-width: 0px) and (max-width: 480px) 480px, (min-width: 481px) 600px, 100vw\" \/><\/td>\n<\/tr>\n<tr style=\"height: 22px;\">\n<td style=\"height: 22px; text-align: center;\"><strong>TGP01D-A130<\/strong><\/td>\n<td style=\"height: 22px; text-align: center;\"><strong>TGP01S-A130<\/strong><\/td>\n<\/tr>\n<tr style=\"height: 13.8pt;\">\n<td style=\"height: 13px; width: 49.892%;\" align=\"right\" height=\"18\"><img loading=\"lazy\" decoding=\"async\" class=\"alignnone size-full wp-image-3346\" src=\"https:\/\/fmp-components.com\/wp-content\/uploads\/2025\/01\/fmp_3.TGP010-A130-1.webp\" alt=\"fmp_3.TGP010-A130-1\" width=\"600\" height=\"600\" title=\"\" srcset=\"https:\/\/fmp-components.com\/wp-content\/uploads\/2025\/01\/fmp_3.TGP010-A130-1.webp 600w, https:\/\/fmp-components.com\/wp-content\/uploads\/2025\/01\/fmp_3.TGP010-A130-1-480x480.webp 480w\" sizes=\"(min-width: 0px) and (max-width: 480px) 480px, (min-width: 481px) 600px, 100vw\" \/><\/td>\n<td style=\"width: 49.892%; height: 13px;\" align=\"right\"><img loading=\"lazy\" decoding=\"async\" class=\"alignnone size-full wp-image-3347\" src=\"https:\/\/fmp-components.com\/wp-content\/uploads\/2025\/01\/fmp_4.TGP010-A130-1.webp\" alt=\"fmp_4.TGP010-A130-1\" width=\"600\" height=\"600\" title=\"\" srcset=\"https:\/\/fmp-components.com\/wp-content\/uploads\/2025\/01\/fmp_4.TGP010-A130-1.webp 600w, https:\/\/fmp-components.com\/wp-content\/uploads\/2025\/01\/fmp_4.TGP010-A130-1-480x480.webp 480w\" sizes=\"(min-width: 0px) and (max-width: 480px) 480px, (min-width: 481px) 600px, 100vw\" \/><\/td>\n<\/tr>\n<tr style=\"height: 23px;\">\n<td style=\"height: 23px; text-align: center;\"><strong>TGP02D-A130<\/strong><\/td>\n<td style=\"height: 23px; text-align: center;\"><strong>TGP02S-A130<\/strong><\/td>\n<\/tr>\n<\/tbody>\n<\/table>\n<h2 data-pm-slice=\"0 0 []\">Caracter\u00edsticas do Mini Motorredutor com Caixa de Engrenagens de Pl\u00e1stico TGP01S-A130<\/h2>\n<p>O minimotor com caixa de engrenagens de pl\u00e1stico TGP01S-A130 \u00e9 um motor compacto, leve e eficiente, projetado para aplica\u00e7\u00f5es de pequena escala onde espa\u00e7o e peso s\u00e3o fatores cruciais. Este motor integra uma caixa de engrenagens de pl\u00e1stico com um minimotor CC, oferecendo versatilidade e confiabilidade em diversas aplica\u00e7\u00f5es. A seguir, as principais caracter\u00edsticas do modelo TGP01S-A130:<\/p>\n<ol>\n<li><strong>Design compacto e leve<\/strong>:\n<ul>\n<li>O TGP01S-A130 foi projetado com uma estrutura compacta, tornando-o ideal para aplica\u00e7\u00f5es com espa\u00e7o limitado. A caixa de engrenagens de pl\u00e1stico leve reduz o peso total do motor, permitindo f\u00e1cil integra\u00e7\u00e3o em dispositivos e sistemas de pequeno porte.<\/li>\n<\/ul>\n<\/li>\n<li><strong>Constru\u00e7\u00e3o da caixa de engrenagens em pl\u00e1stico<\/strong>:\n<ul>\n<li>O uso de pl\u00e1stico resistente na caixa de engrenagens garante uma estrutura leve, por\u00e9m robusta, proporcionando um funcionamento suave e mantendo o custo total do motor competitivo. O material pl\u00e1stico tamb\u00e9m contribui para a redu\u00e7\u00e3o do ru\u00eddo durante o funcionamento.<\/li>\n<\/ul>\n<\/li>\n<li><strong>Sa\u00edda de alto torque<\/strong>:\n<ul>\n<li>Apesar do seu tamanho reduzido, o TGP01S-A130 oferece um bom equil\u00edbrio entre torque e velocidade, tornando-o adequado para tarefas que exigem um torque moderado, como acionar pequenas rodas, atuadores ou outras m\u00e1quinas leves.<\/li>\n<\/ul>\n<\/li>\n<li><strong>Transmiss\u00e3o de energia eficiente<\/strong>:\n<ul>\n<li>O motorredutor foi projetado para transmiss\u00e3o de pot\u00eancia eficiente, otimizando o uso de energia el\u00e9trica e minimizando as perdas. Isso torna o motor ideal para dispositivos alimentados por bateria e aplica\u00e7\u00f5es que exigem alta efici\u00eancia.<\/li>\n<\/ul>\n<\/li>\n<li><strong>Opera\u00e7\u00e3o suave e silenciosa<\/strong>:\n<ul>\n<li>Gra\u00e7as \u00e0 sua caixa de engrenagens de pl\u00e1stico de engenharia de precis\u00e3o, o motor funciona de forma silenciosa e suave, sendo uma \u00f3tima op\u00e7\u00e3o para aplica\u00e7\u00f5es onde a redu\u00e7\u00e3o de ru\u00eddo \u00e9 importante, como em brinquedos, dispositivos m\u00e9dicos ou eletrodom\u00e9sticos.<\/li>\n<\/ul>\n<\/li>\n<\/ol>\n<p>O minimotor com caixa de engrenagens de pl\u00e1stico TGP01S-A130 combina tamanho compacto, baixo consumo de energia, alto torque e opera\u00e7\u00e3o silenciosa em um pacote vers\u00e1til e econ\u00f4mico. Sua durabilidade, efici\u00eancia e ampla faixa de tens\u00e3o o tornam ideal para uma vasta gama de aplica\u00e7\u00f5es, desde rob\u00f3tica at\u00e9 produtos de consumo.<\/p>\n<h2>Sobre a FMP<\/h2>\n<p>A FMP \u00e9 uma fabricante l\u00edder especializada no projeto, desenvolvimento e produ\u00e7\u00e3o de caixas de engrenagens de alta precis\u00e3o, cilindros hidr\u00e1ulicos, motores, eixos de tomada de for\u00e7a (PTO), micromotores e uma ampla gama de outros componentes cr\u00edticos. Gra\u00e7as \u00e0 dedica\u00e7\u00e3o e ao trabalho \u00e1rduo de nossa equipe qualificada, nos posicionamos como l\u00edderes do setor. Nossos produtos s\u00e3o amplamente distribu\u00eddos na Europa, Am\u00e9rica do Norte, Sudeste Asi\u00e1tico e outros mercados-chave, conquistando uma s\u00f3lida reputa\u00e7\u00e3o de qualidade e excel\u00eancia. Nossos clientes elogiam constantemente o desempenho e a confiabilidade de nossos produtos.<\/p>\n<p>Na FMP, contamos com instala\u00e7\u00f5es de produ\u00e7\u00e3o de \u00faltima gera\u00e7\u00e3o, incluindo amplas oficinas de fabrica\u00e7\u00e3o, escrit\u00f3rios e alojamentos para funcion\u00e1rios. Tamb\u00e9m possu\u00edmos equipamentos de ponta para P&amp;D, produ\u00e7\u00e3o e testes. Nossos departamentos dedicados de engenharia, fabrica\u00e7\u00e3o de moldes e montagem est\u00e3o bem equipados para fornecer solu\u00e7\u00f5es totalmente personalizadas que atendem \u00e0s necessidades espec\u00edficas de cada cliente. Com uma s\u00f3lida base t\u00e9cnica, processos de produ\u00e7\u00e3o otimizados e um sistema de gest\u00e3o eficiente, a FMP garante que todos os produtos atendam aos mais altos padr\u00f5es da ind\u00fastria.<\/p>\n<p>A qualidade est\u00e1 no centro das nossas opera\u00e7\u00f5es. Desde a sele\u00e7\u00e3o de materiais e o design at\u00e9 a produ\u00e7\u00e3o, a entrega e o feedback do cliente, prestamos muita aten\u00e7\u00e3o a cada detalhe. A satisfa\u00e7\u00e3o do cliente \u00e9 a nossa principal prioridade e estamos comprometidos em oferecer um servi\u00e7o excepcional em todas as etapas do processo. A FMP n\u00e3o se concentra no lucro excessivo, mas sim na constru\u00e7\u00e3o de parcerias de longo prazo e mutuamente ben\u00e9ficas com os nossos clientes, garantindo crescimento e sucesso sustent\u00e1veis.<\/p>\n<p>Acolhemos com entusiasmo as oportunidades de colabora\u00e7\u00e3o e ansiamos por construir um futuro mais promissor com os nossos parceiros. As nossas solu\u00e7\u00f5es personalizadas s\u00e3o concebidas para responder \u00e0s necessidades em constante evolu\u00e7\u00e3o dos nossos clientes, garantindo que cada projeto receba toda a aten\u00e7\u00e3o e experi\u00eancia que merece. Quer procure produtos padr\u00e3o ou solu\u00e7\u00f5es \u00e0 medida, a FMP dedica-se a apoiar o seu sucesso em todas as etapas do processo.<\/p>\n<p><img loading=\"lazy\" decoding=\"async\" class=\"alignnone size-full wp-image-3335\" src=\"https:\/\/fmp-components.com\/wp-content\/uploads\/2025\/01\/DC-motor-tgp01d-a130-product-1.webp\" alt=\"Motor DC-tgp01d-a130\" width=\"883\" height=\"574\" title=\"\" srcset=\"https:\/\/fmp-components.com\/wp-content\/uploads\/2025\/01\/DC-motor-tgp01d-a130-product-1.webp 883w, https:\/\/fmp-components.com\/wp-content\/uploads\/2025\/01\/DC-motor-tgp01d-a130-product-1-480x312.webp 480w\" sizes=\"(min-width: 0px) and (max-width: 480px) 480px, (min-width: 481px) 883px, 100vw\" \/><\/p>\n<p>Autor: CX<\/p>","protected":false},"excerpt":{"rendered":"<p>Plastic Gearbox Mini Geared Motor TGP01S-A130 TGP plastic gears gearbox plus A130 permanent magnet DC motor small size dc gear motor with low speed and big torque suitable to small diameter, low noise, and big torque application reduction ratio: 48,120,180,220,288 Characters of Mini Geared Motor Small size dc gear motor with low speed and big [&hellip;]<\/p>","protected":false},"featured_media":3340,"comment_status":"open","ping_status":"closed","template":"","meta":{"_et_pb_use_builder":"","_et_pb_old_content":"","_et_gb_content_width":""},"product_brand":[],"product_cat":[85],"product_tag":[],"class_list":{"0":"post-3339","1":"product","2":"type-product","3":"status-publish","4":"has-post-thumbnail","6":"product_cat-dc-motors","8":"first","9":"instock","10":"shipping-taxable","11":"product-type-simple"},"_links":{"self":[{"href":"https:\/\/fmp-components.com\/pt\/wp-json\/wp\/v2\/product\/3339","targetHints":{"allow":["GET"]}}],"collection":[{"href":"https:\/\/fmp-components.com\/pt\/wp-json\/wp\/v2\/product"}],"about":[{"href":"https:\/\/fmp-components.com\/pt\/wp-json\/wp\/v2\/types\/product"}],"replies":[{"embeddable":true,"href":"https:\/\/fmp-components.com\/pt\/wp-json\/wp\/v2\/comments?post=3339"}],"wp:featuredmedia":[{"embeddable":true,"href":"https:\/\/fmp-components.com\/pt\/wp-json\/wp\/v2\/media\/3340"}],"wp:attachment":[{"href":"https:\/\/fmp-components.com\/pt\/wp-json\/wp\/v2\/media?parent=3339"}],"wp:term":[{"taxonomy":"product_brand","embeddable":true,"href":"https:\/\/fmp-components.com\/pt\/wp-json\/wp\/v2\/product_brand?post=3339"},{"taxonomy":"product_cat","embeddable":true,"href":"https:\/\/fmp-components.com\/pt\/wp-json\/wp\/v2\/product_cat?post=3339"},{"taxonomy":"product_tag","embeddable":true,"href":"https:\/\/fmp-components.com\/pt\/wp-json\/wp\/v2\/product_tag?post=3339"}],"curies":[{"name":"wp","href":"https:\/\/api.w.org\/{rel}","templated":true}]}}