{"id":3331,"date":"2025-01-06T08:18:18","date_gmt":"2025-01-06T08:18:18","guid":{"rendered":"https:\/\/fmp-components.com\/?page_id=8"},"modified":"2025-01-06T08:34:45","modified_gmt":"2025-01-06T08:34:45","slug":"italy-supplier-mini-dc-motor-tgp01d-a130-plastic-gearbox-plus-a130","status":"publish","type":"product","link":"https:\/\/fmp-components.com\/pt\/product\/italy-supplier-mini-dc-motor-tgp01d-a130-plastic-gearbox-plus-a130\/","title":{"rendered":"Fornecedor italiano Mini Motor DC TGP01D-A130 Caixa de engrenagens de pl\u00e1stico Plus A130"},"content":{"rendered":"<p><img loading=\"lazy\" decoding=\"async\" class=\"wp-image-3334 aligncenter\" src=\"https:\/\/fmp-components.com\/wp-content\/uploads\/2025\/01\/DC-motor-tgp01d-a130-1.webp\" alt=\"Motor DC-tgp01d-a130\" width=\"524\" height=\"539\" title=\"\" srcset=\"https:\/\/fmp-components.com\/wp-content\/uploads\/2025\/01\/DC-motor-tgp01d-a130-1.webp 524w, https:\/\/fmp-components.com\/wp-content\/uploads\/2025\/01\/DC-motor-tgp01d-a130-1-480x494.webp 480w\" sizes=\"(min-width: 0px) and (max-width: 480px) 480px, (min-width: 481px) 524px, 100vw\" \/><\/p>\n<h2>Especifica\u00e7\u00e3o<\/h2>\n<table style=\"width: 100%;\" border=\"1\" width=\"100%\" cellspacing=\"0\" cellpadding=\"0\">\n<tbody>\n<tr>\n<th>Tipo de motor<\/th>\n<td>Motor de engrenagem CC de tamanho pequeno<\/td>\n<\/tr>\n<tr>\n<th>Caracter\u00edsticas<\/th>\n<td>Baixa velocidade, alto torque, baixo ru\u00eddo<\/td>\n<\/tr>\n<tr>\n<th>Taxas de Redu\u00e7\u00e3o<\/th>\n<td>48, 120, 180, 220, 288<\/td>\n<\/tr>\n<tr>\n<th>Aplica\u00e7\u00f5es<\/th>\n<td>Brinquedo motorizado, brinquedo de montar, rob\u00f4<\/td>\n<\/tr>\n<\/tbody>\n<\/table>\n<h2>Dimens\u00e3o do motor de engrenagem (mm)<\/h2>\n<p><img loading=\"lazy\" decoding=\"async\" class=\"alignnone size-full wp-image-3332\" src=\"https:\/\/fmp-components.com\/wp-content\/uploads\/2025\/01\/fmp_1.TGP010-A130-2.webp\" alt=\"fmp_1.TGP010-A130-2\" width=\"922\" height=\"512\" title=\"\" srcset=\"https:\/\/fmp-components.com\/wp-content\/uploads\/2025\/01\/fmp_1.TGP010-A130-2.webp 922w, https:\/\/fmp-components.com\/wp-content\/uploads\/2025\/01\/fmp_1.TGP010-A130-2-480x267.webp 480w\" sizes=\"(min-width: 0px) and (max-width: 480px) 480px, (min-width: 481px) 922px, 100vw\" \/><\/p>\n<h2>Dados t\u00e9cnicos do mini motor DC<\/h2>\n<table style=\"width: 96.6375%; height: 144px;\" border=\"1\">\n<tbody>\n<tr>\n<td>Modelo do motor n\u00ba<\/td>\n<td>Tens\u00e3o nominal<br \/>\nVDC<\/td>\n<td>Velocidade sem carga<br \/>\nrpm<\/td>\n<td>Corrente sem carga<br \/>\nmA<\/td>\n<td>Torque de parada<br \/>\ng.cm<\/td>\n<td>Corrente de parada<br \/>\nUM<\/td>\n<\/tr>\n<tr>\n<td>TFE-130RA-12215<\/td>\n<td>6.0<\/td>\n<td>11500<\/td>\n<td>120<\/td>\n<td>20<\/td>\n<td>0.85<\/td>\n<\/tr>\n<tr>\n<td>TFE-130RA-14175<\/td>\n<td>3.0<\/td>\n<td>8000<\/td>\n<td>120<\/td>\n<td>13<\/td>\n<td>0.70<\/td>\n<\/tr>\n<tr>\n<td>TFE-130RA-18100<\/td>\n<td>3.0<\/td>\n<td>11500<\/td>\n<td>250<\/td>\n<td>20<\/td>\n<td>1.80<\/td>\n<\/tr>\n<\/tbody>\n<\/table>\n<h2>Dados t\u00e9cnicos do motor de engrenagem<\/h2>\n<table style=\"width: 96.6375%; height: 120px;\" border=\"1\">\n<tbody>\n<tr style=\"height: 30px;\">\n<th style=\"height: 30px; width: 32.774%; text-align: left;\">Modelo de caixa de engrenagens<\/th>\n<td style=\"height: 30px; width: 66.5548%;\">TGP01D-A130-12215-XXX<\/td>\n<\/tr>\n<tr style=\"height: 30px;\">\n<th style=\"height: 30px; width: 32.774%; text-align: left;\">Taxas de Redu\u00e7\u00e3o<\/th>\n<td style=\"height: 30px; width: 66.5548%;\">48, 120, 180, 220, 288<\/td>\n<\/tr>\n<tr style=\"height: 30px;\">\n<th style=\"height: 30px; width: 32.774%; text-align: left;\">Velocidades sem carga (rpm)<\/th>\n<td style=\"height: 30px; width: 66.5548%;\">230, 90, 60, 50, 38<\/td>\n<\/tr>\n<tr style=\"height: 30px;\">\n<th style=\"height: 30px; width: 32.774%; text-align: left;\">Torque de toler\u00e2ncia moment\u00e2nea m\u00e1xima (kg.cm)<\/th>\n<td style=\"height: 30px; width: 66.5548%;\">0.7, 1.4, 2.0, 2.2, 2.8<\/td>\n<\/tr>\n<\/tbody>\n<\/table>\n<h2>Caixa de engrenagens com motor<\/h2>\n<table style=\"width: 96.6375%; height: 96px;\" border=\"1\">\n<tbody>\n<tr style=\"height: 24px;\">\n<th style=\"height: 24px; text-align: left; width: 38.4787%;\">Modelo de caixa de engrenagens<\/th>\n<td style=\"height: 24px; width: 60.8501%;\">TGP01D-A130-14175-XXX<\/td>\n<\/tr>\n<tr style=\"height: 24px;\">\n<th style=\"height: 24px; text-align: left; width: 38.4787%;\">Taxas de Redu\u00e7\u00e3o<\/th>\n<td style=\"height: 24px; width: 60.8501%;\">48, 120, 180, 220, 288<\/td>\n<\/tr>\n<tr style=\"height: 24px;\">\n<th style=\"height: 24px; text-align: left; width: 38.4787%;\">Velocidades sem carga (rpm)<\/th>\n<td style=\"height: 24px; width: 60.8501%;\">150, 60, 40, 33, 25<\/td>\n<\/tr>\n<tr style=\"height: 24px;\">\n<th style=\"height: 24px; text-align: left; width: 38.4787%;\">Torque de toler\u00e2ncia moment\u00e2nea m\u00e1xima (kg.cm)<\/th>\n<td style=\"height: 24px; width: 60.8501%;\">0.5, 0.9, 1.2, 1.4, 1.8<\/td>\n<\/tr>\n<\/tbody>\n<\/table>\n<table style=\"width: 96.6375%; height: 120px;\" border=\"1\">\n<tbody>\n<tr>\n<th style=\"text-align: left; width: 38.5906%;\">Modelo de caixa de engrenagens<\/th>\n<td style=\"width: 60.7383%;\">TGP01D-A130-18100-XXX<\/td>\n<\/tr>\n<tr>\n<th style=\"text-align: left; width: 38.5906%;\">Taxas de Redu\u00e7\u00e3o<\/th>\n<td style=\"width: 60.7383%;\">48, 120, 180, 220, 288<\/td>\n<\/tr>\n<tr>\n<th style=\"text-align: left; width: 38.5906%;\">Velocidades sem carga (rpm)<\/th>\n<td style=\"width: 60.7383%;\">230, 90, 60, 50, 38<\/td>\n<\/tr>\n<tr>\n<th style=\"text-align: left; width: 38.5906%;\">Torque de toler\u00e2ncia moment\u00e2nea m\u00e1xima (kg.cm)<\/th>\n<td style=\"width: 60.7383%;\">0.7, 1.4, 2.0, 2.2, 2.8<\/td>\n<\/tr>\n<\/tbody>\n<\/table>\n<h2 data-pm-slice=\"0 0 []\">Caracter\u00edsticas do Mini Motor DC TGP01D-A130<\/h2>\n<p>O Mini Motor CC TGP01D-A130 \u00e9 um motor compacto e eficiente, projetado para diversas aplica\u00e7\u00f5es onde restri\u00e7\u00f5es de espa\u00e7o e desempenho s\u00e3o fatores-chave. Abaixo est\u00e3o as caracter\u00edsticas not\u00e1veis \u200b\u200bdeste motor:<\/p>\n<ol>\n<li><strong>Tamanho compacto<\/strong>:\n<ul>\n<li>Projetado para caber em espa\u00e7os pequenos, tornando-o ideal para aplica\u00e7\u00f5es onde o tamanho \u00e9 um fator cr\u00edtico, como dispositivos port\u00e1teis ou m\u00e1quinas em miniatura.<\/li>\n<\/ul>\n<\/li>\n<li><strong>Alta Efici\u00eancia<\/strong>:\n<ul>\n<li>Projetado para desempenho eficiente, garantindo consumo ideal de energia e minimizando a gera\u00e7\u00e3o de calor durante a opera\u00e7\u00e3o.<\/li>\n<\/ul>\n<\/li>\n<li><strong>Durabilidade<\/strong>:\n<ul>\n<li>Constru\u00eddo com materiais de alta qualidade, o TGP01D-A130 oferece durabilidade e confiabilidade duradouras, garantindo vida \u00fatil operacional prolongada mesmo sob uso moderado a pesado.<\/li>\n<\/ul>\n<\/li>\n<li><strong>Baixo consumo de energia<\/strong>:\n<ul>\n<li>O motor opera com requisitos m\u00ednimos de energia, o que o torna altamente eficiente em termos energ\u00e9ticos e adequado para dispositivos alimentados por bateria.<\/li>\n<\/ul>\n<\/li>\n<li><strong>Opera\u00e7\u00e3o suave e silenciosa<\/strong>:\n<ul>\n<li>Projetado para operar de forma suave e silenciosa, tornando-o ideal para aplica\u00e7\u00f5es que exigem baixos n\u00edveis de ru\u00eddo, como em dispositivos m\u00e9dicos, brinquedos e pequenos eletr\u00f4nicos.<\/li>\n<\/ul>\n<\/li>\n<\/ol>\n<p>Em resumo, o Mini Motor DC TGP01D-A130 \u00e9 uma solu\u00e7\u00e3o vers\u00e1til, dur\u00e1vel e eficiente para aplica\u00e7\u00f5es onde tamanho, efici\u00eancia energ\u00e9tica e confiabilidade s\u00e3o essenciais.<\/p>\n<p><img loading=\"lazy\" decoding=\"async\" class=\"alignnone size-full wp-image-3336\" src=\"https:\/\/fmp-components.com\/wp-content\/uploads\/2025\/01\/DC-motor-tgp01d-a130-product.webp\" alt=\"Motor DC-tgp01d-a130\" width=\"1071\" height=\"742\" title=\"\" srcset=\"https:\/\/fmp-components.com\/wp-content\/uploads\/2025\/01\/DC-motor-tgp01d-a130-product.webp 1071w, https:\/\/fmp-components.com\/wp-content\/uploads\/2025\/01\/DC-motor-tgp01d-a130-product-980x679.webp 980w, https:\/\/fmp-components.com\/wp-content\/uploads\/2025\/01\/DC-motor-tgp01d-a130-product-480x333.webp 480w\" sizes=\"(min-width: 0px) and (max-width: 480px) 480px, (min-width: 481px) and (max-width: 980px) 980px, (min-width: 981px) 1071px, 100vw\" \/><\/p>\n<h2>Sobre a FMP<\/h2>\n<p>A FMP \u00e9 uma fabricante l\u00edder, especializada em projeto, desenvolvimento e produ\u00e7\u00e3o de caixas de engrenagens de alta precis\u00e3o, cilindros hidr\u00e1ulicos, motores, eixos de tomada de for\u00e7a, micromotores e uma ampla variedade de outros componentes essenciais. Gra\u00e7as \u00e0 dedica\u00e7\u00e3o cont\u00ednua e ao trabalho \u00e1rduo de toda a nossa equipe, nos posicionamos como um dos l\u00edderes do setor. Nossos produtos s\u00e3o exportados globalmente, com forte presen\u00e7a na Europa, Am\u00e9rica do Norte, Sudeste Asi\u00e1tico e outras regi\u00f5es. Conquistamos uma reputa\u00e7\u00e3o de qualidade excepcional e nossos produtos s\u00e3o altamente elogiados por clientes em todo o mundo.<\/p>\n<p>Na FMP, dispomos de oficinas de produ\u00e7\u00e3o em larga escala, pr\u00e9dios de escrit\u00f3rios e dormit\u00f3rios para funcion\u00e1rios. Tamb\u00e9m possu\u00edmos equipamentos avan\u00e7ados de P&amp;D, produ\u00e7\u00e3o e testes. Nosso departamento profissional de engenharia de produtos, fabrica\u00e7\u00e3o de moldes e centro de montagem nos permitem oferecer solu\u00e7\u00f5es totalmente personalizadas, adaptadas \u00e0s necessidades espec\u00edficas de nossos clientes. Com uma s\u00f3lida base t\u00e9cnica, processos de produ\u00e7\u00e3o eficientes e um sistema de gest\u00e3o robusto, a FMP se destaca na entrega de produtos que atendem aos mais altos padr\u00f5es.<\/p>\n<p>Nosso compromisso com a qualidade se reflete em cada detalhe de nossas opera\u00e7\u00f5es, desde a sele\u00e7\u00e3o de materiais, design e produ\u00e7\u00e3o, at\u00e9 a entrega e o feedback do cliente. Priorizamos a satisfa\u00e7\u00e3o do cliente e nos esfor\u00e7amos para oferecer um servi\u00e7o de excel\u00eancia em todas as etapas do processo. A FMP n\u00e3o busca lucros excessivos, mas sim estabelecer e manter parcerias de longo prazo e mutuamente ben\u00e9ficas com nossos clientes.<\/p>\n<p>Estamos sempre abertos \u00e0 colabora\u00e7\u00e3o e ansiosos para construir um futuro brilhante junto com nossos parceiros. Nossas solu\u00e7\u00f5es personalizadas s\u00e3o projetadas para atender \u00e0s necessidades em constante evolu\u00e7\u00e3o de nossos clientes, garantindo que cada projeto receba o mais alto n\u00edvel de aten\u00e7\u00e3o e expertise. Sejam produtos padr\u00e3o ou solu\u00e7\u00f5es personalizadas, a FMP est\u00e1 comprometida em apoiar o seu sucesso.<\/p>\n<p><img loading=\"lazy\" decoding=\"async\" class=\"alignnone size-full wp-image-3335\" src=\"https:\/\/fmp-components.com\/wp-content\/uploads\/2025\/01\/DC-motor-tgp01d-a130-product-1.webp\" alt=\"Motor DC-tgp01d-a130\" width=\"883\" height=\"574\" title=\"\" srcset=\"https:\/\/fmp-components.com\/wp-content\/uploads\/2025\/01\/DC-motor-tgp01d-a130-product-1.webp 883w, https:\/\/fmp-components.com\/wp-content\/uploads\/2025\/01\/DC-motor-tgp01d-a130-product-1-480x312.webp 480w\" sizes=\"(min-width: 0px) and (max-width: 480px) 480px, (min-width: 481px) 883px, 100vw\" \/><\/p>\n<p>Autor: CX<\/p>","protected":false},"excerpt":{"rendered":"<p>Specification Motor Type Small Size DC Gear Motor Characteristics Low Speed, Big Torque, Low Noise Reduction Ratios 48, 120, 180, 220, 288 Applications Motorized Toy, Ride-on Toy, Robot Gear motor dimension (mm) Mini DC Motor Technical Data Motor model No Rated voltage VDC No-load speed r\/min No-load current mA Stall torque g.cm Stall current A [&hellip;]<\/p>","protected":false},"featured_media":3337,"comment_status":"open","ping_status":"closed","template":"","meta":{"_et_pb_use_builder":"","_et_pb_old_content":"","_et_gb_content_width":""},"product_brand":[],"product_cat":[85],"product_tag":[],"class_list":{"0":"post-3331","1":"product","2":"type-product","3":"status-publish","4":"has-post-thumbnail","6":"product_cat-dc-motors","8":"first","9":"instock","10":"shipping-taxable","11":"product-type-simple"},"_links":{"self":[{"href":"https:\/\/fmp-components.com\/pt\/wp-json\/wp\/v2\/product\/3331","targetHints":{"allow":["GET"]}}],"collection":[{"href":"https:\/\/fmp-components.com\/pt\/wp-json\/wp\/v2\/product"}],"about":[{"href":"https:\/\/fmp-components.com\/pt\/wp-json\/wp\/v2\/types\/product"}],"replies":[{"embeddable":true,"href":"https:\/\/fmp-components.com\/pt\/wp-json\/wp\/v2\/comments?post=3331"}],"wp:featuredmedia":[{"embeddable":true,"href":"https:\/\/fmp-components.com\/pt\/wp-json\/wp\/v2\/media\/3337"}],"wp:attachment":[{"href":"https:\/\/fmp-components.com\/pt\/wp-json\/wp\/v2\/media?parent=3331"}],"wp:term":[{"taxonomy":"product_brand","embeddable":true,"href":"https:\/\/fmp-components.com\/pt\/wp-json\/wp\/v2\/product_brand?post=3331"},{"taxonomy":"product_cat","embeddable":true,"href":"https:\/\/fmp-components.com\/pt\/wp-json\/wp\/v2\/product_cat?post=3331"},{"taxonomy":"product_tag","embeddable":true,"href":"https:\/\/fmp-components.com\/pt\/wp-json\/wp\/v2\/product_tag?post=3331"}],"curies":[{"name":"wp","href":"https:\/\/api.w.org\/{rel}","templated":true}]}}