{"id":332,"date":"2024-12-09T07:11:22","date_gmt":"2024-12-09T07:11:22","guid":{"rendered":"https:\/\/fmp-components.com\/?page_id=8"},"modified":"2024-12-09T07:14:00","modified_gmt":"2024-12-09T07:14:00","slug":"forklift-distance-adjustment-hydraulic-cylinder","status":"publish","type":"product","link":"https:\/\/fmp-components.com\/pt\/product\/forklift-distance-adjustment-hydraulic-cylinder\/","title":{"rendered":"Cilindro hidr\u00e1ulico para ajuste de dist\u00e2ncia de empilhadeira"},"content":{"rendered":"<p style=\"text-align: center;\"><span style=\"font-size: 18pt;\">Cilindro hidr\u00e1ulico para ajuste de dist\u00e2ncia de empilhadeira<\/span><\/p>\n<p><img loading=\"lazy\" decoding=\"async\" class=\"size-full wp-image-343 aligncenter\" src=\"https:\/\/fmp-components.com\/wp-content\/uploads\/2024\/12\/Forklift-Distance-Adjustment-Hydraulic-Cylinder.webp\" alt=\"Cilindro hidr\u00e1ulico para ajuste de dist\u00e2ncia de empilhadeira\" width=\"500\" height=\"500\" title=\"\" srcset=\"https:\/\/fmp-components.com\/wp-content\/uploads\/2024\/12\/Forklift-Distance-Adjustment-Hydraulic-Cylinder.webp 500w, https:\/\/fmp-components.com\/wp-content\/uploads\/2024\/12\/Forklift-Distance-Adjustment-Hydraulic-Cylinder-480x480.webp 480w\" sizes=\"(min-width: 0px) and (max-width: 480px) 480px, (min-width: 481px) 500px, 100vw\" \/><\/p>\n<h2>Dimens\u00f5es do cilindro hidr\u00e1ulico para ajuste de dist\u00e2ncia da empilhadeira:<\/h2>\n<table>\n<tbody>\n<tr>\n<td>\n<h2><img loading=\"lazy\" decoding=\"async\" class=\"alignnone size-full wp-image-333\" src=\"https:\/\/fmp-components.com\/wp-content\/uploads\/2024\/12\/Forklift-Distance-Adjustment-Hydraulic-Cylinder-Dimensions-1.webp\" alt=\"Dimens\u00f5es do cilindro hidr\u00e1ulico de ajuste de dist\u00e2ncia da empilhadeira\" width=\"600\" height=\"240\" title=\"\" srcset=\"https:\/\/fmp-components.com\/wp-content\/uploads\/2024\/12\/Forklift-Distance-Adjustment-Hydraulic-Cylinder-Dimensions-1.webp 600w, https:\/\/fmp-components.com\/wp-content\/uploads\/2024\/12\/Forklift-Distance-Adjustment-Hydraulic-Cylinder-Dimensions-1-480x192.webp 480w\" sizes=\"(min-width: 0px) and (max-width: 480px) 480px, (min-width: 481px) 600px, 100vw\" \/><\/h2>\n<\/td>\n<td>\n<h2><img loading=\"lazy\" decoding=\"async\" class=\"alignnone size-full wp-image-334\" src=\"https:\/\/fmp-components.com\/wp-content\/uploads\/2024\/12\/Forklift-Distance-Adjustment-Hydraulic-Cylinder-Dimensions-2.webp\" alt=\"Dimens\u00f5es do cilindro hidr\u00e1ulico de ajuste de dist\u00e2ncia da empilhadeira\" width=\"600\" height=\"240\" title=\"\" srcset=\"https:\/\/fmp-components.com\/wp-content\/uploads\/2024\/12\/Forklift-Distance-Adjustment-Hydraulic-Cylinder-Dimensions-2.webp 600w, https:\/\/fmp-components.com\/wp-content\/uploads\/2024\/12\/Forklift-Distance-Adjustment-Hydraulic-Cylinder-Dimensions-2-480x192.webp 480w\" sizes=\"(min-width: 0px) and (max-width: 480px) 480px, (min-width: 481px) 600px, 100vw\" \/><\/h2>\n<\/td>\n<\/tr>\n<\/tbody>\n<\/table>\n<table border=\"1\" cellspacing=\"0\" cellpadding=\"0\">\n<tbody>\n<tr>\n<td width=\"246\">Nome do Cilindro<\/td>\n<td width=\"336\">N\u00famero do desenho<\/td>\n<td width=\"126\">Di\u00e2metro do furo (D)<\/td>\n<td width=\"123\">Di\u00e2metro da haste (d)<\/td>\n<td width=\"114\">Acidente Vascular Cerebral (S)<\/td>\n<td width=\"170\">Dist\u00e2ncia de instala\u00e7\u00e3o (L)<\/td>\n<td width=\"172\">Press\u00e3o de trabalho<\/td>\n<td width=\"366\">Dimens\u00f5es da interface (M)<\/td>\n<td width=\"96\">Peso<\/td>\n<\/tr>\n<tr>\n<td class=\"et3\" width=\"246\" height=\"286\">Cilindro de ajuste de dist\u00e2ncia<\/td>\n<td class=\"et4\" width=\"336\">3CS17G-30-00T4<\/td>\n<td class=\"et4\" width=\"126\">\u03a650<\/td>\n<td class=\"et4\" width=\"123\">\u03a625<\/td>\n<td class=\"et4\" width=\"114\">295<\/td>\n<td class=\"et4\" width=\"170\">503<\/td>\n<td class=\"et4\" width=\"172\">16 MPa<\/td>\n<td class=\"et4\" width=\"366\">2-M16*1,5<\/td>\n<td class=\"et4\" width=\"96\">7kg<\/td>\n<\/tr>\n<\/tbody>\n<\/table>\n<table>\n<tbody>\n<tr>\n<td>\n<h2><img loading=\"lazy\" decoding=\"async\" class=\"alignnone size-full wp-image-335\" src=\"https:\/\/fmp-components.com\/wp-content\/uploads\/2024\/12\/Forklift-Distance-Adjustment-Hydraulic-Cylinder-Dimensions-3.webp\" alt=\"Dimens\u00f5es do cilindro hidr\u00e1ulico de ajuste de dist\u00e2ncia da empilhadeira\" width=\"680\" height=\"260\" title=\"\" srcset=\"https:\/\/fmp-components.com\/wp-content\/uploads\/2024\/12\/Forklift-Distance-Adjustment-Hydraulic-Cylinder-Dimensions-3.webp 680w, https:\/\/fmp-components.com\/wp-content\/uploads\/2024\/12\/Forklift-Distance-Adjustment-Hydraulic-Cylinder-Dimensions-3-480x184.webp 480w\" sizes=\"(min-width: 0px) and (max-width: 480px) 480px, (min-width: 481px) 680px, 100vw\" \/><\/h2>\n<\/td>\n<td>\n<h2><img loading=\"lazy\" decoding=\"async\" class=\"alignnone size-full wp-image-336\" src=\"https:\/\/fmp-components.com\/wp-content\/uploads\/2024\/12\/Forklift-Distance-Adjustment-Hydraulic-Cylinder-Dimensions-4.webp\" alt=\"Dimens\u00f5es do cilindro hidr\u00e1ulico de ajuste de dist\u00e2ncia da empilhadeira\" width=\"680\" height=\"260\" title=\"\" srcset=\"https:\/\/fmp-components.com\/wp-content\/uploads\/2024\/12\/Forklift-Distance-Adjustment-Hydraulic-Cylinder-Dimensions-4.webp 680w, https:\/\/fmp-components.com\/wp-content\/uploads\/2024\/12\/Forklift-Distance-Adjustment-Hydraulic-Cylinder-Dimensions-4-480x184.webp 480w\" sizes=\"(min-width: 0px) and (max-width: 480px) 480px, (min-width: 481px) 680px, 100vw\" \/><\/h2>\n<\/td>\n<\/tr>\n<\/tbody>\n<\/table>\n<table border=\"1\" cellspacing=\"0\" cellpadding=\"0\">\n<tbody>\n<tr>\n<td width=\"246\">Nome do Cilindro<\/td>\n<td width=\"336\">N\u00famero do desenho<\/td>\n<td width=\"126\">Di\u00e2metro do furo (D)<\/td>\n<td width=\"123\">Di\u00e2metro da haste (d)<\/td>\n<td width=\"114\">Acidente Vascular Cerebral (S)<\/td>\n<td width=\"170\">Dist\u00e2ncia de instala\u00e7\u00e3o (L)<\/td>\n<td width=\"172\">Press\u00e3o de trabalho<\/td>\n<td width=\"366\">Dimens\u00f5es da interface (M)<\/td>\n<td width=\"96\">Peso<\/td>\n<\/tr>\n<tr>\n<td class=\"et3\" width=\"246\" height=\"286\">Cilindro de ajuste de dist\u00e2ncia<\/td>\n<td class=\"et4\" width=\"336\">7B3-303000-00TA<\/td>\n<td class=\"et4\" width=\"126\">\u03a650<\/td>\n<td class=\"et4\" width=\"123\">\u03a628<\/td>\n<td class=\"et4\" width=\"114\">750<\/td>\n<td class=\"et4\" width=\"170\">1040<\/td>\n<td class=\"et4\" width=\"172\">18 MPa<\/td>\n<td class=\"et4\" width=\"366\">M14*1,5;M16*1,5<\/td>\n<td class=\"et4\" width=\"96\">14 kg<\/td>\n<\/tr>\n<\/tbody>\n<\/table>\n<table>\n<tbody>\n<tr>\n<td>\n<h2><img loading=\"lazy\" decoding=\"async\" class=\"alignnone size-full wp-image-337\" src=\"https:\/\/fmp-components.com\/wp-content\/uploads\/2024\/12\/Forklift-Distance-Adjustment-Hydraulic-Cylinder-Dimensions-5.webp\" alt=\"Dimens\u00f5es do cilindro hidr\u00e1ulico de ajuste de dist\u00e2ncia da empilhadeira\" width=\"680\" height=\"280\" title=\"\" srcset=\"https:\/\/fmp-components.com\/wp-content\/uploads\/2024\/12\/Forklift-Distance-Adjustment-Hydraulic-Cylinder-Dimensions-5.webp 680w, https:\/\/fmp-components.com\/wp-content\/uploads\/2024\/12\/Forklift-Distance-Adjustment-Hydraulic-Cylinder-Dimensions-5-480x198.webp 480w\" sizes=\"(min-width: 0px) and (max-width: 480px) 480px, (min-width: 481px) 680px, 100vw\" \/><\/h2>\n<\/td>\n<td>\n<h2><img loading=\"lazy\" decoding=\"async\" class=\"alignnone size-full wp-image-338\" src=\"https:\/\/fmp-components.com\/wp-content\/uploads\/2024\/12\/Forklift-Distance-Adjustment-Hydraulic-Cylinder-Dimensions-6.webp\" alt=\"Dimens\u00f5es do cilindro hidr\u00e1ulico de ajuste de dist\u00e2ncia da empilhadeira\" width=\"680\" height=\"280\" title=\"\" srcset=\"https:\/\/fmp-components.com\/wp-content\/uploads\/2024\/12\/Forklift-Distance-Adjustment-Hydraulic-Cylinder-Dimensions-6.webp 680w, https:\/\/fmp-components.com\/wp-content\/uploads\/2024\/12\/Forklift-Distance-Adjustment-Hydraulic-Cylinder-Dimensions-6-480x198.webp 480w\" sizes=\"(min-width: 0px) and (max-width: 480px) 480px, (min-width: 481px) 680px, 100vw\" \/><\/h2>\n<\/td>\n<\/tr>\n<\/tbody>\n<\/table>\n<table border=\"1\" cellspacing=\"0\" cellpadding=\"0\">\n<tbody>\n<tr>\n<td width=\"246\">Nome do Cilindro<\/td>\n<td width=\"336\">N\u00famero do desenho<\/td>\n<td width=\"126\">Di\u00e2metro do furo (D)<\/td>\n<td width=\"123\">Di\u00e2metro da haste (d)<\/td>\n<td width=\"114\">Acidente Vascular Cerebral (S)<\/td>\n<td width=\"170\">Dist\u00e2ncia de instala\u00e7\u00e3o (L)<\/td>\n<td width=\"172\">Press\u00e3o de trabalho<\/td>\n<td width=\"366\">Dimens\u00f5es da interface (M)<\/td>\n<td width=\"96\">Peso<\/td>\n<\/tr>\n<tr>\n<td class=\"et3\" width=\"246\" height=\"284\">Cilindro de ajuste de dist\u00e2ncia<\/td>\n<td class=\"et4\" width=\"336\">5CS17-40-00Z<\/td>\n<td class=\"et4\" width=\"126\">\u03a650<\/td>\n<td class=\"et4\" width=\"123\">\u03a625<\/td>\n<td class=\"et4\" width=\"114\">619<\/td>\n<td class=\"et4\" width=\"170\">889<\/td>\n<td class=\"et4\" width=\"172\">15 MPa<\/td>\n<td class=\"et4\" width=\"366\">M14*1,5<\/td>\n<td class=\"et4\" width=\"96\">13 kg<\/td>\n<\/tr>\n<\/tbody>\n<\/table>\n<table>\n<tbody>\n<tr>\n<td>\n<h2><img loading=\"lazy\" decoding=\"async\" class=\"alignnone size-full wp-image-339\" src=\"https:\/\/fmp-components.com\/wp-content\/uploads\/2024\/12\/Forklift-Distance-Adjustment-Hydraulic-Cylinder-Dimensions-7.webp\" alt=\"Dimens\u00f5es do cilindro hidr\u00e1ulico de ajuste de dist\u00e2ncia da empilhadeira\" width=\"680\" height=\"290\" title=\"\" srcset=\"https:\/\/fmp-components.com\/wp-content\/uploads\/2024\/12\/Forklift-Distance-Adjustment-Hydraulic-Cylinder-Dimensions-7.webp 680w, https:\/\/fmp-components.com\/wp-content\/uploads\/2024\/12\/Forklift-Distance-Adjustment-Hydraulic-Cylinder-Dimensions-7-480x205.webp 480w\" sizes=\"(min-width: 0px) and (max-width: 480px) 480px, (min-width: 481px) 680px, 100vw\" \/><\/h2>\n<\/td>\n<td>\n<h2><img loading=\"lazy\" decoding=\"async\" class=\"alignnone size-full wp-image-340\" src=\"https:\/\/fmp-components.com\/wp-content\/uploads\/2024\/12\/Forklift-Distance-Adjustment-Hydraulic-Cylinder-Dimensions-8.webp\" alt=\"Dimens\u00f5es do cilindro hidr\u00e1ulico de ajuste de dist\u00e2ncia da empilhadeira\" width=\"680\" height=\"290\" title=\"\" srcset=\"https:\/\/fmp-components.com\/wp-content\/uploads\/2024\/12\/Forklift-Distance-Adjustment-Hydraulic-Cylinder-Dimensions-8.webp 680w, https:\/\/fmp-components.com\/wp-content\/uploads\/2024\/12\/Forklift-Distance-Adjustment-Hydraulic-Cylinder-Dimensions-8-480x205.webp 480w\" sizes=\"(min-width: 0px) and (max-width: 480px) 480px, (min-width: 481px) 680px, 100vw\" \/><\/h2>\n<\/td>\n<\/tr>\n<\/tbody>\n<\/table>\n<table border=\"1\" cellspacing=\"0\" cellpadding=\"0\">\n<tbody>\n<tr>\n<td width=\"246\">Nome do Cilindro<\/td>\n<td width=\"336\">N\u00famero do desenho<\/td>\n<td width=\"126\">Di\u00e2metro do furo (D)<\/td>\n<td width=\"123\">Di\u00e2metro da haste (d)<\/td>\n<td width=\"114\">Acidente Vascular Cerebral (S)<\/td>\n<td width=\"170\">Dist\u00e2ncia de instala\u00e7\u00e3o (L)<\/td>\n<td width=\"172\">Press\u00e3o de trabalho<\/td>\n<td width=\"366\">Dimens\u00f5es da interface (M)<\/td>\n<td width=\"96\">Peso<\/td>\n<\/tr>\n<tr>\n<td class=\"et3\" width=\"246\" height=\"334\">Cilindro de ajuste de dist\u00e2ncia<\/td>\n<td class=\"et4\" width=\"336\">8M3-304000A-625<\/td>\n<td class=\"et4\" width=\"126\">\u03a663<\/td>\n<td class=\"et4\" width=\"123\">\u03a632<\/td>\n<td class=\"et4\" width=\"114\">855<\/td>\n<td class=\"et4\" width=\"170\">1174<\/td>\n<td class=\"et4\" width=\"172\">20 MPa<\/td>\n<td class=\"et4\" width=\"366\">2-M16*1,5<\/td>\n<td class=\"et4\" width=\"96\">22 kg<\/td>\n<\/tr>\n<\/tbody>\n<\/table>\n<table>\n<tbody>\n<tr>\n<td>\n<h2><img loading=\"lazy\" decoding=\"async\" class=\"alignnone size-full wp-image-341\" src=\"https:\/\/fmp-components.com\/wp-content\/uploads\/2024\/12\/Forklift-Distance-Adjustment-Hydraulic-Cylinder-Dimensions-9.webp\" alt=\"Dimens\u00f5es do cilindro hidr\u00e1ulico de ajuste de dist\u00e2ncia da empilhadeira\" width=\"680\" height=\"265\" title=\"\" srcset=\"https:\/\/fmp-components.com\/wp-content\/uploads\/2024\/12\/Forklift-Distance-Adjustment-Hydraulic-Cylinder-Dimensions-9.webp 680w, https:\/\/fmp-components.com\/wp-content\/uploads\/2024\/12\/Forklift-Distance-Adjustment-Hydraulic-Cylinder-Dimensions-9-480x187.webp 480w\" sizes=\"(min-width: 0px) and (max-width: 480px) 480px, (min-width: 481px) 680px, 100vw\" \/><\/h2>\n<\/td>\n<td>\n<h2><img loading=\"lazy\" decoding=\"async\" class=\"alignnone size-full wp-image-342\" src=\"https:\/\/fmp-components.com\/wp-content\/uploads\/2024\/12\/Forklift-Distance-Adjustment-Hydraulic-Cylinder-Dimensions-10.webp\" alt=\"Dimens\u00f5es do cilindro hidr\u00e1ulico de ajuste de dist\u00e2ncia da empilhadeira\" width=\"680\" height=\"265\" title=\"\" srcset=\"https:\/\/fmp-components.com\/wp-content\/uploads\/2024\/12\/Forklift-Distance-Adjustment-Hydraulic-Cylinder-Dimensions-10.webp 680w, https:\/\/fmp-components.com\/wp-content\/uploads\/2024\/12\/Forklift-Distance-Adjustment-Hydraulic-Cylinder-Dimensions-10-480x187.webp 480w\" sizes=\"(min-width: 0px) and (max-width: 480px) 480px, (min-width: 481px) 680px, 100vw\" \/><\/h2>\n<\/td>\n<\/tr>\n<\/tbody>\n<\/table>\n<table border=\"1\" cellspacing=\"0\" cellpadding=\"0\">\n<tbody>\n<tr>\n<td width=\"246\">Nome do Cilindro<\/td>\n<td width=\"336\">N\u00famero do desenho<\/td>\n<td width=\"126\">Di\u00e2metro do furo (D)<\/td>\n<td width=\"123\">Di\u00e2metro da haste (d)<\/td>\n<td width=\"114\">Acidente Vascular Cerebral (S)<\/td>\n<td width=\"170\">Dist\u00e2ncia de instala\u00e7\u00e3o (L)<\/td>\n<td width=\"172\">Press\u00e3o de trabalho<\/td>\n<td width=\"366\">Dimens\u00f5es da interface (M)<\/td>\n<td width=\"96\">Peso<\/td>\n<\/tr>\n<tr>\n<td class=\"et3\" width=\"246\" height=\"284\">Cilindro de ajuste de dist\u00e2ncia<\/td>\n<td class=\"et4\" width=\"336\">7B3-304000-00<\/td>\n<td class=\"et4\" width=\"126\">\u03a670<\/td>\n<td class=\"et4\" width=\"123\">\u03a630<\/td>\n<td class=\"et4\" width=\"114\">300<\/td>\n<td class=\"et4\" width=\"170\">536<\/td>\n<td class=\"et4\" width=\"172\">18 MPa<\/td>\n<td class=\"et4\" width=\"366\">2-M14*1,5<\/td>\n<td class=\"et4\" width=\"96\">13,5 kg<\/td>\n<\/tr>\n<\/tbody>\n<\/table>\n<h2>Marcas e modelos dispon\u00edveis de cilindros hidr\u00e1ulicos:<\/h2>\n<table border=\"1\" cellspacing=\"0\" cellpadding=\"0\">\n<tbody>\n<tr>\n<td><b data-spm-anchor-id=\"a2700.details.0.i43.45d84a73e99C9z\">KOMATSU (PC)<\/b><\/td>\n<td>PC30, PC40, PC50, PC56, PC60, PC78, PC100, PC110, PC120, PC130, PC160, PC200-3\/5\/6\/7\/8\/8MO, PC210, PC220-5\/6\/7\/8\/8MO, PC240, PC300\/350\/360-5\/6\/7\/8\/8MO, PC400\/450-5\/6\/7\/8\/8MO, PC800, PC850<\/td>\n<\/tr>\n<tr>\n<td><b>LAGARTA (E)<\/b><\/td>\n<td>E301.5,E302,E305.5,E306,E307V1\/V2\/B\/C\/D\/E\/F,E308B\/C,E120B,E312V1\/V2\/B\/C\/D,E313D2,E312D2,E315D,<br \/>\nE200B,E320V1\/V2\/A\/B\/C\/D,E324D,E325C\/D,E329D,E330\/336C\/D,E345C,E349D,E365C,E374,E390<\/td>\n<\/tr>\n<tr>\n<td><b>KOBELCO (SK)<\/b><\/td>\n<td>SK60-3\/5\/8, SK75-8\/SR, SK100 ,SK120-3\/5, SK135-8\/SR, SK140-8, SK200-3\/5\/6\/6E, SK210-3\/5\/6\/6E,<br \/>\nSK230\/250-6E,SK250-8,SK260-8,SK350-8\/S8,SK460\/480-8<\/td>\n<\/tr>\n<tr>\n<td><b>HYUNDAI (R)<\/b><\/td>\n<td>R55-5\/7, R60-5\/7, R80, R110, R130, R200-5, R210-5, R215-5\/7, R220-5\/7\/9, R225-5\/7\/9, R250, R260, R265, R290, R305, R445, R485, R505<\/td>\n<\/tr>\n<tr>\n<td><b data-spm-anchor-id=\"a2700.details.0.i53.45d84a73e99C9z\">HITACHI (EX.ZX)<\/b><\/td>\n<td>EX60,EX100-1\/2\/3,EX120-1\/3\/5\/6,EX200-1\/3\/5,EX230-5,EX300-1,EX400<br \/>\nZAX60,ZAX70,ZA120-6,ZAX200\/210-1\/3\/5\/5K,ZAX240,ZAX250,ZAX260,ZAX330-3\/5\/6,ZAX450\/470,ZAX650\/670,ZAX850\/870<\/td>\n<\/tr>\n<tr>\n<td>\n<div class=\"magic-32\"><b data-spm-anchor-id=\"a2700.details.0.i55.45d84a73e99C9z\">DOOSAN (DH\/DX)<\/b><\/div>\n<\/td>\n<td>\n<div class=\"magic-33\"><span class=\"magic-34\">DH55, DH60, DH80, DH150, DH215-5\/7, DH220-5, DH225-5\/7, DH258, DH300-5\/7, DH370, DH420, DH500<br \/>\nDX55, DX60, DX75, DX130, DX225-9, DX300, DX380, DX420, DX500<\/span><\/div>\n<\/td>\n<\/tr>\n<tr>\n<td>\n<div class=\"magic-32\"><b>VOLVO (CE)<\/b><\/div>\n<\/td>\n<td>\n<div class=\"magic-33\"><span class=\"magic-34\">EC55, EC60, EC75, EC80, EC140, EC210B\/D, EC220D, EC240, EC250, EC290, EC300, EC360 EC380, EC460, EC480, EC700, EC750, EC950<\/span><\/div>\n<\/td>\n<\/tr>\n<tr>\n<td>\n<div class=\"magic-32\"><b>KATO (HD)<\/b><\/div>\n<\/td>\n<td>\n<div class=\"magic-33\"><span class=\"magic-34\">HD307\/308,HD450,HD512,HD700-5\/7,HD820-1\/2\/3\/5\/R,HD1023-1\/3,HD1430-1\/3<\/span><\/div>\n<\/td>\n<\/tr>\n<tr>\n<td>\n<div class=\"magic-32\"><b>OUTRAS MARCAS<\/b><\/div>\n<\/td>\n<td>\n<div class=\"magic-33\"><span class=\"magic-34\">XCMG, LIUGONG, KUBOTA, CASO, YANMAR, SUNWARD, ZOOMLION, LISHIDE, LIEHERR<\/span><\/div>\n<\/td>\n<\/tr>\n<\/tbody>\n<\/table>\n<h3>Aplica\u00e7\u00e3o do Cilindro Hidr\u00e1ulico de Ajuste de Dist\u00e2ncia da Empilhadeira<\/h3>\n<p>O cilindro hidr\u00e1ulico de ajuste de dist\u00e2ncia para empilhadeiras \u00e9 um componente essencial que desempenha um papel significativo em diversas aplica\u00e7\u00f5es na movimenta\u00e7\u00e3o de materiais e log\u00edstica. Aqui est\u00e3o algumas aplica\u00e7\u00f5es principais:<\/p>\n<h4>1. Versatilidade de carga<\/h4>\n<p>O cilindro hidr\u00e1ulico permite o ajuste do espa\u00e7amento dos garfos, possibilitando que as empilhadeiras manuseiem uma ampla gama de tamanhos e formatos de carga. Essa versatilidade \u00e9 crucial em ambientes onde s\u00e3o utilizados diferentes paletes ou cont\u00eaineres, garantindo o manuseio e o transporte eficientes de materiais.<\/p>\n<h3>2. Seguran\u00e7a aprimorada<\/h3>\n<p>Ao permitir um controle preciso da dist\u00e2ncia entre os garfos, o cilindro hidr\u00e1ulico ajuda a fixar as cargas com mais efic\u00e1cia. Isso reduz o risco de tombamento ou queda, aumentando a seguran\u00e7a tanto para o operador quanto para os trabalhadores ao redor.<\/p>\n<h4>3. Manuseio eficiente de materiais<\/h4>\n<p>Em armaz\u00e9ns e centros de distribui\u00e7\u00e3o, a capacidade de ajustar rapidamente a dist\u00e2ncia entre os garfos otimiza as opera\u00e7\u00f5es. As empilhadeiras podem alternar facilmente entre o manuseio de paletes padr\u00e3o e cargas especiais, melhorando o fluxo de trabalho e a produtividade em geral.<\/p>\n<h4>4. Equipamentos especializados<\/h4>\n<p>Al\u00e9m da movimenta\u00e7\u00e3o padr\u00e3o de paletes, o cilindro hidr\u00e1ulico \u00e9 \u00fatil para acess\u00f3rios especializados, como garras ou deslocadores laterais, que exigem um posicionamento preciso dos garfos. Essa adaptabilidade permite que as empilhadeiras executem uma variedade de tarefas al\u00e9m do simples levantamento, tornando-as mais vers\u00e1teis.<\/p>\n<h4>5. Aplica\u00e7\u00f5es na Constru\u00e7\u00e3o e na Ind\u00fastria<\/h4>\n<p>Em canteiros de obras e ambientes industriais, a capacidade de ajustar a dist\u00e2ncia entre os garfos \u00e9 vital para o manuseio de materiais de dimens\u00f5es variadas, como vigas de a\u00e7o, blocos e caixas. Essa flexibilidade garante que as empilhadeiras possam lidar com efici\u00eancia com os diversos materiais comumente encontrados nesses ambientes.<\/p>\n<h4>6. Otimizando Solu\u00e7\u00f5es de Armazenamento<\/h4>\n<p>O cilindro hidr\u00e1ulico auxilia na maximiza\u00e7\u00e3o da efici\u00eancia de armazenamento, permitindo que as empilhadeiras recuperem e coloquem itens em espa\u00e7os reduzidos. Isso \u00e9 particularmente ben\u00e9fico em sistemas de armazenamento de alta densidade, onde o espa\u00e7o \u00e9 limitado e o manuseio preciso \u00e9 essencial.<\/p>\n<p>O cilindro hidr\u00e1ulico de ajuste de dist\u00e2ncia entre os garfos da empilhadeira aprimora significativamente a funcionalidade e a seguran\u00e7a das empilhadeiras em diversas aplica\u00e7\u00f5es. Sua capacidade de ajustar o espa\u00e7amento dos garfos rapidamente garante que os operadores possam manusear com efici\u00eancia e seguran\u00e7a uma ampla gama de cargas, tornando-o um recurso indispens\u00e1vel nas opera\u00e7\u00f5es de movimenta\u00e7\u00e3o de materiais.<\/p>\n<h3>Sobre a FMP<\/h3>\n<p>A FMP \u00e9 uma fabricante especializada em cilindros hidr\u00e1ulicos, com forte foco em pesquisa e produ\u00e7\u00e3o. Desde a sua funda\u00e7\u00e3o, a empresa tem se concentrado consistentemente no desenvolvimento de cilindros hidr\u00e1ulicos, evoluindo da produ\u00e7\u00e3o de uma variedade de produtos, como m\u00e1quinas para colheita e constru\u00e7\u00e3o, para a especializa\u00e7\u00e3o em componentes para tratores agr\u00edcolas. Com mais de uma d\u00e9cada de experi\u00eancia em fabrica\u00e7\u00e3o, experi\u00eancia em gest\u00e3o e tecnologia de produ\u00e7\u00e3o avan\u00e7ada, a FMP garante a mais alta qualidade em seus produtos.<\/p>\n<p>\u00c0 medida que a empresa se profissionalizou, estabeleceu uma linha de produ\u00e7\u00e3o de usinagem abrangente, uma linha de montagem e uma linha de revestimento. A FMP conta com o apoio de uma equipe dedicada de gestores experientes, projetistas mec\u00e2nicos qualificados e t\u00e9cnicos altamente treinados. Isso garante a estabilidade da qualidade do produto, ao mesmo tempo em que controla com efici\u00eancia a continuidade do processo e a efic\u00e1cia geral da produ\u00e7\u00e3o.<\/p>\n<p>A FMP segue os valores fundamentais de &quot;Inova\u00e7\u00e3o tecnol\u00f3gica impulsionando o progresso, qualidade criando marcas, artesanato garantindo a qualidade e construindo relacionamentos de longo prazo e mutuamente ben\u00e9ficos&quot;. A empresa mant\u00e9m o compromisso de fornecer produtos de alta qualidade, al\u00e9m de oferecer um atendimento superior ao cliente, sempre se esfor\u00e7ando para atender \u00e0s necessidades em constante evolu\u00e7\u00e3o do mercado.<\/p>\n<p><img loading=\"lazy\" decoding=\"async\" class=\"alignnone wp-image-303\" src=\"https:\/\/fmp-components.com\/wp-content\/uploads\/2024\/12\/hydraulic-cylinder-factory-11_1.webp\" alt=\"f\u00e1brica de cilindros hidr\u00e1ulicos\" width=\"917\" height=\"1003\" title=\"\" srcset=\"https:\/\/fmp-components.com\/wp-content\/uploads\/2024\/12\/hydraulic-cylinder-factory-11_1.webp 917w, https:\/\/fmp-components.com\/wp-content\/uploads\/2024\/12\/hydraulic-cylinder-factory-11_1-480x525.webp 480w\" sizes=\"(min-width: 0px) and (max-width: 480px) 480px, (min-width: 481px) 917px, 100vw\" \/><\/p>\n<table style=\"width: 100%;\" border=\"1\" width=\"100%\" cellspacing=\"0\" cellpadding=\"0\">\n<tbody>\n<tr>\n<td style=\"width: 41.9294%;\" width=\"226\"><img loading=\"lazy\" decoding=\"async\" class=\"alignnone size-full wp-image-309\" src=\"https:\/\/fmp-components.com\/wp-content\/uploads\/2024\/12\/Forklift-Tilt-Hydraulic-Cylinder.webp\" alt=\"Cilindro hidr\u00e1ulico de inclina\u00e7\u00e3o de empilhadeira\" width=\"1000\" height=\"750\" title=\"\" srcset=\"https:\/\/fmp-components.com\/wp-content\/uploads\/2024\/12\/Forklift-Tilt-Hydraulic-Cylinder.webp 1000w, https:\/\/fmp-components.com\/wp-content\/uploads\/2024\/12\/Forklift-Tilt-Hydraulic-Cylinder-980x735.webp 980w, https:\/\/fmp-components.com\/wp-content\/uploads\/2024\/12\/Forklift-Tilt-Hydraulic-Cylinder-480x360.webp 480w\" sizes=\"(min-width: 0px) and (max-width: 480px) 480px, (min-width: 481px) and (max-width: 980px) 980px, (min-width: 981px) 1000px, 100vw\" \/><\/td>\n<td style=\"width: 55.6484%;\" width=\"64\"><img loading=\"lazy\" decoding=\"async\" class=\"alignnone wp-image-283\" src=\"https:\/\/fmp-components.com\/wp-content\/uploads\/2024\/12\/hydraulic-cylinder-factory-5.webp\" alt=\"f\u00e1brica de cilindros hidr\u00e1ulicos\" width=\"542\" height=\"312\" title=\"\"><\/td>\n<\/tr>\n<\/tbody>\n<\/table>\n<p>Autor: CX<\/p>","protected":false},"excerpt":{"rendered":"<p>O cilindro hidr\u00e1ulico de ajuste de dist\u00e2ncia para empilhadeiras \u00e9 um componente crucial projetado para aumentar a versatilidade e a efici\u00eancia das opera\u00e7\u00f5es com empilhadeiras. Este cilindro hidr\u00e1ulico permite o ajuste preciso da dist\u00e2ncia entre os garfos, possibilitando que os operadores acomodem cargas de diversos tamanhos e formatos com facilidade. Constru\u00eddo com materiais de alta resist\u00eancia, garante durabilidade e confiabilidade sob cargas pesadas. O cilindro possui um mecanismo de opera\u00e7\u00e3o suave que proporciona desempenho consistente, permitindo ajustes r\u00e1pidos e eficientes. Essa capacidade n\u00e3o s\u00f3 melhora a produtividade, como tamb\u00e9m aumenta a seguran\u00e7a, garantindo que as cargas estejam devidamente fixadas e equilibradas durante o transporte. Ideal para uso em armaz\u00e9ns, canteiros de obras e aplica\u00e7\u00f5es industriais, este cilindro hidr\u00e1ulico \u00e9 essencial para otimizar a funcionalidade da empilhadeira.<\/p>","protected":false},"featured_media":343,"comment_status":"open","ping_status":"closed","template":"","meta":{"_et_pb_use_builder":"","_et_pb_old_content":"","_et_gb_content_width":""},"product_brand":[],"product_cat":[15],"product_tag":[],"class_list":{"0":"post-332","1":"product","2":"type-product","3":"status-publish","4":"has-post-thumbnail","6":"product_cat-uncategorized","8":"first","9":"instock","10":"shipping-taxable","11":"product-type-simple"},"_links":{"self":[{"href":"https:\/\/fmp-components.com\/pt\/wp-json\/wp\/v2\/product\/332","targetHints":{"allow":["GET"]}}],"collection":[{"href":"https:\/\/fmp-components.com\/pt\/wp-json\/wp\/v2\/product"}],"about":[{"href":"https:\/\/fmp-components.com\/pt\/wp-json\/wp\/v2\/types\/product"}],"replies":[{"embeddable":true,"href":"https:\/\/fmp-components.com\/pt\/wp-json\/wp\/v2\/comments?post=332"}],"wp:featuredmedia":[{"embeddable":true,"href":"https:\/\/fmp-components.com\/pt\/wp-json\/wp\/v2\/media\/343"}],"wp:attachment":[{"href":"https:\/\/fmp-components.com\/pt\/wp-json\/wp\/v2\/media?parent=332"}],"wp:term":[{"taxonomy":"product_brand","embeddable":true,"href":"https:\/\/fmp-components.com\/pt\/wp-json\/wp\/v2\/product_brand?post=332"},{"taxonomy":"product_cat","embeddable":true,"href":"https:\/\/fmp-components.com\/pt\/wp-json\/wp\/v2\/product_cat?post=332"},{"taxonomy":"product_tag","embeddable":true,"href":"https:\/\/fmp-components.com\/pt\/wp-json\/wp\/v2\/product_tag?post=332"}],"curies":[{"name":"wp","href":"https:\/\/api.w.org\/{rel}","templated":true}]}}