{"id":3319,"date":"2025-01-06T06:55:29","date_gmt":"2025-01-06T06:55:29","guid":{"rendered":"https:\/\/fmp-components.com\/?page_id=8"},"modified":"2025-01-06T06:55:29","modified_gmt":"2025-01-06T06:55:29","slug":"agriculture-gearbox-for-hay-tedder-fmp04","status":"publish","type":"product","link":"https:\/\/fmp-components.com\/pt\/product\/agriculture-gearbox-for-hay-tedder-fmp04\/","title":{"rendered":"Caixa de engrenagens agr\u00edcola para espalhador de feno FMP04"},"content":{"rendered":"<h2>Caixa de engrenagens agr\u00edcola para espalhador de feno FMP04 Especifica\u00e7\u00e3o <img loading=\"lazy\" decoding=\"async\" class=\"alignnone  wp-image-3321\" src=\"https:\/\/fmp-components.com\/wp-content\/uploads\/2025\/01\/agricutural-gearbox-ep04.png\" alt=\"caixa de engrenagens agr\u00edcola-fmp04\" width=\"820\" height=\"859\" title=\"\" srcset=\"https:\/\/fmp-components.com\/wp-content\/uploads\/2025\/01\/agricutural-gearbox-ep04.png 820w, https:\/\/fmp-components.com\/wp-content\/uploads\/2025\/01\/agricutural-gearbox-ep04-480x503.png 480w\" sizes=\"(min-width: 0px) and (max-width: 480px) 480px, (min-width: 481px) 820px, 100vw\" \/><\/h2>\n<table style=\"width: 86.9315%; height: 69px;\" border=\"1\" width=\"100%\" cellspacing=\"0\" cellpadding=\"0\">\n<tbody>\n<tr style=\"height: 23px;\">\n<th style=\"width: 40.3888%; height: 23px;\">Raz\u00e3o<\/th>\n<td style=\"width: 46.0249%; height: 23px;\">2:1<\/td>\n<\/tr>\n<tr style=\"height: 23px;\">\n<th style=\"width: 40.3888%; height: 23px;\">Velocidade de entrada<\/th>\n<td style=\"width: 46.0249%; height: 23px;\">305 rpm<\/td>\n<\/tr>\n<tr style=\"height: 23px;\">\n<th style=\"width: 40.3888%; height: 23px;\">Eixo de entrada<\/th>\n<td style=\"width: 46.0249%; height: 23px;\">X<\/td>\n<\/tr>\n<\/tbody>\n<\/table>\n<h2>Caracter\u00edsticas da caixa de engrenagens agr\u00edcola do espalhador de feno FMP04<\/h2>\n<p>A Caixa de Engrenagens Agr\u00edcolas para Espalhadores de Feno FMP04 foi projetada especificamente para m\u00e1quinas agr\u00edcolas, especialmente para espalhadores de feno. Esta caixa de engrenagens oferece uma combina\u00e7\u00e3o de durabilidade, precis\u00e3o e alto desempenho, garantindo uma opera\u00e7\u00e3o ideal em ambientes agr\u00edcolas exigentes. Aqui est\u00e3o algumas caracter\u00edsticas principais da Caixa de Engrenagens Agr\u00edcolas para Espalhadores de Feno FMP04:<\/p>\n<p>1. <strong>Alta durabilidade<\/strong><\/p>\n<ul>\n<li>Constru\u00edda com materiais de alta qualidade, a caixa de engrenagens FMP04 foi criada para suportar as condi\u00e7\u00f5es adversas dos campos agr\u00edcolas, garantindo desempenho e confiabilidade duradouros.<\/li>\n<\/ul>\n<p>2. <strong>Engenharia de Precis\u00e3o<\/strong><\/p>\n<ul>\n<li>Projetada com aten\u00e7\u00e3o meticulosa aos detalhes, a caixa de engrenagens garante uma transmiss\u00e3o de pot\u00eancia suave e eficiente, aumentando a efici\u00eancia operacional dos espalhadores de feno.<\/li>\n<\/ul>\n<p>3. <strong>Design compacto e robusto<\/strong><\/p>\n<ul>\n<li>O design compacto facilita a integra\u00e7\u00e3o em uma variedade de modelos de espalhadores de feno, enquanto sua constru\u00e7\u00e3o robusta garante resist\u00eancia ao desgaste, mesmo sob uso pesado.<\/li>\n<\/ul>\n<p>4. <strong>Transmiss\u00e3o de energia eficiente<\/strong><\/p>\n<ul>\n<li>Rela\u00e7\u00f5es de transmiss\u00e3o otimizadas garantem transfer\u00eancia eficiente de pot\u00eancia do eixo da tomada de for\u00e7a para os componentes do espalhador de feno, minimizando a perda de energia e maximizando a efic\u00e1cia operacional.<\/li>\n<\/ul>\n<p>5. <strong>F\u00e1cil manuten\u00e7\u00e3o<\/strong><\/p>\n<ul>\n<li>A caixa de engrenagens FMP04 foi projetada para f\u00e1cil manuten\u00e7\u00e3o, com recursos f\u00e1ceis de usar que permitem inspe\u00e7\u00f5es e manuten\u00e7\u00f5es r\u00e1pidas, minimizando o tempo de inatividade durante a movimentada temporada agr\u00edcola.<\/li>\n<\/ul>\n<p>A caixa de engrenagens agr\u00edcola FMP04 Hay Tedder \u00e9 uma excelente escolha para agricultores que buscam uma solu\u00e7\u00e3o dur\u00e1vel, eficiente e vers\u00e1til para suas opera\u00e7\u00f5es de espalhamento de feno, proporcionando transmiss\u00e3o de pot\u00eancia ideal e confiabilidade a longo prazo.<\/p>\n<h2>Sobre a FMP<\/h2>\n<p>Com sede na It\u00e1lia, a FMP se destaca como l\u00edder reconhecida em design, desenvolvimento e fabrica\u00e7\u00e3o de caixas de engrenagens de alto desempenho, com foco exclusivo no setor de m\u00e1quinas agr\u00edcolas. Reconhecida por sua engenharia de precis\u00e3o, solu\u00e7\u00f5es inovadoras e confiabilidade inabal\u00e1vel, a FMP se consolidou como uma parceira de confian\u00e7a nos mercados agr\u00edcola e industrial. Nosso amplo portf\u00f3lio inclui caixas de engrenagens projetadas sob medida para cortadores de grama, eixos de tomada de for\u00e7a e outros componentes cr\u00edticos, cada uma projetada para atender \u00e0s demandas exclusivas de diversas aplica\u00e7\u00f5es.<\/p>\n<p>Na FMP, reconhecemos que cada cliente possui desafios e necessidades \u00fanicas. Essa percep\u00e7\u00e3o impulsiona nosso compromisso em fornecer solu\u00e7\u00f5es personalizadas, seja para componentes individuais ou sistemas totalmente integrados. Trabalhando em estreita colabora\u00e7\u00e3o com nossos clientes, garantimos que cada solu\u00e7\u00e3o esteja precisamente alinhada \u00e0s suas necessidades, otimizando o desempenho e maximizando o valor. Nossa dedica\u00e7\u00e3o ao atendimento r\u00e1pido e profissional, al\u00e9m da orienta\u00e7\u00e3o especializada, garante que cada projeto seja conduzido com precis\u00e3o, alcan\u00e7ando consistentemente os melhores resultados poss\u00edveis.<\/p>\n<p>Priorizamos uma comunica\u00e7\u00e3o clara e cont\u00ednua em todas as etapas do ciclo de desenvolvimento do produto. Nossa equipe de especialistas colabora estreitamente com os clientes para compreender plenamente suas necessidades, oferecendo insights e recomenda\u00e7\u00f5es pr\u00e1ticas para garantir resultados ideais. Seja criando produtos inovadores ou atendendo pedidos de rotina, a FMP est\u00e1 comprometida em entregar solu\u00e7\u00f5es de alta qualidade e engenharia de precis\u00e3o, sempre no prazo. Nossa miss\u00e3o \u00e9 superar as expectativas dos clientes, oferecendo servi\u00e7os e resultados excepcionais em cada projeto que realizamos.<\/p>\n<p>No cerne das opera\u00e7\u00f5es da FMP est\u00e1 um firme compromisso com a qualidade. Seguimos os mais altos padr\u00f5es da ind\u00fastria e implementamos rigorosos processos de controle de qualidade para garantir que cada produto atenda e supere os padr\u00f5es do setor. Esse compromisso com a excel\u00eancia, aliado aos nossos valores fundamentais de integridade, trabalho em equipe e perseveran\u00e7a, nos permitiu construir relacionamentos de confian\u00e7a e de longo prazo com clientes em quase 30 pa\u00edses ao redor do mundo.<\/p>\n<p>A FMP \u00e9 apaixonada por promover parcerias globais, oferecendo consultoria especializada e solu\u00e7\u00f5es personalizadas que evoluem em resposta \u00e0s necessidades em constante mudan\u00e7a de nossos clientes. Nos dedicamos a estabelecer relacionamentos de longo prazo e mutuamente ben\u00e9ficos que contribuam para o sucesso de cada projeto. Seja para solu\u00e7\u00f5es inovadoras para uma nova iniciativa ou suporte cont\u00ednuo para um sistema existente, a FMP est\u00e1 aqui para ajud\u00e1-lo a superar desafios t\u00e9cnicos e garantir seu sucesso cont\u00ednuo.<\/p>\n<p><img loading=\"lazy\" decoding=\"async\" class=\"alignnone wp-image-2695\" src=\"https:\/\/fmp-components.com\/wp-content\/uploads\/2025\/01\/agricultural-gearbox3.webp\" alt=\"caixa de engrenagens agr\u00edcolas\" width=\"1140\" height=\"1138\" title=\"\" srcset=\"https:\/\/fmp-components.com\/wp-content\/uploads\/2025\/01\/agricultural-gearbox3.webp 1140w, https:\/\/fmp-components.com\/wp-content\/uploads\/2025\/01\/agricultural-gearbox3-480x479.webp 480w\" sizes=\"(min-width: 0px) and (max-width: 480px) 480px, (min-width: 481px) 1140px, 100vw\" \/><\/p>\n<p>Autor: CX<\/p>","protected":false},"excerpt":{"rendered":"<p>Agriculture Gearbox For Hay Tedder FMP04 Specification Ratio 2:1 Input Speed 305 rpm Input Shaft X Features of Hay Tedder Agriculture Gearbox FMP04 The FMP04 Hay Tedder Agricultural Gearbox is specifically designed for agricultural machinery, particularly for hay tedders. This gearbox offers a combination of durability, precision, and high performance, ensuring optimal operation in demanding [&hellip;]<\/p>","protected":false},"featured_media":3320,"comment_status":"open","ping_status":"closed","template":"","meta":{"_et_pb_use_builder":"","_et_pb_old_content":"","_et_gb_content_width":""},"product_brand":[],"product_cat":[83],"product_tag":[],"class_list":{"0":"post-3319","1":"product","2":"type-product","3":"status-publish","4":"has-post-thumbnail","6":"product_cat-gearbox-for-hay-tedders","8":"first","9":"instock","10":"shipping-taxable","11":"product-type-simple"},"_links":{"self":[{"href":"https:\/\/fmp-components.com\/pt\/wp-json\/wp\/v2\/product\/3319","targetHints":{"allow":["GET"]}}],"collection":[{"href":"https:\/\/fmp-components.com\/pt\/wp-json\/wp\/v2\/product"}],"about":[{"href":"https:\/\/fmp-components.com\/pt\/wp-json\/wp\/v2\/types\/product"}],"replies":[{"embeddable":true,"href":"https:\/\/fmp-components.com\/pt\/wp-json\/wp\/v2\/comments?post=3319"}],"wp:featuredmedia":[{"embeddable":true,"href":"https:\/\/fmp-components.com\/pt\/wp-json\/wp\/v2\/media\/3320"}],"wp:attachment":[{"href":"https:\/\/fmp-components.com\/pt\/wp-json\/wp\/v2\/media?parent=3319"}],"wp:term":[{"taxonomy":"product_brand","embeddable":true,"href":"https:\/\/fmp-components.com\/pt\/wp-json\/wp\/v2\/product_brand?post=3319"},{"taxonomy":"product_cat","embeddable":true,"href":"https:\/\/fmp-components.com\/pt\/wp-json\/wp\/v2\/product_cat?post=3319"},{"taxonomy":"product_tag","embeddable":true,"href":"https:\/\/fmp-components.com\/pt\/wp-json\/wp\/v2\/product_tag?post=3319"}],"curies":[{"name":"wp","href":"https:\/\/api.w.org\/{rel}","templated":true}]}}