{"id":3312,"date":"2025-01-06T05:35:19","date_gmt":"2025-01-06T05:35:19","guid":{"rendered":"https:\/\/fmp-components.com\/?page_id=8"},"modified":"2025-01-06T05:35:20","modified_gmt":"2025-01-06T05:35:20","slug":"agitators-gearbox-for-sewage-fmp22","status":"publish","type":"product","link":"https:\/\/fmp-components.com\/pt\/product\/agitators-gearbox-for-sewage-fmp22\/","title":{"rendered":"Agitadores Caixa de Engrenagens para Esgoto FMP22"},"content":{"rendered":"<h2>Especifica\u00e7\u00e3o da caixa de engrenagens dos agitadores<\/h2>\n<p><img loading=\"lazy\" decoding=\"async\" class=\"alignnone wp-image-3315\" src=\"https:\/\/fmp-components.com\/wp-content\/uploads\/2025\/01\/agricutural-gearbox-FMP22.png\" alt=\"caixa de engrenagens agr\u00edcola-FMP22\" width=\"817\" height=\"740\" title=\"\" srcset=\"https:\/\/fmp-components.com\/wp-content\/uploads\/2025\/01\/agricutural-gearbox-FMP22.png 817w, https:\/\/fmp-components.com\/wp-content\/uploads\/2025\/01\/agricutural-gearbox-FMP22-480x435.png 480w\" sizes=\"(min-width: 0px) and (max-width: 480px) 480px, (min-width: 481px) 817px, 100vw\" \/><\/p>\n<table style=\"width: 88.6601%;\" border=\"1\" width=\"100%\" cellspacing=\"0\" cellpadding=\"0\">\n<tbody>\n<tr>\n<th style=\"width: 41.843%;\">Raz\u00e3o<\/th>\n<td style=\"width: 46.6019%;\">1:1, 1:1.25<\/td>\n<\/tr>\n<tr>\n<th style=\"width: 41.843%;\">Velocidades de entrada (rpm)<\/th>\n<td style=\"width: 46.6019%;\">3200, 3500, 1750<\/td>\n<\/tr>\n<tr>\n<th style=\"width: 41.843%;\">Eixo de entrada<\/th>\n<td style=\"width: 46.6019%;\">Z<\/td>\n<\/tr>\n<\/tbody>\n<\/table>\n<h2 data-pm-slice=\"0 0 []\">Caracter\u00edsticas da caixa de engrenagens do misturador de esgoto<\/h2>\n<ol>\n<li><strong>Constru\u00e7\u00e3o Pesada<\/strong><br \/>\nProjetada com materiais robustos, a caixa de engrenagens do misturador de esgoto \u00e9 constru\u00edda para suportar ambientes hostis e exigentes, incluindo exposi\u00e7\u00e3o a produtos qu\u00edmicos, abrasivos e subst\u00e2ncias corrosivas comumente encontradas em processos de tratamento de esgoto e \u00e1guas residuais.<\/li>\n<li><strong>Alta capacidade de torque<\/strong><br \/>\nA caixa de engrenagens foi projetada para fornecer alto torque, garantindo uma opera\u00e7\u00e3o eficiente e confi\u00e1vel mesmo sob condi\u00e7\u00f5es de carga pesada. Isso \u00e9 essencial para acionar grandes misturadores que manipulam materiais espessos e viscosos em esta\u00e7\u00f5es de tratamento de esgoto.<\/li>\n<li><strong>Revestimentos resistentes \u00e0 corros\u00e3o<\/strong><br \/>\nA caixa de engrenagens conta com revestimentos resistentes \u00e0 corros\u00e3o ou componentes de a\u00e7o inoxid\u00e1vel para evitar danos causados \u200b\u200bpela exposi\u00e7\u00e3o \u00e0 \u00e1gua, esgoto e outros materiais corrosivos, garantindo durabilidade duradoura e reduzindo os custos de manuten\u00e7\u00e3o.<\/li>\n<li><strong>Design compacto e com economia de espa\u00e7o<\/strong><br \/>\nApesar de seu desempenho pesado, a caixa de engrenagens foi projetada para ser compacta e economizar espa\u00e7o, tornando-a ideal para instala\u00e7\u00f5es onde o espa\u00e7o \u00e9 limitado, como em esta\u00e7\u00f5es de tratamento de \u00e1guas residuais ou esta\u00e7\u00f5es de bombeamento de esgoto.<\/li>\n<li><strong>Engenharia de Precis\u00e3o<\/strong><br \/>\nFabricado com alta precis\u00e3o para garantir um funcionamento suave das engrenagens e reduzir o desgaste ao longo do tempo. Isso tamb\u00e9m resulta em um desempenho mais silencioso e eficiente, com vibra\u00e7\u00e3o e ru\u00eddo m\u00ednimos, mesmo em condi\u00e7\u00f5es de uso intenso.<\/li>\n<\/ol>\n<p>Esses recursos garantem que a caixa de engrenagens do misturador de esgoto possa lidar de forma confi\u00e1vel com as condi\u00e7\u00f5es dif\u00edceis das esta\u00e7\u00f5es de tratamento de esgoto, mantendo alta efici\u00eancia, durabilidade e manuten\u00e7\u00e3o m\u00ednima.<\/p>\n<h2>Sobre a FMP<\/h2>\n<p>Com sede na It\u00e1lia, a FMP \u00e9 uma fabricante l\u00edder especializada em projeto, desenvolvimento e produ\u00e7\u00e3o de caixas de engrenagens de alto desempenho, com foco principal no setor de m\u00e1quinas agr\u00edcolas. Reconhecida por sua engenharia de precis\u00e3o, solu\u00e7\u00f5es inovadoras e confiabilidade inabal\u00e1vel, a FMP se consolidou como uma parceira de confian\u00e7a nos mercados agr\u00edcola e industrial. Nosso amplo portf\u00f3lio inclui caixas de engrenagens projetadas sob medida para cortadores de grama, eixos de tomada de for\u00e7a e uma ampla gama de componentes essenciais, todos projetados com aten\u00e7\u00e3o meticulosa para atender \u00e0s demandas exclusivas de diversas aplica\u00e7\u00f5es.<\/p>\n<p>Na FMP, entendemos que cada cliente enfrenta desafios distintos, e \u00e9 por isso que nos dedicamos a fornecer solu\u00e7\u00f5es personalizadas. Seja para um \u00fanico componente ou um sistema totalmente integrado, trabalhamos em estreita colabora\u00e7\u00e3o com nossos clientes para garantir que cada solu\u00e7\u00e3o n\u00e3o apenas atenda \u00e0s suas necessidades espec\u00edficas, mas tamb\u00e9m aprimore o desempenho e maximize o valor geral. Nosso compromisso em fornecer respostas profissionais e pontuais, al\u00e9m de orienta\u00e7\u00e3o especializada, garante que cada consulta seja tratada com precis\u00e3o, alcan\u00e7ando consistentemente os melhores resultados.<\/p>\n<p>Damos grande import\u00e2ncia \u00e0 comunica\u00e7\u00e3o transparente e \u00e0 colabora\u00e7\u00e3o durante todo o processo de desenvolvimento do produto. Nossa equipe experiente trabalha em estreita colabora\u00e7\u00e3o com os clientes para compreender plenamente suas necessidades, oferecendo insights valiosos e recomenda\u00e7\u00f5es pr\u00e1ticas para alcan\u00e7ar os melhores resultados poss\u00edveis. Seja projetando produtos de ponta ou atendendo pedidos de rotina, a FMP est\u00e1 comprometida em entregar solu\u00e7\u00f5es de alta qualidade e engenharia de precis\u00e3o, sempre no prazo. Nosso objetivo \u00e9 superar consistentemente as expectativas dos clientes, oferecendo um servi\u00e7o excepcional e resultados extraordin\u00e1rios em cada projeto.<\/p>\n<p>No cerne das opera\u00e7\u00f5es da FMP est\u00e1 um firme compromisso com a qualidade. Seguimos os mais altos padr\u00f5es de fabrica\u00e7\u00e3o e implementamos rigorosos processos de controle de qualidade para garantir que cada produto n\u00e3o apenas atenda, mas tamb\u00e9m supere os padr\u00f5es do setor. Esse foco na excel\u00eancia, aliado aos nossos valores fundamentais de integridade, trabalho em equipe e perseveran\u00e7a, nos permitiu construir relacionamentos duradouros e baseados na confian\u00e7a com clientes em quase 30 pa\u00edses ao redor do mundo.<\/p>\n<p>A FMP est\u00e1 comprometida em promover parcerias globais, oferecendo consultoria especializada e solu\u00e7\u00f5es personalizadas que se adaptam \u00e0s necessidades em constante evolu\u00e7\u00e3o de nossos clientes. Buscamos construir relacionamentos duradouros e mutuamente ben\u00e9ficos que contribuam para o sucesso de cada projeto. Seja buscando solu\u00e7\u00f5es inovadoras para uma nova iniciativa ou suporte cont\u00ednuo para um sistema existente, a FMP est\u00e1 aqui para ajud\u00e1-lo a superar desafios t\u00e9cnicos e garantir seu sucesso cont\u00ednuo.<\/p>\n<p><img loading=\"lazy\" decoding=\"async\" class=\"alignnone wp-image-2695\" src=\"https:\/\/fmp-components.com\/wp-content\/uploads\/2025\/01\/agricultural-gearbox3.webp\" alt=\"caixa de engrenagens agr\u00edcolas\" width=\"1140\" height=\"1138\" title=\"\" srcset=\"https:\/\/fmp-components.com\/wp-content\/uploads\/2025\/01\/agricultural-gearbox3.webp 1140w, https:\/\/fmp-components.com\/wp-content\/uploads\/2025\/01\/agricultural-gearbox3-480x479.webp 480w\" sizes=\"(min-width: 0px) and (max-width: 480px) 480px, (min-width: 481px) 1140px, 100vw\" \/><\/p>\n<p>Autor: CX<\/p>","protected":false},"excerpt":{"rendered":"<p>Specification of Agitators Gearbox Ratio 1:1, 1:1.25 Input Speeds (rpm) 3200, 3500, 1750 Input Shaft Z Features of Sewage Mixer Gearbox Heavy-Duty Construction Designed with robust materials, the sewage mixer gearbox is built to withstand harsh and demanding environments, including exposure to chemicals, abrasives, and corrosive substances commonly found in sewage and wastewater treatment processes. [&hellip;]<\/p>","protected":false},"featured_media":3314,"comment_status":"open","ping_status":"closed","template":"","meta":{"_et_pb_use_builder":"","_et_pb_old_content":"","_et_gb_content_width":""},"product_brand":[],"product_cat":[82],"product_tag":[],"class_list":{"0":"post-3312","1":"product","2":"type-product","3":"status-publish","4":"has-post-thumbnail","6":"product_cat-agitators-gearbox-for-sewage","8":"first","9":"instock","10":"shipping-taxable","11":"product-type-simple"},"_links":{"self":[{"href":"https:\/\/fmp-components.com\/pt\/wp-json\/wp\/v2\/product\/3312","targetHints":{"allow":["GET"]}}],"collection":[{"href":"https:\/\/fmp-components.com\/pt\/wp-json\/wp\/v2\/product"}],"about":[{"href":"https:\/\/fmp-components.com\/pt\/wp-json\/wp\/v2\/types\/product"}],"replies":[{"embeddable":true,"href":"https:\/\/fmp-components.com\/pt\/wp-json\/wp\/v2\/comments?post=3312"}],"wp:featuredmedia":[{"embeddable":true,"href":"https:\/\/fmp-components.com\/pt\/wp-json\/wp\/v2\/media\/3314"}],"wp:attachment":[{"href":"https:\/\/fmp-components.com\/pt\/wp-json\/wp\/v2\/media?parent=3312"}],"wp:term":[{"taxonomy":"product_brand","embeddable":true,"href":"https:\/\/fmp-components.com\/pt\/wp-json\/wp\/v2\/product_brand?post=3312"},{"taxonomy":"product_cat","embeddable":true,"href":"https:\/\/fmp-components.com\/pt\/wp-json\/wp\/v2\/product_cat?post=3312"},{"taxonomy":"product_tag","embeddable":true,"href":"https:\/\/fmp-components.com\/pt\/wp-json\/wp\/v2\/product_tag?post=3312"}],"curies":[{"name":"wp","href":"https:\/\/api.w.org\/{rel}","templated":true}]}}