{"id":3308,"date":"2025-01-06T05:16:18","date_gmt":"2025-01-06T05:16:18","guid":{"rendered":"https:\/\/fmp-components.com\/?page_id=8"},"modified":"2025-01-06T05:16:18","modified_gmt":"2025-01-06T05:16:18","slug":"fmp11-series-agricultural-micro-tiller-gearbox","status":"publish","type":"product","link":"https:\/\/fmp-components.com\/pt\/product\/fmp11-series-agricultural-micro-tiller-gearbox\/","title":{"rendered":"Caixa de engrenagens para microcultivador agr\u00edcola s\u00e9rie FMP11"},"content":{"rendered":"<h2>Especifica\u00e7\u00e3o da caixa de engrenagens do microcultivador<\/h2>\n<p><img loading=\"lazy\" decoding=\"async\" class=\"alignnone  wp-image-3310\" src=\"https:\/\/fmp-components.com\/wp-content\/uploads\/2025\/01\/agricutural-gearbox-FMP11.png\" alt=\"caixa de engrenagens agr\u00edcola-FMP11\" width=\"892\" height=\"936\" title=\"\" srcset=\"https:\/\/fmp-components.com\/wp-content\/uploads\/2025\/01\/agricutural-gearbox-FMP11.png 892w, https:\/\/fmp-components.com\/wp-content\/uploads\/2025\/01\/agricutural-gearbox-FMP11-480x504.png 480w\" sizes=\"(min-width: 0px) and (max-width: 480px) 480px, (min-width: 481px) 892px, 100vw\" \/><\/p>\n<table style=\"width: 100%;\" border=\"1\" width=\"100%\" cellspacing=\"0\" cellpadding=\"0\">\n<tbody>\n<tr>\n<th>Raz\u00e3o<\/th>\n<td>3.38:1<\/td>\n<\/tr>\n<tr>\n<th>Velocidade de entrada<\/th>\n<td>540 rpm<\/td>\n<\/tr>\n<tr>\n<th>Eixo de entrada<\/th>\n<td>X\/Y<\/td>\n<\/tr>\n<tr>\n<th>Pot\u00eancia de entrada<\/th>\n<td>16,9 kW, 23 cv<\/td>\n<\/tr>\n<tr>\n<th>Torque de sa\u00edda<\/th>\n<td>985 Nm<\/td>\n<\/tr>\n<\/tbody>\n<\/table>\n<h2>Benef\u00edcios da caixa de engrenagens Micro Tiller<\/h2>\n<p>A caixa de engrenagens Micro Tiller oferece diversos benef\u00edcios, tornando-a um componente essencial em m\u00e1quinas agr\u00edcolas e de jardinagem de pequena escala. Essas vantagens garantem uma opera\u00e7\u00e3o mais suave, maior efici\u00eancia e maior durabilidade, tornando-a ideal para tarefas como ara\u00e7\u00e3o, preparo do solo e outras atividades agr\u00edcolas semelhantes. Aqui est\u00e3o os principais benef\u00edcios:<\/p>\n<p>1. <strong>Design compacto e leve<\/strong><\/p>\n<ul>\n<li>A caixa de engrenagens do microcultivador foi projetada para ser compacta e leve, o que aumenta a manobrabilidade e a portabilidade do equipamento. \u00c9 perfeita para uso em espa\u00e7os menores e confinados, como jardins, pomares ou pequenos terrenos, onde m\u00e1quinas grandes seriam inc\u00f4modas.<\/li>\n<\/ul>\n<p>2. <strong>Torque e transmiss\u00e3o de pot\u00eancia aprimorados<\/strong><\/p>\n<ul>\n<li>As caixas de engrenagens dos microcultivadores s\u00e3o projetadas para transferir com efici\u00eancia a pot\u00eancia do motor para as ferramentas de cultivo, fornecendo o torque necess\u00e1rio para a escava\u00e7\u00e3o do solo. Isso garante maior profundidade de cultivo e aera\u00e7\u00e3o do solo, permitindo um preparo mais eficaz do solo para o plantio.<\/li>\n<\/ul>\n<p>3. <strong>Durabilidade e Longevidade<\/strong><\/p>\n<ul>\n<li>Feitas de materiais de alta qualidade, como a\u00e7o temperado, as caixas de engrenagens para microcultivadores s\u00e3o projetadas para suportar os rigores do uso cont\u00ednuo. Sua constru\u00e7\u00e3o robusta ajuda a prevenir o desgaste prematuro, reduzindo a frequ\u00eancia de manuten\u00e7\u00e3o e prolongando a vida \u00fatil geral da caixa de engrenagens e do cultivador.<\/li>\n<\/ul>\n<p>4. <strong>Efici\u00eancia Energ\u00e9tica<\/strong><\/p>\n<ul>\n<li>Essas caixas de engrenagens s\u00e3o projetadas para otimizar o uso de energia, garantindo que o motor opere com efici\u00eancia e consuma menos combust\u00edvel. Isso reduz os custos operacionais, tornando-se uma op\u00e7\u00e3o mais ecol\u00f3gica para pequenas opera\u00e7\u00f5es agr\u00edcolas ou de jardinagem.<\/li>\n<\/ul>\n<p>5. <strong>Facilidade de uso<\/strong><\/p>\n<ul>\n<li>A caixa de engrenagens foi projetada para integra\u00e7\u00e3o simples com pequenos cultivadores, permitindo que os usu\u00e1rios operem a m\u00e1quina com o m\u00ednimo de esfor\u00e7o. O design compacto tamb\u00e9m reduz o peso total da m\u00e1quina, facilitando o manuseio e reduzindo a fadiga do operador.<\/li>\n<\/ul>\n<p>A caixa de engrenagens do Micro Tiller \u00e9 um componente inestim\u00e1vel para equipamentos de cultivo em pequena escala, oferecendo uma combina\u00e7\u00e3o de durabilidade, efici\u00eancia e custo-benef\u00edcio que atende \u00e0s necessidades de jardineiros amadores e profissionais.<\/p>\n<p><img loading=\"lazy\" decoding=\"async\" class=\"alignnone size-full wp-image-3311\" src=\"https:\/\/fmp-components.com\/wp-content\/uploads\/2025\/01\/tractor-pto-shaft-1.jpg\" alt=\"eixo de tomada de for\u00e7a do trator\" width=\"960\" height=\"360\" title=\"\" srcset=\"https:\/\/fmp-components.com\/wp-content\/uploads\/2025\/01\/tractor-pto-shaft-1.jpg 960w, https:\/\/fmp-components.com\/wp-content\/uploads\/2025\/01\/tractor-pto-shaft-1-480x180.jpg 480w\" sizes=\"(min-width: 0px) and (max-width: 480px) 480px, (min-width: 481px) 960px, 100vw\" \/><\/p>\n<h2>Sobre a FMP<\/h2>\n<p>Com sede na It\u00e1lia, a FMP \u00e9 uma fabricante l\u00edder reconhecida por sua expertise em projeto, desenvolvimento e produ\u00e7\u00e3o de caixas de engrenagens de alto desempenho, com foco especial no setor de m\u00e1quinas agr\u00edcolas. Reconhecida por sua engenharia de precis\u00e3o, solu\u00e7\u00f5es inovadoras e confiabilidade inabal\u00e1vel, a FMP construiu uma s\u00f3lida reputa\u00e7\u00e3o como parceira de confian\u00e7a nos mercados agr\u00edcola e industrial. Nosso amplo portf\u00f3lio inclui caixas de engrenagens personalizadas para cortadores de grama, eixos de tomada de for\u00e7a e uma ampla gama de outros componentes essenciais, todos meticulosamente projetados para atender \u00e0s demandas espec\u00edficas de diversas aplica\u00e7\u00f5es.<\/p>\n<p>Na FMP, entendemos que cada cliente enfrenta desafios \u00fanicos. Essa percep\u00e7\u00e3o impulsiona nosso compromisso em fornecer solu\u00e7\u00f5es personalizadas, seja para componentes individuais ou sistemas totalmente integrados. Trabalhando em estreita colabora\u00e7\u00e3o com nossos clientes, garantimos que cada solu\u00e7\u00e3o n\u00e3o apenas atenda \u00e0s suas necessidades espec\u00edficas, mas tamb\u00e9m otimize o desempenho e maximize o valor. Nossa dedica\u00e7\u00e3o em fornecer respostas profissionais e pontuais, al\u00e9m de orienta\u00e7\u00e3o especializada, garante que cada consulta seja tratada com precis\u00e3o, produzindo resultados ideais de forma consistente.<\/p>\n<p>Priorizamos a comunica\u00e7\u00e3o transparente e cont\u00ednua durante todo o processo de desenvolvimento do produto. Nossa equipe dedicada colabora estreitamente com os clientes para compreender plenamente suas necessidades, oferecendo insights valiosos e recomenda\u00e7\u00f5es especializadas para garantir os melhores resultados. Seja desenvolvendo produtos de ponta ou atendendo pedidos de rotina, a FMP est\u00e1 comprometida em entregar solu\u00e7\u00f5es de alta qualidade e engenharia de precis\u00e3o, sempre no prazo. Nosso objetivo \u00e9 superar consistentemente as expectativas dos clientes, oferecendo um servi\u00e7o excepcional e resultados extraordin\u00e1rios em cada projeto.<\/p>\n<p>No cerne das opera\u00e7\u00f5es da FMP est\u00e1 um compromisso inabal\u00e1vel com a qualidade. Seguimos os mais altos padr\u00f5es de fabrica\u00e7\u00e3o e implementamos rigorosas medidas de controle de qualidade para garantir que cada produto n\u00e3o apenas atenda, mas tamb\u00e9m supere os padr\u00f5es do setor. Esse compromisso com a excel\u00eancia, aliado aos nossos valores fundamentais de integridade, trabalho em equipe e perseveran\u00e7a, nos permitiu construir relacionamentos duradouros e baseados na confian\u00e7a com clientes em quase 30 pa\u00edses ao redor do mundo.<\/p>\n<p>A FMP se dedica a promover parcerias globais, oferecendo consultoria especializada e solu\u00e7\u00f5es personalizadas que atendam \u00e0s necessidades em constante evolu\u00e7\u00e3o de nossos clientes. Nosso objetivo \u00e9 construir relacionamentos duradouros e mutuamente ben\u00e9ficos que contribuam para o sucesso de cada projeto. Seja buscando solu\u00e7\u00f5es inovadoras para uma nova iniciativa ou precisando de suporte cont\u00ednuo para um sistema existente, a FMP est\u00e1 pronta para ajud\u00e1-lo a superar desafios t\u00e9cnicos e garantir seu sucesso cont\u00ednuo.<\/p>\n<p><img loading=\"lazy\" decoding=\"async\" class=\"alignnone wp-image-2695\" src=\"https:\/\/fmp-components.com\/wp-content\/uploads\/2025\/01\/agricultural-gearbox3.webp\" alt=\"caixa de engrenagens agr\u00edcolas\" width=\"1140\" height=\"1138\" title=\"\" srcset=\"https:\/\/fmp-components.com\/wp-content\/uploads\/2025\/01\/agricultural-gearbox3.webp 1140w, https:\/\/fmp-components.com\/wp-content\/uploads\/2025\/01\/agricultural-gearbox3-480x479.webp 480w\" sizes=\"(min-width: 0px) and (max-width: 480px) 480px, (min-width: 481px) 1140px, 100vw\" \/><\/p>\n<p>Autor: CX<\/p>","protected":false},"excerpt":{"rendered":"<p>Micro Tiller Gearbox Specification Ratio 3.38:1 Input Speed 540 rpm Input Shaft X\/Y Input Power 16.9 kW, 23 hp Output Torque 985 Nm Benefits of Micro Tiller Gearbox The Micro Tiller Gearbox offers several benefits, making it an essential component in small-scale farming and gardening machinery. These advantages ensure smoother operation, increased efficiency, and enhanced [&hellip;]<\/p>","protected":false},"featured_media":3309,"comment_status":"open","ping_status":"closed","template":"","meta":{"_et_pb_use_builder":"","_et_pb_old_content":"","_et_gb_content_width":""},"product_brand":[],"product_cat":[81],"product_tag":[],"class_list":{"0":"post-3308","1":"product","2":"type-product","3":"status-publish","4":"has-post-thumbnail","6":"product_cat-micro-tiller-gearbox","8":"first","9":"instock","10":"shipping-taxable","11":"product-type-simple"},"_links":{"self":[{"href":"https:\/\/fmp-components.com\/pt\/wp-json\/wp\/v2\/product\/3308","targetHints":{"allow":["GET"]}}],"collection":[{"href":"https:\/\/fmp-components.com\/pt\/wp-json\/wp\/v2\/product"}],"about":[{"href":"https:\/\/fmp-components.com\/pt\/wp-json\/wp\/v2\/types\/product"}],"replies":[{"embeddable":true,"href":"https:\/\/fmp-components.com\/pt\/wp-json\/wp\/v2\/comments?post=3308"}],"wp:featuredmedia":[{"embeddable":true,"href":"https:\/\/fmp-components.com\/pt\/wp-json\/wp\/v2\/media\/3309"}],"wp:attachment":[{"href":"https:\/\/fmp-components.com\/pt\/wp-json\/wp\/v2\/media?parent=3308"}],"wp:term":[{"taxonomy":"product_brand","embeddable":true,"href":"https:\/\/fmp-components.com\/pt\/wp-json\/wp\/v2\/product_brand?post=3308"},{"taxonomy":"product_cat","embeddable":true,"href":"https:\/\/fmp-components.com\/pt\/wp-json\/wp\/v2\/product_cat?post=3308"},{"taxonomy":"product_tag","embeddable":true,"href":"https:\/\/fmp-components.com\/pt\/wp-json\/wp\/v2\/product_tag?post=3308"}],"curies":[{"name":"wp","href":"https:\/\/api.w.org\/{rel}","templated":true}]}}