{"id":3291,"date":"2025-01-06T03:05:06","date_gmt":"2025-01-06T03:05:06","guid":{"rendered":"https:\/\/fmp-components.com\/?page_id=8"},"modified":"2025-01-06T03:15:19","modified_gmt":"2025-01-06T03:15:19","slug":"fmp-01-229-snow-plow-gearbox-for-spreader","status":"publish","type":"product","link":"https:\/\/fmp-components.com\/pt\/product\/fmp-01-229-snow-plow-gearbox-for-spreader\/","title":{"rendered":"FMP-01-229 Caixa de engrenagens para limpa-neve para espalhador"},"content":{"rendered":"<h2>Especifica\u00e7\u00f5es da caixa de engrenagens do limpa-neve<\/h2>\n<p><img loading=\"lazy\" decoding=\"async\" class=\"alignnone  wp-image-3297\" src=\"https:\/\/fmp-components.com\/wp-content\/uploads\/2025\/01\/fmp_Snow-plow-gearbox-draw1.webp\" alt=\"fmp_Snow-plow-gearbox-draw(1)\" width=\"877\" height=\"748\" title=\"\" srcset=\"https:\/\/fmp-components.com\/wp-content\/uploads\/2025\/01\/fmp_Snow-plow-gearbox-draw1.webp 877w, https:\/\/fmp-components.com\/wp-content\/uploads\/2025\/01\/fmp_Snow-plow-gearbox-draw1-480x410.webp 480w\" sizes=\"(min-width: 0px) and (max-width: 480px) 480px, (min-width: 481px) 877px, 100vw\" \/><\/p>\n<table style=\"width: 100.071%; height: 460px;\" border=\"1\">\n<tbody>\n<tr style=\"height: 23px;\">\n<td style=\"width: 28.7257%; text-align: center; height: 23px;\"><strong>ITEM<\/strong><\/td>\n<td style=\"width: 70.6263%; height: 23px;\">FMP-01-229<\/td>\n<\/tr>\n<tr style=\"height: 23px;\">\n<td style=\"width: 28.7257%; text-align: center; height: 23px;\"><strong>Raz\u00e3o<\/strong><\/td>\n<td style=\"width: 70.6263%; height: 23px;\">1:1.35<\/td>\n<\/tr>\n<tr style=\"height: 23px;\">\n<td style=\"width: 28.7257%; text-align: center; height: 23px;\"><strong>Dentes<\/strong><\/td>\n<td style=\"width: 70.6263%; height: 23px;\">16\/16<\/td>\n<\/tr>\n<tr style=\"height: 23px;\">\n<td style=\"width: 28.7257%; text-align: center; height: 23px;\"><strong>M\u00f3dulo<\/strong><\/td>\n<td style=\"width: 70.6263%; height: 23px;\">4.5<\/td>\n<\/tr>\n<tr style=\"height: 23px;\">\n<td style=\"width: 28.7257%; text-align: center; height: 23px;\"><strong>Pot\u00eancia (HP)<\/strong><\/td>\n<td style=\"width: 70.6263%; height: 23px;\">&#8211;<\/td>\n<\/tr>\n<tr style=\"height: 23px;\">\n<td style=\"width: 28.7257%; text-align: center; height: 23px;\"><strong>Entrada nominal<\/strong><\/td>\n<td style=\"width: 70.6263%; height: 23px;\">540 rpm<\/td>\n<\/tr>\n<tr style=\"height: 23px;\">\n<td style=\"width: 28.7257%; height: 23px; text-align: center;\"><strong>Descri\u00e7\u00e3o de entrada\/sa\u00edda<\/strong><\/td>\n<td style=\"width: 70.6263%; height: 23px;\">Eixo \u00f3ptico de 1 3\/8 Z6 \u03c625<\/td>\n<\/tr>\n<tr style=\"height: 23px;\">\n<td style=\"width: 28.7257%; height: 23px; text-align: center;\"><strong>Peso (NW)<\/strong><\/td>\n<td style=\"width: 70.6263%; height: 23px;\">13 kg<\/td>\n<\/tr>\n<tr style=\"height: 23px;\">\n<th style=\"height: 23px;\">Eixo de entrada<\/th>\n<td style=\"height: 23px;\">1-3\/8\u2033 (6 estrias)<\/td>\n<\/tr>\n<tr style=\"height: 23px;\">\n<th style=\"height: 23px;\">Comprimento do eixo (entrada)<\/th>\n<td style=\"height: 23px;\">3-1\/2&#8243;<\/td>\n<\/tr>\n<tr style=\"height: 23px;\">\n<th style=\"height: 23px;\">Eixo de sa\u00edda<\/th>\n<td style=\"height: 23px;\">1&#8243;<\/td>\n<\/tr>\n<tr style=\"height: 23px;\">\n<th style=\"height: 23px;\">Comprimento do eixo (sa\u00edda)<\/th>\n<td style=\"height: 23px;\">3&#8243;<\/td>\n<\/tr>\n<tr style=\"height: 23px;\">\n<th style=\"height: 23px;\">Furos no eixo de sa\u00edda<\/th>\n<td style=\"height: 23px;\">1-1\/2\u2033 de centro a centro<\/td>\n<\/tr>\n<tr style=\"height: 23px;\">\n<th style=\"height: 23px;\">N\u00famero de furos de montagem<\/th>\n<td style=\"height: 23px;\">6<\/td>\n<\/tr>\n<tr style=\"height: 23px;\">\n<th style=\"height: 23px;\">Comprimento total (OL)<\/th>\n<td style=\"height: 23px;\">11&#8243;<\/td>\n<\/tr>\n<tr style=\"height: 23px;\">\n<th style=\"height: 23px;\">Altura total (OH)<\/th>\n<td style=\"height: 23px;\">9&#8243;<\/td>\n<\/tr>\n<tr style=\"height: 23px;\">\n<th style=\"height: 23px;\">Rela\u00e7\u00e3o de transmiss\u00e3o<\/th>\n<td style=\"height: 23px;\">1:1<\/td>\n<\/tr>\n<tr style=\"height: 23px;\">\n<th style=\"height: 23px;\">Espa\u00e7amento dos furos dos parafusos (lado longo)<\/th>\n<td style=\"height: 23px;\">2-3\/8\u2033 centro a centro<\/td>\n<\/tr>\n<tr style=\"height: 23px;\">\n<th style=\"height: 23px;\">Espa\u00e7amento dos furos dos parafusos (largura)<\/th>\n<td style=\"height: 23px;\">3-3\/4\u2033 centro a centro<\/td>\n<\/tr>\n<tr style=\"height: 23px;\">\n<th style=\"height: 23px;\">Recurso de caixa de engrenagens<\/th>\n<td style=\"height: 23px;\">Tem um zirk<\/td>\n<\/tr>\n<\/tbody>\n<\/table>\n<h2>Caracter\u00edsticas da caixa de engrenagens do limpa-neve<\/h2>\n<ol>\n<li><strong>Constru\u00e7\u00e3o de Habita\u00e7\u00e3o Dur\u00e1vel<\/strong>\n<ul>\n<li>Normalmente feito de ferro fundido de alta resist\u00eancia ou ligas de alum\u00ednio para garantir durabilidade e resist\u00eancia a condi\u00e7\u00f5es operacionais adversas, como baixas temperaturas e ambientes de alto impacto.<\/li>\n<\/ul>\n<\/li>\n<li><strong>Alta capacidade de torque<\/strong>\n<ul>\n<li>Projetada para lidar com opera\u00e7\u00f5es pesadas de remo\u00e7\u00e3o de neve, a caixa de engrenagens foi criada para transmitir alto torque de forma eficaz, permitindo que o limpa-neve se mova pela neve densa e gelo com efici\u00eancia.<\/li>\n<\/ul>\n<\/li>\n<li><strong>Engrenagens de engenharia de precis\u00e3o<\/strong>\n<ul>\n<li>Com engrenagens de corte preciso que proporcionam transmiss\u00e3o de pot\u00eancia suave, minimizam o atrito e garantem desempenho consistente mesmo sob cargas pesadas.<\/li>\n<\/ul>\n<\/li>\n<li><strong>Selos resistentes \u00e0s intemp\u00e9ries<\/strong>\n<ul>\n<li>Equipado com veda\u00e7\u00f5es avan\u00e7adas para evitar que umidade, neve e gelo se infiltrem na caixa de engrenagens, garantindo funcionalidade ideal e protegendo contra corros\u00e3o e desgaste.<\/li>\n<\/ul>\n<\/li>\n<li><strong>Rela\u00e7\u00f5es de Engrenagem Personaliz\u00e1veis<\/strong>\n<ul>\n<li>As caixas de engrenagens est\u00e3o dispon\u00edveis em v\u00e1rias propor\u00e7\u00f5es para fornecer a velocidade e a pot\u00eancia necess\u00e1rias para diferentes aplica\u00e7\u00f5es de remo\u00e7\u00e3o de neve, permitindo adaptabilidade a v\u00e1rios modelos de m\u00e1quinas e terrenos.<\/li>\n<\/ul>\n<\/li>\n<\/ol>\n<p>Esses recursos garantem que a caixa de engrenagens do limpa-neve ofere\u00e7a m\u00e1xima durabilidade, efici\u00eancia e confiabilidade para enfrentar as dif\u00edceis condi\u00e7\u00f5es clim\u00e1ticas do inverno e garantir uma opera\u00e7\u00e3o suave e ininterrupta durante toda a temporada de remo\u00e7\u00e3o de neve.<\/p>\n<p><img loading=\"lazy\" decoding=\"async\" class=\"alignnone  wp-image-3299\" src=\"https:\/\/fmp-components.com\/wp-content\/uploads\/2025\/01\/FMP-gearbox1.jpg\" alt=\"Caixa de engrenagens FMP\" width=\"931\" height=\"623\" title=\"\" srcset=\"https:\/\/fmp-components.com\/wp-content\/uploads\/2025\/01\/FMP-gearbox1.jpg 931w, https:\/\/fmp-components.com\/wp-content\/uploads\/2025\/01\/FMP-gearbox1-480x321.jpg 480w\" sizes=\"(min-width: 0px) and (max-width: 480px) 480px, (min-width: 481px) 931px, 100vw\" \/><\/p>\n<h2>Sobre a FMP<\/h2>\n<p>Com sede na It\u00e1lia, a FMP \u00e9 uma fabricante l\u00edder, reconhecida por sua expertise em projeto, desenvolvimento e produ\u00e7\u00e3o de caixas de engrenagens de alto desempenho, com especializa\u00e7\u00e3o no setor de m\u00e1quinas agr\u00edcolas. Reconhecida por sua engenharia de precis\u00e3o, solu\u00e7\u00f5es inovadoras e confiabilidade inabal\u00e1vel, a FMP conquistou s\u00f3lida reputa\u00e7\u00e3o como parceira de confian\u00e7a nos mercados agr\u00edcola e industrial. Nosso amplo portf\u00f3lio inclui caixas de engrenagens projetadas sob medida para cortadores de grama, eixos de tomada de for\u00e7a e uma ampla gama de componentes cr\u00edticos, todos projetados com meticulosa aten\u00e7\u00e3o aos detalhes para atender \u00e0s demandas exclusivas de diversas aplica\u00e7\u00f5es.<\/p>\n<p>Na FMP, entendemos que cada cliente enfrenta desafios distintos. Essa percep\u00e7\u00e3o impulsiona nosso compromisso em fornecer solu\u00e7\u00f5es personalizadas, seja para componentes individuais ou sistemas totalmente integrados. Ao colaborarmos estreitamente com nossos clientes, garantimos que cada solu\u00e7\u00e3o n\u00e3o apenas atenda \u00e0s suas necessidades exatas, mas tamb\u00e9m otimize o desempenho e ofere\u00e7a valor excepcional. Nossa dedica\u00e7\u00e3o em fornecer um servi\u00e7o \u00e1gil e profissional, al\u00e9m de orienta\u00e7\u00e3o especializada, garante que cada consulta seja tratada com precis\u00e3o, alcan\u00e7ando os melhores resultados poss\u00edveis.<\/p>\n<p>Damos grande import\u00e2ncia \u00e0 comunica\u00e7\u00e3o transparente e cont\u00ednua durante todo o processo de desenvolvimento do produto. Nossa equipe trabalha em estreita colabora\u00e7\u00e3o com os clientes para compreender plenamente suas necessidades, oferecendo insights valiosos e recomenda\u00e7\u00f5es pr\u00e1ticas para alcan\u00e7ar os melhores resultados. Seja desenvolvendo solu\u00e7\u00f5es de ponta ou atendendo a pedidos de rotina, a FMP se dedica a entregar produtos de alta qualidade e engenharia de precis\u00e3o, sempre no prazo. Nossa miss\u00e3o \u00e9 superar consistentemente as expectativas dos clientes, oferecendo um servi\u00e7o excepcional e resultados excepcionais em cada projeto.<\/p>\n<p>No centro das opera\u00e7\u00f5es da FMP est\u00e1 um compromisso inabal\u00e1vel com a qualidade. Seguimos os mais altos padr\u00f5es de fabrica\u00e7\u00e3o e implementamos rigorosas medidas de controle de qualidade para garantir que cada produto n\u00e3o apenas atenda, mas tamb\u00e9m supere os padr\u00f5es do setor. Esse compromisso com a excel\u00eancia, aliado aos nossos valores fundamentais de integridade, trabalho em equipe e perseveran\u00e7a, nos permitiu construir relacionamentos duradouros e baseados na confian\u00e7a com clientes em quase 30 pa\u00edses ao redor do mundo.<\/p>\n<p>A FMP est\u00e1 comprometida em promover parcerias globais, oferecendo consultoria especializada e solu\u00e7\u00f5es personalizadas que atendam \u00e0s necessidades em constante evolu\u00e7\u00e3o de nossos clientes. Nosso objetivo \u00e9 construir relacionamentos de longo prazo e mutuamente ben\u00e9ficos que impulsionem o sucesso de cada projeto. Seja buscando solu\u00e7\u00f5es inovadoras para uma nova iniciativa ou suporte cont\u00ednuo para um sistema existente, a FMP est\u00e1 aqui para ajud\u00e1-lo a superar desafios t\u00e9cnicos e garantir seu sucesso cont\u00ednuo.<\/p>\n<p><img loading=\"lazy\" decoding=\"async\" class=\"alignnone wp-image-2695\" src=\"https:\/\/fmp-components.com\/wp-content\/uploads\/2025\/01\/agricultural-gearbox3.webp\" alt=\"caixa de engrenagens agr\u00edcolas\" width=\"1140\" height=\"1138\" title=\"\" srcset=\"https:\/\/fmp-components.com\/wp-content\/uploads\/2025\/01\/agricultural-gearbox3.webp 1140w, https:\/\/fmp-components.com\/wp-content\/uploads\/2025\/01\/agricultural-gearbox3-480x479.webp 480w\" sizes=\"(min-width: 0px) and (max-width: 480px) 480px, (min-width: 481px) 1140px, 100vw\" \/><\/p>\n<p>Autor: CX<\/p>","protected":false},"excerpt":{"rendered":"<p>Specifications of snow plow gearbox ITEM FMP-01-229 Ratio 1:1.35 Teeth 16\/16 Module 4.5 Power\uff08HP\uff09 &#8211; Rated Input 540rpm Input\/Output description 1 3\/8 Z6 \u03c625 Optic axis Weight\uff08N.W\uff09 13Kg Input Shaft 1-3\/8&#8243; (6 spline) Shaft Length (Input) 3-1\/2&#8243; Output Shaft 1&#8243; Shaft Length (Output) 3&#8243; Holes in Output Shaft 1-1\/2&#8243; center to center Number of Mounting [&hellip;]<\/p>","protected":false},"featured_media":3298,"comment_status":"open","ping_status":"closed","template":"","meta":{"_et_pb_use_builder":"","_et_pb_old_content":"","_et_gb_content_width":""},"product_brand":[],"product_cat":[80],"product_tag":[],"class_list":{"0":"post-3291","1":"product","2":"type-product","3":"status-publish","4":"has-post-thumbnail","6":"product_cat-snowblower-gearbox","8":"first","9":"instock","10":"shipping-taxable","11":"product-type-simple"},"_links":{"self":[{"href":"https:\/\/fmp-components.com\/pt\/wp-json\/wp\/v2\/product\/3291","targetHints":{"allow":["GET"]}}],"collection":[{"href":"https:\/\/fmp-components.com\/pt\/wp-json\/wp\/v2\/product"}],"about":[{"href":"https:\/\/fmp-components.com\/pt\/wp-json\/wp\/v2\/types\/product"}],"replies":[{"embeddable":true,"href":"https:\/\/fmp-components.com\/pt\/wp-json\/wp\/v2\/comments?post=3291"}],"wp:featuredmedia":[{"embeddable":true,"href":"https:\/\/fmp-components.com\/pt\/wp-json\/wp\/v2\/media\/3298"}],"wp:attachment":[{"href":"https:\/\/fmp-components.com\/pt\/wp-json\/wp\/v2\/media?parent=3291"}],"wp:term":[{"taxonomy":"product_brand","embeddable":true,"href":"https:\/\/fmp-components.com\/pt\/wp-json\/wp\/v2\/product_brand?post=3291"},{"taxonomy":"product_cat","embeddable":true,"href":"https:\/\/fmp-components.com\/pt\/wp-json\/wp\/v2\/product_cat?post=3291"},{"taxonomy":"product_tag","embeddable":true,"href":"https:\/\/fmp-components.com\/pt\/wp-json\/wp\/v2\/product_tag?post=3291"}],"curies":[{"name":"wp","href":"https:\/\/api.w.org\/{rel}","templated":true}]}}