{"id":3259,"date":"2025-01-06T01:36:46","date_gmt":"2025-01-06T01:36:46","guid":{"rendered":"https:\/\/fmp-components.com\/?page_id=8"},"modified":"2025-01-06T01:36:47","modified_gmt":"2025-01-06T01:36:47","slug":"gearbox-for-agricultural-machinery-700-series","status":"publish","type":"product","link":"https:\/\/fmp-components.com\/pt\/product\/gearbox-for-agricultural-machinery-700-series\/","title":{"rendered":"Caixa de engrenagens para m\u00e1quinas agr\u00edcolas s\u00e9rie 700"},"content":{"rendered":"<h2>Desenho para a s\u00e9rie 700<\/h2>\n<p><img loading=\"lazy\" decoding=\"async\" class=\"alignnone  wp-image-3263\" src=\"https:\/\/fmp-components.com\/wp-content\/uploads\/2025\/01\/R700-Spec-1.webp\" alt=\"R700-Spec-1\" width=\"900\" height=\"1126\" title=\"\" srcset=\"https:\/\/fmp-components.com\/wp-content\/uploads\/2025\/01\/R700-Spec-1.webp 900w, https:\/\/fmp-components.com\/wp-content\/uploads\/2025\/01\/R700-Spec-1-480x601.webp 480w\" sizes=\"(min-width: 0px) and (max-width: 480px) 480px, (min-width: 481px) 900px, 100vw\" \/><\/p>\n<h3>Alinhamento de rota\u00e7\u00e3o do eixo para s\u00e9rie 700<\/h3>\n<p><img loading=\"lazy\" decoding=\"async\" class=\"alignnone size-full wp-image-3262\" src=\"https:\/\/fmp-components.com\/wp-content\/uploads\/2025\/01\/R700-Rotation.webp\" alt=\"R700-Rota\u00e7\u00e3o\" width=\"1024\" height=\"345\" title=\"\" srcset=\"https:\/\/fmp-components.com\/wp-content\/uploads\/2025\/01\/R700-Rotation.webp 1024w, https:\/\/fmp-components.com\/wp-content\/uploads\/2025\/01\/R700-Rotation-980x330.webp 980w, https:\/\/fmp-components.com\/wp-content\/uploads\/2025\/01\/R700-Rotation-480x162.webp 480w\" sizes=\"(min-width: 0px) and (max-width: 480px) 480px, (min-width: 481px) and (max-width: 980px) 980px, (min-width: 981px) 1024px, 100vw\" \/><\/p>\n<h3>Tabelas de classifica\u00e7\u00e3o<\/h3>\n<p><img loading=\"lazy\" decoding=\"async\" class=\"alignnone  wp-image-3264\" src=\"https:\/\/fmp-components.com\/wp-content\/uploads\/2025\/01\/R700-rating-charts.webp\" alt=\"Tabelas de classifica\u00e7\u00e3o R700\" width=\"862\" height=\"397\" title=\"\" srcset=\"https:\/\/fmp-components.com\/wp-content\/uploads\/2025\/01\/R700-rating-charts.webp 393w, https:\/\/fmp-components.com\/wp-content\/uploads\/2025\/01\/R700-rating-charts-300x138.webp 300w, https:\/\/fmp-components.com\/wp-content\/uploads\/2025\/01\/R700-rating-charts-18x8.webp 18w\" sizes=\"(max-width: 862px) 100vw, 862px\" \/><\/p>\n<h3>Caixa de engrenagens para m\u00e1quinas agr\u00edcolas s\u00e9rie 700<\/h3>\n<p><strong>Caracter\u00edsticas:<\/strong><\/p>\n<ul>\n<li><strong>Carca\u00e7a de alum\u00ednio de duas pe\u00e7as<\/strong>:Constru\u00eddo com alum\u00ednio de alta resist\u00eancia, este gabinete garante qualidade superior <strong>resist\u00eancia \u00e0 corros\u00e3o<\/strong> e <strong>capacidade t\u00e9rmica<\/strong>, tornando-o altamente dur\u00e1vel para ambientes agr\u00edcolas exigentes.<\/li>\n<li><strong>Componentes usinados com precis\u00e3o<\/strong>:Cada caixa de engrenagens \u00e9 usinada com precis\u00e3o para garantir o engrenamento perfeito das engrenagens e <strong>pr\u00e9-carga do rolamento<\/strong>, garantindo uma opera\u00e7\u00e3o suave e eficiente sob condi\u00e7\u00f5es de carga pesada.<\/li>\n<li><strong>Engrenagens Forjadas<\/strong>:A s\u00e9rie 700 apresenta engrenagens forjadas de precis\u00e3o oferecidas em um <strong>Rela\u00e7\u00e3o de transmiss\u00e3o 3:1<\/strong>, proporcionando excelente transmiss\u00e3o de torque e efici\u00eancia operacional.<\/li>\n<li><strong>Rolamentos de rolos c\u00f4nicos<\/strong>:Esses rolamentos s\u00e3o projetados para melhorar <strong>capacidade de carga<\/strong> e estender o <strong>vida \u00fatil do rolamento<\/strong>, garantindo desempenho prolongado mesmo em ambientes de alto estresse.<\/li>\n<li><strong>Eixos de a\u00e7o de alta resist\u00eancia<\/strong>: O <strong>Eixo de entrada de 1,75\u2033<\/strong> e <strong>Eixo de sa\u00edda de 2,75\u2033<\/strong> s\u00e3o feitos de a\u00e7o de alta resist\u00eancia, garantindo robustez e confiabilidade em aplica\u00e7\u00f5es pesadas.<\/li>\n<li><strong>Lubrificante para engrenagens 80W90<\/strong>:Preenchido com alta qualidade <strong>Lubrificante de engrenagens 80W90<\/strong>, a caixa de engrenagens \u00e9 exaustivamente testada quanto a vazamentos antes do envio, garantindo uma opera\u00e7\u00e3o ideal desde o primeiro dia.<\/li>\n<li><strong>Testado contra vazamentos<\/strong>: Cada unidade passa por um teste de vazamento abrangente para garantir vazamento zero, garantindo confiabilidade e reduzindo as necessidades de manuten\u00e7\u00e3o ao longo do tempo.<\/li>\n<li><strong>Peso<\/strong>:A caixa de engrenagens da s\u00e9rie 700 pesa aproximadamente <strong>120 libras<\/strong>, incluindo o lubrificante, tornando-o robusto e capaz de lidar com as mais dif\u00edceis tarefas de m\u00e1quinas agr\u00edcolas.<\/li>\n<\/ul>\n<h3>Benef\u00edcios adicionais:<\/h3>\n<ul>\n<li><strong>Gest\u00e3o T\u00e9rmica \u00d3tima<\/strong>: O inv\u00f3lucro de alum\u00ednio n\u00e3o s\u00f3 fornece resist\u00eancia como tamb\u00e9m ajuda a dissipar o calor de forma eficiente, mantendo um desempenho consistente mesmo durante uso prolongado em condi\u00e7\u00f5es desafiadoras.<\/li>\n<li><strong>Durabilidade e Longevidade<\/strong>: Projetada para aplica\u00e7\u00f5es agr\u00edcolas cont\u00ednuas de alta carga, a S\u00e9rie 700 foi criada para suportar ambientes operacionais adversos, garantindo maior vida \u00fatil e tempo de inatividade m\u00ednimo.<\/li>\n<li><strong>Efici\u00eancia em Escala<\/strong>: A rela\u00e7\u00e3o de transmiss\u00e3o 3:1 \u00e9 ideal para m\u00e1quinas agr\u00edcolas maiores, garantindo que a caixa de engrenagens maximize a efici\u00eancia, transferindo pot\u00eancia de forma eficaz para opera\u00e7\u00f5es de campo ideais.<\/li>\n<\/ul>\n<p>A caixa de c\u00e2mbio da S\u00e9rie 700 foi projetada para oferecer confiabilidade, desempenho e durabilidade excepcionais nos ambientes agr\u00edcolas mais exigentes. Seja operando tratores de grande porte, colheitadeiras ou outras m\u00e1quinas pesadas, a S\u00e9rie 700 oferece a pot\u00eancia e a resist\u00eancia necess\u00e1rias para uma opera\u00e7\u00e3o eficiente e confiabilidade a longo prazo.<\/p>\n<h3>Sobre a FMP<\/h3>\n<p>Com sede na It\u00e1lia, a FMP \u00e9 uma fabricante renomada, reconhecida por sua expertise em projeto, desenvolvimento e produ\u00e7\u00e3o de caixas de engrenagens de alto desempenho, com foco especial no setor de m\u00e1quinas agr\u00edcolas. Reconhecida por sua engenharia de precis\u00e3o, solu\u00e7\u00f5es inovadoras e confiabilidade inabal\u00e1vel, a FMP conquistou uma s\u00f3lida reputa\u00e7\u00e3o como parceira de confian\u00e7a nos mercados agr\u00edcola e industrial. Nosso abrangente portf\u00f3lio inclui caixas de engrenagens personalizadas para cortadores de grama, eixos de tomada de for\u00e7a e uma ampla gama de outros componentes cr\u00edticos, todos meticulosamente projetados para atender \u00e0s demandas espec\u00edficas de diversas aplica\u00e7\u00f5es.<\/p>\n<p>Na FMP, entendemos que cada cliente enfrenta desafios \u00fanicos, e isso nos impulsiona a entregar solu\u00e7\u00f5es personalizadas. Seja um componente \u00fanico ou um sistema integrado completo, trabalhamos em estreita colabora\u00e7\u00e3o com nossos clientes para garantir que cada solu\u00e7\u00e3o n\u00e3o apenas atenda \u00e0s suas necessidades, mas tamb\u00e9m aprimore o desempenho e maximize o valor geral. Nosso compromisso com respostas r\u00e1pidas e profissionais, al\u00e9m de orienta\u00e7\u00e3o especializada, garante que cada consulta seja tratada com precis\u00e3o, gerando resultados ideais de forma consistente.<\/p>\n<p>Damos grande import\u00e2ncia \u00e0 comunica\u00e7\u00e3o transparente e cont\u00ednua durante todo o processo de desenvolvimento do produto. Nossa equipe dedicada trabalha em estreita colabora\u00e7\u00e3o com os clientes para compreender plenamente suas necessidades, oferecendo insights valiosos e recomenda\u00e7\u00f5es pr\u00e1ticas para garantir os melhores resultados poss\u00edveis. Seja projetando produtos inovadores ou atendendo a pedidos de rotina, a FMP est\u00e1 comprometida em entregar solu\u00e7\u00f5es de alta qualidade e engenharia de precis\u00e3o, sempre dentro do prazo. Nosso objetivo \u00e9 superar as expectativas dos clientes, oferecendo um servi\u00e7o excepcional e resultados extraordin\u00e1rios em cada projeto.<\/p>\n<p>No centro das opera\u00e7\u00f5es da FMP est\u00e1 um compromisso inabal\u00e1vel com a qualidade. Seguimos os mais altos padr\u00f5es de fabrica\u00e7\u00e3o e implementamos rigorosos processos de controle de qualidade para garantir que cada produto n\u00e3o apenas atenda, mas tamb\u00e9m supere os padr\u00f5es do setor. Esse compromisso com a excel\u00eancia, aliado aos nossos valores fundamentais de integridade, trabalho em equipe e perseveran\u00e7a, nos permitiu construir relacionamentos duradouros e baseados na confian\u00e7a com clientes em quase 30 pa\u00edses ao redor do mundo.<\/p>\n<p>A FMP se dedica a promover parcerias globais, oferecendo consultoria especializada e solu\u00e7\u00f5es personalizadas que acompanham as necessidades din\u00e2micas de nossos clientes. Buscamos construir relacionamentos duradouros e mutuamente ben\u00e9ficos que impulsionem o sucesso de cada projeto. Seja buscando solu\u00e7\u00f5es inovadoras para uma nova iniciativa ou precisando de suporte cont\u00ednuo para um sistema existente, a FMP est\u00e1 pronta para ajud\u00e1-lo a superar desafios t\u00e9cnicos e garantir seu sucesso cont\u00ednuo.<\/p>\n<p><img loading=\"lazy\" decoding=\"async\" class=\"alignnone wp-image-2695\" src=\"https:\/\/fmp-components.com\/wp-content\/uploads\/2025\/01\/agricultural-gearbox3.webp\" alt=\"caixa de engrenagens agr\u00edcolas\" width=\"1140\" height=\"1138\" title=\"\" srcset=\"https:\/\/fmp-components.com\/wp-content\/uploads\/2025\/01\/agricultural-gearbox3.webp 1140w, https:\/\/fmp-components.com\/wp-content\/uploads\/2025\/01\/agricultural-gearbox3-480x479.webp 480w\" sizes=\"(min-width: 0px) and (max-width: 480px) 480px, (min-width: 481px) 1140px, 100vw\" \/><\/p>\n<p>Autor: CX<\/p>","protected":false},"excerpt":{"rendered":"<p>Drawing For 700 Series Shaft Rotation Alignment For 700 Series Rating Charts Gearbox for Agricultural Machinery 700 Series Features: Two-Piece Aluminum Housing: Constructed with high-strength aluminum, this housing ensures superior corrosion resistance and thermal capacity, making it highly durable for demanding agricultural environments. Precision Machined Components: Each gearbox is precision-machined to guarantee perfect gear meshing [&hellip;]<\/p>","protected":false},"featured_media":3260,"comment_status":"open","ping_status":"closed","template":"","meta":{"_et_pb_use_builder":"","_et_pb_old_content":"","_et_gb_content_width":""},"product_brand":[],"product_cat":[78],"product_tag":[],"class_list":{"0":"post-3259","1":"product","2":"type-product","3":"status-publish","4":"has-post-thumbnail","6":"product_cat-gearbox-for-agricultural-machinery","8":"first","9":"instock","10":"shipping-taxable","11":"product-type-simple"},"_links":{"self":[{"href":"https:\/\/fmp-components.com\/pt\/wp-json\/wp\/v2\/product\/3259","targetHints":{"allow":["GET"]}}],"collection":[{"href":"https:\/\/fmp-components.com\/pt\/wp-json\/wp\/v2\/product"}],"about":[{"href":"https:\/\/fmp-components.com\/pt\/wp-json\/wp\/v2\/types\/product"}],"replies":[{"embeddable":true,"href":"https:\/\/fmp-components.com\/pt\/wp-json\/wp\/v2\/comments?post=3259"}],"wp:featuredmedia":[{"embeddable":true,"href":"https:\/\/fmp-components.com\/pt\/wp-json\/wp\/v2\/media\/3260"}],"wp:attachment":[{"href":"https:\/\/fmp-components.com\/pt\/wp-json\/wp\/v2\/media?parent=3259"}],"wp:term":[{"taxonomy":"product_brand","embeddable":true,"href":"https:\/\/fmp-components.com\/pt\/wp-json\/wp\/v2\/product_brand?post=3259"},{"taxonomy":"product_cat","embeddable":true,"href":"https:\/\/fmp-components.com\/pt\/wp-json\/wp\/v2\/product_cat?post=3259"},{"taxonomy":"product_tag","embeddable":true,"href":"https:\/\/fmp-components.com\/pt\/wp-json\/wp\/v2\/product_tag?post=3259"}],"curies":[{"name":"wp","href":"https:\/\/api.w.org\/{rel}","templated":true}]}}