{"id":3242,"date":"2025-01-06T00:58:53","date_gmt":"2025-01-06T00:58:53","guid":{"rendered":"https:\/\/fmp-components.com\/?page_id=8"},"modified":"2025-01-06T00:58:53","modified_gmt":"2025-01-06T00:58:53","slug":"gearbox-for-agricultural-machinery-500-series","status":"publish","type":"product","link":"https:\/\/fmp-components.com\/pt\/product\/gearbox-for-agricultural-machinery-500-series\/","title":{"rendered":"Caixa de engrenagens para m\u00e1quinas agr\u00edcolas s\u00e9rie 500"},"content":{"rendered":"<h2>Tabela de classifica\u00e7\u00e3o<\/h2>\n<p><img loading=\"lazy\" decoding=\"async\" class=\"alignnone  wp-image-3250\" src=\"https:\/\/fmp-components.com\/wp-content\/uploads\/2025\/01\/R500-rating-charts.webp\" alt=\"tabelas de classifica\u00e7\u00e3o R500\" width=\"870\" height=\"1106\" title=\"\" srcset=\"https:\/\/fmp-components.com\/wp-content\/uploads\/2025\/01\/R500-rating-charts.webp 394w, https:\/\/fmp-components.com\/wp-content\/uploads\/2025\/01\/R500-rating-charts-236x300.webp 236w, https:\/\/fmp-components.com\/wp-content\/uploads\/2025\/01\/R500-rating-charts-9x12.webp 9w\" sizes=\"(max-width: 870px) 100vw, 870px\" \/><\/p>\n<h3>Desenho para a S\u00e9rie 500<\/h3>\n<p><img loading=\"lazy\" decoding=\"async\" class=\"alignnone  wp-image-3249\" src=\"https:\/\/fmp-components.com\/wp-content\/uploads\/2025\/01\/500drawing.webp\" alt=\"500 desenhos\" width=\"888\" height=\"1150\" title=\"\" srcset=\"https:\/\/fmp-components.com\/wp-content\/uploads\/2025\/01\/500drawing.webp 888w, https:\/\/fmp-components.com\/wp-content\/uploads\/2025\/01\/500drawing-480x621.webp 480w\" sizes=\"(min-width: 0px) and (max-width: 480px) 480px, (min-width: 481px) 888px, 100vw\" \/><\/p>\n<h3>Alinhamento da rota\u00e7\u00e3o do eixo para a s\u00e9rie 500<\/h3>\n<p><img loading=\"lazy\" decoding=\"async\" class=\"alignnone size-full wp-image-3251\" src=\"https:\/\/fmp-components.com\/wp-content\/uploads\/2025\/01\/500-rotation-option.webp\" alt=\"op\u00e7\u00e3o de rota\u00e7\u00e3o 500\" width=\"1024\" height=\"384\" title=\"\" srcset=\"https:\/\/fmp-components.com\/wp-content\/uploads\/2025\/01\/500-rotation-option.webp 1024w, https:\/\/fmp-components.com\/wp-content\/uploads\/2025\/01\/500-rotation-option-980x368.webp 980w, https:\/\/fmp-components.com\/wp-content\/uploads\/2025\/01\/500-rotation-option-480x180.webp 480w\" sizes=\"(min-width: 0px) and (max-width: 480px) 480px, (min-width: 481px) and (max-width: 980px) 980px, (min-width: 981px) 1024px, 100vw\" \/><\/p>\n<h3>Caixa de c\u00e2mbio S\u00e9rie 500 para m\u00e1quinas agr\u00edcolas<\/h3>\n<p><strong>Caracter\u00edsticas e benef\u00edcios:<\/strong><\/p>\n<ul>\n<li><strong>Carca\u00e7a de alum\u00ednio em duas pe\u00e7as:<\/strong> Fabricada em alum\u00ednio de alta resist\u00eancia, a carca\u00e7a oferece durabilidade excepcional, resist\u00eancia \u00e0 corros\u00e3o e capacidade t\u00e9rmica superior. Isso garante desempenho ideal mesmo em condi\u00e7\u00f5es operacionais extremas, tornando-a altamente adequada para ambientes agr\u00edcolas.<\/li>\n<li><strong>Usinagem de Precis\u00e3o:<\/strong> Cada componente \u00e9 usinado com precis\u00e3o para garantir o encaixe perfeito das engrenagens e a pr\u00e9-carga precisa dos rolamentos. Essa aten\u00e7\u00e3o aos detalhes contribui para uma opera\u00e7\u00e3o mais suave, redu\u00e7\u00e3o do atrito e maior vida \u00fatil da caixa de engrenagens.<\/li>\n<li><strong>Rela\u00e7\u00f5es de transmiss\u00e3o vers\u00e1teis:<\/strong> A S\u00e9rie 500 apresenta engrenagens forjadas com precis\u00e3o, dispon\u00edveis em quatro rela\u00e7\u00f5es: 1:1, 1,35:1, 1,5:1 e 2:1, oferecendo uma gama de op\u00e7\u00f5es para atender a diversas necessidades de aplica\u00e7\u00e3o. Al\u00e9m disso, uma op\u00e7\u00e3o de engrenagem c\u00f4nica helicoidal est\u00e1 dispon\u00edvel na rela\u00e7\u00e3o 1:1, ampliando ainda mais a adaptabilidade da caixa de engrenagens a diferentes tarefas.<\/li>\n<li><strong>Rolamentos de rolos c\u00f4nicos:<\/strong> Os rolamentos de rolos c\u00f4nicos de alta qualidade proporcionam maior capacidade de carga e vida \u00fatil prolongada, garantindo desempenho consistente e confi\u00e1vel mesmo em aplica\u00e7\u00f5es exigentes. Esses rolamentos s\u00e3o projetados para suportar cargas radiais e axiais mais elevadas, sendo ideais para m\u00e1quinas agr\u00edcolas pesadas.<\/li>\n<li><strong>Eixo de a\u00e7o de alta resist\u00eancia:<\/strong> A caixa de engrenagens da S\u00e9rie 500 possui um eixo de 1,375\" fabricado em a\u00e7o de alta resist\u00eancia, proporcionando maior durabilidade e resist\u00eancia ao desgaste. Esse design robusto do eixo garante uma transmiss\u00e3o de pot\u00eancia confi\u00e1vel por longos per\u00edodos, mesmo em ambientes adversos.<\/li>\n<li><strong>Lubrifica\u00e7\u00e3o e teste de vazamentos:<\/strong> A caixa de engrenagens vem pr\u00e9-abastecida com lubrificante 80W90, garantindo um funcionamento suave e eficiente desde o in\u00edcio. Cada unidade passa por rigorosos testes de vazamento antes do envio para garantir um produto sem vazamentos na entrega.<\/li>\n<li><strong>Peso e facilidade de uso:<\/strong> A caixa de c\u00e2mbio da S\u00e9rie 500 pesa entre 25 e 30 libras.<strong>.<\/strong>, incluindo o \u00f3leo da engrenagem. Esse peso \u00e9 cuidadosamente balanceado para proporcionar resist\u00eancia, mantendo-se, ao mesmo tempo, f\u00e1cil de manusear para instala\u00e7\u00e3o e opera\u00e7\u00e3o.<\/li>\n<\/ul>\n<p>A caixa de engrenagens da S\u00e9rie 500 \u00e9 a solu\u00e7\u00e3o ideal para m\u00e1quinas agr\u00edcolas, oferecendo maior durabilidade, desempenho eficiente e versatilidade para diversas aplica\u00e7\u00f5es. Seja em m\u00e1quinas de lavoura, plantio ou colheita, esta caixa de engrenagens garante um funcionamento confi\u00e1vel, mesmo nas condi\u00e7\u00f5es de trabalho mais exigentes. O design robusto e os materiais de alta qualidade fazem dela a escolha ideal para fabricantes e operadores do setor agr\u00edcola que buscam solu\u00e7\u00f5es de caixas de engrenagens dur\u00e1veis \u200b\u200be confi\u00e1veis.<\/p>\n<h2>Sobre a FMP<\/h2>\n<p>Com sede na It\u00e1lia, a FMP \u00e9 uma fabricante de renome especializada no projeto, desenvolvimento e produ\u00e7\u00e3o de caixas de engrenagens de alto desempenho. Com forte foco no setor de m\u00e1quinas agr\u00edcolas, a FMP \u00e9 reconhecida por sua engenharia de precis\u00e3o, solu\u00e7\u00f5es inovadoras e confiabilidade inabal\u00e1vel. Ao longo dos anos, a FMP conquistou uma s\u00f3lida reputa\u00e7\u00e3o como parceira de confian\u00e7a nos mercados agr\u00edcola e industrial. Nosso extenso portf\u00f3lio inclui caixas de engrenagens projetadas sob medida, eixos de tomada de for\u00e7a (TDF) e diversos outros componentes cr\u00edticos, todos meticulosamente desenvolvidos para atender \u00e0s demandas espec\u00edficas de diversas aplica\u00e7\u00f5es.<\/p>\n<p>Na FMP, reconhecemos que cada cliente tem necessidades \u00fanicas. Essa compreens\u00e3o impulsiona nossa dedica\u00e7\u00e3o em fornecer solu\u00e7\u00f5es personalizadas, elaboradas para atender tanto componentes individuais quanto sistemas totalmente integrados. Ao colaborar de perto com os clientes, garantimos que cada solu\u00e7\u00e3o n\u00e3o apenas atenda \u00e0s suas necessidades espec\u00edficas, mas tamb\u00e9m aprimore o desempenho, a efici\u00eancia e o valor. Nosso compromisso com respostas r\u00e1pidas e profissionais, al\u00e9m de orienta\u00e7\u00e3o especializada, garante que cada solicita\u00e7\u00e3o seja atendida com precis\u00e3o, gerando resultados otimizados.<\/p>\n<p>A comunica\u00e7\u00e3o clara e transparente \u00e9 fundamental para a nossa abordagem. Desde a fase inicial de projeto at\u00e9 a entrega do produto, nossa equipe dedicada trabalha lado a lado com os clientes, compreendendo profundamente seus desafios. Essa abordagem colaborativa nos permite oferecer insights valiosos, compartilhar solu\u00e7\u00f5es inovadoras e, em \u00faltima an\u00e1lise, entregar os melhores resultados. Seja trabalhando em projetos inovadores ou atendendo a pedidos de rotina, a FMP est\u00e1 comprometida em entregar solu\u00e7\u00f5es de alta qualidade e engenharia de precis\u00e3o, sempre dentro do prazo. Nosso objetivo \u00e9 superar consistentemente as expectativas dos clientes, fornecendo um servi\u00e7o excepcional e resultados extraordin\u00e1rios em cada projeto.<\/p>\n<p>No cerne das opera\u00e7\u00f5es da FMP reside um compromisso inabal\u00e1vel com a qualidade. Aderimos aos mais altos padr\u00f5es de fabrica\u00e7\u00e3o e implementamos processos rigorosos de controle de qualidade para garantir que cada produto supere os padr\u00f5es da ind\u00fastria. Essa dedica\u00e7\u00e3o \u00e0 excel\u00eancia, aliada aos nossos valores fundamentais de integridade, trabalho em equipe e perseveran\u00e7a, nos permitiu construir relacionamentos duradouros, baseados na confian\u00e7a, com clientes em mais de 30 pa\u00edses em todo o mundo.<\/p>\n<p>A FMP est\u00e1 sempre focada em fomentar parcerias globais, oferecer consultoria especializada e fornecer solu\u00e7\u00f5es personalizadas que evoluem com as necessidades de nossos clientes. Nosso objetivo \u00e9 construir relacionamentos de longo prazo e mutuamente ben\u00e9ficos que contribuam para o sucesso de cada projeto. Seja para solu\u00e7\u00f5es inovadoras para um novo empreendimento ou para suporte cont\u00ednuo a um sistema j\u00e1 estabelecido, a FMP est\u00e1 pronta para ajud\u00e1-lo a superar desafios t\u00e9cnicos e garantir seu sucesso cont\u00ednuo.<\/p>\n<p><img loading=\"lazy\" decoding=\"async\" class=\"alignnone wp-image-2695\" src=\"https:\/\/fmp-components.com\/wp-content\/uploads\/2025\/01\/agricultural-gearbox3.webp\" alt=\"caixa de engrenagens agr\u00edcolas\" width=\"1140\" height=\"1138\" title=\"\" srcset=\"https:\/\/fmp-components.com\/wp-content\/uploads\/2025\/01\/agricultural-gearbox3.webp 1140w, https:\/\/fmp-components.com\/wp-content\/uploads\/2025\/01\/agricultural-gearbox3-480x479.webp 480w\" sizes=\"(min-width: 0px) and (max-width: 480px) 480px, (min-width: 481px) 1140px, 100vw\" \/><\/p>\n<p>Autor: CX<\/p>","protected":false},"excerpt":{"rendered":"<p>Diagrama de classifica\u00e7\u00e3o para alinhamento de rota\u00e7\u00e3o do eixo da s\u00e9rie 500. Caixa de engrenagens da s\u00e9rie 500 para m\u00e1quinas agr\u00edcolas. Caracter\u00edsticas e benef\u00edcios: Carca\u00e7a de alum\u00ednio em duas pe\u00e7as: Fabricada em alum\u00ednio de alta resist\u00eancia, a carca\u00e7a oferece durabilidade excepcional, resist\u00eancia \u00e0 corros\u00e3o e capacidade t\u00e9rmica superior. Isso garante desempenho ideal mesmo em condi\u00e7\u00f5es operacionais extremas, tornando-a altamente adequada para ambientes agr\u00edcolas. [\u2026]<\/p>","protected":false},"featured_media":3252,"comment_status":"open","ping_status":"closed","template":"","meta":{"_et_pb_use_builder":"","_et_pb_old_content":"","_et_gb_content_width":""},"product_brand":[],"product_cat":[78],"product_tag":[],"class_list":{"0":"post-3242","1":"product","2":"type-product","3":"status-publish","4":"has-post-thumbnail","6":"product_cat-gearbox-for-agricultural-machinery","8":"first","9":"instock","10":"shipping-taxable","11":"product-type-simple"},"_links":{"self":[{"href":"https:\/\/fmp-components.com\/pt\/wp-json\/wp\/v2\/product\/3242","targetHints":{"allow":["GET"]}}],"collection":[{"href":"https:\/\/fmp-components.com\/pt\/wp-json\/wp\/v2\/product"}],"about":[{"href":"https:\/\/fmp-components.com\/pt\/wp-json\/wp\/v2\/types\/product"}],"replies":[{"embeddable":true,"href":"https:\/\/fmp-components.com\/pt\/wp-json\/wp\/v2\/comments?post=3242"}],"wp:featuredmedia":[{"embeddable":true,"href":"https:\/\/fmp-components.com\/pt\/wp-json\/wp\/v2\/media\/3252"}],"wp:attachment":[{"href":"https:\/\/fmp-components.com\/pt\/wp-json\/wp\/v2\/media?parent=3242"}],"wp:term":[{"taxonomy":"product_brand","embeddable":true,"href":"https:\/\/fmp-components.com\/pt\/wp-json\/wp\/v2\/product_brand?post=3242"},{"taxonomy":"product_cat","embeddable":true,"href":"https:\/\/fmp-components.com\/pt\/wp-json\/wp\/v2\/product_cat?post=3242"},{"taxonomy":"product_tag","embeddable":true,"href":"https:\/\/fmp-components.com\/pt\/wp-json\/wp\/v2\/product_tag?post=3242"}],"curies":[{"name":"wp","href":"https:\/\/api.w.org\/{rel}","templated":true}]}}