{"id":3241,"date":"2025-01-06T00:37:34","date_gmt":"2025-01-06T00:37:34","guid":{"rendered":"https:\/\/fmp-components.com\/?page_id=8"},"modified":"2025-01-06T06:53:06","modified_gmt":"2025-01-06T06:53:06","slug":"gearbox-for-agricultural-machinery-200-series","status":"publish","type":"product","link":"https:\/\/fmp-components.com\/pt\/product\/gearbox-for-agricultural-machinery-200-series\/","title":{"rendered":"Caixa de engrenagens para m\u00e1quinas agr\u00edcolas s\u00e9rie 200"},"content":{"rendered":"<h2>Tabela de classifica\u00e7\u00e3o<\/h2>\n<p><img loading=\"lazy\" decoding=\"async\" class=\"alignnone wp-image-3245\" src=\"https:\/\/fmp-components.com\/wp-content\/uploads\/2025\/01\/R200-rating-charts.webp\" alt=\"Tabelas de classifica\u00e7\u00e3o R200\" width=\"917\" height=\"863\" title=\"\" srcset=\"https:\/\/fmp-components.com\/wp-content\/uploads\/2025\/01\/R200-rating-charts.webp 441w, https:\/\/fmp-components.com\/wp-content\/uploads\/2025\/01\/R200-rating-charts-300x282.webp 300w, https:\/\/fmp-components.com\/wp-content\/uploads\/2025\/01\/R200-rating-charts-13x12.webp 13w\" sizes=\"(max-width: 917px) 100vw, 917px\" \/><\/p>\n<h3>Desenho para a s\u00e9rie 200<\/h3>\n<p><img loading=\"lazy\" decoding=\"async\" class=\"wp-image-3246 alignnone\" src=\"https:\/\/fmp-components.com\/wp-content\/uploads\/2025\/01\/200drawing.webp\" alt=\"200desenho\" width=\"876\" height=\"1134\" title=\"\" srcset=\"https:\/\/fmp-components.com\/wp-content\/uploads\/2025\/01\/200drawing.webp 876w, https:\/\/fmp-components.com\/wp-content\/uploads\/2025\/01\/200drawing-480x621.webp 480w\" sizes=\"(min-width: 0px) and (max-width: 480px) 480px, (min-width: 481px) 876px, 100vw\" \/><\/p>\n<h3>Alinhamento de rota\u00e7\u00e3o do eixo para s\u00e9rie 200<\/h3>\n<p><img loading=\"lazy\" decoding=\"async\" class=\"alignnone wp-image-3247\" src=\"https:\/\/fmp-components.com\/wp-content\/uploads\/2025\/01\/100shaft-1.webp\" alt=\"100 eixos\" width=\"842\" height=\"255\" title=\"\" srcset=\"https:\/\/fmp-components.com\/wp-content\/uploads\/2025\/01\/100shaft-1.webp 360w, https:\/\/fmp-components.com\/wp-content\/uploads\/2025\/01\/100shaft-1-300x91.webp 300w, https:\/\/fmp-components.com\/wp-content\/uploads\/2025\/01\/100shaft-1-18x5.webp 18w\" sizes=\"(max-width: 842px) 100vw, 842px\" \/><\/p>\n<h3>Caixa de engrenagens s\u00e9rie 200 para m\u00e1quinas agr\u00edcolas<\/h3>\n<p>A Caixa de Engrenagens S\u00e9rie 200 foi projetada para atender \u00e0s exigentes necessidades das m\u00e1quinas agr\u00edcolas, oferecendo desempenho robusto, maior durabilidade e excelente efici\u00eancia. Projetada para uma variedade de aplica\u00e7\u00f5es agr\u00edcolas, esta caixa de engrenagens combina engenharia de precis\u00e3o com materiais de alta qualidade para garantir confiabilidade superior em condi\u00e7\u00f5es desafiadoras.<\/p>\n<h4>Caracter\u00edsticas:<\/h4>\n<ul>\n<li><strong>Carca\u00e7a de alum\u00ednio de duas pe\u00e7as<\/strong>:Constru\u00eddo em alum\u00ednio leve e dur\u00e1vel, o inv\u00f3lucro de duas pe\u00e7as oferece <strong>for\u00e7a excepcional<\/strong>, <strong>resist\u00eancia \u00e0 corros\u00e3o<\/strong>, e <strong>capacidade t\u00e9rmica<\/strong>, tornando-o adequado para ambientes agr\u00edcolas onde a exposi\u00e7\u00e3o a condi\u00e7\u00f5es adversas \u00e9 comum.<\/li>\n<li><strong>Usinagem de precis\u00e3o<\/strong>:A caixa de velocidades \u00e9 <strong>usinado com precis\u00e3o<\/strong> para garantir um engate perfeito das engrenagens e pr\u00e9-carga dos rolamentos, otimizando a efici\u00eancia e reduzindo o desgaste. Este processo meticuloso garante uma opera\u00e7\u00e3o confi\u00e1vel e silenciosa por longos per\u00edodos.<\/li>\n<li><strong>Engrenagens forjadas em m\u00faltiplas propor\u00e7\u00f5es<\/strong>:A caixa de velocidades da S\u00e9rie 200 vem equipada com <strong>engrenagens forjadas de precis\u00e3o<\/strong> dispon\u00edvel em tr\u00eas propor\u00e7\u00f5es: <strong>1:1<\/strong>, <strong>1.5:1<\/strong>, e <strong>2:1<\/strong>, permitindo flexibilidade em diversas aplica\u00e7\u00f5es, garantindo o equil\u00edbrio certo de velocidade e torque para diferentes tarefas agr\u00edcolas.<\/li>\n<li><strong>Rolamentos de rolos c\u00f4nicos<\/strong>: <strong>Rolamentos de rolos c\u00f4nicos<\/strong> s\u00e3o integrados ao design para fornecer maior <strong>capacidade de carga<\/strong> e <strong>maior vida \u00fatil do rolamento<\/strong>, garantindo opera\u00e7\u00e3o est\u00e1vel e durabilidade, mesmo sob cargas pesadas e altas tens\u00f5es.<\/li>\n<li><strong>Eixo de 1\u2033 de alta resist\u00eancia<\/strong>:A caixa de velocidades apresenta uma <strong>eixo de 1 polegada<\/strong> feito de <strong>a\u00e7o de alta resist\u00eancia<\/strong>, projetado para lidar com opera\u00e7\u00f5es agr\u00edcolas rigorosas, fornecendo a resist\u00eancia e a confiabilidade necess\u00e1rias para operar em ambientes dif\u00edceis.<\/li>\n<li><strong>Lubrifica\u00e7\u00e3o e Teste de Vazamento<\/strong>: Pr\u00e9-preenchido com <strong>Lubrificante de engrenagens 80W90<\/strong>, cada caixa de engrenagens \u00e9 cuidadosamente <strong>testado contra vazamentos<\/strong> antes do envio para garantir a veda\u00e7\u00e3o adequada e garantir que ele funcione sem problemas desde o in\u00edcio.<\/li>\n<li><strong>Peso<\/strong>:A S\u00e9rie 200 pesa aproximadamente <strong>12 a 15 libras.<\/strong>, incluindo o \u00f3leo, proporcionando um equil\u00edbrio entre resist\u00eancia e design leve para minimizar a carga no equipamento agr\u00edcola.<\/li>\n<\/ul>\n<p>A Caixa de Engrenagens da S\u00e9rie 200 \u00e9 uma solu\u00e7\u00e3o altamente vers\u00e1til para m\u00e1quinas agr\u00edcolas, oferecendo excelente transmiss\u00e3o de pot\u00eancia, longa durabilidade e requisitos m\u00ednimos de manuten\u00e7\u00e3o. Seja para lavoura, colheita ou outras aplica\u00e7\u00f5es agr\u00edcolas, a S\u00e9rie 200 garante uma opera\u00e7\u00e3o suave e eficiente em todas as condi\u00e7\u00f5es.<\/p>\n<p>Se voc\u00ea tem requisitos espec\u00edficos ou precisa de uma solu\u00e7\u00e3o personalizada, a FMP est\u00e1 pronta para ajudar com consultoria especializada e solu\u00e7\u00f5es personalizadas. Deixe-nos ajudar voc\u00ea a otimizar o desempenho do seu maquin\u00e1rio agr\u00edcola com a caixa de engrenagens certa para as suas necessidades.<\/p>\n<h2>Sobre a FMP<\/h2>\n<p>Com sede na It\u00e1lia, a FMP \u00e9 l\u00edder reconhecida em projeto, desenvolvimento e fabrica\u00e7\u00e3o de caixas de engrenagens de alto desempenho, com forte \u00eanfase no atendimento ao setor de m\u00e1quinas agr\u00edcolas. Reconhecida por seu compromisso com engenharia de precis\u00e3o, solu\u00e7\u00f5es inovadoras e confiabilidade consistente, a FMP conquistou uma posi\u00e7\u00e3o respeitada como parceira de confian\u00e7a nos setores agr\u00edcola e industrial. Nossa diversificada linha de produtos inclui caixas de engrenagens personalizadas para cortadores de grama, eixos de tomada de for\u00e7a e outros componentes essenciais, todos meticulosamente projetados para atender \u00e0s demandas exclusivas de uma ampla gama de aplica\u00e7\u00f5es.<\/p>\n<p>Na FMP, entendemos que cada cliente possui requisitos e desafios distintos. Isso nos impulsiona a fornecer solu\u00e7\u00f5es personalizadas, seja para componentes individuais ou sistemas totalmente integrados. Ao colaborarmos estreitamente com nossos clientes, garantimos que cada solu\u00e7\u00e3o esteja perfeitamente alinhada \u00e0s suas necessidades espec\u00edficas, otimizando o desempenho e maximizando o valor. Nosso compromisso em fornecer respostas r\u00e1pidas, orienta\u00e7\u00e3o profissional e execu\u00e7\u00e3o especializada garante que cada projeto seja conduzido com precis\u00e3o, alcan\u00e7ando consistentemente os melhores resultados poss\u00edveis.<\/p>\n<p>Priorizamos uma comunica\u00e7\u00e3o clara e cont\u00ednua durante todo o processo de desenvolvimento do produto. Nossa equipe dedicada trabalha em estreita colabora\u00e7\u00e3o com os clientes para compreender profundamente suas necessidades, oferecendo insights e recomenda\u00e7\u00f5es valiosas para alcan\u00e7ar os melhores resultados. Seja projetando produtos de ponta ou atendendo pedidos de rotina, a FMP permanece firme em seu compromisso de entregar solu\u00e7\u00f5es de alta qualidade e engenharia de precis\u00e3o, sempre dentro do prazo. Nosso objetivo \u00e9 superar as expectativas dos clientes, oferecendo servi\u00e7os e resultados excepcionais em cada projeto que realizamos.<\/p>\n<p>No cerne da FMP est\u00e1 um firme compromisso com a qualidade. Seguimos os mais altos padr\u00f5es da ind\u00fastria e implementamos rigorosos processos de controle de qualidade para garantir que cada produto n\u00e3o apenas atenda, mas supere os padr\u00f5es do setor. Essa dedica\u00e7\u00e3o \u00e0 excel\u00eancia, aliada aos nossos valores fundamentais de integridade, trabalho em equipe e perseveran\u00e7a, nos permitiu cultivar relacionamentos duradouros e baseados na confian\u00e7a com clientes em quase 30 pa\u00edses ao redor do mundo.<\/p>\n<p>A FMP \u00e9 apaixonada por promover parcerias globais, oferecendo consultoria especializada e solu\u00e7\u00f5es personalizadas que evoluem em conjunto com as necessidades em constante mudan\u00e7a de nossos clientes. Nosso objetivo \u00e9 construir relacionamentos de longo prazo e mutuamente ben\u00e9ficos que impulsionem o sucesso de cada projeto. Seja para solu\u00e7\u00f5es inovadoras para uma nova iniciativa ou suporte cont\u00ednuo para um sistema existente, a FMP est\u00e1 comprometida em ajud\u00e1-lo a superar desafios t\u00e9cnicos e garantir seu sucesso cont\u00ednuo.<\/p>\n<p><img loading=\"lazy\" decoding=\"async\" class=\"alignnone wp-image-2695\" src=\"https:\/\/fmp-components.com\/wp-content\/uploads\/2025\/01\/agricultural-gearbox3.webp\" alt=\"caixa de engrenagens agr\u00edcolas\" width=\"1140\" height=\"1138\" title=\"\" srcset=\"https:\/\/fmp-components.com\/wp-content\/uploads\/2025\/01\/agricultural-gearbox3.webp 1140w, https:\/\/fmp-components.com\/wp-content\/uploads\/2025\/01\/agricultural-gearbox3-480x479.webp 480w\" sizes=\"(min-width: 0px) and (max-width: 480px) 480px, (min-width: 481px) 1140px, 100vw\" \/><\/p>\n<p>Autor: CX<\/p>","protected":false},"excerpt":{"rendered":"<p>Rating Chart Drawing for 200 Series Shaft Rotation Alignment For 200 Series 200 Series Gearbox for Agricultural Machinery The 200 Series Gearbox is engineered to meet the demanding needs of agricultural machinery, offering robust performance, enhanced durability, and excellent efficiency. Built for a range of agricultural applications, this gearbox combines precision engineering with high-quality materials [&hellip;]<\/p>","protected":false},"featured_media":3244,"comment_status":"open","ping_status":"closed","template":"","meta":{"_et_pb_use_builder":"","_et_pb_old_content":"","_et_gb_content_width":""},"product_brand":[],"product_cat":[78],"product_tag":[],"class_list":{"0":"post-3241","1":"product","2":"type-product","3":"status-publish","4":"has-post-thumbnail","6":"product_cat-gearbox-for-agricultural-machinery","8":"first","9":"instock","10":"shipping-taxable","11":"product-type-simple"},"_links":{"self":[{"href":"https:\/\/fmp-components.com\/pt\/wp-json\/wp\/v2\/product\/3241","targetHints":{"allow":["GET"]}}],"collection":[{"href":"https:\/\/fmp-components.com\/pt\/wp-json\/wp\/v2\/product"}],"about":[{"href":"https:\/\/fmp-components.com\/pt\/wp-json\/wp\/v2\/types\/product"}],"replies":[{"embeddable":true,"href":"https:\/\/fmp-components.com\/pt\/wp-json\/wp\/v2\/comments?post=3241"}],"wp:featuredmedia":[{"embeddable":true,"href":"https:\/\/fmp-components.com\/pt\/wp-json\/wp\/v2\/media\/3244"}],"wp:attachment":[{"href":"https:\/\/fmp-components.com\/pt\/wp-json\/wp\/v2\/media?parent=3241"}],"wp:term":[{"taxonomy":"product_brand","embeddable":true,"href":"https:\/\/fmp-components.com\/pt\/wp-json\/wp\/v2\/product_brand?post=3241"},{"taxonomy":"product_cat","embeddable":true,"href":"https:\/\/fmp-components.com\/pt\/wp-json\/wp\/v2\/product_cat?post=3241"},{"taxonomy":"product_tag","embeddable":true,"href":"https:\/\/fmp-components.com\/pt\/wp-json\/wp\/v2\/product_tag?post=3241"}],"curies":[{"name":"wp","href":"https:\/\/api.w.org\/{rel}","templated":true}]}}