{"id":3236,"date":"2025-01-05T08:24:05","date_gmt":"2025-01-05T08:24:05","guid":{"rendered":"https:\/\/fmp-components.com\/?page_id=8"},"modified":"2025-01-05T08:24:05","modified_gmt":"2025-01-05T08:24:05","slug":"gearbox-for-agricultural-machinery-100-series","status":"publish","type":"product","link":"https:\/\/fmp-components.com\/pt\/product\/gearbox-for-agricultural-machinery-100-series\/","title":{"rendered":"Caixa de engrenagens para m\u00e1quinas agr\u00edcolas s\u00e9rie 100"},"content":{"rendered":"<h3><span class=\"ws12\">TABELA DE AVALIA\u00c7\u00c3O<\/span><\/h3>\n<p><img loading=\"lazy\" decoding=\"async\" class=\"alignnone  wp-image-3237\" src=\"https:\/\/fmp-components.com\/wp-content\/uploads\/2025\/01\/100drawing.webp\" alt=\"100 desenhos\" width=\"886\" height=\"1250\" title=\"\" srcset=\"https:\/\/fmp-components.com\/wp-content\/uploads\/2025\/01\/100drawing.webp 886w, https:\/\/fmp-components.com\/wp-content\/uploads\/2025\/01\/100drawing-480x677.webp 480w\" sizes=\"(min-width: 0px) and (max-width: 480px) 480px, (min-width: 481px) 886px, 100vw\" \/><\/p>\n<h3>DESENHO PARA A S\u00c9RIE 100<\/h3>\n<p><img loading=\"lazy\" decoding=\"async\" class=\"alignnone  wp-image-3239\" src=\"https:\/\/fmp-components.com\/wp-content\/uploads\/2025\/01\/R100-rating-charts.webp\" alt=\"tabelas de classifica\u00e7\u00e3o R100\" width=\"843\" height=\"661\" title=\"\" srcset=\"https:\/\/fmp-components.com\/wp-content\/uploads\/2025\/01\/R100-rating-charts.webp 843w, https:\/\/fmp-components.com\/wp-content\/uploads\/2025\/01\/R100-rating-charts-480x376.webp 480w\" sizes=\"(min-width: 0px) and (max-width: 480px) 480px, (min-width: 481px) 843px, 100vw\" \/><\/p>\n<h3>ALINHAMENTO DA ROTA\u00c7\u00c3O DO EIXO PARA A S\u00c9RIE 100<\/h3>\n<p><img loading=\"lazy\" decoding=\"async\" class=\"alignnone  wp-image-3238\" src=\"https:\/\/fmp-components.com\/wp-content\/uploads\/2025\/01\/100shaft.webp\" alt=\"100 eixos\" width=\"830\" height=\"251\" title=\"\" srcset=\"https:\/\/fmp-components.com\/wp-content\/uploads\/2025\/01\/100shaft.webp 360w, https:\/\/fmp-components.com\/wp-content\/uploads\/2025\/01\/100shaft-300x91.webp 300w, https:\/\/fmp-components.com\/wp-content\/uploads\/2025\/01\/100shaft-18x5.webp 18w\" sizes=\"(max-width: 830px) 100vw, 830px\" \/><\/p>\n<h3>Caixa de c\u00e2mbio S\u00e9rie 100 para m\u00e1quinas agr\u00edcolas<\/h3>\n<p>A caixa de engrenagens da S\u00e9rie 100 foi projetada especificamente para m\u00e1quinas agr\u00edcolas, oferecendo desempenho, durabilidade e efici\u00eancia ideais. Constru\u00edda com materiais robustos e recursos avan\u00e7ados, garante confiabilidade mesmo em ambientes agr\u00edcolas exigentes. A caixa de engrenagens \u00e9 um componente essencial para uma ampla gama de equipamentos agr\u00edcolas, como cultivadores, segadoras e outras m\u00e1quinas que requerem transmiss\u00e3o de pot\u00eancia confi\u00e1vel.<\/p>\n<p><strong>Principais caracter\u00edsticas:<\/strong><\/p>\n<ul>\n<li><strong>Carca\u00e7a de alum\u00ednio de duas pe\u00e7as<\/strong><br \/>\nA caixa de engrenagens possui uma carca\u00e7a de alum\u00ednio bipartida, projetada para maior resist\u00eancia e prote\u00e7\u00e3o contra corros\u00e3o. A carca\u00e7a tamb\u00e9m oferece excelente desempenho. <strong>capacidade t\u00e9rmica<\/strong>, tornando-o ideal para opera\u00e7\u00e3o cont\u00ednua em condi\u00e7\u00f5es agr\u00edcolas adversas.<\/li>\n<li><strong>Usinagem de precis\u00e3o para desempenho ideal<\/strong><br \/>\nCada unidade \u00e9 usinada com precis\u00e3o para garantir o encaixe perfeito das engrenagens e a pr\u00e9-carga dos rolamentos, assegurando um funcionamento suave e o m\u00ednimo desgaste.<strong>r<\/strong> Ao longo do tempo. Esse alto n\u00edvel de habilidade artesanal aumenta a efici\u00eancia e a longevidade da caixa de c\u00e2mbio.<\/li>\n<li><strong>Engrenagens forjadas com m\u00faltiplas rela\u00e7\u00f5es de transmiss\u00e3o<\/strong><br \/>\nA caixa de engrenagens utiliza engrenagens forjadas com precis\u00e3o, dispon\u00edveis em tr\u00eas rela\u00e7\u00f5es diferentes: 1:1, 1,1:1 e 1,43:1. Essas op\u00e7\u00f5es oferecem flexibilidade, permitindo que os usu\u00e1rios selecionem a rela\u00e7\u00e3o ideal para seus equipamentos espec\u00edficos e requisitos operacionais.<\/li>\n<li><strong>Rolamentos de rolos c\u00f4nicos para maior capacidade de carga<\/strong><br \/>\nEquipada com rolamentos de rolos c\u00f4nicos, a caixa de engrenagens da S\u00e9rie 100 oferece maior capacidade de carga e prolonga significativamente a vida \u00fatil dos rolamentos. Essa caracter\u00edstica a torna particularmente adequada para aplica\u00e7\u00f5es de alta exig\u00eancia, garantindo que a caixa de engrenagens suporte as demandas do uso agr\u00edcola pesado.<\/li>\n<li><strong>Eixo de a\u00e7o de alta resist\u00eancia<\/strong><br \/>\nA caixa de c\u00e2mbio vem com um <strong>eixo de 1\u2033<\/strong> Fabricado em a\u00e7o de alta resist\u00eancia, um recurso padr\u00e3o projetado para aumentar a durabilidade e proporcionar desempenho consistente em diversas condi\u00e7\u00f5es de trabalho. Este eixo robusto garante que a caixa de engrenagens funcione sem problemas mesmo em ambientes desafiadores.<\/li>\n<li><strong>Lubrificante para engrenagens 80W90<\/strong><br \/>\nA caixa de engrenagens da S\u00e9rie 100 j\u00e1 vem abastecida com \u00f3leo lubrificante 80W90 e est\u00e1 pronta para uso imediato. O lubrificante garante um engate suave das engrenagens e uma dissipa\u00e7\u00e3o de calor eficiente. Cada caixa de engrenagens passa por um teste de vazamento antes do envio para garantir que esteja perfeitamente vedada e pronta para instala\u00e7\u00e3o.<\/li>\n<li><strong>Design leve, por\u00e9m dur\u00e1vel<\/strong><br \/>\nPesando apenas 3 a 4,5 kg, incluindo o \u00f3leo, a S\u00e9rie 100 foi projetada para ser leve, facilitando a instala\u00e7\u00e3o e o manuseio. Apesar do baixo peso, a caixa de engrenagens mant\u00e9m sua resist\u00eancia e durabilidade, tornando-a uma excelente op\u00e7\u00e3o para diversas aplica\u00e7\u00f5es agr\u00edcolas.<\/li>\n<\/ul>\n<p><strong>Aplica\u00e7\u00f5es:<\/strong><br \/>\nA caixa de engrenagens da S\u00e9rie 100 \u00e9 vers\u00e1til e pode ser usada em uma variedade de m\u00e1quinas agr\u00edcolas, incluindo segadoras, cultivadores e espalhadores. Sua engenharia de precis\u00e3o a torna ideal para tarefas que exigem transmiss\u00e3o de pot\u00eancia consistente e desempenho confi\u00e1vel, garantindo uma opera\u00e7\u00e3o suave em diferentes atividades agr\u00edcolas.<\/p>\n<p>A caixa de engrenagens S\u00e9rie 100 para m\u00e1quinas agr\u00edcolas oferece alto desempenho, durabilidade e flexibilidade, tornando-a uma escolha confi\u00e1vel para equipamentos agr\u00edcolas modernos. Seja qual for a sua necessidade \u2013 precis\u00e3o, capacidade de carga ou op\u00e7\u00f5es de personaliza\u00e7\u00e3o \u2013, esta caixa de engrenagens oferece tudo o que voc\u00ea precisa para uma opera\u00e7\u00e3o perfeita no campo.<\/p>\n<h3>Sobre a FMP<\/h3>\n<p>Com sede na It\u00e1lia, a FMP \u00e9 uma fabricante de renome especializada no projeto, desenvolvimento e produ\u00e7\u00e3o de caixas de engrenagens de alto desempenho, com foco principal no setor de m\u00e1quinas agr\u00edcolas. Reconhecida por sua engenharia de precis\u00e3o, solu\u00e7\u00f5es inovadoras e confiabilidade inabal\u00e1vel, a FMP conquistou uma s\u00f3lida reputa\u00e7\u00e3o como parceira de confian\u00e7a nos mercados agr\u00edcola e industrial. Nosso extenso portf\u00f3lio inclui caixas de engrenagens personalizadas para cortadores de grama, eixos de tomada de for\u00e7a (TDF) e outros componentes vitais, todos projetados para atender \u00e0s necessidades espec\u00edficas de diversas aplica\u00e7\u00f5es.<\/p>\n<p>Na FMP, reconhecemos que cada cliente enfrenta desafios \u00fanicos. Essa compreens\u00e3o norteia nossa abordagem para fornecer solu\u00e7\u00f5es personalizadas, seja para componentes individuais ou sistemas totalmente integrados. Trabalhando em estreita parceria com nossos clientes, garantimos que cada solu\u00e7\u00e3o esteja meticulosamente alinhada \u00e0s suas necessidades, otimizando o desempenho e maximizando o valor. Nossa dedica\u00e7\u00e3o a respostas r\u00e1pidas, orienta\u00e7\u00e3o profissional e execu\u00e7\u00e3o precisa assegura que cada solicita\u00e7\u00e3o seja tratada com expertise, proporcionando os melhores resultados poss\u00edveis.<\/p>\n<p>A comunica\u00e7\u00e3o clara e cont\u00ednua \u00e9 um aspecto fundamental da nossa abordagem em todo o ciclo de desenvolvimento de produtos. Nossa equipe dedicada trabalha diretamente com os clientes para compreender plenamente suas necessidades e oferece insights e recomenda\u00e7\u00f5es valiosas para alcan\u00e7ar os melhores resultados. Seja projetando produtos de ponta ou atendendo a pedidos de rotina, a FMP est\u00e1 comprometida em entregar solu\u00e7\u00f5es de alta qualidade e engenharia de precis\u00e3o, sempre dentro do prazo. Nosso objetivo \u00e9 superar as expectativas dos clientes, oferecendo um servi\u00e7o excepcional e resultados extraordin\u00e1rios em cada projeto.<\/p>\n<p>A qualidade \u00e9 a pedra angular das opera\u00e7\u00f5es da FMP. Mantemos os mais altos padr\u00f5es de fabrica\u00e7\u00e3o e implementamos medidas rigorosas de controle de qualidade para garantir que cada produto n\u00e3o apenas atenda, mas supere os padr\u00f5es da ind\u00fastria. Esse compromisso com a excel\u00eancia, juntamente com nossos valores fundamentais de integridade, trabalho em equipe e perseveran\u00e7a, nos permitiu construir relacionamentos duradouros e baseados na confian\u00e7a com clientes em quase 30 pa\u00edses ao redor do mundo.<\/p>\n<p>A FMP dedica-se a fomentar parcerias globais, oferecendo consultoria especializada e solu\u00e7\u00f5es personalizadas que evoluem juntamente com as necessidades dos nossos clientes. Esfor\u00e7amo-nos por construir rela\u00e7\u00f5es duradouras e mutuamente ben\u00e9ficas que contribuam para o sucesso cont\u00ednuo de cada projeto. Quer esteja \u00e0 procura de solu\u00e7\u00f5es inovadoras para um novo empreendimento ou necessite de suporte cont\u00ednuo para um sistema existente, a FMP est\u00e1 aqui para o ajudar a superar desafios t\u00e9cnicos e garantir o seu sucesso a longo prazo.<\/p>\n<p><img loading=\"lazy\" decoding=\"async\" class=\"alignnone wp-image-2695\" src=\"https:\/\/fmp-components.com\/wp-content\/uploads\/2025\/01\/agricultural-gearbox3.webp\" alt=\"caixa de engrenagens agr\u00edcolas\" width=\"1140\" height=\"1138\" title=\"\" srcset=\"https:\/\/fmp-components.com\/wp-content\/uploads\/2025\/01\/agricultural-gearbox3.webp 1140w, https:\/\/fmp-components.com\/wp-content\/uploads\/2025\/01\/agricultural-gearbox3-480x479.webp 480w\" sizes=\"(min-width: 0px) and (max-width: 480px) 480px, (min-width: 481px) 1140px, 100vw\" \/><\/p>\n<p>Autor: CX<\/p>","protected":false},"excerpt":{"rendered":"<p>RATING CHART DRAWING FOR 100 SERIES SHAFT ROTATION ALIGNMENT FOR 100\u00a0SERIES 100 Series Gearbox for Agricultural Machinery The 100 Series Gearbox is designed specifically for agricultural machinery, providing optimal performance, durability, and efficiency. Engineered with a robust construction and advanced features, it ensures reliability even in demanding agricultural environments. The gearbox is an essential component [&hellip;]<\/p>","protected":false},"featured_media":3240,"comment_status":"open","ping_status":"closed","template":"","meta":{"_et_pb_use_builder":"","_et_pb_old_content":"","_et_gb_content_width":""},"product_brand":[],"product_cat":[78],"product_tag":[],"class_list":{"0":"post-3236","1":"product","2":"type-product","3":"status-publish","4":"has-post-thumbnail","6":"product_cat-gearbox-for-agricultural-machinery","8":"first","9":"instock","10":"shipping-taxable","11":"product-type-simple"},"_links":{"self":[{"href":"https:\/\/fmp-components.com\/pt\/wp-json\/wp\/v2\/product\/3236","targetHints":{"allow":["GET"]}}],"collection":[{"href":"https:\/\/fmp-components.com\/pt\/wp-json\/wp\/v2\/product"}],"about":[{"href":"https:\/\/fmp-components.com\/pt\/wp-json\/wp\/v2\/types\/product"}],"replies":[{"embeddable":true,"href":"https:\/\/fmp-components.com\/pt\/wp-json\/wp\/v2\/comments?post=3236"}],"wp:featuredmedia":[{"embeddable":true,"href":"https:\/\/fmp-components.com\/pt\/wp-json\/wp\/v2\/media\/3240"}],"wp:attachment":[{"href":"https:\/\/fmp-components.com\/pt\/wp-json\/wp\/v2\/media?parent=3236"}],"wp:term":[{"taxonomy":"product_brand","embeddable":true,"href":"https:\/\/fmp-components.com\/pt\/wp-json\/wp\/v2\/product_brand?post=3236"},{"taxonomy":"product_cat","embeddable":true,"href":"https:\/\/fmp-components.com\/pt\/wp-json\/wp\/v2\/product_cat?post=3236"},{"taxonomy":"product_tag","embeddable":true,"href":"https:\/\/fmp-components.com\/pt\/wp-json\/wp\/v2\/product_tag?post=3236"}],"curies":[{"name":"wp","href":"https:\/\/api.w.org\/{rel}","templated":true}]}}