{"id":3232,"date":"2025-01-05T08:05:23","date_gmt":"2025-01-05T08:05:23","guid":{"rendered":"https:\/\/fmp-components.com\/?page_id=8"},"modified":"2025-01-05T08:05:23","modified_gmt":"2025-01-05T08:05:23","slug":"gearbox-for-agricultural-machinery-h130-series","status":"publish","type":"product","link":"https:\/\/fmp-components.com\/pt\/product\/gearbox-for-agricultural-machinery-h130-series\/","title":{"rendered":"Caixa de engrenagens para m\u00e1quinas agr\u00edcolas s\u00e9rie H130"},"content":{"rendered":"<h3>Desenho t\u00e9cnico<\/h3>\n<p><img loading=\"lazy\" decoding=\"async\" class=\"alignnone size-full wp-image-3233\" src=\"https:\/\/fmp-components.com\/wp-content\/uploads\/2025\/01\/H130-Spec.webp\" alt=\"Especifica\u00e7\u00e3o H130\" width=\"1024\" height=\"446\" title=\"\" srcset=\"https:\/\/fmp-components.com\/wp-content\/uploads\/2025\/01\/H130-Spec.webp 1024w, https:\/\/fmp-components.com\/wp-content\/uploads\/2025\/01\/H130-Spec-980x427.webp 980w, https:\/\/fmp-components.com\/wp-content\/uploads\/2025\/01\/H130-Spec-480x209.webp 480w\" sizes=\"(min-width: 0px) and (max-width: 480px) 480px, (min-width: 481px) and (max-width: 980px) 980px, (min-width: 981px) 1024px, 100vw\" \/><\/p>\n<h2>Op\u00e7\u00e3o de rota\u00e7\u00e3o <img loading=\"lazy\" decoding=\"async\" class=\"alignnone size-full wp-image-3234\" src=\"https:\/\/fmp-components.com\/wp-content\/uploads\/2025\/01\/H130-Rotation-Option.webp\" alt=\"H130 - Op\u00e7\u00e3o de Rota\u00e7\u00e3o\" width=\"1024\" height=\"269\" title=\"\" srcset=\"https:\/\/fmp-components.com\/wp-content\/uploads\/2025\/01\/H130-Rotation-Option.webp 1024w, https:\/\/fmp-components.com\/wp-content\/uploads\/2025\/01\/H130-Rotation-Option-980x257.webp 980w, https:\/\/fmp-components.com\/wp-content\/uploads\/2025\/01\/H130-Rotation-Option-480x126.webp 480w\" sizes=\"(min-width: 0px) and (max-width: 480px) 480px, (min-width: 481px) and (max-width: 980px) 980px, (min-width: 981px) 1024px, 100vw\" \/><\/h2>\n<h3>Caracter\u00edsticas da caixa de engrenagens agr\u00edcola da s\u00e9rie H130<\/h3>\n<p>A caixa de engrenagens agr\u00edcola da s\u00e9rie H130 \u00e9 uma solu\u00e7\u00e3o premium projetada para aplica\u00e7\u00f5es em m\u00e1quinas agr\u00edcolas, oferecendo uma combina\u00e7\u00e3o de desempenho robusto, durabilidade e efici\u00eancia. Abaixo est\u00e3o os principais recursos desta caixa de engrenagens de alto desempenho:<\/p>\n<ul>\n<li><strong>Carca\u00e7a de alum\u00ednio de duas pe\u00e7as<\/strong>A S\u00e9rie H130 \u00e9 constru\u00edda com uma carca\u00e7a de alum\u00ednio bipartida, proporcionando excepcional resist\u00eancia e, ao mesmo tempo, garantindo uma estrutura leve. Esse design n\u00e3o s\u00f3 aprimora a integridade estrutural geral da caixa de engrenagens, como tamb\u00e9m oferece excelente resist\u00eancia \u00e0 corros\u00e3o, tornando-a ideal para ambientes agr\u00edcolas severos. Al\u00e9m disso, a carca\u00e7a de alum\u00ednio auxilia na dissipa\u00e7\u00e3o t\u00e9rmica, evitando o superaquecimento durante o uso prolongado.<\/li>\n<li><strong>Usinagem de precis\u00e3o para desempenho ideal<\/strong>A caixa de engrenagens \u00e9 usinada com precis\u00e3o para garantir um encaixe perfeito das engrenagens e a pr\u00e9-carga adequada dos rolamentos. Esse processo de fabrica\u00e7\u00e3o de precis\u00e3o minimiza o desgaste e o atrito, resultando em uma opera\u00e7\u00e3o mais suave e maior efici\u00eancia na transmiss\u00e3o de pot\u00eancia ao longo do tempo. As toler\u00e2ncias rigorosas ajudam a manter o desempenho da caixa de engrenagens mesmo em condi\u00e7\u00f5es agr\u00edcolas severas.<\/li>\n<li><strong>Engrenagens forjadas com precis\u00e3o com rela\u00e7\u00e3o de 1,61:1<\/strong>As engrenagens da caixa de engrenagens da S\u00e9rie H130 s\u00e3o forjadas com precis\u00e3o, proporcionando resist\u00eancia e confiabilidade excepcionais. Essas engrenagens de alta qualidade oferecem uma rela\u00e7\u00e3o de 1,61:1, encontrando um equil\u00edbrio entre velocidade e torque, garantindo desempenho ideal para uma variedade de tarefas agr\u00edcolas, como acionar implementos rotativos, arados ou outros equipamentos pesados.<\/li>\n<li><strong>Rolamentos de rolos c\u00f4nicos para maior durabilidade<\/strong>A utiliza\u00e7\u00e3o de rolamentos de rolos c\u00f4nicos aumenta a capacidade de carga e prolonga a vida \u00fatil do rolamento, mesmo sob altas tens\u00f5es e aplica\u00e7\u00f5es pesadas. Esses rolamentos oferecem suporte superior, reduzindo o risco de falhas e garantindo que a caixa de engrenagens opere com efici\u00eancia por per\u00edodos mais longos, reduzindo custos de manuten\u00e7\u00e3o e tempo de inatividade.<\/li>\n<li><strong>Eixos de a\u00e7o de alta resist\u00eancia<\/strong>A S\u00e9rie H130 vem equipada de s\u00e9rie com eixos de 1,375\u2033 fabricados em a\u00e7o de alta resist\u00eancia. Esses eixos de a\u00e7o s\u00e3o projetados para suportar o torque exigente e as tens\u00f5es operacionais encontradas em m\u00e1quinas agr\u00edcolas, garantindo m\u00e1xima confiabilidade e longa vida \u00fatil em condi\u00e7\u00f5es adversas.<\/li>\n<li><strong>Pronto para uso com lubrificante de engrenagens 80W90<\/strong>Para garantir um funcionamento perfeito desde o primeiro dia, a S\u00e9rie H130 \u00e9 lubrificada com \u00f3leo de engrenagem 80W90. Cada unidade passa por testes rigorosos, incluindo um processo de amaciamento e teste de vazamento, para garantir que n\u00e3o haja defeitos e que a caixa de engrenagens esteja pronta para uso imediato ap\u00f3s o envio.<\/li>\n<li><strong>Design leve e compacto<\/strong>Apesar de seu alto desempenho, a S\u00e9rie H130 foi projetada para ser compacta e leve, pesando apenas 16-18 kg, incluindo 740 ml de lubrificante. Isso facilita o manuseio e a instala\u00e7\u00e3o em diversas configura\u00e7\u00f5es de m\u00e1quinas agr\u00edcolas, oferecendo for\u00e7a e manobrabilidade.<\/li>\n<\/ul>\n<p>Em resumo, a caixa de engrenagens agr\u00edcola da s\u00e9rie H130 combina engenharia avan\u00e7ada, materiais dur\u00e1veis \u200b\u200be fabrica\u00e7\u00e3o precisa para oferecer uma solu\u00e7\u00e3o confi\u00e1vel e de alto desempenho para uma ampla gama de aplica\u00e7\u00f5es agr\u00edcolas. Ela proporciona um valor excepcional com sua durabilidade, f\u00e1cil manuten\u00e7\u00e3o e opera\u00e7\u00e3o eficiente.<\/p>\n<h2>Sobre a FMP<\/h2>\n<p>Com sede na It\u00e1lia, a FMP \u00e9 uma fabricante l\u00edder reconhecida por sua expertise em projetar, desenvolver e produzir caixas de engrenagens de alto desempenho, com foco especializado no setor de m\u00e1quinas agr\u00edcolas. Com reputa\u00e7\u00e3o de engenharia de precis\u00e3o, solu\u00e7\u00f5es inovadoras e confiabilidade inabal\u00e1vel, a FMP se tornou uma parceira de confian\u00e7a para diversos setores, da agricultura a outros. Nosso abrangente portf\u00f3lio de produtos inclui caixas de engrenagens projetadas sob medida para cortadores de grama, eixos de tomada de for\u00e7a (TDF) e uma variedade de componentes essenciais, cada um desenvolvido para atender \u00e0s demandas espec\u00edficas de diversas aplica\u00e7\u00f5es.<\/p>\n<p>Na FMP, reconhecemos que cada cliente enfrenta desafios e requisitos espec\u00edficos. Essa compreens\u00e3o impulsiona nosso compromisso em fornecer solu\u00e7\u00f5es personalizadas e altamente eficazes, sejam elas para componentes individuais ou sistemas totalmente integrados. Trabalhando em estreita colabora\u00e7\u00e3o com nossos clientes, garantimos que cada solu\u00e7\u00e3o n\u00e3o apenas atenda \u00e0s suas necessidades precisas, mas tamb\u00e9m maximize o desempenho operacional e o valor. Nos orgulhamos da nossa capacidade de responder com rapidez, profissionalismo e orienta\u00e7\u00e3o especializada, garantindo que cada solicita\u00e7\u00e3o seja tratada com aten\u00e7\u00e3o aos detalhes, resultando nos melhores resultados poss\u00edveis.<\/p>\n<p>Nossa abordagem se baseia em uma comunica\u00e7\u00e3o clara e cont\u00ednua ao longo de todo o ciclo de desenvolvimento do produto. Nossa equipe trabalha diretamente com os clientes para compreender profundamente suas necessidades e fornecer insights e recomenda\u00e7\u00f5es valiosas que garantam resultados otimizados. Seja projetando novos produtos inovadores ou atendendo a pedidos de rotina, a FMP mant\u00e9m o compromisso de entregar solu\u00e7\u00f5es de alta qualidade e engenharia de precis\u00e3o \u2014 sempre no prazo. Nossa miss\u00e3o \u00e9 superar consistentemente as expectativas dos clientes, oferecendo servi\u00e7os e resultados excepcionais em cada projeto.<\/p>\n<p>Na FMP, a qualidade n\u00e3o \u00e9 apenas uma meta; \u00e9 a base de tudo o que fazemos. Aderimos aos mais altos padr\u00f5es de fabrica\u00e7\u00e3o e implementamos medidas rigorosas de controle de qualidade em cada etapa do processo de produ\u00e7\u00e3o para garantir que cada produto n\u00e3o apenas atenda, mas muitas vezes supere os padr\u00f5es da ind\u00fastria. Nossa dedica\u00e7\u00e3o \u00e0 excel\u00eancia, juntamente com nossos valores fundamentais de integridade, trabalho em equipe e perseveran\u00e7a, nos permitiu construir relacionamentos duradouros e baseados na confian\u00e7a com clientes em quase 30 pa\u00edses em todo o mundo.<\/p>\n<p>Estamos comprometidos em fomentar parcerias globais de longo prazo, oferecendo consultoria especializada e solu\u00e7\u00f5es personalizadas que atendam \u00e0s necessidades em constante evolu\u00e7\u00e3o de nossos clientes. Acreditamos no cultivo de relacionamentos mutuamente ben\u00e9ficos que contribuam para o sucesso de cada projeto. Seja para encontrar solu\u00e7\u00f5es inovadoras para uma nova iniciativa ou para obter suporte cont\u00ednuo para um sistema existente, a FMP est\u00e1 aqui para ajud\u00e1-lo a superar desafios t\u00e9cnicos e garantir seu sucesso cont\u00ednuo.<\/p>\n<p><img loading=\"lazy\" decoding=\"async\" class=\"alignnone wp-image-2695\" src=\"https:\/\/fmp-components.com\/wp-content\/uploads\/2025\/01\/agricultural-gearbox3.webp\" alt=\"caixa de engrenagens agr\u00edcolas\" width=\"1140\" height=\"1138\" title=\"\" srcset=\"https:\/\/fmp-components.com\/wp-content\/uploads\/2025\/01\/agricultural-gearbox3.webp 1140w, https:\/\/fmp-components.com\/wp-content\/uploads\/2025\/01\/agricultural-gearbox3-480x479.webp 480w\" sizes=\"(min-width: 0px) and (max-width: 480px) 480px, (min-width: 481px) 1140px, 100vw\" \/><\/p>\n<p>Autor: CX<\/p>","protected":false},"excerpt":{"rendered":"<p>Technical Drawing Rotation Option Features of H130 Series Agricultural Gearbox The H130 Series Agricultural Gearbox is a premium solution designed for agricultural machinery applications, offering a combination of robust performance, durability, and efficiency. Below are the standout features of this high-performance gearbox: Two-Piece Aluminum Housing: The H130 Series is built with a two-piece aluminum housing, [&hellip;]<\/p>","protected":false},"featured_media":3235,"comment_status":"open","ping_status":"closed","template":"","meta":{"_et_pb_use_builder":"","_et_pb_old_content":"","_et_gb_content_width":""},"product_brand":[],"product_cat":[78],"product_tag":[],"class_list":{"0":"post-3232","1":"product","2":"type-product","3":"status-publish","4":"has-post-thumbnail","6":"product_cat-gearbox-for-agricultural-machinery","8":"first","9":"instock","10":"shipping-taxable","11":"product-type-simple"},"_links":{"self":[{"href":"https:\/\/fmp-components.com\/pt\/wp-json\/wp\/v2\/product\/3232","targetHints":{"allow":["GET"]}}],"collection":[{"href":"https:\/\/fmp-components.com\/pt\/wp-json\/wp\/v2\/product"}],"about":[{"href":"https:\/\/fmp-components.com\/pt\/wp-json\/wp\/v2\/types\/product"}],"replies":[{"embeddable":true,"href":"https:\/\/fmp-components.com\/pt\/wp-json\/wp\/v2\/comments?post=3232"}],"wp:featuredmedia":[{"embeddable":true,"href":"https:\/\/fmp-components.com\/pt\/wp-json\/wp\/v2\/media\/3235"}],"wp:attachment":[{"href":"https:\/\/fmp-components.com\/pt\/wp-json\/wp\/v2\/media?parent=3232"}],"wp:term":[{"taxonomy":"product_brand","embeddable":true,"href":"https:\/\/fmp-components.com\/pt\/wp-json\/wp\/v2\/product_brand?post=3232"},{"taxonomy":"product_cat","embeddable":true,"href":"https:\/\/fmp-components.com\/pt\/wp-json\/wp\/v2\/product_cat?post=3232"},{"taxonomy":"product_tag","embeddable":true,"href":"https:\/\/fmp-components.com\/pt\/wp-json\/wp\/v2\/product_tag?post=3232"}],"curies":[{"name":"wp","href":"https:\/\/api.w.org\/{rel}","templated":true}]}}