{"id":3129,"date":"2025-01-05T02:44:39","date_gmt":"2025-01-05T02:44:39","guid":{"rendered":"https:\/\/fmp-components.com\/?page_id=8"},"modified":"2025-01-05T02:44:39","modified_gmt":"2025-01-05T02:44:39","slug":"grain-auger-gearbox-fmp-2390-for-agricultural-grain-storage-and-transportation","status":"publish","type":"product","link":"https:\/\/fmp-components.com\/pt\/product\/grain-auger-gearbox-fmp-2390-for-agricultural-grain-storage-and-transportation\/","title":{"rendered":"Caixa de engrenagens do sem-fim de gr\u00e3os FMP-2390 para armazenamento e transporte de gr\u00e3os agr\u00edcolas"},"content":{"rendered":"<h2>Especifica\u00e7\u00f5es da caixa de engrenagens do transportador de gr\u00e3os FMP-2390<\/h2>\n<p><img loading=\"lazy\" decoding=\"async\" class=\"alignnone size-full wp-image-3131\" src=\"https:\/\/fmp-components.com\/wp-content\/uploads\/2025\/01\/Grain-Auger-Gearbox-EP-2390-Dimension.webp\" alt=\"Caixa de Engrenagens para Rosca Transportadora de Gr\u00e3os - EP-2390 - Dimens\u00f5es\" width=\"1534\" height=\"1064\" title=\"\" srcset=\"https:\/\/fmp-components.com\/wp-content\/uploads\/2025\/01\/Grain-Auger-Gearbox-EP-2390-Dimension.webp 1534w, https:\/\/fmp-components.com\/wp-content\/uploads\/2025\/01\/Grain-Auger-Gearbox-EP-2390-Dimension-1280x888.webp 1280w, https:\/\/fmp-components.com\/wp-content\/uploads\/2025\/01\/Grain-Auger-Gearbox-EP-2390-Dimension-980x680.webp 980w, https:\/\/fmp-components.com\/wp-content\/uploads\/2025\/01\/Grain-Auger-Gearbox-EP-2390-Dimension-480x333.webp 480w\" sizes=\"(min-width: 0px) and (max-width: 480px) 480px, (min-width: 481px) and (max-width: 980px) 980px, (min-width: 981px) and (max-width: 1280px) 1280px, (min-width: 1281px) 1534px, 100vw\" \/><\/p>\n<table style=\"width: 95.8687%; height: 220px;\" border=\"1\" cellspacing=\"0\" cellpadding=\"0\">\n<tbody>\n<tr class=\"firstRow\">\n<td>Nome do produto<\/td>\n<td>Caixa de engrenagens para rosca transportadora de gr\u00e3os FMP-2390<\/td>\n<\/tr>\n<tr>\n<td>Material<\/td>\n<td>Carca\u00e7a em HT250, eixo em 20CrMnTi<\/td>\n<\/tr>\n<tr>\n<td>Cor<\/td>\n<td>Escuro, vermelho ou conforme personalizado<\/td>\n<\/tr>\n<tr>\n<td>Tipo<\/td>\n<td>engrenagem c\u00f4nica<\/td>\n<\/tr>\n<tr>\n<td>Raz\u00e3o<\/td>\n<td>1:1<\/td>\n<\/tr>\n<tr>\n<td>Consequ\u00eancia<\/td>\n<td>QC ou C&amp;U ou NTN<\/td>\n<\/tr>\n<tr>\n<td>Garantia<\/td>\n<td>um ano e meio<\/td>\n<\/tr>\n<tr>\n<td>Usado<\/td>\n<td>armazenamento de gr\u00e3os<\/td>\n<\/tr>\n<\/tbody>\n<\/table>\n<h3>Aplica\u00e7\u00f5es da caixa de engrenagens do transportador helicoidal de gr\u00e3os para armazenamento e transporte de gr\u00e3os.<\/h3>\n<p>As caixas de engrenagens para roscas transportadoras de gr\u00e3os desempenham um papel fundamental na movimenta\u00e7\u00e3o e manuseio eficientes de gr\u00e3os durante os processos de armazenamento e transporte. A seguir, apresentamos as principais aplica\u00e7\u00f5es das caixas de engrenagens para roscas transportadoras de gr\u00e3os nesses setores:<\/p>\n<ol>\n<li><strong>Silos de armazenamento de gr\u00e3os:<\/strong>\n<ul>\n<li><strong>Elevadores de gr\u00e3os:<\/strong> A caixa de engrenagens aciona as roscas transportadoras utilizadas nos elevadores de gr\u00e3os, elevando os gr\u00e3os para os diversos n\u00edveis de armazenamento dentro dos silos. A movimenta\u00e7\u00e3o eficiente dos gr\u00e3os \u00e9 essencial para evitar aglomera\u00e7\u00f5es ou danos, garantindo condi\u00e7\u00f5es ideais de armazenamento.<\/li>\n<li><strong>Sistemas de descarga:<\/strong> As caixas de engrenagens helicoidais s\u00e3o essenciais para descarregar gr\u00e3os de silos de armazenamento para caminh\u00f5es, esteiras transportadoras ou outros sistemas de transporte. Sua precis\u00e3o garante um fluxo de gr\u00e3os suave e constante, evitando bloqueios ou atrasos.<\/li>\n<\/ul>\n<\/li>\n<li><strong>Instala\u00e7\u00f5es para Manuseio de Gr\u00e3os:<\/strong>\n<ul>\n<li><strong>Sistemas de transporte por esteira:<\/strong> Em instala\u00e7\u00f5es de manuseio de gr\u00e3os, as caixas de engrenagens helicoidais s\u00e3o usadas para acionar transportadores de parafuso que movimentam os gr\u00e3os por diversas se\u00e7\u00f5es da planta de processamento. Elas garantem que os gr\u00e3os sejam transportados rapidamente entre as \u00e1reas de armazenamento, limpeza e moagem.<\/li>\n<li><strong>Sistemas de secagem:<\/strong> As caixas de engrenagens para roscas transportadoras de gr\u00e3os s\u00e3o utilizadas em sistemas de secagem, onde as roscas transportam os gr\u00e3os atrav\u00e9s das c\u00e2maras de secagem, permitindo um fluxo de ar constante e a redu\u00e7\u00e3o da umidade. Isso garante que os gr\u00e3os permane\u00e7am em \u00f3timas condi\u00e7\u00f5es para armazenamento a longo prazo.<\/li>\n<\/ul>\n<\/li>\n<li><strong>Transporte de gr\u00e3os para o mercado:<\/strong>\n<ul>\n<li><strong>Carregamento de caminh\u00f5es:<\/strong> As caixas de engrenagens para roscas transportadoras s\u00e3o essenciais em esta\u00e7\u00f5es de carregamento de caminh\u00f5es, onde s\u00e3o utilizadas para movimentar gr\u00e3os de silos ou armaz\u00e9ns para caminh\u00f5es, para posterior distribui\u00e7\u00e3o. A caixa de engrenagens garante uma transfer\u00eancia de gr\u00e3os suave, r\u00e1pida e controlada.<\/li>\n<li><strong>Manuseio de gr\u00e3os a granel:<\/strong> Em instala\u00e7\u00f5es que lidam com o manuseio de gr\u00e3os a granel em grande escala, as caixas de engrenagens de rosca sem-fim fornecem o torque necess\u00e1rio para transportar os gr\u00e3os de forma eficiente, minimizando o derramamento e o desperd\u00edcio, ao mesmo tempo que maximizam a produtividade.<\/li>\n<\/ul>\n<\/li>\n<li><strong>Processamento e moagem de gr\u00e3os:<\/strong>\n<ul>\n<li><strong>Sistemas de limpeza:<\/strong> Os transportadores de gr\u00e3os movidos a caixas de engrenagens s\u00e3o usados \u200b\u200bem sistemas de limpeza para movimentar os gr\u00e3os atrav\u00e9s de diversas m\u00e1quinas de peneiramento, classifica\u00e7\u00e3o e separa\u00e7\u00e3o. Esses transportadores ajudam a remover detritos indesejados e garantem que os gr\u00e3os estejam prontos para moagem ou processamento posterior.<\/li>\n<li><strong>Unidades de moagem:<\/strong> As caixas de engrenagens helicoidais tamb\u00e9m auxiliam no transporte de gr\u00e3os atrav\u00e9s de unidades de moagem, onde os gr\u00e3os s\u00e3o mo\u00eddos para produzir farinha ou processados \u200b\u200bpara outros usos. Elas permitem a alimenta\u00e7\u00e3o constante de gr\u00e3os em moinhos ou trituradores.<\/li>\n<\/ul>\n<\/li>\n<li><strong>Uso na fazenda:<\/strong>\n<ul>\n<li><strong>Rosca transportadora agr\u00edcola:<\/strong> Para o transporte de gr\u00e3os das colheitadeiras para silos ou reboques, as caixas de engrenagens para roscas transportadoras s\u00e3o comumente utilizadas nas fazendas. Essas caixas de engrenagens fornecem o torque e o controle necess\u00e1rios para as roscas transportadoras, tornando-as eficazes para a transfer\u00eancia de gr\u00e3os durante as \u00e9pocas de colheita.<\/li>\n<li><strong>Sistemas de silos para gr\u00e3os:<\/strong> As caixas de engrenagens helicoidais em silos de gr\u00e3os facilitam a movimenta\u00e7\u00e3o de gr\u00e3os para diferentes \u00e1reas da fazenda ou instala\u00e7\u00f5es de armazenamento, garantindo que os gr\u00e3os n\u00e3o sejam danificados durante o processo de transfer\u00eancia.<\/li>\n<\/ul>\n<\/li>\n<\/ol>\n<p>Ao utilizar caixas de engrenagens para roscas transportadoras de gr\u00e3os, as instala\u00e7\u00f5es agr\u00edcolas e de armazenamento podem otimizar as opera\u00e7\u00f5es, reduzir os custos operacionais e manter altos padr\u00f5es de qualidade dos gr\u00e3os.<\/p>\n<p><img loading=\"lazy\" decoding=\"async\" class=\"size-full wp-image-3132 aligncenter\" src=\"https:\/\/fmp-components.com\/wp-content\/uploads\/2025\/01\/Grain-Transportation-Gearbox-5.webp\" alt=\"Caixa de Engrenagens para Transporte de Gr\u00e3os - 5\" width=\"800\" height=\"800\" title=\"\" srcset=\"https:\/\/fmp-components.com\/wp-content\/uploads\/2025\/01\/Grain-Transportation-Gearbox-5.webp 800w, https:\/\/fmp-components.com\/wp-content\/uploads\/2025\/01\/Grain-Transportation-Gearbox-5-480x480.webp 480w\" sizes=\"(min-width: 0px) and (max-width: 480px) 480px, (min-width: 481px) 800px, 100vw\" \/><\/p>\n<h2>Componentes principais da caixa de engrenagens do transportador helicoidal de gr\u00e3os<\/h2>\n<p>A caixa de engrenagens do transportador helicoidal de gr\u00e3os \u00e9 um componente cr\u00edtico em sistemas agr\u00edcolas e de armazenamento, pois garante o movimento eficiente dos gr\u00e3os em diversos processos, como transporte, armazenamento e moagem. Os principais componentes de uma caixa de engrenagens de transportador helicoidal de gr\u00e3os s\u00e3o projetados para durabilidade, desempenho e efici\u00eancia. Aqui est\u00e3o os componentes principais:<\/p>\n<ol>\n<li><strong>Carca\u00e7a (Caixa de Engrenagens):<\/strong>\n<ul>\n<li>A carca\u00e7a externa protege os componentes internos da caixa de engrenagens. Normalmente feita de materiais de alta resist\u00eancia, como ferro fundido ou a\u00e7o dur\u00e1vel, a carca\u00e7a garante que a caixa de engrenagens suporte as condi\u00e7\u00f5es adversas dos ambientes agr\u00edcolas, incluindo exposi\u00e7\u00e3o \u00e0 poeira, umidade e temperaturas extremas.<\/li>\n<\/ul>\n<\/li>\n<li><strong>Eixo de entrada:<\/strong>\n<ul>\n<li>O eixo de entrada \u00e9 o componente que recebe energia da fonte de acionamento (por exemplo, um motor el\u00e9trico, a tomada de for\u00e7a de um trator ou um motor a combust\u00e3o). Ele transfere o movimento rotacional para a caixa de engrenagens, que ent\u00e3o o transmite para o mecanismo da rosca sem-fim. O eixo de entrada \u00e9 projetado para suportar altas velocidades de rota\u00e7\u00e3o e cargas de torque.<\/li>\n<\/ul>\n<\/li>\n<li><strong>Eixo de sa\u00edda:<\/strong>\n<ul>\n<li>O eixo de sa\u00edda est\u00e1 conectado \u00e0 rosca transportadora e transmite o movimento rotacional gerado pela caixa de engrenagens para a pr\u00f3pria rosca. Ele desempenha um papel vital para garantir que a rosca opere suavemente e movimente os gr\u00e3os. O eixo de sa\u00edda geralmente \u00e9 projetado com rolamentos refor\u00e7ados para suportar a carga e evitar desgaste durante longas horas de opera\u00e7\u00e3o.<\/li>\n<\/ul>\n<\/li>\n<li><strong>Engrenagens:<\/strong>\n<ul>\n<li>As engrenagens dentro da caixa de engrenagens s\u00e3o os principais componentes respons\u00e1veis \u200b\u200bpor converter o torque e a velocidade de entrada na sa\u00edda desejada. Os tipos comuns de engrenagens usados \u200b\u200bem caixas de engrenagens de transportadores de gr\u00e3os incluem:\n<ul>\n<li><strong>Engrenagens helicoidais:<\/strong> Proporciona um funcionamento suave e silencioso com maior efici\u00eancia.<\/li>\n<li><strong>Engrenagens cil\u00edndricas de dentes retos:<\/strong> Mais simples e com melhor custo-benef\u00edcio, por\u00e9m geralmente mais ruidosas do que as engrenagens helicoidais.<\/li>\n<li><strong>Engrenagens c\u00f4nicas:<\/strong> Utilizado para alterar o sentido de rota\u00e7\u00e3o, comumente encontrado em caixas de engrenagens de \u00e2ngulo reto.<\/li>\n<\/ul>\n<\/li>\n<li>A escolha do tipo de engrenagem depende do torque, da velocidade e da durabilidade necess\u00e1rios.<\/li>\n<\/ul>\n<\/li>\n<li><strong>Rolamentos:<\/strong>\n<ul>\n<li>Os rolamentos suportam os eixos rotativos dentro da caixa de engrenagens, minimizando o atrito e garantindo um funcionamento suave. S\u00e3o essenciais para manter a estabilidade e reduzir o desgaste, especialmente sob cargas pesadas. Rolamentos de alta qualidade s\u00e3o escolhidos para prolongar a vida \u00fatil da caixa de engrenagens e reduzir a necessidade de manuten\u00e7\u00e3o.<\/li>\n<\/ul>\n<\/li>\n<\/ol>\n<p>Os principais componentes de uma caixa de engrenagens de rosca transportadora de gr\u00e3os trabalham em conjunto para proporcionar um desempenho eficiente e confi\u00e1vel no manuseio e transporte de gr\u00e3os. A sele\u00e7\u00e3o, manuten\u00e7\u00e3o e lubrifica\u00e7\u00e3o adequadas desses componentes s\u00e3o essenciais para garantir o funcionamento ideal e uma longa vida \u00fatil, tornando a caixa de engrenagens da rosca transportadora de gr\u00e3os uma parte vital das opera\u00e7\u00f5es agr\u00edcolas e de armazenamento modernas.<\/p>\n<p><img loading=\"lazy\" decoding=\"async\" class=\"alignnone size-full wp-image-3133\" src=\"https:\/\/fmp-components.com\/wp-content\/uploads\/2025\/01\/Grain-Transportation-Gearbox-6.webp\" alt=\"Caixa de Engrenagens para Transporte de Gr\u00e3os-6\" width=\"1534\" height=\"1286\" title=\"\" srcset=\"https:\/\/fmp-components.com\/wp-content\/uploads\/2025\/01\/Grain-Transportation-Gearbox-6.webp 1534w, https:\/\/fmp-components.com\/wp-content\/uploads\/2025\/01\/Grain-Transportation-Gearbox-6-1280x1073.webp 1280w, https:\/\/fmp-components.com\/wp-content\/uploads\/2025\/01\/Grain-Transportation-Gearbox-6-980x822.webp 980w, https:\/\/fmp-components.com\/wp-content\/uploads\/2025\/01\/Grain-Transportation-Gearbox-6-480x402.webp 480w\" sizes=\"(min-width: 0px) and (max-width: 480px) 480px, (min-width: 481px) and (max-width: 980px) 980px, (min-width: 981px) and (max-width: 1280px) 1280px, (min-width: 1281px) 1534px, 100vw\" \/><\/p>\n<h2>Sobre a FMP<\/h2>\n<p>Com sede na It\u00e1lia, a FMP \u00e9 uma fabricante l\u00edder, reconhecida por sua expertise em projeto, desenvolvimento e produ\u00e7\u00e3o de caixas de engrenagens de alto desempenho, com foco principal no setor de m\u00e1quinas agr\u00edcolas. Reconhecida por sua engenharia de precis\u00e3o, solu\u00e7\u00f5es inovadoras e confiabilidade inabal\u00e1vel, a FMP conquistou a reputa\u00e7\u00e3o de parceira confi\u00e1vel nos mercados agr\u00edcola e industrial. Nosso abrangente portf\u00f3lio inclui caixas de engrenagens personalizadas para cortadores de grama, eixos de tomada de for\u00e7a e uma ampla gama de componentes essenciais, todos meticulosamente projetados para atender \u00e0s demandas espec\u00edficas de diversas aplica\u00e7\u00f5es.<\/p>\n<p>Na FMP, entendemos que cada cliente enfrenta desafios \u00fanicos. \u00c9 por isso que nos especializamos em fornecer solu\u00e7\u00f5es personalizadas, seja para componentes individuais ou sistemas totalmente integrados. Por meio de uma colabora\u00e7\u00e3o estreita com nossos clientes, garantimos que cada solu\u00e7\u00e3o n\u00e3o apenas atenda \u00e0s suas necessidades, mas tamb\u00e9m otimize o desempenho e maximize o valor. Nosso compromisso com respostas r\u00e1pidas e profissionais, al\u00e9m de orienta\u00e7\u00e3o especializada, garante que cada consulta seja tratada com precis\u00e3o, garantindo sempre os melhores resultados.<\/p>\n<p>Priorizamos uma comunica\u00e7\u00e3o clara e cont\u00ednua durante todo o ciclo de desenvolvimento do produto. Nossa equipe dedicada trabalha em estreita colabora\u00e7\u00e3o com os clientes para entender completamente suas necessidades e fornecer insights e recomenda\u00e7\u00f5es valiosas para alcan\u00e7ar os melhores resultados. Seja projetando produtos de \u00faltima gera\u00e7\u00e3o ou atendendo pedidos de rotina, a FMP est\u00e1 comprometida em entregar solu\u00e7\u00f5es de alta qualidade e engenharia de precis\u00e3o, sempre no prazo. Nossa miss\u00e3o \u00e9 superar consistentemente as expectativas dos clientes, fornecendo servi\u00e7os e resultados excepcionais em cada projeto.<\/p>\n<p>A qualidade est\u00e1 no centro das opera\u00e7\u00f5es da FMP. Mantemos os mais altos padr\u00f5es de fabrica\u00e7\u00e3o e implementamos rigorosas medidas de controle de qualidade para garantir que cada produto atenda, e muitas vezes supere, os padr\u00f5es do setor. Esse compromisso com a excel\u00eancia, aliado aos nossos valores fundamentais de integridade, trabalho em equipe e perseveran\u00e7a, nos permitiu construir relacionamentos duradouros e baseados na confian\u00e7a com clientes em quase 30 pa\u00edses ao redor do mundo.<\/p>\n<p>A FMP est\u00e1 sempre empenhada em cultivar parcerias globais, oferecendo consultoria especializada e solu\u00e7\u00f5es personalizadas que atendam \u00e0s necessidades em constante evolu\u00e7\u00e3o de nossos clientes. Buscamos construir relacionamentos duradouros e mutuamente ben\u00e9ficos que contribuam para o sucesso de cada projeto. Seja para solu\u00e7\u00f5es inovadoras para uma nova iniciativa ou suporte cont\u00ednuo para um sistema existente, a FMP est\u00e1 pronta para ajud\u00e1-lo a superar desafios t\u00e9cnicos e garantir seu sucesso cont\u00ednuo.<\/p>\n<p><img loading=\"lazy\" decoding=\"async\" class=\"alignnone wp-image-2695\" src=\"https:\/\/fmp-components.com\/wp-content\/uploads\/2025\/01\/agricultural-gearbox3.webp\" alt=\"caixa de engrenagens agr\u00edcolas\" width=\"1140\" height=\"1138\" title=\"\" srcset=\"https:\/\/fmp-components.com\/wp-content\/uploads\/2025\/01\/agricultural-gearbox3.webp 1140w, https:\/\/fmp-components.com\/wp-content\/uploads\/2025\/01\/agricultural-gearbox3-480x479.webp 480w\" sizes=\"(min-width: 0px) and (max-width: 480px) 480px, (min-width: 481px) 1140px, 100vw\" \/><\/p>\n<p>Autor: CX<\/p>","protected":false},"excerpt":{"rendered":"<p>Grain Auger Gearbox FMP-2390 Specifications Product Name Grain auger gearbox FMP-2390 Material Housing as HT250, Shaft as 20CrMnTi Color Dark or Red or as customized Type Bevel gear Ratio 1:1 Bearing QC or C&amp;U or NTN Warranty one and half year Used grain storage Applications of Grain Auger Gearbox for Grain Storage and Transportation Grain [&hellip;]<\/p>","protected":false},"featured_media":3130,"comment_status":"open","ping_status":"closed","template":"","meta":{"_et_pb_use_builder":"","_et_pb_old_content":"","_et_gb_content_width":""},"product_brand":[],"product_cat":[74],"product_tag":[],"class_list":{"0":"post-3129","1":"product","2":"type-product","3":"status-publish","4":"has-post-thumbnail","6":"product_cat-grain-transportation-gearbox","8":"first","9":"instock","10":"shipping-taxable","11":"product-type-simple"},"_links":{"self":[{"href":"https:\/\/fmp-components.com\/pt\/wp-json\/wp\/v2\/product\/3129","targetHints":{"allow":["GET"]}}],"collection":[{"href":"https:\/\/fmp-components.com\/pt\/wp-json\/wp\/v2\/product"}],"about":[{"href":"https:\/\/fmp-components.com\/pt\/wp-json\/wp\/v2\/types\/product"}],"replies":[{"embeddable":true,"href":"https:\/\/fmp-components.com\/pt\/wp-json\/wp\/v2\/comments?post=3129"}],"wp:featuredmedia":[{"embeddable":true,"href":"https:\/\/fmp-components.com\/pt\/wp-json\/wp\/v2\/media\/3130"}],"wp:attachment":[{"href":"https:\/\/fmp-components.com\/pt\/wp-json\/wp\/v2\/media?parent=3129"}],"wp:term":[{"taxonomy":"product_brand","embeddable":true,"href":"https:\/\/fmp-components.com\/pt\/wp-json\/wp\/v2\/product_brand?post=3129"},{"taxonomy":"product_cat","embeddable":true,"href":"https:\/\/fmp-components.com\/pt\/wp-json\/wp\/v2\/product_cat?post=3129"},{"taxonomy":"product_tag","embeddable":true,"href":"https:\/\/fmp-components.com\/pt\/wp-json\/wp\/v2\/product_tag?post=3129"}],"curies":[{"name":"wp","href":"https:\/\/api.w.org\/{rel}","templated":true}]}}