{"id":3123,"date":"2025-01-05T02:34:03","date_gmt":"2025-01-05T02:34:03","guid":{"rendered":"https:\/\/fmp-components.com\/?page_id=8"},"modified":"2025-01-05T02:37:15","modified_gmt":"2025-01-05T02:37:15","slug":"grain-transportation-gearbox-fmp-1001-for-agricultural-grain-transportation","status":"publish","type":"product","link":"https:\/\/fmp-components.com\/pt\/product\/grain-transportation-gearbox-fmp-1001-for-agricultural-grain-transportation\/","title":{"rendered":"Caixa de engrenagens para transporte de gr\u00e3os FMP-1001 para transporte de gr\u00e3os agr\u00edcolas"},"content":{"rendered":"<h2>Caixa de engrenagens para transporte de gr\u00e3os FMP-1001 Dimens\u00e3o<\/h2>\n<p><img loading=\"lazy\" decoding=\"async\" class=\"alignnone size-full wp-image-3127\" src=\"https:\/\/fmp-components.com\/wp-content\/uploads\/2025\/01\/Grain-Transportation-Gearbox-EP-1001-Dimensions.webp\" alt=\"Caixa de engrenagens para transporte de gr\u00e3os EP 1001 - Dimens\u00f5es\" width=\"891\" height=\"593\" title=\"\" srcset=\"https:\/\/fmp-components.com\/wp-content\/uploads\/2025\/01\/Grain-Transportation-Gearbox-EP-1001-Dimensions.webp 891w, https:\/\/fmp-components.com\/wp-content\/uploads\/2025\/01\/Grain-Transportation-Gearbox-EP-1001-Dimensions-480x319.webp 480w\" sizes=\"(min-width: 0px) and (max-width: 480px) 480px, (min-width: 481px) 891px, 100vw\" \/><\/p>\n<h2>Especifica\u00e7\u00f5es da caixa de engrenagens para transporte de gr\u00e3os FMP-1001<\/h2>\n<table border=\"1\" width=\"100%\" cellspacing=\"0\" cellpadding=\"0\">\n<tbody>\n<tr>\n<td>Nome do produto<\/td>\n<td>Caixa de engrenagens para transporte de gr\u00e3os<\/td>\n<\/tr>\n<tr>\n<td>Modelo<\/td>\n<td>EP-1001<\/td>\n<\/tr>\n<tr>\n<td>Cor<\/td>\n<td>Personaliza\u00e7\u00e3o<\/td>\n<\/tr>\n<tr>\n<td>Material<\/td>\n<td>HT250 para carca\u00e7a, 20CrMnTi para eixo de engrenagem.<\/td>\n<\/tr>\n<tr>\n<td>Usado<\/td>\n<td>Transmiss\u00e3o de transporte de gr\u00e3os<\/td>\n<\/tr>\n<\/tbody>\n<\/table>\n<h3>Vantagens de usar a caixa de engrenagens para transporte de gr\u00e3os FMP-1001<\/h3>\n<ol>\n<li><strong>Efici\u00eancia aprimorada<\/strong>: A caixa de engrenagens para transporte de gr\u00e3os FMP-1001 foi projetada para transmiss\u00e3o de pot\u00eancia ideal, garantindo um movimento suave e eficiente dos gr\u00e3os. Sua alta capacidade de torque permite um transporte eficaz, reduzindo o tempo de inatividade e melhorando a efici\u00eancia operacional geral.<\/li>\n<li><strong>Constru\u00e7\u00e3o dur\u00e1vel<\/strong>: Constru\u00eddo com materiais robustos, o FMP-1001 foi projetado para suportar as duras condi\u00e7\u00f5es de trabalho comumente encontradas no transporte de gr\u00e3os. Sua constru\u00e7\u00e3o dur\u00e1vel garante confiabilidade a longo prazo, mesmo sob cargas pesadas, garantindo um baixo custo de propriedade ao longo do tempo.<\/li>\n<li><strong>Engenharia de Precis\u00e3o<\/strong>: A caixa de engrenagens \u00e9 meticulosamente fabricada com precis\u00e3o para garantir integra\u00e7\u00e3o perfeita com equipamentos de manuseio de gr\u00e3os. Isso garante desempenho ideal e reduz a probabilidade de problemas mec\u00e2nicos que possam interromper as opera\u00e7\u00f5es.<\/li>\n<li><strong>Economia de energia<\/strong>: O design eficiente do FMP-1001 ajuda a reduzir o consumo de energia, tornando-o uma op\u00e7\u00e3o ecologicamente correta para sistemas de transporte de gr\u00e3os. Isso se traduz em menores custos operacionais e menor impacto ambiental.<\/li>\n<li><strong>Solu\u00e7\u00f5es personaliz\u00e1veis<\/strong>: A FMP oferece flexibilidade na adapta\u00e7\u00e3o do FMP-1001 para atender a requisitos espec\u00edficos, fornecendo solu\u00e7\u00f5es personalizadas que otimizam o desempenho da caixa de engrenagens para diversas necessidades de manuseio e transporte de gr\u00e3os.<\/li>\n<\/ol>\n<p><img loading=\"lazy\" decoding=\"async\" class=\"alignnone size-full wp-image-3128\" src=\"https:\/\/fmp-components.com\/wp-content\/uploads\/2025\/01\/Grain-Transportation-Gearbox-11.webp\" alt=\"Caixa de engrenagens para transporte de gr\u00e3os 11\" width=\"1534\" height=\"1286\" title=\"\" srcset=\"https:\/\/fmp-components.com\/wp-content\/uploads\/2025\/01\/Grain-Transportation-Gearbox-11.webp 1534w, https:\/\/fmp-components.com\/wp-content\/uploads\/2025\/01\/Grain-Transportation-Gearbox-11-1280x1073.webp 1280w, https:\/\/fmp-components.com\/wp-content\/uploads\/2025\/01\/Grain-Transportation-Gearbox-11-980x822.webp 980w, https:\/\/fmp-components.com\/wp-content\/uploads\/2025\/01\/Grain-Transportation-Gearbox-11-480x402.webp 480w\" sizes=\"(min-width: 0px) and (max-width: 480px) 480px, (min-width: 481px) and (max-width: 980px) 980px, (min-width: 981px) and (max-width: 1280px) 1280px, (min-width: 1281px) 1534px, 100vw\" \/><\/p>\n<h3>Aplica\u00e7\u00f5es da caixa de engrenagens para transporte de gr\u00e3os FMP-1001<\/h3>\n<ol>\n<li><strong>Elevadores de gr\u00e3os<\/strong>:A caixa de engrenagens FMP-1001 \u00e9 ideal para uso em elevadores de gr\u00e3os, onde facilita a eleva\u00e7\u00e3o e o transporte de gr\u00e3os de n\u00edveis mais baixos para silos de armazenamento ou \u00e1reas de processamento, garantindo uma opera\u00e7\u00e3o suave e eficiente.<\/li>\n<li><strong>Sistemas de transporte<\/strong>:Usada em sistemas transportadores de gr\u00e3os, a caixa de engrenagens FMP-1001 auxilia na movimenta\u00e7\u00e3o de gr\u00e3os a granel por longas dist\u00e2ncias dentro de instala\u00e7\u00f5es de manuseio de gr\u00e3os, garantindo um fluxo consistente e confi\u00e1vel.<\/li>\n<li><strong>Carregamento e descarregamento de silos<\/strong>:A caixa de engrenagens FMP-1001 \u00e9 essencial para a opera\u00e7\u00e3o de sistemas de carga e descarga de silos, permitindo a transfer\u00eancia de gr\u00e3os de e para silos de armazenamento de forma eficiente e com risco m\u00ednimo de danos aos gr\u00e3os.<\/li>\n<li><strong>Secadores de gr\u00e3os<\/strong>:Em sistemas de secagem de gr\u00e3os, o FMP-1001 \u00e9 usado para acionar transportadores que transportam os gr\u00e3os atrav\u00e9s de unidades de secagem, garantindo que os gr\u00e3os sejam devidamente secos e movidos pelo processo.<\/li>\n<li><strong>Caminh\u00f5es de transporte de gr\u00e3os<\/strong>: A caixa de engrenagens pode ser integrada em caminh\u00f5es ou reboques de transporte de gr\u00e3os, melhorando o desempenho do sistema de descarga e tornando o processo de transporte mais eficiente.<\/li>\n<\/ol>\n<p><img loading=\"lazy\" decoding=\"async\" class=\"alignnone size-full wp-image-3096\" src=\"https:\/\/fmp-components.com\/wp-content\/uploads\/2025\/01\/Grain-Storage-Gearbox-28.webp\" alt=\"Caixa de engrenagens para armazenamento de gr\u00e3os\" width=\"1200\" height=\"950\" title=\"\" srcset=\"https:\/\/fmp-components.com\/wp-content\/uploads\/2025\/01\/Grain-Storage-Gearbox-28.webp 1200w, https:\/\/fmp-components.com\/wp-content\/uploads\/2025\/01\/Grain-Storage-Gearbox-28-980x776.webp 980w, https:\/\/fmp-components.com\/wp-content\/uploads\/2025\/01\/Grain-Storage-Gearbox-28-480x380.webp 480w\" sizes=\"(min-width: 0px) and (max-width: 480px) 480px, (min-width: 481px) and (max-width: 980px) 980px, (min-width: 981px) 1200px, 100vw\" \/><\/p>\n<h3>Sobre a FMP<\/h3>\n<p>Com sede na It\u00e1lia, a FMP \u00e9 uma fabricante renomada por sua expertise em projeto, desenvolvimento e produ\u00e7\u00e3o de caixas de engrenagens de alto desempenho, com foco principal em m\u00e1quinas agr\u00edcolas. Reconhecida por sua engenharia de precis\u00e3o, solu\u00e7\u00f5es inovadoras e confiabilidade inabal\u00e1vel, a FMP conquistou uma reputa\u00e7\u00e3o de confian\u00e7a nos setores agr\u00edcola e industrial. Nosso amplo portf\u00f3lio de produtos inclui caixas de engrenagens personalizadas para cortadores de grama, eixos de tomada de for\u00e7a e uma variedade de componentes essenciais, todos cuidadosamente projetados para atender \u00e0s necessidades espec\u00edficas de diversas aplica\u00e7\u00f5es.<\/p>\n<p>Na FMP, reconhecemos que cada cliente enfrenta desafios \u00fanicos. \u00c9 por isso que nos especializamos em fornecer solu\u00e7\u00f5es personalizadas \u2014 seja para componentes individuais ou sistemas totalmente integrados. Trabalhando em estreita colabora\u00e7\u00e3o com nossos clientes, garantimos que cada solu\u00e7\u00e3o n\u00e3o apenas atenda \u00e0s suas necessidades, mas tamb\u00e9m aprimore o desempenho e maximize o valor. Nosso compromisso em fornecer respostas profissionais e pontuais, al\u00e9m de orienta\u00e7\u00e3o especializada, garante que cada consulta seja tratada com precis\u00e3o, entregando consistentemente os melhores resultados.<\/p>\n<p>Priorizamos uma comunica\u00e7\u00e3o clara e cont\u00ednua durante todo o ciclo de desenvolvimento do produto. Nossa equipe dedicada trabalha em colabora\u00e7\u00e3o com os clientes para compreender plenamente suas necessidades e oferecer insights e recomenda\u00e7\u00f5es valiosas para alcan\u00e7ar os melhores resultados poss\u00edveis. Seja projetando produtos de ponta ou atendendo pedidos de rotina, a FMP est\u00e1 comprometida em entregar solu\u00e7\u00f5es de alta qualidade e engenharia de precis\u00e3o, dentro do prazo e com consist\u00eancia. Nosso objetivo \u00e9 superar consistentemente as expectativas dos clientes, fornecendo servi\u00e7os e resultados excepcionais em cada projeto.<\/p>\n<p>A qualidade \u00e9 a base de tudo o que fazemos na FMP. Seguimos os mais altos padr\u00f5es de fabrica\u00e7\u00e3o e implementamos rigorosos processos de controle de qualidade para garantir que cada produto n\u00e3o apenas atenda, mas tamb\u00e9m exceda, os padr\u00f5es da ind\u00fastria. Esse compromisso com a excel\u00eancia, aliado aos nossos valores fundamentais de integridade, trabalho em equipe e perseveran\u00e7a, nos permitiu construir relacionamentos duradouros e baseados na confian\u00e7a com clientes em quase 30 pa\u00edses ao redor do mundo.<\/p>\n<p>A FMP est\u00e1 sempre empenhada em firmar parcerias globais, oferecendo consultoria especializada e solu\u00e7\u00f5es personalizadas que atendam \u00e0s necessidades em constante evolu\u00e7\u00e3o de nossos clientes. Nosso objetivo \u00e9 construir relacionamentos duradouros e mutuamente ben\u00e9ficos que contribuam para o sucesso de cada projeto. Seja buscando solu\u00e7\u00f5es inovadoras para uma nova iniciativa ou precisando de suporte cont\u00ednuo para um sistema existente, a FMP est\u00e1 pronta para ajud\u00e1-lo a superar desafios t\u00e9cnicos e garantir seu sucesso cont\u00ednuo.<\/p>\n<p><img loading=\"lazy\" decoding=\"async\" class=\"alignnone wp-image-2695\" src=\"https:\/\/fmp-components.com\/wp-content\/uploads\/2025\/01\/agricultural-gearbox3.webp\" alt=\"caixa de engrenagens agr\u00edcolas\" width=\"1140\" height=\"1138\" title=\"\" srcset=\"https:\/\/fmp-components.com\/wp-content\/uploads\/2025\/01\/agricultural-gearbox3.webp 1140w, https:\/\/fmp-components.com\/wp-content\/uploads\/2025\/01\/agricultural-gearbox3-480x479.webp 480w\" sizes=\"(min-width: 0px) and (max-width: 480px) 480px, (min-width: 481px) 1140px, 100vw\" \/><\/p>\n<p>Autor: CX<\/p>","protected":false},"excerpt":{"rendered":"<p>Grain Transportation Gearbox FMP-1001 Dimension Grain Transportation Gearbox FMP-1001 Specifications Product Name Grain transportation gearbox Model EP-1001 Color Customization Material HT250 for housing, 20CrMnTi for gear shaft. Used Grain transportation transmission Advantages of Using Grain Transportation Gearbox FMP-1001 Enhanced Efficiency: The FMP-1001 Grain Transportation Gearbox is engineered for optimal power transmission, ensuring smooth and efficient [&hellip;]<\/p>","protected":false},"featured_media":3126,"comment_status":"open","ping_status":"closed","template":"","meta":{"_et_pb_use_builder":"","_et_pb_old_content":"","_et_gb_content_width":""},"product_brand":[],"product_cat":[74],"product_tag":[],"class_list":{"0":"post-3123","1":"product","2":"type-product","3":"status-publish","4":"has-post-thumbnail","6":"product_cat-grain-transportation-gearbox","8":"first","9":"instock","10":"shipping-taxable","11":"product-type-simple"},"_links":{"self":[{"href":"https:\/\/fmp-components.com\/pt\/wp-json\/wp\/v2\/product\/3123","targetHints":{"allow":["GET"]}}],"collection":[{"href":"https:\/\/fmp-components.com\/pt\/wp-json\/wp\/v2\/product"}],"about":[{"href":"https:\/\/fmp-components.com\/pt\/wp-json\/wp\/v2\/types\/product"}],"replies":[{"embeddable":true,"href":"https:\/\/fmp-components.com\/pt\/wp-json\/wp\/v2\/comments?post=3123"}],"wp:featuredmedia":[{"embeddable":true,"href":"https:\/\/fmp-components.com\/pt\/wp-json\/wp\/v2\/media\/3126"}],"wp:attachment":[{"href":"https:\/\/fmp-components.com\/pt\/wp-json\/wp\/v2\/media?parent=3123"}],"wp:term":[{"taxonomy":"product_brand","embeddable":true,"href":"https:\/\/fmp-components.com\/pt\/wp-json\/wp\/v2\/product_brand?post=3123"},{"taxonomy":"product_cat","embeddable":true,"href":"https:\/\/fmp-components.com\/pt\/wp-json\/wp\/v2\/product_cat?post=3123"},{"taxonomy":"product_tag","embeddable":true,"href":"https:\/\/fmp-components.com\/pt\/wp-json\/wp\/v2\/product_tag?post=3123"}],"curies":[{"name":"wp","href":"https:\/\/api.w.org\/{rel}","templated":true}]}}