{"id":3102,"date":"2025-01-05T01:11:31","date_gmt":"2025-01-05T01:11:31","guid":{"rendered":"https:\/\/fmp-components.com\/?page_id=8"},"modified":"2025-01-05T01:11:32","modified_gmt":"2025-01-05T01:11:32","slug":"l-series-40hp-grain-storage-gearbox-fmp-5490-for-agricultural-grain-storage","status":"publish","type":"product","link":"https:\/\/fmp-components.com\/pt\/product\/l-series-40hp-grain-storage-gearbox-fmp-5490-for-agricultural-grain-storage\/","title":{"rendered":"Caixa de engrenagens para armazenamento de gr\u00e3os s\u00e9rie L de 40 HP FMP-5490 para armazenamento de gr\u00e3os agr\u00edcolas"},"content":{"rendered":"<h2>Especifica\u00e7\u00f5es da caixa de engrenagens para armazenamento de gr\u00e3os FMP-5490<\/h2>\n<p><img loading=\"lazy\" decoding=\"async\" class=\"alignnone size-full wp-image-3104\" src=\"https:\/\/fmp-components.com\/wp-content\/uploads\/2025\/01\/Grain-Storage-Gearbox-FMP-5490-Dimension.webp\" alt=\"Caixa de engrenagens para armazenamento de gr\u00e3os FMP-5490-Dimens\u00e3o\" width=\"967\" height=\"714\" title=\"\" srcset=\"https:\/\/fmp-components.com\/wp-content\/uploads\/2025\/01\/Grain-Storage-Gearbox-FMP-5490-Dimension.webp 967w, https:\/\/fmp-components.com\/wp-content\/uploads\/2025\/01\/Grain-Storage-Gearbox-FMP-5490-Dimension-480x354.webp 480w\" sizes=\"(min-width: 0px) and (max-width: 480px) 480px, (min-width: 481px) 967px, 100vw\" \/><\/p>\n<table style=\"width: 93.3388%; height: 204px;\" border=\"1\" cellspacing=\"0\" cellpadding=\"0\">\n<tbody>\n<tr class=\"firstRow\">\n<td>Nome do produto<\/td>\n<td>Caixa de engrenagens de armazenamento de gr\u00e3os<\/td>\n<\/tr>\n<tr>\n<td>Material<\/td>\n<td>HT250 para carca\u00e7a, 20CrMnTi para eixo de engrenagem.<\/td>\n<\/tr>\n<tr>\n<td>Cor<\/td>\n<td>Personaliza\u00e7\u00e3o<\/td>\n<\/tr>\n<tr>\n<td>Peso<\/td>\n<td>21KG<\/td>\n<\/tr>\n<tr>\n<td>Raz\u00e3o<\/td>\n<td>1.5:1<\/td>\n<\/tr>\n<tr>\n<td>Poder<\/td>\n<td>40 HP<\/td>\n<\/tr>\n<tr>\n<td>Usado<\/td>\n<td>Armazenamento de gr\u00e3os<\/td>\n<\/tr>\n<\/tbody>\n<\/table>\n<h2>Benef\u00edcios do uso da caixa de engrenagens de armazenamento de gr\u00e3os da s\u00e9rie L para agricultura<\/h2>\n<p>A Caixa de Engrenagens para Armazenamento de Gr\u00e3os da S\u00e9rie L oferece diversos benef\u00edcios importantes para aplica\u00e7\u00f5es agr\u00edcolas, especialmente em sistemas de armazenamento de gr\u00e3os. Entre eles, destacam-se:<\/p>\n<p><strong>1. Durabilidade e Longevidade<\/strong><\/p>\n<ul>\n<li>As caixas de engrenagens da S\u00e9rie L s\u00e3o projetadas para suportar as condi\u00e7\u00f5es exigentes dos ambientes agr\u00edcolas. Constru\u00eddas com materiais de alta qualidade, s\u00e3o resistentes ao desgaste, oferecendo desempenho duradouro em sistemas de armazenamento de gr\u00e3os que operam sob cargas pesadas e uso cont\u00ednuo.<\/li>\n<\/ul>\n<p><strong>2. Alta Efici\u00eancia<\/strong><\/p>\n<ul>\n<li>Com engenharia de precis\u00e3o, as caixas de engrenagens da S\u00e9rie L proporcionam efici\u00eancia excepcional na transfer\u00eancia de pot\u00eancia. Isso resulta em uma opera\u00e7\u00e3o suave e confi\u00e1vel de equipamentos como transportadores de gr\u00e3os, brocas e elevadores, ajudando a otimizar o desempenho e reduzir o consumo de energia.<\/li>\n<\/ul>\n<p><strong>3. Design compacto e que economiza espa\u00e7o<\/strong><\/p>\n<ul>\n<li>O design compacto das caixas de engrenagens da S\u00e9rie L permite f\u00e1cil integra\u00e7\u00e3o em espa\u00e7os apertados dentro de sistemas de armazenamento de gr\u00e3os. Seu tamanho compacto garante que n\u00e3o ocupem espa\u00e7o desnecess\u00e1rio, ao mesmo tempo em que fornecem a pot\u00eancia necess\u00e1ria para o manuseio eficiente de gr\u00e3os.<\/li>\n<\/ul>\n<p><strong>4. Desempenho confi\u00e1vel em condi\u00e7\u00f5es adversas<\/strong><\/p>\n<ul>\n<li>Ambientes agr\u00edcolas podem ser hostis, com exposi\u00e7\u00e3o a poeira, umidade e temperaturas vari\u00e1veis. As caixas de engrenagens da S\u00e9rie L s\u00e3o projetadas para operar de forma confi\u00e1vel mesmo nessas condi\u00e7\u00f5es adversas, garantindo a opera\u00e7\u00e3o ininterrupta dos equipamentos de armazenamento de gr\u00e3os e minimizando o tempo de inatividade.<\/li>\n<\/ul>\n<p><strong>5. Op\u00e7\u00f5es de personaliza\u00e7\u00e3o<\/strong><\/p>\n<ul>\n<li>As caixas de engrenagens da S\u00e9rie L podem ser adaptadas para atender \u00e0s necessidades espec\u00edficas de diferentes sistemas de armazenamento de gr\u00e3os. Seja para capacidades variadas, requisitos operacionais exclusivos ou diferentes configura\u00e7\u00f5es de montagem, a FMP oferece solu\u00e7\u00f5es flex\u00edveis para garantir a compatibilidade com uma variedade de m\u00e1quinas agr\u00edcolas.<\/li>\n<\/ul>\n<p>Em resumo, a caixa de engrenagens para armazenamento de gr\u00e3os da s\u00e9rie L oferece durabilidade, efici\u00eancia e confiabilidade, tornando-a a escolha ideal para aplica\u00e7\u00f5es agr\u00edcolas nas quais os equipamentos de armazenamento e manuseio de gr\u00e3os devem funcionar sob condi\u00e7\u00f5es exigentes.<\/p>\n<p><img loading=\"lazy\" decoding=\"async\" class=\"alignnone size-full wp-image-3105\" src=\"https:\/\/fmp-components.com\/wp-content\/uploads\/2025\/01\/Grain-Storage-Gearbox-22.webp\" alt=\"Caixa de engrenagens para armazenamento de gr\u00e3os 22\" width=\"1060\" height=\"677\" title=\"\" srcset=\"https:\/\/fmp-components.com\/wp-content\/uploads\/2025\/01\/Grain-Storage-Gearbox-22.webp 1060w, https:\/\/fmp-components.com\/wp-content\/uploads\/2025\/01\/Grain-Storage-Gearbox-22-980x626.webp 980w, https:\/\/fmp-components.com\/wp-content\/uploads\/2025\/01\/Grain-Storage-Gearbox-22-480x307.webp 480w\" sizes=\"(min-width: 0px) and (max-width: 480px) 480px, (min-width: 481px) and (max-width: 980px) 980px, (min-width: 981px) 1060px, 100vw\" \/><\/p>\n<h2>Aplica\u00e7\u00f5es da caixa de engrenagens de armazenamento de gr\u00e3os da s\u00e9rie L para agricultura<\/h2>\n<p>A Caixa de Engrenagens para Armazenamento de Gr\u00e3os da S\u00e9rie L \u00e9 vers\u00e1til e pode ser utilizada em diversas aplica\u00e7\u00f5es agr\u00edcolas, principalmente em sistemas relacionados ao manuseio e armazenamento de gr\u00e3os. Algumas das principais aplica\u00e7\u00f5es incluem:<\/p>\n<p><strong>1. Elevadores de gr\u00e3os<\/strong><\/p>\n<ul>\n<li>A caixa de engrenagens da S\u00e9rie L \u00e9 amplamente utilizada em elevadores de gr\u00e3os, onde aciona o transporte vertical de gr\u00e3os de um n\u00edvel para outro. Sua confiabilidade e durabilidade garantem uma opera\u00e7\u00e3o suave, mesmo sob cargas pesadas, tornando-a ideal para elevar gr\u00e3os para silos ou silos de armazenamento.<\/li>\n<\/ul>\n<p><strong>2. Transportadores de gr\u00e3os<\/strong><\/p>\n<ul>\n<li>Em sistemas transportadores de gr\u00e3os, a caixa de engrenagens da S\u00e9rie L desempenha um papel fundamental na transfer\u00eancia de gr\u00e3os horizontalmente ou em inclina\u00e7\u00e3o. Ela garante o movimento eficiente e cont\u00ednuo de gr\u00e3os a granel de um local para outro, seja para carga, descarga ou armazenamento.<\/li>\n<\/ul>\n<p><strong>3. Trados de gr\u00e3os<\/strong><\/p>\n<ul>\n<li>A caixa de engrenagens da S\u00e9rie L \u00e9 comumente utilizada em sem-fins de gr\u00e3os, essenciais para movimentar gr\u00e3os de um lugar para outro, muitas vezes de silos para caminh\u00f5es ou \u00e1reas de armazenamento. A caixa de engrenagens fornece o torque e a confiabilidade necess\u00e1rios para uma opera\u00e7\u00e3o eficiente.<\/li>\n<\/ul>\n<p><strong>4. Equipamentos para manuseio de gr\u00e3os<\/strong><\/p>\n<ul>\n<li>A caixa de engrenagens da S\u00e9rie L \u00e9 um componente essencial em diversas outras m\u00e1quinas de manuseio de gr\u00e3os, incluindo aquelas utilizadas para mistura, classifica\u00e7\u00e3o e secagem. Sua estrutura robusta a torna ideal para opera\u00e7\u00f5es cont\u00ednuas e pesadas.<\/li>\n<\/ul>\n<p><strong>5. Varreduras de silos de gr\u00e3os<\/strong><\/p>\n<ul>\n<li>A caixa de engrenagens da S\u00e9rie L \u00e9 utilizada em varredores de silos de gr\u00e3os, que auxiliam na remo\u00e7\u00e3o de gr\u00e3os dos silos de armazenamento. Ela aciona o mecanismo de varredura, o que garante o esvaziamento eficiente dos gr\u00e3os dos silos, reduzindo a necessidade de trabalho manual.<\/li>\n<\/ul>\n<p>Em ess\u00eancia, a Caixa de Engrenagens para Armazenamento de Gr\u00e3os da S\u00e9rie L foi projetada para atender \u00e0s diversas demandas de armazenamento, manuseio e transporte de gr\u00e3os, garantindo solu\u00e7\u00f5es confi\u00e1veis, eficientes e econ\u00f4micas em opera\u00e7\u00f5es agr\u00edcolas. Seu desempenho robusto em uma variedade de aplica\u00e7\u00f5es ajuda a otimizar o fluxo de trabalho e aumentar a produtividade em todo o setor agr\u00edcola.<\/p>\n<p><img loading=\"lazy\" decoding=\"async\" class=\"alignnone size-full wp-image-3096\" src=\"https:\/\/fmp-components.com\/wp-content\/uploads\/2025\/01\/Grain-Storage-Gearbox-28.webp\" alt=\"Caixa de engrenagens para armazenamento de gr\u00e3os\" width=\"1200\" height=\"950\" title=\"\" srcset=\"https:\/\/fmp-components.com\/wp-content\/uploads\/2025\/01\/Grain-Storage-Gearbox-28.webp 1200w, https:\/\/fmp-components.com\/wp-content\/uploads\/2025\/01\/Grain-Storage-Gearbox-28-980x776.webp 980w, https:\/\/fmp-components.com\/wp-content\/uploads\/2025\/01\/Grain-Storage-Gearbox-28-480x380.webp 480w\" sizes=\"(min-width: 0px) and (max-width: 480px) 480px, (min-width: 481px) and (max-width: 980px) 980px, (min-width: 981px) 1200px, 100vw\" \/><\/p>\n<h2>Princ\u00edpio de funcionamento da caixa de engrenagens de armazenamento de gr\u00e3os da s\u00e9rie L para agricultura<\/h2>\n<p>A Caixa de Engrenagens para Armazenamento de Gr\u00e3os da S\u00e9rie L foi projetada para transferir pot\u00eancia com efici\u00eancia e fornecer o torque necess\u00e1rio para diversas aplica\u00e7\u00f5es agr\u00edcolas, especialmente em sistemas de armazenamento de gr\u00e3os. Abaixo, detalhamos o princ\u00edpio de funcionamento da caixa de engrenagens da S\u00e9rie L:<\/p>\n<p><strong>1. Entrada de energia<\/strong><\/p>\n<p>A caixa de engrenagens recebe energia de um motor prim\u00e1rio, normalmente um motor el\u00e9trico, um motor ou um sistema de tomada de for\u00e7a (PTO). Essa energia \u00e9 transmitida por meio de um eixo de entrada conectado ao motor de acionamento.<\/p>\n<p><strong>2. Transmiss\u00e3o de Movimento<\/strong><\/p>\n<p>A caixa de engrenagens da S\u00e9rie L \u00e9 projetada com m\u00faltiplas engrenagens que facilitam a transfer\u00eancia de energia rotacional do eixo de entrada para o eixo de sa\u00edda. \u00c0 medida que o eixo de entrada gira, ele engata nas engrenagens internas da caixa de engrenagens, que convertem o movimento rotacional no torque e na velocidade desejados para a aplica\u00e7\u00e3o.<\/p>\n<p><strong>3. Redu\u00e7\u00e3o de marcha<\/strong><\/p>\n<p>A caixa de engrenagens da S\u00e9rie L utiliza uma s\u00e9rie de redu\u00e7\u00f5es de marcha para reduzir a velocidade do eixo de entrada e, ao mesmo tempo, aumentar o torque de sa\u00edda. Essa redu\u00e7\u00e3o de velocidade permite uma opera\u00e7\u00e3o mais controlada e eficiente dos equipamentos que aciona, como transportadores, brocas e outras m\u00e1quinas de manuseio de gr\u00e3os.<\/p>\n<p><strong>4. Transmiss\u00e3o de torque<\/strong><\/p>\n<p>A caixa de engrenagens fornece torque ao eixo de sa\u00edda, que \u00e9 conectado diretamente \u00e0s m\u00e1quinas agr\u00edcolas, como elevadores de gr\u00e3os ou brocas. A caixa de engrenagens da S\u00e9rie L garante que o torque necess\u00e1rio seja fornecido sem sobrecarregar o motor ou outros componentes do sistema.<\/p>\n<p><strong>5. Convers\u00e3o de energia eficiente<\/strong><\/p>\n<p>A caixa de c\u00e2mbio da S\u00e9rie L \u00e9 projetada com engrenagens de alta efici\u00eancia que minimizam a perda de energia durante o processo de transmiss\u00e3o. Isso garante que uma parcela significativa da pot\u00eancia de entrada seja convertida em pot\u00eancia de sa\u00edda utiliz\u00e1vel, otimizando assim o consumo de combust\u00edvel ou o uso de eletricidade no sistema.<\/p>\n<p>Em resumo, a Caixa de Engrenagens para Armazenamento de Gr\u00e3os da S\u00e9rie L converte com efici\u00eancia a pot\u00eancia do motor ou da tomada de for\u00e7a, reduz a velocidade e aumenta o torque, proporcionando movimento suave e confi\u00e1vel ao equipamento agr\u00edcola conectado. Isso permite um desempenho ideal no manuseio e armazenamento de gr\u00e3os, tornando-se um componente essencial em muitas aplica\u00e7\u00f5es agr\u00edcolas.<\/p>\n<p><img loading=\"lazy\" decoding=\"async\" class=\"alignnone size-full wp-image-3106\" src=\"https:\/\/fmp-components.com\/wp-content\/uploads\/2025\/01\/Grain-Storage-Gearbox-13.webp\" alt=\"Caixa de engrenagens de armazenamento de gr\u00e3os 13\" width=\"1500\" height=\"1008\" title=\"\" srcset=\"https:\/\/fmp-components.com\/wp-content\/uploads\/2025\/01\/Grain-Storage-Gearbox-13.webp 1500w, https:\/\/fmp-components.com\/wp-content\/uploads\/2025\/01\/Grain-Storage-Gearbox-13-1280x860.webp 1280w, https:\/\/fmp-components.com\/wp-content\/uploads\/2025\/01\/Grain-Storage-Gearbox-13-980x659.webp 980w, https:\/\/fmp-components.com\/wp-content\/uploads\/2025\/01\/Grain-Storage-Gearbox-13-480x323.webp 480w\" sizes=\"(min-width: 0px) and (max-width: 480px) 480px, (min-width: 481px) and (max-width: 980px) 980px, (min-width: 981px) and (max-width: 1280px) 1280px, (min-width: 1281px) 1500px, 100vw\" \/><\/p>\n<h3>Sobre a FMP<\/h3>\n<p>Com sede na It\u00e1lia, a FMP \u00e9 uma fabricante l\u00edder, reconhecida por sua expertise em projeto, desenvolvimento e produ\u00e7\u00e3o de caixas de engrenagens de alto desempenho, com foco principal no setor de m\u00e1quinas agr\u00edcolas. Reconhecida por sua engenharia de precis\u00e3o, solu\u00e7\u00f5es inovadoras e confiabilidade inabal\u00e1vel, a FMP construiu uma s\u00f3lida reputa\u00e7\u00e3o como parceira de confian\u00e7a nos mercados agr\u00edcola e industrial. Nosso amplo portf\u00f3lio inclui caixas de engrenagens personalizadas para cortadores de grama, eixos de tomada de for\u00e7a e uma ampla variedade de componentes essenciais \u2014 cada um meticulosamente projetado para atender \u00e0s demandas espec\u00edficas de diversas aplica\u00e7\u00f5es.<\/p>\n<p>Na FMP, entendemos que cada cliente enfrenta desafios distintos. Essa compreens\u00e3o impulsiona nossa especializa\u00e7\u00e3o em fornecer solu\u00e7\u00f5es personalizadas, seja para componentes individuais ou sistemas totalmente integrados. Ao colaborarmos estreitamente com nossos clientes, garantimos que cada solu\u00e7\u00e3o n\u00e3o apenas atenda \u00e0s suas necessidades espec\u00edficas, mas tamb\u00e9m aprimore o desempenho e maximize o valor. Nosso compromisso com respostas profissionais e pontuais, al\u00e9m de orienta\u00e7\u00e3o especializada, garante que cada consulta seja tratada com precis\u00e3o, entregando consistentemente os melhores resultados.<\/p>\n<p>Damos grande import\u00e2ncia \u00e0 comunica\u00e7\u00e3o clara e cont\u00ednua durante todo o ciclo de desenvolvimento do produto. Nossa equipe dedicada trabalha em estreita colabora\u00e7\u00e3o com os clientes para compreender profundamente suas necessidades e fornecer insights e recomenda\u00e7\u00f5es valiosas que garantam os melhores resultados. Seja projetando produtos de ponta ou atendendo pedidos de rotina, a FMP est\u00e1 comprometida em entregar solu\u00e7\u00f5es de alta qualidade e engenharia de precis\u00e3o dentro do prazo, sempre. Nossa miss\u00e3o \u00e9 superar consistentemente as expectativas dos clientes, oferecendo servi\u00e7os e resultados excepcionais em cada projeto.<\/p>\n<p>A qualidade est\u00e1 no cerne das opera\u00e7\u00f5es da FMP. Seguimos os mais altos padr\u00f5es de fabrica\u00e7\u00e3o e implementamos rigorosos processos de controle de qualidade para garantir que cada produto n\u00e3o apenas atenda, mas tamb\u00e9m supere os padr\u00f5es do setor. Essa dedica\u00e7\u00e3o inabal\u00e1vel \u00e0 excel\u00eancia, aliada aos nossos valores fundamentais de integridade, trabalho em equipe e perseveran\u00e7a, nos permitiu construir relacionamentos duradouros e baseados na confian\u00e7a com clientes em quase 30 pa\u00edses ao redor do mundo.<\/p>\n<p>Na FMP, estamos sempre empenhados em cultivar parcerias globais, oferecendo consultoria especializada e solu\u00e7\u00f5es personalizadas que atendam \u00e0s necessidades em constante evolu\u00e7\u00e3o de nossos clientes. Nosso objetivo \u00e9 construir relacionamentos de longo prazo e mutuamente ben\u00e9ficos que contribuam para o sucesso de cada projeto. Seja para solu\u00e7\u00f5es inovadoras para uma nova iniciativa ou suporte cont\u00ednuo para um sistema existente, a FMP est\u00e1 pronta para ajud\u00e1-lo a superar desafios t\u00e9cnicos e garantir seu sucesso cont\u00ednuo.<\/p>\n<p><img loading=\"lazy\" decoding=\"async\" class=\"alignnone wp-image-2695\" src=\"https:\/\/fmp-components.com\/wp-content\/uploads\/2025\/01\/agricultural-gearbox3.webp\" alt=\"caixa de engrenagens agr\u00edcolas\" width=\"1140\" height=\"1138\" title=\"\" srcset=\"https:\/\/fmp-components.com\/wp-content\/uploads\/2025\/01\/agricultural-gearbox3.webp 1140w, https:\/\/fmp-components.com\/wp-content\/uploads\/2025\/01\/agricultural-gearbox3-480x479.webp 480w\" sizes=\"(min-width: 0px) and (max-width: 480px) 480px, (min-width: 481px) 1140px, 100vw\" \/><\/p>\n<p>Autor: CX<\/p>","protected":false},"excerpt":{"rendered":"<p>Grain Storage Gearbox FMP-5490 Specifications Product Name Grain storage gearbox Material HT250 for housing, 20CrMnTi for gear shaft. Color Customization Weight 21KG Ratio 1.5:1 Power 40HP Used Grain storage Benefits of Using the L Series Grain Storage Gearbox for Agricultural The L Series Grain Storage Gearbox offers several key benefits for agricultural applications, particularly in [&hellip;]<\/p>","protected":false},"featured_media":3103,"comment_status":"open","ping_status":"closed","template":"","meta":{"_et_pb_use_builder":"","_et_pb_old_content":"","_et_gb_content_width":""},"product_brand":[],"product_cat":[73],"product_tag":[],"class_list":{"0":"post-3102","1":"product","2":"type-product","3":"status-publish","4":"has-post-thumbnail","6":"product_cat-grain-storage-gearbox","8":"first","9":"instock","10":"shipping-taxable","11":"product-type-simple"},"_links":{"self":[{"href":"https:\/\/fmp-components.com\/pt\/wp-json\/wp\/v2\/product\/3102","targetHints":{"allow":["GET"]}}],"collection":[{"href":"https:\/\/fmp-components.com\/pt\/wp-json\/wp\/v2\/product"}],"about":[{"href":"https:\/\/fmp-components.com\/pt\/wp-json\/wp\/v2\/types\/product"}],"replies":[{"embeddable":true,"href":"https:\/\/fmp-components.com\/pt\/wp-json\/wp\/v2\/comments?post=3102"}],"wp:featuredmedia":[{"embeddable":true,"href":"https:\/\/fmp-components.com\/pt\/wp-json\/wp\/v2\/media\/3103"}],"wp:attachment":[{"href":"https:\/\/fmp-components.com\/pt\/wp-json\/wp\/v2\/media?parent=3102"}],"wp:term":[{"taxonomy":"product_brand","embeddable":true,"href":"https:\/\/fmp-components.com\/pt\/wp-json\/wp\/v2\/product_brand?post=3102"},{"taxonomy":"product_cat","embeddable":true,"href":"https:\/\/fmp-components.com\/pt\/wp-json\/wp\/v2\/product_cat?post=3102"},{"taxonomy":"product_tag","embeddable":true,"href":"https:\/\/fmp-components.com\/pt\/wp-json\/wp\/v2\/product_tag?post=3102"}],"curies":[{"name":"wp","href":"https:\/\/api.w.org\/{rel}","templated":true}]}}