{"id":3094,"date":"2025-01-05T00:29:23","date_gmt":"2025-01-05T00:29:23","guid":{"rendered":"https:\/\/fmp-components.com\/?page_id=8"},"modified":"2025-01-05T00:53:33","modified_gmt":"2025-01-05T00:53:33","slug":"t-series-grain-storage-gearbox-fmp-4090-for-agricultural-grain-storage","status":"publish","type":"product","link":"https:\/\/fmp-components.com\/pt\/product\/t-series-grain-storage-gearbox-fmp-4090-for-agricultural-grain-storage\/","title":{"rendered":"Caixa de engrenagens para armazenamento de gr\u00e3os da s\u00e9rie T FMP-4090 para armazenamento de gr\u00e3os agr\u00edcolas"},"content":{"rendered":"<h2>Especifica\u00e7\u00f5es da caixa de engrenagens para armazenamento de gr\u00e3os da s\u00e9rie T FMP-4090<\/h2>\n<table style=\"width: 97.8083%; height: 184px;\" border=\"1\" cellspacing=\"0\" cellpadding=\"0\">\n<tbody>\n<tr class=\"firstRow\">\n<td>Nome do produto<\/td>\n<td>Caixa de engrenagens de armazenamento de gr\u00e3os<\/td>\n<\/tr>\n<tr>\n<td>Material<\/td>\n<td>A380 para a carca\u00e7a, 40CrMnTi para o eixo da engrenagem.<\/td>\n<\/tr>\n<tr>\n<td>Cor<\/td>\n<td>Personalizado<\/td>\n<\/tr>\n<tr>\n<td>Raz\u00e3o<\/td>\n<td>1:35:1<\/td>\n<\/tr>\n<tr>\n<td>Pot\u00eancia de taxa<\/td>\n<td>45 HP<\/td>\n<\/tr>\n<tr>\n<td>Peso<\/td>\n<td>13,2 kg<\/td>\n<\/tr>\n<tr>\n<td>Usado<\/td>\n<td>Armazenamento de gr\u00e3os<\/td>\n<\/tr>\n<\/tbody>\n<\/table>\n<h2>Benef\u00edcios da utiliza\u00e7\u00e3o da caixa de engrenagens para armazenamento de gr\u00e3os da s\u00e9rie T na agricultura<\/h2>\n<p>A caixa de engrenagens para armazenamento de gr\u00e3os da S\u00e9rie T oferece in\u00fameras vantagens para aplica\u00e7\u00f5es agr\u00edcolas, principalmente em sistemas de armazenamento de gr\u00e3os. A seguir, os principais benef\u00edcios de usar essa caixa de engrenagens:<\/p>\n<p><strong>1. Maior durabilidade e confiabilidade<\/strong><\/p>\n<ul>\n<li>Desempenho duradouro: As caixas de engrenagens da S\u00e9rie T s\u00e3o constru\u00eddas com materiais robustos e engenharia de precis\u00e3o, garantindo sua resist\u00eancia \u00e0s condi\u00e7\u00f5es adversas t\u00edpicas de ambientes agr\u00edcolas. Essa durabilidade resulta em menos avarias e maior vida \u00fatil, reduzindo custos de manuten\u00e7\u00e3o e tempo de inatividade.<\/li>\n<\/ul>\n<p><strong>2. Alta Efici\u00eancia<\/strong><\/p>\n<ul>\n<li>Transmiss\u00e3o de pot\u00eancia otimizada: As caixas de engrenagens s\u00e3o projetadas para proporcionar uma transmiss\u00e3o de pot\u00eancia eficiente, garantindo o bom funcionamento de todo o sistema de manuseio e armazenamento de gr\u00e3os. Essa efici\u00eancia ajuda a reduzir o consumo de energia, diminuindo os custos operacionais e, ao mesmo tempo, mantendo o desempenho ideal.<\/li>\n<\/ul>\n<p><strong>3. Op\u00e7\u00f5es de personaliza\u00e7\u00e3o<\/strong><\/p>\n<ul>\n<li>Adaptada a necessidades espec\u00edficas: A S\u00e9rie T pode ser personalizada para atender \u00e0s demandas espec\u00edficas de diferentes aplica\u00e7\u00f5es de armazenamento de gr\u00e3os. Seja para opera\u00e7\u00f5es de pequena escala ou grandes instala\u00e7\u00f5es de armazenamento, esta caixa de engrenagens pode ser adaptada para atender a uma variedade de configura\u00e7\u00f5es e tamanhos de sistema.<\/li>\n<\/ul>\n<p><strong>4. Funcionamento suave<\/strong><\/p>\n<ul>\n<li>Redu\u00e7\u00e3o de Ru\u00eddo e Vibra\u00e7\u00e3o: O design e a constru\u00e7\u00e3o avan\u00e7ados da caixa de engrenagens da S\u00e9rie T minimizam o ru\u00eddo e as vibra\u00e7\u00f5es operacionais. Isso cria um ambiente de trabalho mais silencioso e est\u00e1vel, contribuindo para um melhor desempenho geral do sistema.<\/li>\n<\/ul>\n<p><strong>5. Manuseio de gr\u00e3os aprimorado<\/strong><\/p>\n<ul>\n<li>Opera\u00e7\u00e3o consistente: Com transmiss\u00e3o de pot\u00eancia confi\u00e1vel e controle preciso, a caixa de engrenagens da S\u00e9rie T garante a opera\u00e7\u00e3o consistente e uniforme de equipamentos de manuseio de gr\u00e3os, como transportadores e roscas transportadoras. Isso ajuda a evitar danos aos gr\u00e3os e garante seu armazenamento eficiente.<\/li>\n<\/ul>\n<p>A utiliza\u00e7\u00e3o da caixa de engrenagens para armazenamento de gr\u00e3os da S\u00e9rie T em aplica\u00e7\u00f5es agr\u00edcolas aumenta a efici\u00eancia, reduz os custos operacionais e prolonga a vida \u00fatil do equipamento, mantendo alta confiabilidade e baixos requisitos de manuten\u00e7\u00e3o. Esses benef\u00edcios a tornam uma excelente escolha para qualquer instala\u00e7\u00e3o moderna de armazenamento de gr\u00e3os, garantindo opera\u00e7\u00f5es mais suaves e maior retorno sobre o investimento.<\/p>\n<table style=\"border-collapse: collapse; width: 102.065%; height: 354px;\" border=\"0\" width=\"128\" cellspacing=\"0\" cellpadding=\"0\">\n<tbody>\n<tr style=\"height: 13.8pt;\">\n<td style=\"height: 13.8pt; width: 48.318%;\" align=\"right\" width=\"64\" height=\"18\"><img loading=\"lazy\" decoding=\"async\" class=\"alignnone size-full wp-image-3099\" src=\"https:\/\/fmp-components.com\/wp-content\/uploads\/2025\/01\/T-Series-Grain-Storage-Gearbox-for-Agricultural-1.webp\" alt=\"Caixa de engrenagens para armazenamento de gr\u00e3os\" width=\"1000\" height=\"623\" title=\"\" srcset=\"https:\/\/fmp-components.com\/wp-content\/uploads\/2025\/01\/T-Series-Grain-Storage-Gearbox-for-Agricultural-1.webp 1000w, https:\/\/fmp-components.com\/wp-content\/uploads\/2025\/01\/T-Series-Grain-Storage-Gearbox-for-Agricultural-1-980x611.webp 980w, https:\/\/fmp-components.com\/wp-content\/uploads\/2025\/01\/T-Series-Grain-Storage-Gearbox-for-Agricultural-1-480x299.webp 480w\" sizes=\"(min-width: 0px) and (max-width: 480px) 480px, (min-width: 481px) and (max-width: 980px) 980px, (min-width: 981px) 1000px, 100vw\" \/><\/td>\n<td style=\"width: 51.58%;\" align=\"right\" width=\"64\"><img loading=\"lazy\" decoding=\"async\" class=\"alignnone size-full wp-image-3101\" src=\"https:\/\/fmp-components.com\/wp-content\/uploads\/2025\/01\/Grain-Storage-Gearbox-21.webp\" alt=\"Caixa de engrenagens para armazenamento de gr\u00e3os\" width=\"946\" height=\"551\" title=\"\" srcset=\"https:\/\/fmp-components.com\/wp-content\/uploads\/2025\/01\/Grain-Storage-Gearbox-21.webp 946w, https:\/\/fmp-components.com\/wp-content\/uploads\/2025\/01\/Grain-Storage-Gearbox-21-480x280.webp 480w\" sizes=\"(min-width: 0px) and (max-width: 480px) 480px, (min-width: 481px) 946px, 100vw\" \/><\/td>\n<\/tr>\n<\/tbody>\n<\/table>\n<h2>Aplica\u00e7\u00f5es da caixa de engrenagens para armazenamento de gr\u00e3os da s\u00e9rie T na agricultura<\/h2>\n<p>A caixa de engrenagens para armazenamento de gr\u00e3os da S\u00e9rie T \u00e9 amplamente utilizada em diversas aplica\u00e7\u00f5es agr\u00edcolas, principalmente aquelas relacionadas ao manuseio e armazenamento de gr\u00e3os. Seu design robusto e sua efici\u00eancia a tornam um componente essencial em muitas opera\u00e7\u00f5es agr\u00edcolas. A seguir, algumas das principais aplica\u00e7\u00f5es da caixa de engrenagens para armazenamento de gr\u00e3os da S\u00e9rie T:<\/p>\n<p><strong>1. Sistemas de transporte de gr\u00e3os<\/strong><\/p>\n<ul>\n<li>Fun\u00e7\u00e3o: A caixa de engrenagens aciona esteiras transportadoras que levam os gr\u00e3os de um local para outro dentro dos armaz\u00e9ns ou entre diferentes etapas de processamento.<\/li>\n<li>Aplica\u00e7\u00e3o: Utilizada em elevadores de canecas, transportadores horizontais e transportadores inclinados, a caixa de engrenagens da S\u00e9rie T garante uma movimenta\u00e7\u00e3o suave e eficiente dos gr\u00e3os, reduzindo o risco de travamentos e atrasos.<\/li>\n<\/ul>\n<p><strong>2. Rosca transportadora de gr\u00e3os<\/strong><\/p>\n<ul>\n<li>Fun\u00e7\u00e3o: Os transportadores helicoidais s\u00e3o comumente usados \u200b\u200bpara carregar e descarregar gr\u00e3os de caminh\u00f5es ou silos. A caixa de engrenagens da S\u00e9rie T aciona o sistema de transporte helicoidal, garantindo um fluxo de gr\u00e3os confi\u00e1vel e cont\u00ednuo.<\/li>\n<li>Aplica\u00e7\u00e3o: A caixa de engrenagens garante rota\u00e7\u00e3o consistente e controle ideal, evitando bloqueios e minimizando o desgaste do sistema de rosca sem-fim, melhorando assim a efici\u00eancia operacional.<\/li>\n<\/ul>\n<p><strong>3. Sistemas de Secagem de Gr\u00e3os<\/strong><\/p>\n<ul>\n<li>Fun\u00e7\u00e3o: Em secadores de gr\u00e3os, a caixa de engrenagens aciona o tambor rotativo ou os sistemas de esteiras transportadoras que fazem o gr\u00e3o circular para uma secagem uniforme.<\/li>\n<li>Aplica\u00e7\u00e3o: Ao fornecer o torque necess\u00e1rio, a caixa de engrenagens da S\u00e9rie T garante uma secagem eficiente e eficaz, crucial para manter a qualidade dos gr\u00e3os e reduzir o teor de umidade.<\/li>\n<\/ul>\n<p><strong>4. Opera\u00e7\u00f5es de silos de armazenamento de gr\u00e3os<\/strong><\/p>\n<ul>\n<li>Fun\u00e7\u00e3o: A caixa de engrenagens da S\u00e9rie T aciona diversos mecanismos dentro de silos de gr\u00e3os, incluindo sistemas de aera\u00e7\u00e3o, roscas de descarga e transportadores.<\/li>\n<li>Aplica\u00e7\u00e3o: Garante a movimenta\u00e7\u00e3o suave e confi\u00e1vel de gr\u00e3os para dentro e para fora dos silos, proporcionando melhores condi\u00e7\u00f5es de armazenamento e reduzindo o potencial de deteriora\u00e7\u00e3o devido \u00e0 m\u00e1 aera\u00e7\u00e3o.<\/li>\n<\/ul>\n<p><strong>5. Equipamentos para limpeza e sele\u00e7\u00e3o de gr\u00e3os<\/strong><\/p>\n<ul>\n<li>Fun\u00e7\u00e3o: A caixa de engrenagens \u00e9 usada para acionar os motores de m\u00e1quinas de limpeza e classifica\u00e7\u00e3o, como peneiras vibrat\u00f3rias, limpadoras e classificadoras, que s\u00e3o utilizadas para preparar gr\u00e3os para armazenamento ou venda.<\/li>\n<li>Aplica\u00e7\u00e3o: Gra\u00e7as \u00e0 sua eficiente transmiss\u00e3o de pot\u00eancia, a caixa de engrenagens da S\u00e9rie T garante um desempenho consistente dos equipamentos de limpeza, ajudando a remover impurezas e assegurando que apenas gr\u00e3os de alta qualidade sejam armazenados ou enviados.<\/li>\n<\/ul>\n<p>A caixa de engrenagens para armazenamento de gr\u00e3os da S\u00e9rie T \u00e9 um componente indispens\u00e1vel em muitos processos agr\u00edcolas, proporcionando transmiss\u00e3o de pot\u00eancia confi\u00e1vel e eficiente para diversos sistemas de manuseio, processamento e armazenamento de gr\u00e3os. Sua versatilidade, efici\u00eancia e durabilidade a tornam ideal para transporte, secagem, classifica\u00e7\u00e3o, moagem e outras aplica\u00e7\u00f5es agr\u00edcolas, garantindo o bom funcionamento em uma ampla gama de processos.<\/p>\n<p><img loading=\"lazy\" decoding=\"async\" class=\"alignnone size-full wp-image-3096\" src=\"https:\/\/fmp-components.com\/wp-content\/uploads\/2025\/01\/Grain-Storage-Gearbox-28.webp\" alt=\"Caixa de engrenagens para armazenamento de gr\u00e3os\" width=\"1200\" height=\"950\" title=\"\" srcset=\"https:\/\/fmp-components.com\/wp-content\/uploads\/2025\/01\/Grain-Storage-Gearbox-28.webp 1200w, https:\/\/fmp-components.com\/wp-content\/uploads\/2025\/01\/Grain-Storage-Gearbox-28-980x776.webp 980w, https:\/\/fmp-components.com\/wp-content\/uploads\/2025\/01\/Grain-Storage-Gearbox-28-480x380.webp 480w\" sizes=\"(min-width: 0px) and (max-width: 480px) 480px, (min-width: 481px) and (max-width: 980px) 980px, (min-width: 981px) 1200px, 100vw\" \/><\/p>\n<h2>Sobre a FMP<\/h2>\n<p>Com sede na It\u00e1lia, a FMP \u00e9 uma fabricante l\u00edder reconhecida por sua expertise em projetar, desenvolver e produzir caixas de engrenagens de alto desempenho, com foco principal no setor de m\u00e1quinas agr\u00edcolas. Conhecida por sua engenharia de precis\u00e3o, solu\u00e7\u00f5es inovadoras e confiabilidade inabal\u00e1vel, a FMP se consolidou como uma parceira de confian\u00e7a nos mercados agr\u00edcola e industrial. Nosso extenso portf\u00f3lio inclui caixas de engrenagens projetadas sob medida para cortadores de grama, eixos de tomada de for\u00e7a (TDF) e uma ampla gama de componentes cr\u00edticos, todos fabricados com meticulosa aten\u00e7\u00e3o aos detalhes para atender \u00e0s diversas necessidades de v\u00e1rias aplica\u00e7\u00f5es.<\/p>\n<p>Na FMP, reconhecemos que cada cliente enfrenta desafios \u00fanicos. \u00c9 por isso que nos especializamos em fornecer solu\u00e7\u00f5es personalizadas, seja para componentes individuais ou sistemas totalmente integrados. Trabalhando em estreita colabora\u00e7\u00e3o com nossos clientes, garantimos que cada solu\u00e7\u00e3o n\u00e3o apenas atenda \u00e0s suas necessidades espec\u00edficas, mas tamb\u00e9m aprimore o desempenho e maximize o valor. Nosso compromisso em fornecer respostas r\u00e1pidas e profissionais, al\u00e9m de orienta\u00e7\u00e3o especializada, garante que cada solicita\u00e7\u00e3o seja tratada com precis\u00e3o, sempre resultando em resultados otimizados.<\/p>\n<p>A comunica\u00e7\u00e3o clara e cont\u00ednua \u00e9 o pilar central da nossa abordagem em todo o ciclo de desenvolvimento de produtos. Nossa equipe dedicada colabora diretamente com os clientes para compreender profundamente suas necessidades, oferecendo insights valiosos e recomenda\u00e7\u00f5es para alcan\u00e7ar os melhores resultados. Seja projetando produtos de ponta ou atendendo a pedidos de rotina, a FMP mant\u00e9m o compromisso de entregar solu\u00e7\u00f5es de alta qualidade e engenharia de precis\u00e3o, sempre dentro do prazo. Nossa miss\u00e3o \u00e9 superar consistentemente as expectativas dos clientes, fornecendo um servi\u00e7o excepcional e resultados extraordin\u00e1rios em cada projeto.<\/p>\n<p>A qualidade \u00e9 fundamental em tudo o que fazemos na FMP. Aderimos aos mais altos padr\u00f5es de fabrica\u00e7\u00e3o e implementamos medidas rigorosas de controle de qualidade para garantir que cada produto n\u00e3o apenas atenda, mas muitas vezes supere os padr\u00f5es da ind\u00fastria. Esse compromisso com a excel\u00eancia, aliado aos nossos valores essenciais de integridade, trabalho em equipe e perseveran\u00e7a, nos permitiu construir relacionamentos de longo prazo e baseados na confian\u00e7a com clientes em quase 30 pa\u00edses em todo o mundo.<\/p>\n<p>A FMP est\u00e1 sempre empenhada em fomentar parcerias globais, oferecendo consultoria especializada e solu\u00e7\u00f5es personalizadas para atender \u00e0s necessidades em constante evolu\u00e7\u00e3o de nossos clientes. Nos dedicamos a construir relacionamentos de longo prazo e mutuamente ben\u00e9ficos que impulsionem o sucesso de cada projeto. Seja para encontrar solu\u00e7\u00f5es inovadoras para um novo empreendimento ou para obter suporte cont\u00ednuo para um sistema existente, a FMP est\u00e1 aqui para ajudar a superar desafios t\u00e9cnicos e garantir o seu sucesso cont\u00ednuo.<\/p>\n<p><img loading=\"lazy\" decoding=\"async\" class=\"alignnone wp-image-2695\" src=\"https:\/\/fmp-components.com\/wp-content\/uploads\/2025\/01\/agricultural-gearbox3.webp\" alt=\"caixa de engrenagens agr\u00edcolas\" width=\"1140\" height=\"1138\" title=\"\" srcset=\"https:\/\/fmp-components.com\/wp-content\/uploads\/2025\/01\/agricultural-gearbox3.webp 1140w, https:\/\/fmp-components.com\/wp-content\/uploads\/2025\/01\/agricultural-gearbox3-480x479.webp 480w\" sizes=\"(min-width: 0px) and (max-width: 480px) 480px, (min-width: 481px) 1140px, 100vw\" \/><\/p>\n<p>Autor: CX<\/p>","protected":false},"excerpt":{"rendered":"<p>T Series Grain Storage Gearbox FMP-4090 Specifications Product Name Grain storage gearbox Material A380 for housing, 40CrMnTi for gear shaft. Color Customized Ratio 1:35:1 Rate power 45HP Weight 13.2KG Used Grain storage Benefits of Using the T Series Grain Storage Gearbox for Agricultural The T Series Grain Storage Gearbox offers numerous advantages for agricultural applications, [&hellip;]<\/p>","protected":false},"featured_media":3098,"comment_status":"open","ping_status":"closed","template":"","meta":{"_et_pb_use_builder":"","_et_pb_old_content":"","_et_gb_content_width":""},"product_brand":[],"product_cat":[73],"product_tag":[],"class_list":{"0":"post-3094","1":"product","2":"type-product","3":"status-publish","4":"has-post-thumbnail","6":"product_cat-grain-storage-gearbox","8":"first","9":"instock","10":"shipping-taxable","11":"product-type-simple"},"_links":{"self":[{"href":"https:\/\/fmp-components.com\/pt\/wp-json\/wp\/v2\/product\/3094","targetHints":{"allow":["GET"]}}],"collection":[{"href":"https:\/\/fmp-components.com\/pt\/wp-json\/wp\/v2\/product"}],"about":[{"href":"https:\/\/fmp-components.com\/pt\/wp-json\/wp\/v2\/types\/product"}],"replies":[{"embeddable":true,"href":"https:\/\/fmp-components.com\/pt\/wp-json\/wp\/v2\/comments?post=3094"}],"wp:featuredmedia":[{"embeddable":true,"href":"https:\/\/fmp-components.com\/pt\/wp-json\/wp\/v2\/media\/3098"}],"wp:attachment":[{"href":"https:\/\/fmp-components.com\/pt\/wp-json\/wp\/v2\/media?parent=3094"}],"wp:term":[{"taxonomy":"product_brand","embeddable":true,"href":"https:\/\/fmp-components.com\/pt\/wp-json\/wp\/v2\/product_brand?post=3094"},{"taxonomy":"product_cat","embeddable":true,"href":"https:\/\/fmp-components.com\/pt\/wp-json\/wp\/v2\/product_cat?post=3094"},{"taxonomy":"product_tag","embeddable":true,"href":"https:\/\/fmp-components.com\/pt\/wp-json\/wp\/v2\/product_tag?post=3094"}],"curies":[{"name":"wp","href":"https:\/\/api.w.org\/{rel}","templated":true}]}}